{"id":11,"date":"2022-07-07T08:06:19","date_gmt":"2022-07-07T08:06:19","guid":{"rendered":"https:\/\/shuliywoodmachine.com\/?page_id=11"},"modified":"2022-07-18T09:11:44","modified_gmt":"2022-07-18T09:11:44","slug":"contact-us","status":"publish","type":"page","link":"https:\/\/shuliywoodmachine.com\/es\/contactenos\/","title":{"rendered":"Cont\u00e1ctenos"},"content":{"rendered":"<div class=\"wp-block-columns is-layout-flex wp-container-core-columns-is-layout-9d6595d7 wp-block-columns-is-layout-flex\"> <div class=\"wp-block-column is-layout-flow wp-block-column-is-layout-flow\"><\/div>    <div class=\"wp-block-column is-layout-flow wp-block-column-is-layout-flow\"> <h2 class=\"wp-block-heading\" id=\"h-shuliy-machinery-co-ltd\">Maquinaria Co., Ltd de Shuliy<\/h2>    <p>Correo electr\u00f3nico: info@shuliywoodmachine.com<\/p>    <p>WhatsApp\/Tel\/WeChat: +86 13673689272<\/p>    <p>Direcci\u00f3n: Plaza Zhengshang Jingkai, East Hanghai Road, ETDZ, Zhengzhou, Henan, China<\/p> <\/div> <\/div>    <div class=\"wp-block-columns is-layout-flex wp-container-core-columns-is-layout-9d6595d7 wp-block-columns-is-layout-flex\"> <div class=\"wp-block-column is-layout-flow wp-block-column-is-layout-flow\"> <div class=\"wp-block-columns is-layout-flex wp-container-core-columns-is-layout-9d6595d7 wp-block-columns-is-layout-flex\"> <div class=\"wp-block-column is-layout-flow wp-block-column-is-layout-flow\"> <div class=\"wp-block-columns is-layout-flex wp-container-core-columns-is-layout-9d6595d7 wp-block-columns-is-layout-flex\"> <div class=\"wp-block-column is-layout-flow wp-block-column-is-layout-flow\" style=\"flex-basis:100%\"><div class=\"wp-block-image\"> <figure class=\"aligncenter size-full\"><img loading=\"lazy\" decoding=\"async\" width=\"90\" height=\"86\" src=\"https:\/\/shuliywoodmachine.com\/wp-content\/uploads\/2022\/07\/CE.png\" alt=\"\" class=\"wp-image-473\" title=\"\"><\/figure> <\/div>   <h2 class=\"wp-block-heading\" id=\"h-ce-certificate\"><strong>certificado CE<\/strong><\/h2>    <p>Nuestros productos cuentan con certificados CE. Esto expresa claramente que nuestras m\u00e1quinas tienen la gran fuerza para competir en los mercados mundiales.<\/p> <\/div> <\/div> <\/div>    <div class=\"wp-block-column is-layout-flow wp-block-column-is-layout-flow\"> <div class=\"wp-block-columns is-layout-flex wp-container-core-columns-is-layout-9d6595d7 wp-block-columns-is-layout-flex\"> <div class=\"wp-block-column is-layout-flow wp-block-column-is-layout-flow\" style=\"flex-basis:100%\"><div class=\"wp-block-image\"> <figure class=\"aligncenter size-full\"><img loading=\"lazy\" decoding=\"async\" width=\"90\" height=\"86\" src=\"https:\/\/shuliywoodmachine.com\/wp-content\/uploads\/2022\/07\/24h-service.png\" alt=\"\" class=\"wp-image-474\" title=\"\"><\/figure> <\/div>   <h2 class=\"wp-block-heading\"><strong>tiempo de servicio 24\/7<\/strong><\/h2>    <p>Ofrecemos servicio en l\u00ednea las 24 horas y estamos en l\u00ednea durante los 7 d\u00edas de una semana. Siempre que venga a nosotros, podremos responderle muy pronto.<\/p> <\/div> <\/div> <\/div> <\/div> <\/div>    <div class=\"wp-block-column is-layout-flow wp-block-column-is-layout-flow\"> <div class=\"wp-block-columns is-layout-flex wp-container-core-columns-is-layout-9d6595d7 wp-block-columns-is-layout-flex\"> <div class=\"wp-block-column is-layout-flow wp-block-column-is-layout-flow\"> <div class=\"wp-block-columns is-layout-flex wp-container-core-columns-is-layout-9d6595d7 wp-block-columns-is-layout-flex\"> <div class=\"wp-block-column is-layout-flow wp-block-column-is-layout-flow\" style=\"flex-basis:100%\"><div class=\"wp-block-image\"> <figure class=\"aligncenter size-full\"><img loading=\"lazy\" decoding=\"async\" width=\"90\" height=\"86\" src=\"https:\/\/shuliywoodmachine.com\/wp-content\/uploads\/2022\/07\/HQ.png\" alt=\"\" class=\"wp-image-479\" title=\"\"><\/figure> <\/div>   <h2 class=\"wp-block-heading\"><strong>Alta calidad<\/strong><\/h2>    <p>Llevamos a cabo un conjunto de estrictos sistemas de control de calidad para monitorear y garantizar la calidad de la m\u00e1quina. Por ejemplo, adoptamos materias primas de alta calidad para fabricar la m\u00e1quina. Adem\u00e1s, nuestros clientes est\u00e1n satisfechos con nuestras m\u00e1quinas.<\/p> <\/div> <\/div> <\/div>    <div class=\"wp-block-column is-layout-flow wp-block-column-is-layout-flow\"> <div class=\"wp-block-columns is-layout-flex wp-container-core-columns-is-layout-9d6595d7 wp-block-columns-is-layout-flex\"> <div class=\"wp-block-column is-layout-flow wp-block-column-is-layout-flow\" style=\"flex-basis:100%\"><div class=\"wp-block-image\"> <figure class=\"aligncenter size-full\"><img loading=\"lazy\" decoding=\"async\" width=\"90\" height=\"86\" src=\"https:\/\/shuliywoodmachine.com\/wp-content\/uploads\/2022\/07\/Tech.png\" alt=\"\" class=\"wp-image-480\" title=\"\"><\/figure> <\/div>   <h2 class=\"wp-block-heading\"><strong>Apoyo t\u00e9cnico<\/strong><\/h2>    <p>Soporte de v\u00eddeo, gu\u00eda en l\u00ednea, manual, etc. Se adjunta a la m\u00e1quina una serie de soporte en l\u00ednea y fuera de l\u00ednea. Incluso, nuestro t\u00e9cnico puede visitar su sitio para ayudar seg\u00fan la situaci\u00f3n.<\/p> <\/div> <\/div> <\/div> <\/div> <\/div> <\/div>","protected":false},"excerpt":{"rendered":"<p>Shuliy Machinery Co., Ltd Email: info@shuliywoodmachine.com WhatsApp\/Tel\/WeChat: +86 13673689272 Address: Zhengshang Jingkai Square, East Hanghai Road, ETDZ, Zhengzhou, Henan, China CE certificate Our products have CE certificates. This strongly expresses our machines have the great strength to compete in the world markets. 24\/7 service time We offer 24h online service and are online for 7 [&hellip;]<\/p>\n","protected":false},"author":1,"featured_media":0,"parent":0,"menu_order":0,"comment_status":"closed","ping_status":"closed","template":"","meta":{"footnotes":""},"class_list":["post-11","page","type-page","status-publish","hentry"],"_links":{"self":[{"href":"https:\/\/shuliywoodmachine.com\/es\/wp-json\/wp\/v2\/pages\/11","targetHints":{"allow":["GET"]}}],"collection":[{"href":"https:\/\/shuliywoodmachine.com\/es\/wp-json\/wp\/v2\/pages"}],"about":[{"href":"https:\/\/shuliywoodmachine.com\/es\/wp-json\/wp\/v2\/types\/page"}],"author":[{"embeddable":true,"href":"https:\/\/shuliywoodmachine.com\/es\/wp-json\/wp\/v2\/users\/1"}],"replies":[{"embeddable":true,"href":"https:\/\/shuliywoodmachine.com\/es\/wp-json\/wp\/v2\/comments?post=11"}],"version-history":[{"count":0,"href":"https:\/\/shuliywoodmachine.com\/es\/wp-json\/wp\/v2\/pages\/11\/revisions"}],"wp:attachment":[{"href":"https:\/\/shuliywoodmachine.com\/es\/wp-json\/wp\/v2\/media?parent=11"}],"curies":[{"name":"wp","href":"https:\/\/api.w.org\/{rel}","templated":true}]}}