{"id":8,"date":"2022-07-07T08:06:07","date_gmt":"2022-07-07T08:06:07","guid":{"rendered":"https:\/\/shuliywoodmachine.com\/?page_id=8"},"modified":"2022-09-21T07:57:37","modified_gmt":"2022-09-21T07:57:37","slug":"about-us","status":"publish","type":"page","link":"https:\/\/shuliywoodmachine.com\/es\/about-us\/","title":{"rendered":"Sobre nosotros"},"content":{"rendered":"<h2 class=\"wp-block-heading\"><strong><em>QUIENES SOMOS<\/em><\/strong><\/h2>    <div class=\"wp-block-media-text alignwide is-stacked-on-mobile\"><figure class=\"wp-block-media-text__media\"><img loading=\"lazy\" decoding=\"async\" width=\"1024\" height=\"536\" src=\"https:\/\/shuliywoodmachine.com\/wp-content\/uploads\/2022\/07\/shuliy-machinery-1024x536.jpg\" alt=\"\" class=\"wp-image-22 size-full\" title=\"\" srcset=\"https:\/\/shuliywoodmachine.com\/wp-content\/uploads\/2022\/07\/shuliy-machinery-1024x536.jpg 1024w, https:\/\/shuliywoodmachine.com\/wp-content\/uploads\/2022\/07\/shuliy-machinery-300x157.jpg 300w, https:\/\/shuliywoodmachine.com\/wp-content\/uploads\/2022\/07\/shuliy-machinery-768x402.jpg 768w, https:\/\/shuliywoodmachine.com\/wp-content\/uploads\/2022\/07\/shuliy-machinery.jpg 1352w\" sizes=\"auto, (max-width: 1024px) 100vw, 1024px\" \/><\/figure><div class=\"wp-block-media-text__content\"> <p class=\"has-text-align-left\">Shuliy Machinery es muy famosa en la industria de las m\u00e1quinas para madera y se construye desde hace m\u00e1s de 20 a\u00f1os.<\/p>    <p class=\"translation-block\">Considerando el principio de \"llevar la m\u00e1quina a cada rinc\u00f3n del mundo\", somos expertos en esta industria de la madera. Nuestros productos incluyen: <strong><em><a href=\"https:\/\/shuliywoodmachine.com\/es\/products\/wood-debarker\/\" target=\"_blank\" rel=\"noreferrer noopener\">desbastador de madera<\/a><\/em><\/strong>, <strong><em><a href=\"https:\/\/shuliywoodmachine.com\/es\/products\/saw-mill\/\" target=\"_blank\" rel=\"noreferrer noopener\">aserradero<\/a><\/em><\/strong>, <strong><em><a href=\"https:\/\/shuliywoodmachine.com\/es\/product\/maquina-de-afeitar-para-madera\/\" target=\"_blank\" rel=\"noreferrer noopener\">m\u00e1quina de virutas de madera<\/a><\/em><\/strong>, <strong><em><a href=\"https:\/\/shuliywoodmachine.com\/es\/products\/wood-crusher\/\" target=\"_blank\" rel=\"noreferrer noopener\">trituradora de madera<\/a><\/em><\/strong>, <a href=\"https:\/\/shuliywoodmachine.com\/es\/products\/wood-chipper\/\" target=\"_blank\" rel=\"noreferrer noopener\">m<strong><em>\u00e1quina de astillas de madera<\/em><\/strong><\/a>, etc. Son conocidos mundialmente por su excelente calidad, potentes funciones y gran adaptabilidad.<\/p>    <p><\/p> <\/div><\/div>    <div class=\"wp-block-media-text alignwide has-media-on-the-right is-stacked-on-mobile\"><figure class=\"wp-block-media-text__media\"><img loading=\"lazy\" decoding=\"async\" width=\"1024\" height=\"486\" src=\"https:\/\/shuliywoodmachine.com\/wp-content\/uploads\/2022\/07\/global-market.webp\" alt=\"mercado global\" class=\"wp-image-608 size-full\" title=\"\" srcset=\"https:\/\/shuliywoodmachine.com\/wp-content\/uploads\/2022\/07\/global-market.webp 1024w, https:\/\/shuliywoodmachine.com\/wp-content\/uploads\/2022\/07\/global-market-300x142.webp 300w, https:\/\/shuliywoodmachine.com\/wp-content\/uploads\/2022\/07\/global-market-768x365.webp 768w\" sizes=\"auto, (max-width: 1024px) 100vw, 1024px\" \/><\/figure><div class=\"wp-block-media-text__content\"> <p class=\"translation-block\">Nuestras m\u00e1quinas de madera se exportan a m\u00e1s de 100 pa\u00edses. Como la madera est\u00e1 disponible en todo el mundo, las personas que trabajan en el \u00e1rea de la madera son nuestros clientes potenciales. Actualmente, nuestras m\u00e1quinas de madera se han vendido a <strong>EE. UU., pa\u00edses europeos, Sud\u00e1frica, Australia, Malasia, But\u00e1n, Ucrania, EAU, Botsuana, Eslovaquia, Roma, Filipinas, Canad\u00e1, Turkmenist\u00e1n, Arabia Saudita, <\/strong>y otros.<\/p> <\/div><\/div>    <p><\/p>    <h2 class=\"wp-block-heading\"><strong><em>POR QU\u00c9 ELEGIRNOS<\/em><\/strong><\/h2>    <div class=\"wp-block-media-text alignwide has-media-on-the-right is-stacked-on-mobile\"><figure class=\"wp-block-media-text__media\"><img loading=\"lazy\" decoding=\"async\" width=\"548\" height=\"513\" src=\"https:\/\/shuliywoodmachine.com\/wp-content\/uploads\/2022\/07\/our-advanatges.jpg\" alt=\"\" class=\"wp-image-38 size-full\" title=\"\" srcset=\"https:\/\/shuliywoodmachine.com\/wp-content\/uploads\/2022\/07\/our-advanatges.jpg 548w, https:\/\/shuliywoodmachine.com\/wp-content\/uploads\/2022\/07\/our-advanatges-300x281.jpg 300w\" sizes=\"auto, (max-width: 548px) 100vw, 548px\" \/><\/figure><div class=\"wp-block-media-text__content\"> <blockquote class=\"wp-block-quote is-layout-flow wp-block-quote-is-layout-flow\"><p class=\"translation-block\"><strong>Excelente y profesional conocimiento<\/strong>. Nuestro gerente de ventas tiene el conocimiento rico y suficiente para proporcionar la soluci\u00f3n perfecta que cumpla con sus demandas.<\/p><p><\/p><p class=\"translation-block\"><strong>Calidad superior<\/strong>. En cuanto a la m\u00e1quina en s\u00ed, tiene una calidad \u00fanica gracias a nuestro estricto sistema de control de calidad. En otras palabras, suministramos una m\u00e1quina de buena calidad para facilitar su negocio.<\/p><p><\/p><p class=\"translation-block\"><strong>Servicio postventa considerado<\/strong>. Despu\u00e9s de vender las m\u00e1quinas, el servicio postventa tambi\u00e9n es importante. Inevitablemente, habr\u00e1 m\u00e1s o menos problemas durante el uso de la m\u00e1quina. Nuestro personal podr\u00e1 responder a sus preguntas desde un punto de vista h\u00e1bil y profesional.<\/p><\/blockquote> <\/div><\/div>    <h2 class=\"has-text-align-left wp-block-heading\" id=\"h-honor\"><strong><em>HONOR<\/em><\/strong><\/h2>    <p>Shuliy Machinery es popular en casa y a bordo, y cuenta con muchos certificados. Por ejemplo, \u00a0\u00a0se enumera a continuaci\u00f3n:<\/p>    <p><\/p>    <figure class=\"wp-block-image size-large\"><img loading=\"lazy\" decoding=\"async\" width=\"1024\" height=\"323\" src=\"https:\/\/shuliywoodmachine.com\/wp-content\/uploads\/2022\/07\/certificate-1024x323.jpg\" alt=\"certificado\" class=\"wp-image-42\" title=\"\" srcset=\"https:\/\/shuliywoodmachine.com\/wp-content\/uploads\/2022\/07\/certificate-1024x323.jpg 1024w, https:\/\/shuliywoodmachine.com\/wp-content\/uploads\/2022\/07\/certificate-300x95.jpg 300w, https:\/\/shuliywoodmachine.com\/wp-content\/uploads\/2022\/07\/certificate-768x243.jpg 768w, https:\/\/shuliywoodmachine.com\/wp-content\/uploads\/2022\/07\/certificate-1536x485.jpg 1536w, https:\/\/shuliywoodmachine.com\/wp-content\/uploads\/2022\/07\/certificate.jpg 1900w\" sizes=\"auto, (max-width: 1024px) 100vw, 1024px\" \/><figcaption>Certificado<\/figcaption><\/figure>    <h2 class=\"wp-block-heading\" id=\"h-customer-feedback\"><strong>COMENTARIOS DE LOS CLIENTES<\/strong><\/h2>    <p>Nuestros clientes de todo el mundo recibieron nuestra m\u00e1quina para madera y nos env\u00edan buenas cr\u00edticas. Y tambi\u00e9n expresaron que quer\u00edan cooperar con nosotros (Shuliy Machinery) nuevamente si hubiera alguna posibilidad en el futuro. <\/p>   <div class=\"wp-block-image\"> <figure class=\"aligncenter size-full\"><img loading=\"lazy\" decoding=\"async\" width=\"540\" height=\"540\" src=\"https:\/\/shuliywoodmachine.com\/wp-content\/uploads\/2022\/07\/customer-feedback.webp\" alt=\"comentarios de los clientes\" class=\"wp-image-492\" title=\"\" srcset=\"https:\/\/shuliywoodmachine.com\/wp-content\/uploads\/2022\/07\/customer-feedback.webp 540w, https:\/\/shuliywoodmachine.com\/wp-content\/uploads\/2022\/07\/customer-feedback-150x150.webp 150w, https:\/\/shuliywoodmachine.com\/wp-content\/uploads\/2022\/07\/customer-feedback-300x300.webp 300w\" sizes=\"auto, (max-width: 540px) 100vw, 540px\" \/><figcaption>comentarios de los clientes<\/figcaption><\/figure> <\/div>   <p><\/p>","protected":false},"excerpt":{"rendered":"<p>WHO ARE WE Shuliy Machinery is very famous in the wood machine industry and built for more than 20 years. Considering the \u201cbring the machine to every corner of the world\u201d&nbsp;as the principle, we are deeply expertised in this wood industry. Our products include: wood derbarker, saw mill, wood shaving machine, wood crusher, wood chipper, [&hellip;]<\/p>\n","protected":false},"author":1,"featured_media":22,"parent":0,"menu_order":0,"comment_status":"closed","ping_status":"closed","template":"","meta":{"footnotes":""},"class_list":["post-8","page","type-page","status-publish","has-post-thumbnail","hentry"],"_links":{"self":[{"href":"https:\/\/shuliywoodmachine.com\/es\/wp-json\/wp\/v2\/pages\/8","targetHints":{"allow":["GET"]}}],"collection":[{"href":"https:\/\/shuliywoodmachine.com\/es\/wp-json\/wp\/v2\/pages"}],"about":[{"href":"https:\/\/shuliywoodmachine.com\/es\/wp-json\/wp\/v2\/types\/page"}],"author":[{"embeddable":true,"href":"https:\/\/shuliywoodmachine.com\/es\/wp-json\/wp\/v2\/users\/1"}],"replies":[{"embeddable":true,"href":"https:\/\/shuliywoodmachine.com\/es\/wp-json\/wp\/v2\/comments?post=8"}],"version-history":[{"count":0,"href":"https:\/\/shuliywoodmachine.com\/es\/wp-json\/wp\/v2\/pages\/8\/revisions"}],"wp:featuredmedia":[{"embeddable":true,"href":"https:\/\/shuliywoodmachine.com\/es\/wp-json\/wp\/v2\/media\/22"}],"wp:attachment":[{"href":"https:\/\/shuliywoodmachine.com\/es\/wp-json\/wp\/v2\/media?parent=8"}],"curies":[{"name":"wp","href":"https:\/\/api.w.org\/{rel}","templated":true}]}}