{"id":1078,"date":"2022-11-17T14:59:24","date_gmt":"2022-11-17T06:59:24","guid":{"rendered":"https:\/\/shuliywoodmachine.com\/?post_type=product&#038;p=1078"},"modified":"2022-11-28T17:30:34","modified_gmt":"2022-11-28T09:30:34","slug":"biomass-pellet-making-machine","status":"publish","type":"product","link":"https:\/\/shuliywoodmachine.com\/es\/product\/maquina-para-fabricar-pellets-de-biomasa\/","title":{"rendered":"M\u00e1quina para fabricar pellets de biomasa"},"content":{"rendered":"<h2 class=\"wp-block-heading\"><strong>Principio de funcionamiento de la m\u00e1quina para fabricar pellets de biomasa.<\/strong><\/h2>    <div class=\"wp-block-media-text alignwide is-stacked-on-mobile\"><figure class=\"wp-block-media-text__media\"><img loading=\"lazy\" decoding=\"async\" width=\"720\" height=\"540\" src=\"https:\/\/shuliywoodmachine.com\/wp-content\/uploads\/2022\/11\/core-part-of-biomass-pellet-machine.webp\" alt=\"N\u00facleo-parte-de-la-m\u00e1quina-de-pellets-de-biomasa\" class=\"wp-image-1100 size-full\" title=\"\" srcset=\"https:\/\/shuliywoodmachine.com\/wp-content\/uploads\/2022\/11\/core-part-of-biomass-pellet-machine.webp 720w, https:\/\/shuliywoodmachine.com\/wp-content\/uploads\/2022\/11\/core-part-of-biomass-pellet-machine-300x225.webp 300w\" sizes=\"auto, (max-width: 720px) 100vw, 720px\" \/><\/figure><div class=\"wp-block-media-text__content\"> <p>La m\u00e1quina de pellets de madera produce pellets de biomasa de alta calidad dependiendo del rodillo prensador y del troquel. La fricci\u00f3n y la presi\u00f3n entre estas piezas pueden elevar la temperatura y luego las materias primas (generalmente polvo) se convierten en gr\u00e1nulos.  <\/p>    <p>Luego, los productos (gr\u00e1nulos) saldr\u00e1n del orificio de la matriz y tambi\u00e9n, bajo la funci\u00f3n de la extrusi\u00f3n, formar\u00e1n la forma del cilindro. <\/p>    <p>Finalmente, los productos ser\u00e1n cortados por la cuchilla en la longitud esperada y luego descargados a trav\u00e9s de la salida. <\/p> <\/div><\/div>    <h2 class=\"wp-block-heading\"><strong>Ventajas de la m\u00e1quina para fabricar pellets de biomasa.<\/strong><\/h2>    <ol class=\"wp-block-list\"> <li>Se pueden utilizar dos dispositivos de alimentaci\u00f3n. Este tipo de m\u00e1quina para fabricar pellets de biomasa puede utilizar un motor el\u00e9ctrico o un motor di\u00e9sel como potencia para respaldar el trabajo de la m\u00e1quina.<\/li>    <li>Estructura sencilla y granulaci\u00f3n conveniente, muy adecuada para clientes que desean producir pellets de madera.<\/li>    <li>Amplia adaptabilidad, peque\u00f1a superficie, bajo nivel de ruido y funcionamiento estable.<\/li>    <li>Los pellets de madera de biomasa producidos por esta m\u00e1quina de fabricaci\u00f3n de pellets de biomasa tienen aplicaciones importantes para calefacci\u00f3n dom\u00e9stica, uso industrial y tambi\u00e9n como combustible para plantas de energ\u00eda.<\/li> <\/ol>   <div class=\"wp-block-image\"> <figure class=\"aligncenter size-full\"><img loading=\"lazy\" decoding=\"async\" width=\"720\" height=\"350\" src=\"https:\/\/shuliywoodmachine.com\/wp-content\/uploads\/2022\/11\/sawdust-pellet-machine-in-stock.webp\" alt=\"M\u00e1quina de pellets de aserr\u00edn en stock\" class=\"wp-image-1113\" title=\"\" srcset=\"https:\/\/shuliywoodmachine.com\/wp-content\/uploads\/2022\/11\/sawdust-pellet-machine-in-stock.webp 720w, https:\/\/shuliywoodmachine.com\/wp-content\/uploads\/2022\/11\/sawdust-pellet-machine-in-stock-300x146.webp 300w\" sizes=\"auto, (max-width: 720px) 100vw, 720px\" \/><figcaption class=\"wp-element-caption\">M\u00e1quina de pellets de aserr\u00edn en stock<\/figcaption><\/figure> <\/div>   <h2 class=\"wp-block-heading\"><strong>\u00bfC\u00f3mo iniciar una l\u00ednea de producci\u00f3n de pellets de biomasa?<\/strong><\/h2>    <p class=\"translation-block\"> Como <a href=\"https:\/\/shuliywoodmachine.com\/es\/\" target=\"_blank\" rel=\"noreferrer noopener\">fabricante y proveedor profesional de m\u00e1quinas de madera<\/a>, no solo tenemos la m\u00e1quina de molino de pellets de madera, sino tambi\u00e9n la astilladora de madera, la m\u00e1quina trituradora de madera, <a href=\"https:\/\/shuliywoodmachine.com\/es\/product\/maquina-de-afeitar-para-madera\/\" target=\"_blank\" rel=\"noreferrer noopener\">m\u00e1quina de afilado de madera<\/a>, la m\u00e1quina de fabricaci\u00f3n de bloques de madera, etc. Definitivamente, en nuestra maquinaria Shuliy, puedes equipar todas las m\u00e1quinas y equipos auxiliares que desees. Para esta l\u00ednea de producci\u00f3n de pellets de madera, si deseas mejorar extremadamente la eficiencia de trabajo, podemos aconsejarte una l\u00ednea de producci\u00f3n con gran practicidad. Incluye la cinta transportadora, el mezclador, el tanque, etc.<\/p>   <div class=\"wp-block-image\"> <figure class=\"aligncenter size-full\"><img loading=\"lazy\" decoding=\"async\" width=\"720\" height=\"540\" src=\"https:\/\/shuliywoodmachine.com\/wp-content\/uploads\/2022\/11\/wood-pellet-production-line.webp\" alt=\"l\u00ednea de producci\u00f3n de pellets de madera\" class=\"wp-image-1101\" title=\"\" srcset=\"https:\/\/shuliywoodmachine.com\/wp-content\/uploads\/2022\/11\/wood-pellet-production-line.webp 720w, https:\/\/shuliywoodmachine.com\/wp-content\/uploads\/2022\/11\/wood-pellet-production-line-300x225.webp 300w\" sizes=\"auto, (max-width: 720px) 100vw, 720px\" \/><figcaption class=\"wp-element-caption\">l\u00ednea de producci\u00f3n de pellets de madera<\/figcaption><\/figure> <\/div>   <h2 class=\"wp-block-heading\"><strong>La brillante perspectiva de la <a href=\"https:\/\/en.wikipedia.org\/wiki\/Pellet_fuel\" target=\"_blank\" rel=\"noreferrer noopener\">pellets de madera de biomasa<\/a><\/strong><\/h2>    <ol class=\"wp-block-list\"> <li>Como tema candente de la bioenerg\u00eda en el mundo, se ha desarrollado una tendencia. Y los pellets de biomasa son f\u00e1ciles de producir y utilizar en masa. Adem\u00e1s, es muy c\u00f3modo de usar.<\/li>    <li>En comparaci\u00f3n con el combustible tradicional, los pellets de madera de biomasa, como nuevo tipo de biomasa, es muy econ\u00f3mico y tiene beneficios ambientales, que est\u00e1n totalmente en l\u00ednea con los requisitos del desarrollo sostenible.<\/li>    <li>Los pellets de biomasa tienen la ventaja de una alta eficiencia de combusti\u00f3n, facilidad de combusti\u00f3n y menos residuos de carbono, en comparaci\u00f3n con el carb\u00f3n.<\/li>    <li>Bajo contenido de componentes de gases nocivos, menores emisiones de gases nocivos, con beneficios medioambientales.<\/li>    <li>Los pellets de madera tambi\u00e9n pueden utilizarse como alimento para cabras, pollos, conejos, cerdos, etc. <\/li> <\/ol>   <div class=\"wp-block-image\"> <figure class=\"aligncenter size-full\"><img loading=\"lazy\" decoding=\"async\" width=\"720\" height=\"540\" src=\"https:\/\/shuliywoodmachine.com\/wp-content\/uploads\/2022\/11\/biomass-wood-pellets.webp\" alt=\"pellets de madera de biomasa\" class=\"wp-image-1104\" title=\"\" srcset=\"https:\/\/shuliywoodmachine.com\/wp-content\/uploads\/2022\/11\/biomass-wood-pellets.webp 720w, https:\/\/shuliywoodmachine.com\/wp-content\/uploads\/2022\/11\/biomass-wood-pellets-300x225.webp 300w\" sizes=\"auto, (max-width: 720px) 100vw, 720px\" \/><figcaption class=\"wp-element-caption\">pellets de madera de biomasa<\/figcaption><\/figure> <\/div>   <p>Por tanto, los pellets de madera de biomasa tienen amplias perspectivas. Si desea invertir en este negocio, es un buen comienzo para usted. Puede informarle a nuestro gerente de ventas sus requisitos y nuestro gerente de ventas profesional le brindar\u00e1 asesoramiento experto para facilitar su negocio. <\/p>    <h2 class=\"wp-block-heading\"><strong>M\u00e1quina para fabricar pellets de biomasa a la venta.<\/strong><\/h2>    <p>La m\u00e1quina de pellets de biomasa Shuliy es de buena calidad y bajo precio. Es una m\u00e1quina rentable. Adem\u00e1s, nuestra m\u00e1quina para fabricar pellets de madera de biomasa se actualiza constantemente, se mantiene al d\u00eda con las necesidades del desarrollo del mercado, vende m\u00e1quinas de alta calidad para nuestros clientes y contribuye a los negocios de nuestros clientes.<\/p>    <figure class=\"wp-block-gallery aligncenter has-nested-images columns-default is-cropped wp-block-gallery-2 is-layout-flex wp-block-gallery-is-layout-flex\"> <figure class=\"wp-block-image size-large\"><img loading=\"lazy\" decoding=\"async\" width=\"540\" height=\"720\" data-id=\"1118\" src=\"https:\/\/shuliywoodmachine.com\/wp-content\/uploads\/2022\/11\/biomass-pellets-making-machine.webp\" alt=\"maquina-para-fabricar-pellets-de-biomasa\" class=\"wp-image-1118\" title=\"\" srcset=\"https:\/\/shuliywoodmachine.com\/wp-content\/uploads\/2022\/11\/biomass-pellets-making-machine.webp 540w, https:\/\/shuliywoodmachine.com\/wp-content\/uploads\/2022\/11\/biomass-pellets-making-machine-225x300.webp 225w\" sizes=\"auto, (max-width: 540px) 100vw, 540px\" \/><figcaption class=\"wp-element-caption\">M\u00e1quina para fabricar pellets de biomasa<\/figcaption><\/figure>    <figure class=\"wp-block-image size-large\"><img loading=\"lazy\" decoding=\"async\" width=\"540\" height=\"720\" data-id=\"1119\" src=\"https:\/\/shuliywoodmachine.com\/wp-content\/uploads\/2022\/11\/wood-pellets-making-machine.webp\" alt=\"maquina-para-fabricar-pellets-de-madera\" class=\"wp-image-1119\" title=\"\" srcset=\"https:\/\/shuliywoodmachine.com\/wp-content\/uploads\/2022\/11\/wood-pellets-making-machine.webp 540w, https:\/\/shuliywoodmachine.com\/wp-content\/uploads\/2022\/11\/wood-pellets-making-machine-225x300.webp 225w\" sizes=\"auto, (max-width: 540px) 100vw, 540px\" \/><figcaption class=\"wp-element-caption\">M\u00e1quina para fabricar pellets de madera<\/figcaption><\/figure> <\/figure>    <h2 class=\"wp-block-heading\"><strong>Casos de \u00e9xito de la peletizadora de biomasa<\/strong><\/h2>    <p>Esta m\u00e1quina para fabricar pellets de biomasa es muy popular entre los clientes y a menudo se exporta a pa\u00edses extranjeros, como Indonesia. Especialmente ahora, con la llegada del invierno, la demanda de combustible de biomasa est\u00e1 aumentando, por lo que la demanda del granulador de biomasa Shuliy est\u00e1 aumentando. Ahora tenemos existencias en la f\u00e1brica y, al exportar, primero empaquetaremos la m\u00e1quina para fabricar pellets con cajas de madera para evitar da\u00f1os a la m\u00e1quina durante el transporte. Si es necesario, \u00a1bienvenido a contactarnos!<\/p>    <figure class=\"wp-block-gallery aligncenter has-nested-images columns-default is-cropped wp-block-gallery-3 is-layout-flex wp-block-gallery-is-layout-flex\"> <figure class=\"wp-block-image size-large\"><img loading=\"lazy\" decoding=\"async\" width=\"720\" height=\"540\" data-id=\"1120\" src=\"https:\/\/shuliywoodmachine.com\/wp-content\/uploads\/2022\/11\/biomass-pellet-making-machine-manufacturer.webp\" alt=\"fabricante de m\u00e1quinas para fabricar pellets de biomasa\" class=\"wp-image-1120\" title=\"\" srcset=\"https:\/\/shuliywoodmachine.com\/wp-content\/uploads\/2022\/11\/biomass-pellet-making-machine-manufacturer.webp 720w, https:\/\/shuliywoodmachine.com\/wp-content\/uploads\/2022\/11\/biomass-pellet-making-machine-manufacturer-300x225.webp 300w\" sizes=\"auto, (max-width: 720px) 100vw, 720px\" \/><figcaption class=\"wp-element-caption\">Fabricante de m\u00e1quinas para fabricar pellets de biomasa<\/figcaption><\/figure>    <figure class=\"wp-block-image size-large\"><img loading=\"lazy\" decoding=\"async\" width=\"720\" height=\"540\" data-id=\"1121\" src=\"https:\/\/shuliywoodmachine.com\/wp-content\/uploads\/2022\/11\/pack-wood-pellets-making-machine.webp\" alt=\"empacar la m\u00e1quina para fabricar pellets de madera\" class=\"wp-image-1121\" title=\"\" srcset=\"https:\/\/shuliywoodmachine.com\/wp-content\/uploads\/2022\/11\/pack-wood-pellets-making-machine.webp 720w, https:\/\/shuliywoodmachine.com\/wp-content\/uploads\/2022\/11\/pack-wood-pellets-making-machine-300x225.webp 300w\" sizes=\"auto, (max-width: 720px) 100vw, 720px\" \/><figcaption class=\"wp-element-caption\">M\u00e1quina para fabricar pellets de madera<\/figcaption><\/figure> <\/figure>    <h2 class=\"wp-block-heading\"><strong>Par\u00e1metros t\u00e9cnicos de la m\u00e1quina para fabricar pellets de biomasa.<\/strong><\/h2>    <figure class=\"wp-block-table\"><table><tbody><tr><td>Modelo<\/td><td>SL-300<\/td><td>SL-400<\/td><td>SL-450<\/td><\/tr><tr><td>Potencia (kW)<\/td><td>22+0.37<\/td><td>37+0.37<\/td><td>55+0.37<\/td><\/tr><tr><td>Producci\u00f3n (kg\/h)<\/td><td>150-300<\/td><td>200-500<\/td><td>300-700<\/td><\/tr><\/tbody><\/table><\/figure>    <p>Este tipo de m\u00e1quina para fabricar pellets de biomasa tiene la m\u00e1quina individual y la l\u00ednea completa de producci\u00f3n de pellets de biomasa disponibles para su elecci\u00f3n. Simplemente indique sus requisitos y nuestro gerente de ventas le brindar\u00e1 la mejor soluci\u00f3n. <\/p>    <h2 class=\"wp-block-heading\"><strong>V\u00eddeo de la m\u00e1quina para fabricar pellets de biomasa de Shuliy<\/strong><\/h2>    <figure class=\"wp-block-embed is-type-video is-provider-youtube wp-block-embed-youtube wp-embed-aspect-16-9 wp-has-aspect-ratio\"><div class=\"wp-block-embed__wrapper\"> <iframe loading=\"lazy\" title=\"M\u00e1quina de pellets de madera de biomasa | Fabricante de pellets de madera para producci\u00f3n dom\u00e9stica e industrial #biomasspellets\" width=\"500\" height=\"281\" src=\"https:\/\/www.youtube.com\/embed\/h-daUNjUgwM?feature=oembed\" frameborder=\"0\" allow=\"accelerometer; autoplay; clipboard-write; encrypted-media; gyroscope; picture-in-picture; web-share\" referrerpolicy=\"strict-origin-when-cross-origin\" allowfullscreen><\/iframe> <\/div><\/figure>","protected":false},"excerpt":{"rendered":"<p>Working principle of the biomass pellet making machine The wood pellet machine produces high-quality biomass pellets depending on the press roller and die. The friction and pressure between these parts can make the temperature high, and then the raw materials (generally powder) are made into pellets. Then the products(pellets) will come out from the die [&hellip;]<\/p>\n","protected":false},"author":1,"featured_media":1088,"parent":0,"template":"","tags":[88,90,89],"product-type":[91],"class_list":["post-1078","product","type-product","status-publish","has-post-thumbnail","hentry","tag-biomass-pellet-making-machine","tag-wood-pellet-machine","tag-wood-pellet-mill","product-type-wood-pellet-machine"],"_links":{"self":[{"href":"https:\/\/shuliywoodmachine.com\/es\/wp-json\/wp\/v2\/product\/1078","targetHints":{"allow":["GET"]}}],"collection":[{"href":"https:\/\/shuliywoodmachine.com\/es\/wp-json\/wp\/v2\/product"}],"about":[{"href":"https:\/\/shuliywoodmachine.com\/es\/wp-json\/wp\/v2\/types\/product"}],"author":[{"embeddable":true,"href":"https:\/\/shuliywoodmachine.com\/es\/wp-json\/wp\/v2\/users\/1"}],"wp:featuredmedia":[{"embeddable":true,"href":"https:\/\/shuliywoodmachine.com\/es\/wp-json\/wp\/v2\/media\/1088"}],"wp:attachment":[{"href":"https:\/\/shuliywoodmachine.com\/es\/wp-json\/wp\/v2\/media?parent=1078"}],"wp:term":[{"taxonomy":"post_tag","embeddable":true,"href":"https:\/\/shuliywoodmachine.com\/es\/wp-json\/wp\/v2\/tags?post=1078"},{"taxonomy":"product-type","embeddable":true,"href":"https:\/\/shuliywoodmachine.com\/es\/wp-json\/wp\/v2\/product-type?post=1078"}],"curies":[{"name":"wp","href":"https:\/\/api.w.org\/{rel}","templated":true}]}}