{"id":1135,"date":"2022-11-22T16:30:41","date_gmt":"2022-11-22T08:30:41","guid":{"rendered":"https:\/\/shuliywoodmachine.com\/?post_type=product&#038;p=1135"},"modified":"2025-06-20T14:26:09","modified_gmt":"2025-06-20T06:26:09","slug":"wood-pellet-machine","status":"publish","type":"product","link":"https:\/\/shuliywoodmachine.com\/es\/product\/maquina-de-pellets-de-madera\/","title":{"rendered":"M\u00e1quina de pellets de madera"},"content":{"rendered":"<p class=\"translation-block\">Una m\u00e1quina de pellets de madera es una m\u00e1quina ideal dise\u00f1ada espec\u00edficamente para producir varios tipos de pellets, que es una peletizadora anular. Los pellets producidos se pueden usar como alimento para animales o como combustible de biomasa, combustible para la generaci\u00f3n de energ\u00eda, etc. De hecho, con la misma funci\u00f3n, tambi\u00e9n existe la <a href=\"https:\/\/shuliywoodmachine.com\/es\/product\/maquina-para-fabricar-pellets-de-biomasa\/\" target=\"_blank\" rel=\"noreferrer noopener\">m\u00e1quina peletizadora de madera<\/a>, ambas realizan la producci\u00f3n de pellets. \u00a1Si est\u00e1 interesado, bienvenido a contactarnos para m\u00e1s detalles! Y nuestro gerente de ventas le ofrecer\u00e1 una excelente soluci\u00f3n para facilitar su negocio.<\/p>    <figure class=\"wp-block-embed is-type-video is-provider-youtube wp-block-embed-youtube wp-embed-aspect-16-9 wp-has-aspect-ratio\"><div class=\"wp-block-embed__wrapper\"> <iframe loading=\"lazy\" title=\"M\u00e1quina de pellet de biomasa eficiente de aserr\u00edn de madera como combustibles de biomasa, combusti\u00f3n industrial\" width=\"500\" height=\"281\" src=\"https:\/\/www.youtube.com\/embed\/Dkj1ubxD4F0?feature=oembed\" frameborder=\"0\" allow=\"accelerometer; autoplay; clipboard-write; encrypted-media; gyroscope; picture-in-picture; web-share\" referrerpolicy=\"strict-origin-when-cross-origin\" allowfullscreen><\/iframe> <\/div><figcaption class=\"wp-element-caption\">fabricante de pellets de madera<\/figcaption><\/figure>    <h2 class=\"wp-block-heading\"><strong>Una breve introducci\u00f3n a la m\u00e1quina industrial de pellets de madera.<\/strong><\/h2>    <p class=\"has-text-align-left\">La m\u00e1quina de pellets de astillas de madera Shuliy est\u00e1 constantemente innovando y mejorando, adapt\u00e1ndose a las necesidades del mercado y de nuestros clientes. Este molino de pellets de astillas de madera que ofrecemos es en realidad de forma anular y tiene una mayor capacidad. Adem\u00e1s de esto, este molino de pellets de biomasa es m\u00e1s rentable y utiliza materiales de alta calidad para la producci\u00f3n de la m\u00e1quina. Adem\u00e1s, esta m\u00e1quina se puede combinar con otras m\u00e1quinas para formar una gran l\u00ednea de producci\u00f3n de pellets que satisfaga las necesidades de diferentes clientes.<\/p>    <figure class=\"wp-block-gallery aligncenter has-nested-images columns-default is-cropped wp-block-gallery-2 is-layout-flex wp-block-gallery-is-layout-flex\"> <figure class=\"wp-block-image size-large\"><img loading=\"lazy\" decoding=\"async\" width=\"720\" height=\"540\" data-id=\"1182\" src=\"https:\/\/shuliywoodmachine.com\/wp-content\/uploads\/2022\/11\/biomass-wood-pellet-machine.webp\" alt=\"m\u00e1quina de pellets de madera de biomasa\" class=\"wp-image-1182\" title=\"\" srcset=\"https:\/\/shuliywoodmachine.com\/wp-content\/uploads\/2022\/11\/biomass-wood-pellet-machine.webp 720w, https:\/\/shuliywoodmachine.com\/wp-content\/uploads\/2022\/11\/biomass-wood-pellet-machine-300x225.webp 300w\" sizes=\"auto, (max-width: 720px) 100vw, 720px\" \/><figcaption class=\"wp-element-caption\">M\u00e1quina de pellets de madera de biomasa<\/figcaption><\/figure>    <figure class=\"wp-block-image size-large\"><img loading=\"lazy\" decoding=\"async\" width=\"720\" height=\"540\" data-id=\"1183\" src=\"https:\/\/shuliywoodmachine.com\/wp-content\/uploads\/2022\/11\/wood-pellets-making-machine-1.webp\" alt=\"m\u00e1quina para fabricar pellets de madera\" class=\"wp-image-1183\" title=\"\" srcset=\"https:\/\/shuliywoodmachine.com\/wp-content\/uploads\/2022\/11\/wood-pellets-making-machine-1.webp 720w, https:\/\/shuliywoodmachine.com\/wp-content\/uploads\/2022\/11\/wood-pellets-making-machine-1-300x225.webp 300w\" sizes=\"auto, (max-width: 720px) 100vw, 720px\" \/><figcaption class=\"wp-element-caption\">M\u00e1quina para fabricar pellets de madera<\/figcaption><\/figure> <\/figure>    <p>Normalmente, la m\u00e1quina fabricadora de pellets de madera juega un papel muy importante en el sector industrial. Si desea invertir en este tipo de producci\u00f3n de pellets de madera, primero puede comprar una m\u00e1quina individual para la producci\u00f3n. Posteriormente, si desea ampliar la escala de producci\u00f3n, puede contactarnos para la compra de diversas instalaciones auxiliares.<\/p>    <h2 class=\"wp-block-heading\"><strong>Materias primas para la fabricaci\u00f3n de pellets de madera.<\/strong><\/h2>    <p class=\"translation-block\">La producci\u00f3n de pellets de madera puede utilizar varios tipos de materias primas. Las materias primas incluyen, entre otras, c\u00e1scaras de molino de arroz\/ma\u00edz, c\u00e1scaras de man\u00ed, tallos de algod\u00f3n, astillas de madera, virutas de madera, serr\u00edn de <a href=\"https:\/\/shuliywoodmachine.com\/es\/product\/maquina-de-aserradero-de-madera\/\" target=\"_blank\" rel=\"noreferrer noopener\">aserradero<\/a>, paja de trigo, c\u00e1scaras de coco, tallos de ma\u00edz, polvo de bamb\u00fa, ramas, corteza de \u00e1rbol, variedad de melones y frutas, c\u00e1scaras de semillas de girasol, madera, etc. \u00a1Si tiene alguna duda, p\u00f3ngase en contacto con nosotros para obtener una clasificaci\u00f3n!<\/p>    <figure class=\"wp-block-gallery aligncenter has-nested-images columns-default is-cropped wp-block-gallery-3 is-layout-flex wp-block-gallery-is-layout-flex\"> <figure class=\"wp-block-image size-large\"><img loading=\"lazy\" decoding=\"async\" width=\"720\" height=\"540\" data-id=\"1140\" src=\"https:\/\/shuliywoodmachine.com\/wp-content\/uploads\/2022\/11\/raw-materials-for-wood-pellets.webp\" alt=\"Materias primas para pellets de madera.\" class=\"wp-image-1140\" title=\"\" srcset=\"https:\/\/shuliywoodmachine.com\/wp-content\/uploads\/2022\/11\/raw-materials-for-wood-pellets.webp 720w, https:\/\/shuliywoodmachine.com\/wp-content\/uploads\/2022\/11\/raw-materials-for-wood-pellets-300x225.webp 300w\" sizes=\"auto, (max-width: 720px) 100vw, 720px\" \/><figcaption class=\"wp-element-caption\">Materias primas para pellets de madera<\/figcaption><\/figure>    <figure class=\"wp-block-image size-large\"><img loading=\"lazy\" decoding=\"async\" width=\"720\" height=\"540\" data-id=\"1185\" src=\"https:\/\/shuliywoodmachine.com\/wp-content\/uploads\/2022\/11\/various-wood-pellets.webp\" alt=\"varios pellets de madera\" class=\"wp-image-1185\" title=\"\" srcset=\"https:\/\/shuliywoodmachine.com\/wp-content\/uploads\/2022\/11\/various-wood-pellets.webp 720w, https:\/\/shuliywoodmachine.com\/wp-content\/uploads\/2022\/11\/various-wood-pellets-300x225.webp 300w\" sizes=\"auto, (max-width: 720px) 100vw, 720px\" \/><figcaption class=\"wp-element-caption\">Varios pellets de madera<\/figcaption><\/figure> <\/figure>    <p class=\"translation-block\"><strong>Nota: condiciones generales para la producci\u00f3n de pellets de madera<\/strong><\/p>    <p>Al producir pellets de madera, el tama\u00f1o de esas materias primas debe ser inferior a 1 cm y la humedad debe ser inferior a 15%. <\/p>    <h2 class=\"wp-block-heading\"><strong>Aplicaciones de <a href=\"https:\/\/en.wikipedia.org\/wiki\/Biomass\" target=\"_blank\" rel=\"noreferrer noopener\">pellets de biomasa de madera<\/a><\/strong><\/h2>    <p>Los pellets de madera producidos se pueden utilizar como alimento para animales o como diversos combustibles. Estos pellets de madera se pueden utilizar para uso dom\u00e9stico, calderas industriales, plantas de energ\u00eda, plantas qu\u00edmicas, industria alimentaria, equipos de procesamiento de madera, plantas de fertilizantes, etc. Si est\u00e1 involucrado en una industria relacionada y est\u00e1 interesado en esto, cont\u00e1ctenos para \u00a1m\u00e1s informaci\u00f3n!<\/p>   <div class=\"wp-block-image\"> <figure class=\"aligncenter size-full\"><img loading=\"lazy\" decoding=\"async\" width=\"720\" height=\"540\" src=\"https:\/\/shuliywoodmachine.com\/wp-content\/uploads\/2022\/11\/applications-of-wood-pellets.webp\" alt=\"aplicaciones de pellets de madera\" class=\"wp-image-1143\" title=\"\" srcset=\"https:\/\/shuliywoodmachine.com\/wp-content\/uploads\/2022\/11\/applications-of-wood-pellets.webp 720w, https:\/\/shuliywoodmachine.com\/wp-content\/uploads\/2022\/11\/applications-of-wood-pellets-300x225.webp 300w\" sizes=\"auto, (max-width: 720px) 100vw, 720px\" \/><figcaption class=\"wp-element-caption\">aplicaciones de pellets de madera<\/figcaption><\/figure> <\/div>   <h2 class=\"wp-block-heading\"><strong>Estructura de la m\u00e1quina de pellets de madera de biomasa.<\/strong><\/h2>    <p>El equipo de pellets de madera Shuliy tiene una estructura muy razonable, buena para los usuarios. La estructura de la m\u00e1quina de pellets de madera tiene el motor, la entrada para materias primas, la c\u00e1mara de granulaci\u00f3n para producir los pellets de biomasa y la salida para descargar los pellets terminados. Esta es la parte principal para construir la m\u00e1quina de pellets de madera con matriz anular. Adem\u00e1s cuenta con otras partes, como el ventilador, el panel de control, etc. <\/p>   <div class=\"wp-block-image\"> <figure class=\"aligncenter size-full\"><img loading=\"lazy\" decoding=\"async\" width=\"720\" height=\"540\" src=\"https:\/\/shuliywoodmachine.com\/wp-content\/uploads\/2022\/11\/wood-pellet-mill-machine-structure.webp\" alt=\"Estructura de la m\u00e1quina de molino de pellets de madera\" class=\"wp-image-1142\" title=\"\" srcset=\"https:\/\/shuliywoodmachine.com\/wp-content\/uploads\/2022\/11\/wood-pellet-mill-machine-structure.webp 720w, https:\/\/shuliywoodmachine.com\/wp-content\/uploads\/2022\/11\/wood-pellet-mill-machine-structure-300x225.webp 300w\" sizes=\"auto, (max-width: 720px) 100vw, 720px\" \/><figcaption class=\"wp-element-caption\">Estructura de la m\u00e1quina de molino de pellets de madera<\/figcaption><\/figure> <\/div>   <h2 class=\"wp-block-heading\"><strong>\u00bfC\u00f3mo funciona una m\u00e1quina de pellets de madera?<\/strong><\/h2>    <ol class=\"wp-block-list\"> <li>Las materias primas se transportan a trav\u00e9s de la entrada a la c\u00e1mara de granulaci\u00f3n. Bajo la gravedad natural y la fuerza centr\u00edfuga por la rotaci\u00f3n del anillo, el material se presiona contra la pared interior.<\/li>    <li>Bajo la acci\u00f3n de la cuchilla, el material se alimenta de manera uniforme y continua.<\/li>    <li>Debido al dise\u00f1o del interior de la c\u00e1mara de granulaci\u00f3n, se forma una cierta presi\u00f3n de compresi\u00f3n (\u00e1rea de compresi\u00f3n).<\/li>    <li>Debido a la alimentaci\u00f3n de materiales, bajo la fuerte extrusi\u00f3n entre la matriz y el rodillo, el material se compacta y se comprime en el orificio de la matriz y se forma en el orificio de la matriz.<\/li>    <li>El material se alimenta continuamente y se vuelve a exprimir para darle forma. Los productos moldeados se extruyen por el orificio de la matriz y luego se cortan en la longitud requerida.<\/li>    <li>Finalmente, los pellets de madera terminados se descargan y se dejan caer a trav\u00e9s de la salida.<\/li> <\/ol>    <figure class=\"wp-block-gallery aligncenter has-nested-images columns-default is-cropped wp-block-gallery-4 is-layout-flex wp-block-gallery-is-layout-flex\"> <figure class=\"wp-block-image size-full\"><img loading=\"lazy\" decoding=\"async\" width=\"720\" height=\"540\" data-id=\"1188\" src=\"https:\/\/shuliywoodmachine.com\/wp-content\/uploads\/2022\/11\/ring-die-wood-pellet-mill.webp\" alt=\"molino de pellets de madera con matriz de anillo\" class=\"wp-image-1188\" title=\"\" srcset=\"https:\/\/shuliywoodmachine.com\/wp-content\/uploads\/2022\/11\/ring-die-wood-pellet-mill.webp 720w, https:\/\/shuliywoodmachine.com\/wp-content\/uploads\/2022\/11\/ring-die-wood-pellet-mill-300x225.webp 300w\" sizes=\"auto, (max-width: 720px) 100vw, 720px\" \/><figcaption class=\"wp-element-caption\">Molino de pellets de madera con matriz anular<\/figcaption><\/figure>    <figure class=\"wp-block-image size-full\"><img loading=\"lazy\" decoding=\"async\" width=\"720\" height=\"540\" data-id=\"1187\" src=\"https:\/\/shuliywoodmachine.com\/wp-content\/uploads\/2022\/11\/mould.webp\" alt=\"moho\" class=\"wp-image-1187\" title=\"\" srcset=\"https:\/\/shuliywoodmachine.com\/wp-content\/uploads\/2022\/11\/mould.webp 720w, https:\/\/shuliywoodmachine.com\/wp-content\/uploads\/2022\/11\/mould-300x225.webp 300w\" sizes=\"auto, (max-width: 720px) 100vw, 720px\" \/><figcaption class=\"wp-element-caption\">Moho<\/figcaption><\/figure> <\/figure>    <h2 class=\"wp-block-heading\"><strong>L\u00ednea de producci\u00f3n de pellets de madera: un gran comienzo para los inversores<\/strong><\/h2>    <p>Para los inversores, invertir en este negocio sin duda puede resultar rentable. En t\u00e9rminos de materias primas, los combustibles de biomasa se elaboran a partir de una variedad de materiales de desecho que pueden reutilizarse para producir un producto terminado valioso. En t\u00e9rminos de aplicaci\u00f3n, los pellets de madera se pueden utilizar en una amplia gama de aplicaciones, ya sea como pienso o como combustible. <\/p>    <p class=\"translation-block\">Al realizar una inversi\u00f3n, vale la pena invertir en una l\u00ednea de producci\u00f3n si su capacidad lo permite. Puede comenzar con una peque\u00f1a planta de m\u00e1quinas de pellets de madera y luego expandir lentamente la escala de producci\u00f3n. Hemos exportado una gran <a href=\"https:\/\/shuliywoodmachine.com\/es\/Info\/biomass-pellets-production-line-indonesia\/\" target=\"_blank\" rel=\"noreferrer noopener\">l\u00ednea de procesamiento de pellets a Indonesia<\/a>. \u00a1Si est\u00e1 interesado, cont\u00e1ctenos!<\/p>    <figure class=\"wp-block-gallery aligncenter has-nested-images columns-default is-cropped wp-block-gallery-5 is-layout-flex wp-block-gallery-is-layout-flex\"> <figure class=\"wp-block-image size-full\"><img loading=\"lazy\" decoding=\"async\" width=\"720\" height=\"540\" data-id=\"1146\" src=\"https:\/\/shuliywoodmachine.com\/wp-content\/uploads\/2022\/11\/simple-wood-pellet-production-line.webp\" alt=\"l\u00ednea de producci\u00f3n de pellets de madera simple\" class=\"wp-image-1146\" title=\"\" srcset=\"https:\/\/shuliywoodmachine.com\/wp-content\/uploads\/2022\/11\/simple-wood-pellet-production-line.webp 720w, https:\/\/shuliywoodmachine.com\/wp-content\/uploads\/2022\/11\/simple-wood-pellet-production-line-300x225.webp 300w\" sizes=\"auto, (max-width: 720px) 100vw, 720px\" \/><figcaption class=\"wp-element-caption\">L\u00ednea de producci\u00f3n de pellets de madera simple<\/figcaption><\/figure>    <figure class=\"wp-block-image size-full\"><img loading=\"lazy\" decoding=\"async\" width=\"720\" height=\"540\" data-id=\"1145\" src=\"https:\/\/shuliywoodmachine.com\/wp-content\/uploads\/2022\/11\/latest-biomass-pellet-mill-line.webp\" alt=\"\u00daltima l\u00ednea de f\u00e1brica de pellets de biomasa\" class=\"wp-image-1145\" title=\"\" srcset=\"https:\/\/shuliywoodmachine.com\/wp-content\/uploads\/2022\/11\/latest-biomass-pellet-mill-line.webp 720w, https:\/\/shuliywoodmachine.com\/wp-content\/uploads\/2022\/11\/latest-biomass-pellet-mill-line-300x225.webp 300w\" sizes=\"auto, (max-width: 720px) 100vw, 720px\" \/><figcaption class=\"wp-element-caption\">\u00daltima l\u00ednea de molinos de pellets de biomasa<\/figcaption><\/figure> <\/figure>    <figure class=\"wp-block-gallery aligncenter has-nested-images columns-default is-cropped wp-block-gallery-6 is-layout-flex wp-block-gallery-is-layout-flex\"> <figure class=\"wp-block-image size-large\"><img loading=\"lazy\" decoding=\"async\" width=\"720\" height=\"540\" data-id=\"1147\" src=\"https:\/\/shuliywoodmachine.com\/wp-content\/uploads\/2022\/11\/1.5-2t-per-hour-biomass-pellets-production-line.webp\" alt=\"L\u00ednea de producci\u00f3n de pellets de biomasa de 1,5-2 t\/hora\" class=\"wp-image-1147\" title=\"\" srcset=\"https:\/\/shuliywoodmachine.com\/wp-content\/uploads\/2022\/11\/1.5-2t-per-hour-biomass-pellets-production-line.webp 720w, https:\/\/shuliywoodmachine.com\/wp-content\/uploads\/2022\/11\/1.5-2t-per-hour-biomass-pellets-production-line-300x225.webp 300w\" sizes=\"auto, (max-width: 720px) 100vw, 720px\" \/><figcaption class=\"wp-element-caption\">L\u00ednea de producci\u00f3n de pellets de biomasa de 1,5-2 t\/hora<\/figcaption><\/figure>    <figure class=\"wp-block-image size-large\"><img loading=\"lazy\" decoding=\"async\" width=\"720\" height=\"540\" data-id=\"1148\" src=\"https:\/\/shuliywoodmachine.com\/wp-content\/uploads\/2022\/11\/5t-per-hour-wood-pellet-production-line.webp\" alt=\"L\u00ednea de producci\u00f3n de pellets de madera de 5 t\/hora\" class=\"wp-image-1148\" title=\"\" srcset=\"https:\/\/shuliywoodmachine.com\/wp-content\/uploads\/2022\/11\/5t-per-hour-wood-pellet-production-line.webp 720w, https:\/\/shuliywoodmachine.com\/wp-content\/uploads\/2022\/11\/5t-per-hour-wood-pellet-production-line-300x225.webp 300w\" sizes=\"auto, (max-width: 720px) 100vw, 720px\" \/><figcaption class=\"wp-element-caption\">L\u00ednea de producci\u00f3n de pellets de madera de 5 toneladas por hora<\/figcaption><\/figure> <\/figure>    <h2 class=\"wp-block-heading\"><strong>\u00bfQu\u00e9 tal el precio de la m\u00e1quina de pellets de madera?<\/strong><\/h2>    <p>Por supuesto, el precio de la m\u00e1quina de biopellet est\u00e1 influenciado por varios factores, como la configuraci\u00f3n de la m\u00e1quina, su capacidad, sus materiales, su uso en el hogar o en la f\u00e1brica, etc., todos los cuales afectan el precio de la prensa de pellets de madera. La situaci\u00f3n actual debe analizarse en la pr\u00e1ctica. Puede contarle a nuestro gerente de ventas sus necesidades, de acuerdo a sus requerimientos, ellos le ofrecer\u00e1n la soluci\u00f3n \u00f3ptima.<\/p>    <h2 class=\"wp-block-heading\"><strong>Principal fabricante y proveedor de m\u00e1quinas de pellets de madera: Shuliy Machinery<\/strong><\/h2>    <ul class=\"wp-block-list\"> <li>Una amplia gama de m\u00e1quinas. Somos productores y fabricantes de todo tipo de m\u00e1quinas para madera y por ello disponemos de una amplia gama de m\u00e1quinas y equipos. Por ejemplo, si desea una l\u00ednea de producci\u00f3n de pellets cuando compra una m\u00e1quina de pellets de madera, tambi\u00e9n puede compr\u00e1rnosla de una sola vez, ahorrando tiempo y esfuerzo.<\/li>    <li>Rendimiento de alto costo. Hay varios fabricantes y proveedores de m\u00e1quinas de pellets de madera grandes o peque\u00f1os en el mercado, pero somos tanto fabricantes como distribuidores, por lo que nuestros precios son m\u00e1s ventajosos.<\/li>    <li>Marcas populares. Exportamos regularmente nuestras m\u00e1quinas al extranjero y son bien recibidas por nuestros clientes. Algunos de nuestros clientes son clientes habituales, como el cliente australiano, el cliente mexicano, etc.<\/li>    <li>Servicio postventa. Nuestra empresa ofrece un atento servicio postventa, que se dedica a solucionar cualquier problema que encuentren nuestros clientes en el uso de la peletizadora de madera, ayud\u00e1ndoles as\u00ed a familiarizarse con la m\u00e1quina y a ponerla en uso de forma m\u00e1s r\u00e1pida y eficaz.<\/li> <\/ul>    <h2 class=\"wp-block-heading\"><strong>Proyecto de peletizadora de biomasa Shuliy<\/strong><\/h2>    <p>La m\u00e1quina para fabricar pellets de madera Shuliy es una m\u00e1quina de producci\u00f3n de pellets de madera popular en el mercado. Cada d\u00eda recibimos un gran n\u00famero de consultas de clientes sobre m\u00e1quinas de pellets. Tambi\u00e9n hemos exportado muchas veces la m\u00e1quina de pellets para quemar madera a pa\u00edses extranjeros. Por ejemplo, Indonesia, M\u00e9xico, Nigeria, Argentina, Australia, Nueva Zelanda, Finlandia, etc. Cargamos la m\u00e1quina de pellets de madera con matriz anular en el contenedor para su entrega por mar a sus destinos.<\/p>    <figure class=\"wp-block-gallery aligncenter has-nested-images columns-default is-cropped wp-block-gallery-7 is-layout-flex wp-block-gallery-is-layout-flex\"> <figure class=\"wp-block-image size-full\"><img loading=\"lazy\" decoding=\"async\" width=\"720\" height=\"540\" data-id=\"1193\" src=\"https:\/\/shuliywoodmachine.com\/wp-content\/uploads\/2022\/11\/wood-pellets-machine.webp\" alt=\"m\u00e1quina de pellets de madera\" class=\"wp-image-1193\" title=\"\" srcset=\"https:\/\/shuliywoodmachine.com\/wp-content\/uploads\/2022\/11\/wood-pellets-machine.webp 720w, https:\/\/shuliywoodmachine.com\/wp-content\/uploads\/2022\/11\/wood-pellets-machine-300x225.webp 300w\" sizes=\"auto, (max-width: 720px) 100vw, 720px\" \/><figcaption class=\"wp-element-caption\">M\u00e1quina de pellets de madera<\/figcaption><\/figure>    <figure class=\"wp-block-image size-full\"><img loading=\"lazy\" decoding=\"async\" width=\"720\" height=\"540\" data-id=\"1190\" src=\"https:\/\/shuliywoodmachine.com\/wp-content\/uploads\/2022\/11\/biomass-wood-pellets-making-machine.webp\" alt=\"M\u00e1quina para fabricar pellets de madera de biomasa.\" class=\"wp-image-1190\" title=\"\" srcset=\"https:\/\/shuliywoodmachine.com\/wp-content\/uploads\/2022\/11\/biomass-wood-pellets-making-machine.webp 720w, https:\/\/shuliywoodmachine.com\/wp-content\/uploads\/2022\/11\/biomass-wood-pellets-making-machine-300x225.webp 300w\" sizes=\"auto, (max-width: 720px) 100vw, 720px\" \/><figcaption class=\"wp-element-caption\">M\u00e1quina para fabricar pellets de madera de biomasa<\/figcaption><\/figure> <\/figure>    <h2 class=\"wp-block-heading\"><strong>Par\u00e1metros t\u00e9cnicos de la peletizadora de biomasa de madera a la venta.<\/strong><\/h2>    <figure class=\"wp-block-table\"><table><tbody><tr><td>Modelo<\/td><td>Capacidad<\/td><td>Fuerza<\/td><\/tr><tr><td>SL-380<\/td><td>0,2-0,3 t\/h<\/td><td>22+0,75kW<\/td><\/tr><tr><td>SL-450<\/td><td>0,6-0,8 t\/h<\/td><td>55+1,5+1,1+0,37+0,55kW<\/td><\/tr><tr><td>SL-560A<\/td><td>1-1,3 t\/h<\/td><td>90+1,5+1,5+0,55+0,37kW<\/td><\/tr><tr><td>SL-560B<\/td><td>1,2-1,5 t\/h<\/td><td>90+1,5+1,5+0,55+0,37kW<\/td><\/tr><tr><td>SL-560C<\/td><td>1,2-1,5 t\/h<\/td><td>90+1,5+1,5+0,55+0,37kW<\/td><\/tr><tr><td>SL-700<\/td><td>2-2,5 t\/h<\/td><td>160+2,2+0,37+0,75+1,5kW<\/td><\/tr><tr><td>SL-880<\/td><td>3-4t\/h<\/td><td>220+3+0,55+2,2+1,1kW<\/td><\/tr><\/tbody><\/table><\/figure>    <h2 class=\"wp-block-heading\"><strong>V\u00eddeo de funcionamiento de la planta peletizadora de biomasa de madera.<\/strong><\/h2>    <figure class=\"wp-block-embed is-type-video is-provider-youtube wp-block-embed-youtube wp-embed-aspect-16-9 wp-has-aspect-ratio\"><div class=\"wp-block-embed__wrapper\"> <iframe loading=\"lazy\" title=\"Planta de m\u00e1quina de molino de pellets de madera | M\u00e1quina de pellets de biomasa Fabricante y proveedor #biomasspellets\" width=\"500\" height=\"281\" src=\"https:\/\/www.youtube.com\/embed\/hlfrgLaW2jg?feature=oembed\" frameborder=\"0\" allow=\"accelerometer; autoplay; clipboard-write; encrypted-media; gyroscope; picture-in-picture; web-share\" referrerpolicy=\"strict-origin-when-cross-origin\" allowfullscreen><\/iframe> <\/div><\/figure>","protected":false},"excerpt":{"rendered":"<p>A wood pellet machine is an ideal machine specifically designed to produce various types of pellets, which is a ring-shaped pellet mill. The pellets produced can be used as animal feed or as biomass fuel, fuel for power generation, etc. In fact with the same function, there is also the wood pellet mill, both of [&hellip;]<\/p>\n","protected":false},"author":1,"featured_media":1139,"parent":0,"template":"","tags":[93,88,90],"product-type":[91],"class_list":["post-1135","product","type-product","status-publish","has-post-thumbnail","hentry","tag-biomass-pellet-machine","tag-biomass-pellet-making-machine","tag-wood-pellet-machine","product-type-wood-pellet-machine"],"_links":{"self":[{"href":"https:\/\/shuliywoodmachine.com\/es\/wp-json\/wp\/v2\/product\/1135","targetHints":{"allow":["GET"]}}],"collection":[{"href":"https:\/\/shuliywoodmachine.com\/es\/wp-json\/wp\/v2\/product"}],"about":[{"href":"https:\/\/shuliywoodmachine.com\/es\/wp-json\/wp\/v2\/types\/product"}],"author":[{"embeddable":true,"href":"https:\/\/shuliywoodmachine.com\/es\/wp-json\/wp\/v2\/users\/1"}],"wp:featuredmedia":[{"embeddable":true,"href":"https:\/\/shuliywoodmachine.com\/es\/wp-json\/wp\/v2\/media\/1139"}],"wp:attachment":[{"href":"https:\/\/shuliywoodmachine.com\/es\/wp-json\/wp\/v2\/media?parent=1135"}],"wp:term":[{"taxonomy":"post_tag","embeddable":true,"href":"https:\/\/shuliywoodmachine.com\/es\/wp-json\/wp\/v2\/tags?post=1135"},{"taxonomy":"product-type","embeddable":true,"href":"https:\/\/shuliywoodmachine.com\/es\/wp-json\/wp\/v2\/product-type?post=1135"}],"curies":[{"name":"wp","href":"https:\/\/api.w.org\/{rel}","templated":true}]}}