{"id":1250,"date":"2023-01-04T14:13:48","date_gmt":"2023-01-04T06:13:48","guid":{"rendered":"https:\/\/shuliywoodmachine.com\/?post_type=product&#038;p=1250"},"modified":"2024-07-09T14:22:12","modified_gmt":"2024-07-09T06:22:12","slug":"wood-pellet-production-line","status":"publish","type":"product","link":"https:\/\/shuliywoodmachine.com\/es\/product\/linea-de-produccion-de-pellets-de-madera\/","title":{"rendered":"L\u00ednea completa de producci\u00f3n de pellets de madera para fabricar pellets de biomasa"},"content":{"rendered":"<p>La l\u00ednea de producci\u00f3n de pellets de madera es adecuada para la producci\u00f3n de pellets de madera de tama\u00f1o grande o mediano y se caracteriza por su alta eficiencia, buen rendimiento y la posibilidad de personalizar toda la l\u00ednea. Las materias primas utilizadas para la producci\u00f3n de pellets de biomasa son paja, astillas de madera, virutas, aserr\u00edn y diversas c\u00e1scaras, como c\u00e1scaras de man\u00ed, c\u00e1scaras de coco y c\u00e1scaras de arroz.<\/p>    <p>Los pellets de madera producidos se dividen a grandes rasgos en dos usos, uno es para alimentaci\u00f3n animal y el otro para diversos combustibles. Cualquiera sea el caso, simplemente d\u00edganos qu\u00e9 necesita y nuestro gerente de ventas le indicar\u00e1 la mejor soluci\u00f3n para sus necesidades.<\/p>    <h2 class=\"wp-block-heading\"><strong>Lista de m\u00e1quinas para la l\u00ednea completa de producci\u00f3n de pellets de madera de biomasa.<\/strong><\/h2>    <div class=\"wp-block-media-text alignwide is-stacked-on-mobile\"><figure class=\"wp-block-media-text__media\"><img loading=\"lazy\" decoding=\"async\" width=\"720\" height=\"540\" src=\"https:\/\/shuliywoodmachine.com\/wp-content\/uploads\/2023\/01\/hammer-mill.webp\" alt=\"\" class=\"wp-image-1257 size-full\" title=\"\" srcset=\"https:\/\/shuliywoodmachine.com\/wp-content\/uploads\/2023\/01\/hammer-mill.webp 720w, https:\/\/shuliywoodmachine.com\/wp-content\/uploads\/2023\/01\/hammer-mill-300x225.webp 300w\" sizes=\"auto, (max-width: 720px) 100vw, 720px\" \/><\/figure><div class=\"wp-block-media-text__content\"> <p><strong><a href=\"https:\/\/shuliywoodmachine.com\/es\/product\/trituradora-de-martillo\/\" target=\"_blank\" rel=\"noreferrer noopener\">Molino de martillos<\/a><\/strong><\/p>    <p>\u2013 Trituraci\u00f3n de diversas materias primas hasta una cierta finura para el siguiente paso.<\/p>    <p>\u2013 Alta eficiencia, ahorro energ\u00e9tico y buen rendimiento.<\/p>    <p>\u2013 Puede pulverizarse hasta obtener un polvo m\u00e1s fino, con diferentes tama\u00f1os de pantalla seg\u00fan las necesidades del cliente.<\/p> <\/div><\/div>    <p><\/p>    <div class=\"wp-block-media-text alignwide is-stacked-on-mobile\"><figure class=\"wp-block-media-text__media\"><img loading=\"lazy\" decoding=\"async\" width=\"720\" height=\"540\" src=\"https:\/\/shuliywoodmachine.com\/wp-content\/uploads\/2023\/01\/mixer-machine.webp\" alt=\"\" class=\"wp-image-1259 size-full\" title=\"\" srcset=\"https:\/\/shuliywoodmachine.com\/wp-content\/uploads\/2023\/01\/mixer-machine.webp 720w, https:\/\/shuliywoodmachine.com\/wp-content\/uploads\/2023\/01\/mixer-machine-300x225.webp 300w\" sizes=\"auto, (max-width: 720px) 100vw, 720px\" \/><\/figure><div class=\"wp-block-media-text__content\"> <p class=\"translation-block\"><strong>M\u00e1quina mezcladora<\/strong><\/p>    <p>\u2013 Remueve bien los ingredientes para que se mezclen uniformemente.<\/p>    <p>\u2013 Ahorro de mano de obra y alta mecanizaci\u00f3n.<\/p>    <p>\u2013 El mezclador se puede seleccionar seg\u00fan la producci\u00f3n del cliente.<\/p> <\/div><\/div>    <p><\/p>    <div class=\"wp-block-media-text alignwide is-stacked-on-mobile\"><figure class=\"wp-block-media-text__media\"><img loading=\"lazy\" decoding=\"async\" width=\"720\" height=\"540\" src=\"https:\/\/shuliywoodmachine.com\/wp-content\/uploads\/2023\/01\/sawdust-drying-machine.webp\" alt=\"\" class=\"wp-image-1262 size-full\" title=\"\" srcset=\"https:\/\/shuliywoodmachine.com\/wp-content\/uploads\/2023\/01\/sawdust-drying-machine.webp 720w, https:\/\/shuliywoodmachine.com\/wp-content\/uploads\/2023\/01\/sawdust-drying-machine-300x225.webp 300w\" sizes=\"auto, (max-width: 720px) 100vw, 720px\" \/><\/figure><div class=\"wp-block-media-text__content\"> <p class=\"translation-block\"><strong>M\u00e1quina de secado<\/strong><\/p>    <p>\u2013 Reducir la humedad contenida en la materia prima en preparaci\u00f3n para el siguiente paso de granulaci\u00f3n.<\/p>    <p>\u2013 El secador de tambor permite un flujo de aire uniforme y un calentamiento m\u00e1s uniforme.<\/p>    <p>\u2013 La calefacci\u00f3n opcional es vapor, gas y gas\u00f3leo.<\/p> <\/div><\/div>    <p><\/p>    <div class=\"wp-block-media-text alignwide is-stacked-on-mobile\"><figure class=\"wp-block-media-text__media\"><img loading=\"lazy\" decoding=\"async\" width=\"720\" height=\"540\" src=\"https:\/\/shuliywoodmachine.com\/wp-content\/uploads\/2022\/11\/wood-pellets-machine.webp\" alt=\"m\u00e1quina de pellets de madera\" class=\"wp-image-1193 size-full\" title=\"\" srcset=\"https:\/\/shuliywoodmachine.com\/wp-content\/uploads\/2022\/11\/wood-pellets-machine.webp 720w, https:\/\/shuliywoodmachine.com\/wp-content\/uploads\/2022\/11\/wood-pellets-machine-300x225.webp 300w\" sizes=\"auto, (max-width: 720px) 100vw, 720px\" \/><\/figure><div class=\"wp-block-media-text__content\"> <p class=\"translation-block\"><strong>M\u00e1quina de molino de pellets de biomasa<\/strong><\/p>    <p>\u2013 Secci\u00f3n central, utilizada para producir pellets de astillas de madera.<\/p>    <p>\u2013 La salida se puede configurar seg\u00fan las necesidades del cliente.<\/p>    <p>\u2013 R\u00e1pida velocidad de producci\u00f3n y buena calidad de los pellets de astillas de madera producidos.<\/p> <\/div><\/div>    <p><\/p>    <div class=\"wp-block-media-text alignwide is-stacked-on-mobile\"><figure class=\"wp-block-media-text__media\"><img loading=\"lazy\" decoding=\"async\" width=\"720\" height=\"540\" src=\"https:\/\/shuliywoodmachine.com\/wp-content\/uploads\/2023\/01\/cooling-tank.webp\" alt=\"\" class=\"wp-image-1264 size-full\" title=\"\" srcset=\"https:\/\/shuliywoodmachine.com\/wp-content\/uploads\/2023\/01\/cooling-tank.webp 720w, https:\/\/shuliywoodmachine.com\/wp-content\/uploads\/2023\/01\/cooling-tank-300x225.webp 300w\" sizes=\"auto, (max-width: 720px) 100vw, 720px\" \/><\/figure><div class=\"wp-block-media-text__content\"> <p class=\"translation-block\"><strong>M\u00e1quina de enfriado<\/strong><\/p>    <p>\u2013 Una vez producidos los pellets, tendr\u00e1n una temperatura determinada y si esperas a que se sequen naturalmente en este momento, tardar\u00e1 m\u00e1s, por lo que necesitas una m\u00e1quina de refrigeraci\u00f3n para acortar el proceso.<\/p>    <p>\u2013 Se suele utilizar despu\u00e9s de la m\u00e1quina de pellets, en la segunda mitad de toda la l\u00ednea de pellets de madera.<\/p> <\/div><\/div>    <p><\/p>    <div class=\"wp-block-media-text alignwide is-stacked-on-mobile\"><figure class=\"wp-block-media-text__media\"><img loading=\"lazy\" decoding=\"async\" width=\"720\" height=\"540\" src=\"https:\/\/shuliywoodmachine.com\/wp-content\/uploads\/2023\/01\/package-machine.webp\" alt=\"\" class=\"wp-image-1266 size-full\" title=\"\" srcset=\"https:\/\/shuliywoodmachine.com\/wp-content\/uploads\/2023\/01\/package-machine.webp 720w, https:\/\/shuliywoodmachine.com\/wp-content\/uploads\/2023\/01\/package-machine-300x225.webp 300w\" sizes=\"auto, (max-width: 720px) 100vw, 720px\" \/><\/figure><div class=\"wp-block-media-text__content\"> <p class=\"translation-block\"><strong>M\u00e1quina de envasado<\/strong><\/p>    <p>\u2013 Se utiliza en el paso final de la l\u00ednea completa de la planta de pellets de madera para empacar los pellets.<\/p>    <p>\u2013 El rango de embalaje es de 5 a 50 kg, embolsados \u200b\u200bseg\u00fan necesidad y se puede ajustar el peso de cada bolsa.<\/p> <\/div><\/div>    <h2 class=\"wp-block-heading\"><strong>Proceso de fabricaci\u00f3n de pellets de madera.<\/strong><\/h2>    <p>El proceso de producci\u00f3n de pellets se puede dividir en cuatro pasos en total: el paso de molienda eficiente, el paso de secado, el paso de extrusi\u00f3n de pellets y el paso de enfriamiento y envasado.<\/p>    <p>Molienda \u2013 Molino de martillos: esta m\u00e1quina es la m\u00e1quina principal para realizar la molienda de materiales.<\/p>    <p>Secado \u2013 M\u00e1quina secadora de aserr\u00edn: la m\u00e1quina sirve para secar materias primas.<\/p>    <p>Extrusi\u00f3n de pellets \u2013 Molino de pellets: es la pieza clave para producir pellets de madera de biomasa de alta calidad.<\/p>    <p>Enfriamiento y envasado \u2013 Tanque de enfriamiento y m\u00e1quina envasadora: el \u00faltimo paso es envasar los pellets de madera en bolsas.<\/p>    <p>Naturalmente, en estos procesos tambi\u00e9n se utilizan cintas transportadoras, ciclones, etc. Tambi\u00e9n es adecuado para la producci\u00f3n de pellets de madera a peque\u00f1a escala. <\/p>    <h2 class=\"wp-block-heading\"><strong>\u00bfQu\u00e9 afecta el precio de la l\u00ednea de producci\u00f3n de pellets de madera?<\/strong><\/h2>    <p>De hecho, la compra de una l\u00ednea de producci\u00f3n de pellets est\u00e1 influenciada por varios aspectos, que se describen a continuaci\u00f3n.<\/p>    <ul class=\"wp-block-list\"> <li><a href=\"https:\/\/shuliywoodmachine.com\/es\/products\/wood-pellet-machine\/\" target=\"_blank\" rel=\"noreferrer noopener\">Molinos de pellets de virutas de madera<\/a>. Hay dos tipos de f\u00e1bricas de pellets de virutas de madera en Shuliy, la <a href=\"https:\/\/taizyagromachine.com\/product\/animal-feed-pellet-machine\/\" target=\"_blank\" rel=\"noreferrer noopener\">molino de pellets de matriz plana<\/a> y la prensa de pellets con matriz anular. El precio de elegir otro tipo de m\u00e1quina, por supuesto, es diferente.<\/li>    <li>Capacidad. La configuraci\u00f3n de la l\u00ednea de producci\u00f3n necesaria para la producci\u00f3n de pellets de madera var\u00eda seg\u00fan los diferentes rendimientos. La potencia de la m\u00e1quina elegida tambi\u00e9n ser\u00e1 muy diferente, lo que influye mucho en el precio.<\/li>    <li>Materias primas. Si tu materia prima son astillas de madera, puedes utilizar un molino de martillos para triturarlas y obtener un aserr\u00edn m\u00e1s fino. Sin embargo, si tu materia prima son restos de madera, necesitar\u00e1s una trituradora de madera u otra m\u00e1quina correspondiente.<\/li> <\/ul>    <figure class=\"wp-block-gallery aligncenter has-nested-images columns-default is-cropped wp-block-gallery-2 is-layout-flex wp-block-gallery-is-layout-flex\"> <figure class=\"wp-block-image size-large\"><img loading=\"lazy\" decoding=\"async\" width=\"720\" height=\"540\" data-id=\"1101\" src=\"https:\/\/shuliywoodmachine.com\/wp-content\/uploads\/2022\/11\/wood-pellet-production-line.webp\" alt=\"l\u00ednea de producci\u00f3n de pellets de madera\" class=\"wp-image-1101\" title=\"\" srcset=\"https:\/\/shuliywoodmachine.com\/wp-content\/uploads\/2022\/11\/wood-pellet-production-line.webp 720w, https:\/\/shuliywoodmachine.com\/wp-content\/uploads\/2022\/11\/wood-pellet-production-line-300x225.webp 300w\" sizes=\"auto, (max-width: 720px) 100vw, 720px\" \/><figcaption class=\"wp-element-caption\">L\u00ednea de producci\u00f3n de pellets de madera<\/figcaption><\/figure>    <figure class=\"wp-block-image size-large\"><img loading=\"lazy\" decoding=\"async\" width=\"720\" height=\"540\" data-id=\"1148\" src=\"https:\/\/shuliywoodmachine.com\/wp-content\/uploads\/2022\/11\/5t-per-hour-wood-pellet-production-line.webp\" alt=\"L\u00ednea de producci\u00f3n de pellets de madera de 5 t\/hora\" class=\"wp-image-1148\" title=\"\" srcset=\"https:\/\/shuliywoodmachine.com\/wp-content\/uploads\/2022\/11\/5t-per-hour-wood-pellet-production-line.webp 720w, https:\/\/shuliywoodmachine.com\/wp-content\/uploads\/2022\/11\/5t-per-hour-wood-pellet-production-line-300x225.webp 300w\" sizes=\"auto, (max-width: 720px) 100vw, 720px\" \/><figcaption class=\"wp-element-caption\">L\u00ednea de producci\u00f3n de pellets de madera de 5 toneladas por hora<\/figcaption><\/figure> <\/figure>    <p>Por lo tanto, al elegir una l\u00ednea de producci\u00f3n de pellets de madera, h\u00e1ganos saber sus requisitos y nuestros profesionales le recomendar\u00e1n la configuraci\u00f3n de m\u00e1quina adecuada para usted.<\/p>    <h2 class=\"wp-block-heading\"><strong>Proyectos exitosos de l\u00ednea de producci\u00f3n de pellets de madera a la venta.<\/strong><\/h2>    <p>La l\u00ednea de producci\u00f3n de pellets de Shuliy es capaz de producir pellets de diferentes vol\u00famenes para satisfacer las diferentes necesidades de nuestros clientes. Desde que comenzamos a vender nuestras l\u00edneas de pellets de madera, las hemos exportado a diferentes pa\u00edses como M\u00e9xico, El Guado, Indonesia, etc. A continuaci\u00f3n se muestra un ejemplo de una l\u00ednea de pellets de madera vendida a Indonesia en 2022 para su referencia.<\/p>    <figure class=\"wp-block-embed is-type-wp-embed is-provider-shuliy-wood wp-block-embed-shuliy-wood\"><div class=\"wp-block-embed__wrapper\"> <blockquote class=\"wp-embedded-content\" data-secret=\"AtvEjCEPja\"><a href=\"https:\/\/shuliywoodmachine.com\/es\/Info\/biomass-pellets-production-line-indonesia\/\">L\u00ednea de producci\u00f3n de pellets de biomasa instalada en Indonesia<\/a><\/blockquote><iframe loading=\"lazy\" class=\"wp-embedded-content\" sandbox=\"allow-scripts\" security=\"restricted\" style=\"position: absolute; clip: rect(1px, 1px, 1px, 1px);\" title=\"\u201cL\u00ednea de producci\u00f3n de pellets de biomasa instalada en Indonesia\u201d \u2014 Shuliy Wood\" src=\"https:\/\/shuliywoodmachine.com\/Info\/biomass-pellets-production-line-indonesia\/embed\/#?secret=DBHdwxwLVq#?secret=AtvEjCEPja\" data-secret=\"AtvEjCEPja\" width=\"500\" height=\"282\" frameborder=\"0\" marginwidth=\"0\" marginheight=\"0\" scrolling=\"no\"><\/iframe> <\/div><\/figure>    <h2 class=\"wp-block-heading\"><strong>V\u00eddeo de funcionamiento de la l\u00ednea autom\u00e1tica de producci\u00f3n de pellets de madera.<\/strong><\/h2>    <figure class=\"wp-block-embed is-type-video is-provider-youtube wp-block-embed-youtube wp-embed-aspect-16-9 wp-has-aspect-ratio\"><div class=\"wp-block-embed__wrapper\"> <iframe loading=\"lazy\" title=\"Planta de m\u00e1quina de molino de pellets de madera | M\u00e1quina de pellets de biomasa Fabricante y proveedor #biomasspellets\" width=\"500\" height=\"281\" src=\"https:\/\/www.youtube.com\/embed\/hlfrgLaW2jg?start=97&#038;feature=oembed\" frameborder=\"0\" allow=\"accelerometer; autoplay; clipboard-write; encrypted-media; gyroscope; picture-in-picture; web-share\" referrerpolicy=\"strict-origin-when-cross-origin\" allowfullscreen><\/iframe> <\/div><\/figure>","protected":false},"excerpt":{"rendered":"<p>The wood pellet production line is suitable for the production of large or medium-sized wood pellets and is characterized by its high efficiency, good performance, and the possibility of customizing the whole line. The raw materials used for the production of biomass pellets are straw, wood chips, shavings, sawdust, and various shells such as peanut [&hellip;]<\/p>\n","protected":false},"author":1,"featured_media":1251,"parent":0,"template":"","tags":[90,89,100],"product-type":[99],"class_list":["post-1250","product","type-product","status-publish","has-post-thumbnail","hentry","tag-wood-pellet-machine","tag-wood-pellet-mill","tag-wood-pellet-production-line","product-type-production-line"],"_links":{"self":[{"href":"https:\/\/shuliywoodmachine.com\/es\/wp-json\/wp\/v2\/product\/1250","targetHints":{"allow":["GET"]}}],"collection":[{"href":"https:\/\/shuliywoodmachine.com\/es\/wp-json\/wp\/v2\/product"}],"about":[{"href":"https:\/\/shuliywoodmachine.com\/es\/wp-json\/wp\/v2\/types\/product"}],"author":[{"embeddable":true,"href":"https:\/\/shuliywoodmachine.com\/es\/wp-json\/wp\/v2\/users\/1"}],"wp:featuredmedia":[{"embeddable":true,"href":"https:\/\/shuliywoodmachine.com\/es\/wp-json\/wp\/v2\/media\/1251"}],"wp:attachment":[{"href":"https:\/\/shuliywoodmachine.com\/es\/wp-json\/wp\/v2\/media?parent=1250"}],"wp:term":[{"taxonomy":"post_tag","embeddable":true,"href":"https:\/\/shuliywoodmachine.com\/es\/wp-json\/wp\/v2\/tags?post=1250"},{"taxonomy":"product-type","embeddable":true,"href":"https:\/\/shuliywoodmachine.com\/es\/wp-json\/wp\/v2\/product-type?post=1250"}],"curies":[{"name":"wp","href":"https:\/\/api.w.org\/{rel}","templated":true}]}}