{"id":1345,"date":"2023-01-17T17:16:01","date_gmt":"2023-01-17T09:16:01","guid":{"rendered":"https:\/\/shuliywoodmachine.com\/?post_type=product&#038;p=1345"},"modified":"2024-07-10T09:39:31","modified_gmt":"2024-07-10T01:39:31","slug":"wood-pallet-block-production-line","status":"publish","type":"product","link":"https:\/\/shuliywoodmachine.com\/es\/product\/linea-de-produccion-de-bloques-de-paletas-de-madera\/","title":{"rendered":"L\u00ednea de producci\u00f3n de bloques de paletas de madera comprimida"},"content":{"rendered":"<p class=\"translation-block\">Este <strong>l\u00ednea de producci\u00f3n de bloques de palets de madera<\/strong> est\u00e1 procesando aserr\u00edn, virutas de madera, astillas de madera, etc. en bloques de palets de madera mediante alta temperatura y presi\u00f3n. <\/p>    <p>Existe una demanda de materias primas utilizadas para fabricar bloques de aserr\u00edn. La humedad debe ser inferior a 10%. <\/p>    <p>El producto final es el bloque de madera con agujero o sin agujero. Dispone de medidas comunes y europeas (75*75mm, 80*80mm, 90*90mm, 90*120mm, 100*100mm, 100*115mm, 100*140mm, 140*140mm, tambi\u00e9n personalizables). <\/p>    <p>Los bloques de madera se utilizan ampliamente en los campos de paletas de madera, embalaje, construcci\u00f3n, etc. Esta l\u00ednea puede utilizar eficazmente los residuos de madera, lo cual es ecol\u00f3gico y econ\u00f3mico.<\/p>    <figure class=\"wp-block-gallery aligncenter has-nested-images columns-default is-cropped wp-block-gallery-2 is-layout-flex wp-block-gallery-is-layout-flex\"> <figure class=\"wp-block-image size-large\"><img loading=\"lazy\" decoding=\"async\" width=\"720\" height=\"540\" data-id=\"1359\" src=\"https:\/\/shuliywoodmachine.com\/wp-content\/uploads\/2023\/01\/wood-blocks-with-a-hole-or-without-a-hole.webp\" alt=\"bloques de madera con\/sin agujero \" class=\"wp-image-1359\" title=\"\" srcset=\"https:\/\/shuliywoodmachine.com\/wp-content\/uploads\/2023\/01\/wood-blocks-with-a-hole-or-without-a-hole.webp 720w, https:\/\/shuliywoodmachine.com\/wp-content\/uploads\/2023\/01\/wood-blocks-with-a-hole-or-without-a-hole-300x225.webp 300w\" sizes=\"auto, (max-width: 720px) 100vw, 720px\" \/><figcaption class=\"wp-element-caption\">Bloques de madera con o sin agujero <\/figcaption><\/figure>    <figure class=\"wp-block-image size-large\"><img loading=\"lazy\" decoding=\"async\" width=\"720\" height=\"540\" data-id=\"1361\" src=\"https:\/\/shuliywoodmachine.com\/wp-content\/uploads\/2023\/01\/wood-blocks.webp\" alt=\"bloques de madera\" class=\"wp-image-1361\" title=\"\" srcset=\"https:\/\/shuliywoodmachine.com\/wp-content\/uploads\/2023\/01\/wood-blocks.webp 720w, https:\/\/shuliywoodmachine.com\/wp-content\/uploads\/2023\/01\/wood-blocks-300x225.webp 300w\" sizes=\"auto, (max-width: 720px) 100vw, 720px\" \/><figcaption class=\"wp-element-caption\">Bloques de madera<\/figcaption><\/figure>    <figure class=\"wp-block-image size-large\"><img loading=\"lazy\" decoding=\"async\" width=\"720\" height=\"540\" data-id=\"1360\" src=\"https:\/\/shuliywoodmachine.com\/wp-content\/uploads\/2023\/01\/wooden-blocks.webp\" alt=\"bloques de madera\" class=\"wp-image-1360\" title=\"\" srcset=\"https:\/\/shuliywoodmachine.com\/wp-content\/uploads\/2023\/01\/wooden-blocks.webp 720w, https:\/\/shuliywoodmachine.com\/wp-content\/uploads\/2023\/01\/wooden-blocks-300x225.webp 300w\" sizes=\"auto, (max-width: 720px) 100vw, 720px\" \/><figcaption class=\"wp-element-caption\">Bloques de madera<\/figcaption><\/figure> <\/figure>    <h2 class=\"wp-block-heading\"><strong>V\u00eddeo de trabajo de la l\u00ednea de producci\u00f3n de bloques de paletas de madera.<\/strong><\/h2>    <p class=\"translation-block\">Al ver este v\u00eddeo, sabr\u00e1 qu\u00e9 equipo est\u00e1 incluido en la l\u00ednea de producci\u00f3n de bloques de palets de madera. El equipo mostrado en el v\u00eddeo tiene <strong>mezclador de pegamento\u2192m\u00e1quina formadora de bloques de madera\u2192m\u00e1quina de corte<\/strong>.<\/p>    <figure class=\"wp-block-embed is-type-video is-provider-youtube wp-block-embed-youtube wp-embed-aspect-16-9 wp-has-aspect-ratio\"><div class=\"wp-block-embed__wrapper\"> <iframe loading=\"lazy\" title=\"L\u00ednea de producci\u00f3n de bloques de paletas de madera - M\u00e1quina prensadora en caliente de bloques de madera de aserr\u00edn comprimido #woodblock\" width=\"500\" height=\"281\" src=\"https:\/\/www.youtube.com\/embed\/PPJ93KzPpMs?feature=oembed\" frameborder=\"0\" allow=\"accelerometer; autoplay; clipboard-write; encrypted-media; gyroscope; picture-in-picture; web-share\" referrerpolicy=\"strict-origin-when-cross-origin\" allowfullscreen><\/iframe> <\/div><figcaption class=\"wp-element-caption\">Video sobre c\u00f3mo hacer bloques de paletas de madera de manera eficiente.<\/figcaption><\/figure>    <h2 class=\"wp-block-heading\"><strong>Equipo utilizado para la l\u00ednea de producci\u00f3n de bloques de paletas de madera comprimida.<\/strong><\/h2>    <p>Hay varias combinaciones de la l\u00ednea de m\u00e1quinas para fabricar bloques de aserr\u00edn. A continuaci\u00f3n se tomar\u00e1 como ejemplo la configuraci\u00f3n de producci\u00f3n de bloques de madera de 90*90 mm.<\/p>    <p class=\"translation-block\"><strong>Trituradora de martillo<\/strong><\/p>    <figure class=\"wp-block-gallery aligncenter has-nested-images columns-default is-cropped wp-block-gallery-3 is-layout-flex wp-block-gallery-is-layout-flex\"> <figure class=\"wp-block-image size-large\"><img loading=\"lazy\" decoding=\"async\" width=\"720\" height=\"540\" data-id=\"1257\" src=\"https:\/\/shuliywoodmachine.com\/wp-content\/uploads\/2023\/01\/hammer-mill.webp\" alt=\"molino de martillos\" class=\"wp-image-1257\" title=\"\" srcset=\"https:\/\/shuliywoodmachine.com\/wp-content\/uploads\/2023\/01\/hammer-mill.webp 720w, https:\/\/shuliywoodmachine.com\/wp-content\/uploads\/2023\/01\/hammer-mill-300x225.webp 300w\" sizes=\"auto, (max-width: 720px) 100vw, 720px\" \/><figcaption class=\"wp-element-caption\">Molino de martillos<\/figcaption><\/figure>    <figure class=\"wp-block-image size-large\"><img loading=\"lazy\" decoding=\"async\" width=\"720\" height=\"540\" data-id=\"800\" src=\"https:\/\/shuliywoodmachine.com\/wp-content\/uploads\/2022\/09\/coal-crusher-hammer.webp\" alt=\"martillo trituradora de carbon\" class=\"wp-image-800\" title=\"\" srcset=\"https:\/\/shuliywoodmachine.com\/wp-content\/uploads\/2022\/09\/coal-crusher-hammer.webp 720w, https:\/\/shuliywoodmachine.com\/wp-content\/uploads\/2022\/09\/coal-crusher-hammer-300x225.webp 300w\" sizes=\"auto, (max-width: 720px) 100vw, 720px\" \/><figcaption class=\"wp-element-caption\">Martillo trituradora de carb\u00f3n<\/figcaption><\/figure> <\/figure>    <p class=\"translation-block\">Como el tama\u00f1o de los residuos de madera var\u00eda, y el tama\u00f1o para la producci\u00f3n de bloques de palets de madera es de aproximadamente 1 cm, se requiere un <a href=\"https:\/\/shuliywoodmachine.com\/es\/product\/trituradora-de-martillo\/\">triturador de martillos<\/a>.<\/p>    <figure class=\"wp-block-table\"><table><tbody><tr><td>Modelo<\/td><td>SL-600<\/td><\/tr><tr><td>Tama\u00f1o de alimentaci\u00f3n de entrada<\/td><td>180*180mm<\/td><\/tr><tr><td>Capacidad<\/td><td>800-1000kg\/h<\/td><\/tr><tr><td>Fuerza<\/td><td>30kw<\/td><\/tr><\/tbody><\/table><figcaption class=\"wp-element-caption\">especificaciones del molino de martillos<\/figcaption><\/figure>    <p class=\"translation-block\"><strong>Aparato de secado<\/strong><\/p>   <div class=\"wp-block-image\"> <figure class=\"aligncenter size-full\"><img loading=\"lazy\" decoding=\"async\" width=\"720\" height=\"540\" src=\"https:\/\/shuliywoodmachine.com\/wp-content\/uploads\/2023\/01\/sawdust-drying-machine.webp\" alt=\"secadora de aserr\u00edn\" class=\"wp-image-1262\" title=\"\" srcset=\"https:\/\/shuliywoodmachine.com\/wp-content\/uploads\/2023\/01\/sawdust-drying-machine.webp 720w, https:\/\/shuliywoodmachine.com\/wp-content\/uploads\/2023\/01\/sawdust-drying-machine-300x225.webp 300w\" sizes=\"auto, (max-width: 720px) 100vw, 720px\" \/><figcaption class=\"wp-element-caption\">secadora de aserr\u00edn<\/figcaption><\/figure> <\/div>   <p>El contenido de humedad de los materiales triturados para fabricar bloques de madera debe ser inferior a 10%. Se aplica la m\u00e1quina secadora de aserr\u00edn.<\/p>    <figure class=\"wp-block-table\"><table><tbody><tr><td>Modelo<\/td><td>SL-2<\/td><\/tr><tr><td>Motor<\/td><td>5,5 kw<\/td><\/tr><tr><td>Capacidad<\/td><td>500-600kg\/hora<\/td><\/tr><\/tbody><\/table><figcaption class=\"wp-element-caption\">Par\u00e1metros t\u00e9cnicos de la secadora de aserr\u00edn.<\/figcaption><\/figure>    <p class=\"translation-block\"><strong>Mezclador de pegamento<\/strong><\/p>    <figure class=\"wp-block-gallery aligncenter has-nested-images columns-default is-cropped wp-block-gallery-4 is-layout-flex wp-block-gallery-is-layout-flex\"> <figure class=\"wp-block-image size-large\"><img loading=\"lazy\" decoding=\"async\" width=\"720\" height=\"540\" data-id=\"1354\" src=\"https:\/\/shuliywoodmachine.com\/wp-content\/uploads\/2023\/01\/glue-mixer-for-wooden-bloks-production.webp\" alt=\"Mezclador de pegamento para producci\u00f3n de bloques de madera.\" class=\"wp-image-1354\" title=\"\" srcset=\"https:\/\/shuliywoodmachine.com\/wp-content\/uploads\/2023\/01\/glue-mixer-for-wooden-bloks-production.webp 720w, https:\/\/shuliywoodmachine.com\/wp-content\/uploads\/2023\/01\/glue-mixer-for-wooden-bloks-production-300x225.webp 300w\" sizes=\"auto, (max-width: 720px) 100vw, 720px\" \/><figcaption class=\"wp-element-caption\">Mezclador de pegamento para producci\u00f3n de bloques de madera<\/figcaption><\/figure>    <figure class=\"wp-block-image size-large\"><img loading=\"lazy\" decoding=\"async\" width=\"720\" height=\"540\" data-id=\"1355\" src=\"https:\/\/shuliywoodmachine.com\/wp-content\/uploads\/2023\/01\/glue-mixer.webp\" alt=\"mezclador de pegamento\" class=\"wp-image-1355\" title=\"\" srcset=\"https:\/\/shuliywoodmachine.com\/wp-content\/uploads\/2023\/01\/glue-mixer.webp 720w, https:\/\/shuliywoodmachine.com\/wp-content\/uploads\/2023\/01\/glue-mixer-300x225.webp 300w\" sizes=\"auto, (max-width: 720px) 100vw, 720px\" \/><figcaption class=\"wp-element-caption\">Mezclador de pegamento<\/figcaption><\/figure> <\/figure>    <p>Antes de prensar bloques de madera en caliente, es necesario mezclar el pegamento y los desechos de madera procesados. <\/p>    <p>En la l\u00ednea de producci\u00f3n de bloques para paletas de madera prensada, es importante porque la madera en s\u00ed no es pegajosa, es necesario agregar pegamento para unirlos.<\/p>    <figure class=\"wp-block-table\"><table><tbody><tr><td>Marca<\/td><td>Shuliy<\/td><\/tr><tr><td>Motor<\/td><td>7,5 kw<\/td><\/tr><tr><td>Capacidad<\/td><td>1800kg\/h<\/td><\/tr><tr><td>Dimensi\u00f3n<\/td><td>1500*1000*130mm<\/td><\/tr><\/tbody><\/table><figcaption class=\"wp-element-caption\">par\u00e1metros del mezclador de pegamento<\/figcaption><\/figure>    <p class=\"translation-block\"><strong>M\u00e1quina para fabricar bloques de palets de madera<\/strong><\/p>    <figure class=\"wp-block-gallery aligncenter has-nested-images columns-default is-cropped wp-block-gallery-5 is-layout-flex wp-block-gallery-is-layout-flex\"> <figure class=\"wp-block-image size-full\"><img loading=\"lazy\" decoding=\"async\" width=\"720\" height=\"540\" data-id=\"1351\" src=\"https:\/\/shuliywoodmachine.com\/wp-content\/uploads\/2023\/01\/wooden-block-making-machine-with-square-hoppers.webp\" alt=\"M\u00e1quina para fabricar bloques de madera con tolvas cuadradas.\" class=\"wp-image-1351\" title=\"\" srcset=\"https:\/\/shuliywoodmachine.com\/wp-content\/uploads\/2023\/01\/wooden-block-making-machine-with-square-hoppers.webp 720w, https:\/\/shuliywoodmachine.com\/wp-content\/uploads\/2023\/01\/wooden-block-making-machine-with-square-hoppers-300x225.webp 300w\" sizes=\"auto, (max-width: 720px) 100vw, 720px\" \/><figcaption class=\"wp-element-caption\">M\u00e1quina para fabricar bloques de madera con tolvas cuadradas<\/figcaption><\/figure>    <figure class=\"wp-block-image size-full\"><img loading=\"lazy\" decoding=\"async\" width=\"720\" height=\"540\" data-id=\"1349\" src=\"https:\/\/shuliywoodmachine.com\/wp-content\/uploads\/2023\/01\/compressed-wood-block-making-machine-with-round-hoppers.webp\" alt=\"M\u00e1quina para fabricar bloques de madera comprimida con tolvas redondas.\" class=\"wp-image-1349\" title=\"\" srcset=\"https:\/\/shuliywoodmachine.com\/wp-content\/uploads\/2023\/01\/compressed-wood-block-making-machine-with-round-hoppers.webp 720w, https:\/\/shuliywoodmachine.com\/wp-content\/uploads\/2023\/01\/compressed-wood-block-making-machine-with-round-hoppers-300x225.webp 300w\" sizes=\"auto, (max-width: 720px) 100vw, 720px\" \/><figcaption class=\"wp-element-caption\">M\u00e1quina para fabricar bloques de madera comprimida con tolvas redondas<\/figcaption><\/figure> <\/figure>    <p class=\"translation-block\">Despu\u00e9s de mezclar el pegamento, debe elegir una <a href=\"https:\/\/shuliywoodmachine.com\/es\/product\/maquina-para-fabricar-bloques-de-madera\/\">m\u00e1quina para fabricar bloques de aserr\u00edn<\/a> adecuada para producir bloques de madera de alta calidad.<\/p>    <figure class=\"wp-block-table\"><table><tbody><tr><td>Nombre de la m\u00e1quina<\/td><td>M\u00e1quina para fabricar bloques de paletas de cuatro cabezales<\/td><\/tr><tr><td>Tama\u00f1o<\/td><td>90*90mm (personalizable)<\/td><\/tr><tr><td>Motor<\/td><td>15-18kw<\/td><\/tr><tr><td>Capacidad<\/td><td>4m\u00b3\/24h(diferente para diferentes materiales\uff09<\/td><\/tr><tr><td>Densidad<\/td><td>550-600kg\/m\u00b3<\/td><\/tr><tr><td>Material de consumo<\/td><td>550-600 kg\/m\u00b3 (virutas de madera, aserr\u00edn)<\/td><\/tr><tr><td>Consumo de pegamento<\/td><td>80-100kg\/m\u00b3<\/td><\/tr><tr><td>Control de temperatura<\/td><td>PID<\/td><\/tr><tr><td>Dimensi\u00f3n<\/td><td>4800*760*1300mm<\/td><\/tr><tr><td>Peso<\/td><td>1300 kilos<\/td><\/tr><\/tbody><\/table><figcaption class=\"wp-element-caption\">Especificaciones de la m\u00e1quina para fabricar bloques de paletas de madera.<\/figcaption><\/figure>    <p class=\"translation-block\"><strong>M\u00e1quina de corte autom\u00e1tica<\/strong><\/p>    <figure class=\"wp-block-gallery aligncenter has-nested-images columns-default is-cropped wp-block-gallery-6 is-layout-flex wp-block-gallery-is-layout-flex\"> <figure class=\"wp-block-image size-full\"><img loading=\"lazy\" decoding=\"async\" width=\"720\" height=\"540\" data-id=\"1353\" src=\"https:\/\/shuliywoodmachine.com\/wp-content\/uploads\/2023\/01\/manual-blocks-cutter.webp\" alt=\"cortador manual para bloques de palets \" class=\"wp-image-1353\" title=\"\" srcset=\"https:\/\/shuliywoodmachine.com\/wp-content\/uploads\/2023\/01\/manual-blocks-cutter.webp 720w, https:\/\/shuliywoodmachine.com\/wp-content\/uploads\/2023\/01\/manual-blocks-cutter-300x225.webp 300w\" sizes=\"auto, (max-width: 720px) 100vw, 720px\" \/><figcaption class=\"wp-element-caption\">Cortador Manual Para Bloques De Palets <\/figcaption><\/figure>    <figure class=\"wp-block-image size-full\"><img loading=\"lazy\" decoding=\"async\" width=\"720\" height=\"540\" data-id=\"1352\" src=\"https:\/\/shuliywoodmachine.com\/wp-content\/uploads\/2023\/01\/automatic-block-cutter.webp\" alt=\"cortadora autom\u00e1tica de bloques\" class=\"wp-image-1352\" title=\"\" srcset=\"https:\/\/shuliywoodmachine.com\/wp-content\/uploads\/2023\/01\/automatic-block-cutter.webp 720w, https:\/\/shuliywoodmachine.com\/wp-content\/uploads\/2023\/01\/automatic-block-cutter-300x225.webp 300w\" sizes=\"auto, (max-width: 720px) 100vw, 720px\" \/><figcaption class=\"wp-element-caption\">Cortador autom\u00e1tico de bloques<\/figcaption><\/figure> <\/figure>    <p>Cuando los bloques de madera (con o sin agujero) est\u00e9n listos, se debe utilizar la m\u00e1quina cortadora.<\/p>    <p>Puede cortar bloques de paletas de madera en las longitudes requeridas, lo que es f\u00e1cil de usar y vender.<\/p>    <figure class=\"wp-block-table\"><table><tbody><tr><td>Modelo<\/td><td>SL-1800<\/td><\/tr><tr><td>Fuerza<\/td><td>5,5 kw<\/td><\/tr><tr><td>Dimensi\u00f3n<\/td><td>1600*1200*1300mm<\/td><\/tr><tr><td>Peso<\/td><td>300 kilos<\/td><\/tr><tr><td>Di\u00e1metro de la sierra<\/td><td>400 mm<\/td><\/tr><tr><td>Capacidad<\/td><td>1800 piezas\/h<\/td><\/tr><tr><td>Longitud de corte<\/td><td>Ajustable<\/td><\/tr><\/tbody><\/table><figcaption class=\"wp-element-caption\">datos t\u00e9cnicos de la cortadora autom\u00e1tica<\/figcaption><\/figure>    <h2 class=\"wp-block-heading\"><strong>Focos de la l\u00ednea de producci\u00f3n de bloques para paletas de aserr\u00edn de madera<\/strong><\/h2>    <ul class=\"wp-block-list\"> <li><strong>Alta automatizaci\u00f3n<\/strong>. La l\u00ednea de producci\u00f3n de bloques para paletas de madera Shuliy funciona con la ayuda de un mecanismo y 2 o 3 personas son suficientes para operar toda la l\u00ednea. <\/li>    <li><strong>Reciclaje de residuos<\/strong>. Las materias primas utilizadas en esta l\u00ednea son residuos de madera, <a href=\"https:\/\/en.wikipedia.org\/wiki\/Woodchips\" target=\"_blank\" rel=\"noreferrer noopener\">astillas de madera<\/a>, virutas de madera y restos de madera, que se reciclan para la producci\u00f3n de bloques de aserr\u00edn.<\/li>    <li><strong>Producci\u00f3n de bloques est\u00e1ndar regular y europeo.<\/strong>. Nuestra l\u00ednea puede producir varios tama\u00f1os de bloques de madera, como 80*80 mm, 90*90 mm, 90*120 mm, 100*100 mm, 100*115 mm, etc. El bloque que supera los 100 mm es un est\u00e1ndar europeo.<\/li>    <li><strong>Selecci\u00f3n de m\u00e1quina flexible<\/strong>.  <ul class=\"wp-block-list\"> <li>De acuerdo con el tama\u00f1o y la humedad de las materias primas, puede encontrar de manera flexible la m\u00e1quina trituradora y secadora de madera.<\/li>    <li>Seg\u00fan el presupuesto y las necesidades, puedes seleccionar de forma flexible la cortadora manual o autom\u00e1tica.<\/li> <\/ul> <\/li> <\/ul>    <figure class=\"wp-block-gallery aligncenter has-nested-images columns-default is-cropped wp-block-gallery-7 is-layout-flex wp-block-gallery-is-layout-flex\"> <figure class=\"wp-block-image size-large\"><img loading=\"lazy\" decoding=\"async\" width=\"720\" height=\"540\" data-id=\"1367\" src=\"https:\/\/shuliywoodmachine.com\/wp-content\/uploads\/2023\/01\/pallet-block-hot-press-machine-manufacturer.webp\" alt=\"fabricante de m\u00e1quinas de prensado en caliente para bloques de paletas\" class=\"wp-image-1367\" title=\"\" srcset=\"https:\/\/shuliywoodmachine.com\/wp-content\/uploads\/2023\/01\/pallet-block-hot-press-machine-manufacturer.webp 720w, https:\/\/shuliywoodmachine.com\/wp-content\/uploads\/2023\/01\/pallet-block-hot-press-machine-manufacturer-300x225.webp 300w\" sizes=\"auto, (max-width: 720px) 100vw, 720px\" \/><figcaption class=\"wp-element-caption\">Fabricante de m\u00e1quinas de prensado en caliente para bloques de paletas<\/figcaption><\/figure>    <figure class=\"wp-block-image size-full\"><img loading=\"lazy\" decoding=\"async\" width=\"720\" height=\"540\" data-id=\"1368\" src=\"https:\/\/shuliywoodmachine.com\/wp-content\/uploads\/2023\/01\/sawdust-wood-pallet-block-making-machine.webp\" alt=\"M\u00e1quina para fabricar bloques de paletas de madera de aserr\u00edn\" class=\"wp-image-1368\" title=\"\" srcset=\"https:\/\/shuliywoodmachine.com\/wp-content\/uploads\/2023\/01\/sawdust-wood-pallet-block-making-machine.webp 720w, https:\/\/shuliywoodmachine.com\/wp-content\/uploads\/2023\/01\/sawdust-wood-pallet-block-making-machine-300x225.webp 300w\" sizes=\"auto, (max-width: 720px) 100vw, 720px\" \/><figcaption class=\"wp-element-caption\">M\u00e1quina para fabricar bloques de paletas de madera de aserr\u00edn<\/figcaption><\/figure> <\/figure>    <h2 class=\"wp-block-heading\"><strong>\u00bfQui\u00e9n est\u00e1 interesado en invertir en la producci\u00f3n de bloques para paletas de madera?<\/strong><\/h2>    <p>Los clientes que invierten en la l\u00ednea de producci\u00f3n de bloques para paletas de madera Shuliy generalmente se dividen en dos categor\u00edas:<\/p>    <ul class=\"wp-block-list\"> <li><strong>Eliminaci\u00f3n propia de restos de madera.<\/strong>. Este tipo de cliente generalmente tiene sus propias plantas de procesamiento de madera y desea utilizar los restos para generar ingresos.<\/li>    <li><strong>Clientes que se dedican a la producci\u00f3n y venta de bloques de madera.<\/strong>. Estos clientes est\u00e1n especializados en este negocio.<\/li> <\/ul>    <h2 class=\"wp-block-heading\"><strong>\u00bfC\u00f3mo sacar provecho haciendo bloques de madera?<\/strong><\/h2>    <p>Dado que la materia prima para la producci\u00f3n de bloques de madera son los residuos de madera que se van a desechar, reproducirlos ya es rentable.<\/p>    <p>Adem\u00e1s, los bloques producidos se utilizan ampliamente en supermercados y log\u00edstica. La venta comercial aumenta el beneficio.<\/p>   <div class=\"wp-block-image\"> <figure class=\"aligncenter size-full\"><img loading=\"lazy\" decoding=\"async\" width=\"720\" height=\"300\" src=\"https:\/\/shuliywoodmachine.com\/wp-content\/uploads\/2023\/01\/usage-of-the-wooden-blocks.webp\" alt=\"uso de los bloques de madera\" class=\"wp-image-1363\" title=\"\" srcset=\"https:\/\/shuliywoodmachine.com\/wp-content\/uploads\/2023\/01\/usage-of-the-wooden-blocks.webp 720w, https:\/\/shuliywoodmachine.com\/wp-content\/uploads\/2023\/01\/usage-of-the-wooden-blocks-300x125.webp 300w\" sizes=\"auto, (max-width: 720px) 100vw, 720px\" \/><figcaption class=\"wp-element-caption\">uso de los bloques de madera<\/figcaption><\/figure> <\/div>   <h2 class=\"wp-block-heading\"><strong>Servicios ofrecidos por Shuliy Machinery<\/strong><\/h2>    <ul class=\"wp-block-list\"> <li><strong>Servicio de preventa, venta y posventa<\/strong> <ul class=\"wp-block-list\"> <li><strong>Servicio de preventa<\/strong> <ul class=\"wp-block-list\"> <li>Servicio en l\u00ednea las 24 horas<\/li>    <li>Podemos proporcionarle el dise\u00f1o del proyecto, el dise\u00f1o del proceso y un programa de compra adecuado. Dise\u00f1ar y fabricar productos basados \u200b\u200ben sus necesidades espec\u00edficas.\u00a0<\/li> <\/ul> <\/li>    <li><strong>Servicio de venta<\/strong> <ul class=\"wp-block-list\"> <li>Acompa\u00f1arlo a visitar nuestra f\u00e1brica, explicarle el proceso de fabricaci\u00f3n de nuestras m\u00e1quinas y verificar el rendimiento laboral de nuestra m\u00e1quina.<\/li> <\/ul> <\/li>    <li><strong>Servicio postventa<\/strong> <ul class=\"wp-block-list\"> <li>Gu\u00eda de instalaci\u00f3n<\/li>    <li>Resuelve problemas a tiempo. Si encuentra alg\u00fan problema durante el uso de la m\u00e1quina, cont\u00e1ctenos en cualquier momento.<\/li> <\/ul> <\/li> <\/ul> <\/li>    <li><strong>Ingeniero de despacho para guiar la instalaci\u00f3n.<\/strong> <ul class=\"wp-block-list\"> <li>De acuerdo con los requisitos del cliente, enviaremos ingenieros para guiar la instalaci\u00f3n y capacitar sobre el funcionamiento de la l\u00ednea de producci\u00f3n de bloques para paletas de madera comprimida.<\/li> <\/ul> <\/li>    <li><strong>Servicio de personalizaci\u00f3n<\/strong> <ul class=\"wp-block-list\"> <li>Puede enviarnos sus materiales de desecho de muestra y probaremos la m\u00e1quina por usted sin cobrar tarifas. Y podemos personalizar la m\u00e1quina para cumplir con sus requisitos de producci\u00f3n.<\/li> <\/ul> <\/li> <\/ul>   <div class=\"wp-block-image\"> <figure class=\"aligncenter size-full\"><img loading=\"lazy\" decoding=\"async\" width=\"720\" height=\"540\" src=\"https:\/\/shuliywoodmachine.com\/wp-content\/uploads\/2022\/09\/commercial-sawdust-block-making-machine.webp\" alt=\"m\u00e1quina comercial para fabricar bloques de aserr\u00edn\" class=\"wp-image-1004\" title=\"\" srcset=\"https:\/\/shuliywoodmachine.com\/wp-content\/uploads\/2022\/09\/commercial-sawdust-block-making-machine.webp 720w, https:\/\/shuliywoodmachine.com\/wp-content\/uploads\/2022\/09\/commercial-sawdust-block-making-machine-300x225.webp 300w\" sizes=\"auto, (max-width: 720px) 100vw, 720px\" \/><figcaption class=\"wp-element-caption\">m\u00e1quina comercial para fabricar bloques de aserr\u00edn<\/figcaption><\/figure> <\/div>   <p>Si est\u00e1 interesado en la l\u00ednea de producci\u00f3n de bloques para paletas de madera, cont\u00e1ctenos. Le proporcionaremos la mejor soluci\u00f3n seg\u00fan sus necesidades.<\/p>","protected":false},"excerpt":{"rendered":"<p>La l\u00ednea de producci\u00f3n de bloques para paletas de madera procesa aserr\u00edn, virutas de madera, astillas de madera, etc. en bloques para paletas de madera mediante alta temperatura y presi\u00f3n. <\/p>","protected":false},"author":1,"featured_media":1346,"parent":0,"template":"","tags":[87,151,104,150],"product-type":[99],"class_list":["post-1345","product","type-product","status-publish","has-post-thumbnail","hentry","tag-wood-block-making-machine","tag-wood-blocks","tag-wood-pallet-block-production-line","tag-wood-pallet-blocks","product-type-production-line"],"_links":{"self":[{"href":"https:\/\/shuliywoodmachine.com\/es\/wp-json\/wp\/v2\/product\/1345","targetHints":{"allow":["GET"]}}],"collection":[{"href":"https:\/\/shuliywoodmachine.com\/es\/wp-json\/wp\/v2\/product"}],"about":[{"href":"https:\/\/shuliywoodmachine.com\/es\/wp-json\/wp\/v2\/types\/product"}],"author":[{"embeddable":true,"href":"https:\/\/shuliywoodmachine.com\/es\/wp-json\/wp\/v2\/users\/1"}],"wp:featuredmedia":[{"embeddable":true,"href":"https:\/\/shuliywoodmachine.com\/es\/wp-json\/wp\/v2\/media\/1346"}],"wp:attachment":[{"href":"https:\/\/shuliywoodmachine.com\/es\/wp-json\/wp\/v2\/media?parent=1345"}],"wp:term":[{"taxonomy":"post_tag","embeddable":true,"href":"https:\/\/shuliywoodmachine.com\/es\/wp-json\/wp\/v2\/tags?post=1345"},{"taxonomy":"product-type","embeddable":true,"href":"https:\/\/shuliywoodmachine.com\/es\/wp-json\/wp\/v2\/product-type?post=1345"}],"curies":[{"name":"wp","href":"https:\/\/api.w.org\/{rel}","templated":true}]}}