{"id":220,"date":"2022-07-12T02:18:16","date_gmt":"2022-07-12T02:18:16","guid":{"rendered":"https:\/\/shuliywoodmachine.com\/?post_type=product&#038;p=220"},"modified":"2025-04-14T16:37:03","modified_gmt":"2025-04-14T08:37:03","slug":"drum-chipper-wood-chipping-machine","status":"publish","type":"product","link":"https:\/\/shuliywoodmachine.com\/es\/product\/drum-chipper-wood-chipping-machine\/","title":{"rendered":"Astilladora de tambor | M\u00e1quina trituradora de madera"},"content":{"rendered":"<p class=\"translation-block\">Esta <strong>desmenuzadora de tambor<\/strong> est\u00e1 dise\u00f1ada para cortar troncos, ramas, tablas, chapas de desecho, bamb\u00fa, etc. en peque\u00f1os chips de madera regulares con un tama\u00f1o de 25mm (ajustable). Puede manejar grandes cantidades de madera de desecho, y la capacidad alcanza 5-15t\/h.<\/p>    <figure class=\"wp-block-gallery aligncenter has-nested-images columns-default is-cropped wp-block-gallery-2 is-layout-flex wp-block-gallery-is-layout-flex\"> <figure class=\"wp-block-image size-full\"><img loading=\"lazy\" decoding=\"async\" width=\"720\" height=\"540\" data-id=\"847\" src=\"https:\/\/shuliywoodmachine.com\/wp-content\/uploads\/2022\/09\/electric-drum-chipper.webp\" alt=\"trituradora de tambor electrica\" class=\"wp-image-847\" title=\"\" srcset=\"https:\/\/shuliywoodmachine.com\/wp-content\/uploads\/2022\/09\/electric-drum-chipper.webp 720w, https:\/\/shuliywoodmachine.com\/wp-content\/uploads\/2022\/09\/electric-drum-chipper-300x225.webp 300w\" sizes=\"auto, (max-width: 720px) 100vw, 720px\" \/><figcaption class=\"wp-element-caption\">Astilladora de tambor el\u00e9ctrica<\/figcaption><\/figure>    <figure class=\"wp-block-image size-full\"><img loading=\"lazy\" decoding=\"async\" width=\"720\" height=\"540\" data-id=\"848\" src=\"https:\/\/shuliywoodmachine.com\/wp-content\/uploads\/2022\/09\/wood-chipper-machine.webp\" alt=\"m\u00e1quina trituradora de madera\" class=\"wp-image-848\" title=\"\" srcset=\"https:\/\/shuliywoodmachine.com\/wp-content\/uploads\/2022\/09\/wood-chipper-machine.webp 720w, https:\/\/shuliywoodmachine.com\/wp-content\/uploads\/2022\/09\/wood-chipper-machine-300x225.webp 300w\" sizes=\"auto, (max-width: 720px) 100vw, 720px\" \/><figcaption class=\"wp-element-caption\">M\u00e1quina trituradora de madera<\/figcaption><\/figure> <\/figure>    <figure class=\"wp-block-gallery aligncenter has-nested-images columns-default is-cropped wp-block-gallery-3 is-layout-flex wp-block-gallery-is-layout-flex\"> <figure class=\"wp-block-image size-full\"><img loading=\"lazy\" decoding=\"async\" width=\"600\" height=\"450\" data-id=\"850\" src=\"https:\/\/shuliywoodmachine.com\/wp-content\/uploads\/2022\/09\/industrial-wood-chipper-for-sale.webp\" alt=\"Se vende trituradora de madera industrial\" class=\"wp-image-850\" title=\"\" srcset=\"https:\/\/shuliywoodmachine.com\/wp-content\/uploads\/2022\/09\/industrial-wood-chipper-for-sale.webp 600w, https:\/\/shuliywoodmachine.com\/wp-content\/uploads\/2022\/09\/industrial-wood-chipper-for-sale-300x225.webp 300w\" sizes=\"auto, (max-width: 600px) 100vw, 600px\" \/><figcaption class=\"wp-element-caption\">Trituradora de madera industrial a la venta<\/figcaption><\/figure>    <figure class=\"wp-block-image size-full\"><img loading=\"lazy\" decoding=\"async\" width=\"720\" height=\"540\" data-id=\"851\" src=\"https:\/\/shuliywoodmachine.com\/wp-content\/uploads\/2022\/09\/large-wood-drum-chipper.webp\" alt=\"trituradora de madera grande\" class=\"wp-image-851\" title=\"\" srcset=\"https:\/\/shuliywoodmachine.com\/wp-content\/uploads\/2022\/09\/large-wood-drum-chipper.webp 720w, https:\/\/shuliywoodmachine.com\/wp-content\/uploads\/2022\/09\/large-wood-drum-chipper-300x225.webp 300w\" sizes=\"auto, (max-width: 720px) 100vw, 720px\" \/><figcaption class=\"wp-element-caption\">Trituradora de madera grande<\/figcaption><\/figure> <\/figure>    <p>Y nuestra m\u00e1quina siempre funciona con el transportador para trabajos de transporte y procesamiento autom\u00e1tico de madera. Tanto los puertos de alimentaci\u00f3n como los de salida pueden utilizar el transportador para facilitar el trabajo.<\/p>    <p>Adem\u00e1s, nuestra trituradora de madera de tambor, famosa por una amplia gama de aplicaciones, buen rendimiento de la m\u00e1quina y larga vida \u00fatil, es muy popular en todo el mundo. Se ha exportado a Australia, Estados Unidos, Alemania, Yemen, Sud\u00e1frica, Per\u00fa, etc.<\/p>    <figure class=\"wp-block-embed is-type-video is-provider-youtube wp-block-embed-youtube wp-embed-aspect-16-9 wp-has-aspect-ratio\"><div class=\"wp-block-embed__wrapper\"> <iframe loading=\"lazy\" title=\"Incre\u00edble trituradora de troncos | M\u00e1quina trituradora de madera de calidad a la venta de Shuliy, 2022 #woodchips\" width=\"500\" height=\"281\" src=\"https:\/\/www.youtube.com\/embed\/LSE8AbPLPdY?feature=oembed\" frameborder=\"0\" allow=\"accelerometer; autoplay; clipboard-write; encrypted-media; gyroscope; picture-in-picture; web-share\" referrerpolicy=\"strict-origin-when-cross-origin\" allowfullscreen><\/iframe> <\/div><figcaption class=\"wp-element-caption\">Video de trabajo de la trituradora de madera de tambor.<\/figcaption><\/figure>    <h2 class=\"wp-block-heading\"><strong>Materias primas a triturar y aplicaciones.<\/strong><\/h2>    <p class=\"has-text-align-left\">Esta m\u00e1quina trituradora de madera tiene una amplia gama de aplicaciones en las materias primas, pero debe prestar atenci\u00f3n a que las materias primas de madera no tengan clavos, que incluyen, entre otras:<\/p>   <div class=\"wp-block-image\"> <figure class=\"aligncenter size-full\"><img loading=\"lazy\" decoding=\"async\" width=\"720\" height=\"350\" src=\"https:\/\/shuliywoodmachine.com\/wp-content\/uploads\/2022\/07\/raw-materials-for-drum-style-wood-chipper.webp\" alt=\"Materias primas para trituradora de madera estilo tambor.\" class=\"wp-image-2060\" title=\"\" srcset=\"https:\/\/shuliywoodmachine.com\/wp-content\/uploads\/2022\/07\/raw-materials-for-drum-style-wood-chipper.webp 720w, https:\/\/shuliywoodmachine.com\/wp-content\/uploads\/2022\/07\/raw-materials-for-drum-style-wood-chipper-300x146.webp 300w, https:\/\/shuliywoodmachine.com\/wp-content\/uploads\/2022\/07\/raw-materials-for-drum-style-wood-chipper-18x9.webp 18w\" sizes=\"auto, (max-width: 720px) 100vw, 720px\" \/><figcaption class=\"wp-element-caption\">Materias primas para trituradora de madera de tambor.<\/figcaption><\/figure> <\/div>   <p class=\"translation-block\"><strong>Madera, bamb\u00fa, <a href=\"https:\/\/en.wikipedia.org\/wiki\/Slab\" target=\"_blank\" rel=\"noreferrer noopener\">tablas<\/a>, ramas, paja, madera, troncos, ramas, tablas, chapas de desecho, tallos de algod\u00f3n y otros tallos de fibra no maderables<\/strong>. <\/p>   <div class=\"wp-block-image\"> <figure class=\"aligncenter size-full\"><img loading=\"lazy\" decoding=\"async\" width=\"720\" height=\"450\" src=\"https:\/\/shuliywoodmachine.com\/wp-content\/uploads\/2022\/09\/raw-materials-to-be-chipped.webp\" alt=\"Materias primas a triturar.\" class=\"wp-image-852\" title=\"\" srcset=\"https:\/\/shuliywoodmachine.com\/wp-content\/uploads\/2022\/09\/raw-materials-to-be-chipped.webp 720w, https:\/\/shuliywoodmachine.com\/wp-content\/uploads\/2022\/09\/raw-materials-to-be-chipped-300x188.webp 300w\" sizes=\"auto, (max-width: 720px) 100vw, 720px\" \/><figcaption class=\"wp-element-caption\">Materias primas a triturar.<\/figcaption><\/figure> <\/div>   <p>Despu\u00e9s del astillado, las astillas de madera tienen varios usos.<\/p>    <ul class=\"wp-block-list\"> <li><strong>Las materias primas se aplican en diversas industrias.<\/strong>. Plantas de combustible de biomasa, fabricaci\u00f3n de papel, plantas de energ\u00eda de biomasa, pulpa, jabal\u00ed artificial, quema de fuego, plantas de tableros de madera, plantas de tableros comprimidos, fabricaci\u00f3n de pellets (como materia prima) y otras industrias.<\/li>    <li><strong>Venta de barcos de madera de alta calidad.<\/strong>. Esto pertenece a la generaci\u00f3n de ganancias, lo que beneficia a su negocio maderero.<\/li> <\/ul>    <figure class=\"wp-block-gallery has-nested-images columns-default is-cropped wp-block-gallery-4 is-layout-flex wp-block-gallery-is-layout-flex\"> <figure class=\"wp-block-image size-large\"><img loading=\"lazy\" decoding=\"async\" width=\"720\" height=\"540\" data-id=\"2063\" src=\"https:\/\/shuliywoodmachine.com\/wp-content\/uploads\/2022\/07\/regular-wood-chips.webp\" alt=\"astillas de madera normales\" class=\"wp-image-2063\" title=\"\" srcset=\"https:\/\/shuliywoodmachine.com\/wp-content\/uploads\/2022\/07\/regular-wood-chips.webp 720w, https:\/\/shuliywoodmachine.com\/wp-content\/uploads\/2022\/07\/regular-wood-chips-300x225.webp 300w, https:\/\/shuliywoodmachine.com\/wp-content\/uploads\/2022\/07\/regular-wood-chips-16x12.webp 16w\" sizes=\"auto, (max-width: 720px) 100vw, 720px\" \/><figcaption class=\"wp-element-caption\">Astillas de madera regulares<\/figcaption><\/figure>    <figure class=\"wp-block-image size-full\"><img loading=\"lazy\" decoding=\"async\" width=\"720\" height=\"540\" data-id=\"2065\" src=\"https:\/\/shuliywoodmachine.com\/wp-content\/uploads\/2024\/07\/wood-chips-processed-by-wood-drum-chipper.webp\" alt=\"astillas de madera procesadas por una trituradora de tambor de madera\" class=\"wp-image-2065\" title=\"\" srcset=\"https:\/\/shuliywoodmachine.com\/wp-content\/uploads\/2024\/07\/wood-chips-processed-by-wood-drum-chipper.webp 720w, https:\/\/shuliywoodmachine.com\/wp-content\/uploads\/2024\/07\/wood-chips-processed-by-wood-drum-chipper-300x225.webp 300w, https:\/\/shuliywoodmachine.com\/wp-content\/uploads\/2024\/07\/wood-chips-processed-by-wood-drum-chipper-16x12.webp 16w\" sizes=\"auto, (max-width: 720px) 100vw, 720px\" \/><figcaption class=\"wp-element-caption\">Astillas de madera procesadas por astilladora de tambor de madera<\/figcaption><\/figure> <\/figure>    <p class=\"translation-block\">Para producir mejor chips de madera de calidad, podemos usar una <a href=\"https:\/\/shuliywoodmachine.com\/es\/product\/wood-debarker-log-debarker\/\">m\u00e1quina de pelar troncos<\/a> antes de usar una desmenuzadora de madera.<\/p>    <p>Adem\u00e1s, esta trituradora de tambor tambi\u00e9n se puede utilizar para la producci\u00f3n de aserr\u00edn. Se utiliza antes de la l\u00ednea de producci\u00f3n como paso de trituraci\u00f3n gruesa y luego se puede realizar un procesamiento profundo.<\/p>    <h2 class=\"wp-block-heading\" id=\"h-features-of-commercial-drum-chipper-for-sale\"><strong>Caracter\u00edsticas de la trituradora de tambor comercial a la venta.<\/strong><\/h2>   <div class=\"wp-block-image\"> <figure class=\"aligncenter size-full\"><img loading=\"lazy\" decoding=\"async\" width=\"720\" height=\"200\" src=\"https:\/\/shuliywoodmachine.com\/wp-content\/uploads\/2022\/09\/features-of-wood-chipper.webp\" alt=\"caracter\u00edsticas de la trituradora de madera\" class=\"wp-image-855\" title=\"\" srcset=\"https:\/\/shuliywoodmachine.com\/wp-content\/uploads\/2022\/09\/features-of-wood-chipper.webp 720w, https:\/\/shuliywoodmachine.com\/wp-content\/uploads\/2022\/09\/features-of-wood-chipper-300x83.webp 300w\" sizes=\"auto, (max-width: 720px) 100vw, 720px\" \/><figcaption class=\"wp-element-caption\">caracter\u00edsticas de la trituradora de madera<\/figcaption><\/figure> <\/div>   <ol class=\"wp-block-list\"> <li><strong>Rotor de palas de nuevo dise\u00f1o.<\/strong>, por lo que las cuchillas son f\u00e1ciles de reemplazar.<\/li>    <li>Equipado con el <strong>4 rodillos de presi\u00f3n de alimentaci\u00f3n<\/strong>. Su funci\u00f3n es agarrar y morder la madera y forzar el material a alimentar.<\/li>    <li><strong>Rodamiento de refuerzo<\/strong> se aplica y es duradero.<\/li>    <li>tiene un <strong>dispositivo de elevaci\u00f3n autom\u00e1tico (sistema hidr\u00e1ulico)<\/strong>. Al alimentar, puede reconocer autom\u00e1ticamente la altura de la madera y la levantar\u00e1 autom\u00e1ticamente seg\u00fan la madera.<\/li>    <li>Equipado con un <strong>gabinete de control separado<\/strong>. El armario de control es necesario para que al utilizar la m\u00e1quina la electricidad sea m\u00e1s segura.<\/li>    <li>Esta m\u00e1quina puede procesar <strong>residuos de madera con un di\u00e1metro. de 230-500 mm<\/strong>, y tiene un <strong>capacidad de 5-15t\/h<\/strong>. Por tanto, es ideal para plantas de procesamiento de madera. <\/li> <\/ol>   <div class=\"wp-block-image\"> <figure class=\"aligncenter size-full\"><img loading=\"lazy\" decoding=\"async\" width=\"720\" height=\"540\" src=\"https:\/\/shuliywoodmachine.com\/wp-content\/uploads\/2022\/09\/drum-chipper-with-the-conveyor-and-control-cabinet.jpg\" alt=\"Astilladora de tambor con transportador y armario de control.\" class=\"wp-image-846\" title=\"\" srcset=\"https:\/\/shuliywoodmachine.com\/wp-content\/uploads\/2022\/09\/drum-chipper-with-the-conveyor-and-control-cabinet.jpg 720w, https:\/\/shuliywoodmachine.com\/wp-content\/uploads\/2022\/09\/drum-chipper-with-the-conveyor-and-control-cabinet-300x225.jpg 300w\" sizes=\"auto, (max-width: 720px) 100vw, 720px\" \/><figcaption class=\"wp-element-caption\">Astilladora de tambor con transportador y armario de control.<\/figcaption><\/figure> <\/div>   <h2 class=\"wp-block-heading\"><strong>Par\u00e1metros t\u00e9cnicos de la trituradora de madera de tambor a la venta.<\/strong><\/h2>    <figure class=\"wp-block-table\"><table><tbody><tr><td>Modelo<\/td><td>SL-218<\/td><td>SL-216<\/td><\/tr><tr><td>Cantidad de cuchillos<\/td><td>2<\/td><td>2<\/td><\/tr><tr><td>Tama\u00f1o de alimentaci\u00f3n<\/td><td>300*680\u00a0mil\u00edmetro<\/td><td>230*500 mil\u00edmetros<\/td><\/tr><tr><td>Capacidad<\/td><td>10-15 t\/h<\/td><td>5-8t\/h<\/td><\/tr><tr><td>Dimensi\u00f3n de la materia prima<\/td><td>\u2264300 mm<\/td><td>\u2264230\u00a0mm<\/td><\/tr><tr><td>Tama\u00f1o de astillas de madera<\/td><td>25 mm (ajustable)<\/td><td>25 mm (ajustable)<\/td><\/tr><tr><td>Poder principal<\/td><td>110 kilovatios<\/td><td>55 kilovatios<\/td><\/tr><tr><td>Peso<\/td><td>8600 kilos<\/td><td>5600 kilogramos<\/td><\/tr><tr><td>Transportador de entrada de alimentaci\u00f3n<\/td><td>6 metros<\/td><td>6 metros<\/td><\/tr><tr><td>Transportador de salida<\/td><td>8 metros<\/td><td>8 metros<\/td><\/tr><tr><td>Tama\u00f1o de embalaje<\/td><td>3105*2300*1650\u00a0mil\u00edmetro<\/td><td>2735*2200*1200 mil\u00edmetros<\/td><\/tr><\/tbody><\/table><figcaption class=\"wp-element-caption\">especificaciones de la m\u00e1quina trituradora de madera<\/figcaption><\/figure>    <p>Arriba se enumeran nuestros modelos m\u00e1s vendidos para su referencia cuando desee realizar una gran cantidad de procesamiento de residuos de madera.<\/p>    <h2 class=\"wp-block-heading\"><strong>Construcci\u00f3n de la <strong>madera<\/strong><\/strong> <strong>trituradora de tambor<\/strong><\/h2>    <p>La astilladora de tambor Shuliy se compone principalmente de una correa, un puerto de alimentaci\u00f3n, una placa de cuchillas, un motor, una estructura interna (rodillo de presi\u00f3n, cuchilla y criba) y control el\u00e9ctrico. <\/p>   <div class=\"wp-block-image\"> <figure class=\"aligncenter size-full\"><img loading=\"lazy\" decoding=\"async\" width=\"800\" height=\"333\" src=\"https:\/\/shuliywoodmachine.com\/wp-content\/uploads\/2022\/09\/drum-chipper-design.webp\" alt=\"dise\u00f1o de trituradora de tambor\" class=\"wp-image-853\" title=\"\" srcset=\"https:\/\/shuliywoodmachine.com\/wp-content\/uploads\/2022\/09\/drum-chipper-design.webp 800w, https:\/\/shuliywoodmachine.com\/wp-content\/uploads\/2022\/09\/drum-chipper-design-300x125.webp 300w, https:\/\/shuliywoodmachine.com\/wp-content\/uploads\/2022\/09\/drum-chipper-design-768x320.webp 768w\" sizes=\"auto, (max-width: 800px) 100vw, 800px\" \/><figcaption class=\"wp-element-caption\">dise\u00f1o de trituradora de tambor<\/figcaption><\/figure> <\/div>   <p>Si desea producir diferentes especificaciones y espesores de astillas de madera, puede lograrlo ajustando las cantidades de las hojas de astilla.<\/p>    <figure class=\"wp-block-gallery has-nested-images columns-default is-cropped wp-block-gallery-5 is-layout-flex wp-block-gallery-is-layout-flex\"> <figure class=\"wp-block-image size-large\"><img loading=\"lazy\" decoding=\"async\" width=\"720\" height=\"540\" data-id=\"2072\" src=\"https:\/\/shuliywoodmachine.com\/wp-content\/uploads\/2022\/07\/internal-structure-of-industrial-wood-chipping-machine.webp\" alt=\"Estructura interna de la m\u00e1quina trituradora de madera industrial.\" class=\"wp-image-2072\" title=\"\" srcset=\"https:\/\/shuliywoodmachine.com\/wp-content\/uploads\/2022\/07\/internal-structure-of-industrial-wood-chipping-machine.webp 720w, https:\/\/shuliywoodmachine.com\/wp-content\/uploads\/2022\/07\/internal-structure-of-industrial-wood-chipping-machine-300x225.webp 300w, https:\/\/shuliywoodmachine.com\/wp-content\/uploads\/2022\/07\/internal-structure-of-industrial-wood-chipping-machine-16x12.webp 16w\" sizes=\"auto, (max-width: 720px) 100vw, 720px\" \/><figcaption class=\"wp-element-caption\">Estructura interna de la m\u00e1quina trituradora de madera industrial<\/figcaption><\/figure>    <figure class=\"wp-block-image size-large\"><img loading=\"lazy\" decoding=\"async\" width=\"720\" height=\"540\" data-id=\"2071\" src=\"https:\/\/shuliywoodmachine.com\/wp-content\/uploads\/2022\/07\/blades-for-wood-chipper.webp\" alt=\"cuchillas para trituradora de madera\" class=\"wp-image-2071\" title=\"\" srcset=\"https:\/\/shuliywoodmachine.com\/wp-content\/uploads\/2022\/07\/blades-for-wood-chipper.webp 720w, https:\/\/shuliywoodmachine.com\/wp-content\/uploads\/2022\/07\/blades-for-wood-chipper-300x225.webp 300w, https:\/\/shuliywoodmachine.com\/wp-content\/uploads\/2022\/07\/blades-for-wood-chipper-16x12.webp 16w\" sizes=\"auto, (max-width: 720px) 100vw, 720px\" \/><figcaption class=\"wp-element-caption\">Cuchillas para trituradora de madera<\/figcaption><\/figure> <\/figure>    <h2 class=\"wp-block-heading\" id=\"h-how-does-a-drum-chipper-work\"><strong>\u00bfC\u00f3mo funciona una astilladora de tambor?<\/strong><\/h2>    <ul class=\"wp-block-list\"> <li>Introduzca la madera a trav\u00e9s de la entrada de alimentaci\u00f3n y el rodillo atrapar\u00e1, presionar\u00e1 y empujar\u00e1 la madera para avanzar.<\/li>    <li>Luego la madera llega a la parte central. Las cuchillas comienzan a picar la madera en pedazos. Hay una pantalla en la parte inferior de la m\u00e1quina (interior). El tama\u00f1o de la pantalla decide el tama\u00f1o de los chips.<\/li>    <li>Finalmente, las astillas de madera calificadas salen de la pantalla.<\/li> <\/ul>    <figure class=\"wp-block-gallery has-nested-images columns-default is-cropped wp-block-gallery-6 is-layout-flex wp-block-gallery-is-layout-flex\"> <figure class=\"wp-block-image size-large\"><img loading=\"lazy\" decoding=\"async\" width=\"720\" height=\"540\" data-id=\"2074\" src=\"https:\/\/shuliywoodmachine.com\/wp-content\/uploads\/2022\/07\/industrial-drum-style-wood-chipper.webp\" alt=\"trituradora de madera estilo tambor industrial\" class=\"wp-image-2074\" title=\"\" srcset=\"https:\/\/shuliywoodmachine.com\/wp-content\/uploads\/2022\/07\/industrial-drum-style-wood-chipper.webp 720w, https:\/\/shuliywoodmachine.com\/wp-content\/uploads\/2022\/07\/industrial-drum-style-wood-chipper-300x225.webp 300w, https:\/\/shuliywoodmachine.com\/wp-content\/uploads\/2022\/07\/industrial-drum-style-wood-chipper-16x12.webp 16w\" sizes=\"auto, (max-width: 720px) 100vw, 720px\" \/><figcaption class=\"wp-element-caption\">Astilladora de madera industrial estilo tambor<\/figcaption><\/figure>    <figure class=\"wp-block-image size-large\"><img loading=\"lazy\" decoding=\"async\" width=\"540\" height=\"240\" data-id=\"856\" src=\"https:\/\/shuliywoodmachine.com\/wp-content\/uploads\/2022\/09\/drum-chipper-diagram.webp\" alt=\"diagrama de astilladora de tambor\" class=\"wp-image-856\" title=\"\" srcset=\"https:\/\/shuliywoodmachine.com\/wp-content\/uploads\/2022\/09\/drum-chipper-diagram.webp 540w, https:\/\/shuliywoodmachine.com\/wp-content\/uploads\/2022\/09\/drum-chipper-diagram-300x133.webp 300w\" sizes=\"auto, (max-width: 540px) 100vw, 540px\" \/><figcaption class=\"wp-element-caption\">Diagrama de camiseta de tambor<\/figcaption><\/figure> <\/figure>    <h2 class=\"wp-block-heading\" id=\"h-faq\"><strong>Preguntas frecuentes sobre la trituradora de madera de tambor<\/strong><\/h2>   <div id=\"rank-math-faq\" class=\"rank-math-block\"> <div class=\"rank-math-list\"> <div id=\"faq-question-1663655896992\" class=\"rank-math-list-item\"> <h3 class=\"rank-math-question\">P1: <strong>\u00bfPor qu\u00e9 equipar un armario de control independiente cuando se utiliza esta gran trituradora de madera?<\/strong><\/h3> <div class=\"rank-math-answer\">  <p>R1: Debido a esto, puede utilizar la electricidad de forma segura cuando opere la m\u00e1quina.<\/p>  <\/div> <\/div> <div id=\"faq-question-1663655922821\" class=\"rank-math-list-item\"> <h3 class=\"rank-math-question\">P2: <strong>\u00bfEs Shuliy Machinery un fabricante o distribuidor?<\/strong><\/h3> <div class=\"rank-math-answer\">  <p>A2: Estamos integrados con la producci\u00f3n y el suministro. En comparaci\u00f3n con otras empresas comerciales, puede obtener el mejor precio de nuestra parte.<\/p>  <\/div> <\/div> <div id=\"faq-question-1663655947757\" class=\"rank-math-list-item\"> <h3 class=\"rank-math-question\">P3: <strong>\u00bfC\u00f3mo puedo utilizar la m\u00e1quina despu\u00e9s de recibirla? \u00bfHay alg\u00fan manual?<\/strong><\/h3> <div class=\"rank-math-answer\">  <p>A3: Adjuntamos el manual con la m\u00e1quina. Adem\u00e1s, podemos chatear en l\u00ednea o por v\u00eddeo para ayudarle a comprender la m\u00e1quina con claridad, si es necesario.<\/p>  <\/div> <\/div> <\/div> <\/div>   <figure class=\"wp-block-embed is-type-video is-provider-youtube wp-block-embed-youtube wp-embed-aspect-16-9 wp-has-aspect-ratio\"><div class=\"wp-block-embed__wrapper\"> <iframe loading=\"lazy\" title=\"Pastelera de tambor para procesar varios bosques y c\u00e1scaras de coco | Pastelera de madera para chips de 25 mm haciendo\" width=\"500\" height=\"281\" src=\"https:\/\/www.youtube.com\/embed\/I26DHi4NMW8?feature=oembed\" frameborder=\"0\" allow=\"accelerometer; autoplay; clipboard-write; encrypted-media; gyroscope; picture-in-picture; web-share\" referrerpolicy=\"strict-origin-when-cross-origin\" allowfullscreen><\/iframe> <\/div><figcaption class=\"wp-element-caption\">Video de la camiseta de tambor para el procesamiento de la madera y la c\u00e1scara de coco<\/figcaption><\/figure>","protected":false},"excerpt":{"rendered":"<p>Este astillador de tambor est\u00e1 dise\u00f1ado para cortar troncos, ramas, tablones, etc. en astillas de madera peque\u00f1as y regulares con un tama\u00f1o de 25 mm (ajustable). Tiene una capacidad de salida de 5-15 t\/h.<\/p>","protected":false},"author":1,"featured_media":845,"parent":0,"template":"","tags":[13,15,14,10,12,11,147,16],"product-type":[7],"class_list":["post-220","product","type-product","status-publish","has-post-thumbnail","hentry","tag-drum-chipper","tag-drum-chipper-machine","tag-drum-chipping-machine","tag-wood-chipper","tag-wood-chipper-machine","tag-wood-chipping-machine","tag-wood-chips","tag-wood-machine","product-type-wood-chipper"],"_links":{"self":[{"href":"https:\/\/shuliywoodmachine.com\/es\/wp-json\/wp\/v2\/product\/220","targetHints":{"allow":["GET"]}}],"collection":[{"href":"https:\/\/shuliywoodmachine.com\/es\/wp-json\/wp\/v2\/product"}],"about":[{"href":"https:\/\/shuliywoodmachine.com\/es\/wp-json\/wp\/v2\/types\/product"}],"author":[{"embeddable":true,"href":"https:\/\/shuliywoodmachine.com\/es\/wp-json\/wp\/v2\/users\/1"}],"wp:featuredmedia":[{"embeddable":true,"href":"https:\/\/shuliywoodmachine.com\/es\/wp-json\/wp\/v2\/media\/845"}],"wp:attachment":[{"href":"https:\/\/shuliywoodmachine.com\/es\/wp-json\/wp\/v2\/media?parent=220"}],"wp:term":[{"taxonomy":"post_tag","embeddable":true,"href":"https:\/\/shuliywoodmachine.com\/es\/wp-json\/wp\/v2\/tags?post=220"},{"taxonomy":"product-type","embeddable":true,"href":"https:\/\/shuliywoodmachine.com\/es\/wp-json\/wp\/v2\/product-type?post=220"}],"curies":[{"name":"wp","href":"https:\/\/api.w.org\/{rel}","templated":true}]}}