{"id":333,"date":"2022-07-15T01:45:37","date_gmt":"2022-07-15T01:45:37","guid":{"rendered":"https:\/\/shuliywoodmachine.com\/?post_type=product&#038;p=333"},"modified":"2024-07-03T10:58:35","modified_gmt":"2024-07-03T02:58:35","slug":"hammer-mill-crusher","status":"publish","type":"product","link":"https:\/\/shuliywoodmachine.com\/es\/product\/trituradora-de-martillo\/","title":{"rendered":"trituradora de martillo"},"content":{"rendered":"<p class=\"translation-block\">La <strong>trituradora de martillos<\/strong> muele los semiproductos (como briquetas de carb\u00f3n vegetal, paja, astillas de madera, etc.) hasta obtener serr\u00edn de 5-10 mm. Tiene una producci\u00f3n de 0,6-5 t\/h. <\/p>    <p>Nuestro pulverizador de martillo puede usar un motor diesel o un motor el\u00e9ctrico, tambi\u00e9n puede equipar la m\u00e1quina con cicl\u00f3n, bastidor, neum\u00e1ticos y plataforma. Tiene varias ubicaciones para satisfacer sus diferentes demandas.<\/p>    <figure class=\"wp-block-gallery aligncenter has-nested-images columns-default is-cropped wp-block-gallery-2 is-layout-flex wp-block-gallery-is-layout-flex\"> <figure class=\"wp-block-image size-full\"><img loading=\"lazy\" decoding=\"async\" width=\"540\" height=\"540\" data-id=\"786\" src=\"https:\/\/shuliywoodmachine.com\/wp-content\/uploads\/2022\/09\/large-hammer-mill.webp\" alt=\"molino de martillos grande\" class=\"wp-image-786\" title=\"\" srcset=\"https:\/\/shuliywoodmachine.com\/wp-content\/uploads\/2022\/09\/large-hammer-mill.webp 540w, https:\/\/shuliywoodmachine.com\/wp-content\/uploads\/2022\/09\/large-hammer-mill-300x300.webp 300w, https:\/\/shuliywoodmachine.com\/wp-content\/uploads\/2022\/09\/large-hammer-mill-150x150.webp 150w\" sizes=\"auto, (max-width: 540px) 100vw, 540px\" \/><figcaption class=\"wp-element-caption\">Molino de martillos grande<\/figcaption><\/figure>    <figure class=\"wp-block-image size-full\"><img loading=\"lazy\" decoding=\"async\" width=\"540\" height=\"540\" data-id=\"788\" src=\"https:\/\/shuliywoodmachine.com\/wp-content\/uploads\/2022\/09\/industrial-hammer-mill.webp\" alt=\"molino de martillos industriales\" class=\"wp-image-788\" title=\"\" srcset=\"https:\/\/shuliywoodmachine.com\/wp-content\/uploads\/2022\/09\/industrial-hammer-mill.webp 540w, https:\/\/shuliywoodmachine.com\/wp-content\/uploads\/2022\/09\/industrial-hammer-mill-300x300.webp 300w, https:\/\/shuliywoodmachine.com\/wp-content\/uploads\/2022\/09\/industrial-hammer-mill-150x150.webp 150w\" sizes=\"auto, (max-width: 540px) 100vw, 540px\" \/><figcaption class=\"wp-element-caption\">Molino de martillos industriales<\/figcaption><\/figure> <\/figure>    <p>Con alta eficiencia, una amplia gama de aplicaciones y operaci\u00f3n simple, esta trituradora de martillos se usa a menudo en plantas de procesamiento de madera o carb\u00f3n para una alta automatizaci\u00f3n. <\/p>    <p>Adem\u00e1s, nuestra trituradora de martillos es popular en el mundo y se ha exportado a muchos pa\u00edses, como Egipto, Venezuela, Sud\u00e1frica, Somalia, Nigeria, Kirguist\u00e1n, Malasia, etc. Si est\u00e1 interesado, bienvenido a contactarnos para obtener m\u00e1s detalles sobre la m\u00e1quina.<\/p>    <figure class=\"wp-block-embed is-type-video is-provider-youtube wp-block-embed-youtube wp-embed-aspect-16-9 wp-has-aspect-ratio\"><div class=\"wp-block-embed__wrapper\"> <iframe loading=\"lazy\" title=\"\u00a1Aserr\u00edn muy fino! Molino de martillos para madera - Trituradora\/trituradora\/pulverizadora de madera a la venta de Shuliy\" width=\"500\" height=\"281\" src=\"https:\/\/www.youtube.com\/embed\/cUDPz801unc?feature=oembed\" frameborder=\"0\" allow=\"accelerometer; autoplay; clipboard-write; encrypted-media; gyroscope; picture-in-picture; web-share\" referrerpolicy=\"strict-origin-when-cross-origin\" allowfullscreen><\/iframe> <\/div><figcaption class=\"wp-element-caption\">video de molino de martillos para madera<\/figcaption><\/figure>    <h2 class=\"wp-block-heading\"><strong>Materias primas que se pueden procesar y aplicaciones.<\/strong><\/h2>    <p>Debido a su multifunci\u00f3n, este molino triturador de martillos puede triturar diversos materiales, como:<\/p>    <ul class=\"wp-block-list\"> <li><strong>Madera<\/strong>: troncos, ramas, tablas, bloques, astillas, cortezas, varios, etc.<\/li>    <li><strong>Residuos agr\u00edcolas<\/strong>: paja, mazorcas de ma\u00edz, paja de arroz, c\u00e1scaras de man\u00ed, tallos de algod\u00f3n, tallos de soja, pasto, etc.<\/li>    <li><strong>Biomasa<\/strong>: bamb\u00fa, fibra de palma, bagazo, c\u00e1scaras de coco, c\u00e1scaras de nueces, etc.<\/li>    <li><strong>Residuos industriales<\/strong>: plantillas de construcci\u00f3n, tableros de fibra, cajas de embalaje de madera, desechos de muebles de madera, ladrillos y tejas, desechos de cemento, etc. <\/li>    <li><strong>Otros<\/strong>: cart\u00f3n, papel, libros, fibra, etc.<\/li> <\/ul>    <figure class=\"wp-block-gallery has-nested-images columns-default is-cropped wp-block-gallery-3 is-layout-flex wp-block-gallery-is-layout-flex\"> <figure class=\"wp-block-image size-large\"><img loading=\"lazy\" decoding=\"async\" width=\"720\" height=\"540\" data-id=\"796\" src=\"https:\/\/shuliywoodmachine.com\/wp-content\/uploads\/2022\/09\/applications-of-hammer-mill-crusher.webp\" alt=\"aplicaciones de la trituradora de martillos\" class=\"wp-image-796\" title=\"\" srcset=\"https:\/\/shuliywoodmachine.com\/wp-content\/uploads\/2022\/09\/applications-of-hammer-mill-crusher.webp 720w, https:\/\/shuliywoodmachine.com\/wp-content\/uploads\/2022\/09\/applications-of-hammer-mill-crusher-300x225.webp 300w\" sizes=\"auto, (max-width: 720px) 100vw, 720px\" \/><figcaption class=\"wp-element-caption\">Aplicaciones de la trituradora de molino de martillos<\/figcaption><\/figure>    <figure class=\"wp-block-image size-large\"><img loading=\"lazy\" decoding=\"async\" width=\"720\" height=\"540\" data-id=\"792\" src=\"https:\/\/shuliywoodmachine.com\/wp-content\/uploads\/2022\/09\/screens.webp\" alt=\"Tama\u00f1o de los productos finales decidido por las pantallas.\" class=\"wp-image-792\" title=\"\" srcset=\"https:\/\/shuliywoodmachine.com\/wp-content\/uploads\/2022\/09\/screens.webp 720w, https:\/\/shuliywoodmachine.com\/wp-content\/uploads\/2022\/09\/screens-300x225.webp 300w\" sizes=\"auto, (max-width: 720px) 100vw, 720px\" \/><figcaption class=\"wp-element-caption\">Tama\u00f1o de los productos finales decidido por las pantallas<\/figcaption><\/figure> <\/figure>    <p>A continuaci\u00f3n se procesa el producto terminado obtenido tras la pulverizaci\u00f3n, el cual se aplica de la siguiente manera:<\/p>    <ul class=\"wp-block-list\"> <li><strong>F\u00e1brica de papel<\/strong>. Los productos terminados pueden utilizarse como materia prima para la fabricaci\u00f3n de papel en f\u00e1bricas de papel para obtener ganancias.<\/li>    <li><strong>L\u00ednea de producci\u00f3n de carb\u00f3n<\/strong>. La madera es un recurso rico y se utiliza ampliamente como materia prima para fabricar carb\u00f3n vegetal.<\/li>    <li><strong>Agricultura agr\u00edcola<\/strong>. En la producci\u00f3n agr\u00edcola, las astillas de madera se pueden utilizar como fertilizante para aportar nutrientes a la tierra, mejorar la textura del suelo, aumentar la aireaci\u00f3n del suelo, etc.<\/li>    <li><strong>F\u00e1brica de madera<\/strong>. Como los materiales de madera son indispensables para la producci\u00f3n de diversos productos de madera, se utilizan ampliamente en diversas f\u00e1bricas de madera.<\/li> <\/ul>   <div class=\"wp-block-image\"> <figure class=\"aligncenter size-full\"><img loading=\"lazy\" decoding=\"async\" width=\"540\" height=\"540\" src=\"https:\/\/shuliywoodmachine.com\/wp-content\/uploads\/2022\/09\/sawdust-application-area.webp\" alt=\"\u00e1rea de aplicaci\u00f3n de aserr\u00edn\" class=\"wp-image-791\" title=\"\" srcset=\"https:\/\/shuliywoodmachine.com\/wp-content\/uploads\/2022\/09\/sawdust-application-area.webp 540w, https:\/\/shuliywoodmachine.com\/wp-content\/uploads\/2022\/09\/sawdust-application-area-300x300.webp 300w, https:\/\/shuliywoodmachine.com\/wp-content\/uploads\/2022\/09\/sawdust-application-area-150x150.webp 150w\" sizes=\"auto, (max-width: 540px) 100vw, 540px\" \/><figcaption class=\"wp-element-caption\">\u00e1rea de aplicaci\u00f3n de aserr\u00edn<\/figcaption><\/figure> <\/div>   <h2 class=\"wp-block-heading\"><strong>Ventajas de la trituradora de molino de martillos<\/strong><\/h2>    <ul class=\"wp-block-list\"> <li><strong>Productos finales de 5-10 mm.<\/strong>. La m\u00e1quina tiene un buen rendimiento de trituraci\u00f3n y puede triturar las materias primas de manera m\u00e1s fina y uniforme. La finura est\u00e1 determinada por el tama\u00f1o del tamiz de la m\u00e1quina.<\/li>    <li><strong>Procesamiento de materias primas con 0,6-5t\/h<\/strong>. Nuestro molino de martillos es altamente eficiente y puede triturar material con entre 0,6 y 5 toneladas por hora.<\/li>    <li><strong>Buena calidad de las piezas clave de la m\u00e1quina.<\/strong>. Las piezas clave est\u00e1n hechas de acero aleado y tratadas t\u00e9rmicamente, son resistentes al desgaste y duraderas.<\/li>    <li><strong>Operaci\u00f3n simple<\/strong>. El dise\u00f1o del molino de martillos es muy sencillo, s\u00f3lo hay que encender la m\u00e1quina y poner la materia prima. Una mano de obra es suficiente para operarlo.<\/li>    <li><strong>Gran rango de trituraci\u00f3n<\/strong>. Este molino pulverizador de martillos puede triturar materiales de desecho de madera, desechos agr\u00edcolas, desechos industriales, biomasa, etc. <\/li> <\/ul>    <figure class=\"wp-block-gallery aligncenter has-nested-images columns-default is-cropped wp-block-gallery-4 is-layout-flex wp-block-gallery-is-layout-flex\"> <figure class=\"wp-block-image size-full\"><img loading=\"lazy\" decoding=\"async\" width=\"720\" height=\"540\" data-id=\"798\" src=\"https:\/\/shuliywoodmachine.com\/wp-content\/uploads\/2022\/09\/mini-hammer-mill.webp\" alt=\"mini molino de martillos\" class=\"wp-image-798\" title=\"\" srcset=\"https:\/\/shuliywoodmachine.com\/wp-content\/uploads\/2022\/09\/mini-hammer-mill.webp 720w, https:\/\/shuliywoodmachine.com\/wp-content\/uploads\/2022\/09\/mini-hammer-mill-300x225.webp 300w\" sizes=\"auto, (max-width: 720px) 100vw, 720px\" \/><figcaption class=\"wp-element-caption\">Mini molino de martillos<\/figcaption><\/figure>    <figure class=\"wp-block-image size-full\"><img loading=\"lazy\" decoding=\"async\" width=\"720\" height=\"540\" data-id=\"799\" src=\"https:\/\/shuliywoodmachine.com\/wp-content\/uploads\/2022\/09\/small-hammer-mill-machine.webp\" alt=\"peque\u00f1a m\u00e1quina de molino de martillos\" class=\"wp-image-799\" title=\"\" srcset=\"https:\/\/shuliywoodmachine.com\/wp-content\/uploads\/2022\/09\/small-hammer-mill-machine.webp 720w, https:\/\/shuliywoodmachine.com\/wp-content\/uploads\/2022\/09\/small-hammer-mill-machine-300x225.webp 300w\" sizes=\"auto, (max-width: 720px) 100vw, 720px\" \/><figcaption class=\"wp-element-caption\">Peque\u00f1a m\u00e1quina de molino de martillos<\/figcaption><\/figure> <\/figure>    <h2 class=\"wp-block-heading\" id=\"h-technical-parameters-of-the-industrial-hammer-mill-crusher\"><strong>Par\u00e1metros t\u00e9cnicos de la trituradora de molino de martillos industrial.<\/strong><\/h2>    <figure class=\"wp-block-table\"><table><tbody><tr><td>Modelo<\/td><td>SL-HM60<\/td><td>SL-HM70<\/td><td>SL-HM80<\/td><td>SL-HM90<\/td><td>SL-HM1000<\/td><td>SL-HM1300<\/td><\/tr><tr><td>Fuerza<\/td><td>22kW<\/td><td>30kW<\/td><td>37kW<\/td><td>55kW<\/td><td>75kW<\/td><td>90kW<\/td><\/tr><tr><td>Martillos<\/td><td>30 piezas<\/td><td>40 piezas<\/td><td>50 pcs<\/td><td>50 pcs<\/td><td>105 piezas<\/td><td>105 piezas<\/td><\/tr><tr><td>Admirador<\/td><td>&nbsp;\/<\/td><td>&nbsp;\/<\/td><td>7,5kW<\/td><td>7,5kW<\/td><td>11kW<\/td><td>22kW<\/td><\/tr><tr><td>removedor de polvo<\/td><td>5 piezas<\/td><td>5 piezas<\/td><td>5 piezas<\/td><td>5 piezas<\/td><td>14 piezas<\/td><td>14 piezas<\/td><\/tr><tr><td>Di\u00e1metro del cicl\u00f3n<\/td><td>1 metro<\/td><td>1 metro<\/td><td>1 metro<\/td><td>1 metro<\/td><td>1 metro<\/td><td>1 metro<\/td><\/tr><tr><td>Capacidad<\/td><td>0,6-0,8 t\/h<\/td><td>1-1,2 t\/h<\/td><td>1,2-1,5 t\/h<\/td><td>1,5-3 t\/h<\/td><td>3-4t\/h<\/td><td>4-5t\/h<\/td><\/tr><\/tbody><\/table><figcaption class=\"wp-element-caption\">especificaciones de la trituradora de martillos para madera<\/figcaption><\/figure>    <h2 class=\"wp-block-heading\" id=\"h-what-are-the-types-of-hammer-mill-from-shuliy-machinery\"><strong>Tipos de molinos de martillos Shuliy a la venta<\/strong><\/h2>    <p>Como fabricante profesional de trituradoras de martillos, a trav\u00e9s de nuestra continua optimizaci\u00f3n e innovaci\u00f3n, nuestros molinos de martillos ahora est\u00e1n disponibles en una amplia variedad para satisfacer las diferentes necesidades de nuestros clientes. <\/p>    <h3 class=\"wp-block-heading\"><strong>Trituradora de martillo el\u00e9ctrica<\/strong><\/h3>    <p>La trituradora de martillos accionada por motor se caracteriza por su alta eficiencia, ahorro de energ\u00eda, protecci\u00f3n ambiental y operaci\u00f3n estable. <\/p>    <p>Proporciona una salida de potencia estable y puede funcionar de forma continua durante mucho tiempo, mientras que el bajo nivel de ruido y la ausencia de emisiones de escape ayudan a mantener el entorno de trabajo limpio y silencioso. <\/p>    <p>Adem\u00e1s, el sistema motorizado tiene una estructura simple y es f\u00e1cil de mantener, lo que reduce la carga de trabajo y el costo del mantenimiento rutinario.<\/p>    <figure class=\"wp-block-gallery aligncenter has-nested-images columns-default is-cropped wp-block-gallery-5 is-layout-flex wp-block-gallery-is-layout-flex\"> <figure class=\"wp-block-image size-full\"><img loading=\"lazy\" decoding=\"async\" width=\"720\" height=\"540\" data-id=\"800\" src=\"https:\/\/shuliywoodmachine.com\/wp-content\/uploads\/2022\/09\/coal-crusher-hammer.webp\" alt=\"martillo trituradora de carbon\" class=\"wp-image-800\" title=\"\" srcset=\"https:\/\/shuliywoodmachine.com\/wp-content\/uploads\/2022\/09\/coal-crusher-hammer.webp 720w, https:\/\/shuliywoodmachine.com\/wp-content\/uploads\/2022\/09\/coal-crusher-hammer-300x225.webp 300w\" sizes=\"auto, (max-width: 720px) 100vw, 720px\" \/><figcaption class=\"wp-element-caption\">Martillo trituradora de carb\u00f3n<\/figcaption><\/figure>    <figure class=\"wp-block-image size-full\"><img loading=\"lazy\" decoding=\"async\" width=\"720\" height=\"540\" data-id=\"801\" src=\"https:\/\/shuliywoodmachine.com\/wp-content\/uploads\/2022\/09\/electric-hammer-mill.webp\" alt=\"molino de martillos electrico\" class=\"wp-image-801\" title=\"\" srcset=\"https:\/\/shuliywoodmachine.com\/wp-content\/uploads\/2022\/09\/electric-hammer-mill.webp 720w, https:\/\/shuliywoodmachine.com\/wp-content\/uploads\/2022\/09\/electric-hammer-mill-300x225.webp 300w\" sizes=\"auto, (max-width: 720px) 100vw, 720px\" \/><figcaption class=\"wp-element-caption\">Molino de martillos el\u00e9ctrico<\/figcaption><\/figure> <\/figure>    <h3 class=\"wp-block-heading\"><strong>Venta de molino de martillos con motor diesel<\/strong><\/h3>    <p>El molino triturador de martillos con motor di\u00e9sel ofrece las ventajas de alta flexibilidad, gran potencia, facilidad de movilidad y uso de emergencia. <\/p>    <p>No est\u00e1 limitado por la fuente de alimentaci\u00f3n, lo que lo hace adecuado para su uso donde no hay fuente de alimentaci\u00f3n o \u00e9sta es inestable. Adem\u00e1s, la m\u00e1quina es capaz de manejar madera y desechos de madera m\u00e1s grandes y duros para mejorar la eficiencia de trituraci\u00f3n. <\/p>    <p>El dise\u00f1o principalmente m\u00f3vil facilita la transferencia entre diferentes lugares de trabajo y funciona normalmente cuando se interrumpe la energ\u00eda.<\/p>    <figure class=\"wp-block-gallery aligncenter has-nested-images columns-default is-cropped wp-block-gallery-6 is-layout-flex wp-block-gallery-is-layout-flex\"> <figure class=\"wp-block-image size-full\"><img loading=\"lazy\" decoding=\"async\" width=\"720\" height=\"450\" data-id=\"803\" src=\"https:\/\/shuliywoodmachine.com\/wp-content\/uploads\/2022\/09\/diesel-hammer-mill-crusher-.webp\" alt=\"trituradora de martillos diesel \" class=\"wp-image-803\" title=\"\" srcset=\"https:\/\/shuliywoodmachine.com\/wp-content\/uploads\/2022\/09\/diesel-hammer-mill-crusher-.webp 720w, https:\/\/shuliywoodmachine.com\/wp-content\/uploads\/2022\/09\/diesel-hammer-mill-crusher--300x188.webp 300w\" sizes=\"auto, (max-width: 720px) 100vw, 720px\" \/><figcaption class=\"wp-element-caption\">trituradora de martillos diesel <\/figcaption><\/figure>    <figure class=\"wp-block-image size-full\"><img loading=\"lazy\" decoding=\"async\" width=\"720\" height=\"450\" data-id=\"804\" src=\"https:\/\/shuliywoodmachine.com\/wp-content\/uploads\/2022\/09\/diesel-powered-hammer-mill-crusher.webp\" alt=\" trituradora de martillos con ruedas\" class=\"wp-image-804\" title=\"\" srcset=\"https:\/\/shuliywoodmachine.com\/wp-content\/uploads\/2022\/09\/diesel-powered-hammer-mill-crusher.webp 720w, https:\/\/shuliywoodmachine.com\/wp-content\/uploads\/2022\/09\/diesel-powered-hammer-mill-crusher-300x188.webp 300w\" sizes=\"auto, (max-width: 720px) 100vw, 720px\" \/><figcaption class=\"wp-element-caption\"> trituradora de martillos con ruedas<\/figcaption><\/figure> <\/figure>    <h2 class=\"wp-block-heading\"><strong>Estructura de la m\u00e1quina trituradora de molino de martillos para la venta<\/strong><\/h2>    <p>La composici\u00f3n de la m\u00e1quina se compone principalmente del sistema de potencia y la c\u00e1mara de trabajo. El n\u00facleo es la estructura interna. La estructura interna est\u00e1 compuesta por hoja de martillo y pantalla. <\/p>    <ul class=\"wp-block-list\"> <li>La hoja del martillo se encarga de golpear diversos materiales para lograr el prop\u00f3sito de triturar.  <\/li>    <li>La pantalla sirve para determinar el grosor de la materia prima.<\/li> <\/ul>    <figure class=\"wp-block-gallery aligncenter has-nested-images columns-default is-cropped wp-block-gallery-7 is-layout-flex wp-block-gallery-is-layout-flex\"> <figure class=\"wp-block-image size-full\"><img loading=\"lazy\" decoding=\"async\" width=\"720\" height=\"540\" data-id=\"793\" src=\"https:\/\/shuliywoodmachine.com\/wp-content\/uploads\/2022\/09\/internal-structure.webp\" alt=\"estructura interna\" class=\"wp-image-793\" title=\"\" srcset=\"https:\/\/shuliywoodmachine.com\/wp-content\/uploads\/2022\/09\/internal-structure.webp 720w, https:\/\/shuliywoodmachine.com\/wp-content\/uploads\/2022\/09\/internal-structure-300x225.webp 300w\" sizes=\"auto, (max-width: 720px) 100vw, 720px\" \/><figcaption class=\"wp-element-caption\">Estructura interna<\/figcaption><\/figure>    <figure class=\"wp-block-image size-full\"><img loading=\"lazy\" decoding=\"async\" width=\"720\" height=\"540\" data-id=\"794\" src=\"https:\/\/shuliywoodmachine.com\/wp-content\/uploads\/2022\/09\/hammers.webp\" alt=\"martillos\" class=\"wp-image-794\" title=\"\" srcset=\"https:\/\/shuliywoodmachine.com\/wp-content\/uploads\/2022\/09\/hammers.webp 720w, https:\/\/shuliywoodmachine.com\/wp-content\/uploads\/2022\/09\/hammers-300x225.webp 300w\" sizes=\"auto, (max-width: 720px) 100vw, 720px\" \/><figcaption class=\"wp-element-caption\">Martillos<\/figcaption><\/figure>    <figure class=\"wp-block-image size-full\"><img loading=\"lazy\" decoding=\"async\" width=\"720\" height=\"540\" data-id=\"795\" src=\"https:\/\/shuliywoodmachine.com\/wp-content\/uploads\/2022\/09\/internal-screens.webp\" alt=\"pantallas internas\" class=\"wp-image-795\" title=\"\" srcset=\"https:\/\/shuliywoodmachine.com\/wp-content\/uploads\/2022\/09\/internal-screens.webp 720w, https:\/\/shuliywoodmachine.com\/wp-content\/uploads\/2022\/09\/internal-screens-300x225.webp 300w\" sizes=\"auto, (max-width: 720px) 100vw, 720px\" \/><figcaption class=\"wp-element-caption\">Pantallas internas<\/figcaption><\/figure> <\/figure>    <h2 class=\"wp-block-heading\" id=\"h-how-does-a-hammer-mill-crusher-work\"><strong>\u00bfC\u00f3mo funciona una trituradora de molino de martillos?<\/strong><\/h2>    <p>El principio de funcionamiento del molino de martillos se basa principalmente en martillos giratorios de alta velocidad para golpear, impactar, cizallar y triturar los materiales.<\/p>    <p>El material ingresa a la m\u00e1quina desde la parte superior y es triturado mediante el corte y rectificado de las hojas del martillo que se mueven a alta velocidad. <\/p>    <p>Debido al tamiz de la m\u00e1quina en el interior, si el material triturado es m\u00e1s peque\u00f1o que el tama\u00f1o del tamiz, las part\u00edculas se descargan a trav\u00e9s del tamiz. Si son mayores, las part\u00edculas permanecen en la pantalla, contin\u00faan siendo martilladas y trituradas por el martillo y finalmente se descargan a trav\u00e9s de la pantalla.<\/p>    <figure class=\"wp-block-gallery has-nested-images columns-default is-cropped wp-block-gallery-8 is-layout-flex wp-block-gallery-is-layout-flex\"> <figure class=\"wp-block-image size-large\"><img loading=\"lazy\" decoding=\"async\" width=\"720\" height=\"540\" data-id=\"2047\" src=\"https:\/\/shuliywoodmachine.com\/wp-content\/uploads\/2022\/07\/Shuliy-hammer-mill-crusher-for-sale.webp\" alt=\"trituradora de martillo shuliy para la venta\" class=\"wp-image-2047\" title=\"\" srcset=\"https:\/\/shuliywoodmachine.com\/wp-content\/uploads\/2022\/07\/Shuliy-hammer-mill-crusher-for-sale.webp 720w, https:\/\/shuliywoodmachine.com\/wp-content\/uploads\/2022\/07\/Shuliy-hammer-mill-crusher-for-sale-300x225.webp 300w, https:\/\/shuliywoodmachine.com\/wp-content\/uploads\/2022\/07\/Shuliy-hammer-mill-crusher-for-sale-16x12.webp 16w\" sizes=\"auto, (max-width: 720px) 100vw, 720px\" \/><figcaption class=\"wp-element-caption\">trituradora de martillo shuliy para la venta<\/figcaption><\/figure>    <figure class=\"wp-block-image size-large\"><img loading=\"lazy\" decoding=\"async\" width=\"720\" height=\"540\" data-id=\"2046\" src=\"https:\/\/shuliywoodmachine.com\/wp-content\/uploads\/2022\/07\/final-products-of-wood-hammermill-crusher.webp\" alt=\"productos finales de la trituradora de martillos para madera\" class=\"wp-image-2046\" title=\"\" srcset=\"https:\/\/shuliywoodmachine.com\/wp-content\/uploads\/2022\/07\/final-products-of-wood-hammermill-crusher.webp 720w, https:\/\/shuliywoodmachine.com\/wp-content\/uploads\/2022\/07\/final-products-of-wood-hammermill-crusher-300x225.webp 300w, https:\/\/shuliywoodmachine.com\/wp-content\/uploads\/2022\/07\/final-products-of-wood-hammermill-crusher-16x12.webp 16w\" sizes=\"auto, (max-width: 720px) 100vw, 720px\" \/><figcaption class=\"wp-element-caption\">Productos finales de la trituradora de martillos de madera.<\/figcaption><\/figure> <\/figure>    <h2 class=\"wp-block-heading\" id=\"h-successful-case-hammer-coal-crusher-shipped-to-bangladesh\"><strong>Caso exitoso de trituradora de molino de martillos <\/strong><\/h2>    <p class=\"translation-block\">Nuestra trituradora de carb\u00f3n de martillos ayuda a Bangladesh a producir carb\u00f3n vegetal de madera<\/p>    <p>El cliente de Bangladesh buscaba el equipo inicial para la l\u00ednea de producci\u00f3n de carb\u00f3n porque dirig\u00eda una f\u00e1brica de carb\u00f3n. Vio nuestro molino de martillos a trav\u00e9s de Google y se puso en contacto con nosotros. <\/p>    <p>Le atrajo su potente funci\u00f3n de trituraci\u00f3n, su rentabilidad y su buen servicio posventa, por lo que inmediatamente hizo un pedido del molino de martillos vertical.<\/p>    <p>Adem\u00e1s, organizamos el paquete de madera para la m\u00e1quina y la entrega mar\u00edtima a su destino.<\/p>   <div class=\"wp-block-image\"> <figure class=\"aligncenter size-full\"><img loading=\"lazy\" decoding=\"async\" width=\"540\" height=\"540\" src=\"https:\/\/shuliywoodmachine.com\/wp-content\/uploads\/2022\/09\/package-and-delivery.webp\" alt=\"paquete y entrega\" class=\"wp-image-790\" title=\"\" srcset=\"https:\/\/shuliywoodmachine.com\/wp-content\/uploads\/2022\/09\/package-and-delivery.webp 540w, https:\/\/shuliywoodmachine.com\/wp-content\/uploads\/2022\/09\/package-and-delivery-300x300.webp 300w, https:\/\/shuliywoodmachine.com\/wp-content\/uploads\/2022\/09\/package-and-delivery-150x150.webp 150w\" sizes=\"auto, (max-width: 540px) 100vw, 540px\" \/><figcaption class=\"wp-element-caption\">paquete y entrega<\/figcaption><\/figure> <\/div>   <h2 class=\"wp-block-heading\"><strong>\u00a1Cont\u00e1ctenos para m\u00e1s detalles de la m\u00e1quina!<\/strong><\/h2>    <p class=\"translation-block\">Como fabricante y proveedor profesional de maquinaria para trabajar la madera, disponemos de una serie de equipos para el procesamiento de la madera, como <a href=\"https:\/\/shuliywoodmachine.com\/es\/product\/maquina-trituradora-de-madera\/\">trituradora de madera<\/a>, <a href=\"https:\/\/shuliywoodmachine.com\/es\/product\/maquina-de-afeitar-para-madera\/\" target=\"_blank\" rel=\"noreferrer noopener\">m\u00e1quina de virutas de madera<\/a>, <a href=\"https:\/\/shuliywoodmachine.com\/es\/product\/wood-debarker-log-debarker\/\">m\u00e1quina descortezadora de troncos<\/a>, trituradora integral, etc. <\/p>    <p class=\"translation-block\">Si desea una m\u00e1quina para trabajar la madera que le ayude a procesar la madera r\u00e1pidamente, p\u00f3ngase en contacto con nosotros. Nuestros gerentes son experimentados y profesionales y le recomendar\u00e1n la maquinaria de procesamiento de <a href=\"https:\/\/en.wikipedia.org\/wiki\/Wood\" target=\"_blank\" rel=\"noopener\">madera<\/a> adecuada seg\u00fan sus necesidades.<\/p>","protected":false},"excerpt":{"rendered":"<p>La trituradora de molino de martillos sirve para moler semiproductos (como briquetas de carb\u00f3n, pajitas, astillas de madera, etc.) hasta convertirlos en aserr\u00edn con 5-10 mm. Tiene una producci\u00f3n de 0,6-5t\/h.<\/p>","protected":false},"author":1,"featured_media":785,"parent":0,"template":"","tags":[37,38,32,36,35,34,146,30,31],"product-type":[6],"class_list":["post-333","product","type-product","status-publish","has-post-thumbnail","hentry","tag-diesel-hammer-mill","tag-hammer-coal-crusher","tag-hammer-mill","tag-hammer-mill-crusher","tag-industrial-hammer-mill","tag-large-hammer-mill","tag-sawdust","tag-wood-crusher","tag-wood-crusher-machine","product-type-wood-crusher"],"_links":{"self":[{"href":"https:\/\/shuliywoodmachine.com\/es\/wp-json\/wp\/v2\/product\/333","targetHints":{"allow":["GET"]}}],"collection":[{"href":"https:\/\/shuliywoodmachine.com\/es\/wp-json\/wp\/v2\/product"}],"about":[{"href":"https:\/\/shuliywoodmachine.com\/es\/wp-json\/wp\/v2\/types\/product"}],"author":[{"embeddable":true,"href":"https:\/\/shuliywoodmachine.com\/es\/wp-json\/wp\/v2\/users\/1"}],"wp:featuredmedia":[{"embeddable":true,"href":"https:\/\/shuliywoodmachine.com\/es\/wp-json\/wp\/v2\/media\/785"}],"wp:attachment":[{"href":"https:\/\/shuliywoodmachine.com\/es\/wp-json\/wp\/v2\/media?parent=333"}],"wp:term":[{"taxonomy":"post_tag","embeddable":true,"href":"https:\/\/shuliywoodmachine.com\/es\/wp-json\/wp\/v2\/tags?post=333"},{"taxonomy":"product-type","embeddable":true,"href":"https:\/\/shuliywoodmachine.com\/es\/wp-json\/wp\/v2\/product-type?post=333"}],"curies":[{"name":"wp","href":"https:\/\/api.w.org\/{rel}","templated":true}]}}