{"id":680,"date":"2022-09-16T06:26:18","date_gmt":"2022-09-16T06:26:18","guid":{"rendered":"https:\/\/shuliywoodmachine.com\/?post_type=product&#038;p=680"},"modified":"2024-07-10T14:20:48","modified_gmt":"2024-07-10T06:20:48","slug":"wood-pallet-machine","status":"publish","type":"product","link":"https:\/\/shuliywoodmachine.com\/es\/product\/maquina-de-paletas-de-madera\/","title":{"rendered":"M\u00e1quina de paletas de madera comprimida"},"content":{"rendered":"<p class=\"translation-block\">La <strong>m\u00e1quina para palets de madera<\/strong> Shuliy se utiliza para producir palets de madera a partir de serr\u00edn, c\u00e1scaras de arroz, c\u00e1scaras de coco, etc. mediante alta temperatura y presi\u00f3n. Los palets de madera se pueden utilizar como soportes de carga en empresas de transporte, grandes supermercados y centros comerciales.<\/p>    <p>La materia prima requiere que su contenido de humedad sea de aproximadamente 10%. Adem\u00e1s, podemos fabricar pal\u00e9s de madera con tama\u00f1os comunes de 1000*1000 mm, 1100*1100 mm, 1200*800 mm y 1200*1000 mm. Por supuesto, tambi\u00e9n podemos personalizar el tama\u00f1o para satisfacer sus demandas. <\/p>    <p>Esta m\u00e1quina para fabricar paletas de madera comprimida utiliza desechos de madera, por lo que es una excelente soluci\u00f3n para que el reciclaje de desechos genere ganancias. <\/p>    <figure class=\"wp-block-embed is-type-video is-provider-youtube wp-block-embed-youtube wp-embed-aspect-16-9 wp-has-aspect-ratio\"><div class=\"wp-block-embed__wrapper\"> <iframe loading=\"lazy\" title=\"\u00bfC\u00f3mo funciona la m\u00e1quina de paletas de madera comprimida? | M\u00e1quina para fabricar paletas de madera moldeada Shuliy #pallet\" width=\"500\" height=\"281\" src=\"https:\/\/www.youtube.com\/embed\/wyxcmqI4BgI?feature=oembed\" frameborder=\"0\" allow=\"accelerometer; autoplay; clipboard-write; encrypted-media; gyroscope; picture-in-picture; web-share\" referrerpolicy=\"strict-origin-when-cross-origin\" allowfullscreen><\/iframe> <\/div><figcaption class=\"wp-element-caption\">Video de trabajo de la m\u00e1quina de paletas de madera comprimida.<\/figcaption><\/figure>    <h2 class=\"wp-block-heading\"><strong>Materias primas de la m\u00e1quina de paletas de madera moldeada.<\/strong><\/h2>    <div class=\"wp-block-media-text alignwide is-stacked-on-mobile\"><figure class=\"wp-block-media-text__media\"><img loading=\"lazy\" decoding=\"async\" width=\"720\" height=\"540\" src=\"https:\/\/shuliywoodmachine.com\/wp-content\/uploads\/2022\/09\/raw-materials-for-wood-pallet-making-machine.webp\" alt=\"Materias primas para la m\u00e1quina para fabricar paletas de madera.\" class=\"wp-image-857 size-full\" title=\"\" srcset=\"https:\/\/shuliywoodmachine.com\/wp-content\/uploads\/2022\/09\/raw-materials-for-wood-pallet-making-machine.webp 720w, https:\/\/shuliywoodmachine.com\/wp-content\/uploads\/2022\/09\/raw-materials-for-wood-pallet-making-machine-300x225.webp 300w\" sizes=\"auto, (max-width: 720px) 100vw, 720px\" \/><\/figure><div class=\"wp-block-media-text__content\"> <p>Al utilizar esta m\u00e1quina para fabricar paletas de madera para el reciclaje de desechos, debe saber qu\u00e9 materias primas pueden ayudarlo a convertir los desechos en un tesoro.<\/p>    <p class=\"translation-block\">Las materias primas para fabricar palets de madera son <strong>recortes de madera, astillas de madera, virutas de madera, c\u00e1scaras de arroz, fibra (inferior a 1 cm), bamb\u00fa, c\u00e1scaras de coco, c\u00e1scaras de palma, papel<\/strong>, etc.<\/p> <\/div><\/div>    <h2 class=\"wp-block-heading\"><strong>Tama\u00f1o, uso y peso de los pallets de madera.<\/strong><\/h2>    <p>Los tama\u00f1os de palets de madera que se pueden fabricar con los materiales anteriores y sus aplicaciones son las siguientes: <\/p>    <ul class=\"wp-block-list\"> <li><strong>Tama\u00f1os de palets de madera.<\/strong>: nuestra m\u00e1quina m\u00e1s alta de madera prensada puede fabricar tama\u00f1os comunes y personalizados. <ul class=\"wp-block-list\"> <li><strong>Tama\u00f1os comunes<\/strong>: 1000*1000 mm, 1100*1100 mm, 1200*8000 mm y 1200*1000 mm. <\/li>    <li><strong>Tama\u00f1os personalizados<\/strong>: 600*800mm, etc. Personalizamos el tama\u00f1o del pallet seg\u00fan las necesidades del cliente.<\/li> <\/ul> <\/li>    <li><strong>Aplicaci\u00f3n de palets de madera.<\/strong>: empresas de transporte, grandes supermercados, centros comerciales, etc. Su funci\u00f3n es la de soportar el peso, facilitando el funcionamiento de las carretillas elevadoras.<\/li>    <li><strong>Peso<\/strong>: 17-18 kg por palet de madera.<\/li> <\/ul>   <div class=\"wp-block-image\"> <figure class=\"aligncenter size-full\"><img loading=\"lazy\" decoding=\"async\" width=\"720\" height=\"540\" src=\"https:\/\/shuliywoodmachine.com\/wp-content\/uploads\/2022\/09\/applications-of-the-wood-pallets.webp\" alt=\"Aplicaciones de los palets de madera.\" class=\"wp-image-860\" title=\"\" srcset=\"https:\/\/shuliywoodmachine.com\/wp-content\/uploads\/2022\/09\/applications-of-the-wood-pallets.webp 720w, https:\/\/shuliywoodmachine.com\/wp-content\/uploads\/2022\/09\/applications-of-the-wood-pallets-300x225.webp 300w\" sizes=\"auto, (max-width: 720px) 100vw, 720px\" \/><figcaption class=\"wp-element-caption\">uso de las paletas de madera<\/figcaption><\/figure> <\/div>   <h2 class=\"wp-block-heading\"><strong>Puntos fuertes de la m\u00e1quina de paletas de madera a la venta.<\/strong><\/h2>    <figure class=\"wp-block-gallery aligncenter has-nested-images columns-default is-cropped wp-block-gallery-2 is-layout-flex wp-block-gallery-is-layout-flex\"> <figure class=\"wp-block-image size-full\"><img loading=\"lazy\" decoding=\"async\" width=\"540\" height=\"720\" data-id=\"868\" src=\"https:\/\/shuliywoodmachine.com\/wp-content\/uploads\/2022\/09\/compressed-wood-pallet-machine.webp\" alt=\"m\u00e1quina-paleta-de-madera-comprimida\" class=\"wp-image-868\" title=\"\" srcset=\"https:\/\/shuliywoodmachine.com\/wp-content\/uploads\/2022\/09\/compressed-wood-pallet-machine.webp 540w, https:\/\/shuliywoodmachine.com\/wp-content\/uploads\/2022\/09\/compressed-wood-pallet-machine-225x300.webp 225w\" sizes=\"auto, (max-width: 540px) 100vw, 540px\" \/><figcaption class=\"wp-element-caption\">M\u00e1quina de paletas de madera comprimida<\/figcaption><\/figure>    <figure class=\"wp-block-image size-full\"><img loading=\"lazy\" decoding=\"async\" width=\"540\" height=\"720\" data-id=\"867\" src=\"https:\/\/shuliywoodmachine.com\/wp-content\/uploads\/2022\/09\/back-of-the-pallet-making-machine.webp\" alt=\"maquina-para-fabricar-la-parte-posterior-de-pallet\" class=\"wp-image-867\" title=\"\" srcset=\"https:\/\/shuliywoodmachine.com\/wp-content\/uploads\/2022\/09\/back-of-the-pallet-making-machine.webp 540w, https:\/\/shuliywoodmachine.com\/wp-content\/uploads\/2022\/09\/back-of-the-pallet-making-machine-225x300.webp 225w\" sizes=\"auto, (max-width: 540px) 100vw, 540px\" \/><figcaption class=\"wp-element-caption\">Parte posterior de la m\u00e1quina para fabricar paletas<\/figcaption><\/figure> <\/figure>    <ul class=\"wp-block-list\"> <li><strong>Tipo s\u00f3lido de cuatro columnas.<\/strong>: debido a este dise\u00f1o, la m\u00e1quina de paletas de madera tiene buena estabilidad cuando trabaja a altas temperaturas. <\/li>    <li><strong>Presi\u00f3n<\/strong>: hay dos subcilindros a ambos lados de la m\u00e1quina, su funci\u00f3n es ayudar a mejorar la presi\u00f3n. De esta forma, la densidad del palet es mayor y la calidad es mejor.<\/li>    <li><strong>Panel de control<\/strong>: mediante el funcionamiento del panel de control, es c\u00f3modo y r\u00e1pido configurar el tiempo y la temperatura de control.<\/li>    <li><strong>Moldes personalizados<\/strong>: Dependiendo de sus necesidades, podemos personalizar el molde adecuado para que usted fabrique paletas de madera satisfactorias.<\/li>    <li><strong>Una amplia gama de materias primas aplicadas.<\/strong>: Se pueden utilizar astillas de madera, virutas de madera, aserr\u00edn, c\u00e1scaras de arroz, c\u00e1scaras de coco, etc. como materia prima para fabricar paletas de madera. <\/li> <\/ul>    <figure class=\"wp-block-gallery has-nested-images columns-default is-cropped wp-block-gallery-3 is-layout-flex wp-block-gallery-is-layout-flex\"> <figure class=\"wp-block-image size-large\"><img loading=\"lazy\" decoding=\"async\" width=\"720\" height=\"540\" data-id=\"2161\" src=\"https:\/\/shuliywoodmachine.com\/wp-content\/uploads\/2022\/09\/compressed-wooden-pallet-machine-mold.webp\" alt=\"Molde de m\u00e1quina de paletas de madera comprimida\" class=\"wp-image-2161\" title=\"\" srcset=\"https:\/\/shuliywoodmachine.com\/wp-content\/uploads\/2022\/09\/compressed-wooden-pallet-machine-mold.webp 720w, https:\/\/shuliywoodmachine.com\/wp-content\/uploads\/2022\/09\/compressed-wooden-pallet-machine-mold-300x225.webp 300w, https:\/\/shuliywoodmachine.com\/wp-content\/uploads\/2022\/09\/compressed-wooden-pallet-machine-mold-16x12.webp 16w\" sizes=\"auto, (max-width: 720px) 100vw, 720px\" \/><figcaption class=\"wp-element-caption\">Molde de m\u00e1quina de paletas de madera comprimida<\/figcaption><\/figure>    <figure class=\"wp-block-image size-large\"><img loading=\"lazy\" decoding=\"async\" width=\"720\" height=\"540\" data-id=\"2162\" src=\"https:\/\/shuliywoodmachine.com\/wp-content\/uploads\/2022\/09\/different-shapes-of-wood-pallets.webp\" alt=\"Diferentes formas de palets de madera.\" class=\"wp-image-2162\" title=\"\" srcset=\"https:\/\/shuliywoodmachine.com\/wp-content\/uploads\/2022\/09\/different-shapes-of-wood-pallets.webp 720w, https:\/\/shuliywoodmachine.com\/wp-content\/uploads\/2022\/09\/different-shapes-of-wood-pallets-300x225.webp 300w, https:\/\/shuliywoodmachine.com\/wp-content\/uploads\/2022\/09\/different-shapes-of-wood-pallets-16x12.webp 16w\" sizes=\"auto, (max-width: 720px) 100vw, 720px\" \/><figcaption class=\"wp-element-caption\">Diferentes formas de paletas de madera<\/figcaption><\/figure> <\/figure>    <h2 class=\"wp-block-heading\"><strong>Par\u00e1metros t\u00e9cnicos de la m\u00e1quina para fabricar paletas de madera.<\/strong><\/h2>    <figure class=\"wp-block-table\"><table><tbody><tr><td>Modelo<\/td><td>SL-800<\/td><td>SL-1000<\/td><\/tr><tr><td>Fuerza<\/td><td>7,5 kw<\/td><td>15kW<\/td><\/tr><tr><td>Presi\u00f3n<\/td><td>800t<\/td><td>1000t<\/td><\/tr><tr><td>Capacidad<\/td><td>8 piezas por vez<\/td><td>Un pal\u00e9 necesita de 4 a 5 minutos (puedes controlarlo t\u00fa mismo)<\/td><\/tr><tr><td>Dimensi\u00f3n<\/td><td>2,3*1,5*3,5 m<\/td><td>1,9*1,3*4m<\/td><\/tr><tr><td>Peso<\/td><td>11 toneladas<\/td><td>21t<\/td><\/tr><tr><td>Tama\u00f1o final del palet<\/td><td>1200*1000mm, 1200*800mm<\/td><td>1200*1000mm, 1200*800mm<\/td><\/tr><\/tbody><\/table><figcaption class=\"wp-element-caption\">Especificaciones de la m\u00e1quina de paletas de madera comprimida.<\/figcaption><\/figure>    <p>Los par\u00e1metros anteriores son para su referencia al elegir la m\u00e1quina. <\/p>    <p>Si desea el equipo adecuado, debe indicarnos su materia prima, el tama\u00f1o de la plataforma de madera (proporcionamos algunos tama\u00f1os para su referencia), capacidad de peso, etc., y nuestro gerente de ventas le brindar\u00e1 la soluci\u00f3n \u00f3ptima de acuerdo con tus necesidades.<\/p>   <div class=\"wp-block-image\"> <figure class=\"aligncenter size-full\"><img loading=\"lazy\" decoding=\"async\" width=\"720\" height=\"540\" src=\"https:\/\/shuliywoodmachine.com\/wp-content\/uploads\/2023\/07\/wood-pallet-machine-for-sale.webp\" alt=\"m\u00e1quina de paletas de madera en venta\" class=\"wp-image-1673\" title=\"\" srcset=\"https:\/\/shuliywoodmachine.com\/wp-content\/uploads\/2023\/07\/wood-pallet-machine-for-sale.webp 720w, https:\/\/shuliywoodmachine.com\/wp-content\/uploads\/2023\/07\/wood-pallet-machine-for-sale-300x225.webp 300w\" sizes=\"auto, (max-width: 720px) 100vw, 720px\" \/><figcaption class=\"wp-element-caption\">m\u00e1quina de paletas de madera en venta<\/figcaption><\/figure> <\/div>   <h2 class=\"wp-block-heading\"><strong>\u00bfCu\u00e1l es la composici\u00f3n de la m\u00e1quina autom\u00e1tica para fabricar paletas de madera?<\/strong><\/h2>    <div class=\"wp-block-media-text alignwide is-stacked-on-mobile\"><figure class=\"wp-block-media-text__media\"><img loading=\"lazy\" decoding=\"async\" width=\"720\" height=\"540\" src=\"https:\/\/shuliywoodmachine.com\/wp-content\/uploads\/2022\/09\/hydraulic-system.webp\" alt=\"sistema hidr\u00e1ulico\" class=\"wp-image-861 size-full\" title=\"\" srcset=\"https:\/\/shuliywoodmachine.com\/wp-content\/uploads\/2022\/09\/hydraulic-system.webp 720w, https:\/\/shuliywoodmachine.com\/wp-content\/uploads\/2022\/09\/hydraulic-system-300x225.webp 300w\" sizes=\"auto, (max-width: 720px) 100vw, 720px\" \/><\/figure><div class=\"wp-block-media-text__content\"> <p class=\"translation-block\"><strong>Sistema hidr\u00e1ulico<\/strong>: principalmente tiene la estaci\u00f3n de bombeo hidr\u00e1ulico, que proporciona presi\u00f3n cuando la m\u00e1quina funciona. <\/p>    <p>En t\u00e9rminos generales, la presi\u00f3n es de 800t, 1000t, 1200t, etc. <\/p>    <p>El cilindro hidr\u00e1ulico act\u00faa sobre el molde. Esto hace que los pallets de madera producidos tengan alta densidad y buena capacidad de carga.<\/p> <\/div><\/div>    <div class=\"wp-block-media-text alignwide has-media-on-the-right is-stacked-on-mobile\"><div class=\"wp-block-media-text__content\"> <p class=\"translation-block\"><strong>Gabinete de control<\/strong>: controla el funcionamiento de los moldes superior e inferior.<\/p>    <p class=\"translation-block\"><strong>Secci\u00f3n de trabajo de moldes<\/strong>: produce los palets de madera satisfactorios.<\/p> <\/div><figure class=\"wp-block-media-text__media\"><img loading=\"lazy\" decoding=\"async\" width=\"720\" height=\"540\" src=\"https:\/\/shuliywoodmachine.com\/wp-content\/uploads\/2022\/09\/controal-cabnit-and-molds.webp\" alt=\"cabina de control y moldes\" class=\"wp-image-863 size-full\" title=\"\" srcset=\"https:\/\/shuliywoodmachine.com\/wp-content\/uploads\/2022\/09\/controal-cabnit-and-molds.webp 720w, https:\/\/shuliywoodmachine.com\/wp-content\/uploads\/2022\/09\/controal-cabnit-and-molds-300x225.webp 300w\" sizes=\"auto, (max-width: 720px) 100vw, 720px\" \/><\/figure><\/div>    <div class=\"wp-block-media-text alignwide is-stacked-on-mobile\"><figure class=\"wp-block-media-text__media\"><img loading=\"lazy\" decoding=\"async\" width=\"720\" height=\"540\" src=\"https:\/\/shuliywoodmachine.com\/wp-content\/uploads\/2022\/09\/mold-temperature-machine.webp\" alt=\"m\u00e1quina de temperatura del molde\" class=\"wp-image-864 size-full\" title=\"\" srcset=\"https:\/\/shuliywoodmachine.com\/wp-content\/uploads\/2022\/09\/mold-temperature-machine.webp 720w, https:\/\/shuliywoodmachine.com\/wp-content\/uploads\/2022\/09\/mold-temperature-machine-300x225.webp 300w\" sizes=\"auto, (max-width: 720px) 100vw, 720px\" \/><\/figure><div class=\"wp-block-media-text__content\"> <p class=\"translation-block\"><strong>M\u00e1quina de temperatura de moldes<\/strong>: conectada al molde, proporciona alta temperatura. La temperatura es generalmente de 180\u2103. <\/p>    <p>Adem\u00e1s, necesita aceite conductor de calor o un horno conductor de calor, que generalmente utiliza aceite conductor de calor.<\/p> <\/div><\/div>    <h2 class=\"wp-block-heading\"><strong>Proceso de trabajo de la m\u00e1quina de paletas de madera prensada.<\/strong><\/h2>    <p>Con altas temperaturas y presi\u00f3n, la madera residual se puede transformar en paletas de madera de calidad. Todo el proceso de elaboraci\u00f3n de palets de madera se muestra a continuaci\u00f3n:<\/p>    <ul class=\"wp-block-list\"> <li>En primer lugar, es necesario calentar el molde a 180 \u2103 y luego colocar las materias primas en el medio del molde. Cabe se\u00f1alar que las materias primas deben colocarse planas en el borde superior. <\/li>    <li>Luego, ponga en marcha la m\u00e1quina de paletas de madera moldeada. Se necesitan m\u00e1s de 4 a 5 minutos para fabricar un pal\u00e9.<\/li>    <li>Despu\u00e9s de terminar, el molde superior se eleva y el molde inferior expulsa la plataforma. Se completa el proceso completo de producci\u00f3n de un palet de madera.<\/li> <\/ul>    <figure class=\"wp-block-embed is-type-video is-provider-youtube wp-block-embed-youtube wp-embed-aspect-16-9 wp-has-aspect-ratio\"><div class=\"wp-block-embed__wrapper\"> <iframe loading=\"lazy\" title=\"\u00bfC\u00f3mo utilizar c\u00e1scaras de arroz para hacer paletas de madera? M\u00e1quina para fabricar paletas de madera moldeada a la venta #recycling\" width=\"500\" height=\"281\" src=\"https:\/\/www.youtube.com\/embed\/D0EDtwjyMus?feature=oembed\" frameborder=\"0\" allow=\"accelerometer; autoplay; clipboard-write; encrypted-media; gyroscope; picture-in-picture; web-share\" referrerpolicy=\"strict-origin-when-cross-origin\" allowfullscreen><\/iframe> <\/div><figcaption class=\"wp-element-caption\">V\u00eddeo sobre c\u00f3mo hacer paletas de madera con c\u00e1scaras de arroz.<\/figcaption><\/figure>    <h2 class=\"wp-block-heading\"><strong>\u00bfCu\u00e1les son las ventajas de los palets de madera?<\/strong><\/h2>    <div class=\"wp-block-media-text alignwide is-stacked-on-mobile\"><figure class=\"wp-block-media-text__media\"><img loading=\"lazy\" decoding=\"async\" width=\"720\" height=\"540\" src=\"https:\/\/shuliywoodmachine.com\/wp-content\/uploads\/2022\/09\/wood-pallets.webp\" alt=\"palets de madera\" class=\"wp-image-865 size-full\" title=\"\" srcset=\"https:\/\/shuliywoodmachine.com\/wp-content\/uploads\/2022\/09\/wood-pallets.webp 720w, https:\/\/shuliywoodmachine.com\/wp-content\/uploads\/2022\/09\/wood-pallets-300x225.webp 300w\" sizes=\"auto, (max-width: 720px) 100vw, 720px\" \/><\/figure><div class=\"wp-block-media-text__content\"> <ul class=\"wp-block-list\"> <li><strong>Importaci\u00f3n y exportaci\u00f3n<\/strong>: buena calidad de las paletas de madera producidas para la venta.<\/li>    <li><strong>Libre de fumigaci\u00f3n<\/strong>: los pallets de madera est\u00e1n libres de fumigaci\u00f3n.<\/li>    <li><strong>Amigable con el medio ambiente<\/strong>: porque est\u00e1 hecho de recortes reciclados.<\/li>    <li><strong>Bajo contenido de agua<\/strong>: los palets de madera son m\u00e1s estables, no se deforman f\u00e1cilmente y tienen una larga vida \u00fatil.<\/li>    <li><strong>Gran capacidad de carga<\/strong>: por ejemplo, para pal\u00e9s de 1000*1000, la carga est\u00e1tica es de 5 a 10 toneladas y la carga din\u00e1mica es de 3 a 5 toneladas.<\/li>    <li><strong>Ahorra espacio<\/strong>: Se pueden apilar pal\u00e9s de madera y se puede retraer el muelle de goma del pal\u00e9.<\/li> <\/ul> <\/div><\/div>    <h2 class=\"wp-block-heading\"><strong>Casos globales de la m\u00e1quina prensadora en caliente de paletas de madera Shuliy<\/strong><\/h2>    <p class=\"translation-block\"><strong>M\u00e1quina para fabricar palets de madera SL-800 exportada a M\u00e9xico<\/strong><\/p>    <p>Este cliente mexicano tiene su propia empresa y compr\u00f3 la m\u00e1quina para paletas de madera principalmente para procesar los residuos y convertirlos en un tesoro para su propio uso. <\/p>    <p>Atra\u00eddo por la personalizaci\u00f3n de nuestras m\u00e1quinas, la rentabilidad y el servicio postventa, este cliente realiz\u00f3 un pedido para fabricar pal\u00e9s de madera de 1200*1000 mm y 600*800 mm.<\/p>    <p>R\u00e1pidamente organizamos la producci\u00f3n. Una vez finalizado, organizamos el transporte por mar.<\/p>    <figure class=\"wp-block-gallery has-nested-images columns-default is-cropped wp-block-gallery-4 is-layout-flex wp-block-gallery-is-layout-flex\"> <figure class=\"wp-block-image size-large\"><img loading=\"lazy\" decoding=\"async\" width=\"720\" height=\"540\" data-id=\"2173\" src=\"https:\/\/shuliywoodmachine.com\/wp-content\/uploads\/2022\/09\/compressed-wood-pallet-making-machine-for-sale.webp\" alt=\"M\u00e1quina para fabricar paletas de madera comprimida a la venta\" class=\"wp-image-2173\" title=\"\" srcset=\"https:\/\/shuliywoodmachine.com\/wp-content\/uploads\/2022\/09\/compressed-wood-pallet-making-machine-for-sale.webp 720w, https:\/\/shuliywoodmachine.com\/wp-content\/uploads\/2022\/09\/compressed-wood-pallet-making-machine-for-sale-300x225.webp 300w, https:\/\/shuliywoodmachine.com\/wp-content\/uploads\/2022\/09\/compressed-wood-pallet-making-machine-for-sale-16x12.webp 16w\" sizes=\"auto, (max-width: 720px) 100vw, 720px\" \/><figcaption class=\"wp-element-caption\">M\u00e1quina para fabricar paletas de madera comprimida a la venta<\/figcaption><\/figure>    <figure class=\"wp-block-image size-large\"><img loading=\"lazy\" decoding=\"async\" width=\"720\" height=\"540\" data-id=\"2174\" src=\"https:\/\/shuliywoodmachine.com\/wp-content\/uploads\/2022\/09\/molded-sawdust-wood-pallet-machine.webp\" alt=\"m\u00e1quina de paletas de madera de aserr\u00edn moldeado\" class=\"wp-image-2174\" title=\"\" srcset=\"https:\/\/shuliywoodmachine.com\/wp-content\/uploads\/2022\/09\/molded-sawdust-wood-pallet-machine.webp 720w, https:\/\/shuliywoodmachine.com\/wp-content\/uploads\/2022\/09\/molded-sawdust-wood-pallet-machine-300x225.webp 300w, https:\/\/shuliywoodmachine.com\/wp-content\/uploads\/2022\/09\/molded-sawdust-wood-pallet-machine-16x12.webp 16w\" sizes=\"auto, (max-width: 720px) 100vw, 720px\" \/><figcaption class=\"wp-element-caption\">M\u00e1quina de paletas de madera de aserr\u00edn moldeado<\/figcaption><\/figure> <\/figure>    <h2 class=\"wp-block-heading\"><strong>\u00a1Cont\u00e1ctenos para m\u00e1s detalles de la m\u00e1quina!<\/strong><\/h2>    <p class=\"translation-block\">No solo proporcionamos equipos individuales, sino que tambi\u00e9n tenemos la <a href=\"https:\/\/shuliywoodmachine.com\/es\/product\/linea-de-produccion-de-paletas-de-madera\/\">l\u00ednea de producci\u00f3n de palets de madera comprimida<\/a> completa en venta para ayudarle a realizar una producci\u00f3n eficiente. Esperamos cooperar con usted y brindarle un servicio de alta calidad para su negocio de <a href=\"https:\/\/en.wikipedia.org\/wiki\/Recycling\" target=\"_blank\" rel=\"noopener\">reciclaje de residuos<\/a>.<\/p>    <p>Si desea conocer m\u00e1s detalles sobre nuestro equipo, bienvenido a contactarnos. Le proporcionaremos soluciones profesionales para satisfacer sus diversas necesidades.<\/p>","protected":false},"excerpt":{"rendered":"<p>La m\u00e1quina para paletas de madera Shuliy produce paletas de madera de calidad a partir de aserr\u00edn, virutas de madera, c\u00e1scaras de arroz, etc. mediante alta temperatura y presi\u00f3n.<\/p>","protected":false},"author":1,"featured_media":681,"parent":0,"template":"","tags":[30,152,86],"product-type":[76],"class_list":["post-680","product","type-product","status-publish","has-post-thumbnail","hentry","tag-wood-crusher","tag-wood-pallet","tag-wood-pallet-machine","product-type-waste-wood-recycling-machine"],"_links":{"self":[{"href":"https:\/\/shuliywoodmachine.com\/es\/wp-json\/wp\/v2\/product\/680","targetHints":{"allow":["GET"]}}],"collection":[{"href":"https:\/\/shuliywoodmachine.com\/es\/wp-json\/wp\/v2\/product"}],"about":[{"href":"https:\/\/shuliywoodmachine.com\/es\/wp-json\/wp\/v2\/types\/product"}],"author":[{"embeddable":true,"href":"https:\/\/shuliywoodmachine.com\/es\/wp-json\/wp\/v2\/users\/1"}],"wp:featuredmedia":[{"embeddable":true,"href":"https:\/\/shuliywoodmachine.com\/es\/wp-json\/wp\/v2\/media\/681"}],"wp:attachment":[{"href":"https:\/\/shuliywoodmachine.com\/es\/wp-json\/wp\/v2\/media?parent=680"}],"wp:term":[{"taxonomy":"post_tag","embeddable":true,"href":"https:\/\/shuliywoodmachine.com\/es\/wp-json\/wp\/v2\/tags?post=680"},{"taxonomy":"product-type","embeddable":true,"href":"https:\/\/shuliywoodmachine.com\/es\/wp-json\/wp\/v2\/product-type?post=680"}],"curies":[{"name":"wp","href":"https:\/\/api.w.org\/{rel}","templated":true}]}}