{"id":969,"date":"2022-09-28T15:32:13","date_gmt":"2022-09-28T07:32:13","guid":{"rendered":"https:\/\/shuliywoodmachine.com\/?post_type=product&#038;p=969"},"modified":"2024-07-10T14:12:12","modified_gmt":"2024-07-10T06:12:12","slug":"wood-block-making-machine","status":"publish","type":"product","link":"https:\/\/shuliywoodmachine.com\/es\/product\/maquina-para-fabricar-bloques-de-madera\/","title":{"rendered":"M\u00e1quina para fabricar bloques de madera prensada"},"content":{"rendered":"<p class=\"translation-block\">La <strong>m\u00e1quina para fabricar bloques de madera<\/strong> Shuliy produce bloques de tarimas de madera a partir de serr\u00edn, astillas de madera, virutas de madera, c\u00e1scaras de coco, etc., mediante alta temperatura y presi\u00f3n. La humedad de las materias primas debe ser &lt;10% y el tama\u00f1o debe ser de aproximadamente 1 cm. <\/p>    <p>Esta m\u00e1quina bloquera de paletas de madera comprimida tiene una amplia gama de capacidades debido a las diferentes cantidades de salida. Est\u00e1 disponible en salidas dobles, salidas triples, salidas de cuatro cabezales, etc. La capacidad oscila entre 3,5 y 9 m.<sup>3<\/sup>\/24h.<\/p>    <p>Seg\u00fan la forma de la tolva, disponemos de dos modelos de prensadoras en caliente de bloques de madera. Una es la m\u00e1quina con tolvas cuadradas y otra es la m\u00e1quina con tolvas redondas.<\/p>    <p>Pero los productos finales son bloques de paletas de madera. Los tacos de palets de madera tienen dos formas: con agujeros o sin agujeros. Adem\u00e1s, desde la altura, los bloques de madera se pueden dividir en est\u00e1ndar com\u00fan (2-3 mm) y est\u00e1ndar europeo (&gt;3 mm). <\/p>    <figure class=\"wp-block-embed is-type-video is-provider-youtube wp-block-embed-youtube wp-embed-aspect-16-9 wp-has-aspect-ratio\"><div class=\"wp-block-embed__wrapper\"> <iframe loading=\"lazy\" title=\"M\u00e1quina para fabricar bloques de aserr\u00edn de madera comprimida | M\u00e1quina de reciclaje de aserr\u00edn de Shuliy #woodblock\" width=\"500\" height=\"281\" src=\"https:\/\/www.youtube.com\/embed\/6YkOjKRv2ss?feature=oembed\" frameborder=\"0\" allow=\"accelerometer; autoplay; clipboard-write; encrypted-media; gyroscope; picture-in-picture; web-share\" referrerpolicy=\"strict-origin-when-cross-origin\" allowfullscreen><\/iframe> <\/div><figcaption class=\"wp-element-caption\">Video de trabajo de la m\u00e1quina para fabricar bloques de paletas de madera.<\/figcaption><\/figure>    <h2 class=\"wp-block-heading\"><strong>Materias primas para bloques de madera comprimida.<\/strong><\/h2>    <p>\u00bfQu\u00e9 se puede utilizar como materia prima si se desea producir bloques para paletas de madera?<\/p>    <p>Como materias primas se pueden utilizar: <\/p>    <p class=\"translation-block\"><strong>Residuos de madera, <a href=\"https:\/\/en.wikipedia.org\/wiki\/Woodchips\" target=\"_blank\" rel=\"noreferrer noopener\">astillas de madera<\/a>, virutas de madera, fibra, bamb\u00fa, c\u00e1scaras de coco, residuos de fabricaci\u00f3n de muebles, residuos de madera de construcci\u00f3n, papel de desecho, virutas de bamb\u00fa, corteza, ramitas, hojas<\/strong>, etc. <\/p>   <div class=\"wp-block-image\"> <figure class=\"aligncenter size-full\"><img loading=\"lazy\" decoding=\"async\" width=\"720\" height=\"540\" src=\"https:\/\/shuliywoodmachine.com\/wp-content\/uploads\/2022\/09\/raw-materials-for-wood-pallet-making-machine.webp\" alt=\"Materias primas para la m\u00e1quina para fabricar paletas de madera.\" class=\"wp-image-857\" title=\"\" srcset=\"https:\/\/shuliywoodmachine.com\/wp-content\/uploads\/2022\/09\/raw-materials-for-wood-pallet-making-machine.webp 720w, https:\/\/shuliywoodmachine.com\/wp-content\/uploads\/2022\/09\/raw-materials-for-wood-pallet-making-machine-300x225.webp 300w\" sizes=\"auto, (max-width: 720px) 100vw, 720px\" \/><figcaption class=\"wp-element-caption\">Materias primas para la m\u00e1quina para fabricar paletas de madera.<\/figcaption><\/figure> <\/div>   <h2 class=\"wp-block-heading\"><strong>Formas y tama\u00f1os de los productos finales.<\/strong><\/h2>    <p>Despu\u00e9s de conocer las materias primas, ahora veamos juntos las formas y tama\u00f1os del producto final fabricado por la m\u00e1quina para fabricar bloques de madera Shuliy. <\/p>   <div class=\"wp-block-image\"> <figure class=\"aligncenter\"><img loading=\"lazy\" decoding=\"async\" width=\"540\" height=\"540\" src=\"https:\/\/shuliywoodmachine.com\/wp-content\/uploads\/2022\/09\/finished-products-wood-blocks.webp\" alt=\"productos terminados-bloques de madera\" class=\"wp-image-971\" title=\"\" srcset=\"https:\/\/shuliywoodmachine.com\/wp-content\/uploads\/2022\/09\/finished-products-wood-blocks.webp 540w, https:\/\/shuliywoodmachine.com\/wp-content\/uploads\/2022\/09\/finished-products-wood-blocks-300x300.webp 300w, https:\/\/shuliywoodmachine.com\/wp-content\/uploads\/2022\/09\/finished-products-wood-blocks-150x150.webp 150w\" sizes=\"auto, (max-width: 540px) 100vw, 540px\" \/><figcaption class=\"wp-element-caption\">productos terminados-bloques de madera<\/figcaption><\/figure> <\/div>   <ul class=\"wp-block-list\"> <li>Bloque de paleta de madera diferente <strong>formas<\/strong>: los productos finales tienen dos tipos s\u00f3lidos y perforados. <ul class=\"wp-block-list\"> <li><strong>S\u00f3lido<\/strong>: prevenir la humedad.<\/li>    <li><strong>Agujereado<\/strong>: el calor desaparece r\u00e1pidamente y la humedad tambi\u00e9n se evapora r\u00e1pidamente.<\/li> <\/ul> <\/li>    <li>Bloque de dos paletas de madera<strong> est\u00e1ndares<\/strong>: <strong>convencional (2-3 mm)<\/strong> y <strong>Est\u00e1ndar europeo (&gt; 3 mm)<\/strong>. <\/li>    <li>Com\u00fan <strong>tama\u00f1os<\/strong>: 75*75mm, 90*90mm, 100*100mm, 145*145mm, 145*100mm, etc.<\/li> <\/ul>    <p>Para el tama\u00f1o com\u00fan, debes saber:<\/p>    <ul class=\"wp-block-list\"> <li>El tama\u00f1o es &lt;100 mm, es convencional.<\/li>    <li>El tama\u00f1o es &gt;100 mm, es el est\u00e1ndar europeo.<\/li> <\/ul>   <div class=\"wp-block-image\"> <figure class=\"aligncenter size-full\"><img loading=\"lazy\" decoding=\"async\" width=\"720\" height=\"350\" src=\"https:\/\/shuliywoodmachine.com\/wp-content\/uploads\/2022\/09\/size-for-the-wood-blocks.webp\" alt=\"tama\u00f1o para los bloques de madera\" class=\"wp-image-1013\" title=\"\" srcset=\"https:\/\/shuliywoodmachine.com\/wp-content\/uploads\/2022\/09\/size-for-the-wood-blocks.webp 720w, https:\/\/shuliywoodmachine.com\/wp-content\/uploads\/2022\/09\/size-for-the-wood-blocks-300x146.webp 300w\" sizes=\"auto, (max-width: 720px) 100vw, 720px\" \/><figcaption class=\"wp-element-caption\">tama\u00f1o para los bloques de madera<\/figcaption><\/figure> <\/div>   <h2 class=\"wp-block-heading\"><strong>Ventajas de la m\u00e1quina para fabricar bloques de madera comprimida.<\/strong><\/h2>    <ul class=\"wp-block-list\"> <li><strong>Producci\u00f3n eficiente<\/strong>. Esta m\u00e1quina para fabricar bloques de paletas de aserr\u00edn tiene una capacidad que oscila entre 3,5 y 9 m.<sup>3<\/sup>\/24h, lo cual es eficiente.<\/li>    <li><strong>Operaci\u00f3n f\u00e1cil<\/strong>. Interfaz de operaci\u00f3n simple e inteligente, simplemente presione el bot\u00f3n de operaci\u00f3n correspondiente para operar la m\u00e1quina. Incluso los usuarios primerizos pueden comprender r\u00e1pidamente los conceptos b\u00e1sicos de funcionamiento.<\/li>    <li><strong>Aplicaci\u00f3n amplia<\/strong>. Se pueden utilizar varios tama\u00f1os y materiales de madera como materia prima para fabricar bloques de paletas de madera. Son adecuados los residuos de madera, astillas de madera, aserr\u00edn, virutas de madera, etc.<\/li>    <li><strong>Personalizaci\u00f3n<\/strong>. Podemos personalizar la m\u00e1quina de acuerdo con los bloques de madera que desee producir, incluidos, entre otros, cantidades de salida, forma de la tolva, voltaje, etc.<\/li> <\/ul>   <div class=\"wp-block-image\"> <figure class=\"aligncenter size-full\"><img loading=\"lazy\" decoding=\"async\" width=\"720\" height=\"540\" src=\"https:\/\/shuliywoodmachine.com\/wp-content\/uploads\/2022\/09\/wooden-pallet-block-making-machine-for-sale.webp\" alt=\"M\u00e1quina para fabricar bloques de paletas de madera a la venta\" class=\"wp-image-2130\" title=\"\" srcset=\"https:\/\/shuliywoodmachine.com\/wp-content\/uploads\/2022\/09\/wooden-pallet-block-making-machine-for-sale.webp 720w, https:\/\/shuliywoodmachine.com\/wp-content\/uploads\/2022\/09\/wooden-pallet-block-making-machine-for-sale-300x225.webp 300w, https:\/\/shuliywoodmachine.com\/wp-content\/uploads\/2022\/09\/wooden-pallet-block-making-machine-for-sale-16x12.webp 16w\" sizes=\"auto, (max-width: 720px) 100vw, 720px\" \/><figcaption class=\"wp-element-caption\">M\u00e1quina para fabricar bloques de paletas de madera a la venta<\/figcaption><\/figure> <\/div>   <h2 class=\"wp-block-heading\"><strong>Par\u00e1metros t\u00e9cnicos de la m\u00e1quina comercial para fabricar bloques de madera.<\/strong><\/h2>    <figure class=\"wp-block-table\"><table><tbody><tr><td><strong>Modelo<\/strong><\/td><td><strong>Tama\u00f1o (mm)<\/strong><\/td><td><strong>Potencia (kW)<\/strong><\/td><td><strong>Capacidad (m<sup>3<\/sup>\/24h)<\/strong><\/td><td><strong>Densidad (kg\/m<sup>3<\/sup>)<\/strong><\/td><td><strong>Dimensi\u00f3n (mm)<\/strong><\/td><td><strong>Peso (kilogramos<\/strong>)<\/td><\/tr><tr><td>SL-75<\/td><td>75*75<\/td><td>15<\/td><td>3.5<\/td><td>550-600<\/td><td>4500*750*1200<\/td><td>1300<\/td><\/tr><tr><td>SL-90<\/td><td>90*90<\/td><td>15<\/td><td>4<\/td><td>550-600<\/td><td>4800*900*1200<\/td><td>1500<\/td><\/tr><tr><td>SL-100<\/td><td>100*100<\/td><td>16<\/td><td>6<\/td><td>550-600<\/td><td>5000*1000*1200<\/td><td>1800<\/td><\/tr><tr><td>SL-120<\/td><td>120*120<\/td><td>18<\/td><td>9<\/td><td>550-600<\/td><td>5500*1200*1200<\/td><td>2000<\/td><\/tr><\/tbody><\/table><figcaption class=\"wp-element-caption\">Especificaciones de la m\u00e1quina bloquera de paletas de madera prensada.<\/figcaption><\/figure>    <p>Al elegir una m\u00e1quina para fabricar bloques de virutas de madera, puede utilizar el producto terminado como referencia. Podemos recomendarle el equipo adecuado seg\u00fan el tama\u00f1o de su bloque de madera.<\/p>    <p>Por ejemplo, una m\u00e1quina para fabricar bloques de madera de 3 cabezales solo puede fabricar bloques de madera de menos de 100 mm con una producci\u00f3n de 6 a 7 m.<sup>3<\/sup>\/24h.<\/p>    <p>As\u00ed que si est\u00e1s interesado, \u00a1ponte en contacto con nosotros ahora!<\/p>   <div class=\"wp-block-image\"> <figure class=\"aligncenter size-full\"><img loading=\"lazy\" decoding=\"async\" width=\"720\" height=\"540\" src=\"https:\/\/shuliywoodmachine.com\/wp-content\/uploads\/2022\/09\/wood-sawdust-block-making-machine-manufacturer.webp\" alt=\"fabricante de m\u00e1quinas para fabricar bloques de aserr\u00edn de madera\" class=\"wp-image-2133\" title=\"\" srcset=\"https:\/\/shuliywoodmachine.com\/wp-content\/uploads\/2022\/09\/wood-sawdust-block-making-machine-manufacturer.webp 720w, https:\/\/shuliywoodmachine.com\/wp-content\/uploads\/2022\/09\/wood-sawdust-block-making-machine-manufacturer-300x225.webp 300w, https:\/\/shuliywoodmachine.com\/wp-content\/uploads\/2022\/09\/wood-sawdust-block-making-machine-manufacturer-16x12.webp 16w\" sizes=\"auto, (max-width: 720px) 100vw, 720px\" \/><figcaption class=\"wp-element-caption\">fabricante de m\u00e1quinas para fabricar bloques de aserr\u00edn de madera<\/figcaption><\/figure> <\/div>   <h2 class=\"wp-block-heading\"><strong>Tipos de m\u00e1quinas para fabricar bloques de paletas de madera a la venta<\/strong><\/h2>    <p>Seg\u00fan las formas de las tolvas, tenemos 2 modelos disponibles. Ahora echemos un vistazo a cada uno de ellos.<\/p>    <div class=\"wp-block-media-text alignwide is-stacked-on-mobile\"><figure class=\"wp-block-media-text__media\"><img loading=\"lazy\" decoding=\"async\" width=\"720\" height=\"400\" src=\"https:\/\/shuliywoodmachine.com\/wp-content\/uploads\/2022\/09\/sawdust-block-machine-with-the-square-hopper.webp\" alt=\"m\u00e1quina bloquera de aserr\u00edn con tolva cuadrada\" class=\"wp-image-982 size-full\" title=\"\" srcset=\"https:\/\/shuliywoodmachine.com\/wp-content\/uploads\/2022\/09\/sawdust-block-machine-with-the-square-hopper.webp 720w, https:\/\/shuliywoodmachine.com\/wp-content\/uploads\/2022\/09\/sawdust-block-machine-with-the-square-hopper-300x167.webp 300w\" sizes=\"auto, (max-width: 720px) 100vw, 720px\" \/><\/figure><div class=\"wp-block-media-text__content\"> <p class=\"translation-block\"><strong>Modelo 1: M\u00e1quina para fabricar bloques de madera con tolva cuadrada<\/strong><\/p>    <p>Por su apariencia, esta m\u00e1quina tiene tolvas cuadradas. El tornillo est\u00e1 en el fondo de la tolva.<\/p>    <p>Coloque las materias primas en la tolva y presi\u00f3nelas para formar bloques de madera.<\/p> <\/div><\/div>    <div class=\"wp-block-media-text alignwide has-media-on-the-right is-stacked-on-mobile\"><div class=\"wp-block-media-text__content\"> <p class=\"translation-block\"><strong>Modelo 2: M\u00e1quina para fabricar bloques de serr\u00edn con tolva redonda<\/strong><\/p>    <p>La mayor diferencia es que este modelo tiene un motor encima de la tolva de la m\u00e1quina. <\/p>    <p>Debido a la conexi\u00f3n con el motor, existe una funci\u00f3n de mezcla, que ayuda a las materias primas incluso antes del moldeo.<\/p> <\/div><figure class=\"wp-block-media-text__media\"><img loading=\"lazy\" decoding=\"async\" width=\"720\" height=\"400\" src=\"https:\/\/shuliywoodmachine.com\/wp-content\/uploads\/2022\/09\/wood-block-machine-with-the-round-hopper.webp\" alt=\"m\u00e1quina para fabricar bloques de madera con tolva redonda\" class=\"wp-image-983 size-full\" title=\"\" srcset=\"https:\/\/shuliywoodmachine.com\/wp-content\/uploads\/2022\/09\/wood-block-machine-with-the-round-hopper.webp 720w, https:\/\/shuliywoodmachine.com\/wp-content\/uploads\/2022\/09\/wood-block-machine-with-the-round-hopper-300x167.webp 300w\" sizes=\"auto, (max-width: 720px) 100vw, 720px\" \/><\/figure><\/div>    <h2 class=\"wp-block-heading\"><strong>Estructura de la m\u00e1quina para fabricar bloques de paletas de madera.<\/strong><\/h2>    <figure class=\"wp-block-table\"><table><tbody><tr><td>S\/N<\/td><td>Nombre de la pieza de la m\u00e1quina<\/td><td>Funci\u00f3n<\/td><\/tr><tr><td>1<\/td><td><strong>Cabina de control<\/strong><\/td><td>Configure todos los par\u00e1metros, lo cual es conveniente y r\u00e1pido. <br>Adem\u00e1s, es seguro utilizar la m\u00e1quina.<\/td><\/tr><tr><td>2<\/td><td><strong>Motor<\/strong><\/td><td>Proporciona energ\u00eda cuando la m\u00e1quina funciona.<\/td><\/tr><tr><td>3<\/td><td><strong>Tolva<\/strong><\/td><td>Como contenedor para contener las materias primas para la fabricaci\u00f3n de bloques.<\/td><\/tr><tr><td>4<\/td><td><strong>C\u00e1mara de trabajo<\/strong><\/td><td>Pieza central para producir los bloques de madera adecuados. Dispone de una l\u00e1mina de alta temperatura en su interior.<\/td><\/tr><tr><td>5<\/td><td><strong>Salida<\/strong><\/td><td>Los productos terminados salen de este punto de venta.<\/td><\/tr><tr><td>6<\/td><td><strong>Maquina de cortar<\/strong><\/td><td>Debido a que el bloque est\u00e1 entero, debes usar la m\u00e1quina para cortarlo en un tama\u00f1o satisfactorio. <br>Para esta m\u00e1quina, Shuliy tiene disponibles el aserradero manual y la m\u00e1quina cortadora autom\u00e1tica. Puedes elegir seg\u00fan tus necesidades.<\/td><\/tr><\/tbody><\/table><figcaption class=\"wp-element-caption\">Componentes de la m\u00e1quina para fabricar bloques de madera comprimida.<\/figcaption><\/figure>   <div class=\"wp-block-image\"> <figure class=\"aligncenter size-full\"><img loading=\"lazy\" decoding=\"async\" width=\"720\" height=\"400\" src=\"https:\/\/shuliywoodmachine.com\/wp-content\/uploads\/2022\/09\/wood-pallet-block-making-machine-structure.webp\" alt=\"Estructura de la m\u00e1quina para fabricar bloques de paletas de madera\" class=\"wp-image-979\" title=\"\" srcset=\"https:\/\/shuliywoodmachine.com\/wp-content\/uploads\/2022\/09\/wood-pallet-block-making-machine-structure.webp 720w, https:\/\/shuliywoodmachine.com\/wp-content\/uploads\/2022\/09\/wood-pallet-block-making-machine-structure-300x167.webp 300w\" sizes=\"auto, (max-width: 720px) 100vw, 720px\" \/><figcaption class=\"wp-element-caption\">Estructura de la m\u00e1quina para fabricar bloques de paletas de madera<\/figcaption><\/figure> <\/div>   <h2 class=\"wp-block-heading\"><strong>\u00bfC\u00f3mo procesar el bloque de aserr\u00edn?<\/strong><\/h2>    <figure class=\"wp-block-gallery has-nested-images columns-default is-cropped wp-block-gallery-2 is-layout-flex wp-block-gallery-is-layout-flex\"> <figure class=\"wp-block-image size-large\"><img loading=\"lazy\" decoding=\"async\" width=\"720\" height=\"540\" data-id=\"2142\" src=\"https:\/\/shuliywoodmachine.com\/wp-content\/uploads\/2022\/09\/wood-blocks-processing-scene.webp\" alt=\"escena de procesamiento de bloques de madera\" class=\"wp-image-2142\" title=\"\" srcset=\"https:\/\/shuliywoodmachine.com\/wp-content\/uploads\/2022\/09\/wood-blocks-processing-scene.webp 720w, https:\/\/shuliywoodmachine.com\/wp-content\/uploads\/2022\/09\/wood-blocks-processing-scene-300x225.webp 300w, https:\/\/shuliywoodmachine.com\/wp-content\/uploads\/2022\/09\/wood-blocks-processing-scene-16x12.webp 16w\" sizes=\"auto, (max-width: 720px) 100vw, 720px\" \/><figcaption class=\"wp-element-caption\">Escena de procesamiento de bloques de madera<\/figcaption><\/figure>    <figure class=\"wp-block-image size-large\"><img loading=\"lazy\" decoding=\"async\" width=\"720\" height=\"540\" data-id=\"2143\" src=\"https:\/\/shuliywoodmachine.com\/wp-content\/uploads\/2022\/09\/wood-pallet-block-making-machine-in-working-conditions.webp\" alt=\"M\u00e1quina para fabricar bloques de paletas de madera en condiciones de trabajo.\" class=\"wp-image-2143\" title=\"\" srcset=\"https:\/\/shuliywoodmachine.com\/wp-content\/uploads\/2022\/09\/wood-pallet-block-making-machine-in-working-conditions.webp 720w, https:\/\/shuliywoodmachine.com\/wp-content\/uploads\/2022\/09\/wood-pallet-block-making-machine-in-working-conditions-300x225.webp 300w, https:\/\/shuliywoodmachine.com\/wp-content\/uploads\/2022\/09\/wood-pallet-block-making-machine-in-working-conditions-16x12.webp 16w\" sizes=\"auto, (max-width: 720px) 100vw, 720px\" \/><figcaption class=\"wp-element-caption\">M\u00e1quina para fabricar bloques de paletas de madera en condiciones de trabajo<\/figcaption><\/figure> <\/figure>    <p>En realidad, es muy f\u00e1cil entender c\u00f3mo funciona la m\u00e1quina para fabricar bloques de madera.<\/p>    <ul class=\"wp-block-list\"> <li>En primer lugar, coloque las materias primas en el contenedor.<\/li>    <li>Luego, revuelva las materias primas y los materiales entrar\u00e1n en la parte de trabajo.<\/li>    <li>A continuaci\u00f3n, los materiales pasan por condiciones de alta temperatura y alta presi\u00f3n, por lo que se les da forma.<\/li>    <li>Finalmente, se le da forma a todo el bloque de madera y puedes usar la peque\u00f1a m\u00e1quina cortadora para cortar los bloques en los bloques adecuados.<\/li> <\/ul>    <figure class=\"wp-block-embed is-type-video is-provider-youtube wp-block-embed-youtube wp-embed-aspect-16-9 wp-has-aspect-ratio\"><div class=\"wp-block-embed__wrapper\"> <iframe loading=\"lazy\" title=\"Las 3 mejores m\u00e1quinas para fabricar bloques de paletas de madera en el mercado del sudeste asi\u00e1tico: bloques de paletas de madera comprimidos\" width=\"500\" height=\"281\" src=\"https:\/\/www.youtube.com\/embed\/XjxwthVhjks?feature=oembed\" frameborder=\"0\" allow=\"accelerometer; autoplay; clipboard-write; encrypted-media; gyroscope; picture-in-picture; web-share\" referrerpolicy=\"strict-origin-when-cross-origin\" allowfullscreen><\/iframe> <\/div><figcaption class=\"wp-element-caption\">V\u00eddeo sobre c\u00f3mo funciona la m\u00e1quina para fabricar bloques de madera comprimida.<\/figcaption><\/figure>    <h2 class=\"wp-block-heading\"><strong>Casos de \u00e9xito de m\u00e1quina bloquera de palets de madera comprimida<\/strong><\/h2>    <p class=\"translation-block\"><strong>M\u00e1quina para fabricar bloques de astillas de madera vendida a Indonesia<\/strong><\/p>    <p>Recientemente, exportamos la m\u00e1quina prensadora en caliente de bloques de madera de aserr\u00edn a Indonesia. A trav\u00e9s de la conversaci\u00f3n, supimos que este cliente indonesio tiene una planta de procesamiento de madera y necesita procesar los restos del procesamiento de la madera y venderlos \u00e9l mismo. <\/p>    <p>Por lo tanto, nuestro gerente de ventas le recomend\u00f3 nuestra m\u00e1quina para fabricar bloques de madera. Atra\u00eddo por la producci\u00f3n eficiente, la personalizaci\u00f3n y el funcionamiento sencillo de nuestra m\u00e1quina, el cliente realiz\u00f3 inmediatamente un pedido.<\/p>    <p>Una vez producida la m\u00e1quina, la entregamos a su destino por mar.<\/p>   <div class=\"wp-block-image\"> <figure class=\"aligncenter size-full\"><img loading=\"lazy\" decoding=\"async\" width=\"720\" height=\"540\" src=\"https:\/\/shuliywoodmachine.com\/wp-content\/uploads\/2022\/09\/load-of-the-wood-block-making-machine.webp\" alt=\"carga de la m\u00e1quina para fabricar bloques de madera\" class=\"wp-image-985\" title=\"\" srcset=\"https:\/\/shuliywoodmachine.com\/wp-content\/uploads\/2022\/09\/load-of-the-wood-block-making-machine.webp 720w, https:\/\/shuliywoodmachine.com\/wp-content\/uploads\/2022\/09\/load-of-the-wood-block-making-machine-300x225.webp 300w\" sizes=\"auto, (max-width: 720px) 100vw, 720px\" \/><figcaption class=\"wp-element-caption\">carga de la m\u00e1quina para fabricar bloques de madera<\/figcaption><\/figure> <\/div>   <h2 class=\"wp-block-heading\"><strong>\u00a1P\u00f3ngase en contacto con nosotros para obtener una soluci\u00f3n de reciclaje de residuos de madera!<\/strong><\/h2>    <p>\u00bfEst\u00e1 buscando una soluci\u00f3n eficiente para rentabilizar los residuos de madera? Si es as\u00ed, \u00a1cont\u00e1ctanos ahora!<\/p>    <p class=\"translation-block\">Como fabricante y proveedor profesional de maquinaria para madera, contamos con diferentes equipos de reciclaje de madera para ayudarle a obtener beneficios, como la <a href=\"https:\/\/shuliywoodmachine.com\/es\/product\/maquina-de-paletas-de-madera\/\" target=\"_blank\" rel=\"noreferrer noopener\">m\u00e1quina para tarimas de madera comprimida<\/a> y la m\u00e1quina para fabricar bloques de tarimas de madera. <\/p>    <p>Le proporcionaremos la soluci\u00f3n m\u00e1s adecuada seg\u00fan sus demandas. \u00a1As\u00ed que no lo dudes y cont\u00e1ctanos inmediatamente!<\/p>   <div class=\"wp-block-image\"> <figure class=\"aligncenter size-full\"><img loading=\"lazy\" decoding=\"async\" width=\"720\" height=\"540\" src=\"https:\/\/shuliywoodmachine.com\/wp-content\/uploads\/2022\/09\/wood-block-making-machine-for-wood-waste-recycling.webp\" alt=\"M\u00e1quina para fabricar bloques de madera para el reciclaje de residuos de madera.\" class=\"wp-image-2137\" title=\"\" srcset=\"https:\/\/shuliywoodmachine.com\/wp-content\/uploads\/2022\/09\/wood-block-making-machine-for-wood-waste-recycling.webp 720w, https:\/\/shuliywoodmachine.com\/wp-content\/uploads\/2022\/09\/wood-block-making-machine-for-wood-waste-recycling-300x225.webp 300w, https:\/\/shuliywoodmachine.com\/wp-content\/uploads\/2022\/09\/wood-block-making-machine-for-wood-waste-recycling-16x12.webp 16w\" sizes=\"auto, (max-width: 720px) 100vw, 720px\" \/><figcaption class=\"wp-element-caption\">M\u00e1quina para fabricar bloques de madera para el reciclaje de residuos de madera.<\/figcaption><\/figure> <\/div>","protected":false},"excerpt":{"rendered":"<p>Shuliy wood block making machine is to produce wooden pallet blocks from sawdust, wood chips, wood shavings, coconut shells, etc. by high temperature and pressure. The moisture of raw materials should be &lt;10% and the size should be around 1cm. This compressed wood pallet block machine has a wide range of capacities due to different [&hellip;]<\/p>\n","protected":false},"author":1,"featured_media":998,"parent":0,"template":"","tags":[87,151,150,86],"product-type":[76],"class_list":["post-969","product","type-product","status-publish","has-post-thumbnail","hentry","tag-wood-block-making-machine","tag-wood-blocks","tag-wood-pallet-blocks","tag-wood-pallet-machine","product-type-waste-wood-recycling-machine"],"_links":{"self":[{"href":"https:\/\/shuliywoodmachine.com\/es\/wp-json\/wp\/v2\/product\/969","targetHints":{"allow":["GET"]}}],"collection":[{"href":"https:\/\/shuliywoodmachine.com\/es\/wp-json\/wp\/v2\/product"}],"about":[{"href":"https:\/\/shuliywoodmachine.com\/es\/wp-json\/wp\/v2\/types\/product"}],"author":[{"embeddable":true,"href":"https:\/\/shuliywoodmachine.com\/es\/wp-json\/wp\/v2\/users\/1"}],"wp:featuredmedia":[{"embeddable":true,"href":"https:\/\/shuliywoodmachine.com\/es\/wp-json\/wp\/v2\/media\/998"}],"wp:attachment":[{"href":"https:\/\/shuliywoodmachine.com\/es\/wp-json\/wp\/v2\/media?parent=969"}],"wp:term":[{"taxonomy":"post_tag","embeddable":true,"href":"https:\/\/shuliywoodmachine.com\/es\/wp-json\/wp\/v2\/tags?post=969"},{"taxonomy":"product-type","embeddable":true,"href":"https:\/\/shuliywoodmachine.com\/es\/wp-json\/wp\/v2\/product-type?post=969"}],"curies":[{"name":"wp","href":"https:\/\/api.w.org\/{rel}","templated":true}]}}