{"id":97,"date":"2022-07-08T07:42:24","date_gmt":"2022-07-08T07:42:24","guid":{"rendered":"https:\/\/shuliywoodmachine.com\/?post_type=product&#038;p=97"},"modified":"2025-04-24T11:21:48","modified_gmt":"2025-04-24T03:21:48","slug":"roller-debarker-log-debarker-machine","status":"publish","type":"product","link":"https:\/\/shuliywoodmachine.com\/es\/product\/maquina-descortezadora-de-troncos-descortezadora-de-rodillos\/","title":{"rendered":"Descortezadora de rodillos | M\u00e1quina descortezadora de troncos"},"content":{"rendered":"<p class=\"translation-block\">Esta descortezadora de rodillos se utiliza para eliminar la corteza de la madera de los troncos mientras el rodillo gira y trabaja. Este tipo de <a href=\"https:\/\/shuliywoodmachine.com\/es\/product\/wood-debarker-log-debarker\/\" target=\"_blank\" rel=\"noreferrer noopener\">m\u00e1quina descortezadora de troncos<\/a> a la venta tiene un rodillo doble (generalmente), lo que mejora la eficiencia de trabajo y ahorra tiempo. Utiliza el <a href=\"https:\/\/en.wikipedia.org\/wiki\/Engine\" target=\"_blank\" rel=\"noreferrer noopener\">motor<\/a> para respaldar su trabajo. Adem\u00e1s, la descortezadora a la venta tiene amplias aplicaciones para pelar ramas, maderas irregulares, secciones de madera, etc. Despu\u00e9s de retirar la corteza del \u00e1rbol, puede utilizar la trituradora de madera para continuar con el procedimiento posterior. Si est\u00e1 interesado, \u00a1bienvenido a ponerse en contacto con nosotros!<\/p>    <figure class=\"wp-block-embed is-type-video is-provider-youtube wp-block-embed-youtube wp-embed-aspect-16-9 wp-has-aspect-ratio\"><div class=\"wp-block-embed__wrapper\"> <iframe loading=\"lazy\" title=\"M\u00e1quina descortezadora para pelado de madera por lotes | \u00bfC\u00f3mo funciona la m\u00e1quina de descortezado de troncos? Procesamiento de madera de 2-4m\" width=\"500\" height=\"281\" src=\"https:\/\/www.youtube.com\/embed\/rgVUWCXGTAA?feature=oembed\" frameborder=\"0\" allow=\"accelerometer; autoplay; clipboard-write; encrypted-media; gyroscope; picture-in-picture; web-share\" referrerpolicy=\"strict-origin-when-cross-origin\" allowfullscreen><\/iframe> <\/div><figcaption class=\"wp-element-caption\">video de la m\u00e1quina de descortezado de troncos<\/figcaption><\/figure>    <h2 class=\"wp-block-heading\" id=\"h-why-choose-the-double-roller-debarker-machine\"><strong>\u00bfPor qu\u00e9 elegir la m\u00e1quina descortezadora de doble rodillo?<\/strong><\/h2>    <p class=\"translation-block\">Para ser honesto, este tipo de descortezadora de rodillos se utiliza com\u00fanmente en aserraderos grandes, medianos y peque\u00f1os, f\u00e1bricas de papel, f\u00e1bricas de tableros, f\u00e1bricas de astillas de madera, silvicultura, patios de madera, f\u00e1bricas de madera contrachapada, etc. Este tipo de <a href=\"https:\/\/shuliywoodmachine.com\/es\/product\/wood-debarker\/\" target=\"_blank\" rel=\"noreferrer noopener\">peladora de madera<\/a> tiene la capacidad de procesar ramas peque\u00f1as, maderas irregulares, una gran cantidad de madera, segmentos de madera, etc. Por lo tanto, si tiene materias primas similares, elegir esta m\u00e1quina descortezadora de rodillos es la mejor opci\u00f3n.<\/p>   <div class=\"wp-block-image\"> <figure class=\"aligncenter size-full\"><img loading=\"lazy\" decoding=\"async\" width=\"1117\" height=\"388\" src=\"https:\/\/shuliywoodmachine.com\/wp-content\/uploads\/2022\/09\/log-debarker-machine-applications.webp\" alt=\"aplicaciones de la m\u00e1quina descortezadora de troncos\" class=\"wp-image-754\" title=\"\" srcset=\"https:\/\/shuliywoodmachine.com\/wp-content\/uploads\/2022\/09\/log-debarker-machine-applications.webp 1117w, https:\/\/shuliywoodmachine.com\/wp-content\/uploads\/2022\/09\/log-debarker-machine-applications-300x104.webp 300w, https:\/\/shuliywoodmachine.com\/wp-content\/uploads\/2022\/09\/log-debarker-machine-applications-1024x356.webp 1024w, https:\/\/shuliywoodmachine.com\/wp-content\/uploads\/2022\/09\/log-debarker-machine-applications-768x267.webp 768w\" sizes=\"auto, (max-width: 1117px) 100vw, 1117px\" \/><figcaption class=\"wp-element-caption\">aplicaciones de la m\u00e1quina descortezadora de troncos<\/figcaption><\/figure> <\/div>   <h2 class=\"wp-block-heading\"><strong>Ventajas de utilizar la m\u00e1quina descortezadora de troncos<\/strong><\/h2>    <p>Normalmente, la descortezadora de rodillos puede procesar madera con una capacidad de 5 a 18 t\/h. Por tanto, la eficiencia del trabajo es muy r\u00e1pida y alta. Cuando desee descortezar la madera por lotes, esta m\u00e1quina es una buena opci\u00f3n.<\/p>    <p>Al mismo tiempo, existen agujeros en la descortezadora de doble rodillo. Durante el trabajo, las impurezas salen de los orificios, lo que acelera la eficiencia del trabajo y reduce la limpieza manual.<\/p>    <p>Debido a que la m\u00e1quina generalmente adopta un doble rodillo, se puede equipar el transportador y, hasta cierto punto, el trabajo se acelera.<\/p>    <figure class=\"wp-block-gallery aligncenter has-nested-images columns-default is-cropped wp-block-gallery-2 is-layout-flex wp-block-gallery-is-layout-flex\"> <figure class=\"wp-block-image size-full\"><img loading=\"lazy\" decoding=\"async\" width=\"720\" height=\"540\" data-id=\"746\" src=\"https:\/\/shuliywoodmachine.com\/wp-content\/uploads\/2022\/09\/wood-roller-debarker-machine.webp\" alt=\"m\u00e1quina descortezadora de rodillos de madera\" class=\"wp-image-746\" title=\"\" srcset=\"https:\/\/shuliywoodmachine.com\/wp-content\/uploads\/2022\/09\/wood-roller-debarker-machine.webp 720w, https:\/\/shuliywoodmachine.com\/wp-content\/uploads\/2022\/09\/wood-roller-debarker-machine-300x225.webp 300w\" sizes=\"auto, (max-width: 720px) 100vw, 720px\" \/><figcaption class=\"wp-element-caption\">M\u00e1quina descortezadora de rodillos de madera<\/figcaption><\/figure>    <figure class=\"wp-block-image size-full\"><img loading=\"lazy\" decoding=\"async\" width=\"720\" height=\"540\" data-id=\"748\" src=\"https:\/\/shuliywoodmachine.com\/wp-content\/uploads\/2022\/09\/double-roller-wood-debarker-with-the-conveyor.webp\" alt=\"Descortezadora de madera de doble rodillo con transportador\" class=\"wp-image-748\" title=\"\" srcset=\"https:\/\/shuliywoodmachine.com\/wp-content\/uploads\/2022\/09\/double-roller-wood-debarker-with-the-conveyor.webp 720w, https:\/\/shuliywoodmachine.com\/wp-content\/uploads\/2022\/09\/double-roller-wood-debarker-with-the-conveyor-300x225.webp 300w\" sizes=\"auto, (max-width: 720px) 100vw, 720px\" \/><figcaption class=\"wp-element-caption\">Descortezadora de madera de doble rodillo con transportador<\/figcaption><\/figure> <\/figure>    <h2 class=\"wp-block-heading\"><strong>\u00bfC\u00f3mo funciona la m\u00e1quina descortezadora de troncos con rodillo?<\/strong><\/h2>    <p>De hecho, su principio de funcionamiento es muy sencillo. Coloque la materia prima de madera en el \u00e1rea de trabajo de la descortezadora de rodillos. La fricci\u00f3n entre los rodillos dobles y la fricci\u00f3n entre la materia prima pueden hacer que el trabajo de pelado se desarrolle sin problemas y lograr un buen efecto de descortezado. La tasa de pelado de nuestra m\u00e1quina es superior a 95%.<\/p>   <div class=\"wp-block-image\"> <figure class=\"aligncenter size-full\"><img loading=\"lazy\" decoding=\"async\" width=\"720\" height=\"450\" src=\"https:\/\/shuliywoodmachine.com\/wp-content\/uploads\/2022\/09\/structure-details-of-roller-debarker.webp\" alt=\"Detalles de la estructura del descortezador de rodillos.\" class=\"wp-image-756\" title=\"\" srcset=\"https:\/\/shuliywoodmachine.com\/wp-content\/uploads\/2022\/09\/structure-details-of-roller-debarker.webp 720w, https:\/\/shuliywoodmachine.com\/wp-content\/uploads\/2022\/09\/structure-details-of-roller-debarker-300x188.webp 300w\" sizes=\"auto, (max-width: 720px) 100vw, 720px\" \/><figcaption class=\"wp-element-caption\">Detalles de la estructura del descortezador de rodillos.<\/figcaption><\/figure> <\/div>   <h2 class=\"wp-block-heading\"><strong>Especificaciones t\u00e9cnicas de la descortezadora de troncos de madera.<\/strong><\/h2>    <figure class=\"wp-block-table\"><table><tbody><tr><td>Modelo<\/td><td>SL-S500<\/td><td>SL-S600<\/td><td>SL-S700<\/td><td>SL-S800<\/td><\/tr><tr><td>Di\u00e1metro de la madera (mm\uff09<\/td><td>50-200<\/td><td>50-300<\/td><td>50-400<\/td><td>50-500<\/td><\/tr><tr><td>Longitud de madera (m)<\/td><td>2-4<\/td><td>2-5<\/td><td>2-5<\/td><td>2-6<\/td><\/tr><tr><td>Capacidad (t\/h)<\/td><td>5-6<\/td><td>6-8<\/td><td>10-12<\/td><td>15-18<\/td><\/tr><tr><td>Tasa de pelado<\/td><td>&gt;95%<\/td><td>&gt;95%<\/td><td>&gt;95%<\/td><td>&gt;95%<\/td><\/tr><tr><td>Di\u00e1metro del rodillo (mm)<\/td><td>250<\/td><td>274<\/td><td>370<\/td><td>540<\/td><\/tr><tr><td>Velocidad de rotaci\u00f3n del rodillo (rpm)<\/td><td>230<\/td><td>230<\/td><td>200<\/td><td>180<\/td><\/tr><tr><td>Longitud del rodillo (mm)<\/td><td>580<\/td><td>580<\/td><td>580<\/td><td>580<\/td><\/tr><tr><td>Potencia (kW)<\/td><td>7.5*2<\/td><td>7.5*2<\/td><td>11*2<\/td><td>15*2<\/td><\/tr><tr><td>Peso(T)<\/td><td>2.5<\/td><td>2.8<\/td><td>3.5<\/td><td>6<\/td><\/tr><tr><td>Tama\u00f1o (largo x ancho x alto) (m)<\/td><td>6*2.1*1.5<\/td><td>6.02*2.26*1.52<\/td><td>6*2.5*1.6<\/td><td>6*2.8*1.7<\/td><\/tr><\/tbody><\/table><\/figure>    <p>De la tabla anterior, hay varios tipos disponibles para su elecci\u00f3n. Cuando necesite este tipo de m\u00e1quina para madera, puede indicar sus requisitos, incluida la capacidad de la m\u00e1quina, la configuraci\u00f3n de la m\u00e1quina, la longitud de la madera a manipular, etc. Nuestro gerente de ventas le brindar\u00e1 la mejor soluci\u00f3n de acuerdo con sus necesidades.<\/p>","protected":false},"excerpt":{"rendered":"<p>This roller debarker is used for removing the log wood bark along with the roller rotating and working. This kind of log debarker machine for sale has a double roller(generally), improving the working efficiency and saving time. It uses the motor to support its work. Moreover, the debarker for sale has wide applications for stripping [&hellip;]<\/p>\n","protected":false},"author":1,"featured_media":757,"parent":0,"template":"","tags":[52,53,48,46,16,56,55],"product-type":[5],"class_list":["post-97","product","type-product","status-publish","has-post-thumbnail","hentry","tag-double-roller-debarker","tag-roller-debarker","tag-wood-debarker","tag-wood-debarker-machine","tag-wood-machine","tag-wood-peeler","tag-wood-peeling-machine","product-type-wood-debarker"],"_links":{"self":[{"href":"https:\/\/shuliywoodmachine.com\/es\/wp-json\/wp\/v2\/product\/97","targetHints":{"allow":["GET"]}}],"collection":[{"href":"https:\/\/shuliywoodmachine.com\/es\/wp-json\/wp\/v2\/product"}],"about":[{"href":"https:\/\/shuliywoodmachine.com\/es\/wp-json\/wp\/v2\/types\/product"}],"author":[{"embeddable":true,"href":"https:\/\/shuliywoodmachine.com\/es\/wp-json\/wp\/v2\/users\/1"}],"wp:featuredmedia":[{"embeddable":true,"href":"https:\/\/shuliywoodmachine.com\/es\/wp-json\/wp\/v2\/media\/757"}],"wp:attachment":[{"href":"https:\/\/shuliywoodmachine.com\/es\/wp-json\/wp\/v2\/media?parent=97"}],"wp:term":[{"taxonomy":"post_tag","embeddable":true,"href":"https:\/\/shuliywoodmachine.com\/es\/wp-json\/wp\/v2\/tags?post=97"},{"taxonomy":"product-type","embeddable":true,"href":"https:\/\/shuliywoodmachine.com\/es\/wp-json\/wp\/v2\/product-type?post=97"}],"curies":[{"name":"wp","href":"https:\/\/api.w.org\/{rel}","templated":true}]}}