{"id":11,"date":"2022-07-07T08:06:19","date_gmt":"2022-07-07T08:06:19","guid":{"rendered":"https:\/\/shuliywoodmachine.com\/?page_id=11"},"modified":"2022-07-18T09:11:44","modified_gmt":"2022-07-18T09:11:44","slug":"contact-us","status":"publish","type":"page","link":"https:\/\/shuliywoodmachine.com\/fr\/contactez-nous\/","title":{"rendered":"Contactez-nous"},"content":{"rendered":"<div class=\"wp-block-columns is-layout-flex wp-container-core-columns-is-layout-9d6595d7 wp-block-columns-is-layout-flex\"> <div class=\"wp-block-column is-layout-flow wp-block-column-is-layout-flow\"><\/div>    <div class=\"wp-block-column is-layout-flow wp-block-column-is-layout-flow\"> <h2 class=\"wp-block-heading\" id=\"h-shuliy-machinery-co-ltd\">Machines Cie., Ltd de Shuliy<\/h2>    <p>Courriel\u00a0: info@shuliywoodmachine.com<\/p>    <p>WhatsApp\/T\u00e9l\/WeChat\u00a0: +86 13673689272<\/p>    <p>Adresse\u00a0: Place Zhengshang Jingkai, East Hanghai Road, ETDZ, Zhengzhou, Henan, Chine<\/p> <\/div> <\/div>    <div class=\"wp-block-columns is-layout-flex wp-container-core-columns-is-layout-9d6595d7 wp-block-columns-is-layout-flex\"> <div class=\"wp-block-column is-layout-flow wp-block-column-is-layout-flow\"> <div class=\"wp-block-columns is-layout-flex wp-container-core-columns-is-layout-9d6595d7 wp-block-columns-is-layout-flex\"> <div class=\"wp-block-column is-layout-flow wp-block-column-is-layout-flow\"> <div class=\"wp-block-columns is-layout-flex wp-container-core-columns-is-layout-9d6595d7 wp-block-columns-is-layout-flex\"> <div class=\"wp-block-column is-layout-flow wp-block-column-is-layout-flow\" style=\"flex-basis:100%\"><div class=\"wp-block-image\"> <figure class=\"aligncenter size-full\"><img loading=\"lazy\" decoding=\"async\" width=\"90\" height=\"86\" src=\"https:\/\/shuliywoodmachine.com\/wp-content\/uploads\/2022\/07\/CE.png\" alt=\"\" class=\"wp-image-473\" title=\"\"><\/figure> <\/div>   <h2 class=\"wp-block-heading\" id=\"h-ce-certificate\"><strong>Certificat CE<\/strong><\/h2>    <p>Nos produits ont des certificats CE. Cela exprime fortement que nos machines ont la grande force de rivaliser sur les march\u00e9s mondiaux.<\/p> <\/div> <\/div> <\/div>    <div class=\"wp-block-column is-layout-flow wp-block-column-is-layout-flow\"> <div class=\"wp-block-columns is-layout-flex wp-container-core-columns-is-layout-9d6595d7 wp-block-columns-is-layout-flex\"> <div class=\"wp-block-column is-layout-flow wp-block-column-is-layout-flow\" style=\"flex-basis:100%\"><div class=\"wp-block-image\"> <figure class=\"aligncenter size-full\"><img loading=\"lazy\" decoding=\"async\" width=\"90\" height=\"86\" src=\"https:\/\/shuliywoodmachine.com\/wp-content\/uploads\/2022\/07\/24h-service.png\" alt=\"\" class=\"wp-image-474\" title=\"\"><\/figure> <\/div>   <h2 class=\"wp-block-heading\"><strong>Temps de service 24h\/24 et 7j\/7<\/strong><\/h2>    <p>Nous offrons un service en ligne 24h\/24 et sommes en ligne 7 jours par semaine. Chaque fois que vous nous contactez, nous sommes en mesure de vous r\u00e9pondre tr\u00e8s rapidement.<\/p> <\/div> <\/div> <\/div> <\/div> <\/div>    <div class=\"wp-block-column is-layout-flow wp-block-column-is-layout-flow\"> <div class=\"wp-block-columns is-layout-flex wp-container-core-columns-is-layout-9d6595d7 wp-block-columns-is-layout-flex\"> <div class=\"wp-block-column is-layout-flow wp-block-column-is-layout-flow\"> <div class=\"wp-block-columns is-layout-flex wp-container-core-columns-is-layout-9d6595d7 wp-block-columns-is-layout-flex\"> <div class=\"wp-block-column is-layout-flow wp-block-column-is-layout-flow\" style=\"flex-basis:100%\"><div class=\"wp-block-image\"> <figure class=\"aligncenter size-full\"><img loading=\"lazy\" decoding=\"async\" width=\"90\" height=\"86\" src=\"https:\/\/shuliywoodmachine.com\/wp-content\/uploads\/2022\/07\/HQ.png\" alt=\"\" class=\"wp-image-479\" title=\"\"><\/figure> <\/div>   <h2 class=\"wp-block-heading\"><strong>Haute qualit\u00e9<\/strong><\/h2>    <p>Nous r\u00e9alisons un ensemble de syst\u00e8mes de contr\u00f4le de qualit\u00e9 stricts pour surveiller et garantir la qualit\u00e9 des machines. Par exemple, nous adoptons des mati\u00e8res premi\u00e8res de haute qualit\u00e9 pour fabriquer la machine. De plus, nos clients sont satisfaits de nos machines.<\/p> <\/div> <\/div> <\/div>    <div class=\"wp-block-column is-layout-flow wp-block-column-is-layout-flow\"> <div class=\"wp-block-columns is-layout-flex wp-container-core-columns-is-layout-9d6595d7 wp-block-columns-is-layout-flex\"> <div class=\"wp-block-column is-layout-flow wp-block-column-is-layout-flow\" style=\"flex-basis:100%\"><div class=\"wp-block-image\"> <figure class=\"aligncenter size-full\"><img loading=\"lazy\" decoding=\"async\" width=\"90\" height=\"86\" src=\"https:\/\/shuliywoodmachine.com\/wp-content\/uploads\/2022\/07\/Tech.png\" alt=\"\" class=\"wp-image-480\" title=\"\"><\/figure> <\/div>   <h2 class=\"wp-block-heading\"><strong>Support technique<\/strong><\/h2>    <p>Support vid\u00e9o, conseils en ligne, manuel, etc. Une s\u00e9rie de supports en ligne et hors ligne est attach\u00e9e \u00e0 la machine. M\u00eame notre technicien peut se rendre sur votre site pour vous aider selon la situation.<\/p> <\/div> <\/div> <\/div> <\/div> <\/div> <\/div>","protected":false},"excerpt":{"rendered":"<p>Shuliy Machinery Co., Ltd Email: info@shuliywoodmachine.com WhatsApp\/Tel\/WeChat: +86 13673689272 Address: Zhengshang Jingkai Square, East Hanghai Road, ETDZ, Zhengzhou, Henan, China CE certificate Our products have CE certificates. This strongly expresses our machines have the great strength to compete in the world markets. 24\/7 service time We offer 24h online service and are online for 7 [&hellip;]<\/p>\n","protected":false},"author":1,"featured_media":0,"parent":0,"menu_order":0,"comment_status":"closed","ping_status":"closed","template":"","meta":{"footnotes":""},"class_list":["post-11","page","type-page","status-publish","hentry"],"_links":{"self":[{"href":"https:\/\/shuliywoodmachine.com\/fr\/wp-json\/wp\/v2\/pages\/11","targetHints":{"allow":["GET"]}}],"collection":[{"href":"https:\/\/shuliywoodmachine.com\/fr\/wp-json\/wp\/v2\/pages"}],"about":[{"href":"https:\/\/shuliywoodmachine.com\/fr\/wp-json\/wp\/v2\/types\/page"}],"author":[{"embeddable":true,"href":"https:\/\/shuliywoodmachine.com\/fr\/wp-json\/wp\/v2\/users\/1"}],"replies":[{"embeddable":true,"href":"https:\/\/shuliywoodmachine.com\/fr\/wp-json\/wp\/v2\/comments?post=11"}],"version-history":[{"count":0,"href":"https:\/\/shuliywoodmachine.com\/fr\/wp-json\/wp\/v2\/pages\/11\/revisions"}],"wp:attachment":[{"href":"https:\/\/shuliywoodmachine.com\/fr\/wp-json\/wp\/v2\/media?parent=11"}],"curies":[{"name":"wp","href":"https:\/\/api.w.org\/{rel}","templated":true}]}}