{"id":8,"date":"2022-07-07T08:06:07","date_gmt":"2022-07-07T08:06:07","guid":{"rendered":"https:\/\/shuliywoodmachine.com\/?page_id=8"},"modified":"2022-09-21T07:57:37","modified_gmt":"2022-09-21T07:57:37","slug":"about-us","status":"publish","type":"page","link":"https:\/\/shuliywoodmachine.com\/fr\/about-us\/","title":{"rendered":"\u00c0 propos de nous"},"content":{"rendered":"<h2 class=\"wp-block-heading\"><strong><em>QUI SOMMES NOUS<\/em><\/strong><\/h2>    <div class=\"wp-block-media-text alignwide is-stacked-on-mobile\"><figure class=\"wp-block-media-text__media\"><img loading=\"lazy\" decoding=\"async\" width=\"1024\" height=\"536\" src=\"https:\/\/shuliywoodmachine.com\/wp-content\/uploads\/2022\/07\/shuliy-machinery-1024x536.jpg\" alt=\"\" class=\"wp-image-22 size-full\" title=\"\" srcset=\"https:\/\/shuliywoodmachine.com\/wp-content\/uploads\/2022\/07\/shuliy-machinery-1024x536.jpg 1024w, https:\/\/shuliywoodmachine.com\/wp-content\/uploads\/2022\/07\/shuliy-machinery-300x157.jpg 300w, https:\/\/shuliywoodmachine.com\/wp-content\/uploads\/2022\/07\/shuliy-machinery-768x402.jpg 768w, https:\/\/shuliywoodmachine.com\/wp-content\/uploads\/2022\/07\/shuliy-machinery.jpg 1352w\" sizes=\"auto, (max-width: 1024px) 100vw, 1024px\" \/><\/figure><div class=\"wp-block-media-text__content\"> <p class=\"has-text-align-left\">Shuliy Machinery est tr\u00e8s c\u00e9l\u00e8bre dans l'industrie des machines \u00e0 bois et est construite depuis plus de 20 ans.<\/p>    <p class=\"translation-block\">En consid\u00e9rant \u00ab apporter la machine dans tous les coins du monde \u00bb comme principe, nous sommes profond\u00e9ment experts dans cette industrie du bois. Nos produits comprennent : <strong><em><a href=\"https:\/\/shuliywoodmachine.com\/fr\/products\/wood-debarker\/\" target=\"_blank\" rel=\"noreferrer noopener\">\u00e9corceuse de bois<\/a><\/em><\/strong>, <strong><em><a href=\"https:\/\/shuliywoodmachine.com\/fr\/products\/saw-mill\/\" target=\"_blank\" rel=\"noreferrer noopener\">scierie<\/a><\/em><\/strong>, <strong><em><a href=\"https:\/\/shuliywoodmachine.com\/fr\/product\/machine-a-raser-le-bois\/\" target=\"_blank\" rel=\"noreferrer noopener\">machine \u00e0 copeaux de bois<\/a><\/em><\/strong>, <strong><em><a href=\"https:\/\/shuliywoodmachine.com\/fr\/products\/wood-crusher\/\" target=\"_blank\" rel=\"noreferrer noopener\">broyeur de bois<\/a><\/em><\/strong>, <a href=\"https:\/\/shuliywoodmachine.com\/fr\/products\/wood-chipper\/\" target=\"_blank\" rel=\"noreferrer noopener\">d<strong><em>\u00e9<\/em><\/strong>chiqueteuse de bois<\/a><\/em><\/strong>, etc. Ils sont connus dans le monde entier pour leur excellente qualit\u00e9, leurs fonctions puissantes et leur forte adaptabilit\u00e9.<\/p>    <p><\/p> <\/div><\/div>    <div class=\"wp-block-media-text alignwide has-media-on-the-right is-stacked-on-mobile\"><figure class=\"wp-block-media-text__media\"><img loading=\"lazy\" decoding=\"async\" width=\"1024\" height=\"486\" src=\"https:\/\/shuliywoodmachine.com\/wp-content\/uploads\/2022\/07\/global-market.webp\" alt=\"march\u00e9 mondial\" class=\"wp-image-608 size-full\" title=\"\" srcset=\"https:\/\/shuliywoodmachine.com\/wp-content\/uploads\/2022\/07\/global-market.webp 1024w, https:\/\/shuliywoodmachine.com\/wp-content\/uploads\/2022\/07\/global-market-300x142.webp 300w, https:\/\/shuliywoodmachine.com\/wp-content\/uploads\/2022\/07\/global-market-768x365.webp 768w\" sizes=\"auto, (max-width: 1024px) 100vw, 1024px\" \/><\/figure><div class=\"wp-block-media-text__content\"> <p class=\"translation-block\">Nos machines \u00e0 bois sont export\u00e9es dans plus de 100 pays. Comme le bois est disponible partout dans le monde, les personnes engag\u00e9es dans le domaine du bois sont nos clients potentiels. Actuellement, nos machines \u00e0 bois ont \u00e9t\u00e9 vendues aux <strong>USA, pays europ\u00e9ens, Afrique du Sud, Australie, Malaisie, Bhoutan, Ukraine, \u00c9mirats Arabes Unis, Botswana, Slovaquie, Rome, Philippines, Canada, Turkm\u00e9nistan, Arabie Saoudite, <\/strong>et autres.<\/p> <\/div><\/div>    <p><\/p>    <h2 class=\"wp-block-heading\"><strong><em>POURQUOI NOUS CHOISIR<\/em><\/strong><\/h2>    <div class=\"wp-block-media-text alignwide has-media-on-the-right is-stacked-on-mobile\"><figure class=\"wp-block-media-text__media\"><img loading=\"lazy\" decoding=\"async\" width=\"548\" height=\"513\" src=\"https:\/\/shuliywoodmachine.com\/wp-content\/uploads\/2022\/07\/our-advanatges.jpg\" alt=\"\" class=\"wp-image-38 size-full\" title=\"\" srcset=\"https:\/\/shuliywoodmachine.com\/wp-content\/uploads\/2022\/07\/our-advanatges.jpg 548w, https:\/\/shuliywoodmachine.com\/wp-content\/uploads\/2022\/07\/our-advanatges-300x281.jpg 300w\" sizes=\"auto, (max-width: 548px) 100vw, 548px\" \/><\/figure><div class=\"wp-block-media-text__content\"> <blockquote class=\"wp-block-quote is-layout-flow wp-block-quote-is-layout-flow\"><p class=\"translation-block\"><strong>Excellentes connaissances professionnelles<\/strong>. Notre directeur commercial poss\u00e8de des connaissances riches et suffisantes pour fournir la solution parfaite conforme \u00e0 vos demandes.<\/p><p><\/p><p class=\"translation-block\"><strong>Qualit\u00e9 sup\u00e9rieure<\/strong>. Pour la machine elle-m\u00eame, elle a une qualit\u00e9 unique gr\u00e2ce \u00e0 notre syst\u00e8me de contr\u00f4le qualit\u00e9 strict. En d'autres termes, nous fournissons une machine de bonne qualit\u00e9 pour faciliter votre entreprise.<\/p><p><\/p><p class=\"translation-block\"><strong>Service apr\u00e8s-vente attentionn\u00e9<\/strong>. Apr\u00e8s la vente des machines, le service apr\u00e8s-vente est \u00e9galement important. In\u00e9vitablement, il y aura plus ou moins de probl\u00e8mes lors de l'utilisation de la machine. Notre personnel sera en mesure de r\u00e9pondre \u00e0 vos questions d'un point de vue qualifi\u00e9 et professionnel.<\/p><\/blockquote> <\/div><\/div>    <h2 class=\"has-text-align-left wp-block-heading\" id=\"h-honor\"><strong><em>HONNEUR<\/em><\/strong><\/h2>    <p>Shuliy Machinery est populaire \u00e0 la maison et \u00e0 bord, r\u00e9compens\u00e9 par de nombreux certificats. Par exemple, \u00a0\u00a0r\u00e9pertori\u00e9 comme ci-dessous\u00a0:<\/p>    <p><\/p>    <figure class=\"wp-block-image size-large\"><img loading=\"lazy\" decoding=\"async\" width=\"1024\" height=\"323\" src=\"https:\/\/shuliywoodmachine.com\/wp-content\/uploads\/2022\/07\/certificate-1024x323.jpg\" alt=\"certificat\" class=\"wp-image-42\" title=\"\" srcset=\"https:\/\/shuliywoodmachine.com\/wp-content\/uploads\/2022\/07\/certificate-1024x323.jpg 1024w, https:\/\/shuliywoodmachine.com\/wp-content\/uploads\/2022\/07\/certificate-300x95.jpg 300w, https:\/\/shuliywoodmachine.com\/wp-content\/uploads\/2022\/07\/certificate-768x243.jpg 768w, https:\/\/shuliywoodmachine.com\/wp-content\/uploads\/2022\/07\/certificate-1536x485.jpg 1536w, https:\/\/shuliywoodmachine.com\/wp-content\/uploads\/2022\/07\/certificate.jpg 1900w\" sizes=\"auto, (max-width: 1024px) 100vw, 1024px\" \/><figcaption>Certificat<\/figcaption><\/figure>    <h2 class=\"wp-block-heading\" id=\"h-customer-feedback\"><strong>COMMENTAIRES DES CLIENTS<\/strong><\/h2>    <p>Nos clients du monde entier ont re\u00e7u notre machine \u00e0 bois et nous renvoient de bonnes critiques. Et ils ont \u00e9galement exprim\u00e9 leur volont\u00e9 de coop\u00e9rer \u00e0 nouveau avec nous (Shuliy Machinery) si possible \u00e0 l'avenir. <\/p>   <div class=\"wp-block-image\"> <figure class=\"aligncenter size-full\"><img loading=\"lazy\" decoding=\"async\" width=\"540\" height=\"540\" src=\"https:\/\/shuliywoodmachine.com\/wp-content\/uploads\/2022\/07\/customer-feedback.webp\" alt=\"commentaires des clients\" class=\"wp-image-492\" title=\"\" srcset=\"https:\/\/shuliywoodmachine.com\/wp-content\/uploads\/2022\/07\/customer-feedback.webp 540w, https:\/\/shuliywoodmachine.com\/wp-content\/uploads\/2022\/07\/customer-feedback-150x150.webp 150w, https:\/\/shuliywoodmachine.com\/wp-content\/uploads\/2022\/07\/customer-feedback-300x300.webp 300w\" sizes=\"auto, (max-width: 540px) 100vw, 540px\" \/><figcaption>commentaires des clients<\/figcaption><\/figure> <\/div>   <p><\/p>","protected":false},"excerpt":{"rendered":"<p>WHO ARE WE Shuliy Machinery is very famous in the wood machine industry and built for more than 20 years. Considering the \u201cbring the machine to every corner of the world\u201d&nbsp;as the principle, we are deeply expertised in this wood industry. Our products include: wood derbarker, saw mill, wood shaving machine, wood crusher, wood chipper, [&hellip;]<\/p>\n","protected":false},"author":1,"featured_media":22,"parent":0,"menu_order":0,"comment_status":"closed","ping_status":"closed","template":"","meta":{"footnotes":""},"class_list":["post-8","page","type-page","status-publish","has-post-thumbnail","hentry"],"_links":{"self":[{"href":"https:\/\/shuliywoodmachine.com\/fr\/wp-json\/wp\/v2\/pages\/8","targetHints":{"allow":["GET"]}}],"collection":[{"href":"https:\/\/shuliywoodmachine.com\/fr\/wp-json\/wp\/v2\/pages"}],"about":[{"href":"https:\/\/shuliywoodmachine.com\/fr\/wp-json\/wp\/v2\/types\/page"}],"author":[{"embeddable":true,"href":"https:\/\/shuliywoodmachine.com\/fr\/wp-json\/wp\/v2\/users\/1"}],"replies":[{"embeddable":true,"href":"https:\/\/shuliywoodmachine.com\/fr\/wp-json\/wp\/v2\/comments?post=8"}],"version-history":[{"count":0,"href":"https:\/\/shuliywoodmachine.com\/fr\/wp-json\/wp\/v2\/pages\/8\/revisions"}],"wp:featuredmedia":[{"embeddable":true,"href":"https:\/\/shuliywoodmachine.com\/fr\/wp-json\/wp\/v2\/media\/22"}],"wp:attachment":[{"href":"https:\/\/shuliywoodmachine.com\/fr\/wp-json\/wp\/v2\/media?parent=8"}],"curies":[{"name":"wp","href":"https:\/\/api.w.org\/{rel}","templated":true}]}}