{"id":1078,"date":"2022-11-17T14:59:24","date_gmt":"2022-11-17T06:59:24","guid":{"rendered":"https:\/\/shuliywoodmachine.com\/?post_type=product&#038;p=1078"},"modified":"2022-11-28T17:30:34","modified_gmt":"2022-11-28T09:30:34","slug":"biomass-pellet-making-machine","status":"publish","type":"product","link":"https:\/\/shuliywoodmachine.com\/fr\/product\/machine-de-fabrication-de-granules-de-biomasse\/","title":{"rendered":"Machine de fabrication de granul\u00e9s de biomasse"},"content":{"rendered":"<h2 class=\"wp-block-heading\"><strong>Principe de fonctionnement de la machine de fabrication de granul\u00e9s de biomasse<\/strong><\/h2>    <div class=\"wp-block-media-text alignwide is-stacked-on-mobile\"><figure class=\"wp-block-media-text__media\"><img loading=\"lazy\" decoding=\"async\" width=\"720\" height=\"540\" src=\"https:\/\/shuliywoodmachine.com\/wp-content\/uploads\/2022\/11\/core-part-of-biomass-pellet-machine.webp\" alt=\"partie centrale de la machine \u00e0 granul\u00e9s de biomasse\" class=\"wp-image-1100 size-full\" title=\"\" srcset=\"https:\/\/shuliywoodmachine.com\/wp-content\/uploads\/2022\/11\/core-part-of-biomass-pellet-machine.webp 720w, https:\/\/shuliywoodmachine.com\/wp-content\/uploads\/2022\/11\/core-part-of-biomass-pellet-machine-300x225.webp 300w\" sizes=\"auto, (max-width: 720px) 100vw, 720px\" \/><\/figure><div class=\"wp-block-media-text__content\"> <p>La machine \u00e0 granul\u00e9s de bois produit des granul\u00e9s de biomasse de haute qualit\u00e9 en fonction du rouleau presseur et de la fili\u00e8re. La friction et la pression entre ces pi\u00e8ces peuvent augmenter la temp\u00e9rature, puis les mati\u00e8res premi\u00e8res (g\u00e9n\u00e9ralement de la poudre) sont transform\u00e9es en granul\u00e9s.  <\/p>    <p>Ensuite, les produits (granul\u00e9s) sortiront du trou de la fili\u00e8re et, \u00e9galement sous la fonction de l'extrusion, prendront la forme d'un cylindre. <\/p>    <p>Enfin, les produits seront coup\u00e9s par la lame \u00e0 la longueur pr\u00e9vue, puis \u00e9vacu\u00e9s par la sortie. <\/p> <\/div><\/div>    <h2 class=\"wp-block-heading\"><strong>Avantages de la machine de fabrication de granul\u00e9s de biomasse<\/strong><\/h2>    <ol class=\"wp-block-list\"> <li>Deux appareils \u00e9lectriques peuvent \u00eatre utilis\u00e9s. Ce type de machine de fabrication de granul\u00e9s de biomasse peut utiliser un moteur \u00e9lectrique ou un moteur diesel comme \u00e9nergie pour soutenir le travail de la machine.<\/li>    <li>Structure facile et granulation pratique, tr\u00e8s adapt\u00e9e aux clients souhaitant produire des granul\u00e9s de bois.<\/li>    <li>Grande adaptabilit\u00e9, petite surface au sol, faible bruit et fonctionnement stable.<\/li>    <li>Les granul\u00e9s de bois de biomasse produits par cette machine de fabrication de granul\u00e9s de biomasse ont de fortes applications, pour le chauffage domestique, l'usage industriel et \u00e9galement comme combustible dans les centrales \u00e9lectriques.<\/li> <\/ol>   <div class=\"wp-block-image\"> <figure class=\"aligncenter size-full\"><img loading=\"lazy\" decoding=\"async\" width=\"720\" height=\"350\" src=\"https:\/\/shuliywoodmachine.com\/wp-content\/uploads\/2022\/11\/sawdust-pellet-machine-in-stock.webp\" alt=\"machine \u00e0 granul\u00e9s de sciure de bois en stock\" class=\"wp-image-1113\" title=\"\" srcset=\"https:\/\/shuliywoodmachine.com\/wp-content\/uploads\/2022\/11\/sawdust-pellet-machine-in-stock.webp 720w, https:\/\/shuliywoodmachine.com\/wp-content\/uploads\/2022\/11\/sawdust-pellet-machine-in-stock-300x146.webp 300w\" sizes=\"auto, (max-width: 720px) 100vw, 720px\" \/><figcaption class=\"wp-element-caption\">machine \u00e0 granul\u00e9s de sciure de bois en stock<\/figcaption><\/figure> <\/div>   <h2 class=\"wp-block-heading\"><strong>Comment d\u00e9marrer une ligne de production de pellets de biomasse ?<\/strong><\/h2>    <p class=\"translation-block\"> En tant que <a href=\"https:\/\/shuliywoodmachine.com\/fr\/\" target=\"_blank\" rel=\"noreferrer noopener\">fabricant et fournisseur professionnel de machines en bois<\/a>, nous n'avons pas seulement la machine moulin \u00e0 pellets de bois, mais aussi le broyeur \u00e0 bois, la machine \u00e0 copeaux de bois, <a href=\"https:\/\/shuliywoodmachine.com\/fr\/product\/machine-a-raser-le-bois\/\" target=\"_blank\" rel=\"noreferrer noopener\">machine \u00e0 copeaux de bois<\/a>, la machine de fabrication de blocs de bois, etc. Bien s\u00fbr, dans notre Shuliy machinery, vous pouvez \u00e9quiper toutes les machines et les \u00e9quipements auxiliaires que vous souhaitez. Pour cette ligne de production de pellets de bois, si vous souhaitez am\u00e9liorer extr\u00eamement l'efficacit\u00e9 de travail, nous pouvons conseiller une ligne de production \u00e0 forte praticit\u00e9. Elle comprend le convoyeur, le m\u00e9langeur, le r\u00e9servoir, etc.<\/p>   <div class=\"wp-block-image\"> <figure class=\"aligncenter size-full\"><img loading=\"lazy\" decoding=\"async\" width=\"720\" height=\"540\" src=\"https:\/\/shuliywoodmachine.com\/wp-content\/uploads\/2022\/11\/wood-pellet-production-line.webp\" alt=\"ligne de production de granul\u00e9s de bois\" class=\"wp-image-1101\" title=\"\" srcset=\"https:\/\/shuliywoodmachine.com\/wp-content\/uploads\/2022\/11\/wood-pellet-production-line.webp 720w, https:\/\/shuliywoodmachine.com\/wp-content\/uploads\/2022\/11\/wood-pellet-production-line-300x225.webp 300w\" sizes=\"auto, (max-width: 720px) 100vw, 720px\" \/><figcaption class=\"wp-element-caption\">ligne de production de granul\u00e9s de bois<\/figcaption><\/figure> <\/div>   <h2 class=\"wp-block-heading\"><strong>La brillante perspective du <a href=\"https:\/\/en.wikipedia.org\/wiki\/Pellet_fuel\" target=\"_blank\" rel=\"noreferrer noopener\">granul\u00e9s de bois de biomasse<\/a><\/strong><\/h2>    <ol class=\"wp-block-list\"> <li>En tant que sujet br\u00fblant de la bio\u00e9nergie dans le monde, elle a d\u00e9velopp\u00e9 une tendance. Et les granul\u00e9s de biomasse sont faciles \u00e0 produire et \u00e0 utiliser en masse. De plus, c\u2019est tr\u00e8s pratique \u00e0 utiliser.<\/li>    <li>Par rapport au combustible traditionnel, les granul\u00e9s de bois de biomasse, en tant que nouveau type de biomasse, sont tr\u00e8s \u00e9conomiques et pr\u00e9sentent des avantages environnementaux pleinement conformes aux exigences du d\u00e9veloppement durable.<\/li>    <li>Les granul\u00e9s de biomasse pr\u00e9sentent l\u2019avantage d\u2019une efficacit\u00e9 de combustion \u00e9lev\u00e9e, d\u2019une combustion facile et de moins de r\u00e9sidus de carbone par rapport au charbon.<\/li>    <li>Faible teneur en composants gazeux nocifs, \u00e9missions de gaz nocifs moindres, avec des avantages environnementaux.<\/li>    <li>Les granul\u00e9s de bois peuvent \u00e9galement servir d\u2019aliment pour les ch\u00e8vres, les poulets, les lapins, les porcs, etc. <\/li> <\/ol>   <div class=\"wp-block-image\"> <figure class=\"aligncenter size-full\"><img loading=\"lazy\" decoding=\"async\" width=\"720\" height=\"540\" src=\"https:\/\/shuliywoodmachine.com\/wp-content\/uploads\/2022\/11\/biomass-wood-pellets.webp\" alt=\"granul\u00e9s de bois de biomasse\" class=\"wp-image-1104\" title=\"\" srcset=\"https:\/\/shuliywoodmachine.com\/wp-content\/uploads\/2022\/11\/biomass-wood-pellets.webp 720w, https:\/\/shuliywoodmachine.com\/wp-content\/uploads\/2022\/11\/biomass-wood-pellets-300x225.webp 300w\" sizes=\"auto, (max-width: 720px) 100vw, 720px\" \/><figcaption class=\"wp-element-caption\">granul\u00e9s de bois de biomasse<\/figcaption><\/figure> <\/div>   <p>Ainsi, les granul\u00e9s de bois biomasse ont de larges perspectives. Si vous souhaitez investir dans cette entreprise, c\u2019est un bon d\u00e9but pour vous. Vous pouvez faire part de vos besoins \u00e0 notre directeur des ventes, et notre directeur des ventes professionnel vous fournira les conseils d'experts pour faciliter votre activit\u00e9. <\/p>    <h2 class=\"wp-block-heading\"><strong>Machine de fabrication de granul\u00e9s de biomasse \u00e0 vendre<\/strong><\/h2>    <p>La machine \u00e0 granul\u00e9s de biomasse Shuliy est de bonne qualit\u00e9 et \u00e0 bas prix. C'est une machine rentable. De plus, notre machine de fabrication de granul\u00e9s de bois biomasse est constamment am\u00e9lior\u00e9e, r\u00e9pondant aux besoins de d\u00e9veloppement du march\u00e9, vendant des machines de haute qualit\u00e9 \u00e0 nos clients et contribuant aux activit\u00e9s de nos clients.<\/p>    <figure class=\"wp-block-gallery aligncenter has-nested-images columns-default is-cropped wp-block-gallery-2 is-layout-flex wp-block-gallery-is-layout-flex\"> <figure class=\"wp-block-image size-large\"><img loading=\"lazy\" decoding=\"async\" width=\"540\" height=\"720\" data-id=\"1118\" src=\"https:\/\/shuliywoodmachine.com\/wp-content\/uploads\/2022\/11\/biomass-pellets-making-machine.webp\" alt=\"machine-de-fabrication-de-granul\u00e9s-de-biomasse\" class=\"wp-image-1118\" title=\"\" srcset=\"https:\/\/shuliywoodmachine.com\/wp-content\/uploads\/2022\/11\/biomass-pellets-making-machine.webp 540w, https:\/\/shuliywoodmachine.com\/wp-content\/uploads\/2022\/11\/biomass-pellets-making-machine-225x300.webp 225w\" sizes=\"auto, (max-width: 540px) 100vw, 540px\" \/><figcaption class=\"wp-element-caption\">Machine de fabrication de granul\u00e9s de biomasse<\/figcaption><\/figure>    <figure class=\"wp-block-image size-large\"><img loading=\"lazy\" decoding=\"async\" width=\"540\" height=\"720\" data-id=\"1119\" src=\"https:\/\/shuliywoodmachine.com\/wp-content\/uploads\/2022\/11\/wood-pellets-making-machine.webp\" alt=\"machine-de-fabrication-de-granules-de-bois\" class=\"wp-image-1119\" title=\"\" srcset=\"https:\/\/shuliywoodmachine.com\/wp-content\/uploads\/2022\/11\/wood-pellets-making-machine.webp 540w, https:\/\/shuliywoodmachine.com\/wp-content\/uploads\/2022\/11\/wood-pellets-making-machine-225x300.webp 225w\" sizes=\"auto, (max-width: 540px) 100vw, 540px\" \/><figcaption class=\"wp-element-caption\">Machine de fabrication de granul\u00e9s de bois<\/figcaption><\/figure> <\/figure>    <h2 class=\"wp-block-heading\"><strong>Cas r\u00e9ussis de la machine \u00e0 granul\u00e9s de biomasse<\/strong><\/h2>    <p>Cette machine de fabrication de granul\u00e9s de biomasse est tr\u00e8s populaire aupr\u00e8s des clients et est souvent export\u00e9e vers des pays \u00e9trangers, comme l'Indon\u00e9sie. Surtout maintenant, avec l'arriv\u00e9e de l'hiver, la demande de combustible biomasse augmente, de sorte que la demande de granulateur de biomasse Shuliy augmente. Nous avons maintenant du stock dans l'usine et lors de l'exportation, nous emballerons d'abord la machine de fabrication de granul\u00e9s dans des caisses en bois pour \u00e9viter d'endommager la machine pendant le transport. En cas de besoin, n'h\u00e9sitez pas \u00e0 nous contacter\u00a0!<\/p>    <figure class=\"wp-block-gallery aligncenter has-nested-images columns-default is-cropped wp-block-gallery-3 is-layout-flex wp-block-gallery-is-layout-flex\"> <figure class=\"wp-block-image size-large\"><img loading=\"lazy\" decoding=\"async\" width=\"720\" height=\"540\" data-id=\"1120\" src=\"https:\/\/shuliywoodmachine.com\/wp-content\/uploads\/2022\/11\/biomass-pellet-making-machine-manufacturer.webp\" alt=\"fabricant de machine de fabrication de granul\u00e9s de biomasse\" class=\"wp-image-1120\" title=\"\" srcset=\"https:\/\/shuliywoodmachine.com\/wp-content\/uploads\/2022\/11\/biomass-pellet-making-machine-manufacturer.webp 720w, https:\/\/shuliywoodmachine.com\/wp-content\/uploads\/2022\/11\/biomass-pellet-making-machine-manufacturer-300x225.webp 300w\" sizes=\"auto, (max-width: 720px) 100vw, 720px\" \/><figcaption class=\"wp-element-caption\">Fabricant de machines de fabrication de granul\u00e9s de biomasse<\/figcaption><\/figure>    <figure class=\"wp-block-image size-large\"><img loading=\"lazy\" decoding=\"async\" width=\"720\" height=\"540\" data-id=\"1121\" src=\"https:\/\/shuliywoodmachine.com\/wp-content\/uploads\/2022\/11\/pack-wood-pellets-making-machine.webp\" alt=\"emballer des granul\u00e9s de bois faisant la machine\" class=\"wp-image-1121\" title=\"\" srcset=\"https:\/\/shuliywoodmachine.com\/wp-content\/uploads\/2022\/11\/pack-wood-pellets-making-machine.webp 720w, https:\/\/shuliywoodmachine.com\/wp-content\/uploads\/2022\/11\/pack-wood-pellets-making-machine-300x225.webp 300w\" sizes=\"auto, (max-width: 720px) 100vw, 720px\" \/><figcaption class=\"wp-element-caption\">Pack de granul\u00e9s de bois faisant la machine<\/figcaption><\/figure> <\/figure>    <h2 class=\"wp-block-heading\"><strong>Param\u00e8tres techniques de la machine de fabrication de granul\u00e9s de biomasse<\/strong><\/h2>    <figure class=\"wp-block-table\"><table><tbody><tr><td>Mod\u00e8le<\/td><td>SL-300<\/td><td>SL-400<\/td><td>SL-450<\/td><\/tr><tr><td>Puissance (kW)<\/td><td>22+0.37<\/td><td>37+0.37<\/td><td>55+0.37<\/td><\/tr><tr><td>Sortie (kg\/h)<\/td><td>150-300<\/td><td>200-500<\/td><td>300-700<\/td><\/tr><\/tbody><\/table><\/figure>    <p>Ce type de machine de fabrication de granul\u00e9s de biomasse dispose d'une machine individuelle et d'une ligne de production compl\u00e8te de granul\u00e9s de biomasse disponibles pour votre choix. Il vous suffit d'indiquer vos besoins et notre responsable commercial vous proposera la meilleure solution. <\/p>    <h2 class=\"wp-block-heading\"><strong>Vid\u00e9o de la machine de fabrication de granul\u00e9s de biomasse de Shuliy<\/strong><\/h2>    <figure class=\"wp-block-embed is-type-video is-provider-youtube wp-block-embed-youtube wp-embed-aspect-16-9 wp-has-aspect-ratio\"><div class=\"wp-block-embed__wrapper\"> <iframe loading=\"lazy\" title=\"Machine \u00e0 granul\u00e9s de bois \u00e0 biomasse | Fabricant de granul\u00e9s de bois pour la production domestique et industrielle #biomasspellets\" width=\"500\" height=\"281\" src=\"https:\/\/www.youtube.com\/embed\/h-daUNjUgwM?feature=oembed\" frameborder=\"0\" allow=\"accelerometer; autoplay; clipboard-write; encrypted-media; gyroscope; picture-in-picture; web-share\" referrerpolicy=\"strict-origin-when-cross-origin\" allowfullscreen><\/iframe> <\/div><\/figure>","protected":false},"excerpt":{"rendered":"<p>Working principle of the biomass pellet making machine The wood pellet machine produces high-quality biomass pellets depending on the press roller and die. The friction and pressure between these parts can make the temperature high, and then the raw materials (generally powder) are made into pellets. Then the products(pellets) will come out from the die [&hellip;]<\/p>\n","protected":false},"author":1,"featured_media":1088,"parent":0,"template":"","tags":[88,90,89],"product-type":[91],"class_list":["post-1078","product","type-product","status-publish","has-post-thumbnail","hentry","tag-biomass-pellet-making-machine","tag-wood-pellet-machine","tag-wood-pellet-mill","product-type-wood-pellet-machine"],"_links":{"self":[{"href":"https:\/\/shuliywoodmachine.com\/fr\/wp-json\/wp\/v2\/product\/1078","targetHints":{"allow":["GET"]}}],"collection":[{"href":"https:\/\/shuliywoodmachine.com\/fr\/wp-json\/wp\/v2\/product"}],"about":[{"href":"https:\/\/shuliywoodmachine.com\/fr\/wp-json\/wp\/v2\/types\/product"}],"author":[{"embeddable":true,"href":"https:\/\/shuliywoodmachine.com\/fr\/wp-json\/wp\/v2\/users\/1"}],"wp:featuredmedia":[{"embeddable":true,"href":"https:\/\/shuliywoodmachine.com\/fr\/wp-json\/wp\/v2\/media\/1088"}],"wp:attachment":[{"href":"https:\/\/shuliywoodmachine.com\/fr\/wp-json\/wp\/v2\/media?parent=1078"}],"wp:term":[{"taxonomy":"post_tag","embeddable":true,"href":"https:\/\/shuliywoodmachine.com\/fr\/wp-json\/wp\/v2\/tags?post=1078"},{"taxonomy":"product-type","embeddable":true,"href":"https:\/\/shuliywoodmachine.com\/fr\/wp-json\/wp\/v2\/product-type?post=1078"}],"curies":[{"name":"wp","href":"https:\/\/api.w.org\/{rel}","templated":true}]}}