{"id":1135,"date":"2022-11-22T16:30:41","date_gmt":"2022-11-22T08:30:41","guid":{"rendered":"https:\/\/shuliywoodmachine.com\/?post_type=product&#038;p=1135"},"modified":"2025-06-20T14:26:09","modified_gmt":"2025-06-20T06:26:09","slug":"wood-pellet-machine","status":"publish","type":"product","link":"https:\/\/shuliywoodmachine.com\/fr\/product\/machine-a-granules-de-bois\/","title":{"rendered":"Machine \u00e0 granul\u00e9s de bois"},"content":{"rendered":"<p class=\"translation-block\">Une machine \u00e0 pellets de bois est une machine id\u00e9ale con\u00e7ue sp\u00e9cifiquement pour produire divers types de pellets, qui est une presse \u00e0 pellets en forme d\u2019anneau. Les pellets produits peuvent \u00eatre utilis\u00e9s comme aliment pour animaux ou comme combustible biomasse, carburant pour la production d\u2019\u00e9nergie, etc. En fait, avec la m\u00eame fonction, il existe aussi le <a href=\"https:\/\/shuliywoodmachine.com\/fr\/product\/machine-de-fabrication-de-granules-de-biomasse\/\" target=\"_blank\" rel=\"noreferrer noopener\">moulin \u00e0 pellets de bois<\/a>, tous deux assurant la production de pellets. Si vous \u00eates int\u00e9ress\u00e9, n\u2019h\u00e9sitez pas \u00e0 nous contacter pour plus de d\u00e9tails ! Et notre responsable des ventes vous proposera une excellente solution pour faciliter votre activit\u00e9.<\/p>    <figure class=\"wp-block-embed is-type-video is-provider-youtube wp-block-embed-youtube wp-embed-aspect-16-9 wp-has-aspect-ratio\"><div class=\"wp-block-embed__wrapper\"> <iframe loading=\"lazy\" title=\"Machine \u00e0 granul\u00e9s de biomasse efficace de la sciure de bois comme combustibles de biomasse, combustion industrielle\" width=\"500\" height=\"281\" src=\"https:\/\/www.youtube.com\/embed\/Dkj1ubxD4F0?feature=oembed\" frameborder=\"0\" allow=\"accelerometer; autoplay; clipboard-write; encrypted-media; gyroscope; picture-in-picture; web-share\" referrerpolicy=\"strict-origin-when-cross-origin\" allowfullscreen><\/iframe> <\/div><figcaption class=\"wp-element-caption\">fabricant de pellets de bois<\/figcaption><\/figure>    <h2 class=\"wp-block-heading\"><strong>Une br\u00e8ve introduction \u00e0 la machine industrielle \u00e0 granul\u00e9s de bois<\/strong><\/h2>    <p class=\"has-text-align-left\">La machine \u00e0 pellets en copeaux de bois Shuliy innove et se modernise constamment, s'adaptant aux besoins du march\u00e9 et de nos clients. Ce moulin \u00e0 pellets en copeaux de bois de notre fabrication est en r\u00e9alit\u00e9 de forme annulaire et a une plus grande capacit\u00e9. En plus de cela, ce moulin \u00e0 pellets de biomasse est plus rentable et utilise des mat\u00e9riaux de haute qualit\u00e9 pour la production de la machine. De plus, cette machine peut \u00eatre combin\u00e9e avec d'autres machines pour former une grande ligne de production de pellets afin de r\u00e9pondre aux besoins de diff\u00e9rents clients.<\/p>    <figure class=\"wp-block-gallery aligncenter has-nested-images columns-default is-cropped wp-block-gallery-2 is-layout-flex wp-block-gallery-is-layout-flex\"> <figure class=\"wp-block-image size-large\"><img loading=\"lazy\" decoding=\"async\" width=\"720\" height=\"540\" data-id=\"1182\" src=\"https:\/\/shuliywoodmachine.com\/wp-content\/uploads\/2022\/11\/biomass-wood-pellet-machine.webp\" alt=\"machine \u00e0 granul\u00e9s de bois de biomasse\" class=\"wp-image-1182\" title=\"\" srcset=\"https:\/\/shuliywoodmachine.com\/wp-content\/uploads\/2022\/11\/biomass-wood-pellet-machine.webp 720w, https:\/\/shuliywoodmachine.com\/wp-content\/uploads\/2022\/11\/biomass-wood-pellet-machine-300x225.webp 300w\" sizes=\"auto, (max-width: 720px) 100vw, 720px\" \/><figcaption class=\"wp-element-caption\">Machine \u00e0 granul\u00e9s de bois \u00e0 biomasse<\/figcaption><\/figure>    <figure class=\"wp-block-image size-large\"><img loading=\"lazy\" decoding=\"async\" width=\"720\" height=\"540\" data-id=\"1183\" src=\"https:\/\/shuliywoodmachine.com\/wp-content\/uploads\/2022\/11\/wood-pellets-making-machine-1.webp\" alt=\"machine de fabrication de granul\u00e9s de bois\" class=\"wp-image-1183\" title=\"\" srcset=\"https:\/\/shuliywoodmachine.com\/wp-content\/uploads\/2022\/11\/wood-pellets-making-machine-1.webp 720w, https:\/\/shuliywoodmachine.com\/wp-content\/uploads\/2022\/11\/wood-pellets-making-machine-1-300x225.webp 300w\" sizes=\"auto, (max-width: 720px) 100vw, 720px\" \/><figcaption class=\"wp-element-caption\">Machine de fabrication de granul\u00e9s de bois<\/figcaption><\/figure> <\/figure>    <p>G\u00e9n\u00e9ralement, la machine de fabrication de granul\u00e9s de bois joue un r\u00f4le tr\u00e8s important dans le secteur industriel. Si vous souhaitez investir dans ce type de production de granul\u00e9s de bois, vous pouvez d'abord acheter une machine individuelle pour la production. Plus tard, si vous souhaitez \u00e9largir l'\u00e9chelle de production, vous pourrez nous contacter pour l'achat de diverses installations auxiliaires.<\/p>    <h2 class=\"wp-block-heading\"><strong>Mati\u00e8res premi\u00e8res pour la fabrication de pellets de bois<\/strong><\/h2>    <p class=\"translation-block\">La production de pellets de bois peut utiliser divers types de mati\u00e8res premi\u00e8res. Les mati\u00e8res premi\u00e8res comprennent mais ne se limitent pas \u00e0 la balle de son de riz\/ma\u00efs, coquilles d\u2019arachides, pieds de coton, copeaux de bois, sciures de bois provenant de la <a href=\"https:\/\/shuliywoodmachine.com\/fr\/product\/machine-de-scierie-a-bois\/\" target=\"_blank\" rel=\"noreferrer noopener\">scierie<\/a>, pailles de bl\u00e9, coquilles de noix de coco, tiges de ma\u00efs, poudre de bambou, branches, \u00e9corce d\u2019arbre, vari\u00e9t\u00e9 de melon et fruits, coques de tournesol, bois, etc. Si vous avez des doutes, contactez-nous pour une classification\u202f\uff01<\/p>    <figure class=\"wp-block-gallery aligncenter has-nested-images columns-default is-cropped wp-block-gallery-3 is-layout-flex wp-block-gallery-is-layout-flex\"> <figure class=\"wp-block-image size-large\"><img loading=\"lazy\" decoding=\"async\" width=\"720\" height=\"540\" data-id=\"1140\" src=\"https:\/\/shuliywoodmachine.com\/wp-content\/uploads\/2022\/11\/raw-materials-for-wood-pellets.webp\" alt=\"mati\u00e8res premi\u00e8res pour granul\u00e9s de bois\" class=\"wp-image-1140\" title=\"\" srcset=\"https:\/\/shuliywoodmachine.com\/wp-content\/uploads\/2022\/11\/raw-materials-for-wood-pellets.webp 720w, https:\/\/shuliywoodmachine.com\/wp-content\/uploads\/2022\/11\/raw-materials-for-wood-pellets-300x225.webp 300w\" sizes=\"auto, (max-width: 720px) 100vw, 720px\" \/><figcaption class=\"wp-element-caption\">Mati\u00e8res premi\u00e8res pour granul\u00e9s de bois<\/figcaption><\/figure>    <figure class=\"wp-block-image size-large\"><img loading=\"lazy\" decoding=\"async\" width=\"720\" height=\"540\" data-id=\"1185\" src=\"https:\/\/shuliywoodmachine.com\/wp-content\/uploads\/2022\/11\/various-wood-pellets.webp\" alt=\"divers granul\u00e9s de bois\" class=\"wp-image-1185\" title=\"\" srcset=\"https:\/\/shuliywoodmachine.com\/wp-content\/uploads\/2022\/11\/various-wood-pellets.webp 720w, https:\/\/shuliywoodmachine.com\/wp-content\/uploads\/2022\/11\/various-wood-pellets-300x225.webp 300w\" sizes=\"auto, (max-width: 720px) 100vw, 720px\" \/><figcaption class=\"wp-element-caption\">Divers granul\u00e9s de bois<\/figcaption><\/figure> <\/figure>    <p class=\"translation-block\"><strong>Note : conditions g\u00e9n\u00e9rales pour la production de pellets de bois<\/strong><\/p>    <p>Lors de la production de granul\u00e9s de bois, la taille de ces mati\u00e8res premi\u00e8res doit \u00eatre inf\u00e9rieure \u00e0 1 cm et l'humidit\u00e9 doit \u00eatre inf\u00e9rieure \u00e0 15%. <\/p>    <h2 class=\"wp-block-heading\"><strong>Applications de <a href=\"https:\/\/en.wikipedia.org\/wiki\/Biomass\" target=\"_blank\" rel=\"noreferrer noopener\">granul\u00e9s de biomasse bois<\/a><\/strong><\/h2>    <p>Les granul\u00e9s de bois produits peuvent \u00eatre utilis\u00e9s comme aliments pour animaux ou comme divers combustibles. Ces granul\u00e9s de bois peuvent \u00eatre utilis\u00e9s pour un usage domestique, des chaudi\u00e8res industrielles, des centrales \u00e9lectriques, des usines chimiques, l'industrie alimentaire, des \u00e9quipements de transformation du bois, des usines d'engrais, etc. Si vous \u00eates impliqu\u00e9 dans une industrie connexe et que cela vous int\u00e9resse, veuillez nous contacter pour Plus d'information!<\/p>   <div class=\"wp-block-image\"> <figure class=\"aligncenter size-full\"><img loading=\"lazy\" decoding=\"async\" width=\"720\" height=\"540\" src=\"https:\/\/shuliywoodmachine.com\/wp-content\/uploads\/2022\/11\/applications-of-wood-pellets.webp\" alt=\"applications des granul\u00e9s de bois\" class=\"wp-image-1143\" title=\"\" srcset=\"https:\/\/shuliywoodmachine.com\/wp-content\/uploads\/2022\/11\/applications-of-wood-pellets.webp 720w, https:\/\/shuliywoodmachine.com\/wp-content\/uploads\/2022\/11\/applications-of-wood-pellets-300x225.webp 300w\" sizes=\"auto, (max-width: 720px) 100vw, 720px\" \/><figcaption class=\"wp-element-caption\">applications des granul\u00e9s de bois<\/figcaption><\/figure> <\/div>   <h2 class=\"wp-block-heading\"><strong>Structure de la machine \u00e0 granul\u00e9s de bois biomasse<\/strong><\/h2>    <p>L'\u00e9quipement \u00e0 granul\u00e9s de bois Shuliy a une structure tr\u00e8s raisonnable, bonne pour les utilisateurs. La structure de la machine \u00e0 granul\u00e9s de bois comprend le moteur, l'entr\u00e9e pour les mati\u00e8res premi\u00e8res, la chambre de granulation pour produire les granul\u00e9s de biomasse et la sortie pour \u00e9vacuer les granul\u00e9s finis. C'est la partie principale pour construire la machine \u00e0 granul\u00e9s de bois \u00e0 fili\u00e8re annulaire. En outre, il comporte d\u2019autres pi\u00e8ces, telles que le ventilateur, le panneau de commande, etc. <\/p>   <div class=\"wp-block-image\"> <figure class=\"aligncenter size-full\"><img loading=\"lazy\" decoding=\"async\" width=\"720\" height=\"540\" src=\"https:\/\/shuliywoodmachine.com\/wp-content\/uploads\/2022\/11\/wood-pellet-mill-machine-structure.webp\" alt=\"structure de machine de moulin \u00e0 granul\u00e9s de bois\" class=\"wp-image-1142\" title=\"\" srcset=\"https:\/\/shuliywoodmachine.com\/wp-content\/uploads\/2022\/11\/wood-pellet-mill-machine-structure.webp 720w, https:\/\/shuliywoodmachine.com\/wp-content\/uploads\/2022\/11\/wood-pellet-mill-machine-structure-300x225.webp 300w\" sizes=\"auto, (max-width: 720px) 100vw, 720px\" \/><figcaption class=\"wp-element-caption\">structure de machine de moulin \u00e0 granul\u00e9s de bois<\/figcaption><\/figure> <\/div>   <h2 class=\"wp-block-heading\"><strong>Comment fonctionne une machine \u00e0 granul\u00e9s de bois ?<\/strong><\/h2>    <ol class=\"wp-block-list\"> <li>Les mati\u00e8res premi\u00e8res sont transport\u00e9es par l'entr\u00e9e vers la chambre de granulation. Sous la gravit\u00e9 naturelle et la force centrifuge provoqu\u00e9e par la rotation de la fili\u00e8re annulaire, le mat\u00e9riau est press\u00e9 contre la paroi int\u00e9rieure.<\/li>    <li>Sous l\u2019action du couteau, le mat\u00e9riau est aliment\u00e9 de mani\u00e8re uniforme et continue.<\/li>    <li>En raison de la conception de l\u2019int\u00e9rieur de la chambre de granulation, une certaine pression de compression (zone de compression) se forme.<\/li>    <li>En raison de l'alimentation des mat\u00e9riaux, sous la forte extrusion entre la fili\u00e8re et le rouleau, le mat\u00e9riau est compact\u00e9 et press\u00e9 dans le trou de fili\u00e8re et form\u00e9 dans le trou de fili\u00e8re.<\/li>    <li>Le mat\u00e9riau est continuellement aliment\u00e9 et \u00e0 nouveau mis en forme. Les produits fa\u00e7onn\u00e9s sont extrud\u00e9s du trou de la fili\u00e8re puis coup\u00e9s \u00e0 la longueur requise.<\/li>    <li>Enfin, les granul\u00e9s de bois finis sont \u00e9vacu\u00e9s et jet\u00e9s par la sortie.<\/li> <\/ol>    <figure class=\"wp-block-gallery aligncenter has-nested-images columns-default is-cropped wp-block-gallery-4 is-layout-flex wp-block-gallery-is-layout-flex\"> <figure class=\"wp-block-image size-full\"><img loading=\"lazy\" decoding=\"async\" width=\"720\" height=\"540\" data-id=\"1188\" src=\"https:\/\/shuliywoodmachine.com\/wp-content\/uploads\/2022\/11\/ring-die-wood-pellet-mill.webp\" alt=\"moulin \u00e0 granul\u00e9s de bois \u00e0 fili\u00e8re annulaire\" class=\"wp-image-1188\" title=\"\" srcset=\"https:\/\/shuliywoodmachine.com\/wp-content\/uploads\/2022\/11\/ring-die-wood-pellet-mill.webp 720w, https:\/\/shuliywoodmachine.com\/wp-content\/uploads\/2022\/11\/ring-die-wood-pellet-mill-300x225.webp 300w\" sizes=\"auto, (max-width: 720px) 100vw, 720px\" \/><figcaption class=\"wp-element-caption\">Moulin \u00e0 granul\u00e9s de bois \u00e0 fili\u00e8re annulaire<\/figcaption><\/figure>    <figure class=\"wp-block-image size-full\"><img loading=\"lazy\" decoding=\"async\" width=\"720\" height=\"540\" data-id=\"1187\" src=\"https:\/\/shuliywoodmachine.com\/wp-content\/uploads\/2022\/11\/mould.webp\" alt=\"moule\" class=\"wp-image-1187\" title=\"\" srcset=\"https:\/\/shuliywoodmachine.com\/wp-content\/uploads\/2022\/11\/mould.webp 720w, https:\/\/shuliywoodmachine.com\/wp-content\/uploads\/2022\/11\/mould-300x225.webp 300w\" sizes=\"auto, (max-width: 720px) 100vw, 720px\" \/><figcaption class=\"wp-element-caption\">Moule<\/figcaption><\/figure> <\/figure>    <h2 class=\"wp-block-heading\"><strong>Ligne de production de granul\u00e9s de bois \u2013 un bon d\u00e9but pour les investisseurs<\/strong><\/h2>    <p>Pour les investisseurs, investir dans cette activit\u00e9 peut certainement \u00eatre rentable. En termes de mati\u00e8res premi\u00e8res, les biocombustibles sont fabriqu\u00e9s \u00e0 partir d\u2019une vari\u00e9t\u00e9 de d\u00e9chets qui peuvent \u00eatre r\u00e9utilis\u00e9s pour produire un produit fini de valeur. En termes d'application, les granul\u00e9s de bois peuvent \u00eatre utilis\u00e9s dans un large \u00e9ventail d'applications, soit comme aliment pour animaux, soit comme combustible. <\/p>    <p class=\"translation-block\">Lors d\u2019un investissement, il peut \u00eatre judicieux d\u2019investir dans une ligne de production si vos capacit\u00e9s le permettent. Vous pouvez commencer avec une petite usine de pellets de bois et ensuite augmenter lentement l\u2019\u00e9chelle de production. Nous avons export\u00e9 une grande <a href=\"https:\/\/shuliywoodmachine.com\/fr\/Info\/biomass-pellets-production-line-indonesia\/\" target=\"_blank\" rel=\"noreferrer noopener\">ligne de transformation de pellets vers l\u2019Indon\u00e9sie<\/a>. Si vous \u00eates int\u00e9ress\u00e9, veuillez nous contacter !<\/p>    <figure class=\"wp-block-gallery aligncenter has-nested-images columns-default is-cropped wp-block-gallery-5 is-layout-flex wp-block-gallery-is-layout-flex\"> <figure class=\"wp-block-image size-full\"><img loading=\"lazy\" decoding=\"async\" width=\"720\" height=\"540\" data-id=\"1146\" src=\"https:\/\/shuliywoodmachine.com\/wp-content\/uploads\/2022\/11\/simple-wood-pellet-production-line.webp\" alt=\"ligne de production simple de granul\u00e9s de bois\" class=\"wp-image-1146\" title=\"\" srcset=\"https:\/\/shuliywoodmachine.com\/wp-content\/uploads\/2022\/11\/simple-wood-pellet-production-line.webp 720w, https:\/\/shuliywoodmachine.com\/wp-content\/uploads\/2022\/11\/simple-wood-pellet-production-line-300x225.webp 300w\" sizes=\"auto, (max-width: 720px) 100vw, 720px\" \/><figcaption class=\"wp-element-caption\">Ligne de production simple de granul\u00e9s de bois<\/figcaption><\/figure>    <figure class=\"wp-block-image size-full\"><img loading=\"lazy\" decoding=\"async\" width=\"720\" height=\"540\" data-id=\"1145\" src=\"https:\/\/shuliywoodmachine.com\/wp-content\/uploads\/2022\/11\/latest-biomass-pellet-mill-line.webp\" alt=\"derni\u00e8re ligne de moulin \u00e0 granul\u00e9s de biomasse\" class=\"wp-image-1145\" title=\"\" srcset=\"https:\/\/shuliywoodmachine.com\/wp-content\/uploads\/2022\/11\/latest-biomass-pellet-mill-line.webp 720w, https:\/\/shuliywoodmachine.com\/wp-content\/uploads\/2022\/11\/latest-biomass-pellet-mill-line-300x225.webp 300w\" sizes=\"auto, (max-width: 720px) 100vw, 720px\" \/><figcaption class=\"wp-element-caption\">Derni\u00e8re ligne de broyeur \u00e0 granul\u00e9s de biomasse<\/figcaption><\/figure> <\/figure>    <figure class=\"wp-block-gallery aligncenter has-nested-images columns-default is-cropped wp-block-gallery-6 is-layout-flex wp-block-gallery-is-layout-flex\"> <figure class=\"wp-block-image size-large\"><img loading=\"lazy\" decoding=\"async\" width=\"720\" height=\"540\" data-id=\"1147\" src=\"https:\/\/shuliywoodmachine.com\/wp-content\/uploads\/2022\/11\/1.5-2t-per-hour-biomass-pellets-production-line.webp\" alt=\"Ligne de production de granul\u00e9s de biomasse de 1,5 \u00e0 2 t\/heure\" class=\"wp-image-1147\" title=\"\" srcset=\"https:\/\/shuliywoodmachine.com\/wp-content\/uploads\/2022\/11\/1.5-2t-per-hour-biomass-pellets-production-line.webp 720w, https:\/\/shuliywoodmachine.com\/wp-content\/uploads\/2022\/11\/1.5-2t-per-hour-biomass-pellets-production-line-300x225.webp 300w\" sizes=\"auto, (max-width: 720px) 100vw, 720px\" \/><figcaption class=\"wp-element-caption\">Ligne de production de granul\u00e9s de biomasse de 1,5 \u00e0 2 tonnes\/heure<\/figcaption><\/figure>    <figure class=\"wp-block-image size-large\"><img loading=\"lazy\" decoding=\"async\" width=\"720\" height=\"540\" data-id=\"1148\" src=\"https:\/\/shuliywoodmachine.com\/wp-content\/uploads\/2022\/11\/5t-per-hour-wood-pellet-production-line.webp\" alt=\"Ligne de production de granul\u00e9s de bois 5 t\/heure\" class=\"wp-image-1148\" title=\"\" srcset=\"https:\/\/shuliywoodmachine.com\/wp-content\/uploads\/2022\/11\/5t-per-hour-wood-pellet-production-line.webp 720w, https:\/\/shuliywoodmachine.com\/wp-content\/uploads\/2022\/11\/5t-per-hour-wood-pellet-production-line-300x225.webp 300w\" sizes=\"auto, (max-width: 720px) 100vw, 720px\" \/><figcaption class=\"wp-element-caption\">Ligne de production de granul\u00e9s de bois 5T\/heure<\/figcaption><\/figure> <\/figure>    <h2 class=\"wp-block-heading\"><strong>Qu\u2019en est-il du prix de la machine \u00e0 granul\u00e9s de bois\u00a0?<\/strong><\/h2>    <p>Le prix de la machine \u00e0 biopellet est bien entendu influenc\u00e9 par divers facteurs, tels que la configuration de la machine, la capacit\u00e9 de la machine, les mat\u00e9riaux de la machine, l'utilisation \u00e0 la maison ou en usine, etc., qui affectent tous le prix de la presse \u00e0 granul\u00e9s de bois. La situation r\u00e9elle doit \u00eatre analys\u00e9e de mani\u00e8re pratique. Vous pouvez faire part de vos besoins \u00e0 notre responsable commercial, en fonction de vos exigences, il vous proposera la solution optimale.<\/p>    <h2 class=\"wp-block-heading\"><strong>Meilleur fabricant et fournisseur de machines \u00e0 granul\u00e9s de bois \u2013 Shuliy Machinery<\/strong><\/h2>    <ul class=\"wp-block-list\"> <li>Une gamme compl\u00e8te de machines. Nous sommes producteur et fabricant de toutes sortes de machines \u00e0 bois et disposons donc d'une large gamme de machines et d'\u00e9quipements. Par exemple, si vous souhaitez une ligne de production de granul\u00e9s lors de l'achat d'une machine \u00e0 granul\u00e9s de bois, vous pouvez \u00e9galement l'acheter chez nous en une seule fois, \u00e9conomisant ainsi du temps et des efforts.<\/li>    <li>Performances \u00e0 co\u00fbt \u00e9lev\u00e9. Il existe sur le march\u00e9 diff\u00e9rents fabricants et fournisseurs de machines \u00e0 granul\u00e9s de bois, petites ou grandes, mais nous sommes \u00e0 la fois fabricant et distributeur, nos prix sont donc plus avantageux.<\/li>    <li>Marques populaires. Nous exportons r\u00e9guli\u00e8rement nos machines \u00e0 l'\u00e9tranger et elles sont bien accueillies par nos clients. Certains de nos clients sont des clients r\u00e9guliers, comme le client australien, le client mexicain, etc.<\/li>    <li>Service apr\u00e8s-vente. Notre entreprise offre un service apr\u00e8s-vente attentif, d\u00e9di\u00e9 \u00e0 r\u00e9soudre tous les probl\u00e8mes que nos clients rencontrent lors de l'utilisation de la machine \u00e0 granul\u00e9s de bois, les aidant ainsi \u00e0 se familiariser avec la machine et \u00e0 la mettre en service de mani\u00e8re plus rapide et efficace.<\/li> <\/ul>    <h2 class=\"wp-block-heading\"><strong>Projet de machine \u00e0 granul\u00e9s de biomasse Shuliy<\/strong><\/h2>    <p>La machine de fabrication de granul\u00e9s de bois Shuliy est une machine de production de granul\u00e9s de bois populaire sur le march\u00e9. Chaque jour, nous recevons un grand nombre de demandes de clients concernant des machines \u00e0 granul\u00e9s. Nous avons \u00e9galement export\u00e9 \u00e0 plusieurs reprises la machine \u00e0 granul\u00e9s de bois vers des pays \u00e9trangers. Par exemple, l'Indon\u00e9sie, le Mexique, le Nig\u00e9ria, l'Argentine, l'Australie, la Nouvelle-Z\u00e9lande, la Finlande, etc. Nous chargeons la machine \u00e0 granul\u00e9s de bois \u00e0 fili\u00e8re annulaire dans le conteneur pour la livraison par voie maritime vers leurs destinations.<\/p>    <figure class=\"wp-block-gallery aligncenter has-nested-images columns-default is-cropped wp-block-gallery-7 is-layout-flex wp-block-gallery-is-layout-flex\"> <figure class=\"wp-block-image size-full\"><img loading=\"lazy\" decoding=\"async\" width=\"720\" height=\"540\" data-id=\"1193\" src=\"https:\/\/shuliywoodmachine.com\/wp-content\/uploads\/2022\/11\/wood-pellets-machine.webp\" alt=\"machine \u00e0 granul\u00e9s de bois\" class=\"wp-image-1193\" title=\"\" srcset=\"https:\/\/shuliywoodmachine.com\/wp-content\/uploads\/2022\/11\/wood-pellets-machine.webp 720w, https:\/\/shuliywoodmachine.com\/wp-content\/uploads\/2022\/11\/wood-pellets-machine-300x225.webp 300w\" sizes=\"auto, (max-width: 720px) 100vw, 720px\" \/><figcaption class=\"wp-element-caption\">Machine \u00e0 granul\u00e9s de bois<\/figcaption><\/figure>    <figure class=\"wp-block-image size-full\"><img loading=\"lazy\" decoding=\"async\" width=\"720\" height=\"540\" data-id=\"1190\" src=\"https:\/\/shuliywoodmachine.com\/wp-content\/uploads\/2022\/11\/biomass-wood-pellets-making-machine.webp\" alt=\"Machine de fabrication de granul\u00e9s de bois de biomasse\" class=\"wp-image-1190\" title=\"\" srcset=\"https:\/\/shuliywoodmachine.com\/wp-content\/uploads\/2022\/11\/biomass-wood-pellets-making-machine.webp 720w, https:\/\/shuliywoodmachine.com\/wp-content\/uploads\/2022\/11\/biomass-wood-pellets-making-machine-300x225.webp 300w\" sizes=\"auto, (max-width: 720px) 100vw, 720px\" \/><figcaption class=\"wp-element-caption\">Granul\u00e9s de bois de biomasse faisant la machine<\/figcaption><\/figure> <\/figure>    <h2 class=\"wp-block-heading\"><strong>Param\u00e8tres techniques de la machine \u00e0 granul\u00e9s de biomasse bois \u00e0 vendre<\/strong><\/h2>    <figure class=\"wp-block-table\"><table><tbody><tr><td>Mod\u00e8le<\/td><td>Capacit\u00e9<\/td><td>Pouvoir<\/td><\/tr><tr><td>SL-380<\/td><td>0,2-0,3t\/h<\/td><td>22+0,75 kW<\/td><\/tr><tr><td>SL-450<\/td><td>0,6-0,8t\/h<\/td><td>55+1,5+1,1+0,37+0,55kW<\/td><\/tr><tr><td>SL-560A<\/td><td>1-1,3 t\/heure<\/td><td>90+1,5+1,5+0,55+0,37kW<\/td><\/tr><tr><td>SL-560B<\/td><td>1,2-1,5t\/h<\/td><td>90+1,5+1,5+0,55+0,37kW<\/td><\/tr><tr><td>SL-560C<\/td><td>1,2-1,5t\/h<\/td><td>90+1,5+1,5+0,55+0,37kW<\/td><\/tr><tr><td>SL-700<\/td><td>2-2,5 t\/heure<\/td><td>160+2,2+0,37+0,75+1,5 kW<\/td><\/tr><tr><td>SL-880<\/td><td>3-4 t\/h<\/td><td>220+3+0,55+2,2+1,1kW<\/td><\/tr><\/tbody><\/table><\/figure>    <h2 class=\"wp-block-heading\"><strong>Vid\u00e9o de travail de l'usine de machines \u00e0 granul\u00e9s de biomasse bois<\/strong><\/h2>    <figure class=\"wp-block-embed is-type-video is-provider-youtube wp-block-embed-youtube wp-embed-aspect-16-9 wp-has-aspect-ratio\"><div class=\"wp-block-embed__wrapper\"> <iframe loading=\"lazy\" title=\"Usine de machines de moulin \u00e0 granul\u00e9s de bois | Fabricant et fournisseur de machine \u00e0 granul\u00e9s de biomasse #biomasspellets\" width=\"500\" height=\"281\" src=\"https:\/\/www.youtube.com\/embed\/hlfrgLaW2jg?feature=oembed\" frameborder=\"0\" allow=\"accelerometer; autoplay; clipboard-write; encrypted-media; gyroscope; picture-in-picture; web-share\" referrerpolicy=\"strict-origin-when-cross-origin\" allowfullscreen><\/iframe> <\/div><\/figure>","protected":false},"excerpt":{"rendered":"<p>A wood pellet machine is an ideal machine specifically designed to produce various types of pellets, which is a ring-shaped pellet mill. The pellets produced can be used as animal feed or as biomass fuel, fuel for power generation, etc. In fact with the same function, there is also the wood pellet mill, both of [&hellip;]<\/p>\n","protected":false},"author":1,"featured_media":1139,"parent":0,"template":"","tags":[93,88,90],"product-type":[91],"class_list":["post-1135","product","type-product","status-publish","has-post-thumbnail","hentry","tag-biomass-pellet-machine","tag-biomass-pellet-making-machine","tag-wood-pellet-machine","product-type-wood-pellet-machine"],"_links":{"self":[{"href":"https:\/\/shuliywoodmachine.com\/fr\/wp-json\/wp\/v2\/product\/1135","targetHints":{"allow":["GET"]}}],"collection":[{"href":"https:\/\/shuliywoodmachine.com\/fr\/wp-json\/wp\/v2\/product"}],"about":[{"href":"https:\/\/shuliywoodmachine.com\/fr\/wp-json\/wp\/v2\/types\/product"}],"author":[{"embeddable":true,"href":"https:\/\/shuliywoodmachine.com\/fr\/wp-json\/wp\/v2\/users\/1"}],"wp:featuredmedia":[{"embeddable":true,"href":"https:\/\/shuliywoodmachine.com\/fr\/wp-json\/wp\/v2\/media\/1139"}],"wp:attachment":[{"href":"https:\/\/shuliywoodmachine.com\/fr\/wp-json\/wp\/v2\/media?parent=1135"}],"wp:term":[{"taxonomy":"post_tag","embeddable":true,"href":"https:\/\/shuliywoodmachine.com\/fr\/wp-json\/wp\/v2\/tags?post=1135"},{"taxonomy":"product-type","embeddable":true,"href":"https:\/\/shuliywoodmachine.com\/fr\/wp-json\/wp\/v2\/product-type?post=1135"}],"curies":[{"name":"wp","href":"https:\/\/api.w.org\/{rel}","templated":true}]}}