{"id":1250,"date":"2023-01-04T14:13:48","date_gmt":"2023-01-04T06:13:48","guid":{"rendered":"https:\/\/shuliywoodmachine.com\/?post_type=product&#038;p=1250"},"modified":"2024-07-09T14:22:12","modified_gmt":"2024-07-09T06:22:12","slug":"wood-pellet-production-line","status":"publish","type":"product","link":"https:\/\/shuliywoodmachine.com\/fr\/product\/ligne-de-production-de-granules-de-bois\/","title":{"rendered":"Ligne compl\u00e8te de production de granul\u00e9s de bois pour la fabrication de granul\u00e9s de biomasse"},"content":{"rendered":"<p>La ligne de production de granul\u00e9s de bois est adapt\u00e9e \u00e0 la production de granul\u00e9s de bois de grande ou moyenne taille et se caract\u00e9rise par son rendement \u00e9lev\u00e9, ses bonnes performances et la possibilit\u00e9 de personnaliser l'ensemble de la ligne. Les mati\u00e8res premi\u00e8res utilis\u00e9es pour la production de granul\u00e9s de biomasse sont la paille, les copeaux de bois, les copeaux, la sciure de bois et diverses coques telles que les coques d'arachide, les coques de noix de coco et les balles de riz.<\/p>    <p>Les granul\u00e9s de bois produits sont largement divis\u00e9s en deux utilisations, l\u2019une destin\u00e9e \u00e0 l\u2019alimentation animale et l\u2019autre \u00e0 divers combustibles. Quel que soit le cas, dites-nous simplement ce dont vous avez besoin et notre responsable commercial vous proposera la meilleure solution pour vos besoins.<\/p>    <h2 class=\"wp-block-heading\"><strong>Liste des machines pour la ligne compl\u00e8te de production de granul\u00e9s de bois biomasse<\/strong><\/h2>    <div class=\"wp-block-media-text alignwide is-stacked-on-mobile\"><figure class=\"wp-block-media-text__media\"><img loading=\"lazy\" decoding=\"async\" width=\"720\" height=\"540\" src=\"https:\/\/shuliywoodmachine.com\/wp-content\/uploads\/2023\/01\/hammer-mill.webp\" alt=\"\" class=\"wp-image-1257 size-full\" title=\"\" srcset=\"https:\/\/shuliywoodmachine.com\/wp-content\/uploads\/2023\/01\/hammer-mill.webp 720w, https:\/\/shuliywoodmachine.com\/wp-content\/uploads\/2023\/01\/hammer-mill-300x225.webp 300w\" sizes=\"auto, (max-width: 720px) 100vw, 720px\" \/><\/figure><div class=\"wp-block-media-text__content\"> <p><strong><a href=\"https:\/\/shuliywoodmachine.com\/fr\/product\/broyeur-a-marteaux\/\" target=\"_blank\" rel=\"noreferrer noopener\">Broyeur \u00e0 marteaux<\/a><\/strong><\/p>    <p>\u2013 Broyage de diverses mati\u00e8res premi\u00e8res jusqu\u2019\u00e0 une certaine finesse pour l\u2019\u00e9tape suivante.<\/p>    <p>\u2013 Haute efficacit\u00e9, \u00e9conomie d\u2019\u00e9nergie et bonnes performances.<\/p>    <p>\u2013 Peut \u00eatre pulv\u00e9ris\u00e9 en une poudre plus fine, avec diff\u00e9rentes tailles de tamis selon les besoins du client<\/p> <\/div><\/div>    <p><\/p>    <div class=\"wp-block-media-text alignwide is-stacked-on-mobile\"><figure class=\"wp-block-media-text__media\"><img loading=\"lazy\" decoding=\"async\" width=\"720\" height=\"540\" src=\"https:\/\/shuliywoodmachine.com\/wp-content\/uploads\/2023\/01\/mixer-machine.webp\" alt=\"\" class=\"wp-image-1259 size-full\" title=\"\" srcset=\"https:\/\/shuliywoodmachine.com\/wp-content\/uploads\/2023\/01\/mixer-machine.webp 720w, https:\/\/shuliywoodmachine.com\/wp-content\/uploads\/2023\/01\/mixer-machine-300x225.webp 300w\" sizes=\"auto, (max-width: 720px) 100vw, 720px\" \/><\/figure><div class=\"wp-block-media-text__content\"> <p class=\"translation-block\"><strong>Machine de m\u00e9lange<\/strong><\/p>    <p>\u2013 M\u00e9langez bien les ingr\u00e9dients pour qu\u2019ils soient uniform\u00e9ment m\u00e9lang\u00e9s.<\/p>    <p>\u2013 \u00c9conome en main d\u2019\u0153uvre et hautement m\u00e9canis\u00e9.<\/p>    <p>\u2013 Le m\u00e9langeur peut \u00eatre s\u00e9lectionn\u00e9 en fonction de la sortie du client.<\/p> <\/div><\/div>    <p><\/p>    <div class=\"wp-block-media-text alignwide is-stacked-on-mobile\"><figure class=\"wp-block-media-text__media\"><img loading=\"lazy\" decoding=\"async\" width=\"720\" height=\"540\" src=\"https:\/\/shuliywoodmachine.com\/wp-content\/uploads\/2023\/01\/sawdust-drying-machine.webp\" alt=\"\" class=\"wp-image-1262 size-full\" title=\"\" srcset=\"https:\/\/shuliywoodmachine.com\/wp-content\/uploads\/2023\/01\/sawdust-drying-machine.webp 720w, https:\/\/shuliywoodmachine.com\/wp-content\/uploads\/2023\/01\/sawdust-drying-machine-300x225.webp 300w\" sizes=\"auto, (max-width: 720px) 100vw, 720px\" \/><\/figure><div class=\"wp-block-media-text__content\"> <p class=\"translation-block\"><strong>Machine de s\u00e9chage<\/strong><\/p>    <p>\u2013 R\u00e9duire l\u2019humidit\u00e9 contenue dans la mati\u00e8re premi\u00e8re en vue de la prochaine \u00e9tape de granulation.<\/p>    <p>\u2013 Le s\u00e9choir \u00e0 tambour permet un flux d\u2019air uniforme et un chauffage plus homog\u00e8ne.<\/p>    <p>\u2013 Le chauffage en option est \u00e0 la vapeur, au gaz et au fioul.<\/p> <\/div><\/div>    <p><\/p>    <div class=\"wp-block-media-text alignwide is-stacked-on-mobile\"><figure class=\"wp-block-media-text__media\"><img loading=\"lazy\" decoding=\"async\" width=\"720\" height=\"540\" src=\"https:\/\/shuliywoodmachine.com\/wp-content\/uploads\/2022\/11\/wood-pellets-machine.webp\" alt=\"machine \u00e0 granul\u00e9s de bois\" class=\"wp-image-1193 size-full\" title=\"\" srcset=\"https:\/\/shuliywoodmachine.com\/wp-content\/uploads\/2022\/11\/wood-pellets-machine.webp 720w, https:\/\/shuliywoodmachine.com\/wp-content\/uploads\/2022\/11\/wood-pellets-machine-300x225.webp 300w\" sizes=\"auto, (max-width: 720px) 100vw, 720px\" \/><\/figure><div class=\"wp-block-media-text__content\"> <p class=\"translation-block\"><strong>Machine de granulation de biomasse<\/strong><\/p>    <p>\u2013 Section centrale, utilis\u00e9e pour produire des granul\u00e9s de copeaux de bois.<\/p>    <p>\u2013 La sortie peut \u00eatre configur\u00e9e selon les besoins du client.<\/p>    <p>\u2013 Vitesse de production rapide et bonne qualit\u00e9 des granul\u00e9s de copeaux de bois produits.<\/p> <\/div><\/div>    <p><\/p>    <div class=\"wp-block-media-text alignwide is-stacked-on-mobile\"><figure class=\"wp-block-media-text__media\"><img loading=\"lazy\" decoding=\"async\" width=\"720\" height=\"540\" src=\"https:\/\/shuliywoodmachine.com\/wp-content\/uploads\/2023\/01\/cooling-tank.webp\" alt=\"\" class=\"wp-image-1264 size-full\" title=\"\" srcset=\"https:\/\/shuliywoodmachine.com\/wp-content\/uploads\/2023\/01\/cooling-tank.webp 720w, https:\/\/shuliywoodmachine.com\/wp-content\/uploads\/2023\/01\/cooling-tank-300x225.webp 300w\" sizes=\"auto, (max-width: 720px) 100vw, 720px\" \/><\/figure><div class=\"wp-block-media-text__content\"> <p class=\"translation-block\"><strong>Machine de refroidissement<\/strong><\/p>    <p>\u2013 Une fois les pellets produits, ils auront une certaine temp\u00e9rature et si vous attendez qu\u2019ils s\u00e8chent naturellement \u00e0 ce moment-l\u00e0, cela prendra plus de temps, vous avez donc besoin d\u2019une machine de refroidissement pour raccourcir le processus.<\/p>    <p>\u2013 Il est souvent utilis\u00e9 apr\u00e8s la machine \u00e0 pellets, dans la seconde moiti\u00e9 de toute la ligne de pellets de bois.<\/p> <\/div><\/div>    <p><\/p>    <div class=\"wp-block-media-text alignwide is-stacked-on-mobile\"><figure class=\"wp-block-media-text__media\"><img loading=\"lazy\" decoding=\"async\" width=\"720\" height=\"540\" src=\"https:\/\/shuliywoodmachine.com\/wp-content\/uploads\/2023\/01\/package-machine.webp\" alt=\"\" class=\"wp-image-1266 size-full\" title=\"\" srcset=\"https:\/\/shuliywoodmachine.com\/wp-content\/uploads\/2023\/01\/package-machine.webp 720w, https:\/\/shuliywoodmachine.com\/wp-content\/uploads\/2023\/01\/package-machine-300x225.webp 300w\" sizes=\"auto, (max-width: 720px) 100vw, 720px\" \/><\/figure><div class=\"wp-block-media-text__content\"> <p class=\"translation-block\"><strong>Machine d'emballage<\/strong><\/p>    <p>\u2013 Utilis\u00e9 dans l\u2019\u00e9tape finale de la ligne compl\u00e8te d\u2019usine de granul\u00e9s de bois pour emballer les granul\u00e9s.<\/p>    <p>\u2013 La gamme de conditionnement est de 5 \u00e0 50 kg, ensach\u00e9 selon les besoins et le poids de chaque sac peut \u00eatre ajust\u00e9.<\/p> <\/div><\/div>    <h2 class=\"wp-block-heading\"><strong>Processus de fabrication des granul\u00e9s de bois<\/strong><\/h2>    <p>Le processus de production de pellets peut \u00eatre divis\u00e9 en quatre \u00e9tapes au total : l'\u00e9tape de broyage efficace, l'\u00e9tape de s\u00e9chage, l'\u00e9tape d'extrusion des pellets et l'\u00e9tape de refroidissement et de conditionnement.<\/p>    <p>Broyage \u2013 Broyeur \u00e0 marteaux : cette machine est la machine principale pour effectuer le broyage des mat\u00e9riaux.<\/p>    <p>S\u00e9chage \u2013 Machine de s\u00e9chage de sciure : la machine sert \u00e0 s\u00e9cher les mati\u00e8res premi\u00e8res.<\/p>    <p>Extrusion de granul\u00e9s \u2013 Broyeur de granul\u00e9s : c\u2019est l\u2019\u00e9l\u00e9ment cl\u00e9 pour produire des granul\u00e9s de bois biomasse de haute qualit\u00e9.<\/p>    <p>Refroidissement et emballage \u2013 R\u00e9servoir de refroidissement et machine d'emballage : la derni\u00e8re \u00e9tape consiste \u00e0 emballer les granul\u00e9s de bois dans des sacs.<\/p>    <p>Bien entendu, dans ces processus, des bandes transporteuses, des cyclones, etc. sont \u00e9galement utilis\u00e9s. Il convient \u00e9galement \u00e0 la production de granul\u00e9s de bois \u00e0 petite \u00e9chelle. <\/p>    <h2 class=\"wp-block-heading\"><strong>Qu'est-ce qui affecte le prix de la ligne de production de granul\u00e9s de bois\u00a0?<\/strong><\/h2>    <p>En fait, l\u2019achat d\u2019une ligne de production de pellets est influenc\u00e9 par divers aspects, d\u00e9crits ci-dessous.<\/p>    <ul class=\"wp-block-list\"> <li><a href=\"https:\/\/shuliywoodmachine.com\/fr\/products\/wood-pellet-machine\/\" target=\"_blank\" rel=\"noreferrer noopener\">Moulins \u00e0 granul\u00e9s de copeaux de bois<\/a>. Il existe deux types d'usines de granul\u00e9s de copeaux de bois \u00e0 Shuliy, la <a href=\"https:\/\/taizyagromachine.com\/product\/animal-feed-pellet-machine\/\" target=\"_blank\" rel=\"noreferrer noopener\">broyeur \u00e0 granul\u00e9s \u00e0 fili\u00e8re plate<\/a> et le broyeur \u00e0 granul\u00e9s \u00e0 fili\u00e8re annulaire. Le prix du choix d\u2019un autre type de machine est bien entendu diff\u00e9rent.<\/li>    <li>Capacit\u00e9. La configuration de la ligne de production requise pour la production de granul\u00e9s de bois varie en fonction des diff\u00e9rents rendements. Le rendement de la machine choisie sera \u00e9galement tr\u00e8s diff\u00e9rent, ce qui affecte grandement le prix.<\/li>    <li>Mati\u00e8res premi\u00e8res. Si votre mati\u00e8re premi\u00e8re est constitu\u00e9e de copeaux de bois, vous pouvez utiliser un broyeur \u00e0 marteaux pour la broyer afin d'obtenir une sciure de bois plus fine. Cependant, si votre mati\u00e8re premi\u00e8re est des chutes de bois, vous aurez besoin d\u2019une d\u00e9chiqueteuse \u00e0 bois ou d\u2019une autre machine correspondante.<\/li> <\/ul>    <figure class=\"wp-block-gallery aligncenter has-nested-images columns-default is-cropped wp-block-gallery-2 is-layout-flex wp-block-gallery-is-layout-flex\"> <figure class=\"wp-block-image size-large\"><img loading=\"lazy\" decoding=\"async\" width=\"720\" height=\"540\" data-id=\"1101\" src=\"https:\/\/shuliywoodmachine.com\/wp-content\/uploads\/2022\/11\/wood-pellet-production-line.webp\" alt=\"ligne de production de granul\u00e9s de bois\" class=\"wp-image-1101\" title=\"\" srcset=\"https:\/\/shuliywoodmachine.com\/wp-content\/uploads\/2022\/11\/wood-pellet-production-line.webp 720w, https:\/\/shuliywoodmachine.com\/wp-content\/uploads\/2022\/11\/wood-pellet-production-line-300x225.webp 300w\" sizes=\"auto, (max-width: 720px) 100vw, 720px\" \/><figcaption class=\"wp-element-caption\">Ligne de production de granul\u00e9s de bois<\/figcaption><\/figure>    <figure class=\"wp-block-image size-large\"><img loading=\"lazy\" decoding=\"async\" width=\"720\" height=\"540\" data-id=\"1148\" src=\"https:\/\/shuliywoodmachine.com\/wp-content\/uploads\/2022\/11\/5t-per-hour-wood-pellet-production-line.webp\" alt=\"Ligne de production de granul\u00e9s de bois 5 t\/heure\" class=\"wp-image-1148\" title=\"\" srcset=\"https:\/\/shuliywoodmachine.com\/wp-content\/uploads\/2022\/11\/5t-per-hour-wood-pellet-production-line.webp 720w, https:\/\/shuliywoodmachine.com\/wp-content\/uploads\/2022\/11\/5t-per-hour-wood-pellet-production-line-300x225.webp 300w\" sizes=\"auto, (max-width: 720px) 100vw, 720px\" \/><figcaption class=\"wp-element-caption\">Ligne de production de granul\u00e9s de bois 5T\/heure<\/figcaption><\/figure> <\/figure>    <p>Ainsi, lors du choix d\u2019une ligne de production de granul\u00e9s de bois, veuillez nous faire part de vos besoins et nos professionnels vous recommanderont la configuration de machine adapt\u00e9e.<\/p>    <h2 class=\"wp-block-heading\"><strong>Projets r\u00e9ussis de la ligne de production de granul\u00e9s de bois \u00e0 vendre<\/strong><\/h2>    <p>La ligne de production de pellets de Shuliy est capable de produire des pellets de diff\u00e9rents volumes pour r\u00e9pondre aux diff\u00e9rents besoins de nos clients. Depuis que nous avons commenc\u00e9 \u00e0 vendre nos lignes de granul\u00e9s de bois, nous les avons export\u00e9es vers diff\u00e9rents pays tels que le Mexique, El Guado, l'Indon\u00e9sie, etc. Vous trouverez ci-dessous un exemple de ligne de granul\u00e9s de bois vendue en Indon\u00e9sie en 2022 pour votre r\u00e9f\u00e9rence.<\/p>    <figure class=\"wp-block-embed is-type-wp-embed is-provider-shuliy-wood wp-block-embed-shuliy-wood\"><div class=\"wp-block-embed__wrapper\"> <blockquote class=\"wp-embedded-content\" data-secret=\"AtvEjCEPja\"><a href=\"https:\/\/shuliywoodmachine.com\/fr\/Info\/biomass-pellets-production-line-indonesia\/\">Ligne de production de pellets de biomasse install\u00e9e en Indon\u00e9sie<\/a><\/blockquote><iframe loading=\"lazy\" class=\"wp-embedded-content\" sandbox=\"allow-scripts\" security=\"restricted\" style=\"position: absolute; clip: rect(1px, 1px, 1px, 1px);\" title=\"\u00abLigne de production de pellets de biomasse install\u00e9e en Indon\u00e9sie\u00bb \u2014 Shuliy Wood\" src=\"https:\/\/shuliywoodmachine.com\/Info\/biomass-pellets-production-line-indonesia\/embed\/#?secret=DBHdwxwLVq#?secret=AtvEjCEPja\" data-secret=\"AtvEjCEPja\" width=\"500\" height=\"282\" frameborder=\"0\" marginwidth=\"0\" marginheight=\"0\" scrolling=\"no\"><\/iframe> <\/div><\/figure>    <h2 class=\"wp-block-heading\"><strong>Vid\u00e9o de travail de la ligne de production automatique de granul\u00e9s de bois<\/strong><\/h2>    <figure class=\"wp-block-embed is-type-video is-provider-youtube wp-block-embed-youtube wp-embed-aspect-16-9 wp-has-aspect-ratio\"><div class=\"wp-block-embed__wrapper\"> <iframe loading=\"lazy\" title=\"Usine de machines de moulin \u00e0 granul\u00e9s de bois | Fabricant et fournisseur de machine \u00e0 granul\u00e9s de biomasse #biomasspellets\" width=\"500\" height=\"281\" src=\"https:\/\/www.youtube.com\/embed\/hlfrgLaW2jg?start=97&#038;feature=oembed\" frameborder=\"0\" allow=\"accelerometer; autoplay; clipboard-write; encrypted-media; gyroscope; picture-in-picture; web-share\" referrerpolicy=\"strict-origin-when-cross-origin\" allowfullscreen><\/iframe> <\/div><\/figure>","protected":false},"excerpt":{"rendered":"<p>The wood pellet production line is suitable for the production of large or medium-sized wood pellets and is characterized by its high efficiency, good performance, and the possibility of customizing the whole line. The raw materials used for the production of biomass pellets are straw, wood chips, shavings, sawdust, and various shells such as peanut [&hellip;]<\/p>\n","protected":false},"author":1,"featured_media":1251,"parent":0,"template":"","tags":[90,89,100],"product-type":[99],"class_list":["post-1250","product","type-product","status-publish","has-post-thumbnail","hentry","tag-wood-pellet-machine","tag-wood-pellet-mill","tag-wood-pellet-production-line","product-type-production-line"],"_links":{"self":[{"href":"https:\/\/shuliywoodmachine.com\/fr\/wp-json\/wp\/v2\/product\/1250","targetHints":{"allow":["GET"]}}],"collection":[{"href":"https:\/\/shuliywoodmachine.com\/fr\/wp-json\/wp\/v2\/product"}],"about":[{"href":"https:\/\/shuliywoodmachine.com\/fr\/wp-json\/wp\/v2\/types\/product"}],"author":[{"embeddable":true,"href":"https:\/\/shuliywoodmachine.com\/fr\/wp-json\/wp\/v2\/users\/1"}],"wp:featuredmedia":[{"embeddable":true,"href":"https:\/\/shuliywoodmachine.com\/fr\/wp-json\/wp\/v2\/media\/1251"}],"wp:attachment":[{"href":"https:\/\/shuliywoodmachine.com\/fr\/wp-json\/wp\/v2\/media?parent=1250"}],"wp:term":[{"taxonomy":"post_tag","embeddable":true,"href":"https:\/\/shuliywoodmachine.com\/fr\/wp-json\/wp\/v2\/tags?post=1250"},{"taxonomy":"product-type","embeddable":true,"href":"https:\/\/shuliywoodmachine.com\/fr\/wp-json\/wp\/v2\/product-type?post=1250"}],"curies":[{"name":"wp","href":"https:\/\/api.w.org\/{rel}","templated":true}]}}