{"id":1345,"date":"2023-01-17T17:16:01","date_gmt":"2023-01-17T09:16:01","guid":{"rendered":"https:\/\/shuliywoodmachine.com\/?post_type=product&#038;p=1345"},"modified":"2024-07-10T09:39:31","modified_gmt":"2024-07-10T01:39:31","slug":"wood-pallet-block-production-line","status":"publish","type":"product","link":"https:\/\/shuliywoodmachine.com\/fr\/product\/ligne-de-production-de-blocs-de-palettes-en-bois\/","title":{"rendered":"Ligne de production de blocs de palettes en bois comprim\u00e9"},"content":{"rendered":"<p class=\"translation-block\">This <strong>wood pallet block production line<\/strong> is processing sawdust, wood shavings, wood chips, etc. into wooden pallet blocks through high temperature and pressure. <\/p>    <p>Il existe une exigence relative aux mati\u00e8res premi\u00e8res utilis\u00e9es pour fabriquer des blocs de sciure de bois. L'humidit\u00e9 doit \u00eatre inf\u00e9rieure \u00e0 10%. <\/p>    <p>Le produit final est le bloc de bois avec ou sans trou. Il a des tailles communes et europ\u00e9ennes (75*75 mm, 80*80 mm, 90*90 mm, 90*120 mm, 100*100 mm, 100*115 mm, 100*140 mm, 140*140 mm, \u00e9galement personnalisables). <\/p>    <p>Les blocs de bois sont largement utilis\u00e9s dans les domaines des palettes en bois, de l'emballage, de la construction, etc. Cette ligne peut utiliser efficacement les d\u00e9chets de bois, ce qui est \u00e9cologique et \u00e9conomique.<\/p>    <figure class=\"wp-block-gallery aligncenter has-nested-images columns-default is-cropped wp-block-gallery-2 is-layout-flex wp-block-gallery-is-layout-flex\"> <figure class=\"wp-block-image size-large\"><img loading=\"lazy\" decoding=\"async\" width=\"720\" height=\"540\" data-id=\"1359\" src=\"https:\/\/shuliywoodmachine.com\/wp-content\/uploads\/2023\/01\/wood-blocks-with-a-hole-or-without-a-hole.webp\" alt=\"blocs de bois avec\/sans trou \" class=\"wp-image-1359\" title=\"\" srcset=\"https:\/\/shuliywoodmachine.com\/wp-content\/uploads\/2023\/01\/wood-blocks-with-a-hole-or-without-a-hole.webp 720w, https:\/\/shuliywoodmachine.com\/wp-content\/uploads\/2023\/01\/wood-blocks-with-a-hole-or-without-a-hole-300x225.webp 300w\" sizes=\"auto, (max-width: 720px) 100vw, 720px\" \/><figcaption class=\"wp-element-caption\">Blocs de bois avec\/sans trou <\/figcaption><\/figure>    <figure class=\"wp-block-image size-large\"><img loading=\"lazy\" decoding=\"async\" width=\"720\" height=\"540\" data-id=\"1361\" src=\"https:\/\/shuliywoodmachine.com\/wp-content\/uploads\/2023\/01\/wood-blocks.webp\" alt=\"blocs de bois\" class=\"wp-image-1361\" title=\"\" srcset=\"https:\/\/shuliywoodmachine.com\/wp-content\/uploads\/2023\/01\/wood-blocks.webp 720w, https:\/\/shuliywoodmachine.com\/wp-content\/uploads\/2023\/01\/wood-blocks-300x225.webp 300w\" sizes=\"auto, (max-width: 720px) 100vw, 720px\" \/><figcaption class=\"wp-element-caption\">Blocs de bois<\/figcaption><\/figure>    <figure class=\"wp-block-image size-large\"><img loading=\"lazy\" decoding=\"async\" width=\"720\" height=\"540\" data-id=\"1360\" src=\"https:\/\/shuliywoodmachine.com\/wp-content\/uploads\/2023\/01\/wooden-blocks.webp\" alt=\"blocs de bois\" class=\"wp-image-1360\" title=\"\" srcset=\"https:\/\/shuliywoodmachine.com\/wp-content\/uploads\/2023\/01\/wooden-blocks.webp 720w, https:\/\/shuliywoodmachine.com\/wp-content\/uploads\/2023\/01\/wooden-blocks-300x225.webp 300w\" sizes=\"auto, (max-width: 720px) 100vw, 720px\" \/><figcaption class=\"wp-element-caption\">Blocs de bois<\/figcaption><\/figure> <\/figure>    <h2 class=\"wp-block-heading\"><strong>Vid\u00e9o de travail de la ligne de production de blocs de palettes en bois<\/strong><\/h2>    <p class=\"translation-block\">By watching this video, you will know that the equipment included in the wood pallet block production line. The equipment shown in the video has <strong>glue mixer\u2192wooden block making machine\u2192cutting machine<\/strong>.<\/p>    <figure class=\"wp-block-embed is-type-video is-provider-youtube wp-block-embed-youtube wp-embed-aspect-16-9 wp-has-aspect-ratio\"><div class=\"wp-block-embed__wrapper\"> <iframe loading=\"lazy\" title=\"Ligne de production de blocs de palettes en bois - Machine de presse \u00e0 chaud de blocs de bois de sciure de bois compress\u00e9e #woodblock\" width=\"500\" height=\"281\" src=\"https:\/\/www.youtube.com\/embed\/PPJ93KzPpMs?feature=oembed\" frameborder=\"0\" allow=\"accelerometer; autoplay; clipboard-write; encrypted-media; gyroscope; picture-in-picture; web-share\" referrerpolicy=\"strict-origin-when-cross-origin\" allowfullscreen><\/iframe> <\/div><figcaption class=\"wp-element-caption\">vid\u00e9o sur la fa\u00e7on de fabriquer efficacement des blocs de palettes en bois<\/figcaption><\/figure>    <h2 class=\"wp-block-heading\"><strong>\u00c9quipement utilis\u00e9 pour la cha\u00eene de production de blocs de palettes en bois comprim\u00e9<\/strong><\/h2>    <p>Il existe diff\u00e9rentes combinaisons de la gamme de machines de fabrication de blocs de sciure de bois. Ce qui suit prendra la configuration de production de blocs de bois de 90 * 90 mm comme exemple \u00e0 pr\u00e9senter.<\/p>    <p class=\"translation-block\"><strong>Hammer mill crusher<\/strong><\/p>    <figure class=\"wp-block-gallery aligncenter has-nested-images columns-default is-cropped wp-block-gallery-3 is-layout-flex wp-block-gallery-is-layout-flex\"> <figure class=\"wp-block-image size-large\"><img loading=\"lazy\" decoding=\"async\" width=\"720\" height=\"540\" data-id=\"1257\" src=\"https:\/\/shuliywoodmachine.com\/wp-content\/uploads\/2023\/01\/hammer-mill.webp\" alt=\"broyeur \u00e0 marteaux\" class=\"wp-image-1257\" title=\"\" srcset=\"https:\/\/shuliywoodmachine.com\/wp-content\/uploads\/2023\/01\/hammer-mill.webp 720w, https:\/\/shuliywoodmachine.com\/wp-content\/uploads\/2023\/01\/hammer-mill-300x225.webp 300w\" sizes=\"auto, (max-width: 720px) 100vw, 720px\" \/><figcaption class=\"wp-element-caption\">Broyeur \u00e0 marteaux<\/figcaption><\/figure>    <figure class=\"wp-block-image size-large\"><img loading=\"lazy\" decoding=\"async\" width=\"720\" height=\"540\" data-id=\"800\" src=\"https:\/\/shuliywoodmachine.com\/wp-content\/uploads\/2022\/09\/coal-crusher-hammer.webp\" alt=\"marteau de broyeur de charbon\" class=\"wp-image-800\" title=\"\" srcset=\"https:\/\/shuliywoodmachine.com\/wp-content\/uploads\/2022\/09\/coal-crusher-hammer.webp 720w, https:\/\/shuliywoodmachine.com\/wp-content\/uploads\/2022\/09\/coal-crusher-hammer-300x225.webp 300w\" sizes=\"auto, (max-width: 720px) 100vw, 720px\" \/><figcaption class=\"wp-element-caption\">Marteau de broyeur de charbon<\/figcaption><\/figure> <\/figure>    <p class=\"translation-block\">Because the wood waste size varies, and the size for the wood pallet block production is around 1cm, a <a href=\"https:\/\/shuliywoodmachine.com\/fr\/product\/broyeur-a-marteaux\/\">hammer mill shredder<\/a> is required.<\/p>    <figure class=\"wp-block-table\"><table><tbody><tr><td>Mod\u00e8le<\/td><td>SL-600<\/td><\/tr><tr><td>Taille d'alimentation d'entr\u00e9e<\/td><td>180*180mm<\/td><\/tr><tr><td>Capacit\u00e9<\/td><td>800-1000kg\/heure<\/td><\/tr><tr><td>Pouvoir<\/td><td>30kw<\/td><\/tr><\/tbody><\/table><figcaption class=\"wp-element-caption\">sp\u00e9cifications du broyeur \u00e0 marteaux<\/figcaption><\/figure>    <p class=\"translation-block\"><strong>Dryer machine<\/strong><\/p>   <div class=\"wp-block-image\"> <figure class=\"aligncenter size-full\"><img loading=\"lazy\" decoding=\"async\" width=\"720\" height=\"540\" src=\"https:\/\/shuliywoodmachine.com\/wp-content\/uploads\/2023\/01\/sawdust-drying-machine.webp\" alt=\"machine de s\u00e9chage de sciure de bois\" class=\"wp-image-1262\" title=\"\" srcset=\"https:\/\/shuliywoodmachine.com\/wp-content\/uploads\/2023\/01\/sawdust-drying-machine.webp 720w, https:\/\/shuliywoodmachine.com\/wp-content\/uploads\/2023\/01\/sawdust-drying-machine-300x225.webp 300w\" sizes=\"auto, (max-width: 720px) 100vw, 720px\" \/><figcaption class=\"wp-element-caption\">machine de s\u00e9chage de sciure de bois<\/figcaption><\/figure> <\/div>   <p>La teneur en humidit\u00e9 des mat\u00e9riaux concass\u00e9s pour fabriquer des blocs de bois doit \u00eatre inf\u00e9rieure \u00e0 10%. La machine de s\u00e9chage de sciure de bois est appliqu\u00e9e.<\/p>    <figure class=\"wp-block-table\"><table><tbody><tr><td>Mod\u00e8le<\/td><td>SL-2<\/td><\/tr><tr><td>Moteur<\/td><td>5,5 kW<\/td><\/tr><tr><td>Capacit\u00e9<\/td><td>500-600 kg\/heure<\/td><\/tr><\/tbody><\/table><figcaption class=\"wp-element-caption\">param\u00e8tres techniques de la machine de s\u00e9chage de sciure de bois<\/figcaption><\/figure>    <p class=\"translation-block\"><strong>Glue mixer<\/strong><\/p>    <figure class=\"wp-block-gallery aligncenter has-nested-images columns-default is-cropped wp-block-gallery-4 is-layout-flex wp-block-gallery-is-layout-flex\"> <figure class=\"wp-block-image size-large\"><img loading=\"lazy\" decoding=\"async\" width=\"720\" height=\"540\" data-id=\"1354\" src=\"https:\/\/shuliywoodmachine.com\/wp-content\/uploads\/2023\/01\/glue-mixer-for-wooden-bloks-production.webp\" alt=\"m\u00e9langeur de colle pour la production de blocs de bois\" class=\"wp-image-1354\" title=\"\" srcset=\"https:\/\/shuliywoodmachine.com\/wp-content\/uploads\/2023\/01\/glue-mixer-for-wooden-bloks-production.webp 720w, https:\/\/shuliywoodmachine.com\/wp-content\/uploads\/2023\/01\/glue-mixer-for-wooden-bloks-production-300x225.webp 300w\" sizes=\"auto, (max-width: 720px) 100vw, 720px\" \/><figcaption class=\"wp-element-caption\">M\u00e9langeur de colle pour la production de blocs de bois<\/figcaption><\/figure>    <figure class=\"wp-block-image size-large\"><img loading=\"lazy\" decoding=\"async\" width=\"720\" height=\"540\" data-id=\"1355\" src=\"https:\/\/shuliywoodmachine.com\/wp-content\/uploads\/2023\/01\/glue-mixer.webp\" alt=\"m\u00e9langeur de colle\" class=\"wp-image-1355\" title=\"\" srcset=\"https:\/\/shuliywoodmachine.com\/wp-content\/uploads\/2023\/01\/glue-mixer.webp 720w, https:\/\/shuliywoodmachine.com\/wp-content\/uploads\/2023\/01\/glue-mixer-300x225.webp 300w\" sizes=\"auto, (max-width: 720px) 100vw, 720px\" \/><figcaption class=\"wp-element-caption\">M\u00e9langeur de colle<\/figcaption><\/figure> <\/figure>    <p>Avant de presser \u00e0 chaud des blocs de bois, il est n\u00e9cessaire de m\u00e9langer la colle et les d\u00e9chets de bois transform\u00e9s. <\/p>    <p>Dans la cha\u00eene de production de blocs de palettes en bois press\u00e9, c\u2019est important car le bois lui-m\u00eame n\u2019est pas collant, il faut ajouter de la colle pour le collage.<\/p>    <figure class=\"wp-block-table\"><table><tbody><tr><td>Marque<\/td><td>Shuliy<\/td><\/tr><tr><td>Moteur<\/td><td>7,5 kW<\/td><\/tr><tr><td>Capacit\u00e9<\/td><td>1800kg\/heure<\/td><\/tr><tr><td>Dimension<\/td><td>1500*1000*130mm<\/td><\/tr><\/tbody><\/table><figcaption class=\"wp-element-caption\">Param\u00e8tres du m\u00e9langeur de colle<\/figcaption><\/figure>    <p class=\"translation-block\"><strong>Wooden pallet block making machine<\/strong><\/p>    <figure class=\"wp-block-gallery aligncenter has-nested-images columns-default is-cropped wp-block-gallery-5 is-layout-flex wp-block-gallery-is-layout-flex\"> <figure class=\"wp-block-image size-full\"><img loading=\"lazy\" decoding=\"async\" width=\"720\" height=\"540\" data-id=\"1351\" src=\"https:\/\/shuliywoodmachine.com\/wp-content\/uploads\/2023\/01\/wooden-block-making-machine-with-square-hoppers.webp\" alt=\"machine de fabrication de blocs de bois avec tr\u00e9mies carr\u00e9es\" class=\"wp-image-1351\" title=\"\" srcset=\"https:\/\/shuliywoodmachine.com\/wp-content\/uploads\/2023\/01\/wooden-block-making-machine-with-square-hoppers.webp 720w, https:\/\/shuliywoodmachine.com\/wp-content\/uploads\/2023\/01\/wooden-block-making-machine-with-square-hoppers-300x225.webp 300w\" sizes=\"auto, (max-width: 720px) 100vw, 720px\" \/><figcaption class=\"wp-element-caption\">Machine de fabrication de blocs en bois avec tr\u00e9mies carr\u00e9es<\/figcaption><\/figure>    <figure class=\"wp-block-image size-full\"><img loading=\"lazy\" decoding=\"async\" width=\"720\" height=\"540\" data-id=\"1349\" src=\"https:\/\/shuliywoodmachine.com\/wp-content\/uploads\/2023\/01\/compressed-wood-block-making-machine-with-round-hoppers.webp\" alt=\"machine de fabrication de blocs de bois comprim\u00e9 avec tr\u00e9mies rondes\" class=\"wp-image-1349\" title=\"\" srcset=\"https:\/\/shuliywoodmachine.com\/wp-content\/uploads\/2023\/01\/compressed-wood-block-making-machine-with-round-hoppers.webp 720w, https:\/\/shuliywoodmachine.com\/wp-content\/uploads\/2023\/01\/compressed-wood-block-making-machine-with-round-hoppers-300x225.webp 300w\" sizes=\"auto, (max-width: 720px) 100vw, 720px\" \/><figcaption class=\"wp-element-caption\">Machine de fabrication de blocs de bois comprim\u00e9 avec tr\u00e9mies rondes<\/figcaption><\/figure> <\/figure>    <p class=\"translation-block\">After glue mixing, you should choose a suitable <a href=\"https:\/\/shuliywoodmachine.com\/fr\/product\/machine-de-fabrication-de-blocs-de-bois\/\">sawdust block making machine<\/a> to produce high-quality wood blocks.<\/p>    <figure class=\"wp-block-table\"><table><tbody><tr><td>Nom de la machine<\/td><td>Machine de fabrication de blocs de palettes \u00e0 quatre t\u00eates<\/td><\/tr><tr><td>Taille<\/td><td>90*90mm (personnalisable)<\/td><\/tr><tr><td>Moteur<\/td><td>15-18kw<\/td><\/tr><tr><td>Capacit\u00e9<\/td><td>4m\u00b3\/24h (diff\u00e9rent pour diff\u00e9rents mat\u00e9riaux)<\/td><\/tr><tr><td>Densit\u00e9<\/td><td>550-600kg\/m\u00b3<\/td><\/tr><tr><td>Consommation de mati\u00e8re<\/td><td>550-600kg\/m\u00b3 (copeaux de bois, sciure de bois)<\/td><\/tr><tr><td>Consommation de colle<\/td><td>80-100kg\/m\u00b3<\/td><\/tr><tr><td>Contr\u00f4le de la temp\u00e9rature<\/td><td>PID<\/td><\/tr><tr><td>Dimension<\/td><td>4800*760*1300mm<\/td><\/tr><tr><td>Poids<\/td><td>1300 kg<\/td><\/tr><\/tbody><\/table><figcaption class=\"wp-element-caption\">Sp\u00e9cifications de la machine de fabrication de blocs de palettes en bois<\/figcaption><\/figure>    <p class=\"translation-block\"><strong>Automatic cutting machine<\/strong><\/p>    <figure class=\"wp-block-gallery aligncenter has-nested-images columns-default is-cropped wp-block-gallery-6 is-layout-flex wp-block-gallery-is-layout-flex\"> <figure class=\"wp-block-image size-full\"><img loading=\"lazy\" decoding=\"async\" width=\"720\" height=\"540\" data-id=\"1353\" src=\"https:\/\/shuliywoodmachine.com\/wp-content\/uploads\/2023\/01\/manual-blocks-cutter.webp\" alt=\"coupeuse manuelle pour blocs de palettes \" class=\"wp-image-1353\" title=\"\" srcset=\"https:\/\/shuliywoodmachine.com\/wp-content\/uploads\/2023\/01\/manual-blocks-cutter.webp 720w, https:\/\/shuliywoodmachine.com\/wp-content\/uploads\/2023\/01\/manual-blocks-cutter-300x225.webp 300w\" sizes=\"auto, (max-width: 720px) 100vw, 720px\" \/><figcaption class=\"wp-element-caption\">Coupeur manuel pour blocs de palettes <\/figcaption><\/figure>    <figure class=\"wp-block-image size-full\"><img loading=\"lazy\" decoding=\"async\" width=\"720\" height=\"540\" data-id=\"1352\" src=\"https:\/\/shuliywoodmachine.com\/wp-content\/uploads\/2023\/01\/automatic-block-cutter.webp\" alt=\"coupe-blocs automatique\" class=\"wp-image-1352\" title=\"\" srcset=\"https:\/\/shuliywoodmachine.com\/wp-content\/uploads\/2023\/01\/automatic-block-cutter.webp 720w, https:\/\/shuliywoodmachine.com\/wp-content\/uploads\/2023\/01\/automatic-block-cutter-300x225.webp 300w\" sizes=\"auto, (max-width: 720px) 100vw, 720px\" \/><figcaption class=\"wp-element-caption\">Coupeur de blocs automatique<\/figcaption><\/figure> <\/figure>    <p>Lorsque les blocs de bois (avec ou sans trou) sont pr\u00eats, la machine \u00e0 d\u00e9couper doit \u00eatre utilis\u00e9e.<\/p>    <p>Il peut couper des blocs de palettes en bois aux longueurs requises, faciles \u00e0 utiliser et \u00e0 vendre.<\/p>    <figure class=\"wp-block-table\"><table><tbody><tr><td>Mod\u00e8le<\/td><td>SL-1800<\/td><\/tr><tr><td>Pouvoir<\/td><td>5,5 kW<\/td><\/tr><tr><td>Dimension<\/td><td>1600*1200*1300mm<\/td><\/tr><tr><td>Poids<\/td><td>300 kg<\/td><\/tr><tr><td>Diam\u00e8tre de scie<\/td><td>400mm<\/td><\/tr><tr><td>Capacit\u00e9<\/td><td>1800 pi\u00e8ces\/heure<\/td><\/tr><tr><td>La longueur de coupe<\/td><td>Ajustable<\/td><\/tr><\/tbody><\/table><figcaption class=\"wp-element-caption\">donn\u00e9es techniques du coupeur automatique<\/figcaption><\/figure>    <h2 class=\"wp-block-heading\"><strong>Points forts de la ligne de production de blocs de palettes en sciure de bois<\/strong><\/h2>    <ul class=\"wp-block-list\"> <li><strong>Haute automatisation<\/strong>. La ligne de production de blocs de palettes en bois Shuliy fonctionne \u00e0 l'aide d'un m\u00e9canisme et 2 \u00e0 3 personnes suffisent pour faire fonctionner toute la ligne. <\/li>    <li><strong>Le recyclage des d\u00e9chets<\/strong>. Les mati\u00e8res premi\u00e8res utilis\u00e9es dans cette ligne sont des d\u00e9chets de bois, <a href=\"https:\/\/en.wikipedia.org\/wiki\/Woodchips\" target=\"_blank\" rel=\"noreferrer noopener\">les copeaux de bois<\/a>, copeaux de bois et chutes de bois, qui sont recycl\u00e9s pour la production de blocs de sciure.<\/li>    <li><strong>Production de blocs aux normes r\u00e9guli\u00e8res et europ\u00e9ennes<\/strong>. Notre ligne peut produire diff\u00e9rentes tailles de blocs de bois, telles que 80*80 mm, 90*90 mm, 90*120 mm, 100*100 mm, 100*115 mm, etc. Le bloc qui d\u00e9passe 100 mm est une norme europ\u00e9enne.<\/li>    <li><strong>S\u00e9lection flexible des machines<\/strong>.  <ul class=\"wp-block-list\"> <li>Selon la taille et l'humidit\u00e9 des mati\u00e8res premi\u00e8res, vous pouvez trouver de mani\u00e8re flexible le broyeur et le s\u00e9choir \u00e0 bois.<\/li>    <li>Selon votre budget et vos besoins, vous choisissez en toute flexibilit\u00e9 la d\u00e9coupeuse manuelle ou automatique.<\/li> <\/ul> <\/li> <\/ul>    <figure class=\"wp-block-gallery aligncenter has-nested-images columns-default is-cropped wp-block-gallery-7 is-layout-flex wp-block-gallery-is-layout-flex\"> <figure class=\"wp-block-image size-large\"><img loading=\"lazy\" decoding=\"async\" width=\"720\" height=\"540\" data-id=\"1367\" src=\"https:\/\/shuliywoodmachine.com\/wp-content\/uploads\/2023\/01\/pallet-block-hot-press-machine-manufacturer.webp\" alt=\"Fabricant de presse \u00e0 chaud pour blocs de palettes\" class=\"wp-image-1367\" title=\"\" srcset=\"https:\/\/shuliywoodmachine.com\/wp-content\/uploads\/2023\/01\/pallet-block-hot-press-machine-manufacturer.webp 720w, https:\/\/shuliywoodmachine.com\/wp-content\/uploads\/2023\/01\/pallet-block-hot-press-machine-manufacturer-300x225.webp 300w\" sizes=\"auto, (max-width: 720px) 100vw, 720px\" \/><figcaption class=\"wp-element-caption\">Fabricant de presse \u00e0 chaud pour blocs de palettes<\/figcaption><\/figure>    <figure class=\"wp-block-image size-full\"><img loading=\"lazy\" decoding=\"async\" width=\"720\" height=\"540\" data-id=\"1368\" src=\"https:\/\/shuliywoodmachine.com\/wp-content\/uploads\/2023\/01\/sawdust-wood-pallet-block-making-machine.webp\" alt=\"Machine de fabrication de blocs de palettes en bois de sciure de bois\" class=\"wp-image-1368\" title=\"\" srcset=\"https:\/\/shuliywoodmachine.com\/wp-content\/uploads\/2023\/01\/sawdust-wood-pallet-block-making-machine.webp 720w, https:\/\/shuliywoodmachine.com\/wp-content\/uploads\/2023\/01\/sawdust-wood-pallet-block-making-machine-300x225.webp 300w\" sizes=\"auto, (max-width: 720px) 100vw, 720px\" \/><figcaption class=\"wp-element-caption\">Machine de fabrication de blocs de palettes en bois de sciure de bois<\/figcaption><\/figure> <\/figure>    <h2 class=\"wp-block-heading\"><strong>Qui est int\u00e9ress\u00e9 \u00e0 investir dans la production de blocs de palettes en bois ?<\/strong><\/h2>    <p>Les clients qui investissent dans la ligne de production de blocs de palettes en bois Shuliy se r\u00e9partissent g\u00e9n\u00e9ralement en deux cat\u00e9gories\u00a0:<\/p>    <ul class=\"wp-block-list\"> <li><strong>\u00c9limination personnelle des restes de bois<\/strong>. Ce type de client poss\u00e8de g\u00e9n\u00e9ralement ses propres usines de transformation du bois et souhaite utiliser les chutes pour g\u00e9n\u00e9rer des revenus.<\/li>    <li><strong>Clients dont l'activit\u00e9 est la production et la vente de blocs de bois<\/strong>. Ces clients sont sp\u00e9cialis\u00e9s dans ce m\u00e9tier.<\/li> <\/ul>    <h2 class=\"wp-block-heading\"><strong>Comment gagner de l\u2019argent en fabriquant des blocs de bois ?<\/strong><\/h2>    <p>\u00c9tant donn\u00e9 que la mati\u00e8re premi\u00e8re pour la production de blocs de bois est constitu\u00e9e de d\u00e9chets de bois destin\u00e9s \u00e0 \u00eatre \u00e9limin\u00e9s, leur reproduction est d\u00e9j\u00e0 rentable.<\/p>    <p>De plus, les blocs produits sont largement utilis\u00e9s dans les supermarch\u00e9s et la logistique. La vente commerciale augmente le profit.<\/p>   <div class=\"wp-block-image\"> <figure class=\"aligncenter size-full\"><img loading=\"lazy\" decoding=\"async\" width=\"720\" height=\"300\" src=\"https:\/\/shuliywoodmachine.com\/wp-content\/uploads\/2023\/01\/usage-of-the-wooden-blocks.webp\" alt=\"utilisation des blocs de bois\" class=\"wp-image-1363\" title=\"\" srcset=\"https:\/\/shuliywoodmachine.com\/wp-content\/uploads\/2023\/01\/usage-of-the-wooden-blocks.webp 720w, https:\/\/shuliywoodmachine.com\/wp-content\/uploads\/2023\/01\/usage-of-the-wooden-blocks-300x125.webp 300w\" sizes=\"auto, (max-width: 720px) 100vw, 720px\" \/><figcaption class=\"wp-element-caption\">utilisation des blocs de bois<\/figcaption><\/figure> <\/div>   <h2 class=\"wp-block-heading\"><strong>Services propos\u00e9s par Shuliy Machinery<\/strong><\/h2>    <ul class=\"wp-block-list\"> <li><strong>Service avant-vente, sur-vente et apr\u00e8s-vente<\/strong> <ul class=\"wp-block-list\"> <li><strong>Service de pr\u00e9-vente<\/strong> <ul class=\"wp-block-list\"> <li>Service en ligne 24 heures sur 24<\/li>    <li>Nous pouvons vous fournir une conception de projet, une conception de processus et un programme d\u2019achat adapt\u00e9. Concevoir et fabriquer des produits en fonction de vos besoins sp\u00e9cifiques.\u00a0<\/li> <\/ul> <\/li>    <li><strong>Service de vente<\/strong> <ul class=\"wp-block-list\"> <li>Vous accompagner pour visiter notre usine, vous expliquer le processus de fabrication de nos machines et v\u00e9rifier les performances de fonctionnement de notre machine.<\/li> <\/ul> <\/li>    <li><strong>Service apr\u00e8s-vente<\/strong> <ul class=\"wp-block-list\"> <li>Conseils d'installation<\/li>    <li>R\u00e9solvez les probl\u00e8mes \u00e0 temps. Si vous rencontrez des probl\u00e8mes lors de l'utilisation de la machine, veuillez nous contacter \u00e0 tout moment.<\/li> <\/ul> <\/li> <\/ul> <\/li>    <li><strong>Ing\u00e9nieur de r\u00e9partition pour guider l\u2019installation<\/strong> <ul class=\"wp-block-list\"> <li>Selon les exigences du client, nous enverrons des ing\u00e9nieurs pour guider l\u2019installation et former au fonctionnement de la ligne de production de blocs de palettes en bois comprim\u00e9.<\/li> <\/ul> <\/li>    <li><strong>Service de personnalisation<\/strong> <ul class=\"wp-block-list\"> <li>Vous pouvez nous envoyer vos \u00e9chantillons de mat\u00e9riaux de rebut et nous testerons la machine pour vous sans facturer de frais. Et nous pouvons personnaliser la machine pour r\u00e9pondre \u00e0 vos exigences de production.<\/li> <\/ul> <\/li> <\/ul>   <div class=\"wp-block-image\"> <figure class=\"aligncenter size-full\"><img loading=\"lazy\" decoding=\"async\" width=\"720\" height=\"540\" src=\"https:\/\/shuliywoodmachine.com\/wp-content\/uploads\/2022\/09\/commercial-sawdust-block-making-machine.webp\" alt=\"machine commerciale de fabrication de blocs de sciure de bois\" class=\"wp-image-1004\" title=\"\" srcset=\"https:\/\/shuliywoodmachine.com\/wp-content\/uploads\/2022\/09\/commercial-sawdust-block-making-machine.webp 720w, https:\/\/shuliywoodmachine.com\/wp-content\/uploads\/2022\/09\/commercial-sawdust-block-making-machine-300x225.webp 300w\" sizes=\"auto, (max-width: 720px) 100vw, 720px\" \/><figcaption class=\"wp-element-caption\">machine commerciale de fabrication de blocs de sciure de bois<\/figcaption><\/figure> <\/div>   <p>Si vous \u00eates int\u00e9ress\u00e9 par la ligne de production de blocs de palettes en bois, veuillez nous contacter. Nous vous proposerons la meilleure solution en fonction de vos besoins.<\/p>","protected":false},"excerpt":{"rendered":"<p>La ligne de production de blocs de palettes en bois transforme la sciure de bois, les copeaux de bois, les copeaux de bois, etc. en blocs de palettes en bois \u00e0 haute temp\u00e9rature et pression. <\/p>","protected":false},"author":1,"featured_media":1346,"parent":0,"template":"","tags":[87,151,104,150],"product-type":[99],"class_list":["post-1345","product","type-product","status-publish","has-post-thumbnail","hentry","tag-wood-block-making-machine","tag-wood-blocks","tag-wood-pallet-block-production-line","tag-wood-pallet-blocks","product-type-production-line"],"_links":{"self":[{"href":"https:\/\/shuliywoodmachine.com\/fr\/wp-json\/wp\/v2\/product\/1345","targetHints":{"allow":["GET"]}}],"collection":[{"href":"https:\/\/shuliywoodmachine.com\/fr\/wp-json\/wp\/v2\/product"}],"about":[{"href":"https:\/\/shuliywoodmachine.com\/fr\/wp-json\/wp\/v2\/types\/product"}],"author":[{"embeddable":true,"href":"https:\/\/shuliywoodmachine.com\/fr\/wp-json\/wp\/v2\/users\/1"}],"wp:featuredmedia":[{"embeddable":true,"href":"https:\/\/shuliywoodmachine.com\/fr\/wp-json\/wp\/v2\/media\/1346"}],"wp:attachment":[{"href":"https:\/\/shuliywoodmachine.com\/fr\/wp-json\/wp\/v2\/media?parent=1345"}],"wp:term":[{"taxonomy":"post_tag","embeddable":true,"href":"https:\/\/shuliywoodmachine.com\/fr\/wp-json\/wp\/v2\/tags?post=1345"},{"taxonomy":"product-type","embeddable":true,"href":"https:\/\/shuliywoodmachine.com\/fr\/wp-json\/wp\/v2\/product-type?post=1345"}],"curies":[{"name":"wp","href":"https:\/\/api.w.org\/{rel}","templated":true}]}}