{"id":220,"date":"2022-07-12T02:18:16","date_gmt":"2022-07-12T02:18:16","guid":{"rendered":"https:\/\/shuliywoodmachine.com\/?post_type=product&#038;p=220"},"modified":"2025-04-14T16:37:03","modified_gmt":"2025-04-14T08:37:03","slug":"drum-chipper-wood-chipping-machine","status":"publish","type":"product","link":"https:\/\/shuliywoodmachine.com\/fr\/product\/drum-chipper-wood-chipping-machine\/","title":{"rendered":"D\u00e9chiqueteuse \u00e0 tambour | Machine \u00e0 d\u00e9chiqueter le bois"},"content":{"rendered":"<p class=\"translation-block\">Ce <strong>broyeur \u00e0 tambour<\/strong> est con\u00e7u pour couper des b\u00fbches, des branches, des planches, des placages en d\u00e9chet, du bambou, etc. en petits copeaux de bois r\u00e9guliers de taille 25 mm (ajustable). Il peut traiter des d\u00e9chets de bois en grande quantit\u00e9, et sa capacit\u00e9 atteint 5-15t\/h.<\/p>    <figure class=\"wp-block-gallery aligncenter has-nested-images columns-default is-cropped wp-block-gallery-2 is-layout-flex wp-block-gallery-is-layout-flex\"> <figure class=\"wp-block-image size-full\"><img loading=\"lazy\" decoding=\"async\" width=\"720\" height=\"540\" data-id=\"847\" src=\"https:\/\/shuliywoodmachine.com\/wp-content\/uploads\/2022\/09\/electric-drum-chipper.webp\" alt=\"broyeur \u00e0 tambour \u00e9lectrique\" class=\"wp-image-847\" title=\"\" srcset=\"https:\/\/shuliywoodmachine.com\/wp-content\/uploads\/2022\/09\/electric-drum-chipper.webp 720w, https:\/\/shuliywoodmachine.com\/wp-content\/uploads\/2022\/09\/electric-drum-chipper-300x225.webp 300w\" sizes=\"auto, (max-width: 720px) 100vw, 720px\" \/><figcaption class=\"wp-element-caption\">D\u00e9chiqueteuse \u00e0 tambour \u00e9lectrique<\/figcaption><\/figure>    <figure class=\"wp-block-image size-full\"><img loading=\"lazy\" decoding=\"async\" width=\"720\" height=\"540\" data-id=\"848\" src=\"https:\/\/shuliywoodmachine.com\/wp-content\/uploads\/2022\/09\/wood-chipper-machine.webp\" alt=\"d\u00e9chiqueteuse \u00e0 bois\" class=\"wp-image-848\" title=\"\" srcset=\"https:\/\/shuliywoodmachine.com\/wp-content\/uploads\/2022\/09\/wood-chipper-machine.webp 720w, https:\/\/shuliywoodmachine.com\/wp-content\/uploads\/2022\/09\/wood-chipper-machine-300x225.webp 300w\" sizes=\"auto, (max-width: 720px) 100vw, 720px\" \/><figcaption class=\"wp-element-caption\">D\u00e9chiqueteuse \u00e0 bois<\/figcaption><\/figure> <\/figure>    <figure class=\"wp-block-gallery aligncenter has-nested-images columns-default is-cropped wp-block-gallery-3 is-layout-flex wp-block-gallery-is-layout-flex\"> <figure class=\"wp-block-image size-full\"><img loading=\"lazy\" decoding=\"async\" width=\"600\" height=\"450\" data-id=\"850\" src=\"https:\/\/shuliywoodmachine.com\/wp-content\/uploads\/2022\/09\/industrial-wood-chipper-for-sale.webp\" alt=\"broyeur de bois industriel \u00e0 vendre\" class=\"wp-image-850\" title=\"\" srcset=\"https:\/\/shuliywoodmachine.com\/wp-content\/uploads\/2022\/09\/industrial-wood-chipper-for-sale.webp 600w, https:\/\/shuliywoodmachine.com\/wp-content\/uploads\/2022\/09\/industrial-wood-chipper-for-sale-300x225.webp 300w\" sizes=\"auto, (max-width: 600px) 100vw, 600px\" \/><figcaption class=\"wp-element-caption\">Broyeur de bois industriel \u00e0 vendre<\/figcaption><\/figure>    <figure class=\"wp-block-image size-full\"><img loading=\"lazy\" decoding=\"async\" width=\"720\" height=\"540\" data-id=\"851\" src=\"https:\/\/shuliywoodmachine.com\/wp-content\/uploads\/2022\/09\/large-wood-drum-chipper.webp\" alt=\"grande d\u00e9chiqueteuse \u00e0 bois\" class=\"wp-image-851\" title=\"\" srcset=\"https:\/\/shuliywoodmachine.com\/wp-content\/uploads\/2022\/09\/large-wood-drum-chipper.webp 720w, https:\/\/shuliywoodmachine.com\/wp-content\/uploads\/2022\/09\/large-wood-drum-chipper-300x225.webp 300w\" sizes=\"auto, (max-width: 720px) 100vw, 720px\" \/><figcaption class=\"wp-element-caption\">Grande d\u00e9chiqueteuse \u00e0 bois<\/figcaption><\/figure> <\/figure>    <p>Et notre machine fonctionne toujours avec le convoyeur pour les travaux de transport et de transformation automatique du bois. Les ports d'alimentation et de sortie peuvent tous deux utiliser le convoyeur pour un travail facile.<\/p>    <p>En outre, c\u00e9l\u00e8bre pour une large gamme d'applications, de bonnes performances de machine et une longue dur\u00e9e de vie, notre d\u00e9chiqueteuse \u00e0 tambour est tr\u00e8s populaire dans le monde entier. Il a \u00e9t\u00e9 export\u00e9 vers l'Australie, les \u00c9tats-Unis, l'Allemagne, le Y\u00e9men, l'Afrique du Sud, le P\u00e9rou, etc.<\/p>    <figure class=\"wp-block-embed is-type-video is-provider-youtube wp-block-embed-youtube wp-embed-aspect-16-9 wp-has-aspect-ratio\"><div class=\"wp-block-embed__wrapper\"> <iframe loading=\"lazy\" title=\"Incroyable d\u00e9chiqueteuse de b\u00fbches | Machine \u00e0 d\u00e9chiqueter le bois de qualit\u00e9 \u00e0 vendre de Shuliy, 2022 #woodchips\" width=\"500\" height=\"281\" src=\"https:\/\/www.youtube.com\/embed\/LSE8AbPLPdY?feature=oembed\" frameborder=\"0\" allow=\"accelerometer; autoplay; clipboard-write; encrypted-media; gyroscope; picture-in-picture; web-share\" referrerpolicy=\"strict-origin-when-cross-origin\" allowfullscreen><\/iframe> <\/div><figcaption class=\"wp-element-caption\">vid\u00e9o de travail de la d\u00e9chiqueteuse \u00e0 bois \u00e0 tambour<\/figcaption><\/figure>    <h2 class=\"wp-block-heading\"><strong>Mati\u00e8res premi\u00e8res \u00e0 broyer et applications<\/strong><\/h2>    <p class=\"has-text-align-left\">Cette d\u00e9chiqueteuse \u00e0 bois\u00a0a un large \u00e9ventail d'applications sur les mati\u00e8res premi\u00e8res, mais vous devez faire attention au fait que les mati\u00e8res premi\u00e8res en bois doivent \u00eatre sans clous, y compris, mais sans s'y limiter\u00a0:<\/p>   <div class=\"wp-block-image\"> <figure class=\"aligncenter size-full\"><img loading=\"lazy\" decoding=\"async\" width=\"720\" height=\"350\" src=\"https:\/\/shuliywoodmachine.com\/wp-content\/uploads\/2022\/07\/raw-materials-for-drum-style-wood-chipper.webp\" alt=\"mati\u00e8res premi\u00e8res pour d\u00e9chiqueteuse \u00e0 bois \u00e0 tambour\" class=\"wp-image-2060\" title=\"\" srcset=\"https:\/\/shuliywoodmachine.com\/wp-content\/uploads\/2022\/07\/raw-materials-for-drum-style-wood-chipper.webp 720w, https:\/\/shuliywoodmachine.com\/wp-content\/uploads\/2022\/07\/raw-materials-for-drum-style-wood-chipper-300x146.webp 300w, https:\/\/shuliywoodmachine.com\/wp-content\/uploads\/2022\/07\/raw-materials-for-drum-style-wood-chipper-18x9.webp 18w\" sizes=\"auto, (max-width: 720px) 100vw, 720px\" \/><figcaption class=\"wp-element-caption\">mati\u00e8res premi\u00e8res pour broyeur de bois \u00e0 tambour<\/figcaption><\/figure> <\/div>   <p class=\"translation-block\"><strong>Bois, bambou, <a href=\"https:\/\/en.wikipedia.org\/wiki\/Slab\" target=\"_blank\" rel=\"noreferrer noopener\">planche<\/a>, branches, paille, bois d'\u0153uvre, b\u00fbches, branches, planches, placages en d\u00e9chet, tiges de coton et autres tiges de fibres non ligneuses<\/strong>. <\/p>   <div class=\"wp-block-image\"> <figure class=\"aligncenter size-full\"><img loading=\"lazy\" decoding=\"async\" width=\"720\" height=\"450\" src=\"https:\/\/shuliywoodmachine.com\/wp-content\/uploads\/2022\/09\/raw-materials-to-be-chipped.webp\" alt=\"mati\u00e8res premi\u00e8res \u00e0 broyer\" class=\"wp-image-852\" title=\"\" srcset=\"https:\/\/shuliywoodmachine.com\/wp-content\/uploads\/2022\/09\/raw-materials-to-be-chipped.webp 720w, https:\/\/shuliywoodmachine.com\/wp-content\/uploads\/2022\/09\/raw-materials-to-be-chipped-300x188.webp 300w\" sizes=\"auto, (max-width: 720px) 100vw, 720px\" \/><figcaption class=\"wp-element-caption\">mati\u00e8res premi\u00e8res \u00e0 broyer<\/figcaption><\/figure> <\/div>   <p>Apr\u00e8s d\u00e9chiquetage, les copeaux de bois ont diverses utilisations.<\/p>    <ul class=\"wp-block-list\"> <li><strong>Les mati\u00e8res premi\u00e8res sont utilis\u00e9es dans diverses industries<\/strong>. Usines de combustible \u00e0 biomasse, fabrication de papier, centrales \u00e9lectriques \u00e0 biomasse, p\u00e2te \u00e0 papier, sanglier artificiel, feu br\u00fblant, usines de panneaux de bois, usines de panneaux comprim\u00e9s, fabrication de granul\u00e9s (comme mati\u00e8res premi\u00e8res) et d'autres industries.<\/li>    <li><strong>Navires en bois de haute qualit\u00e9 \u00e0 vendre<\/strong>. Cela fait partie de la cr\u00e9ation de b\u00e9n\u00e9fices, ce qui profite \u00e0 votre entreprise de bois.<\/li> <\/ul>    <figure class=\"wp-block-gallery has-nested-images columns-default is-cropped wp-block-gallery-4 is-layout-flex wp-block-gallery-is-layout-flex\"> <figure class=\"wp-block-image size-large\"><img loading=\"lazy\" decoding=\"async\" width=\"720\" height=\"540\" data-id=\"2063\" src=\"https:\/\/shuliywoodmachine.com\/wp-content\/uploads\/2022\/07\/regular-wood-chips.webp\" alt=\"copeaux de bois ordinaires\" class=\"wp-image-2063\" title=\"\" srcset=\"https:\/\/shuliywoodmachine.com\/wp-content\/uploads\/2022\/07\/regular-wood-chips.webp 720w, https:\/\/shuliywoodmachine.com\/wp-content\/uploads\/2022\/07\/regular-wood-chips-300x225.webp 300w, https:\/\/shuliywoodmachine.com\/wp-content\/uploads\/2022\/07\/regular-wood-chips-16x12.webp 16w\" sizes=\"auto, (max-width: 720px) 100vw, 720px\" \/><figcaption class=\"wp-element-caption\">Copeaux de bois ordinaires<\/figcaption><\/figure>    <figure class=\"wp-block-image size-full\"><img loading=\"lazy\" decoding=\"async\" width=\"720\" height=\"540\" data-id=\"2065\" src=\"https:\/\/shuliywoodmachine.com\/wp-content\/uploads\/2024\/07\/wood-chips-processed-by-wood-drum-chipper.webp\" alt=\"copeaux de bois trait\u00e9s par une d\u00e9chiqueteuse \u00e0 tambour de bois\" class=\"wp-image-2065\" title=\"\" srcset=\"https:\/\/shuliywoodmachine.com\/wp-content\/uploads\/2024\/07\/wood-chips-processed-by-wood-drum-chipper.webp 720w, https:\/\/shuliywoodmachine.com\/wp-content\/uploads\/2024\/07\/wood-chips-processed-by-wood-drum-chipper-300x225.webp 300w, https:\/\/shuliywoodmachine.com\/wp-content\/uploads\/2024\/07\/wood-chips-processed-by-wood-drum-chipper-16x12.webp 16w\" sizes=\"auto, (max-width: 720px) 100vw, 720px\" \/><figcaption class=\"wp-element-caption\">Copeaux de bois trait\u00e9s par une d\u00e9chiqueteuse \u00e0 tambour en bois<\/figcaption><\/figure> <\/figure>    <p class=\"translation-block\">Afin de mieux produire des copeaux de bois de qualit\u00e9, nous pouvons utiliser une <a href=\"https:\/\/shuliywoodmachine.com\/fr\/product\/wood-debarker-log-debarker\/\">machine \u00e0 \u00e9corcer le bois<\/a> avant d'utiliser un broyeur \u00e0 bois.<\/p>    <p>En outre, cette d\u00e9chiqueteuse \u00e0 tambour peut \u00e9galement \u00eatre utilis\u00e9e pour la production de sciure de bois. Il est utilis\u00e9 avant la cha\u00eene de production comme \u00e9tape de concassage grossier, puis un traitement en profondeur peut \u00eatre effectu\u00e9.<\/p>    <h2 class=\"wp-block-heading\" id=\"h-features-of-commercial-drum-chipper-for-sale\"><strong>Caract\u00e9ristiques de la d\u00e9chiqueteuse \u00e0 tambour commerciale \u00e0 vendre<\/strong><\/h2>   <div class=\"wp-block-image\"> <figure class=\"aligncenter size-full\"><img loading=\"lazy\" decoding=\"async\" width=\"720\" height=\"200\" src=\"https:\/\/shuliywoodmachine.com\/wp-content\/uploads\/2022\/09\/features-of-wood-chipper.webp\" alt=\"caract\u00e9ristiques de la d\u00e9chiqueteuse \u00e0 bois\" class=\"wp-image-855\" title=\"\" srcset=\"https:\/\/shuliywoodmachine.com\/wp-content\/uploads\/2022\/09\/features-of-wood-chipper.webp 720w, https:\/\/shuliywoodmachine.com\/wp-content\/uploads\/2022\/09\/features-of-wood-chipper-300x83.webp 300w\" sizes=\"auto, (max-width: 720px) 100vw, 720px\" \/><figcaption class=\"wp-element-caption\">caract\u00e9ristiques de la d\u00e9chiqueteuse \u00e0 bois<\/figcaption><\/figure> <\/div>   <ol class=\"wp-block-list\"> <li><strong>Rotor \u00e0 pales de nouvelle conception<\/strong>, les lames sont donc faciles \u00e0 remplacer.<\/li>    <li>Equip\u00e9 du <strong>4 rouleaux de pression d'alimentation<\/strong>. Sa fonction est de saisir et de mordre le bois et de forcer le mat\u00e9riau \u00e0 \u00eatre aliment\u00e9.<\/li>    <li><strong>Appui de renfort<\/strong> est appliqu\u00e9 et durable.<\/li>    <li>Il a un <strong>dispositif de levage automatique (syst\u00e8me hydraulique)<\/strong>. Lors de l'alimentation, il peut reconna\u00eetre automatiquement la hauteur du bois et se soul\u00e8vera automatiquement en fonction du bois.<\/li>    <li>Equip\u00e9 d'un <strong>armoire de commande s\u00e9par\u00e9e<\/strong>. L'armoire de commande est n\u00e9cessaire pour que l'\u00e9lectricit\u00e9 soit plus s\u00fbre lors de l'utilisation de la machine.<\/li>    <li>Cette machine peut traiter <strong>d\u00e9chets de bois avec un dia. de 230-500mm<\/strong>, et poss\u00e8de un <strong>capacit\u00e9 de 5-15t\/h<\/strong>. Il est donc id\u00e9al pour les usines de transformation du bois. <\/li> <\/ol>   <div class=\"wp-block-image\"> <figure class=\"aligncenter size-full\"><img loading=\"lazy\" decoding=\"async\" width=\"720\" height=\"540\" src=\"https:\/\/shuliywoodmachine.com\/wp-content\/uploads\/2022\/09\/drum-chipper-with-the-conveyor-and-control-cabinet.jpg\" alt=\"broyeur \u00e0 tambour avec convoyeur et armoire de commande\" class=\"wp-image-846\" title=\"\" srcset=\"https:\/\/shuliywoodmachine.com\/wp-content\/uploads\/2022\/09\/drum-chipper-with-the-conveyor-and-control-cabinet.jpg 720w, https:\/\/shuliywoodmachine.com\/wp-content\/uploads\/2022\/09\/drum-chipper-with-the-conveyor-and-control-cabinet-300x225.jpg 300w\" sizes=\"auto, (max-width: 720px) 100vw, 720px\" \/><figcaption class=\"wp-element-caption\">broyeur \u00e0 tambour avec convoyeur et armoire de commande<\/figcaption><\/figure> <\/div>   <h2 class=\"wp-block-heading\"><strong>Param\u00e8tres techniques de la d\u00e9chiqueteuse \u00e0 bois \u00e0 tambour \u00e0 vendre<\/strong><\/h2>    <figure class=\"wp-block-table\"><table><tbody><tr><td>Mod\u00e8le<\/td><td>SL-218<\/td><td>SL-216<\/td><\/tr><tr><td>Quantit\u00e9 de couteau<\/td><td>2<\/td><td>2<\/td><\/tr><tr><td>Taille de l'alimentation<\/td><td>300*680\u00a0mm<\/td><td>230*500 millim\u00e8tres<\/td><\/tr><tr><td>Capacit\u00e9<\/td><td>10-15 t\/h<\/td><td>5-8 t\/h<\/td><\/tr><tr><td>Dimension mati\u00e8re premi\u00e8re<\/td><td>\u2264300\u00a0mm<\/td><td>\u2264230\u00a0mm<\/td><\/tr><tr><td>Taille des copeaux de bois<\/td><td>25\u00a0mm (r\u00e9glable)<\/td><td>25 mm (r\u00e9glable)<\/td><\/tr><tr><td>Alimentation principale<\/td><td>110 kW<\/td><td>55 kW<\/td><\/tr><tr><td>Poids<\/td><td>8\u00a0600\u00a0kg<\/td><td>5600 kg<\/td><\/tr><tr><td>Convoyeur d'entr\u00e9e d'alimentation<\/td><td>6 m<\/td><td>6 m<\/td><\/tr><tr><td>Convoyeur de sortie<\/td><td>8\u00a0m<\/td><td>8 m<\/td><\/tr><tr><td>Taille d'emballage<\/td><td>3105*2300*1650\u00a0mm<\/td><td>2735*2200*1200 millim\u00e8tres<\/td><\/tr><\/tbody><\/table><figcaption class=\"wp-element-caption\">sp\u00e9cifications de la machine \u00e0 d\u00e9chiqueter le bois<\/figcaption><\/figure>    <p>Vous trouverez ci-dessus nos mod\u00e8les les plus vendus pour votre r\u00e9f\u00e9rence lorsque vous souhaitez traiter une grande quantit\u00e9 de d\u00e9chets de bois.<\/p>    <h2 class=\"wp-block-heading\"><strong>Construction du <strong>bois<\/strong><\/strong> <strong>broyeur \u00e0 tambour<\/strong><\/h2>    <p>La d\u00e9chiqueteuse \u00e0 tambour Shuliy est principalement compos\u00e9e d'une courroie, d'un port d'alimentation, d'une plaque \u00e0 couteaux, d'un moteur, d'une structure interne (rouleau de presse, lame et \u00e9cran) et d'une commande \u00e9lectrique. <\/p>   <div class=\"wp-block-image\"> <figure class=\"aligncenter size-full\"><img loading=\"lazy\" decoding=\"async\" width=\"800\" height=\"333\" src=\"https:\/\/shuliywoodmachine.com\/wp-content\/uploads\/2022\/09\/drum-chipper-design.webp\" alt=\"conception de broyeur \u00e0 tambour\" class=\"wp-image-853\" title=\"\" srcset=\"https:\/\/shuliywoodmachine.com\/wp-content\/uploads\/2022\/09\/drum-chipper-design.webp 800w, https:\/\/shuliywoodmachine.com\/wp-content\/uploads\/2022\/09\/drum-chipper-design-300x125.webp 300w, https:\/\/shuliywoodmachine.com\/wp-content\/uploads\/2022\/09\/drum-chipper-design-768x320.webp 768w\" sizes=\"auto, (max-width: 800px) 100vw, 800px\" \/><figcaption class=\"wp-element-caption\">conception de broyeur \u00e0 tambour<\/figcaption><\/figure> <\/div>   <p>Si vous souhaitez produire diff\u00e9rentes sp\u00e9cifications et \u00e9paisseurs de copeaux de bois, vous pouvez y parvenir en ajustant les quantit\u00e9s de lames de d\u00e9chiquetage.<\/p>    <figure class=\"wp-block-gallery has-nested-images columns-default is-cropped wp-block-gallery-5 is-layout-flex wp-block-gallery-is-layout-flex\"> <figure class=\"wp-block-image size-large\"><img loading=\"lazy\" decoding=\"async\" width=\"720\" height=\"540\" data-id=\"2072\" src=\"https:\/\/shuliywoodmachine.com\/wp-content\/uploads\/2022\/07\/internal-structure-of-industrial-wood-chipping-machine.webp\" alt=\"structure interne de la machine \u00e0 d\u00e9chiqueter le bois industrielle\" class=\"wp-image-2072\" title=\"\" srcset=\"https:\/\/shuliywoodmachine.com\/wp-content\/uploads\/2022\/07\/internal-structure-of-industrial-wood-chipping-machine.webp 720w, https:\/\/shuliywoodmachine.com\/wp-content\/uploads\/2022\/07\/internal-structure-of-industrial-wood-chipping-machine-300x225.webp 300w, https:\/\/shuliywoodmachine.com\/wp-content\/uploads\/2022\/07\/internal-structure-of-industrial-wood-chipping-machine-16x12.webp 16w\" sizes=\"auto, (max-width: 720px) 100vw, 720px\" \/><figcaption class=\"wp-element-caption\">Structure interne de la machine \u00e0 d\u00e9chiqueter le bois industrielle<\/figcaption><\/figure>    <figure class=\"wp-block-image size-large\"><img loading=\"lazy\" decoding=\"async\" width=\"720\" height=\"540\" data-id=\"2071\" src=\"https:\/\/shuliywoodmachine.com\/wp-content\/uploads\/2022\/07\/blades-for-wood-chipper.webp\" alt=\"lames pour broyeur \u00e0 bois\" class=\"wp-image-2071\" title=\"\" srcset=\"https:\/\/shuliywoodmachine.com\/wp-content\/uploads\/2022\/07\/blades-for-wood-chipper.webp 720w, https:\/\/shuliywoodmachine.com\/wp-content\/uploads\/2022\/07\/blades-for-wood-chipper-300x225.webp 300w, https:\/\/shuliywoodmachine.com\/wp-content\/uploads\/2022\/07\/blades-for-wood-chipper-16x12.webp 16w\" sizes=\"auto, (max-width: 720px) 100vw, 720px\" \/><figcaption class=\"wp-element-caption\">Lames pour d\u00e9chiqueteuse \u00e0 bois<\/figcaption><\/figure> <\/figure>    <h2 class=\"wp-block-heading\" id=\"h-how-does-a-drum-chipper-work\"><strong>Comment fonctionne un broyeur \u00e0 tambour ?<\/strong><\/h2>    <ul class=\"wp-block-list\"> <li>Faites passer le bois \u00e0 travers l\u2019entr\u00e9e d\u2019alimentation et le rouleau attrapera, pressera et poussera le bois pour avancer.<\/li>    <li>Ensuite, le bois arrive \u00e0 la partie centrale. Les lames commencent \u00e0 d\u00e9chiqueter le bois en morceaux. Il y a un \u00e9cran au bas de la machine (\u00e0 l'int\u00e9rieur). La taille de l'\u00e9cran d\u00e9termine la taille des puces.<\/li>    <li>Enfin, les copeaux de bois qualifi\u00e9s sortent du tamis.<\/li> <\/ul>    <figure class=\"wp-block-gallery has-nested-images columns-default is-cropped wp-block-gallery-6 is-layout-flex wp-block-gallery-is-layout-flex\"> <figure class=\"wp-block-image size-large\"><img loading=\"lazy\" decoding=\"async\" width=\"720\" height=\"540\" data-id=\"2074\" src=\"https:\/\/shuliywoodmachine.com\/wp-content\/uploads\/2022\/07\/industrial-drum-style-wood-chipper.webp\" alt=\"d\u00e9chiqueteuse \u00e0 bois de style tambour industriel\" class=\"wp-image-2074\" title=\"\" srcset=\"https:\/\/shuliywoodmachine.com\/wp-content\/uploads\/2022\/07\/industrial-drum-style-wood-chipper.webp 720w, https:\/\/shuliywoodmachine.com\/wp-content\/uploads\/2022\/07\/industrial-drum-style-wood-chipper-300x225.webp 300w, https:\/\/shuliywoodmachine.com\/wp-content\/uploads\/2022\/07\/industrial-drum-style-wood-chipper-16x12.webp 16w\" sizes=\"auto, (max-width: 720px) 100vw, 720px\" \/><figcaption class=\"wp-element-caption\">D\u00e9chiqueteuse \u00e0 bois industrielle \u00e0 tambour<\/figcaption><\/figure>    <figure class=\"wp-block-image size-large\"><img loading=\"lazy\" decoding=\"async\" width=\"540\" height=\"240\" data-id=\"856\" src=\"https:\/\/shuliywoodmachine.com\/wp-content\/uploads\/2022\/09\/drum-chipper-diagram.webp\" alt=\"diagramme de broyeur \u00e0 tambour\" class=\"wp-image-856\" title=\"\" srcset=\"https:\/\/shuliywoodmachine.com\/wp-content\/uploads\/2022\/09\/drum-chipper-diagram.webp 540w, https:\/\/shuliywoodmachine.com\/wp-content\/uploads\/2022\/09\/drum-chipper-diagram-300x133.webp 300w\" sizes=\"auto, (max-width: 540px) 100vw, 540px\" \/><figcaption class=\"wp-element-caption\">Diagramme de d\u00e9chiqueteuse \u00e0 tambour<\/figcaption><\/figure> <\/figure>    <h2 class=\"wp-block-heading\" id=\"h-faq\"><strong>FAQ de la d\u00e9chiqueteuse \u00e0 bois \u00e0 tambour<\/strong><\/h2>   <div id=\"rank-math-faq\" class=\"rank-math-block\"> <div class=\"rank-math-list\"> <div id=\"faq-question-1663655896992\" class=\"rank-math-list-item\"> <h3 class=\"rank-math-question\">T1\u00a0: <strong>Pourquoi \u00e9quiper une armoire de commande s\u00e9par\u00e9e lors de l'utilisation de cette grande d\u00e9chiqueteuse de bois ?<\/strong><\/h3> <div class=\"rank-math-answer\">  <p>A1 : Pour cette raison, vous pouvez utiliser l\u2019\u00e9lectricit\u00e9 en toute s\u00e9curit\u00e9 lorsque vous utilisez la machine.<\/p>  <\/div> <\/div> <div id=\"faq-question-1663655922821\" class=\"rank-math-list-item\"> <h3 class=\"rank-math-question\">T2\u00a0: <strong>\u00a0Shuliy Machinery\u00a0est-il un fabricant ou un distributeur\u00a0?<\/strong><\/h3> <div class=\"rank-math-answer\">  <p>A2\u00a0: Nous sommes int\u00e9gr\u00e9s \u00e0 la production et \u00e0 la fourniture. Par rapport \u00e0 d\u2019autres soci\u00e9t\u00e9s commerciales, vous pouvez obtenir le meilleur prix chez nous.<\/p>  <\/div> <\/div> <div id=\"faq-question-1663655947757\" class=\"rank-math-list-item\"> <h3 class=\"rank-math-question\">T3\u00a0: <strong>Comment puis-je utiliser la machine apr\u00e8s l'avoir re\u00e7ue\u00a0? Y a-t-il un manuel ?<\/strong><\/h3> <div class=\"rank-math-answer\">  <p>A3\u00a0: Nous joignons le manuel \u00e0 la machine. De plus, nous pouvons discuter en ligne\/par vid\u00e9o pour vous aider \u00e0 comprendre clairement la machine, si n\u00e9cessaire.<\/p>  <\/div> <\/div> <\/div> <\/div>   <figure class=\"wp-block-embed is-type-video is-provider-youtube wp-block-embed-youtube wp-embed-aspect-16-9 wp-has-aspect-ratio\"><div class=\"wp-block-embed__wrapper\"> <iframe loading=\"lazy\" title=\"Drum Chipper pour le traitement de divers bois et coquilles de noix de coco | Chipper en bois pour la fabrication de copeaux de 25 mm\" width=\"500\" height=\"281\" src=\"https:\/\/www.youtube.com\/embed\/I26DHi4NMW8?feature=oembed\" frameborder=\"0\" allow=\"accelerometer; autoplay; clipboard-write; encrypted-media; gyroscope; picture-in-picture; web-share\" referrerpolicy=\"strict-origin-when-cross-origin\" allowfullscreen><\/iframe> <\/div><figcaption class=\"wp-element-caption\">Vid\u00e9o de la d\u00e9chiqueteuse de tambour pour le traitement de la coquille de bois et de noix de coco<\/figcaption><\/figure>","protected":false},"excerpt":{"rendered":"<p>Ce d\u00e9chiqueteur \u00e0 tambour est con\u00e7u pour couper des b\u00fbches, des branches, des planches, etc. en petits copeaux de bois r\u00e9guliers de taille 25 mm (ajustable). Il a une capacit\u00e9 de 5 \u00e0 15 t\/h.<\/p>","protected":false},"author":1,"featured_media":845,"parent":0,"template":"","tags":[13,15,14,10,12,11,147,16],"product-type":[7],"class_list":["post-220","product","type-product","status-publish","has-post-thumbnail","hentry","tag-drum-chipper","tag-drum-chipper-machine","tag-drum-chipping-machine","tag-wood-chipper","tag-wood-chipper-machine","tag-wood-chipping-machine","tag-wood-chips","tag-wood-machine","product-type-wood-chipper"],"_links":{"self":[{"href":"https:\/\/shuliywoodmachine.com\/fr\/wp-json\/wp\/v2\/product\/220","targetHints":{"allow":["GET"]}}],"collection":[{"href":"https:\/\/shuliywoodmachine.com\/fr\/wp-json\/wp\/v2\/product"}],"about":[{"href":"https:\/\/shuliywoodmachine.com\/fr\/wp-json\/wp\/v2\/types\/product"}],"author":[{"embeddable":true,"href":"https:\/\/shuliywoodmachine.com\/fr\/wp-json\/wp\/v2\/users\/1"}],"wp:featuredmedia":[{"embeddable":true,"href":"https:\/\/shuliywoodmachine.com\/fr\/wp-json\/wp\/v2\/media\/845"}],"wp:attachment":[{"href":"https:\/\/shuliywoodmachine.com\/fr\/wp-json\/wp\/v2\/media?parent=220"}],"wp:term":[{"taxonomy":"post_tag","embeddable":true,"href":"https:\/\/shuliywoodmachine.com\/fr\/wp-json\/wp\/v2\/tags?post=220"},{"taxonomy":"product-type","embeddable":true,"href":"https:\/\/shuliywoodmachine.com\/fr\/wp-json\/wp\/v2\/product-type?post=220"}],"curies":[{"name":"wp","href":"https:\/\/api.w.org\/{rel}","templated":true}]}}