{"id":680,"date":"2022-09-16T06:26:18","date_gmt":"2022-09-16T06:26:18","guid":{"rendered":"https:\/\/shuliywoodmachine.com\/?post_type=product&#038;p=680"},"modified":"2024-07-10T14:20:48","modified_gmt":"2024-07-10T06:20:48","slug":"wood-pallet-machine","status":"publish","type":"product","link":"https:\/\/shuliywoodmachine.com\/fr\/product\/machine-a-palettes-en-bois\/","title":{"rendered":"Machine \u00e0 palettes en bois comprim\u00e9"},"content":{"rendered":"<p class=\"translation-block\">La <strong>machine \u00e0 palettes en bois<\/strong> Shuliy permet de produire des palettes en bois \u00e0 partir de sciure, de coques de riz, de coques de noix de coco, etc. par haute temp\u00e9rature et pression. Les palettes en bois peuvent \u00eatre utilis\u00e9es comme supports de charge dans les compagnies maritimes, les grands supermarch\u00e9s et les centres commerciaux.<\/p>    <p>La mati\u00e8re premi\u00e8re n\u00e9cessite que sa teneur en humidit\u00e9 soit d'environ 10%. En outre, nous pouvons fabriquer des palettes en bois de tailles courantes de 1 000 x 1 000 mm, 1 100 x 1 100 mm, 1 200 x 800 mm et 1 200 x 1 000 mm. Bien entendu, nous pouvons \u00e9galement personnaliser la taille pour r\u00e9pondre \u00e0 vos demandes. <\/p>    <p>Cette machine de fabrication de palettes en bois compress\u00e9 utilise des d\u00e9chets de bois, c'est donc une excellente solution pour recycler les d\u00e9chets afin de r\u00e9aliser des b\u00e9n\u00e9fices. <\/p>    <figure class=\"wp-block-embed is-type-video is-provider-youtube wp-block-embed-youtube wp-embed-aspect-16-9 wp-has-aspect-ratio\"><div class=\"wp-block-embed__wrapper\"> <iframe loading=\"lazy\" title=\"Comment fonctionne la machine \u00e0 palettes en bois compress\u00e9\u00a0? | Machine de fabrication de palettes en bois moul\u00e9es Shuliy #palette\" width=\"500\" height=\"281\" src=\"https:\/\/www.youtube.com\/embed\/wyxcmqI4BgI?feature=oembed\" frameborder=\"0\" allow=\"accelerometer; autoplay; clipboard-write; encrypted-media; gyroscope; picture-in-picture; web-share\" referrerpolicy=\"strict-origin-when-cross-origin\" allowfullscreen><\/iframe> <\/div><figcaption class=\"wp-element-caption\">vid\u00e9o de travail de la machine \u00e0 palettes en bois compress\u00e9<\/figcaption><\/figure>    <h2 class=\"wp-block-heading\"><strong>Mati\u00e8res premi\u00e8res de la machine \u00e0 palettes en bois moul\u00e9<\/strong><\/h2>    <div class=\"wp-block-media-text alignwide is-stacked-on-mobile\"><figure class=\"wp-block-media-text__media\"><img loading=\"lazy\" decoding=\"async\" width=\"720\" height=\"540\" src=\"https:\/\/shuliywoodmachine.com\/wp-content\/uploads\/2022\/09\/raw-materials-for-wood-pallet-making-machine.webp\" alt=\"mati\u00e8res premi\u00e8res pour la machine de fabrication de palettes en bois\" class=\"wp-image-857 size-full\" title=\"\" srcset=\"https:\/\/shuliywoodmachine.com\/wp-content\/uploads\/2022\/09\/raw-materials-for-wood-pallet-making-machine.webp 720w, https:\/\/shuliywoodmachine.com\/wp-content\/uploads\/2022\/09\/raw-materials-for-wood-pallet-making-machine-300x225.webp 300w\" sizes=\"auto, (max-width: 720px) 100vw, 720px\" \/><\/figure><div class=\"wp-block-media-text__content\"> <p>Lorsque vous utilisez cette machine de fabrication de palettes en bois pour le recyclage des d\u00e9chets, vous devez savoir quelles mati\u00e8res premi\u00e8res peuvent vous aider \u00e0 transformer les d\u00e9chets en tr\u00e9sor.<\/p>    <p class=\"translation-block\">Les mati\u00e8res premi\u00e8res pour la fabrication de palettes en bois sont les <strong>d\u00e9chets de bois, les copeaux de bois, les plaquettes de bois, les coques de riz, les fibres (moins de 1 cm), le bambou, les coques de noix de coco, les coques de palmier, le papier<\/strong>, etc.<\/p> <\/div><\/div>    <h2 class=\"wp-block-heading\"><strong>Taille, utilisation et poids des palettes en bois<\/strong><\/h2>    <p>Les dimensions des palettes en bois pouvant \u00eatre fabriqu\u00e9es \u00e0 partir des mat\u00e9riaux ci-dessus et leurs applications sont les suivantes\u00a0: <\/p>    <ul class=\"wp-block-list\"> <li><strong>Dimensions des palettes en bois<\/strong>: notre machine plus haute en bois press\u00e9 peut fabriquer des tailles communes et des tailles personnalis\u00e9es. <ul class=\"wp-block-list\"> <li><strong>Tailles courantes<\/strong>: 1000*1000 mm, 1100*1100 mm, 1200*8000 mm et 1200*1000 mm. <\/li>    <li><strong>Tailles personnalis\u00e9es<\/strong>: 600*800mm, etc. Nous personnalisons la taille de la palette en fonction des besoins du client.<\/li> <\/ul> <\/li>    <li><strong>Application de palettes en bois<\/strong>: entreprises de transport, grands supermarch\u00e9s, centres commerciaux, etc. Son r\u00f4le est de supporter le poids, facilitant ainsi le fonctionnement des chariots \u00e9l\u00e9vateurs.<\/li>    <li><strong>Poids<\/strong>: 17-18kg par palette bois.<\/li> <\/ul>   <div class=\"wp-block-image\"> <figure class=\"aligncenter size-full\"><img loading=\"lazy\" decoding=\"async\" width=\"720\" height=\"540\" src=\"https:\/\/shuliywoodmachine.com\/wp-content\/uploads\/2022\/09\/applications-of-the-wood-pallets.webp\" alt=\"applications des palettes en bois\" class=\"wp-image-860\" title=\"\" srcset=\"https:\/\/shuliywoodmachine.com\/wp-content\/uploads\/2022\/09\/applications-of-the-wood-pallets.webp 720w, https:\/\/shuliywoodmachine.com\/wp-content\/uploads\/2022\/09\/applications-of-the-wood-pallets-300x225.webp 300w\" sizes=\"auto, (max-width: 720px) 100vw, 720px\" \/><figcaption class=\"wp-element-caption\">utilisation des palettes en bois<\/figcaption><\/figure> <\/div>   <h2 class=\"wp-block-heading\"><strong>Points forts de la machine \u00e0 palettes en bois \u00e0 vendre<\/strong><\/h2>    <figure class=\"wp-block-gallery aligncenter has-nested-images columns-default is-cropped wp-block-gallery-2 is-layout-flex wp-block-gallery-is-layout-flex\"> <figure class=\"wp-block-image size-full\"><img loading=\"lazy\" decoding=\"async\" width=\"540\" height=\"720\" data-id=\"868\" src=\"https:\/\/shuliywoodmachine.com\/wp-content\/uploads\/2022\/09\/compressed-wood-pallet-machine.webp\" alt=\"machine \u00e0 palettes en bois compress\u00e9\" class=\"wp-image-868\" title=\"\" srcset=\"https:\/\/shuliywoodmachine.com\/wp-content\/uploads\/2022\/09\/compressed-wood-pallet-machine.webp 540w, https:\/\/shuliywoodmachine.com\/wp-content\/uploads\/2022\/09\/compressed-wood-pallet-machine-225x300.webp 225w\" sizes=\"auto, (max-width: 540px) 100vw, 540px\" \/><figcaption class=\"wp-element-caption\">Machine \u00e0 palettes en bois comprim\u00e9<\/figcaption><\/figure>    <figure class=\"wp-block-image size-full\"><img loading=\"lazy\" decoding=\"async\" width=\"540\" height=\"720\" data-id=\"867\" src=\"https:\/\/shuliywoodmachine.com\/wp-content\/uploads\/2022\/09\/back-of-the-pallet-making-machine.webp\" alt=\"machine-de-fabrication-de-dos-de-palettes\" class=\"wp-image-867\" title=\"\" srcset=\"https:\/\/shuliywoodmachine.com\/wp-content\/uploads\/2022\/09\/back-of-the-pallet-making-machine.webp 540w, https:\/\/shuliywoodmachine.com\/wp-content\/uploads\/2022\/09\/back-of-the-pallet-making-machine-225x300.webp 225w\" sizes=\"auto, (max-width: 540px) 100vw, 540px\" \/><figcaption class=\"wp-element-caption\">Arri\u00e8re de la machine de fabrication de palettes<\/figcaption><\/figure> <\/figure>    <ul class=\"wp-block-list\"> <li><strong>Type solide \u00e0 quatre colonnes<\/strong>: gr\u00e2ce \u00e0 cette conception, la machine \u00e0 palettes en bois a une bonne stabilit\u00e9 lorsqu'elle travaille \u00e0 des temp\u00e9ratures \u00e9lev\u00e9es. <\/li>    <li><strong>Pression<\/strong>: il y a deux sous-cylindres de part et d'autre de la machine, leur r\u00f4le est de contribuer \u00e0 am\u00e9liorer la pression. De cette fa\u00e7on, la densit\u00e9 de la palette est plus \u00e9lev\u00e9e et la qualit\u00e9 est meilleure.<\/li>    <li><strong>Panneau de contr\u00f4le<\/strong>: gr\u00e2ce au fonctionnement du panneau de commande, il est pratique et rapide de r\u00e9gler l\u2019heure et la temp\u00e9rature de contr\u00f4le.<\/li>    <li><strong>Moules personnalis\u00e9s<\/strong>: en fonction de vos besoins, nous pouvons personnaliser le moule adapt\u00e9 pour r\u00e9aliser des palettes en bois satisfaisantes.<\/li>    <li><strong>Une large gamme de mati\u00e8res premi\u00e8res appliqu\u00e9es<\/strong>: les copeaux de bois, les copeaux de bois, la sciure de bois, les balles de riz, les coques de noix de coco, etc. peuvent \u00eatre utilis\u00e9s comme mati\u00e8res premi\u00e8res pour fabriquer des palettes en bois. <\/li> <\/ul>    <figure class=\"wp-block-gallery has-nested-images columns-default is-cropped wp-block-gallery-3 is-layout-flex wp-block-gallery-is-layout-flex\"> <figure class=\"wp-block-image size-large\"><img loading=\"lazy\" decoding=\"async\" width=\"720\" height=\"540\" data-id=\"2161\" src=\"https:\/\/shuliywoodmachine.com\/wp-content\/uploads\/2022\/09\/compressed-wooden-pallet-machine-mold.webp\" alt=\"moule de machine \u00e0 palettes en bois comprim\u00e9\" class=\"wp-image-2161\" title=\"\" srcset=\"https:\/\/shuliywoodmachine.com\/wp-content\/uploads\/2022\/09\/compressed-wooden-pallet-machine-mold.webp 720w, https:\/\/shuliywoodmachine.com\/wp-content\/uploads\/2022\/09\/compressed-wooden-pallet-machine-mold-300x225.webp 300w, https:\/\/shuliywoodmachine.com\/wp-content\/uploads\/2022\/09\/compressed-wooden-pallet-machine-mold-16x12.webp 16w\" sizes=\"auto, (max-width: 720px) 100vw, 720px\" \/><figcaption class=\"wp-element-caption\">Moule de machine \u00e0 palettes en bois compress\u00e9<\/figcaption><\/figure>    <figure class=\"wp-block-image size-large\"><img loading=\"lazy\" decoding=\"async\" width=\"720\" height=\"540\" data-id=\"2162\" src=\"https:\/\/shuliywoodmachine.com\/wp-content\/uploads\/2022\/09\/different-shapes-of-wood-pallets.webp\" alt=\"diff\u00e9rentes formes de palettes en bois\" class=\"wp-image-2162\" title=\"\" srcset=\"https:\/\/shuliywoodmachine.com\/wp-content\/uploads\/2022\/09\/different-shapes-of-wood-pallets.webp 720w, https:\/\/shuliywoodmachine.com\/wp-content\/uploads\/2022\/09\/different-shapes-of-wood-pallets-300x225.webp 300w, https:\/\/shuliywoodmachine.com\/wp-content\/uploads\/2022\/09\/different-shapes-of-wood-pallets-16x12.webp 16w\" sizes=\"auto, (max-width: 720px) 100vw, 720px\" \/><figcaption class=\"wp-element-caption\">Diff\u00e9rentes formes de palettes en bois<\/figcaption><\/figure> <\/figure>    <h2 class=\"wp-block-heading\"><strong>Param\u00e8tres techniques de la machine de fabrication de palettes en bois<\/strong><\/h2>    <figure class=\"wp-block-table\"><table><tbody><tr><td>Mod\u00e8le<\/td><td>SL-800<\/td><td>SL-1000<\/td><\/tr><tr><td>Pouvoir<\/td><td>7,5 kW<\/td><td>15kw<\/td><\/tr><tr><td>Pression<\/td><td>800 tonnes<\/td><td>1000 tonnes<\/td><\/tr><tr><td>Capacit\u00e9<\/td><td>8 pi\u00e8ces par fois<\/td><td>une palette a besoin de 4 \u00e0 5 minutes (vous pouvez contr\u00f4ler vous-m\u00eame)<\/td><\/tr><tr><td>Dimension<\/td><td>2,3*1,5*3,5m<\/td><td>1,9*1,3*4m<\/td><\/tr><tr><td>Poids<\/td><td>11t<\/td><td>21 jours<\/td><\/tr><tr><td>Taille finale de la palette<\/td><td>1200*1000mm, 1200*800mm<\/td><td>1200*1000mm, 1200*800mm<\/td><\/tr><\/tbody><\/table><figcaption class=\"wp-element-caption\">sp\u00e9cifications de la machine \u00e0 palettes en bois comprim\u00e9<\/figcaption><\/figure>    <p>Les param\u00e8tres ci-dessus sont pour votre r\u00e9f\u00e9rence lors du choix de la machine. <\/p>    <p>Si vous souhaitez le bon \u00e9quipement, vous devez nous indiquer votre mati\u00e8re premi\u00e8re, la taille de la palette en bois (nous fournissons quelques tailles pour votre r\u00e9f\u00e9rence), la capacit\u00e9 de poids, etc., et notre responsable commercial vous proposera la solution optimale en fonction de vos besoins.<\/p>   <div class=\"wp-block-image\"> <figure class=\"aligncenter size-full\"><img loading=\"lazy\" decoding=\"async\" width=\"720\" height=\"540\" src=\"https:\/\/shuliywoodmachine.com\/wp-content\/uploads\/2023\/07\/wood-pallet-machine-for-sale.webp\" alt=\"machine \u00e0 palettes en bois \u00e0 vendre\" class=\"wp-image-1673\" title=\"\" srcset=\"https:\/\/shuliywoodmachine.com\/wp-content\/uploads\/2023\/07\/wood-pallet-machine-for-sale.webp 720w, https:\/\/shuliywoodmachine.com\/wp-content\/uploads\/2023\/07\/wood-pallet-machine-for-sale-300x225.webp 300w\" sizes=\"auto, (max-width: 720px) 100vw, 720px\" \/><figcaption class=\"wp-element-caption\">machine \u00e0 palettes en bois \u00e0 vendre<\/figcaption><\/figure> <\/div>   <h2 class=\"wp-block-heading\"><strong>Quelle est la composition de la machine automatique de fabrication de palettes en bois ?<\/strong><\/h2>    <div class=\"wp-block-media-text alignwide is-stacked-on-mobile\"><figure class=\"wp-block-media-text__media\"><img loading=\"lazy\" decoding=\"async\" width=\"720\" height=\"540\" src=\"https:\/\/shuliywoodmachine.com\/wp-content\/uploads\/2022\/09\/hydraulic-system.webp\" alt=\"syst\u00e8me hydraulique\" class=\"wp-image-861 size-full\" title=\"\" srcset=\"https:\/\/shuliywoodmachine.com\/wp-content\/uploads\/2022\/09\/hydraulic-system.webp 720w, https:\/\/shuliywoodmachine.com\/wp-content\/uploads\/2022\/09\/hydraulic-system-300x225.webp 300w\" sizes=\"auto, (max-width: 720px) 100vw, 720px\" \/><\/figure><div class=\"wp-block-media-text__content\"> <p class=\"translation-block\"><strong>Syst\u00e8me hydraulique<\/strong> : il comprend principalement le groupe hydraulique, fournissant la pression lorsque la machine fonctionne. <\/p>    <p>D'une mani\u00e8re g\u00e9n\u00e9rale, la pression est de 800 t, 1 000 t, 1 200 t, etc. <\/p>    <p>Le v\u00e9rin hydraulique agit sur le moule. Cela conf\u00e8re aux palettes en bois produites une densit\u00e9 \u00e9lev\u00e9e et une bonne capacit\u00e9 de charge.<\/p> <\/div><\/div>    <div class=\"wp-block-media-text alignwide has-media-on-the-right is-stacked-on-mobile\"><div class=\"wp-block-media-text__content\"> <p class=\"translation-block\"><strong>Armoire de commande<\/strong> : contr\u00f4le le fonctionnement des moules sup\u00e9rieur et inf\u00e9rieur.<\/p>    <p class=\"translation-block\"><strong>Section de travail des moules<\/strong> : produit les palettes en bois satisfaisantes.<\/p> <\/div><figure class=\"wp-block-media-text__media\"><img loading=\"lazy\" decoding=\"async\" width=\"720\" height=\"540\" src=\"https:\/\/shuliywoodmachine.com\/wp-content\/uploads\/2022\/09\/controal-cabnit-and-molds.webp\" alt=\"cabine de contr\u00f4le et moules\" class=\"wp-image-863 size-full\" title=\"\" srcset=\"https:\/\/shuliywoodmachine.com\/wp-content\/uploads\/2022\/09\/controal-cabnit-and-molds.webp 720w, https:\/\/shuliywoodmachine.com\/wp-content\/uploads\/2022\/09\/controal-cabnit-and-molds-300x225.webp 300w\" sizes=\"auto, (max-width: 720px) 100vw, 720px\" \/><\/figure><\/div>    <div class=\"wp-block-media-text alignwide is-stacked-on-mobile\"><figure class=\"wp-block-media-text__media\"><img loading=\"lazy\" decoding=\"async\" width=\"720\" height=\"540\" src=\"https:\/\/shuliywoodmachine.com\/wp-content\/uploads\/2022\/09\/mold-temperature-machine.webp\" alt=\"machine de temp\u00e9rature de moule\" class=\"wp-image-864 size-full\" title=\"\" srcset=\"https:\/\/shuliywoodmachine.com\/wp-content\/uploads\/2022\/09\/mold-temperature-machine.webp 720w, https:\/\/shuliywoodmachine.com\/wp-content\/uploads\/2022\/09\/mold-temperature-machine-300x225.webp 300w\" sizes=\"auto, (max-width: 720px) 100vw, 720px\" \/><\/figure><div class=\"wp-block-media-text__content\"> <p class=\"translation-block\"><strong>Machine de temp\u00e9rature de moule<\/strong> : connect\u00e9e au moule, elle fournit une temp\u00e9rature \u00e9lev\u00e9e. La temp\u00e9rature est g\u00e9n\u00e9ralement de 180\u2103. <\/p>    <p>En outre, il a besoin d'une huile conductrice de chaleur ou d'un four conducteur de chaleur, qui utilise g\u00e9n\u00e9ralement de l'huile conductrice de chaleur.<\/p> <\/div><\/div>    <h2 class=\"wp-block-heading\"><strong>Processus de travail de la machine \u00e0 palettes en bois press\u00e9<\/strong><\/h2>    <p>Avec des temp\u00e9ratures et des pressions \u00e9lev\u00e9es, les d\u00e9chets de bois peuvent \u00eatre transform\u00e9s en palettes en bois de qualit\u00e9. L'ensemble du processus de fabrication des palettes en bois est pr\u00e9sent\u00e9 comme suit\u00a0:<\/p>    <ul class=\"wp-block-list\"> <li>Tout d\u2019abord, le moule doit \u00eatre chauff\u00e9 \u00e0 180 \u2103, puis placer les mati\u00e8res premi\u00e8res au milieu du moule. Il convient de noter que les mati\u00e8res premi\u00e8res doivent \u00eatre pos\u00e9es \u00e0 plat sur le bord sup\u00e9rieur. <\/li>    <li>Ensuite, d\u00e9marrez la machine \u00e0 palettes en bois moul\u00e9. Il faut plus de 4 \u00e0 5 minutes pour fabriquer une palette.<\/li>    <li>Une fois termin\u00e9, le moule sup\u00e9rieur monte et le moule inf\u00e9rieur \u00e9jecte la palette. Le processus de production complet d\u2019une palette en bois est termin\u00e9.<\/li> <\/ul>    <figure class=\"wp-block-embed is-type-video is-provider-youtube wp-block-embed-youtube wp-embed-aspect-16-9 wp-has-aspect-ratio\"><div class=\"wp-block-embed__wrapper\"> <iframe loading=\"lazy\" title=\"Comment utiliser des balles de riz pour fabriquer des palettes en bois ? Machine de fabrication de palettes en bois moul\u00e9 \u00e0 vendre #recycling\" width=\"500\" height=\"281\" src=\"https:\/\/www.youtube.com\/embed\/D0EDtwjyMus?feature=oembed\" frameborder=\"0\" allow=\"accelerometer; autoplay; clipboard-write; encrypted-media; gyroscope; picture-in-picture; web-share\" referrerpolicy=\"strict-origin-when-cross-origin\" allowfullscreen><\/iframe> <\/div><figcaption class=\"wp-element-caption\">vid\u00e9o expliquant comment fabriquer des palettes en bois \u00e0 partir de balles de riz<\/figcaption><\/figure>    <h2 class=\"wp-block-heading\"><strong>Quels sont les avantages des palettes en bois ?<\/strong><\/h2>    <div class=\"wp-block-media-text alignwide is-stacked-on-mobile\"><figure class=\"wp-block-media-text__media\"><img loading=\"lazy\" decoding=\"async\" width=\"720\" height=\"540\" src=\"https:\/\/shuliywoodmachine.com\/wp-content\/uploads\/2022\/09\/wood-pallets.webp\" alt=\"palettes en bois\" class=\"wp-image-865 size-full\" title=\"\" srcset=\"https:\/\/shuliywoodmachine.com\/wp-content\/uploads\/2022\/09\/wood-pallets.webp 720w, https:\/\/shuliywoodmachine.com\/wp-content\/uploads\/2022\/09\/wood-pallets-300x225.webp 300w\" sizes=\"auto, (max-width: 720px) 100vw, 720px\" \/><\/figure><div class=\"wp-block-media-text__content\"> <ul class=\"wp-block-list\"> <li><strong>Importer \/ Exporter<\/strong>: bonne qualit\u00e9 des palettes en bois produites \u00e0 vendre.<\/li>    <li><strong>Sans fumigation<\/strong>: les palettes en bois sont sans fumigation.<\/li>    <li><strong>\u00c9cologique<\/strong>: parce qu'il est fabriqu\u00e9 \u00e0 partir de chutes recycl\u00e9es.<\/li>    <li><strong>Faible teneur en eau<\/strong>: les palettes en bois sont plus stables, ne se d\u00e9forment pas facilement et ont une longue dur\u00e9e de vie.<\/li>    <li><strong>Grande capacit\u00e9 de charge<\/strong>: par exemple, pour 1000*1000 palettes, la charge statique est de 5t-10t, et la charge dynamique est de 3-5t.<\/li>    <li><strong>\u00c9conomiser de l'espace<\/strong>: les palettes en bois peuvent \u00eatre empil\u00e9es et le pilier en caoutchouc de la palette peut \u00eatre r\u00e9tract\u00e9.<\/li> <\/ul> <\/div><\/div>    <h2 class=\"wp-block-heading\"><strong>Cas mondiaux de la machine de pressage \u00e0 chaud de palettes en bois Shuliy<\/strong><\/h2>    <p class=\"translation-block\"><strong>Machine de fabrication de palettes en bois SL-800 export\u00e9e au Mexique<\/strong><\/p>    <p>Ce client mexicain poss\u00e8de sa propre entreprise et a achet\u00e9 la machine \u00e0 palettes en bois principalement pour traiter les d\u00e9chets et les transformer en tr\u00e9sor pour son propre usage. <\/p>    <p>Attir\u00e9 par notre personnalisation de machine, notre rentabilit\u00e9 et notre service apr\u00e8s-vente, ce client a pass\u00e9 une commande pour la fabrication de palettes en bois de 1200*1000mm et 600*800mm.<\/p>    <p>Nous avons rapidement organis\u00e9 la production. Une fois termin\u00e9, nous avons organis\u00e9 le transport par mer.<\/p>    <figure class=\"wp-block-gallery has-nested-images columns-default is-cropped wp-block-gallery-4 is-layout-flex wp-block-gallery-is-layout-flex\"> <figure class=\"wp-block-image size-large\"><img loading=\"lazy\" decoding=\"async\" width=\"720\" height=\"540\" data-id=\"2173\" src=\"https:\/\/shuliywoodmachine.com\/wp-content\/uploads\/2022\/09\/compressed-wood-pallet-making-machine-for-sale.webp\" alt=\"machine de fabrication de palettes en bois comprim\u00e9 \u00e0 vendre\" class=\"wp-image-2173\" title=\"\" srcset=\"https:\/\/shuliywoodmachine.com\/wp-content\/uploads\/2022\/09\/compressed-wood-pallet-making-machine-for-sale.webp 720w, https:\/\/shuliywoodmachine.com\/wp-content\/uploads\/2022\/09\/compressed-wood-pallet-making-machine-for-sale-300x225.webp 300w, https:\/\/shuliywoodmachine.com\/wp-content\/uploads\/2022\/09\/compressed-wood-pallet-making-machine-for-sale-16x12.webp 16w\" sizes=\"auto, (max-width: 720px) 100vw, 720px\" \/><figcaption class=\"wp-element-caption\">Machine de fabrication de palettes en bois comprim\u00e9 \u00e0 vendre<\/figcaption><\/figure>    <figure class=\"wp-block-image size-large\"><img loading=\"lazy\" decoding=\"async\" width=\"720\" height=\"540\" data-id=\"2174\" src=\"https:\/\/shuliywoodmachine.com\/wp-content\/uploads\/2022\/09\/molded-sawdust-wood-pallet-machine.webp\" alt=\"machine \u00e0 palettes en bois de sciure moul\u00e9e\" class=\"wp-image-2174\" title=\"\" srcset=\"https:\/\/shuliywoodmachine.com\/wp-content\/uploads\/2022\/09\/molded-sawdust-wood-pallet-machine.webp 720w, https:\/\/shuliywoodmachine.com\/wp-content\/uploads\/2022\/09\/molded-sawdust-wood-pallet-machine-300x225.webp 300w, https:\/\/shuliywoodmachine.com\/wp-content\/uploads\/2022\/09\/molded-sawdust-wood-pallet-machine-16x12.webp 16w\" sizes=\"auto, (max-width: 720px) 100vw, 720px\" \/><figcaption class=\"wp-element-caption\">Machine de palettes en bois de sciure moul\u00e9e<\/figcaption><\/figure> <\/figure>    <h2 class=\"wp-block-heading\"><strong>Contactez-nous pour plus de d\u00e9tails sur la machine\u00a0!<\/strong><\/h2>    <p class=\"translation-block\">Nous fournissons non seulement des \u00e9quipements individuels, mais nous avons \u00e9galement la <a href=\"https:\/\/shuliywoodmachine.com\/fr\/product\/ligne-de-production-de-palettes-en-bois\/\">ligne de production compl\u00e8te de palettes en bois compress\u00e9<\/a> \u00e0 vendre pour vous aider \u00e0 r\u00e9aliser une production efficace. Nous sommes impatients de coop\u00e9rer avec vous et de fournir un service de haute qualit\u00e9 pour votre activit\u00e9 de <a href=\"https:\/\/en.wikipedia.org\/wiki\/Recycling\" target=\"_blank\" rel=\"noopener\">recyclage des d\u00e9chets<\/a>.<\/p>    <p>Si vous souhaitez en savoir plus sur nos \u00e9quipements, n'h\u00e9sitez pas \u00e0 nous contacter. Nous vous proposerons des solutions professionnelles pour r\u00e9pondre \u00e0 vos diff\u00e9rents besoins.<\/p>","protected":false},"excerpt":{"rendered":"<p>La machine \u00e0 palettes en bois Shuliy doit produire des palettes en bois de qualit\u00e9 \u00e0 partir de sciure de bois, de copeaux de bois, de balles de riz, etc. \u00e0 haute temp\u00e9rature et pression.<\/p>","protected":false},"author":1,"featured_media":681,"parent":0,"template":"","tags":[30,152,86],"product-type":[76],"class_list":["post-680","product","type-product","status-publish","has-post-thumbnail","hentry","tag-wood-crusher","tag-wood-pallet","tag-wood-pallet-machine","product-type-waste-wood-recycling-machine"],"_links":{"self":[{"href":"https:\/\/shuliywoodmachine.com\/fr\/wp-json\/wp\/v2\/product\/680","targetHints":{"allow":["GET"]}}],"collection":[{"href":"https:\/\/shuliywoodmachine.com\/fr\/wp-json\/wp\/v2\/product"}],"about":[{"href":"https:\/\/shuliywoodmachine.com\/fr\/wp-json\/wp\/v2\/types\/product"}],"author":[{"embeddable":true,"href":"https:\/\/shuliywoodmachine.com\/fr\/wp-json\/wp\/v2\/users\/1"}],"wp:featuredmedia":[{"embeddable":true,"href":"https:\/\/shuliywoodmachine.com\/fr\/wp-json\/wp\/v2\/media\/681"}],"wp:attachment":[{"href":"https:\/\/shuliywoodmachine.com\/fr\/wp-json\/wp\/v2\/media?parent=680"}],"wp:term":[{"taxonomy":"post_tag","embeddable":true,"href":"https:\/\/shuliywoodmachine.com\/fr\/wp-json\/wp\/v2\/tags?post=680"},{"taxonomy":"product-type","embeddable":true,"href":"https:\/\/shuliywoodmachine.com\/fr\/wp-json\/wp\/v2\/product-type?post=680"}],"curies":[{"name":"wp","href":"https:\/\/api.w.org\/{rel}","templated":true}]}}