{"id":969,"date":"2022-09-28T15:32:13","date_gmt":"2022-09-28T07:32:13","guid":{"rendered":"https:\/\/shuliywoodmachine.com\/?post_type=product&#038;p=969"},"modified":"2024-07-10T14:12:12","modified_gmt":"2024-07-10T06:12:12","slug":"wood-block-making-machine","status":"publish","type":"product","link":"https:\/\/shuliywoodmachine.com\/fr\/product\/machine-de-fabrication-de-blocs-de-bois\/","title":{"rendered":"Machine de fabrication de blocs de bois press\u00e9s"},"content":{"rendered":"<p class=\"translation-block\">La machine de fabrication de blocs de bois <strong>Shuliy<\/strong> sert \u00e0 produire des blocs de palettes en bois \u00e0 partir de sciure, copeaux de bois, rabots, coques de noix de coco, etc. par haute temp\u00e9rature et pression. L'humidit\u00e9 des mati\u00e8res premi\u00e8res doit \u00eatre &lt;10% et la taille doit \u00eatre d&#039;environ 1 cm. <\/p>    <p>Cette machine \u00e0 blocs de palettes en bois comprim\u00e9 a une large gamme de capacit\u00e9s en raison des diff\u00e9rentes quantit\u00e9s de sortie. Il est disponible en sorties doubles, triples, quatre t\u00eates, etc. La capacit\u00e9 varie de 3,5 \u00e0 9 m.<sup>3<\/sup>\/24h.<\/p>    <p>Selon la forme de la tr\u00e9mie, nous disposons de deux mod\u00e8les de presses \u00e0 chaud pour blocs de bois. L\u2019une est la machine \u00e0 tr\u00e9mies carr\u00e9es et l\u2019autre est la machine \u00e0 tr\u00e9mies rondes.<\/p>    <p>Mais les produits finaux sont tous deux des blocs de palettes en bois. Les blocs de palettes en bois ont deux formes : avec trous ou sans trous. De plus, en fonction de la hauteur, les blocs de bois peuvent \u00eatre divis\u00e9s en normes communes (2-3 mm) et normes europ\u00e9ennes (&gt; 3 mm). <\/p>    <figure class=\"wp-block-embed is-type-video is-provider-youtube wp-block-embed-youtube wp-embed-aspect-16-9 wp-has-aspect-ratio\"><div class=\"wp-block-embed__wrapper\"> <iframe loading=\"lazy\" title=\"Machine de fabrication de blocs de sciure de bois comprim\u00e9 | Machine de recyclage de sciure de bois de Shuliy #woodblock\" width=\"500\" height=\"281\" src=\"https:\/\/www.youtube.com\/embed\/6YkOjKRv2ss?feature=oembed\" frameborder=\"0\" allow=\"accelerometer; autoplay; clipboard-write; encrypted-media; gyroscope; picture-in-picture; web-share\" referrerpolicy=\"strict-origin-when-cross-origin\" allowfullscreen><\/iframe> <\/div><figcaption class=\"wp-element-caption\">vid\u00e9o de travail de la machine de fabrication de blocs de palettes en bois<\/figcaption><\/figure>    <h2 class=\"wp-block-heading\"><strong>Mati\u00e8res premi\u00e8res pour blocs de bois compress\u00e9s<\/strong><\/h2>    <p>Que peut-on utiliser comme mati\u00e8re premi\u00e8re si vous souhaitez produire des blocs de palettes en bois\u00a0?<\/p>    <p>Les \u00e9l\u00e9ments suivants peuvent \u00eatre utilis\u00e9s comme mati\u00e8res premi\u00e8res\u00a0: <\/p>    <p class=\"translation-block\"><strong>D\u00e9chets de bois, <a href=\"https:\/\/en.wikipedia.org\/wiki\/Woodchips\" target=\"_blank\" rel=\"noreferrer noopener\">copeaux de bois<\/a>, rabots, fibres, bambou, coques de noix de coco, d\u00e9chets de fabrication de meubles, d\u00e9chets de construction en bois, papier usag\u00e9, copeaux de bambou, \u00e9corce, brindilles, feuilles<\/strong>, etc. <\/p>   <div class=\"wp-block-image\"> <figure class=\"aligncenter size-full\"><img loading=\"lazy\" decoding=\"async\" width=\"720\" height=\"540\" src=\"https:\/\/shuliywoodmachine.com\/wp-content\/uploads\/2022\/09\/raw-materials-for-wood-pallet-making-machine.webp\" alt=\"mati\u00e8res premi\u00e8res pour la machine de fabrication de palettes en bois\" class=\"wp-image-857\" title=\"\" srcset=\"https:\/\/shuliywoodmachine.com\/wp-content\/uploads\/2022\/09\/raw-materials-for-wood-pallet-making-machine.webp 720w, https:\/\/shuliywoodmachine.com\/wp-content\/uploads\/2022\/09\/raw-materials-for-wood-pallet-making-machine-300x225.webp 300w\" sizes=\"auto, (max-width: 720px) 100vw, 720px\" \/><figcaption class=\"wp-element-caption\">mati\u00e8res premi\u00e8res pour la machine de fabrication de palettes en bois<\/figcaption><\/figure> <\/div>   <h2 class=\"wp-block-heading\"><strong>Formes et tailles des produits finaux<\/strong><\/h2>    <p>Apr\u00e8s avoir connu les mati\u00e8res premi\u00e8res, voyons maintenant ensemble les formes et les tailles du produit final fabriqu\u00e9 par la machine de fabrication de blocs de bois Shuliy. <\/p>   <div class=\"wp-block-image\"> <figure class=\"aligncenter\"><img loading=\"lazy\" decoding=\"async\" width=\"540\" height=\"540\" src=\"https:\/\/shuliywoodmachine.com\/wp-content\/uploads\/2022\/09\/finished-products-wood-blocks.webp\" alt=\"produits finis-blocs de bois\" class=\"wp-image-971\" title=\"\" srcset=\"https:\/\/shuliywoodmachine.com\/wp-content\/uploads\/2022\/09\/finished-products-wood-blocks.webp 540w, https:\/\/shuliywoodmachine.com\/wp-content\/uploads\/2022\/09\/finished-products-wood-blocks-300x300.webp 300w, https:\/\/shuliywoodmachine.com\/wp-content\/uploads\/2022\/09\/finished-products-wood-blocks-150x150.webp 150w\" sizes=\"auto, (max-width: 540px) 100vw, 540px\" \/><figcaption class=\"wp-element-caption\">produits finis-blocs de bois<\/figcaption><\/figure> <\/div>   <ul class=\"wp-block-list\"> <li>Bloc de palette en bois diff\u00e9rent <strong>formes<\/strong>: les produits finaux ont deux types solides et trou\u00e9s. <ul class=\"wp-block-list\"> <li><strong>Solide<\/strong>: \u00e9vite l'humidit\u00e9.<\/li>    <li><strong>Trou\u00e9<\/strong>: la chaleur dispara\u00eet rapidement et l'humidit\u00e9 s'\u00e9vapore \u00e9galement rapidement.<\/li> <\/ul> <\/li>    <li>Bloc de deux palettes en bois<strong> normes<\/strong>: <strong>conventionnel (2-3 mm)<\/strong> et <strong>Norme europ\u00e9enne (&gt; 3 mm)<\/strong>. <\/li>    <li>Commun <strong>tailles<\/strong>: 75*75mm, 90*90mm, 100*100mm, 145*145mm, 145*100mm, etc.<\/li> <\/ul>    <p>Pour la taille commune, il faut savoir :<\/p>    <ul class=\"wp-block-list\"> <li>La taille est &lt;100mm, c\u2019est conventionnel.<\/li>    <li>La taille est &gt;100mm, c'est la norme europ\u00e9enne.<\/li> <\/ul>   <div class=\"wp-block-image\"> <figure class=\"aligncenter size-full\"><img loading=\"lazy\" decoding=\"async\" width=\"720\" height=\"350\" src=\"https:\/\/shuliywoodmachine.com\/wp-content\/uploads\/2022\/09\/size-for-the-wood-blocks.webp\" alt=\"taille pour les blocs de bois\" class=\"wp-image-1013\" title=\"\" srcset=\"https:\/\/shuliywoodmachine.com\/wp-content\/uploads\/2022\/09\/size-for-the-wood-blocks.webp 720w, https:\/\/shuliywoodmachine.com\/wp-content\/uploads\/2022\/09\/size-for-the-wood-blocks-300x146.webp 300w\" sizes=\"auto, (max-width: 720px) 100vw, 720px\" \/><figcaption class=\"wp-element-caption\">taille pour les blocs de bois<\/figcaption><\/figure> <\/div>   <h2 class=\"wp-block-heading\"><strong>Avantages de la machine de fabrication de blocs de bois comprim\u00e9<\/strong><\/h2>    <ul class=\"wp-block-list\"> <li><strong>Production efficace<\/strong>. Cette machine de fabrication de blocs de palettes de sciure de bois a une capacit\u00e9 allant de 3,5 \u00e0 9 m<sup>3<\/sup>\/24h, ce qui est efficace.<\/li>    <li><strong>Op\u00e9ration facile<\/strong>. Interface de fonctionnement simple et intelligente, appuyez simplement sur le bouton de fonctionnement correspondant pour faire fonctionner la machine. M\u00eame les nouveaux utilisateurs peuvent rapidement comprendre les \u00e9l\u00e9ments essentiels du fonctionnement.<\/li>    <li><strong>Large application<\/strong>. Diff\u00e9rentes tailles et mat\u00e9riaux de bois peuvent \u00eatre utilis\u00e9s comme mati\u00e8res premi\u00e8res pour fabriquer des blocs de palettes en bois. Les d\u00e9chets de bois, les copeaux de bois, la sciure de bois, les copeaux de bois, etc. conviennent.<\/li>    <li><strong>Personnalisation<\/strong>. Nous pouvons personnaliser la machine en fonction des blocs de bois que vous souhaitez produire, y compris, mais sans s'y limiter, les quantit\u00e9s en sortie, la forme de la tr\u00e9mie, la tension, etc.<\/li> <\/ul>   <div class=\"wp-block-image\"> <figure class=\"aligncenter size-full\"><img loading=\"lazy\" decoding=\"async\" width=\"720\" height=\"540\" src=\"https:\/\/shuliywoodmachine.com\/wp-content\/uploads\/2022\/09\/wooden-pallet-block-making-machine-for-sale.webp\" alt=\"machine de fabrication de blocs de palettes en bois \u00e0 vendre\" class=\"wp-image-2130\" title=\"\" srcset=\"https:\/\/shuliywoodmachine.com\/wp-content\/uploads\/2022\/09\/wooden-pallet-block-making-machine-for-sale.webp 720w, https:\/\/shuliywoodmachine.com\/wp-content\/uploads\/2022\/09\/wooden-pallet-block-making-machine-for-sale-300x225.webp 300w, https:\/\/shuliywoodmachine.com\/wp-content\/uploads\/2022\/09\/wooden-pallet-block-making-machine-for-sale-16x12.webp 16w\" sizes=\"auto, (max-width: 720px) 100vw, 720px\" \/><figcaption class=\"wp-element-caption\">machine de fabrication de blocs de palettes en bois \u00e0 vendre<\/figcaption><\/figure> <\/div>   <h2 class=\"wp-block-heading\"><strong>Param\u00e8tres techniques de la machine commerciale de fabrication de blocs de bois<\/strong><\/h2>    <figure class=\"wp-block-table\"><table><tbody><tr><td><strong>Mod\u00e8le<\/strong><\/td><td><strong>Taille (mm)<\/strong><\/td><td><strong>Puissance (kW)<\/strong><\/td><td><strong>Capacit\u00e9(m<sup>3<\/sup>\/24h)<\/strong><\/td><td><strong>Densit\u00e9(kg\/m<sup>3<\/sup>)<\/strong><\/td><td><strong>Dimension(mm)<\/strong><\/td><td><strong>Poids (kg<\/strong>)<\/td><\/tr><tr><td>SL-75<\/td><td>75*75<\/td><td>15<\/td><td>3.5<\/td><td>550-600<\/td><td>4500*750*1200<\/td><td>1300<\/td><\/tr><tr><td>SL-90<\/td><td>90*90<\/td><td>15<\/td><td>4<\/td><td>550-600<\/td><td>4800*900*1200<\/td><td>1500<\/td><\/tr><tr><td>SL-100<\/td><td>100*100<\/td><td>16<\/td><td>6<\/td><td>550-600<\/td><td>5000*1000*1200<\/td><td>1800<\/td><\/tr><tr><td>SL-120<\/td><td>120*120<\/td><td>18<\/td><td>9<\/td><td>550-600<\/td><td>5500*1200*1200<\/td><td>2000<\/td><\/tr><\/tbody><\/table><figcaption class=\"wp-element-caption\">Sp\u00e9cifications de la machine \u00e0 blocs de palettes en bois press\u00e9<\/figcaption><\/figure>    <p>Lorsque vous choisissez une machine de fabrication de blocs de copeaux de bois, vous pouvez utiliser le produit fini comme r\u00e9f\u00e9rence. Nous pouvons vous recommander le mat\u00e9riel adapt\u00e9 en fonction de la taille de votre bloc de bois.<\/p>    <p>Par exemple, une machine \u00e0 blocs de bois \u00e0 3 t\u00eates ne peut fabriquer que des blocs de bois de moins de 100 mm avec une sortie de 6 \u00e0 7 m.<sup>3<\/sup>\/24h.<\/p>    <p>Alors si vous \u00eates int\u00e9ress\u00e9, contactez-nous d\u00e8s maintenant !<\/p>   <div class=\"wp-block-image\"> <figure class=\"aligncenter size-full\"><img loading=\"lazy\" decoding=\"async\" width=\"720\" height=\"540\" src=\"https:\/\/shuliywoodmachine.com\/wp-content\/uploads\/2022\/09\/wood-sawdust-block-making-machine-manufacturer.webp\" alt=\"fabricant de machine de fabrication de blocs de sciure de bois\" class=\"wp-image-2133\" title=\"\" srcset=\"https:\/\/shuliywoodmachine.com\/wp-content\/uploads\/2022\/09\/wood-sawdust-block-making-machine-manufacturer.webp 720w, https:\/\/shuliywoodmachine.com\/wp-content\/uploads\/2022\/09\/wood-sawdust-block-making-machine-manufacturer-300x225.webp 300w, https:\/\/shuliywoodmachine.com\/wp-content\/uploads\/2022\/09\/wood-sawdust-block-making-machine-manufacturer-16x12.webp 16w\" sizes=\"auto, (max-width: 720px) 100vw, 720px\" \/><figcaption class=\"wp-element-caption\">fabricant de machine de fabrication de blocs de sciure de bois<\/figcaption><\/figure> <\/div>   <h2 class=\"wp-block-heading\"><strong>Types de machines de fabrication de blocs de palettes en bois \u00e0 vendre<\/strong><\/h2>    <p>En fonction des formes de tr\u00e9mie, nous avons 2 mod\u00e8les disponibles. Jetons maintenant un coup d\u2019\u0153il \u00e0 chacun d\u2019eux.<\/p>    <div class=\"wp-block-media-text alignwide is-stacked-on-mobile\"><figure class=\"wp-block-media-text__media\"><img loading=\"lazy\" decoding=\"async\" width=\"720\" height=\"400\" src=\"https:\/\/shuliywoodmachine.com\/wp-content\/uploads\/2022\/09\/sawdust-block-machine-with-the-square-hopper.webp\" alt=\"machine \u00e0 blocs de sciure de bois avec tr\u00e9mie carr\u00e9e\" class=\"wp-image-982 size-full\" title=\"\" srcset=\"https:\/\/shuliywoodmachine.com\/wp-content\/uploads\/2022\/09\/sawdust-block-machine-with-the-square-hopper.webp 720w, https:\/\/shuliywoodmachine.com\/wp-content\/uploads\/2022\/09\/sawdust-block-machine-with-the-square-hopper-300x167.webp 300w\" sizes=\"auto, (max-width: 720px) 100vw, 720px\" \/><\/figure><div class=\"wp-block-media-text__content\"> <p class=\"translation-block\"><strong>Mod\u00e8le 1 : machine de fabrication de blocs de bois avec tr\u00e9mie carr\u00e9e<\/strong><\/p>    <p>D\u2019apparence, cette machine poss\u00e8de des tr\u00e9mies carr\u00e9es. La vis est au fond de la tr\u00e9mie.<\/p>    <p>Mettez les mati\u00e8res premi\u00e8res dans la tr\u00e9mie et pressez-les en blocs de bois.<\/p> <\/div><\/div>    <div class=\"wp-block-media-text alignwide has-media-on-the-right is-stacked-on-mobile\"><div class=\"wp-block-media-text__content\"> <p class=\"translation-block\"><strong>Mod\u00e8le 2 : machine \u00e0 blocs de sciure avec tr\u00e9mie ronde<\/strong><\/p>    <p>La plus grande diff\u00e9rence est que ce mod\u00e8le poss\u00e8de un moteur au-dessus de la tr\u00e9mie de la machine. <\/p>    <p>Gr\u00e2ce \u00e0 la connexion avec le moteur, il existe une fonction de m\u00e9lange, aidant les mati\u00e8res premi\u00e8res avant m\u00eame le moulage.<\/p> <\/div><figure class=\"wp-block-media-text__media\"><img loading=\"lazy\" decoding=\"async\" width=\"720\" height=\"400\" src=\"https:\/\/shuliywoodmachine.com\/wp-content\/uploads\/2022\/09\/wood-block-machine-with-the-round-hopper.webp\" alt=\"machine \u00e0 blocs de bois avec tr\u00e9mie ronde\" class=\"wp-image-983 size-full\" title=\"\" srcset=\"https:\/\/shuliywoodmachine.com\/wp-content\/uploads\/2022\/09\/wood-block-machine-with-the-round-hopper.webp 720w, https:\/\/shuliywoodmachine.com\/wp-content\/uploads\/2022\/09\/wood-block-machine-with-the-round-hopper-300x167.webp 300w\" sizes=\"auto, (max-width: 720px) 100vw, 720px\" \/><\/figure><\/div>    <h2 class=\"wp-block-heading\"><strong>Structure de la machine de fabrication de blocs de palettes en bois<\/strong><\/h2>    <figure class=\"wp-block-table\"><table><tbody><tr><td>S\/N<\/td><td>Nom de la pi\u00e8ce de machine<\/td><td>Fonction<\/td><\/tr><tr><td>1<\/td><td><strong>Chambre de contr\u00f4le<\/strong><\/td><td>R\u00e9glez tous les param\u00e8tres, ce qui est pratique et rapide. <br>De plus, l\u2019utilisation de la machine est s\u00fbre.<\/td><\/tr><tr><td>2<\/td><td><strong>Moteur<\/strong><\/td><td>Fournir de l'\u00e9nergie lorsque la machine fonctionne.<\/td><\/tr><tr><td>3<\/td><td><strong>Tr\u00e9mie<\/strong><\/td><td>Comme conteneur pour contenir les mati\u00e8res premi\u00e8res pour fabriquer des blocs.<\/td><\/tr><tr><td>4<\/td><td><strong>Chambre de travail<\/strong><\/td><td>Pi\u00e8ce centrale pour produire les blocs de bois appropri\u00e9s. Il contient une feuille haute temp\u00e9rature \u00e0 l\u2019int\u00e9rieur.<\/td><\/tr><tr><td>5<\/td><td><strong>Sortie<\/strong><\/td><td>Les produits finis sortent de ce point de vente.<\/td><\/tr><tr><td>6<\/td><td><strong>Machine de d\u00e9coupe<\/strong><\/td><td>Parce que le bloc est entier, vous devez utiliser la machine pour couper le bloc \u00e0 une taille satisfaisante. <br>Pour cette machine, Shuliy dispose d'une scierie manuelle et d'une machine de d\u00e9coupe automatique. Vous pouvez choisir en fonction de vos besoins.<\/td><\/tr><\/tbody><\/table><figcaption class=\"wp-element-caption\">composants de la machine de fabrication de blocs de bois comprim\u00e9<\/figcaption><\/figure>   <div class=\"wp-block-image\"> <figure class=\"aligncenter size-full\"><img loading=\"lazy\" decoding=\"async\" width=\"720\" height=\"400\" src=\"https:\/\/shuliywoodmachine.com\/wp-content\/uploads\/2022\/09\/wood-pallet-block-making-machine-structure.webp\" alt=\"structure de machine de fabrication de blocs de palettes en bois\" class=\"wp-image-979\" title=\"\" srcset=\"https:\/\/shuliywoodmachine.com\/wp-content\/uploads\/2022\/09\/wood-pallet-block-making-machine-structure.webp 720w, https:\/\/shuliywoodmachine.com\/wp-content\/uploads\/2022\/09\/wood-pallet-block-making-machine-structure-300x167.webp 300w\" sizes=\"auto, (max-width: 720px) 100vw, 720px\" \/><figcaption class=\"wp-element-caption\">structure de machine de fabrication de blocs de palettes en bois<\/figcaption><\/figure> <\/div>   <h2 class=\"wp-block-heading\"><strong>Comment traiter le bloc de sciure de bois ?<\/strong><\/h2>    <figure class=\"wp-block-gallery has-nested-images columns-default is-cropped wp-block-gallery-2 is-layout-flex wp-block-gallery-is-layout-flex\"> <figure class=\"wp-block-image size-large\"><img loading=\"lazy\" decoding=\"async\" width=\"720\" height=\"540\" data-id=\"2142\" src=\"https:\/\/shuliywoodmachine.com\/wp-content\/uploads\/2022\/09\/wood-blocks-processing-scene.webp\" alt=\"sc\u00e8ne de traitement des blocs de bois\" class=\"wp-image-2142\" title=\"\" srcset=\"https:\/\/shuliywoodmachine.com\/wp-content\/uploads\/2022\/09\/wood-blocks-processing-scene.webp 720w, https:\/\/shuliywoodmachine.com\/wp-content\/uploads\/2022\/09\/wood-blocks-processing-scene-300x225.webp 300w, https:\/\/shuliywoodmachine.com\/wp-content\/uploads\/2022\/09\/wood-blocks-processing-scene-16x12.webp 16w\" sizes=\"auto, (max-width: 720px) 100vw, 720px\" \/><figcaption class=\"wp-element-caption\">Sc\u00e8ne de traitement des blocs de bois<\/figcaption><\/figure>    <figure class=\"wp-block-image size-large\"><img loading=\"lazy\" decoding=\"async\" width=\"720\" height=\"540\" data-id=\"2143\" src=\"https:\/\/shuliywoodmachine.com\/wp-content\/uploads\/2022\/09\/wood-pallet-block-making-machine-in-working-conditions.webp\" alt=\"machine de fabrication de blocs de palettes en bois dans des conditions de travail\" class=\"wp-image-2143\" title=\"\" srcset=\"https:\/\/shuliywoodmachine.com\/wp-content\/uploads\/2022\/09\/wood-pallet-block-making-machine-in-working-conditions.webp 720w, https:\/\/shuliywoodmachine.com\/wp-content\/uploads\/2022\/09\/wood-pallet-block-making-machine-in-working-conditions-300x225.webp 300w, https:\/\/shuliywoodmachine.com\/wp-content\/uploads\/2022\/09\/wood-pallet-block-making-machine-in-working-conditions-16x12.webp 16w\" sizes=\"auto, (max-width: 720px) 100vw, 720px\" \/><figcaption class=\"wp-element-caption\">Machine de fabrication de blocs de palettes en bois dans des conditions de travail<\/figcaption><\/figure> <\/figure>    <p>En fait, il est tr\u00e8s facile de comprendre comment fonctionne la machine de fabrication de blocs de bois.<\/p>    <ul class=\"wp-block-list\"> <li>Tout d\u2019abord, mettez les mati\u00e8res premi\u00e8res dans la poubelle.<\/li>    <li>Ensuite, remuez les mati\u00e8res premi\u00e8res et les mat\u00e9riaux entreront dans la partie travaillante.<\/li>    <li>Ensuite, les mat\u00e9riaux subissent des conditions de temp\u00e9rature et de pression \u00e9lev\u00e9es, ce qui leur donne une forme.<\/li>    <li>Enfin, le bloc de bois entier est fa\u00e7onn\u00e9 et vous pouvez utiliser la petite machine \u00e0 d\u00e9couper pour couper les blocs selon les dimensions appropri\u00e9es.<\/li> <\/ul>    <figure class=\"wp-block-embed is-type-video is-provider-youtube wp-block-embed-youtube wp-embed-aspect-16-9 wp-has-aspect-ratio\"><div class=\"wp-block-embed__wrapper\"> <iframe loading=\"lazy\" title=\"Top 3 des machines de fabrication de blocs de palettes en bois sur le march\u00e9 de l&#039;Asie du Sud-Est - Bloc de palettes en bois compress\u00e9\" width=\"500\" height=\"281\" src=\"https:\/\/www.youtube.com\/embed\/XjxwthVhjks?feature=oembed\" frameborder=\"0\" allow=\"accelerometer; autoplay; clipboard-write; encrypted-media; gyroscope; picture-in-picture; web-share\" referrerpolicy=\"strict-origin-when-cross-origin\" allowfullscreen><\/iframe> <\/div><figcaption class=\"wp-element-caption\">vid\u00e9o sur le fonctionnement de la machine de fabrication de blocs de bois compress\u00e9s<\/figcaption><\/figure>    <h2 class=\"wp-block-heading\"><strong>Cas r\u00e9ussis de machine \u00e0 blocs de palettes en bois comprim\u00e9<\/strong><\/h2>    <p class=\"translation-block\"><strong>Machine de fabrication de blocs de copeaux de bois vendue en Indon\u00e9sie<\/strong><\/p>    <p>R\u00e9cemment, nous avons export\u00e9 la machine de pressage \u00e0 chaud de blocs de bois de sciure de bois vers l'Indon\u00e9sie. Au cours de la conversation, nous avons appris que ce client indon\u00e9sien poss\u00e8de une usine de transformation du bois et doit traiter les restes apr\u00e8s la transformation du bois et les vendre lui-m\u00eame. <\/p>    <p>C'est pourquoi notre directeur commercial lui a recommand\u00e9 notre machine de fabrication de blocs de bois. Attir\u00e9 par la production efficace, la personnalisation et la simplicit\u00e9 d'utilisation de notre machine, le client a imm\u00e9diatement pass\u00e9 commande.<\/p>    <p>Une fois la machine produite, nous l'avons livr\u00e9e \u00e0 destination par voie maritime.<\/p>   <div class=\"wp-block-image\"> <figure class=\"aligncenter size-full\"><img loading=\"lazy\" decoding=\"async\" width=\"720\" height=\"540\" src=\"https:\/\/shuliywoodmachine.com\/wp-content\/uploads\/2022\/09\/load-of-the-wood-block-making-machine.webp\" alt=\"charge de la machine de fabrication de blocs de bois\" class=\"wp-image-985\" title=\"\" srcset=\"https:\/\/shuliywoodmachine.com\/wp-content\/uploads\/2022\/09\/load-of-the-wood-block-making-machine.webp 720w, https:\/\/shuliywoodmachine.com\/wp-content\/uploads\/2022\/09\/load-of-the-wood-block-making-machine-300x225.webp 300w\" sizes=\"auto, (max-width: 720px) 100vw, 720px\" \/><figcaption class=\"wp-element-caption\">charge de la machine de fabrication de blocs de bois<\/figcaption><\/figure> <\/div>   <h2 class=\"wp-block-heading\"><strong>Contactez-nous pour une solution de recyclage des d\u00e9chets de bois !<\/strong><\/h2>    <p>Vous recherchez une solution efficace pour rentabiliser les d\u00e9chets de bois ? Si oui, contactez-nous maintenant !<\/p>    <p class=\"translation-block\">En tant que fabricant et fournisseur professionnel de machines \u00e0 bois, nous avons diff\u00e9rents \u00e9quipements de recyclage du bois pour vous aider \u00e0 r\u00e9aliser des b\u00e9n\u00e9fices, tels que <a href=\"https:\/\/shuliywoodmachine.com\/fr\/product\/machine-a-palettes-en-bois\/\" target=\"_blank\" rel=\"noreferrer noopener\">machine de palettes en bois compress\u00e9es<\/a> et machine de fabrication de blocs de palettes en bois. <\/p>    <p>Nous vous proposerons la solution la plus adapt\u00e9e \u00e0 vos demandes. Alors n\u2019h\u00e9sitez plus et contactez-nous imm\u00e9diatement !<\/p>   <div class=\"wp-block-image\"> <figure class=\"aligncenter size-full\"><img loading=\"lazy\" decoding=\"async\" width=\"720\" height=\"540\" src=\"https:\/\/shuliywoodmachine.com\/wp-content\/uploads\/2022\/09\/wood-block-making-machine-for-wood-waste-recycling.webp\" alt=\"machine de fabrication de blocs de bois pour le recyclage des d\u00e9chets de bois\" class=\"wp-image-2137\" title=\"\" srcset=\"https:\/\/shuliywoodmachine.com\/wp-content\/uploads\/2022\/09\/wood-block-making-machine-for-wood-waste-recycling.webp 720w, https:\/\/shuliywoodmachine.com\/wp-content\/uploads\/2022\/09\/wood-block-making-machine-for-wood-waste-recycling-300x225.webp 300w, https:\/\/shuliywoodmachine.com\/wp-content\/uploads\/2022\/09\/wood-block-making-machine-for-wood-waste-recycling-16x12.webp 16w\" sizes=\"auto, (max-width: 720px) 100vw, 720px\" \/><figcaption class=\"wp-element-caption\">machine de fabrication de blocs de bois pour le recyclage des d\u00e9chets de bois<\/figcaption><\/figure> <\/div>","protected":false},"excerpt":{"rendered":"<p>Shuliy wood block making machine is to produce wooden pallet blocks from sawdust, wood chips, wood shavings, coconut shells, etc. by high temperature and pressure. The moisture of raw materials should be &lt;10% and the size should be around 1cm. This compressed wood pallet block machine has a wide range of capacities due to different [&hellip;]<\/p>\n","protected":false},"author":1,"featured_media":998,"parent":0,"template":"","tags":[87,151,150,86],"product-type":[76],"class_list":["post-969","product","type-product","status-publish","has-post-thumbnail","hentry","tag-wood-block-making-machine","tag-wood-blocks","tag-wood-pallet-blocks","tag-wood-pallet-machine","product-type-waste-wood-recycling-machine"],"_links":{"self":[{"href":"https:\/\/shuliywoodmachine.com\/fr\/wp-json\/wp\/v2\/product\/969","targetHints":{"allow":["GET"]}}],"collection":[{"href":"https:\/\/shuliywoodmachine.com\/fr\/wp-json\/wp\/v2\/product"}],"about":[{"href":"https:\/\/shuliywoodmachine.com\/fr\/wp-json\/wp\/v2\/types\/product"}],"author":[{"embeddable":true,"href":"https:\/\/shuliywoodmachine.com\/fr\/wp-json\/wp\/v2\/users\/1"}],"wp:featuredmedia":[{"embeddable":true,"href":"https:\/\/shuliywoodmachine.com\/fr\/wp-json\/wp\/v2\/media\/998"}],"wp:attachment":[{"href":"https:\/\/shuliywoodmachine.com\/fr\/wp-json\/wp\/v2\/media?parent=969"}],"wp:term":[{"taxonomy":"post_tag","embeddable":true,"href":"https:\/\/shuliywoodmachine.com\/fr\/wp-json\/wp\/v2\/tags?post=969"},{"taxonomy":"product-type","embeddable":true,"href":"https:\/\/shuliywoodmachine.com\/fr\/wp-json\/wp\/v2\/product-type?post=969"}],"curies":[{"name":"wp","href":"https:\/\/api.w.org\/{rel}","templated":true}]}}