{"id":97,"date":"2022-07-08T07:42:24","date_gmt":"2022-07-08T07:42:24","guid":{"rendered":"https:\/\/shuliywoodmachine.com\/?post_type=product&#038;p=97"},"modified":"2025-04-24T11:21:48","modified_gmt":"2025-04-24T03:21:48","slug":"roller-debarker-log-debarker-machine","status":"publish","type":"product","link":"https:\/\/shuliywoodmachine.com\/fr\/product\/roller-debarker-log-debarker-machine\/","title":{"rendered":"\u00c9corceuse \u00e0 rouleaux | Machine \u00e0 \u00e9corcer les grumes"},"content":{"rendered":"<p class=\"translation-block\">Cette d\u00e9bardeuse \u00e0 rouleau est utilis\u00e9e pour enlever l'\u00e9corce du bois de billes pendant que le rouleau tourne et fonctionne. Ce type de <a href=\"https:\/\/shuliywoodmachine.com\/fr\/product\/wood-debarker-log-debarker\/\" target=\"_blank\" rel=\"noreferrer noopener\">machine \u00e0 d\u00e9barder les billes<\/a> \u00e0 vendre poss\u00e8de un double rouleau (g\u00e9n\u00e9ralement), am\u00e9liorant l'efficacit\u00e9 de travail et \u00e9conomisant du temps. Elle utilise le <a href=\"https:\/\/en.wikipedia.org\/wiki\/Engine\" target=\"_blank\" rel=\"noreferrer noopener\">moteur<\/a> pour soutenir son fonctionnement. De plus, la d\u00e9bardeuse \u00e0 vendre a de larges applications pour \u00e9corcer les branches, les bois irr\u00e9guliers, les sections de bois, etc. Apr\u00e8s le retrait de l'\u00e9corce, vous pouvez utiliser le broyeur \u00e0 bois pour continuer le processus. Si vous \u00eates int\u00e9ress\u00e9, n'h\u00e9sitez pas \u00e0 nous contacter !<\/p>    <figure class=\"wp-block-embed is-type-video is-provider-youtube wp-block-embed-youtube wp-embed-aspect-16-9 wp-has-aspect-ratio\"><div class=\"wp-block-embed__wrapper\"> <iframe loading=\"lazy\" title=\"Machine de d\u00e9barker pour pelage par lots de bois | Comment fonctionne la machine de d\u00e9barcation du journal? Traitement du bois de 2 \u00e0 4 m\" width=\"500\" height=\"281\" src=\"https:\/\/www.youtube.com\/embed\/rgVUWCXGTAA?feature=oembed\" frameborder=\"0\" allow=\"accelerometer; autoplay; clipboard-write; encrypted-media; gyroscope; picture-in-picture; web-share\" referrerpolicy=\"strict-origin-when-cross-origin\" allowfullscreen><\/iframe> <\/div><figcaption class=\"wp-element-caption\">Vid\u00e9o de la machine \u00e0 d\u00e9barquer des journaux<\/figcaption><\/figure>    <h2 class=\"wp-block-heading\" id=\"h-why-choose-the-double-roller-debarker-machine\"><strong>Pourquoi choisir l'\u00e9corceuse \u00e0 double rouleau ?<\/strong><\/h2>    <p class=\"translation-block\">Pour \u00eatre honn\u00eate, ce type de d\u00e9bardeuse \u00e0 rouleau est couramment utilis\u00e9 pour les scieries grandes, moyennes et petites, les usines de papier, les usines de panneaux, les usines de copeaux de bois, la foresterie, les scieries, les usines de contreplaqu\u00e9, etc. Ce type de <a href=\"https:\/\/shuliywoodmachine.com\/fr\/product\/wood-debarker\/\" target=\"_blank\" rel=\"noreferrer noopener\">\u00e9plucheur \u00e0 bois<\/a> a la capacit\u00e9 de traiter de petites branches, des bois irr\u00e9guliers, une grande quantit\u00e9 de bois, des segments de bois, etc. Donc, si vous avez ces mati\u00e8res premi\u00e8res similaires, choisir cette machine \u00e0 d\u00e9barder \u00e0 rouleau est le meilleur choix.<\/p>   <div class=\"wp-block-image\"> <figure class=\"aligncenter size-full\"><img loading=\"lazy\" decoding=\"async\" width=\"1117\" height=\"388\" src=\"https:\/\/shuliywoodmachine.com\/wp-content\/uploads\/2022\/09\/log-debarker-machine-applications.webp\" alt=\"applications de la machine \u00e0 \u00e9corcer les grumes\" class=\"wp-image-754\" title=\"\" srcset=\"https:\/\/shuliywoodmachine.com\/wp-content\/uploads\/2022\/09\/log-debarker-machine-applications.webp 1117w, https:\/\/shuliywoodmachine.com\/wp-content\/uploads\/2022\/09\/log-debarker-machine-applications-300x104.webp 300w, https:\/\/shuliywoodmachine.com\/wp-content\/uploads\/2022\/09\/log-debarker-machine-applications-1024x356.webp 1024w, https:\/\/shuliywoodmachine.com\/wp-content\/uploads\/2022\/09\/log-debarker-machine-applications-768x267.webp 768w\" sizes=\"auto, (max-width: 1117px) 100vw, 1117px\" \/><figcaption class=\"wp-element-caption\">applications de la machine \u00e0 \u00e9corcer les grumes<\/figcaption><\/figure> <\/div>   <h2 class=\"wp-block-heading\"><strong>Avantages de l'utilisation de l'\u00e9corceuse de grumes<\/strong><\/h2>    <p>G\u00e9n\u00e9ralement, l'\u00e9corceuse \u00e0 rouleaux peut traiter les bois avec une capacit\u00e9 de 5 \u00e0 18 t\/h. Ainsi, l'efficacit\u00e9 de travail est tr\u00e8s rapide et \u00e9lev\u00e9e. Lorsque vous souhaitez \u00e9corcer les bois par lots, cette machine est un bon choix.<\/p>    <p>En m\u00eame temps, des trous existent dans l'\u00e9corceuse \u00e0 double rouleau. Pendant le travail, les impuret\u00e9s sortent des trous, ce qui acc\u00e9l\u00e8re l'efficacit\u00e9 du travail et r\u00e9duit le nettoyage manuel.<\/p>    <p>Comme la machine adopte g\u00e9n\u00e9ralement un double rouleau, le convoyeur peut \u00eatre \u00e9quip\u00e9 et, dans une certaine mesure, le travail s'acc\u00e9l\u00e8re.<\/p>    <figure class=\"wp-block-gallery aligncenter has-nested-images columns-default is-cropped wp-block-gallery-2 is-layout-flex wp-block-gallery-is-layout-flex\"> <figure class=\"wp-block-image size-full\"><img loading=\"lazy\" decoding=\"async\" width=\"720\" height=\"540\" data-id=\"746\" src=\"https:\/\/shuliywoodmachine.com\/wp-content\/uploads\/2022\/09\/wood-roller-debarker-machine.webp\" alt=\"\u00e9corceuse \u00e0 rouleaux en bois\" class=\"wp-image-746\" title=\"\" srcset=\"https:\/\/shuliywoodmachine.com\/wp-content\/uploads\/2022\/09\/wood-roller-debarker-machine.webp 720w, https:\/\/shuliywoodmachine.com\/wp-content\/uploads\/2022\/09\/wood-roller-debarker-machine-300x225.webp 300w\" sizes=\"auto, (max-width: 720px) 100vw, 720px\" \/><figcaption class=\"wp-element-caption\">Machine d'\u00e9corceuse \u00e0 rouleaux en bois<\/figcaption><\/figure>    <figure class=\"wp-block-image size-full\"><img loading=\"lazy\" decoding=\"async\" width=\"720\" height=\"540\" data-id=\"748\" src=\"https:\/\/shuliywoodmachine.com\/wp-content\/uploads\/2022\/09\/double-roller-wood-debarker-with-the-conveyor.webp\" alt=\"\u00e9corceuse \u00e0 bois \u00e0 double rouleau avec convoyeur\" class=\"wp-image-748\" title=\"\" srcset=\"https:\/\/shuliywoodmachine.com\/wp-content\/uploads\/2022\/09\/double-roller-wood-debarker-with-the-conveyor.webp 720w, https:\/\/shuliywoodmachine.com\/wp-content\/uploads\/2022\/09\/double-roller-wood-debarker-with-the-conveyor-300x225.webp 300w\" sizes=\"auto, (max-width: 720px) 100vw, 720px\" \/><figcaption class=\"wp-element-caption\">\u00c9corceuse de bois \u00e0 double rouleau avec convoyeur<\/figcaption><\/figure> <\/figure>    <h2 class=\"wp-block-heading\"><strong>Comment fonctionne l'\u00e9corceuse \u00e0 rouleaux pour grumes ?<\/strong><\/h2>    <p>En fait, son principe de fonctionnement est tr\u00e8s simple. Mettez la mati\u00e8re premi\u00e8re du bois dans la zone de travail de l\u2019\u00e9corceuse \u00e0 rouleaux. La friction entre les doubles rouleaux et la friction entre la mati\u00e8re premi\u00e8re peuvent permettre au travail de pelage de se d\u00e9rouler en douceur et d'obtenir un bon effet d'\u00e9cor\u00e7age. Le taux de pelage de notre machine est sup\u00e9rieur \u00e0 95%.<\/p>   <div class=\"wp-block-image\"> <figure class=\"aligncenter size-full\"><img loading=\"lazy\" decoding=\"async\" width=\"720\" height=\"450\" src=\"https:\/\/shuliywoodmachine.com\/wp-content\/uploads\/2022\/09\/structure-details-of-roller-debarker.webp\" alt=\"d\u00e9tails de structure de l&#039;\u00e9corceuse \u00e0 rouleaux\" class=\"wp-image-756\" title=\"\" srcset=\"https:\/\/shuliywoodmachine.com\/wp-content\/uploads\/2022\/09\/structure-details-of-roller-debarker.webp 720w, https:\/\/shuliywoodmachine.com\/wp-content\/uploads\/2022\/09\/structure-details-of-roller-debarker-300x188.webp 300w\" sizes=\"auto, (max-width: 720px) 100vw, 720px\" \/><figcaption class=\"wp-element-caption\">d\u00e9tails de structure de l'\u00e9corceuse \u00e0 rouleaux<\/figcaption><\/figure> <\/div>   <h2 class=\"wp-block-heading\"><strong>Sp\u00e9cifications techniques de l'\u00e9corceuse de b\u00fbches de bois<\/strong><\/h2>    <figure class=\"wp-block-table\"><table><tbody><tr><td>Mod\u00e8le<\/td><td>SL-S500<\/td><td>SL-S600<\/td><td>SL-S700<\/td><td>SL-S800<\/td><\/tr><tr><td>Diam\u00e8tre du bois (mm)<\/td><td>50-200<\/td><td>50-300<\/td><td>50-400<\/td><td>50-500<\/td><\/tr><tr><td>Longueur du bois (m)<\/td><td>2-4<\/td><td>2-5<\/td><td>2-5<\/td><td>2-6<\/td><\/tr><tr><td>Capacit\u00e9 (T\/H)<\/td><td>5-6<\/td><td>6-8<\/td><td>10-12<\/td><td>15-18<\/td><\/tr><tr><td>Taux de pelage<\/td><td>&gt;95%<\/td><td>&gt;95%<\/td><td>&gt;95%<\/td><td>&gt;95%<\/td><\/tr><tr><td>Diam\u00e8tre du rouleau (mm)<\/td><td>250<\/td><td>274<\/td><td>370<\/td><td>540<\/td><\/tr><tr><td>Vitesse de rotation du rouleau (tr\/min)<\/td><td>230<\/td><td>230<\/td><td>200<\/td><td>180<\/td><\/tr><tr><td>Longueur du rouleau (mm)<\/td><td>580<\/td><td>580<\/td><td>580<\/td><td>580<\/td><\/tr><tr><td>Puissance (kW)<\/td><td>7.5*2<\/td><td>7.5*2<\/td><td>11*2<\/td><td>15*2<\/td><\/tr><tr><td>Poids (T)<\/td><td>2.5<\/td><td>2.8<\/td><td>3.5<\/td><td>6<\/td><\/tr><tr><td>Taille (L*W*H)(m)<\/td><td>6*2.1*1.5<\/td><td>6.02*2.26*1.52<\/td><td>6*2.5*1.6<\/td><td>6*2.8*1.7<\/td><\/tr><\/tbody><\/table><\/figure>    <p>Dans le tableau ci-dessus, plusieurs types sont disponibles pour votre choix. Lorsque vous avez besoin de ce type de machine \u00e0 bois, vous pouvez indiquer vos besoins, notamment la capacit\u00e9 de la machine, la configuration de la machine, la longueur du bois \u00e0 manipuler, etc. Notre responsable commercial vous fournira la meilleure solution en fonction de vos besoins.<\/p>","protected":false},"excerpt":{"rendered":"<p>This roller debarker is used for removing the log wood bark along with the roller rotating and working. This kind of log debarker machine for sale has a double roller(generally), improving the working efficiency and saving time. It uses the motor to support its work. Moreover, the debarker for sale has wide applications for stripping [&hellip;]<\/p>\n","protected":false},"author":1,"featured_media":757,"parent":0,"template":"","tags":[52,53,48,46,16,56,55],"product-type":[5],"class_list":["post-97","product","type-product","status-publish","has-post-thumbnail","hentry","tag-double-roller-debarker","tag-roller-debarker","tag-wood-debarker","tag-wood-debarker-machine","tag-wood-machine","tag-wood-peeler","tag-wood-peeling-machine","product-type-wood-debarker"],"_links":{"self":[{"href":"https:\/\/shuliywoodmachine.com\/fr\/wp-json\/wp\/v2\/product\/97","targetHints":{"allow":["GET"]}}],"collection":[{"href":"https:\/\/shuliywoodmachine.com\/fr\/wp-json\/wp\/v2\/product"}],"about":[{"href":"https:\/\/shuliywoodmachine.com\/fr\/wp-json\/wp\/v2\/types\/product"}],"author":[{"embeddable":true,"href":"https:\/\/shuliywoodmachine.com\/fr\/wp-json\/wp\/v2\/users\/1"}],"wp:featuredmedia":[{"embeddable":true,"href":"https:\/\/shuliywoodmachine.com\/fr\/wp-json\/wp\/v2\/media\/757"}],"wp:attachment":[{"href":"https:\/\/shuliywoodmachine.com\/fr\/wp-json\/wp\/v2\/media?parent=97"}],"wp:term":[{"taxonomy":"post_tag","embeddable":true,"href":"https:\/\/shuliywoodmachine.com\/fr\/wp-json\/wp\/v2\/tags?post=97"},{"taxonomy":"product-type","embeddable":true,"href":"https:\/\/shuliywoodmachine.com\/fr\/wp-json\/wp\/v2\/product-type?post=97"}],"curies":[{"name":"wp","href":"https:\/\/api.w.org\/{rel}","templated":true}]}}