{"id":11,"date":"2022-07-07T08:06:19","date_gmt":"2022-07-07T08:06:19","guid":{"rendered":"https:\/\/shuliywoodmachine.com\/?page_id=11"},"modified":"2022-07-18T09:11:44","modified_gmt":"2022-07-18T09:11:44","slug":"contact-us","status":"publish","type":"page","link":"https:\/\/shuliywoodmachine.com\/pt\/contate-nos\/","title":{"rendered":"Contate-nos"},"content":{"rendered":"<div class=\"wp-block-columns is-layout-flex wp-container-core-columns-is-layout-9d6595d7 wp-block-columns-is-layout-flex\"> <div class=\"wp-block-column is-layout-flow wp-block-column-is-layout-flow\"><\/div>    <div class=\"wp-block-column is-layout-flow wp-block-column-is-layout-flow\"> <h2 class=\"wp-block-heading\" id=\"h-shuliy-machinery-co-ltd\">M\u00e1quinas Shuliy Co., Ltd<\/h2>    <p>E-mail: info@shuliywoodmachine.com<\/p>    <p>WhatsApp\/Tel\/WeChat: +86 13673689272<\/p>    <p>Endere\u00e7o: Pra\u00e7a Zhengshang Jingkai, East Hanghai Road, ETDZ, Zhengzhou, Henan, China<\/p> <\/div> <\/div>    <div class=\"wp-block-columns is-layout-flex wp-container-core-columns-is-layout-9d6595d7 wp-block-columns-is-layout-flex\"> <div class=\"wp-block-column is-layout-flow wp-block-column-is-layout-flow\"> <div class=\"wp-block-columns is-layout-flex wp-container-core-columns-is-layout-9d6595d7 wp-block-columns-is-layout-flex\"> <div class=\"wp-block-column is-layout-flow wp-block-column-is-layout-flow\"> <div class=\"wp-block-columns is-layout-flex wp-container-core-columns-is-layout-9d6595d7 wp-block-columns-is-layout-flex\"> <div class=\"wp-block-column is-layout-flow wp-block-column-is-layout-flow\" style=\"flex-basis:100%\"><div class=\"wp-block-image\"> <figure class=\"aligncenter size-full\"><img loading=\"lazy\" decoding=\"async\" width=\"90\" height=\"86\" src=\"https:\/\/shuliywoodmachine.com\/wp-content\/uploads\/2022\/07\/CE.png\" alt=\"\" class=\"wp-image-473\" title=\"\"><\/figure> <\/div>   <h2 class=\"wp-block-heading\" id=\"h-ce-certificate\"><strong>Certificado CE<\/strong><\/h2>    <p>Nossos produtos possuem certificados CE. Isto expressa fortemente que nossas m\u00e1quinas t\u00eam grande for\u00e7a para competir nos mercados mundiais.<\/p> <\/div> <\/div> <\/div>    <div class=\"wp-block-column is-layout-flow wp-block-column-is-layout-flow\"> <div class=\"wp-block-columns is-layout-flex wp-container-core-columns-is-layout-9d6595d7 wp-block-columns-is-layout-flex\"> <div class=\"wp-block-column is-layout-flow wp-block-column-is-layout-flow\" style=\"flex-basis:100%\"><div class=\"wp-block-image\"> <figure class=\"aligncenter size-full\"><img loading=\"lazy\" decoding=\"async\" width=\"90\" height=\"86\" src=\"https:\/\/shuliywoodmachine.com\/wp-content\/uploads\/2022\/07\/24h-service.png\" alt=\"\" class=\"wp-image-474\" title=\"\"><\/figure> <\/div>   <h2 class=\"wp-block-heading\"><strong>Tempo de servi\u00e7o 24 horas por dia, 7 dias por semana<\/strong><\/h2>    <p>Oferecemos servi\u00e7o online 24 horas e estamos online 7 dias em uma semana. Sempre que voc\u00ea vier at\u00e9 n\u00f3s, poderemos responder muito em breve.<\/p> <\/div> <\/div> <\/div> <\/div> <\/div>    <div class=\"wp-block-column is-layout-flow wp-block-column-is-layout-flow\"> <div class=\"wp-block-columns is-layout-flex wp-container-core-columns-is-layout-9d6595d7 wp-block-columns-is-layout-flex\"> <div class=\"wp-block-column is-layout-flow wp-block-column-is-layout-flow\"> <div class=\"wp-block-columns is-layout-flex wp-container-core-columns-is-layout-9d6595d7 wp-block-columns-is-layout-flex\"> <div class=\"wp-block-column is-layout-flow wp-block-column-is-layout-flow\" style=\"flex-basis:100%\"><div class=\"wp-block-image\"> <figure class=\"aligncenter size-full\"><img loading=\"lazy\" decoding=\"async\" width=\"90\" height=\"86\" src=\"https:\/\/shuliywoodmachine.com\/wp-content\/uploads\/2022\/07\/HQ.png\" alt=\"\" class=\"wp-image-479\" title=\"\"><\/figure> <\/div>   <h2 class=\"wp-block-heading\"><strong>Alta qualidade<\/strong><\/h2>    <p>Realizamos um conjunto de rigorosos sistemas de controle de qualidade para monitorar e garantir a qualidade das m\u00e1quinas. Por exemplo, adotamos mat\u00e9rias-primas de alta qualidade para fabricar a m\u00e1quina. Al\u00e9m disso, nossos clientes est\u00e3o satisfeitos com nossas m\u00e1quinas.<\/p> <\/div> <\/div> <\/div>    <div class=\"wp-block-column is-layout-flow wp-block-column-is-layout-flow\"> <div class=\"wp-block-columns is-layout-flex wp-container-core-columns-is-layout-9d6595d7 wp-block-columns-is-layout-flex\"> <div class=\"wp-block-column is-layout-flow wp-block-column-is-layout-flow\" style=\"flex-basis:100%\"><div class=\"wp-block-image\"> <figure class=\"aligncenter size-full\"><img loading=\"lazy\" decoding=\"async\" width=\"90\" height=\"86\" src=\"https:\/\/shuliywoodmachine.com\/wp-content\/uploads\/2022\/07\/Tech.png\" alt=\"\" class=\"wp-image-480\" title=\"\"><\/figure> <\/div>   <h2 class=\"wp-block-heading\"><strong>Suporte t\u00e9cnico<\/strong><\/h2>    <p>Suporte de v\u00eddeo, orienta\u00e7\u00e3o online, manual, etc. Uma s\u00e9rie de suporte online e offline est\u00e1 anexada \u00e0 m\u00e1quina. Ainda, nosso t\u00e9cnico pode visitar seu local para ajudar de acordo com a situa\u00e7\u00e3o.<\/p> <\/div> <\/div> <\/div> <\/div> <\/div> <\/div>","protected":false},"excerpt":{"rendered":"<p>Shuliy Machinery Co., Ltd Email: info@shuliywoodmachine.com WhatsApp\/Tel\/WeChat: +86 13673689272 Address: Zhengshang Jingkai Square, East Hanghai Road, ETDZ, Zhengzhou, Henan, China CE certificate Our products have CE certificates. This strongly expresses our machines have the great strength to compete in the world markets. 24\/7 service time We offer 24h online service and are online for 7 [&hellip;]<\/p>\n","protected":false},"author":1,"featured_media":0,"parent":0,"menu_order":0,"comment_status":"closed","ping_status":"closed","template":"","meta":{"footnotes":""},"class_list":["post-11","page","type-page","status-publish","hentry"],"_links":{"self":[{"href":"https:\/\/shuliywoodmachine.com\/pt\/wp-json\/wp\/v2\/pages\/11","targetHints":{"allow":["GET"]}}],"collection":[{"href":"https:\/\/shuliywoodmachine.com\/pt\/wp-json\/wp\/v2\/pages"}],"about":[{"href":"https:\/\/shuliywoodmachine.com\/pt\/wp-json\/wp\/v2\/types\/page"}],"author":[{"embeddable":true,"href":"https:\/\/shuliywoodmachine.com\/pt\/wp-json\/wp\/v2\/users\/1"}],"replies":[{"embeddable":true,"href":"https:\/\/shuliywoodmachine.com\/pt\/wp-json\/wp\/v2\/comments?post=11"}],"version-history":[{"count":0,"href":"https:\/\/shuliywoodmachine.com\/pt\/wp-json\/wp\/v2\/pages\/11\/revisions"}],"wp:attachment":[{"href":"https:\/\/shuliywoodmachine.com\/pt\/wp-json\/wp\/v2\/media?parent=11"}],"curies":[{"name":"wp","href":"https:\/\/api.w.org\/{rel}","templated":true}]}}