{"id":8,"date":"2022-07-07T08:06:07","date_gmt":"2022-07-07T08:06:07","guid":{"rendered":"https:\/\/shuliywoodmachine.com\/?page_id=8"},"modified":"2022-09-21T07:57:37","modified_gmt":"2022-09-21T07:57:37","slug":"about-us","status":"publish","type":"page","link":"https:\/\/shuliywoodmachine.com\/pt\/about-us\/","title":{"rendered":"Sobre n\u00f3s"},"content":{"rendered":"<h2 class=\"wp-block-heading\"><strong><em>QUEM SOMOS N\u00d3S<\/em><\/strong><\/h2>    <div class=\"wp-block-media-text alignwide is-stacked-on-mobile\"><figure class=\"wp-block-media-text__media\"><img loading=\"lazy\" decoding=\"async\" width=\"1024\" height=\"536\" src=\"https:\/\/shuliywoodmachine.com\/wp-content\/uploads\/2022\/07\/shuliy-machinery-1024x536.jpg\" alt=\"\" class=\"wp-image-22 size-full\" title=\"\" srcset=\"https:\/\/shuliywoodmachine.com\/wp-content\/uploads\/2022\/07\/shuliy-machinery-1024x536.jpg 1024w, https:\/\/shuliywoodmachine.com\/wp-content\/uploads\/2022\/07\/shuliy-machinery-300x157.jpg 300w, https:\/\/shuliywoodmachine.com\/wp-content\/uploads\/2022\/07\/shuliy-machinery-768x402.jpg 768w, https:\/\/shuliywoodmachine.com\/wp-content\/uploads\/2022\/07\/shuliy-machinery.jpg 1352w\" sizes=\"auto, (max-width: 1024px) 100vw, 1024px\" \/><\/figure><div class=\"wp-block-media-text__content\"> <p class=\"has-text-align-left\">Shuliy Machinery \u00e9 muito famosa na ind\u00fastria de m\u00e1quinas para madeira e \u00e9 constru\u00edda h\u00e1 mais de 20 anos.<\/p>    <p class=\"translation-block\">Considerando o princ\u00edpio de \u201clevar a m\u00e1quina para todos os cantos do mundo\u201d, somos profundamente especializados nesta ind\u00fastria madeireira. Nossos produtos incluem: <strong><em><a href=\"https:\/\/shuliywoodmachine.com\/pt\/products\/wood-debarker\/\" target=\"_blank\" rel=\"noreferrer noopener\">descascador de madeira<\/a><\/em><\/strong>, <strong><em><a href=\"https:\/\/shuliywoodmachine.com\/pt\/products\/saw-mill\/\" target=\"_blank\" rel=\"noreferrer noopener\">serraria<\/a><\/em><\/strong>, <strong><em><a href=\"https:\/\/shuliywoodmachine.com\/pt\/product\/maquina-de-barbear-madeira\/\" target=\"_blank\" rel=\"noreferrer noopener\">m\u00e1quina de aparas de madeira<\/a><\/em><\/strong>, <strong><em><a href=\"https:\/\/shuliywoodmachine.com\/pt\/products\/wood-crusher\/\" target=\"_blank\" rel=\"noreferrer noopener\">triturador de madeira<\/a><\/em><\/strong>, <a href=\"https:\/\/shuliywoodmachine.com\/pt\/products\/wood-chipper\/\" target=\"_blank\" rel=\"noreferrer noopener\">m<strong><em>\u00e1quina de picar madeira<\/em><\/strong><\/a>, etc. S\u00e3o conhecidos mundialmente pela sua excelente qualidade, fun\u00e7\u00f5es potentes e forte adaptabilidade.<\/p>    <p><\/p> <\/div><\/div>    <div class=\"wp-block-media-text alignwide has-media-on-the-right is-stacked-on-mobile\"><figure class=\"wp-block-media-text__media\"><img loading=\"lazy\" decoding=\"async\" width=\"1024\" height=\"486\" src=\"https:\/\/shuliywoodmachine.com\/wp-content\/uploads\/2022\/07\/global-market.webp\" alt=\"mercado global\" class=\"wp-image-608 size-full\" title=\"\" srcset=\"https:\/\/shuliywoodmachine.com\/wp-content\/uploads\/2022\/07\/global-market.webp 1024w, https:\/\/shuliywoodmachine.com\/wp-content\/uploads\/2022\/07\/global-market-300x142.webp 300w, https:\/\/shuliywoodmachine.com\/wp-content\/uploads\/2022\/07\/global-market-768x365.webp 768w\" sizes=\"auto, (max-width: 1024px) 100vw, 1024px\" \/><\/figure><div class=\"wp-block-media-text__content\"> <p class=\"translation-block\">As nossas m\u00e1quinas para madeira s\u00e3o exportadas para mais de 100 pa\u00edses. Como a madeira est\u00e1 dispon\u00edvel em todo o mundo, as pessoas envolvidas na \u00e1rea da madeira s\u00e3o os nossos potenciais clientes. Atualmente, as nossas m\u00e1quinas para madeira foram vendidas para <strong>EUA, pa\u00edses europeus, \u00c1frica do Sul, Austr\u00e1lia, Mal\u00e1sia, But\u00e3o, Ucr\u00e2nia, EAU, Botswana, Eslov\u00e1quia, Roma, Filipinas, Canad\u00e1, Turquemenist\u00e3o, Ar\u00e1bia Saudita, <\/strong>e outros.<\/p> <\/div><\/div>    <p><\/p>    <h2 class=\"wp-block-heading\"><strong><em>PORQUE ESCOLHER-NOS<\/em><\/strong><\/h2>    <div class=\"wp-block-media-text alignwide has-media-on-the-right is-stacked-on-mobile\"><figure class=\"wp-block-media-text__media\"><img loading=\"lazy\" decoding=\"async\" width=\"548\" height=\"513\" src=\"https:\/\/shuliywoodmachine.com\/wp-content\/uploads\/2022\/07\/our-advanatges.jpg\" alt=\"\" class=\"wp-image-38 size-full\" title=\"\" srcset=\"https:\/\/shuliywoodmachine.com\/wp-content\/uploads\/2022\/07\/our-advanatges.jpg 548w, https:\/\/shuliywoodmachine.com\/wp-content\/uploads\/2022\/07\/our-advanatges-300x281.jpg 300w\" sizes=\"auto, (max-width: 548px) 100vw, 548px\" \/><\/figure><div class=\"wp-block-media-text__content\"> <blockquote class=\"wp-block-quote is-layout-flow wp-block-quote-is-layout-flow\"><p class=\"translation-block\"><strong>Conhecimento excelente e profissional<\/strong>. O nosso gerente de vendas tem um conhecimento rico e suficiente para fornecer a solu\u00e7\u00e3o perfeita que atende \u00e0s suas exig\u00eancias.<\/p><p><\/p><p class=\"translation-block\"><strong>Qualidade superior<\/strong>. Para a pr\u00f3pria m\u00e1quina, possui uma qualidade \u00fanica devido ao nosso rigoroso sistema de controle de qualidade. Em outras palavras, fornecemos uma m\u00e1quina de boa qualidade para facilitar o seu neg\u00f3cio.<\/p><p><\/p><p class=\"translation-block\"><strong>Servi\u00e7o p\u00f3s-venda atencioso<\/strong>. Ap\u00f3s a venda das m\u00e1quinas, o servi\u00e7o p\u00f3s-venda tamb\u00e9m \u00e9 importante. Inevitavelmente, haver\u00e1 mais ou menos problemas durante o uso da m\u00e1quina. A nossa equipa poder\u00e1 responder \u00e0s suas perguntas de um ponto de vista qualificado e profissional.<\/p><\/blockquote> <\/div><\/div>    <h2 class=\"has-text-align-left wp-block-heading\" id=\"h-honor\"><strong><em>HONRA<\/em><\/strong><\/h2>    <p>Shuliy Machinery \u00e9 popular em casa e a bordo, com muitos certificados. Por exemplo, \u00a0\u00a0listado abaixo:<\/p>    <p><\/p>    <figure class=\"wp-block-image size-large\"><img loading=\"lazy\" decoding=\"async\" width=\"1024\" height=\"323\" src=\"https:\/\/shuliywoodmachine.com\/wp-content\/uploads\/2022\/07\/certificate-1024x323.jpg\" alt=\"certificado\" class=\"wp-image-42\" title=\"\" srcset=\"https:\/\/shuliywoodmachine.com\/wp-content\/uploads\/2022\/07\/certificate-1024x323.jpg 1024w, https:\/\/shuliywoodmachine.com\/wp-content\/uploads\/2022\/07\/certificate-300x95.jpg 300w, https:\/\/shuliywoodmachine.com\/wp-content\/uploads\/2022\/07\/certificate-768x243.jpg 768w, https:\/\/shuliywoodmachine.com\/wp-content\/uploads\/2022\/07\/certificate-1536x485.jpg 1536w, https:\/\/shuliywoodmachine.com\/wp-content\/uploads\/2022\/07\/certificate.jpg 1900w\" sizes=\"auto, (max-width: 1024px) 100vw, 1024px\" \/><figcaption>Certificado<\/figcaption><\/figure>    <h2 class=\"wp-block-heading\" id=\"h-customer-feedback\"><strong>FEEDBACK DO CLIENTE<\/strong><\/h2>    <p>Nossos clientes de todo o mundo receberam nossa m\u00e1quina para madeira e nos enviaram boas cr\u00edticas. E eles tamb\u00e9m expressaram que queriam cooperar conosco (Shuliy Machinery) novamente, se houver alguma chance no futuro. <\/p>   <div class=\"wp-block-image\"> <figure class=\"aligncenter size-full\"><img loading=\"lazy\" decoding=\"async\" width=\"540\" height=\"540\" src=\"https:\/\/shuliywoodmachine.com\/wp-content\/uploads\/2022\/07\/customer-feedback.webp\" alt=\"feedback do cliente\" class=\"wp-image-492\" title=\"\" srcset=\"https:\/\/shuliywoodmachine.com\/wp-content\/uploads\/2022\/07\/customer-feedback.webp 540w, https:\/\/shuliywoodmachine.com\/wp-content\/uploads\/2022\/07\/customer-feedback-150x150.webp 150w, https:\/\/shuliywoodmachine.com\/wp-content\/uploads\/2022\/07\/customer-feedback-300x300.webp 300w\" sizes=\"auto, (max-width: 540px) 100vw, 540px\" \/><figcaption>feedback do cliente<\/figcaption><\/figure> <\/div>   <p><\/p>","protected":false},"excerpt":{"rendered":"<p>WHO ARE WE Shuliy Machinery is very famous in the wood machine industry and built for more than 20 years. Considering the \u201cbring the machine to every corner of the world\u201d&nbsp;as the principle, we are deeply expertised in this wood industry. Our products include: wood derbarker, saw mill, wood shaving machine, wood crusher, wood chipper, [&hellip;]<\/p>\n","protected":false},"author":1,"featured_media":22,"parent":0,"menu_order":0,"comment_status":"closed","ping_status":"closed","template":"","meta":{"footnotes":""},"class_list":["post-8","page","type-page","status-publish","has-post-thumbnail","hentry"],"_links":{"self":[{"href":"https:\/\/shuliywoodmachine.com\/pt\/wp-json\/wp\/v2\/pages\/8","targetHints":{"allow":["GET"]}}],"collection":[{"href":"https:\/\/shuliywoodmachine.com\/pt\/wp-json\/wp\/v2\/pages"}],"about":[{"href":"https:\/\/shuliywoodmachine.com\/pt\/wp-json\/wp\/v2\/types\/page"}],"author":[{"embeddable":true,"href":"https:\/\/shuliywoodmachine.com\/pt\/wp-json\/wp\/v2\/users\/1"}],"replies":[{"embeddable":true,"href":"https:\/\/shuliywoodmachine.com\/pt\/wp-json\/wp\/v2\/comments?post=8"}],"version-history":[{"count":0,"href":"https:\/\/shuliywoodmachine.com\/pt\/wp-json\/wp\/v2\/pages\/8\/revisions"}],"wp:featuredmedia":[{"embeddable":true,"href":"https:\/\/shuliywoodmachine.com\/pt\/wp-json\/wp\/v2\/media\/22"}],"wp:attachment":[{"href":"https:\/\/shuliywoodmachine.com\/pt\/wp-json\/wp\/v2\/media?parent=8"}],"curies":[{"name":"wp","href":"https:\/\/api.w.org\/{rel}","templated":true}]}}