{"id":1078,"date":"2022-11-17T14:59:24","date_gmt":"2022-11-17T06:59:24","guid":{"rendered":"https:\/\/shuliywoodmachine.com\/?post_type=product&#038;p=1078"},"modified":"2022-11-28T17:30:34","modified_gmt":"2022-11-28T09:30:34","slug":"biomass-pellet-making-machine","status":"publish","type":"product","link":"https:\/\/shuliywoodmachine.com\/pt\/product\/maquina-de-fazer-pelotas-de-biomassa\/","title":{"rendered":"M\u00e1quina para fabricar pelotas de biomassa"},"content":{"rendered":"<h2 class=\"wp-block-heading\"><strong>Princ\u00edpio de funcionamento da m\u00e1quina para fabricar pelotas de biomassa<\/strong><\/h2>    <div class=\"wp-block-media-text alignwide is-stacked-on-mobile\"><figure class=\"wp-block-media-text__media\"><img loading=\"lazy\" decoding=\"async\" width=\"720\" height=\"540\" src=\"https:\/\/shuliywoodmachine.com\/wp-content\/uploads\/2022\/11\/core-part-of-biomass-pellet-machine.webp\" alt=\"parte central da m\u00e1quina de pellets de biomassa\" class=\"wp-image-1100 size-full\" title=\"\" srcset=\"https:\/\/shuliywoodmachine.com\/wp-content\/uploads\/2022\/11\/core-part-of-biomass-pellet-machine.webp 720w, https:\/\/shuliywoodmachine.com\/wp-content\/uploads\/2022\/11\/core-part-of-biomass-pellet-machine-300x225.webp 300w\" sizes=\"auto, (max-width: 720px) 100vw, 720px\" \/><\/figure><div class=\"wp-block-media-text__content\"> <p>A m\u00e1quina de pellets de madeira produz pellets de biomassa de alta qualidade dependendo do rolo de prensa e da matriz. O atrito e a press\u00e3o entre essas pe\u00e7as podem elevar a temperatura e ent\u00e3o as mat\u00e9rias-primas (geralmente p\u00f3) s\u00e3o transformadas em pellets.  <\/p>    <p>Em seguida, os produtos (pelotas) sair\u00e3o do orif\u00edcio da matriz e tamb\u00e9m em fun\u00e7\u00e3o da extrus\u00e3o, formar\u00e3o o formato de um cilindro. <\/p>    <p>Por fim, os produtos ser\u00e3o cortados pela l\u00e2mina no comprimento esperado e depois descarregados pela sa\u00edda. <\/p> <\/div><\/div>    <h2 class=\"wp-block-heading\"><strong>Vantagens da m\u00e1quina para fabricar pellets de biomassa<\/strong><\/h2>    <ol class=\"wp-block-list\"> <li>Dois dispositivos de energia podem ser usados. Este tipo de m\u00e1quina para fabricar pellets de biomassa pode usar um motor el\u00e9trico ou diesel como pot\u00eancia para apoiar o trabalho da m\u00e1quina.<\/li>    <li>Estrutura f\u00e1cil e granula\u00e7\u00e3o conveniente, muito adequada para clientes que desejam produzir pellets de madeira.<\/li>    <li>Ampla adaptabilidade, pequena \u00e1rea \u00fatil, baixo ru\u00eddo e opera\u00e7\u00e3o est\u00e1vel.<\/li>    <li>Os pellets de madeira de biomassa produzidos por esta m\u00e1quina para fabricar pellets de biomassa t\u00eam fortes aplica\u00e7\u00f5es para aquecimento dom\u00e9stico, uso industrial e tamb\u00e9m como combust\u00edvel para usinas de energia.<\/li> <\/ol>   <div class=\"wp-block-image\"> <figure class=\"aligncenter size-full\"><img loading=\"lazy\" decoding=\"async\" width=\"720\" height=\"350\" src=\"https:\/\/shuliywoodmachine.com\/wp-content\/uploads\/2022\/11\/sawdust-pellet-machine-in-stock.webp\" alt=\"m\u00e1quina de pellets de serragem em estoque\" class=\"wp-image-1113\" title=\"\" srcset=\"https:\/\/shuliywoodmachine.com\/wp-content\/uploads\/2022\/11\/sawdust-pellet-machine-in-stock.webp 720w, https:\/\/shuliywoodmachine.com\/wp-content\/uploads\/2022\/11\/sawdust-pellet-machine-in-stock-300x146.webp 300w\" sizes=\"auto, (max-width: 720px) 100vw, 720px\" \/><figcaption class=\"wp-element-caption\">m\u00e1quina de pellets de serragem em estoque<\/figcaption><\/figure> <\/div>   <h2 class=\"wp-block-heading\"><strong>Como iniciar uma linha de produ\u00e7\u00e3o de pellets de biomassa?<\/strong><\/h2>    <p class=\"translation-block\"> Como <a href=\"https:\/\/shuliywoodmachine.com\/pt\/\" target=\"_blank\" rel=\"noreferrer noopener\">um fabricante e fornecedor profissional de m\u00e1quinas para madeira<\/a>, n\u00e3o temos apenas a m\u00e1quina de fabricar pellets de madeira, mas tamb\u00e9m a picadora de madeira, a trituradora de madeira, a <a href=\"https:\/\/shuliywoodmachine.com\/pt\/product\/maquina-de-barbear-madeira\/\" target=\"_blank\" rel=\"noreferrer noopener\">m\u00e1quina de aparas de madeira<\/a>, a m\u00e1quina de fabricar blocos de madeira, etc. Definitivamente, na nossa Shuliy machinery, pode equipar todas as m\u00e1quinas e equipamentos auxiliares que desejar. Para esta linha de produ\u00e7\u00e3o de pellets de madeira, se quiser melhorar extremamente a efici\u00eancia de trabalho, podemos aconselhar uma linha de produ\u00e7\u00e3o com forte praticabilidade. Inclui a esteira transportadora, misturador, tanque, etc.<\/p>   <div class=\"wp-block-image\"> <figure class=\"aligncenter size-full\"><img loading=\"lazy\" decoding=\"async\" width=\"720\" height=\"540\" src=\"https:\/\/shuliywoodmachine.com\/wp-content\/uploads\/2022\/11\/wood-pellet-production-line.webp\" alt=\"linha de produ\u00e7\u00e3o de pellets de madeira\" class=\"wp-image-1101\" title=\"\" srcset=\"https:\/\/shuliywoodmachine.com\/wp-content\/uploads\/2022\/11\/wood-pellet-production-line.webp 720w, https:\/\/shuliywoodmachine.com\/wp-content\/uploads\/2022\/11\/wood-pellet-production-line-300x225.webp 300w\" sizes=\"auto, (max-width: 720px) 100vw, 720px\" \/><figcaption class=\"wp-element-caption\">linha de produ\u00e7\u00e3o de pellets de madeira<\/figcaption><\/figure> <\/div>   <h2 class=\"wp-block-heading\"><strong>A brilhante perspectiva do <a href=\"https:\/\/en.wikipedia.org\/wiki\/Pellet_fuel\" target=\"_blank\" rel=\"noreferrer noopener\">pellets de madeira de biomassa<\/a><\/strong><\/h2>    <ol class=\"wp-block-list\"> <li>Como tema quente da bioenergia no mundo, desenvolveu uma tend\u00eancia. E os pellets de biomassa s\u00e3o f\u00e1ceis de produzir e usar em massa. Al\u00e9m disso, \u00e9 muito conveniente de usar.<\/li>    <li>Em compara\u00e7\u00e3o com o combust\u00edvel tradicional, os pellets de madeira de biomassa, como o novo tipo de biomassa, s\u00e3o muito econ\u00f3micos e apresentam benef\u00edcios ambientais, que est\u00e3o totalmente alinhados com os requisitos do desenvolvimento sustent\u00e1vel.<\/li>    <li>Os pellets de biomassa t\u00eam a vantagem de alta efici\u00eancia de combust\u00e3o, facilidade de queima e menor res\u00edduo de carbono, em compara\u00e7\u00e3o ao carv\u00e3o.<\/li>    <li>Baixo teor de componentes de gases nocivos, menos emiss\u00f5es de gases nocivos, com benef\u00edcios ambientais.<\/li>    <li>Os pellets de madeira tamb\u00e9m podem servir como ra\u00e7\u00e3o animal para cabras, galinhas, coelhos, porcos, etc. <\/li> <\/ol>   <div class=\"wp-block-image\"> <figure class=\"aligncenter size-full\"><img loading=\"lazy\" decoding=\"async\" width=\"720\" height=\"540\" src=\"https:\/\/shuliywoodmachine.com\/wp-content\/uploads\/2022\/11\/biomass-wood-pellets.webp\" alt=\"pellets de madeira de biomassa\" class=\"wp-image-1104\" title=\"\" srcset=\"https:\/\/shuliywoodmachine.com\/wp-content\/uploads\/2022\/11\/biomass-wood-pellets.webp 720w, https:\/\/shuliywoodmachine.com\/wp-content\/uploads\/2022\/11\/biomass-wood-pellets-300x225.webp 300w\" sizes=\"auto, (max-width: 720px) 100vw, 720px\" \/><figcaption class=\"wp-element-caption\">pellets de madeira de biomassa<\/figcaption><\/figure> <\/div>   <p>Assim, os pellets de madeira de biomassa t\u00eam amplas perspectivas. Se voc\u00ea deseja investir neste neg\u00f3cio, \u00e9 um bom come\u00e7o para voc\u00ea. Voc\u00ea pode informar ao nosso gerente de vendas suas necessidades, e nosso gerente de vendas profissional fornecer\u00e1 aconselhamento especializado para facilitar o seu neg\u00f3cio. <\/p>    <h2 class=\"wp-block-heading\"><strong>M\u00e1quina de fabrica\u00e7\u00e3o de pelotas de biomassa para venda<\/strong><\/h2>    <p>A m\u00e1quina de pellets de biomassa Shuliy \u00e9 de boa qualidade e pre\u00e7o baixo. \u00c9 uma m\u00e1quina econ\u00f4mica. Al\u00e9m disso, nossa m\u00e1quina para fabricar pellets de madeira de biomassa est\u00e1 em constante atualiza\u00e7\u00e3o, acompanhando as necessidades de desenvolvimento do mercado, vendendo m\u00e1quinas de alta qualidade para nossos clientes e contribuindo para os neg\u00f3cios de nossos clientes.<\/p>    <figure class=\"wp-block-gallery aligncenter has-nested-images columns-default is-cropped wp-block-gallery-2 is-layout-flex wp-block-gallery-is-layout-flex\"> <figure class=\"wp-block-image size-large\"><img loading=\"lazy\" decoding=\"async\" width=\"540\" height=\"720\" data-id=\"1118\" src=\"https:\/\/shuliywoodmachine.com\/wp-content\/uploads\/2022\/11\/biomass-pellets-making-machine.webp\" alt=\"m\u00e1quina de fazer pellets de biomassa\" class=\"wp-image-1118\" title=\"\" srcset=\"https:\/\/shuliywoodmachine.com\/wp-content\/uploads\/2022\/11\/biomass-pellets-making-machine.webp 540w, https:\/\/shuliywoodmachine.com\/wp-content\/uploads\/2022\/11\/biomass-pellets-making-machine-225x300.webp 225w\" sizes=\"auto, (max-width: 540px) 100vw, 540px\" \/><figcaption class=\"wp-element-caption\">M\u00e1quina para fabricar pelotas de biomassa<\/figcaption><\/figure>    <figure class=\"wp-block-image size-large\"><img loading=\"lazy\" decoding=\"async\" width=\"540\" height=\"720\" data-id=\"1119\" src=\"https:\/\/shuliywoodmachine.com\/wp-content\/uploads\/2022\/11\/wood-pellets-making-machine.webp\" alt=\"m\u00e1quina de fazer pellets de madeira\" class=\"wp-image-1119\" title=\"\" srcset=\"https:\/\/shuliywoodmachine.com\/wp-content\/uploads\/2022\/11\/wood-pellets-making-machine.webp 540w, https:\/\/shuliywoodmachine.com\/wp-content\/uploads\/2022\/11\/wood-pellets-making-machine-225x300.webp 225w\" sizes=\"auto, (max-width: 540px) 100vw, 540px\" \/><figcaption class=\"wp-element-caption\">M\u00e1quina para fazer pellets de madeira<\/figcaption><\/figure> <\/figure>    <h2 class=\"wp-block-heading\"><strong>Casos de sucesso da peletizadora de biomassa<\/strong><\/h2>    <p>Esta m\u00e1quina para fabricar pelotas de biomassa \u00e9 muito popular entre os clientes e \u00e9 frequentemente exportada para pa\u00edses estrangeiros, como a Indon\u00e9sia. Especialmente agora, com a chegada do inverno, a procura por combust\u00edvel de biomassa est\u00e1 a aumentar, por isso a procura pelo granulador de biomassa Shuliy est\u00e1 a aumentar. Agora temos estoque na f\u00e1brica e, ao exportar, primeiro embalaremos a m\u00e1quina de fazer pellets com caixas de madeira para evitar danos \u00e0 m\u00e1quina durante o transporte. Se houver necessidade, entre em contato conosco!<\/p>    <figure class=\"wp-block-gallery aligncenter has-nested-images columns-default is-cropped wp-block-gallery-3 is-layout-flex wp-block-gallery-is-layout-flex\"> <figure class=\"wp-block-image size-large\"><img loading=\"lazy\" decoding=\"async\" width=\"720\" height=\"540\" data-id=\"1120\" src=\"https:\/\/shuliywoodmachine.com\/wp-content\/uploads\/2022\/11\/biomass-pellet-making-machine-manufacturer.webp\" alt=\"fabricante de m\u00e1quina para fabricar pelotas de biomassa\" class=\"wp-image-1120\" title=\"\" srcset=\"https:\/\/shuliywoodmachine.com\/wp-content\/uploads\/2022\/11\/biomass-pellet-making-machine-manufacturer.webp 720w, https:\/\/shuliywoodmachine.com\/wp-content\/uploads\/2022\/11\/biomass-pellet-making-machine-manufacturer-300x225.webp 300w\" sizes=\"auto, (max-width: 720px) 100vw, 720px\" \/><figcaption class=\"wp-element-caption\">Fabricante de m\u00e1quina para fabricar pelotas de biomassa<\/figcaption><\/figure>    <figure class=\"wp-block-image size-large\"><img loading=\"lazy\" decoding=\"async\" width=\"720\" height=\"540\" data-id=\"1121\" src=\"https:\/\/shuliywoodmachine.com\/wp-content\/uploads\/2022\/11\/pack-wood-pellets-making-machine.webp\" alt=\"m\u00e1quina de fazer pellets de madeira\" class=\"wp-image-1121\" title=\"\" srcset=\"https:\/\/shuliywoodmachine.com\/wp-content\/uploads\/2022\/11\/pack-wood-pellets-making-machine.webp 720w, https:\/\/shuliywoodmachine.com\/wp-content\/uploads\/2022\/11\/pack-wood-pellets-making-machine-300x225.webp 300w\" sizes=\"auto, (max-width: 720px) 100vw, 720px\" \/><figcaption class=\"wp-element-caption\">M\u00e1quina para fabricar pellets de madeira<\/figcaption><\/figure> <\/figure>    <h2 class=\"wp-block-heading\"><strong>Par\u00e2metros t\u00e9cnicos da m\u00e1quina de fabrica\u00e7\u00e3o de pellets de biomassa<\/strong><\/h2>    <figure class=\"wp-block-table\"><table><tbody><tr><td>Modelo<\/td><td>SL-300<\/td><td>SL-400<\/td><td>SL-450<\/td><\/tr><tr><td>Pot\u00eancia (kW)<\/td><td>22+0.37<\/td><td>37+0.37<\/td><td>55+0.37<\/td><\/tr><tr><td>Produ\u00e7\u00e3o (kg\/h)<\/td><td>150-300<\/td><td>200-500<\/td><td>300-700<\/td><\/tr><\/tbody><\/table><\/figure>    <p>Este tipo de m\u00e1quina para fabricar pelotas de biomassa tem a m\u00e1quina individual e a linha completa de produ\u00e7\u00e3o de pelotas de biomassa dispon\u00edveis para sua escolha. Basta informar suas necessidades e nosso gerente de vendas fornecer\u00e1 a melhor solu\u00e7\u00e3o. <\/p>    <h2 class=\"wp-block-heading\"><strong>V\u00eddeo da m\u00e1quina de fazer pellets de biomassa da Shuliy<\/strong><\/h2>    <figure class=\"wp-block-embed is-type-video is-provider-youtube wp-block-embed-youtube wp-embed-aspect-16-9 wp-has-aspect-ratio\"><div class=\"wp-block-embed__wrapper\"> <iframe loading=\"lazy\" title=\"M\u00e1quina de pelotiza\u00e7\u00e3o de madeira de biomassa | Fabricante de pellets de madeira para produ\u00e7\u00e3o dom\u00e9stica e industrial #biomasspellets\" width=\"500\" height=\"281\" src=\"https:\/\/www.youtube.com\/embed\/h-daUNjUgwM?feature=oembed\" frameborder=\"0\" allow=\"accelerometer; autoplay; clipboard-write; encrypted-media; gyroscope; picture-in-picture; web-share\" referrerpolicy=\"strict-origin-when-cross-origin\" allowfullscreen><\/iframe> <\/div><\/figure>","protected":false},"excerpt":{"rendered":"<p>Working principle of the biomass pellet making machine The wood pellet machine produces high-quality biomass pellets depending on the press roller and die. The friction and pressure between these parts can make the temperature high, and then the raw materials (generally powder) are made into pellets. Then the products(pellets) will come out from the die [&hellip;]<\/p>\n","protected":false},"author":1,"featured_media":1088,"parent":0,"template":"","tags":[88,90,89],"product-type":[91],"class_list":["post-1078","product","type-product","status-publish","has-post-thumbnail","hentry","tag-biomass-pellet-making-machine","tag-wood-pellet-machine","tag-wood-pellet-mill","product-type-wood-pellet-machine"],"_links":{"self":[{"href":"https:\/\/shuliywoodmachine.com\/pt\/wp-json\/wp\/v2\/product\/1078","targetHints":{"allow":["GET"]}}],"collection":[{"href":"https:\/\/shuliywoodmachine.com\/pt\/wp-json\/wp\/v2\/product"}],"about":[{"href":"https:\/\/shuliywoodmachine.com\/pt\/wp-json\/wp\/v2\/types\/product"}],"author":[{"embeddable":true,"href":"https:\/\/shuliywoodmachine.com\/pt\/wp-json\/wp\/v2\/users\/1"}],"wp:featuredmedia":[{"embeddable":true,"href":"https:\/\/shuliywoodmachine.com\/pt\/wp-json\/wp\/v2\/media\/1088"}],"wp:attachment":[{"href":"https:\/\/shuliywoodmachine.com\/pt\/wp-json\/wp\/v2\/media?parent=1078"}],"wp:term":[{"taxonomy":"post_tag","embeddable":true,"href":"https:\/\/shuliywoodmachine.com\/pt\/wp-json\/wp\/v2\/tags?post=1078"},{"taxonomy":"product-type","embeddable":true,"href":"https:\/\/shuliywoodmachine.com\/pt\/wp-json\/wp\/v2\/product-type?post=1078"}],"curies":[{"name":"wp","href":"https:\/\/api.w.org\/{rel}","templated":true}]}}