{"id":1135,"date":"2022-11-22T16:30:41","date_gmt":"2022-11-22T08:30:41","guid":{"rendered":"https:\/\/shuliywoodmachine.com\/?post_type=product&#038;p=1135"},"modified":"2025-06-20T14:26:09","modified_gmt":"2025-06-20T06:26:09","slug":"wood-pellet-machine","status":"publish","type":"product","link":"https:\/\/shuliywoodmachine.com\/pt\/product\/maquina-de-pellets-de-madeira\/","title":{"rendered":"M\u00e1quina de pellets de madeira"},"content":{"rendered":"<p class=\"translation-block\">Uma m\u00e1quina de pellets de madeira \u00e9 uma m\u00e1quina ideal especificamente projetada para produzir v\u00e1rios tipos de pellets, que \u00e9 um moinho de pellets em forma de anel. Os pellets produzidos podem ser usados como ra\u00e7\u00e3o animal ou como combust\u00edvel de biomassa, combust\u00edvel para gera\u00e7\u00e3o de energia, etc. Na verdade, com a mesma fun\u00e7\u00e3o, existe tamb\u00e9m o <a href=\"https:\/\/shuliywoodmachine.com\/pt\/product\/maquina-de-fazer-pelotas-de-biomassa\/\" target=\"_blank\" rel=\"noreferrer noopener\">moinho de pellets de madeira<\/a>, ambos realizando a produ\u00e7\u00e3o de pellets. Se voc\u00ea estiver interessado, entre em contato conosco para mais detalhes! E nosso gerente de vendas oferecer\u00e1 uma \u00f3tima solu\u00e7\u00e3o para facilitar seu neg\u00f3cio.<\/p>    <figure class=\"wp-block-embed is-type-video is-provider-youtube wp-block-embed-youtube wp-embed-aspect-16-9 wp-has-aspect-ratio\"><div class=\"wp-block-embed__wrapper\"> <iframe loading=\"lazy\" title=\"M\u00e1quina de pellets de biomassa eficiente da serragem de madeira como combust\u00edveis de biomassa, combust\u00e3o industrial\" width=\"500\" height=\"281\" src=\"https:\/\/www.youtube.com\/embed\/Dkj1ubxD4F0?feature=oembed\" frameborder=\"0\" allow=\"accelerometer; autoplay; clipboard-write; encrypted-media; gyroscope; picture-in-picture; web-share\" referrerpolicy=\"strict-origin-when-cross-origin\" allowfullscreen><\/iframe> <\/div><figcaption class=\"wp-element-caption\">fabricante de pellets de madeira<\/figcaption><\/figure>    <h2 class=\"wp-block-heading\"><strong>Uma breve introdu\u00e7\u00e3o \u00e0 m\u00e1quina industrial de pellets de madeira<\/strong><\/h2>    <p class=\"has-text-align-left\">A m\u00e1quina de pelotiza\u00e7\u00e3o de lascas de madeira Shuliy est\u00e1 constantemente inovando e atualizando, adaptando-se \u00e0s necessidades do mercado e dos nossos clientes. Este moinho de pelotas de lascas de madeira da nossa empresa \u00e9, na verdade, em forma de anel e possui uma maior capacidade. Al\u00e9m disso, este moinho de pelotas de biomassa \u00e9 mais rent\u00e1vel e utiliza materiais de alta qualidade para a produ\u00e7\u00e3o da m\u00e1quina. Al\u00e9m disso, esta m\u00e1quina pode ser combinada com outras m\u00e1quinas para formar uma grande linha de produ\u00e7\u00e3o de pelotas, a fim de atender \u00e0s necessidades de diferentes clientes.<\/p>    <figure class=\"wp-block-gallery aligncenter has-nested-images columns-default is-cropped wp-block-gallery-2 is-layout-flex wp-block-gallery-is-layout-flex\"> <figure class=\"wp-block-image size-large\"><img loading=\"lazy\" decoding=\"async\" width=\"720\" height=\"540\" data-id=\"1182\" src=\"https:\/\/shuliywoodmachine.com\/wp-content\/uploads\/2022\/11\/biomass-wood-pellet-machine.webp\" alt=\"m\u00e1quina de pellets de madeira de biomassa\" class=\"wp-image-1182\" title=\"\" srcset=\"https:\/\/shuliywoodmachine.com\/wp-content\/uploads\/2022\/11\/biomass-wood-pellet-machine.webp 720w, https:\/\/shuliywoodmachine.com\/wp-content\/uploads\/2022\/11\/biomass-wood-pellet-machine-300x225.webp 300w\" sizes=\"auto, (max-width: 720px) 100vw, 720px\" \/><figcaption class=\"wp-element-caption\">M\u00e1quina de pellets de madeira de biomassa<\/figcaption><\/figure>    <figure class=\"wp-block-image size-large\"><img loading=\"lazy\" decoding=\"async\" width=\"720\" height=\"540\" data-id=\"1183\" src=\"https:\/\/shuliywoodmachine.com\/wp-content\/uploads\/2022\/11\/wood-pellets-making-machine-1.webp\" alt=\"m\u00e1quina de fazer pellets de madeira\" class=\"wp-image-1183\" title=\"\" srcset=\"https:\/\/shuliywoodmachine.com\/wp-content\/uploads\/2022\/11\/wood-pellets-making-machine-1.webp 720w, https:\/\/shuliywoodmachine.com\/wp-content\/uploads\/2022\/11\/wood-pellets-making-machine-1-300x225.webp 300w\" sizes=\"auto, (max-width: 720px) 100vw, 720px\" \/><figcaption class=\"wp-element-caption\">M\u00e1quina para fazer pellets de madeira<\/figcaption><\/figure> <\/figure>    <p>Normalmente, a m\u00e1quina para fabricar pellets de madeira desempenha um papel muito importante no setor industrial. Se voc\u00ea deseja investir neste tipo de produ\u00e7\u00e3o de pellets de madeira, primeiro pode adquirir uma m\u00e1quina individual para produ\u00e7\u00e3o. Posteriormente, caso pretenda ampliar a escala de produ\u00e7\u00e3o, poder\u00e1 contactar-nos para a aquisi\u00e7\u00e3o de diversas instala\u00e7\u00f5es auxiliares.<\/p>    <h2 class=\"wp-block-heading\"><strong>Mat\u00e9rias-primas para fabrica\u00e7\u00e3o de pellets de madeira<\/strong><\/h2>    <p class=\"translation-block\">A produ\u00e7\u00e3o de pellets de madeira pode usar v\u00e1rios tipos de mat\u00e9rias-primas. As mat\u00e9rias-primas incluem, mas n\u00e3o se limitam a, casca de moinho de arroz\/milho, cascas de amendoim, talos de algod\u00e3o, lascas de madeira, aparas de madeira, serragem de <a href=\"https:\/\/shuliywoodmachine.com\/pt\/product\/maquina-de-serraria-de-madeira\/\" target=\"_blank\" rel=\"noreferrer noopener\">moinhos de serra<\/a>, palha de trigo, cascas de coco, talos de milho, p\u00f3 de bambu, galhos, casca de \u00e1rvore, variedade de mel\u00e3o e frutas, cascas de sementes de girassol, madeira, etc. Se voc\u00ea tiver alguma d\u00favida, entre em contato conosco para classifica\u00e7\u00e3o!<\/p>    <figure class=\"wp-block-gallery aligncenter has-nested-images columns-default is-cropped wp-block-gallery-3 is-layout-flex wp-block-gallery-is-layout-flex\"> <figure class=\"wp-block-image size-large\"><img loading=\"lazy\" decoding=\"async\" width=\"720\" height=\"540\" data-id=\"1140\" src=\"https:\/\/shuliywoodmachine.com\/wp-content\/uploads\/2022\/11\/raw-materials-for-wood-pellets.webp\" alt=\"mat\u00e9rias-primas para pellets de madeira\" class=\"wp-image-1140\" title=\"\" srcset=\"https:\/\/shuliywoodmachine.com\/wp-content\/uploads\/2022\/11\/raw-materials-for-wood-pellets.webp 720w, https:\/\/shuliywoodmachine.com\/wp-content\/uploads\/2022\/11\/raw-materials-for-wood-pellets-300x225.webp 300w\" sizes=\"auto, (max-width: 720px) 100vw, 720px\" \/><figcaption class=\"wp-element-caption\">Mat\u00e9rias-primas para pellets de madeira<\/figcaption><\/figure>    <figure class=\"wp-block-image size-large\"><img loading=\"lazy\" decoding=\"async\" width=\"720\" height=\"540\" data-id=\"1185\" src=\"https:\/\/shuliywoodmachine.com\/wp-content\/uploads\/2022\/11\/various-wood-pellets.webp\" alt=\"v\u00e1rios pellets de madeira\" class=\"wp-image-1185\" title=\"\" srcset=\"https:\/\/shuliywoodmachine.com\/wp-content\/uploads\/2022\/11\/various-wood-pellets.webp 720w, https:\/\/shuliywoodmachine.com\/wp-content\/uploads\/2022\/11\/various-wood-pellets-300x225.webp 300w\" sizes=\"auto, (max-width: 720px) 100vw, 720px\" \/><figcaption class=\"wp-element-caption\">V\u00e1rios pellets de madeira<\/figcaption><\/figure> <\/figure>    <p class=\"translation-block\"><strong>Nota: condi\u00e7\u00f5es gerais para produ\u00e7\u00e3o de pellets de madeira<\/strong><\/p>    <p>Na produ\u00e7\u00e3o de pellets de madeira, o tamanho dessas mat\u00e9rias-primas deve ser inferior a 1 cm e a umidade deve ser inferior a 15%. <\/p>    <h2 class=\"wp-block-heading\"><strong>Aplica\u00e7\u00f5es de <a href=\"https:\/\/en.wikipedia.org\/wiki\/Biomass\" target=\"_blank\" rel=\"noreferrer noopener\">pelotas de biomassa de madeira<\/a><\/strong><\/h2>    <p>Os pellets de madeira produzidos podem ser utilizados como ra\u00e7\u00e3o animal ou como diversos combust\u00edveis. Esses pellets de madeira podem ser usados \u200b\u200bpara uso dom\u00e9stico, caldeiras industriais, usinas de energia, f\u00e1bricas de produtos qu\u00edmicos, ind\u00fastria aliment\u00edcia, equipamentos de processamento de madeira, f\u00e1bricas de fertilizantes, etc. Mais Informa\u00e7\u00f5es!<\/p>   <div class=\"wp-block-image\"> <figure class=\"aligncenter size-full\"><img loading=\"lazy\" decoding=\"async\" width=\"720\" height=\"540\" src=\"https:\/\/shuliywoodmachine.com\/wp-content\/uploads\/2022\/11\/applications-of-wood-pellets.webp\" alt=\"aplica\u00e7\u00f5es de pellets de madeira\" class=\"wp-image-1143\" title=\"\" srcset=\"https:\/\/shuliywoodmachine.com\/wp-content\/uploads\/2022\/11\/applications-of-wood-pellets.webp 720w, https:\/\/shuliywoodmachine.com\/wp-content\/uploads\/2022\/11\/applications-of-wood-pellets-300x225.webp 300w\" sizes=\"auto, (max-width: 720px) 100vw, 720px\" \/><figcaption class=\"wp-element-caption\">aplica\u00e7\u00f5es de pellets de madeira<\/figcaption><\/figure> <\/div>   <h2 class=\"wp-block-heading\"><strong>Estrutura da m\u00e1quina de pellets de madeira de biomassa<\/strong><\/h2>    <p>O equipamento de pellets de madeira Shuliy possui uma estrutura bastante razo\u00e1vel, boa para os usu\u00e1rios. A estrutura da peletizadora de madeira possui motor, entrada de mat\u00e9ria-prima, c\u00e2mara de pelotiza\u00e7\u00e3o para produ\u00e7\u00e3o dos pellets de biomassa e sa\u00edda para descarga dos pellets acabados. Esta \u00e9 a parte principal para construir a m\u00e1quina de pellets de madeira com matriz de anel. Al\u00e9m disso, possui outras pe\u00e7as, como ventilador, painel de controle, etc. <\/p>   <div class=\"wp-block-image\"> <figure class=\"aligncenter size-full\"><img loading=\"lazy\" decoding=\"async\" width=\"720\" height=\"540\" src=\"https:\/\/shuliywoodmachine.com\/wp-content\/uploads\/2022\/11\/wood-pellet-mill-machine-structure.webp\" alt=\"estrutura da m\u00e1quina de pellets de madeira\" class=\"wp-image-1142\" title=\"\" srcset=\"https:\/\/shuliywoodmachine.com\/wp-content\/uploads\/2022\/11\/wood-pellet-mill-machine-structure.webp 720w, https:\/\/shuliywoodmachine.com\/wp-content\/uploads\/2022\/11\/wood-pellet-mill-machine-structure-300x225.webp 300w\" sizes=\"auto, (max-width: 720px) 100vw, 720px\" \/><figcaption class=\"wp-element-caption\">estrutura da m\u00e1quina de pellets de madeira<\/figcaption><\/figure> <\/div>   <h2 class=\"wp-block-heading\"><strong>Como funciona uma m\u00e1quina de pellets de madeira?<\/strong><\/h2>    <ol class=\"wp-block-list\"> <li>As mat\u00e9rias-primas s\u00e3o transportadas pela entrada para a c\u00e2mara de pelotiza\u00e7\u00e3o. Sob a gravidade natural e a for\u00e7a centr\u00edfuga pela rota\u00e7\u00e3o da matriz do anel, o material \u00e9 pressionado contra a parede interna.<\/li>    <li>Sob a a\u00e7\u00e3o da faca, o material \u00e9 alimentado de maneira uniforme e cont\u00ednua.<\/li>    <li>Devido ao design do interior da c\u00e2mara de pelotiza\u00e7\u00e3o, forma uma certa press\u00e3o de compress\u00e3o (\u00e1rea de compress\u00e3o).<\/li>    <li>Devido \u00e0 alimenta\u00e7\u00e3o dos materiais, sob a forte extrus\u00e3o entre a matriz e o rolo, o material \u00e9 compactado e espremido no orif\u00edcio da matriz e formado no orif\u00edcio da matriz.<\/li>    <li>O material \u00e9 alimentado continuamente e novamente comprimido em forma. Os produtos moldados s\u00e3o extrudados do orif\u00edcio da matriz e depois cortados no comprimento necess\u00e1rio.<\/li>    <li>Finalmente, os pellets de madeira acabados s\u00e3o descarregados e descartados pela sa\u00edda.<\/li> <\/ol>    <figure class=\"wp-block-gallery aligncenter has-nested-images columns-default is-cropped wp-block-gallery-4 is-layout-flex wp-block-gallery-is-layout-flex\"> <figure class=\"wp-block-image size-full\"><img loading=\"lazy\" decoding=\"async\" width=\"720\" height=\"540\" data-id=\"1188\" src=\"https:\/\/shuliywoodmachine.com\/wp-content\/uploads\/2022\/11\/ring-die-wood-pellet-mill.webp\" alt=\"moinho de pelotiza\u00e7\u00e3o de madeira com matriz de anel\" class=\"wp-image-1188\" title=\"\" srcset=\"https:\/\/shuliywoodmachine.com\/wp-content\/uploads\/2022\/11\/ring-die-wood-pellet-mill.webp 720w, https:\/\/shuliywoodmachine.com\/wp-content\/uploads\/2022\/11\/ring-die-wood-pellet-mill-300x225.webp 300w\" sizes=\"auto, (max-width: 720px) 100vw, 720px\" \/><figcaption class=\"wp-element-caption\">Moinho de pelotiza\u00e7\u00e3o de madeira com matriz de anel<\/figcaption><\/figure>    <figure class=\"wp-block-image size-full\"><img loading=\"lazy\" decoding=\"async\" width=\"720\" height=\"540\" data-id=\"1187\" src=\"https:\/\/shuliywoodmachine.com\/wp-content\/uploads\/2022\/11\/mould.webp\" alt=\"mofo\" class=\"wp-image-1187\" title=\"\" srcset=\"https:\/\/shuliywoodmachine.com\/wp-content\/uploads\/2022\/11\/mould.webp 720w, https:\/\/shuliywoodmachine.com\/wp-content\/uploads\/2022\/11\/mould-300x225.webp 300w\" sizes=\"auto, (max-width: 720px) 100vw, 720px\" \/><figcaption class=\"wp-element-caption\">Mofo<\/figcaption><\/figure> <\/figure>    <h2 class=\"wp-block-heading\"><strong>Linha de produ\u00e7\u00e3o de pellets de madeira \u2013 um \u00f3timo come\u00e7o para investidores<\/strong><\/h2>    <p>Para os investidores, investir neste neg\u00f3cio certamente pode ser lucrativo. Em termos de mat\u00e9rias-primas, os combust\u00edveis de biomassa s\u00e3o produzidos a partir de uma variedade de res\u00edduos que podem ser reutilizados para produzir um produto final valioso. Em termos de aplica\u00e7\u00e3o, os pellets de madeira podem ser utilizados numa ampla gama de aplica\u00e7\u00f5es, seja como ra\u00e7\u00e3o ou combust\u00edvel. <\/p>    <p class=\"translation-block\">Ao fazer um investimento, vale a pena investir em uma linha de produ\u00e7\u00e3o se sua for\u00e7a permitir. Voc\u00ea pode come\u00e7ar com uma pequena planta de m\u00e1quina de pellets de madeira e, em seguida, expandir lentamente a escala de produ\u00e7\u00e3o. Exportamos uma grande <a href=\"https:\/\/shuliywoodmachine.com\/pt\/Info\/biomass-pellets-production-line-indonesia\/\" target=\"_blank\" rel=\"noreferrer noopener\">linha de processamento de pellets para a Indon\u00e9sia<\/a>. Se voc\u00ea estiver interessado, entre em contato conosco!<\/p>    <figure class=\"wp-block-gallery aligncenter has-nested-images columns-default is-cropped wp-block-gallery-5 is-layout-flex wp-block-gallery-is-layout-flex\"> <figure class=\"wp-block-image size-full\"><img loading=\"lazy\" decoding=\"async\" width=\"720\" height=\"540\" data-id=\"1146\" src=\"https:\/\/shuliywoodmachine.com\/wp-content\/uploads\/2022\/11\/simple-wood-pellet-production-line.webp\" alt=\"linha de produ\u00e7\u00e3o simples de pellets de madeira\" class=\"wp-image-1146\" title=\"\" srcset=\"https:\/\/shuliywoodmachine.com\/wp-content\/uploads\/2022\/11\/simple-wood-pellet-production-line.webp 720w, https:\/\/shuliywoodmachine.com\/wp-content\/uploads\/2022\/11\/simple-wood-pellet-production-line-300x225.webp 300w\" sizes=\"auto, (max-width: 720px) 100vw, 720px\" \/><figcaption class=\"wp-element-caption\">Linha de produ\u00e7\u00e3o simples de pellets de madeira<\/figcaption><\/figure>    <figure class=\"wp-block-image size-full\"><img loading=\"lazy\" decoding=\"async\" width=\"720\" height=\"540\" data-id=\"1145\" src=\"https:\/\/shuliywoodmachine.com\/wp-content\/uploads\/2022\/11\/latest-biomass-pellet-mill-line.webp\" alt=\"mais recente linha de pelotiza\u00e7\u00e3o de biomassa\" class=\"wp-image-1145\" title=\"\" srcset=\"https:\/\/shuliywoodmachine.com\/wp-content\/uploads\/2022\/11\/latest-biomass-pellet-mill-line.webp 720w, https:\/\/shuliywoodmachine.com\/wp-content\/uploads\/2022\/11\/latest-biomass-pellet-mill-line-300x225.webp 300w\" sizes=\"auto, (max-width: 720px) 100vw, 720px\" \/><figcaption class=\"wp-element-caption\">\u00daltima linha de moinho de pelotiza\u00e7\u00e3o de biomassa<\/figcaption><\/figure> <\/figure>    <figure class=\"wp-block-gallery aligncenter has-nested-images columns-default is-cropped wp-block-gallery-6 is-layout-flex wp-block-gallery-is-layout-flex\"> <figure class=\"wp-block-image size-large\"><img loading=\"lazy\" decoding=\"async\" width=\"720\" height=\"540\" data-id=\"1147\" src=\"https:\/\/shuliywoodmachine.com\/wp-content\/uploads\/2022\/11\/1.5-2t-per-hour-biomass-pellets-production-line.webp\" alt=\"Linha de produ\u00e7\u00e3o de pelotas de biomassa de 1,5-2t\/hora\" class=\"wp-image-1147\" title=\"\" srcset=\"https:\/\/shuliywoodmachine.com\/wp-content\/uploads\/2022\/11\/1.5-2t-per-hour-biomass-pellets-production-line.webp 720w, https:\/\/shuliywoodmachine.com\/wp-content\/uploads\/2022\/11\/1.5-2t-per-hour-biomass-pellets-production-line-300x225.webp 300w\" sizes=\"auto, (max-width: 720px) 100vw, 720px\" \/><figcaption class=\"wp-element-caption\">Linha de produ\u00e7\u00e3o de pelotas de biomassa 1,5-2T\/Hour<\/figcaption><\/figure>    <figure class=\"wp-block-image size-large\"><img loading=\"lazy\" decoding=\"async\" width=\"720\" height=\"540\" data-id=\"1148\" src=\"https:\/\/shuliywoodmachine.com\/wp-content\/uploads\/2022\/11\/5t-per-hour-wood-pellet-production-line.webp\" alt=\"linha de produ\u00e7\u00e3o de pelotas de madeira 5t\/hora\" class=\"wp-image-1148\" title=\"\" srcset=\"https:\/\/shuliywoodmachine.com\/wp-content\/uploads\/2022\/11\/5t-per-hour-wood-pellet-production-line.webp 720w, https:\/\/shuliywoodmachine.com\/wp-content\/uploads\/2022\/11\/5t-per-hour-wood-pellet-production-line-300x225.webp 300w\" sizes=\"auto, (max-width: 720px) 100vw, 720px\" \/><figcaption class=\"wp-element-caption\">Linha de produ\u00e7\u00e3o de pelotas de madeira 5T\/Hour<\/figcaption><\/figure> <\/figure>    <h2 class=\"wp-block-heading\"><strong>Que tal o pre\u00e7o da peletizadora de madeira?<\/strong><\/h2>    <p>O pre\u00e7o da m\u00e1quina de biopellt \u00e9 obviamente influenciado por v\u00e1rios fatores, como configura\u00e7\u00e3o da m\u00e1quina, capacidade da m\u00e1quina, materiais da m\u00e1quina, uso dom\u00e9stico ou na f\u00e1brica, etc., que afetam o pre\u00e7o da prensa de pellets de madeira. A situa\u00e7\u00e3o real deve ser analisada na pr\u00e1tica. Voc\u00ea pode informar ao nosso gerente de vendas suas necessidades, de acordo com suas necessidades, eles oferecer\u00e3o a solu\u00e7\u00e3o ideal.<\/p>    <h2 class=\"wp-block-heading\"><strong>Principal fabricante e fornecedor de m\u00e1quinas de pellets de madeira - Shuliy Machinery<\/strong><\/h2>    <ul class=\"wp-block-list\"> <li>Uma gama abrangente de m\u00e1quinas. Somos produtores e fabricantes de todo o tipo de m\u00e1quinas para madeira e por isso dispomos de uma vasta gama de m\u00e1quinas e equipamentos. Por exemplo, se voc\u00ea deseja uma linha de produ\u00e7\u00e3o de pellets ao comprar uma m\u00e1quina de pellets de madeira, tamb\u00e9m pode compr\u00e1-la conosco de uma s\u00f3 vez, economizando tempo e esfor\u00e7o.<\/li>    <li>Desempenho de alto custo. Existem v\u00e1rios pequenos ou grandes fabricantes e fornecedores de peletizadoras de madeira no mercado, mas somos fabricantes e distribuidores, por isso nossos pre\u00e7os s\u00e3o mais vantajosos.<\/li>    <li>Marcas populares. Exportamos regularmente nossas m\u00e1quinas para o exterior e elas s\u00e3o bem recebidas por nossos clientes. Alguns de nossos clientes s\u00e3o clientes regulares, como o cliente australiano, o cliente mexicano, etc.<\/li>    <li>Servi\u00e7o p\u00f3s-venda. A nossa empresa oferece um servi\u00e7o p\u00f3s-venda atento, que se dedica a resolver quaisquer problemas que os nossos clientes encontrem na utiliza\u00e7\u00e3o da peletizadora de madeira, ajudando-os a familiarizar-se com a m\u00e1quina e a coloc\u00e1-la em uso de forma mais r\u00e1pida e eficaz.<\/li> <\/ul>    <h2 class=\"wp-block-heading\"><strong>Projeto de m\u00e1quina de pellets de biomassa Shuliy<\/strong><\/h2>    <p>A m\u00e1quina para fabricar pellets de madeira Shuliy \u00e9 uma m\u00e1quina de produ\u00e7\u00e3o de pellets de madeira popular no mercado. Todos os dias recebemos um grande n\u00famero de consultas de clientes sobre m\u00e1quinas de pellets. Tamb\u00e9m exportamos muitas vezes a m\u00e1quina de pellets para perfura\u00e7\u00e3o de madeira para pa\u00edses estrangeiros. Por exemplo, Indon\u00e9sia, M\u00e9xico, Nig\u00e9ria, Argentina, Austr\u00e1lia, Nova Zel\u00e2ndia, Finl\u00e2ndia, etc. Carregamos a m\u00e1quina de pellets de madeira com matriz de anel no cont\u00eainer para entrega por via mar\u00edtima at\u00e9 seus destinos.<\/p>    <figure class=\"wp-block-gallery aligncenter has-nested-images columns-default is-cropped wp-block-gallery-7 is-layout-flex wp-block-gallery-is-layout-flex\"> <figure class=\"wp-block-image size-full\"><img loading=\"lazy\" decoding=\"async\" width=\"720\" height=\"540\" data-id=\"1193\" src=\"https:\/\/shuliywoodmachine.com\/wp-content\/uploads\/2022\/11\/wood-pellets-machine.webp\" alt=\"m\u00e1quina de pellets de madeira\" class=\"wp-image-1193\" title=\"\" srcset=\"https:\/\/shuliywoodmachine.com\/wp-content\/uploads\/2022\/11\/wood-pellets-machine.webp 720w, https:\/\/shuliywoodmachine.com\/wp-content\/uploads\/2022\/11\/wood-pellets-machine-300x225.webp 300w\" sizes=\"auto, (max-width: 720px) 100vw, 720px\" \/><figcaption class=\"wp-element-caption\">M\u00e1quina de pellets de madeira<\/figcaption><\/figure>    <figure class=\"wp-block-image size-full\"><img loading=\"lazy\" decoding=\"async\" width=\"720\" height=\"540\" data-id=\"1190\" src=\"https:\/\/shuliywoodmachine.com\/wp-content\/uploads\/2022\/11\/biomass-wood-pellets-making-machine.webp\" alt=\"m\u00e1quina de fazer pelotas de madeira de biomassa\" class=\"wp-image-1190\" title=\"\" srcset=\"https:\/\/shuliywoodmachine.com\/wp-content\/uploads\/2022\/11\/biomass-wood-pellets-making-machine.webp 720w, https:\/\/shuliywoodmachine.com\/wp-content\/uploads\/2022\/11\/biomass-wood-pellets-making-machine-300x225.webp 300w\" sizes=\"auto, (max-width: 720px) 100vw, 720px\" \/><figcaption class=\"wp-element-caption\">M\u00e1quina para fazer pelotas de madeira de biomassa<\/figcaption><\/figure> <\/figure>    <h2 class=\"wp-block-heading\"><strong>Par\u00e2metros t\u00e9cnicos da m\u00e1quina de pellets de biomassa de madeira para venda<\/strong><\/h2>    <figure class=\"wp-block-table\"><table><tbody><tr><td>Modelo<\/td><td>Capacidade<\/td><td>Poder<\/td><\/tr><tr><td>SL-380<\/td><td>0,2-0,3 t\/h<\/td><td>22+0,75kW<\/td><\/tr><tr><td>SL-450<\/td><td>0,6-0,8 t\/h<\/td><td>55+1,5+1,1+0,37+0,55kW<\/td><\/tr><tr><td>SL-560A<\/td><td>1-1,3 t\/h<\/td><td>90+1,5+1,5+0,55+0,37kW<\/td><\/tr><tr><td>SL-560B<\/td><td>1,2-1,5t\/h<\/td><td>90+1,5+1,5+0,55+0,37kW<\/td><\/tr><tr><td>SL-560C<\/td><td>1,2-1,5t\/h<\/td><td>90+1,5+1,5+0,55+0,37kW<\/td><\/tr><tr><td>SL-700<\/td><td>2-2,5 t\/h<\/td><td>160+2,2+0,37+0,75+1,5kW<\/td><\/tr><tr><td>SL-880<\/td><td>3-4t\/h<\/td><td>220+3+0,55+2,2+1,1kW<\/td><\/tr><\/tbody><\/table><\/figure>    <h2 class=\"wp-block-heading\"><strong>V\u00eddeo de trabalho da planta de pelotiza\u00e7\u00e3o de biomassa de madeira<\/strong><\/h2>    <figure class=\"wp-block-embed is-type-video is-provider-youtube wp-block-embed-youtube wp-embed-aspect-16-9 wp-has-aspect-ratio\"><div class=\"wp-block-embed__wrapper\"> <iframe loading=\"lazy\" title=\"Planta de m\u00e1quina de pelotiza\u00e7\u00e3o de madeira | Fabricante e fornecedor de m\u00e1quina de pelotiza\u00e7\u00e3o de biomassa #biomasspellets\" width=\"500\" height=\"281\" src=\"https:\/\/www.youtube.com\/embed\/hlfrgLaW2jg?feature=oembed\" frameborder=\"0\" allow=\"accelerometer; autoplay; clipboard-write; encrypted-media; gyroscope; picture-in-picture; web-share\" referrerpolicy=\"strict-origin-when-cross-origin\" allowfullscreen><\/iframe> <\/div><\/figure>","protected":false},"excerpt":{"rendered":"<p>A wood pellet machine is an ideal machine specifically designed to produce various types of pellets, which is a ring-shaped pellet mill. The pellets produced can be used as animal feed or as biomass fuel, fuel for power generation, etc. In fact with the same function, there is also the wood pellet mill, both of [&hellip;]<\/p>\n","protected":false},"author":1,"featured_media":1139,"parent":0,"template":"","tags":[93,88,90],"product-type":[91],"class_list":["post-1135","product","type-product","status-publish","has-post-thumbnail","hentry","tag-biomass-pellet-machine","tag-biomass-pellet-making-machine","tag-wood-pellet-machine","product-type-wood-pellet-machine"],"_links":{"self":[{"href":"https:\/\/shuliywoodmachine.com\/pt\/wp-json\/wp\/v2\/product\/1135","targetHints":{"allow":["GET"]}}],"collection":[{"href":"https:\/\/shuliywoodmachine.com\/pt\/wp-json\/wp\/v2\/product"}],"about":[{"href":"https:\/\/shuliywoodmachine.com\/pt\/wp-json\/wp\/v2\/types\/product"}],"author":[{"embeddable":true,"href":"https:\/\/shuliywoodmachine.com\/pt\/wp-json\/wp\/v2\/users\/1"}],"wp:featuredmedia":[{"embeddable":true,"href":"https:\/\/shuliywoodmachine.com\/pt\/wp-json\/wp\/v2\/media\/1139"}],"wp:attachment":[{"href":"https:\/\/shuliywoodmachine.com\/pt\/wp-json\/wp\/v2\/media?parent=1135"}],"wp:term":[{"taxonomy":"post_tag","embeddable":true,"href":"https:\/\/shuliywoodmachine.com\/pt\/wp-json\/wp\/v2\/tags?post=1135"},{"taxonomy":"product-type","embeddable":true,"href":"https:\/\/shuliywoodmachine.com\/pt\/wp-json\/wp\/v2\/product-type?post=1135"}],"curies":[{"name":"wp","href":"https:\/\/api.w.org\/{rel}","templated":true}]}}