{"id":1250,"date":"2023-01-04T14:13:48","date_gmt":"2023-01-04T06:13:48","guid":{"rendered":"https:\/\/shuliywoodmachine.com\/?post_type=product&#038;p=1250"},"modified":"2024-07-09T14:22:12","modified_gmt":"2024-07-09T06:22:12","slug":"wood-pellet-production-line","status":"publish","type":"product","link":"https:\/\/shuliywoodmachine.com\/pt\/product\/linha-de-producao-de-pellets-de-madeira\/","title":{"rendered":"Linha completa de produ\u00e7\u00e3o de pellets de madeira para fabrica\u00e7\u00e3o de pellets de biomassa"},"content":{"rendered":"<p>A linha de produ\u00e7\u00e3o de pellets de madeira \u00e9 adequada para a produ\u00e7\u00e3o de pellets de madeira de grande ou m\u00e9dio porte e se caracteriza pela alta efici\u00eancia, bom desempenho e possibilidade de personaliza\u00e7\u00e3o de toda a linha. As mat\u00e9rias-primas utilizadas para a produ\u00e7\u00e3o de pellets de biomassa s\u00e3o palha, cavacos de madeira, maravalhas, serragem e cascas diversas, como casca de amendoim, casca de coco e casca de arroz.<\/p>    <p>Os pellets de madeira produzidos s\u00e3o amplamente divididos em dois usos, um \u00e9 para alimenta\u00e7\u00e3o animal e outro para combust\u00edveis diversos. Seja qual for o caso, basta nos dizer o que voc\u00ea precisa e nosso gerente de vendas tra\u00e7ar\u00e1 a melhor solu\u00e7\u00e3o para suas necessidades.<\/p>    <h2 class=\"wp-block-heading\"><strong>Lista de m\u00e1quinas para a linha completa de produ\u00e7\u00e3o de pellets de madeira de biomassa<\/strong><\/h2>    <div class=\"wp-block-media-text alignwide is-stacked-on-mobile\"><figure class=\"wp-block-media-text__media\"><img loading=\"lazy\" decoding=\"async\" width=\"720\" height=\"540\" src=\"https:\/\/shuliywoodmachine.com\/wp-content\/uploads\/2023\/01\/hammer-mill.webp\" alt=\"\" class=\"wp-image-1257 size-full\" title=\"\" srcset=\"https:\/\/shuliywoodmachine.com\/wp-content\/uploads\/2023\/01\/hammer-mill.webp 720w, https:\/\/shuliywoodmachine.com\/wp-content\/uploads\/2023\/01\/hammer-mill-300x225.webp 300w\" sizes=\"auto, (max-width: 720px) 100vw, 720px\" \/><\/figure><div class=\"wp-block-media-text__content\"> <p><strong><a href=\"https:\/\/shuliywoodmachine.com\/pt\/product\/triturador-de-martelo\/\" target=\"_blank\" rel=\"noreferrer noopener\">Moinho de martelo<\/a><\/strong><\/p>    <p>\u2013 Tritura\u00e7\u00e3o de diversas mat\u00e9rias-primas at\u00e9 uma certa finura para a pr\u00f3xima etapa.<\/p>    <p>\u2013 Alta efici\u00eancia, economia de energia e bom desempenho.<\/p>    <p>\u2013 Pode ser pulverizado at\u00e9 obter um p\u00f3 mais fino, com diferentes tamanhos de tela de acordo com a necessidade do cliente<\/p> <\/div><\/div>    <p><\/p>    <div class=\"wp-block-media-text alignwide is-stacked-on-mobile\"><figure class=\"wp-block-media-text__media\"><img loading=\"lazy\" decoding=\"async\" width=\"720\" height=\"540\" src=\"https:\/\/shuliywoodmachine.com\/wp-content\/uploads\/2023\/01\/mixer-machine.webp\" alt=\"\" class=\"wp-image-1259 size-full\" title=\"\" srcset=\"https:\/\/shuliywoodmachine.com\/wp-content\/uploads\/2023\/01\/mixer-machine.webp 720w, https:\/\/shuliywoodmachine.com\/wp-content\/uploads\/2023\/01\/mixer-machine-300x225.webp 300w\" sizes=\"auto, (max-width: 720px) 100vw, 720px\" \/><\/figure><div class=\"wp-block-media-text__content\"> <p class=\"translation-block\"><strong>Mixer machine<\/strong><\/p>    <p>\u2013 Mexa bem os ingredientes para que fiquem uniformemente misturados.<\/p>    <p>\u2013 Poupan\u00e7a de m\u00e3o-de-obra e altamente mecanizada.<\/p>    <p>\u2013 O misturador pode ser selecionado de acordo com a produ\u00e7\u00e3o do cliente.<\/p> <\/div><\/div>    <p><\/p>    <div class=\"wp-block-media-text alignwide is-stacked-on-mobile\"><figure class=\"wp-block-media-text__media\"><img loading=\"lazy\" decoding=\"async\" width=\"720\" height=\"540\" src=\"https:\/\/shuliywoodmachine.com\/wp-content\/uploads\/2023\/01\/sawdust-drying-machine.webp\" alt=\"\" class=\"wp-image-1262 size-full\" title=\"\" srcset=\"https:\/\/shuliywoodmachine.com\/wp-content\/uploads\/2023\/01\/sawdust-drying-machine.webp 720w, https:\/\/shuliywoodmachine.com\/wp-content\/uploads\/2023\/01\/sawdust-drying-machine-300x225.webp 300w\" sizes=\"auto, (max-width: 720px) 100vw, 720px\" \/><\/figure><div class=\"wp-block-media-text__content\"> <p class=\"translation-block\"><strong>Drying machine<\/strong><\/p>    <p>\u2013 Redu\u00e7\u00e3o da umidade contida na mat\u00e9ria-prima na prepara\u00e7\u00e3o para a pr\u00f3xima etapa de granula\u00e7\u00e3o.<\/p>    <p>\u2013 O secador de tambor permite um fluxo de ar uniforme e um aquecimento mais uniforme.<\/p>    <p>\u2013 O aquecimento opcional \u00e9 a vapor, g\u00e1s e \u00f3leo.<\/p> <\/div><\/div>    <p><\/p>    <div class=\"wp-block-media-text alignwide is-stacked-on-mobile\"><figure class=\"wp-block-media-text__media\"><img loading=\"lazy\" decoding=\"async\" width=\"720\" height=\"540\" src=\"https:\/\/shuliywoodmachine.com\/wp-content\/uploads\/2022\/11\/wood-pellets-machine.webp\" alt=\"m\u00e1quina de pellets de madeira\" class=\"wp-image-1193 size-full\" title=\"\" srcset=\"https:\/\/shuliywoodmachine.com\/wp-content\/uploads\/2022\/11\/wood-pellets-machine.webp 720w, https:\/\/shuliywoodmachine.com\/wp-content\/uploads\/2022\/11\/wood-pellets-machine-300x225.webp 300w\" sizes=\"auto, (max-width: 720px) 100vw, 720px\" \/><\/figure><div class=\"wp-block-media-text__content\"> <p class=\"translation-block\"><strong>Biomass pellet mill machine<\/strong><\/p>    <p>\u2013 Se\u00e7\u00e3o central, utilizada para produ\u00e7\u00e3o de pellets de cavacos de madeira.<\/p>    <p>\u2013 A sa\u00edda pode ser configurada de acordo com a necessidade do cliente.<\/p>    <p>\u2013 R\u00e1pida velocidade de produ\u00e7\u00e3o e boa qualidade dos pellets de aparas de madeira produzidos.<\/p> <\/div><\/div>    <p><\/p>    <div class=\"wp-block-media-text alignwide is-stacked-on-mobile\"><figure class=\"wp-block-media-text__media\"><img loading=\"lazy\" decoding=\"async\" width=\"720\" height=\"540\" src=\"https:\/\/shuliywoodmachine.com\/wp-content\/uploads\/2023\/01\/cooling-tank.webp\" alt=\"\" class=\"wp-image-1264 size-full\" title=\"\" srcset=\"https:\/\/shuliywoodmachine.com\/wp-content\/uploads\/2023\/01\/cooling-tank.webp 720w, https:\/\/shuliywoodmachine.com\/wp-content\/uploads\/2023\/01\/cooling-tank-300x225.webp 300w\" sizes=\"auto, (max-width: 720px) 100vw, 720px\" \/><\/figure><div class=\"wp-block-media-text__content\"> <p class=\"translation-block\"><strong>Cooling machine<\/strong><\/p>    <p>\u2013 Uma vez produzidos os pellets, eles ter\u00e3o uma determinada temperatura e se voc\u00ea esperar que sequem naturalmente neste momento, demorar\u00e1 mais, ent\u00e3o \u00e9 necess\u00e1ria uma m\u00e1quina de resfriamento para encurtar o processo.<\/p>    <p>\u2013 \u00c9 frequentemente utilizado ap\u00f3s a peletizadora, na segunda metade de toda a linha de pellets de madeira.<\/p> <\/div><\/div>    <p><\/p>    <div class=\"wp-block-media-text alignwide is-stacked-on-mobile\"><figure class=\"wp-block-media-text__media\"><img loading=\"lazy\" decoding=\"async\" width=\"720\" height=\"540\" src=\"https:\/\/shuliywoodmachine.com\/wp-content\/uploads\/2023\/01\/package-machine.webp\" alt=\"\" class=\"wp-image-1266 size-full\" title=\"\" srcset=\"https:\/\/shuliywoodmachine.com\/wp-content\/uploads\/2023\/01\/package-machine.webp 720w, https:\/\/shuliywoodmachine.com\/wp-content\/uploads\/2023\/01\/package-machine-300x225.webp 300w\" sizes=\"auto, (max-width: 720px) 100vw, 720px\" \/><\/figure><div class=\"wp-block-media-text__content\"> <p class=\"translation-block\"><strong>Packaging machine<\/strong><\/p>    <p>\u2013 Utilizado na etapa final da linha completa da planta de pellets de madeira para embalar os pellets.<\/p>    <p>\u2013 A faixa de embalagens \u00e9 de 5 a 50 kg, ensacadas conforme necessidade e o peso de cada saco pode ser ajustado.<\/p> <\/div><\/div>    <h2 class=\"wp-block-heading\"><strong>Processo de fabrica\u00e7\u00e3o de pellets de madeira<\/strong><\/h2>    <p>O processo de produ\u00e7\u00e3o de pellets pode ser dividido em quatro etapas no total: a etapa de moagem eficiente, a etapa de secagem, a etapa de extrus\u00e3o de pellets e a etapa de resfriamento e embalagem.<\/p>    <p>Moagem \u2013 Moinho de martelo: esta m\u00e1quina \u00e9 a principal m\u00e1quina para realizar a moagem de materiais.<\/p>    <p>Secagem \u2013 Secadora de serragem: a m\u00e1quina serve para secar mat\u00e9ria-prima.<\/p>    <p>Extrus\u00e3o de pellets - M\u00e1quina de pellets: \u00e9 a pe\u00e7a chave para produzir pellets de madeira de biomassa de alta qualidade.<\/p>    <p>Resfriamento e embalagem \u2013 Tanque de resfriamento e m\u00e1quina de embalagem: a \u00faltima etapa \u00e9 embalar os pellets de madeira em sacos.<\/p>    <p>Nestes processos, \u00e9 claro, tamb\u00e9m s\u00e3o utilizadas correias transportadoras, ciclones, etc. Tamb\u00e9m \u00e9 adequado para a produ\u00e7\u00e3o de pellets de madeira em pequena escala. <\/p>    <h2 class=\"wp-block-heading\"><strong>O que afeta o pre\u00e7o da linha de produ\u00e7\u00e3o de pellets de madeira?<\/strong><\/h2>    <p>Na verdade, a aquisi\u00e7\u00e3o de uma linha de produ\u00e7\u00e3o de pellets \u00e9 influenciada por v\u00e1rios aspectos, que s\u00e3o descritos a seguir.<\/p>    <ul class=\"wp-block-list\"> <li><a href=\"https:\/\/shuliywoodmachine.com\/pt\/products\/wood-pellet-machine\/\" target=\"_blank\" rel=\"noreferrer noopener\">Peletizadoras de cavacos de madeira<\/a>. Existem dois tipos de peletizadoras de cavacos de madeira em Shuliy, a <a href=\"https:\/\/taizyagromachine.com\/product\/animal-feed-pellet-machine\/\" target=\"_blank\" rel=\"noreferrer noopener\">moinho de pelotiza\u00e7\u00e3o de matriz plana<\/a> e a pelotizadora de matriz anelar. O pre\u00e7o de escolher um tipo diferente de m\u00e1quina \u00e9 obviamente diferente.<\/li>    <li>Capacidade. A configura\u00e7\u00e3o da linha de produ\u00e7\u00e3o necess\u00e1ria para a produ\u00e7\u00e3o de pellets de madeira varia com os diferentes rendimentos. A produ\u00e7\u00e3o da m\u00e1quina escolhida tamb\u00e9m ser\u00e1 muito diferente, o que afeta muito o pre\u00e7o.<\/li>    <li>Mat\u00e9rias-primas. Se sua mat\u00e9ria-prima s\u00e3o lascas de madeira, voc\u00ea pode usar um moinho de martelo para tritur\u00e1-las e obter serragem mais fina. Por\u00e9m, se sua mat\u00e9ria-prima for restos de madeira, voc\u00ea precisar\u00e1 de um picador de madeira ou outra m\u00e1quina correspondente.<\/li> <\/ul>    <figure class=\"wp-block-gallery aligncenter has-nested-images columns-default is-cropped wp-block-gallery-2 is-layout-flex wp-block-gallery-is-layout-flex\"> <figure class=\"wp-block-image size-large\"><img loading=\"lazy\" decoding=\"async\" width=\"720\" height=\"540\" data-id=\"1101\" src=\"https:\/\/shuliywoodmachine.com\/wp-content\/uploads\/2022\/11\/wood-pellet-production-line.webp\" alt=\"linha de produ\u00e7\u00e3o de pellets de madeira\" class=\"wp-image-1101\" title=\"\" srcset=\"https:\/\/shuliywoodmachine.com\/wp-content\/uploads\/2022\/11\/wood-pellet-production-line.webp 720w, https:\/\/shuliywoodmachine.com\/wp-content\/uploads\/2022\/11\/wood-pellet-production-line-300x225.webp 300w\" sizes=\"auto, (max-width: 720px) 100vw, 720px\" \/><figcaption class=\"wp-element-caption\">Linha de produ\u00e7\u00e3o de pellets de madeira<\/figcaption><\/figure>    <figure class=\"wp-block-image size-large\"><img loading=\"lazy\" decoding=\"async\" width=\"720\" height=\"540\" data-id=\"1148\" src=\"https:\/\/shuliywoodmachine.com\/wp-content\/uploads\/2022\/11\/5t-per-hour-wood-pellet-production-line.webp\" alt=\"linha de produ\u00e7\u00e3o de pelotas de madeira 5t\/hora\" class=\"wp-image-1148\" title=\"\" srcset=\"https:\/\/shuliywoodmachine.com\/wp-content\/uploads\/2022\/11\/5t-per-hour-wood-pellet-production-line.webp 720w, https:\/\/shuliywoodmachine.com\/wp-content\/uploads\/2022\/11\/5t-per-hour-wood-pellet-production-line-300x225.webp 300w\" sizes=\"auto, (max-width: 720px) 100vw, 720px\" \/><figcaption class=\"wp-element-caption\">Linha de produ\u00e7\u00e3o de pelotas de madeira 5T\/Hour<\/figcaption><\/figure> <\/figure>    <p>Portanto, ao escolher uma linha de produ\u00e7\u00e3o de pellets de madeira, informe-nos suas necessidades e nossos profissionais recomendar\u00e3o a configura\u00e7\u00e3o de m\u00e1quina certa para voc\u00ea.<\/p>    <h2 class=\"wp-block-heading\"><strong>Projetos de sucesso da linha de produ\u00e7\u00e3o de pellets de madeira para venda<\/strong><\/h2>    <p>A linha de produ\u00e7\u00e3o de pellets da Shuliy \u00e9 capaz de produzir pellets de diferentes volumes para atender \u00e0s diferentes necessidades de nossos clientes. Desde que come\u00e7amos a vender nossas linhas de pellets de madeira, n\u00f3s as exportamos para diversos pa\u00edses como M\u00e9xico, El Guado, Indon\u00e9sia, etc. Abaixo est\u00e1 um exemplo de uma linha de pellets de madeira vendida para a Indon\u00e9sia em 2022 para sua refer\u00eancia.<\/p>    <figure class=\"wp-block-embed is-type-wp-embed is-provider-shuliy-wood wp-block-embed-shuliy-wood\"><div class=\"wp-block-embed__wrapper\"> <blockquote class=\"wp-embedded-content\" data-secret=\"AtvEjCEPja\"><a href=\"https:\/\/shuliywoodmachine.com\/pt\/Info\/biomass-pellets-production-line-indonesia\/\">Linha de produ\u00e7\u00e3o de pellets de biomassa instalada na Indon\u00e9sia<\/a><\/blockquote><iframe loading=\"lazy\" class=\"wp-embedded-content\" sandbox=\"allow-scripts\" security=\"restricted\" style=\"position: absolute; clip: rect(1px, 1px, 1px, 1px);\" title=\"\u201cLinha de produ\u00e7\u00e3o de pellets de biomassa instalada na Indon\u00e9sia\u201d \u2014 Shuliy Wood\" src=\"https:\/\/shuliywoodmachine.com\/Info\/biomass-pellets-production-line-indonesia\/embed\/#?secret=DBHdwxwLVq#?secret=AtvEjCEPja\" data-secret=\"AtvEjCEPja\" width=\"500\" height=\"282\" frameborder=\"0\" marginwidth=\"0\" marginheight=\"0\" scrolling=\"no\"><\/iframe> <\/div><\/figure>    <h2 class=\"wp-block-heading\"><strong>V\u00eddeo de trabalho da linha autom\u00e1tica de produ\u00e7\u00e3o de pellets de madeira<\/strong><\/h2>    <figure class=\"wp-block-embed is-type-video is-provider-youtube wp-block-embed-youtube wp-embed-aspect-16-9 wp-has-aspect-ratio\"><div class=\"wp-block-embed__wrapper\"> <iframe loading=\"lazy\" title=\"Planta de m\u00e1quina de pelotiza\u00e7\u00e3o de madeira | Fabricante e fornecedor de m\u00e1quina de pelotiza\u00e7\u00e3o de biomassa #biomasspellets\" width=\"500\" height=\"281\" src=\"https:\/\/www.youtube.com\/embed\/hlfrgLaW2jg?start=97&#038;feature=oembed\" frameborder=\"0\" allow=\"accelerometer; autoplay; clipboard-write; encrypted-media; gyroscope; picture-in-picture; web-share\" referrerpolicy=\"strict-origin-when-cross-origin\" allowfullscreen><\/iframe> <\/div><\/figure>","protected":false},"excerpt":{"rendered":"<p>The wood pellet production line is suitable for the production of large or medium-sized wood pellets and is characterized by its high efficiency, good performance, and the possibility of customizing the whole line. The raw materials used for the production of biomass pellets are straw, wood chips, shavings, sawdust, and various shells such as peanut [&hellip;]<\/p>\n","protected":false},"author":1,"featured_media":1251,"parent":0,"template":"","tags":[90,89,100],"product-type":[99],"class_list":["post-1250","product","type-product","status-publish","has-post-thumbnail","hentry","tag-wood-pellet-machine","tag-wood-pellet-mill","tag-wood-pellet-production-line","product-type-production-line"],"_links":{"self":[{"href":"https:\/\/shuliywoodmachine.com\/pt\/wp-json\/wp\/v2\/product\/1250","targetHints":{"allow":["GET"]}}],"collection":[{"href":"https:\/\/shuliywoodmachine.com\/pt\/wp-json\/wp\/v2\/product"}],"about":[{"href":"https:\/\/shuliywoodmachine.com\/pt\/wp-json\/wp\/v2\/types\/product"}],"author":[{"embeddable":true,"href":"https:\/\/shuliywoodmachine.com\/pt\/wp-json\/wp\/v2\/users\/1"}],"wp:featuredmedia":[{"embeddable":true,"href":"https:\/\/shuliywoodmachine.com\/pt\/wp-json\/wp\/v2\/media\/1251"}],"wp:attachment":[{"href":"https:\/\/shuliywoodmachine.com\/pt\/wp-json\/wp\/v2\/media?parent=1250"}],"wp:term":[{"taxonomy":"post_tag","embeddable":true,"href":"https:\/\/shuliywoodmachine.com\/pt\/wp-json\/wp\/v2\/tags?post=1250"},{"taxonomy":"product-type","embeddable":true,"href":"https:\/\/shuliywoodmachine.com\/pt\/wp-json\/wp\/v2\/product-type?post=1250"}],"curies":[{"name":"wp","href":"https:\/\/api.w.org\/{rel}","templated":true}]}}