{"id":1345,"date":"2023-01-17T17:16:01","date_gmt":"2023-01-17T09:16:01","guid":{"rendered":"https:\/\/shuliywoodmachine.com\/?post_type=product&#038;p=1345"},"modified":"2024-07-10T09:39:31","modified_gmt":"2024-07-10T01:39:31","slug":"wood-pallet-block-production-line","status":"publish","type":"product","link":"https:\/\/shuliywoodmachine.com\/pt\/product\/linha-de-producao-de-blocos-de-paletes-de-madeira\/","title":{"rendered":"Linha de produ\u00e7\u00e3o de blocos de paletes de madeira comprimida"},"content":{"rendered":"<p class=\"translation-block\">Esta <strong>linha de produ\u00e7\u00e3o de blocos de palete de madeira<\/strong> processa serragem, aparas de madeira, lascas de madeira, etc. em blocos de palete de madeira atrav\u00e9s de alta temperatura e press\u00e3o. <\/p>    <p>H\u00e1 exig\u00eancia de mat\u00e9rias-primas utilizadas na fabrica\u00e7\u00e3o de blocos de serragem. A umidade deve ser inferior a 10%. <\/p>    <p>O produto final \u00e9 o bloco de madeira com ou sem furo. Possui tamanhos comuns e europeus (75*75mm, 80*80mm, 90*90mm, 90*120mm, 100*100mm, 100*115mm, 100*140mm, 140*140mm, tamb\u00e9m personaliz\u00e1veis). <\/p>    <p>Os blocos de madeira s\u00e3o amplamente utilizados nas \u00e1reas de paletes de madeira, embalagens, constru\u00e7\u00e3o, etc. Esta linha pode utilizar efetivamente os res\u00edduos de madeira, o que \u00e9 ecologicamente correto e econ\u00f4mico.<\/p>    <figure class=\"wp-block-gallery aligncenter has-nested-images columns-default is-cropped wp-block-gallery-2 is-layout-flex wp-block-gallery-is-layout-flex\"> <figure class=\"wp-block-image size-large\"><img loading=\"lazy\" decoding=\"async\" width=\"720\" height=\"540\" data-id=\"1359\" src=\"https:\/\/shuliywoodmachine.com\/wp-content\/uploads\/2023\/01\/wood-blocks-with-a-hole-or-without-a-hole.webp\" alt=\"blocos de madeira com\/sem furo \" class=\"wp-image-1359\" title=\"\" srcset=\"https:\/\/shuliywoodmachine.com\/wp-content\/uploads\/2023\/01\/wood-blocks-with-a-hole-or-without-a-hole.webp 720w, https:\/\/shuliywoodmachine.com\/wp-content\/uploads\/2023\/01\/wood-blocks-with-a-hole-or-without-a-hole-300x225.webp 300w\" sizes=\"auto, (max-width: 720px) 100vw, 720px\" \/><figcaption class=\"wp-element-caption\">Blocos de madeira com\/sem furo <\/figcaption><\/figure>    <figure class=\"wp-block-image size-large\"><img loading=\"lazy\" decoding=\"async\" width=\"720\" height=\"540\" data-id=\"1361\" src=\"https:\/\/shuliywoodmachine.com\/wp-content\/uploads\/2023\/01\/wood-blocks.webp\" alt=\"blocos de madeira\" class=\"wp-image-1361\" title=\"\" srcset=\"https:\/\/shuliywoodmachine.com\/wp-content\/uploads\/2023\/01\/wood-blocks.webp 720w, https:\/\/shuliywoodmachine.com\/wp-content\/uploads\/2023\/01\/wood-blocks-300x225.webp 300w\" sizes=\"auto, (max-width: 720px) 100vw, 720px\" \/><figcaption class=\"wp-element-caption\">Blocos de madeira<\/figcaption><\/figure>    <figure class=\"wp-block-image size-large\"><img loading=\"lazy\" decoding=\"async\" width=\"720\" height=\"540\" data-id=\"1360\" src=\"https:\/\/shuliywoodmachine.com\/wp-content\/uploads\/2023\/01\/wooden-blocks.webp\" alt=\"Blocos de madeira\" class=\"wp-image-1360\" title=\"\" srcset=\"https:\/\/shuliywoodmachine.com\/wp-content\/uploads\/2023\/01\/wooden-blocks.webp 720w, https:\/\/shuliywoodmachine.com\/wp-content\/uploads\/2023\/01\/wooden-blocks-300x225.webp 300w\" sizes=\"auto, (max-width: 720px) 100vw, 720px\" \/><figcaption class=\"wp-element-caption\">Blocos de madeira<\/figcaption><\/figure> <\/figure>    <h2 class=\"wp-block-heading\"><strong>V\u00eddeo de trabalho da linha de produ\u00e7\u00e3o de blocos de paletes de madeira<\/strong><\/h2>    <p class=\"translation-block\">Ao assistir a este v\u00eddeo, voc\u00ea saber\u00e1 quais equipamentos est\u00e3o inclu\u00eddos na linha de produ\u00e7\u00e3o de blocos de palete de madeira. Os equipamentos mostrados no v\u00eddeo possuem <strong>misturador de cola\u2192m\u00e1quina de fazer blocos de madeira\u2192m\u00e1quina de corte<\/strong>.<\/p>    <figure class=\"wp-block-embed is-type-video is-provider-youtube wp-block-embed-youtube wp-embed-aspect-16-9 wp-has-aspect-ratio\"><div class=\"wp-block-embed__wrapper\"> <iframe loading=\"lazy\" title=\"Linha de produ\u00e7\u00e3o de bloco de paletes de madeira - m\u00e1quina de prensa quente de bloco de madeira de serragem comprimida #woodblock\" width=\"500\" height=\"281\" src=\"https:\/\/www.youtube.com\/embed\/PPJ93KzPpMs?feature=oembed\" frameborder=\"0\" allow=\"accelerometer; autoplay; clipboard-write; encrypted-media; gyroscope; picture-in-picture; web-share\" referrerpolicy=\"strict-origin-when-cross-origin\" allowfullscreen><\/iframe> <\/div><figcaption class=\"wp-element-caption\">v\u00eddeo sobre como fazer blocos de paletes de madeira com efici\u00eancia<\/figcaption><\/figure>    <h2 class=\"wp-block-heading\"><strong>Equipamento usado para linha de produ\u00e7\u00e3o de blocos de paletes de madeira comprimida<\/strong><\/h2>    <p>Existem v\u00e1rias combina\u00e7\u00f5es da linha de m\u00e1quinas para fazer blocos de serragem. A seguir ser\u00e1 apresentada a configura\u00e7\u00e3o de produ\u00e7\u00e3o de blocos de madeira de 90 * 90 mm.<\/p>    <p class=\"translation-block\"><strong>Britador de martelo<\/strong><\/p>    <figure class=\"wp-block-gallery aligncenter has-nested-images columns-default is-cropped wp-block-gallery-3 is-layout-flex wp-block-gallery-is-layout-flex\"> <figure class=\"wp-block-image size-large\"><img loading=\"lazy\" decoding=\"async\" width=\"720\" height=\"540\" data-id=\"1257\" src=\"https:\/\/shuliywoodmachine.com\/wp-content\/uploads\/2023\/01\/hammer-mill.webp\" alt=\"moinho de martelo\" class=\"wp-image-1257\" title=\"\" srcset=\"https:\/\/shuliywoodmachine.com\/wp-content\/uploads\/2023\/01\/hammer-mill.webp 720w, https:\/\/shuliywoodmachine.com\/wp-content\/uploads\/2023\/01\/hammer-mill-300x225.webp 300w\" sizes=\"auto, (max-width: 720px) 100vw, 720px\" \/><figcaption class=\"wp-element-caption\">Moinho de martelo<\/figcaption><\/figure>    <figure class=\"wp-block-image size-large\"><img loading=\"lazy\" decoding=\"async\" width=\"720\" height=\"540\" data-id=\"800\" src=\"https:\/\/shuliywoodmachine.com\/wp-content\/uploads\/2022\/09\/coal-crusher-hammer.webp\" alt=\"martelo triturador de carv\u00e3o\" class=\"wp-image-800\" title=\"\" srcset=\"https:\/\/shuliywoodmachine.com\/wp-content\/uploads\/2022\/09\/coal-crusher-hammer.webp 720w, https:\/\/shuliywoodmachine.com\/wp-content\/uploads\/2022\/09\/coal-crusher-hammer-300x225.webp 300w\" sizes=\"auto, (max-width: 720px) 100vw, 720px\" \/><figcaption class=\"wp-element-caption\">Martelo Triturador de Carv\u00e3o<\/figcaption><\/figure> <\/figure>    <p class=\"translation-block\">Como o tamanho dos res\u00edduos de madeira varia, e o tamanho para a produ\u00e7\u00e3o de blocos de palete de madeira \u00e9 em torno de 1cm, um <a href=\"https:\/\/shuliywoodmachine.com\/pt\/product\/triturador-de-martelo\/\">triturador de martelo<\/a> \u00e9 necess\u00e1rio.<\/p>    <figure class=\"wp-block-table\"><table><tbody><tr><td>Modelo<\/td><td>SL-600<\/td><\/tr><tr><td>Tamanho de alimenta\u00e7\u00e3o de entrada<\/td><td>180*180mm<\/td><\/tr><tr><td>Capacidade<\/td><td>800-1000 kg\/hora<\/td><\/tr><tr><td>Poder<\/td><td>30 kW<\/td><\/tr><\/tbody><\/table><figcaption class=\"wp-element-caption\">especifica\u00e7\u00f5es do moinho de martelo<\/figcaption><\/figure>    <p class=\"translation-block\"><strong>M\u00e1quina secadora<\/strong><\/p>   <div class=\"wp-block-image\"> <figure class=\"aligncenter size-full\"><img loading=\"lazy\" decoding=\"async\" width=\"720\" height=\"540\" src=\"https:\/\/shuliywoodmachine.com\/wp-content\/uploads\/2023\/01\/sawdust-drying-machine.webp\" alt=\"m\u00e1quina de secar serragem\" class=\"wp-image-1262\" title=\"\" srcset=\"https:\/\/shuliywoodmachine.com\/wp-content\/uploads\/2023\/01\/sawdust-drying-machine.webp 720w, https:\/\/shuliywoodmachine.com\/wp-content\/uploads\/2023\/01\/sawdust-drying-machine-300x225.webp 300w\" sizes=\"auto, (max-width: 720px) 100vw, 720px\" \/><figcaption class=\"wp-element-caption\">m\u00e1quina de secar serragem<\/figcaption><\/figure> <\/div>   <p>O teor de umidade dos materiais triturados para fabrica\u00e7\u00e3o de blocos de madeira deve ser inferior a 10%. A m\u00e1quina secadora de serragem \u00e9 aplicada.<\/p>    <figure class=\"wp-block-table\"><table><tbody><tr><td>Modelo<\/td><td>SL-2<\/td><\/tr><tr><td>Motor<\/td><td>5,5 kW<\/td><\/tr><tr><td>Capacidade<\/td><td>500-600 kg\/hora<\/td><\/tr><\/tbody><\/table><figcaption class=\"wp-element-caption\">par\u00e2metros t\u00e9cnicos da m\u00e1quina de secagem de serragem<\/figcaption><\/figure>    <p class=\"translation-block\"><strong>Misturador de cola<\/strong><\/p>    <figure class=\"wp-block-gallery aligncenter has-nested-images columns-default is-cropped wp-block-gallery-4 is-layout-flex wp-block-gallery-is-layout-flex\"> <figure class=\"wp-block-image size-large\"><img loading=\"lazy\" decoding=\"async\" width=\"720\" height=\"540\" data-id=\"1354\" src=\"https:\/\/shuliywoodmachine.com\/wp-content\/uploads\/2023\/01\/glue-mixer-for-wooden-bloks-production.webp\" alt=\"misturador de cola para produ\u00e7\u00e3o de blocos de madeira\" class=\"wp-image-1354\" title=\"\" srcset=\"https:\/\/shuliywoodmachine.com\/wp-content\/uploads\/2023\/01\/glue-mixer-for-wooden-bloks-production.webp 720w, https:\/\/shuliywoodmachine.com\/wp-content\/uploads\/2023\/01\/glue-mixer-for-wooden-bloks-production-300x225.webp 300w\" sizes=\"auto, (max-width: 720px) 100vw, 720px\" \/><figcaption class=\"wp-element-caption\">Misturador de cola para produ\u00e7\u00e3o de blocos de madeira<\/figcaption><\/figure>    <figure class=\"wp-block-image size-large\"><img loading=\"lazy\" decoding=\"async\" width=\"720\" height=\"540\" data-id=\"1355\" src=\"https:\/\/shuliywoodmachine.com\/wp-content\/uploads\/2023\/01\/glue-mixer.webp\" alt=\"misturador de cola\" class=\"wp-image-1355\" title=\"\" srcset=\"https:\/\/shuliywoodmachine.com\/wp-content\/uploads\/2023\/01\/glue-mixer.webp 720w, https:\/\/shuliywoodmachine.com\/wp-content\/uploads\/2023\/01\/glue-mixer-300x225.webp 300w\" sizes=\"auto, (max-width: 720px) 100vw, 720px\" \/><figcaption class=\"wp-element-caption\">Misturador de cola<\/figcaption><\/figure> <\/figure>    <p>Antes da prensagem a quente dos blocos de madeira, \u00e9 necess\u00e1rio misturar a cola e os res\u00edduos de madeira processada. <\/p>    <p>Na linha de produ\u00e7\u00e3o de blocos de paletes de madeira prensados, isso \u00e9 importante porque a madeira em si n\u00e3o \u00e9 pegajosa, \u00e9 necess\u00e1rio adicionar cola para a colagem.<\/p>    <figure class=\"wp-block-table\"><table><tbody><tr><td>Marca<\/td><td>Shuliy<\/td><\/tr><tr><td>Motor<\/td><td>7,5 kW<\/td><\/tr><tr><td>Capacidade<\/td><td>1800kg\/hora<\/td><\/tr><tr><td>Dimens\u00e3o<\/td><td>1500*1000*130mm<\/td><\/tr><\/tbody><\/table><figcaption class=\"wp-element-caption\">par\u00e2metros do misturador de cola<\/figcaption><\/figure>    <p class=\"translation-block\"><strong>M\u00e1quina de fazer blocos de palete de madeira<\/strong><\/p>    <figure class=\"wp-block-gallery aligncenter has-nested-images columns-default is-cropped wp-block-gallery-5 is-layout-flex wp-block-gallery-is-layout-flex\"> <figure class=\"wp-block-image size-full\"><img loading=\"lazy\" decoding=\"async\" width=\"720\" height=\"540\" data-id=\"1351\" src=\"https:\/\/shuliywoodmachine.com\/wp-content\/uploads\/2023\/01\/wooden-block-making-machine-with-square-hoppers.webp\" alt=\"m\u00e1quina para fazer blocos de madeira com tremonhas quadradas\" class=\"wp-image-1351\" title=\"\" srcset=\"https:\/\/shuliywoodmachine.com\/wp-content\/uploads\/2023\/01\/wooden-block-making-machine-with-square-hoppers.webp 720w, https:\/\/shuliywoodmachine.com\/wp-content\/uploads\/2023\/01\/wooden-block-making-machine-with-square-hoppers-300x225.webp 300w\" sizes=\"auto, (max-width: 720px) 100vw, 720px\" \/><figcaption class=\"wp-element-caption\">M\u00e1quina para fazer blocos de madeira com tremonhas quadradas<\/figcaption><\/figure>    <figure class=\"wp-block-image size-full\"><img loading=\"lazy\" decoding=\"async\" width=\"720\" height=\"540\" data-id=\"1349\" src=\"https:\/\/shuliywoodmachine.com\/wp-content\/uploads\/2023\/01\/compressed-wood-block-making-machine-with-round-hoppers.webp\" alt=\"m\u00e1quina para fazer blocos de madeira comprimida com tremonhas redondas\" class=\"wp-image-1349\" title=\"\" srcset=\"https:\/\/shuliywoodmachine.com\/wp-content\/uploads\/2023\/01\/compressed-wood-block-making-machine-with-round-hoppers.webp 720w, https:\/\/shuliywoodmachine.com\/wp-content\/uploads\/2023\/01\/compressed-wood-block-making-machine-with-round-hoppers-300x225.webp 300w\" sizes=\"auto, (max-width: 720px) 100vw, 720px\" \/><figcaption class=\"wp-element-caption\">M\u00e1quina para fazer blocos de madeira comprimida com funis redondos<\/figcaption><\/figure> <\/figure>    <p class=\"translation-block\">Ap\u00f3s a mistura da cola, voc\u00ea deve escolher uma <a href=\"https:\/\/shuliywoodmachine.com\/pt\/product\/maquina-para-fazer-blocos-de-madeira\/\">m\u00e1quina de fazer blocos de serragem<\/a> adequada para produzir blocos de madeira de alta qualidade.<\/p>    <figure class=\"wp-block-table\"><table><tbody><tr><td>Nome da maquina<\/td><td>M\u00e1quina para fazer blocos de paletes de quatro cabe\u00e7as<\/td><\/tr><tr><td>Tamanho<\/td><td>90*90mm (personaliz\u00e1vel)<\/td><\/tr><tr><td>Motor<\/td><td>15-18 kW<\/td><\/tr><tr><td>Capacidade<\/td><td>4m\u00b3\/24h(diferente para materiais diferentes\uff09<\/td><\/tr><tr><td>Densidade<\/td><td>550-600kg\/m\u00b3<\/td><\/tr><tr><td>Consumo de material<\/td><td>550-600kg\/m\u00b3(aparas de madeira, serragem\uff09<\/td><\/tr><tr><td>Consumo de cola<\/td><td>80-100kg\/m\u00b3<\/td><\/tr><tr><td>Controle de temperatura<\/td><td>PID<\/td><\/tr><tr><td>Dimens\u00e3o<\/td><td>4800*760*1300mm<\/td><\/tr><tr><td>Peso<\/td><td>1300kg<\/td><\/tr><\/tbody><\/table><figcaption class=\"wp-element-caption\">especifica\u00e7\u00f5es da m\u00e1quina para fazer blocos de paletes de madeira<\/figcaption><\/figure>    <p class=\"translation-block\"><strong>M\u00e1quina de corte autom\u00e1tica<\/strong><\/p>    <figure class=\"wp-block-gallery aligncenter has-nested-images columns-default is-cropped wp-block-gallery-6 is-layout-flex wp-block-gallery-is-layout-flex\"> <figure class=\"wp-block-image size-full\"><img loading=\"lazy\" decoding=\"async\" width=\"720\" height=\"540\" data-id=\"1353\" src=\"https:\/\/shuliywoodmachine.com\/wp-content\/uploads\/2023\/01\/manual-blocks-cutter.webp\" alt=\"cortador manual para blocos de paletes \" class=\"wp-image-1353\" title=\"\" srcset=\"https:\/\/shuliywoodmachine.com\/wp-content\/uploads\/2023\/01\/manual-blocks-cutter.webp 720w, https:\/\/shuliywoodmachine.com\/wp-content\/uploads\/2023\/01\/manual-blocks-cutter-300x225.webp 300w\" sizes=\"auto, (max-width: 720px) 100vw, 720px\" \/><figcaption class=\"wp-element-caption\">Cortador manual para blocos de paletes <\/figcaption><\/figure>    <figure class=\"wp-block-image size-full\"><img loading=\"lazy\" decoding=\"async\" width=\"720\" height=\"540\" data-id=\"1352\" src=\"https:\/\/shuliywoodmachine.com\/wp-content\/uploads\/2023\/01\/automatic-block-cutter.webp\" alt=\"cortador de blocos autom\u00e1tico\" class=\"wp-image-1352\" title=\"\" srcset=\"https:\/\/shuliywoodmachine.com\/wp-content\/uploads\/2023\/01\/automatic-block-cutter.webp 720w, https:\/\/shuliywoodmachine.com\/wp-content\/uploads\/2023\/01\/automatic-block-cutter-300x225.webp 300w\" sizes=\"auto, (max-width: 720px) 100vw, 720px\" \/><figcaption class=\"wp-element-caption\">Cortador Autom\u00e1tico de Blocos<\/figcaption><\/figure> <\/figure>    <p>Quando os blocos de madeira (com ou sem furo) estiverem prontos, deve-se usar a m\u00e1quina de corte.<\/p>    <p>Ele pode cortar blocos de paletes de madeira nos comprimentos necess\u00e1rios, f\u00e1ceis de usar e vender.<\/p>    <figure class=\"wp-block-table\"><table><tbody><tr><td>Modelo<\/td><td>SL-1800<\/td><\/tr><tr><td>Poder<\/td><td>5,5 kW<\/td><\/tr><tr><td>Dimens\u00e3o<\/td><td>1600*1200*1300mm<\/td><\/tr><tr><td>Peso<\/td><td>300kg<\/td><\/tr><tr><td>Di\u00e2metro da serra<\/td><td>400mm<\/td><\/tr><tr><td>Capacidade<\/td><td>1800 unidades\/h<\/td><\/tr><tr><td>Comprimento de corte<\/td><td>Ajust\u00e1vel<\/td><\/tr><\/tbody><\/table><figcaption class=\"wp-element-caption\">dados t\u00e9cnicos do cortador autom\u00e1tico<\/figcaption><\/figure>    <h2 class=\"wp-block-heading\"><strong>Destaques da linha de produ\u00e7\u00e3o de blocos de paletes de serragem de madeira<\/strong><\/h2>    <ul class=\"wp-block-list\"> <li><strong>Alta automa\u00e7\u00e3o<\/strong>. A linha de produ\u00e7\u00e3o de blocos de paletes de madeira Shuliy funciona com a ajuda de um mecanismo, e 2-3 pessoas s\u00e3o suficientes para operar toda a linha. <\/li>    <li><strong>Reciclagem de lixo<\/strong>. As mat\u00e9rias-primas utilizadas nesta linha s\u00e3o res\u00edduos de madeira, <a href=\"https:\/\/en.wikipedia.org\/wiki\/Woodchips\" target=\"_blank\" rel=\"noreferrer noopener\">lascas de madeira<\/a>, maravalha e restos de madeira, que s\u00e3o reciclados para a produ\u00e7\u00e3o de blocos de serragem.<\/li>    <li><strong>Produ\u00e7\u00e3o de blocos regulares e de padr\u00e3o europeu<\/strong>. Nossa linha pode produzir v\u00e1rios tamanhos de blocos de madeira, como 80 * 80 mm, 90 * 90 mm, 90 * 120 mm, 100 * 100 mm, 100 * 115 mm, etc. O bloco que excede 100 mm \u00e9 um padr\u00e3o Euro.<\/li>    <li><strong>Sele\u00e7\u00e3o flex\u00edvel de m\u00e1quinas<\/strong>.  <ul class=\"wp-block-list\"> <li>De acordo com o tamanho e a umidade das mat\u00e9rias-primas, voc\u00ea pode encontrar com flexibilidade a trituradora e secadora de madeira.<\/li>    <li>De acordo com o or\u00e7amento e as necessidades, voc\u00ea seleciona com flexibilidade o cortador manual ou autom\u00e1tico.<\/li> <\/ul> <\/li> <\/ul>    <figure class=\"wp-block-gallery aligncenter has-nested-images columns-default is-cropped wp-block-gallery-7 is-layout-flex wp-block-gallery-is-layout-flex\"> <figure class=\"wp-block-image size-large\"><img loading=\"lazy\" decoding=\"async\" width=\"720\" height=\"540\" data-id=\"1367\" src=\"https:\/\/shuliywoodmachine.com\/wp-content\/uploads\/2023\/01\/pallet-block-hot-press-machine-manufacturer.webp\" alt=\"fabricante de m\u00e1quina de prensagem a quente para bloco de paletes\" class=\"wp-image-1367\" title=\"\" srcset=\"https:\/\/shuliywoodmachine.com\/wp-content\/uploads\/2023\/01\/pallet-block-hot-press-machine-manufacturer.webp 720w, https:\/\/shuliywoodmachine.com\/wp-content\/uploads\/2023\/01\/pallet-block-hot-press-machine-manufacturer-300x225.webp 300w\" sizes=\"auto, (max-width: 720px) 100vw, 720px\" \/><figcaption class=\"wp-element-caption\">Fabricante de m\u00e1quina de prensagem a quente para bloco de paletes<\/figcaption><\/figure>    <figure class=\"wp-block-image size-full\"><img loading=\"lazy\" decoding=\"async\" width=\"720\" height=\"540\" data-id=\"1368\" src=\"https:\/\/shuliywoodmachine.com\/wp-content\/uploads\/2023\/01\/sawdust-wood-pallet-block-making-machine.webp\" alt=\"m\u00e1quina para fazer blocos de paletes de madeira com serragem\" class=\"wp-image-1368\" title=\"\" srcset=\"https:\/\/shuliywoodmachine.com\/wp-content\/uploads\/2023\/01\/sawdust-wood-pallet-block-making-machine.webp 720w, https:\/\/shuliywoodmachine.com\/wp-content\/uploads\/2023\/01\/sawdust-wood-pallet-block-making-machine-300x225.webp 300w\" sizes=\"auto, (max-width: 720px) 100vw, 720px\" \/><figcaption class=\"wp-element-caption\">M\u00e1quina para fazer blocos de paletes de madeira de serragem<\/figcaption><\/figure> <\/figure>    <h2 class=\"wp-block-heading\"><strong>Quem tem interesse em investir na produ\u00e7\u00e3o de blocos para paletes de madeira?<\/strong><\/h2>    <p>Os clientes que investem na linha de produ\u00e7\u00e3o de blocos para paletes de madeira Shuliy geralmente se enquadram em duas categorias:<\/p>    <ul class=\"wp-block-list\"> <li><strong>Descarte pr\u00f3prio de sobras de madeira<\/strong>. Esse tipo de cliente geralmente possui suas pr\u00f3prias f\u00e1bricas de processamento de madeira e deseja usar as sobras para gerar renda.<\/li>    <li><strong>Clientes que atuam na produ\u00e7\u00e3o e venda de blocos de madeira<\/strong>. Esses clientes s\u00e3o especializados neste neg\u00f3cio.<\/li> <\/ul>    <h2 class=\"wp-block-heading\"><strong>Como lucrar fazendo blocos de madeira?<\/strong><\/h2>    <p>Como a mat\u00e9ria-prima para a produ\u00e7\u00e3o dos blocos de madeira s\u00e3o os res\u00edduos de madeira a serem descartados, reproduzi-los j\u00e1 \u00e9 rent\u00e1vel.<\/p>    <p>Al\u00e9m disso, os blocos produzidos s\u00e3o amplamente utilizados em supermercados e log\u00edstica. A venda comercial aumenta o lucro.<\/p>   <div class=\"wp-block-image\"> <figure class=\"aligncenter size-full\"><img loading=\"lazy\" decoding=\"async\" width=\"720\" height=\"300\" src=\"https:\/\/shuliywoodmachine.com\/wp-content\/uploads\/2023\/01\/usage-of-the-wooden-blocks.webp\" alt=\"uso dos blocos de madeira\" class=\"wp-image-1363\" title=\"\" srcset=\"https:\/\/shuliywoodmachine.com\/wp-content\/uploads\/2023\/01\/usage-of-the-wooden-blocks.webp 720w, https:\/\/shuliywoodmachine.com\/wp-content\/uploads\/2023\/01\/usage-of-the-wooden-blocks-300x125.webp 300w\" sizes=\"auto, (max-width: 720px) 100vw, 720px\" \/><figcaption class=\"wp-element-caption\">uso dos blocos de madeira<\/figcaption><\/figure> <\/div>   <h2 class=\"wp-block-heading\"><strong>Servi\u00e7os oferecidos pela Shuliy Machinery<\/strong><\/h2>    <ul class=\"wp-block-list\"> <li><strong>Servi\u00e7o de pr\u00e9-venda, venda e p\u00f3s-venda<\/strong> <ul class=\"wp-block-list\"> <li><strong>Servi\u00e7o de pr\u00e9-venda<\/strong> <ul class=\"wp-block-list\"> <li>Atendimento on-line 24 horas<\/li>    <li>Podemos fornecer a voc\u00ea o design do projeto, o design do processo e um programa de compra adequado. Projetar e fabricar produtos com base em suas necessidades espec\u00edficas.\u00a0<\/li> <\/ul> <\/li>    <li><strong>Servi\u00e7o \u00e0 venda<\/strong> <ul class=\"wp-block-list\"> <li>Acompanh\u00e1-lo para visitar nossa f\u00e1brica, explicar o processo de fabrica\u00e7\u00e3o de nossas m\u00e1quinas e verificar o desempenho de funcionamento de nossa m\u00e1quina.<\/li> <\/ul> <\/li>    <li><strong>Servi\u00e7o p\u00f3s-venda<\/strong> <ul class=\"wp-block-list\"> <li>Orienta\u00e7\u00e3o de instala\u00e7\u00e3o<\/li>    <li>Resolva problemas a tempo. Se voc\u00ea encontrar algum problema durante o uso da m\u00e1quina, entre em contato conosco a qualquer momento.<\/li> <\/ul> <\/li> <\/ul> <\/li>    <li><strong>Engenheiro de expedi\u00e7\u00e3o para orientar a instala\u00e7\u00e3o<\/strong> <ul class=\"wp-block-list\"> <li>De acordo com a necessidade do cliente, enviaremos engenheiros para orientar a instala\u00e7\u00e3o e treinar sobre o funcionamento da linha de produ\u00e7\u00e3o de blocos de paletes de madeira compactada.<\/li> <\/ul> <\/li>    <li><strong>Servi\u00e7o de personaliza\u00e7\u00e3o<\/strong> <ul class=\"wp-block-list\"> <li>Voc\u00ea pode nos enviar sua amostra de materiais de sucata e n\u00f3s testaremos a m\u00e1quina para voc\u00ea sem cobrar taxas. E podemos personalizar a m\u00e1quina para atender \u00e0s suas necessidades de produ\u00e7\u00e3o.<\/li> <\/ul> <\/li> <\/ul>   <div class=\"wp-block-image\"> <figure class=\"aligncenter size-full\"><img loading=\"lazy\" decoding=\"async\" width=\"720\" height=\"540\" src=\"https:\/\/shuliywoodmachine.com\/wp-content\/uploads\/2022\/09\/commercial-sawdust-block-making-machine.webp\" alt=\"m\u00e1quina comercial para fazer blocos de serragem\" class=\"wp-image-1004\" title=\"\" srcset=\"https:\/\/shuliywoodmachine.com\/wp-content\/uploads\/2022\/09\/commercial-sawdust-block-making-machine.webp 720w, https:\/\/shuliywoodmachine.com\/wp-content\/uploads\/2022\/09\/commercial-sawdust-block-making-machine-300x225.webp 300w\" sizes=\"auto, (max-width: 720px) 100vw, 720px\" \/><figcaption class=\"wp-element-caption\">m\u00e1quina comercial para fazer blocos de serragem<\/figcaption><\/figure> <\/div>   <p>Se voc\u00ea estiver interessado na linha de produ\u00e7\u00e3o de blocos para paletes de madeira, entre em contato conosco. Forneceremos a melhor solu\u00e7\u00e3o de acordo com suas necessidades.<\/p>","protected":false},"excerpt":{"rendered":"<p>A linha de produ\u00e7\u00e3o de blocos de paletes de madeira processa serragem, aparas de madeira, aparas de madeira, etc. em blocos de paletes de madeira por alta temperatura e press\u00e3o. <\/p>","protected":false},"author":1,"featured_media":1346,"parent":0,"template":"","tags":[87,151,104,150],"product-type":[99],"class_list":["post-1345","product","type-product","status-publish","has-post-thumbnail","hentry","tag-wood-block-making-machine","tag-wood-blocks","tag-wood-pallet-block-production-line","tag-wood-pallet-blocks","product-type-production-line"],"_links":{"self":[{"href":"https:\/\/shuliywoodmachine.com\/pt\/wp-json\/wp\/v2\/product\/1345","targetHints":{"allow":["GET"]}}],"collection":[{"href":"https:\/\/shuliywoodmachine.com\/pt\/wp-json\/wp\/v2\/product"}],"about":[{"href":"https:\/\/shuliywoodmachine.com\/pt\/wp-json\/wp\/v2\/types\/product"}],"author":[{"embeddable":true,"href":"https:\/\/shuliywoodmachine.com\/pt\/wp-json\/wp\/v2\/users\/1"}],"wp:featuredmedia":[{"embeddable":true,"href":"https:\/\/shuliywoodmachine.com\/pt\/wp-json\/wp\/v2\/media\/1346"}],"wp:attachment":[{"href":"https:\/\/shuliywoodmachine.com\/pt\/wp-json\/wp\/v2\/media?parent=1345"}],"wp:term":[{"taxonomy":"post_tag","embeddable":true,"href":"https:\/\/shuliywoodmachine.com\/pt\/wp-json\/wp\/v2\/tags?post=1345"},{"taxonomy":"product-type","embeddable":true,"href":"https:\/\/shuliywoodmachine.com\/pt\/wp-json\/wp\/v2\/product-type?post=1345"}],"curies":[{"name":"wp","href":"https:\/\/api.w.org\/{rel}","templated":true}]}}