{"id":220,"date":"2022-07-12T02:18:16","date_gmt":"2022-07-12T02:18:16","guid":{"rendered":"https:\/\/shuliywoodmachine.com\/?post_type=product&#038;p=220"},"modified":"2025-04-14T16:37:03","modified_gmt":"2025-04-14T08:37:03","slug":"drum-chipper-wood-chipping-machine","status":"publish","type":"product","link":"https:\/\/shuliywoodmachine.com\/pt\/product\/drum-chipper-wood-chipping-machine\/","title":{"rendered":"Picador de Tambor | M\u00e1quina de lascar madeira"},"content":{"rendered":"<p class=\"translation-block\">Este <strong>triturador de tambor<\/strong> \u00e9 para cortar troncos, galhos, t\u00e1buas, l\u00e2minas de desperd\u00edcio, bambu, etc. em pequenos chips de madeira regulares com um tamanho de 25mm (ajust\u00e1vel). Ele pode lidar com madeira de desperd\u00edcio em grande quantidade, e a capacidade chega a 5-15t\/h.<\/p>    <figure class=\"wp-block-gallery aligncenter has-nested-images columns-default is-cropped wp-block-gallery-2 is-layout-flex wp-block-gallery-is-layout-flex\"> <figure class=\"wp-block-image size-full\"><img loading=\"lazy\" decoding=\"async\" width=\"720\" height=\"540\" data-id=\"847\" src=\"https:\/\/shuliywoodmachine.com\/wp-content\/uploads\/2022\/09\/electric-drum-chipper.webp\" alt=\"picador de tambor el\u00e9trico\" class=\"wp-image-847\" title=\"\" srcset=\"https:\/\/shuliywoodmachine.com\/wp-content\/uploads\/2022\/09\/electric-drum-chipper.webp 720w, https:\/\/shuliywoodmachine.com\/wp-content\/uploads\/2022\/09\/electric-drum-chipper-300x225.webp 300w\" sizes=\"auto, (max-width: 720px) 100vw, 720px\" \/><figcaption class=\"wp-element-caption\">Picador de Tambor El\u00e9trico<\/figcaption><\/figure>    <figure class=\"wp-block-image size-full\"><img loading=\"lazy\" decoding=\"async\" width=\"720\" height=\"540\" data-id=\"848\" src=\"https:\/\/shuliywoodmachine.com\/wp-content\/uploads\/2022\/09\/wood-chipper-machine.webp\" alt=\"m\u00e1quina picadora de madeira\" class=\"wp-image-848\" title=\"\" srcset=\"https:\/\/shuliywoodmachine.com\/wp-content\/uploads\/2022\/09\/wood-chipper-machine.webp 720w, https:\/\/shuliywoodmachine.com\/wp-content\/uploads\/2022\/09\/wood-chipper-machine-300x225.webp 300w\" sizes=\"auto, (max-width: 720px) 100vw, 720px\" \/><figcaption class=\"wp-element-caption\">M\u00e1quina picadora de madeira<\/figcaption><\/figure> <\/figure>    <figure class=\"wp-block-gallery aligncenter has-nested-images columns-default is-cropped wp-block-gallery-3 is-layout-flex wp-block-gallery-is-layout-flex\"> <figure class=\"wp-block-image size-full\"><img loading=\"lazy\" decoding=\"async\" width=\"600\" height=\"450\" data-id=\"850\" src=\"https:\/\/shuliywoodmachine.com\/wp-content\/uploads\/2022\/09\/industrial-wood-chipper-for-sale.webp\" alt=\"picador de madeira industrial para venda\" class=\"wp-image-850\" title=\"\" srcset=\"https:\/\/shuliywoodmachine.com\/wp-content\/uploads\/2022\/09\/industrial-wood-chipper-for-sale.webp 600w, https:\/\/shuliywoodmachine.com\/wp-content\/uploads\/2022\/09\/industrial-wood-chipper-for-sale-300x225.webp 300w\" sizes=\"auto, (max-width: 600px) 100vw, 600px\" \/><figcaption class=\"wp-element-caption\">Triturador de madeira industrial para venda<\/figcaption><\/figure>    <figure class=\"wp-block-image size-full\"><img loading=\"lazy\" decoding=\"async\" width=\"720\" height=\"540\" data-id=\"851\" src=\"https:\/\/shuliywoodmachine.com\/wp-content\/uploads\/2022\/09\/large-wood-drum-chipper.webp\" alt=\"picador de madeira grande\" class=\"wp-image-851\" title=\"\" srcset=\"https:\/\/shuliywoodmachine.com\/wp-content\/uploads\/2022\/09\/large-wood-drum-chipper.webp 720w, https:\/\/shuliywoodmachine.com\/wp-content\/uploads\/2022\/09\/large-wood-drum-chipper-300x225.webp 300w\" sizes=\"auto, (max-width: 720px) 100vw, 720px\" \/><figcaption class=\"wp-element-caption\">Picador de madeira grande<\/figcaption><\/figure> <\/figure>    <p>E nossa m\u00e1quina sempre trabalha com o transportador para transporte e processamento autom\u00e1tico de madeira. As portas de alimenta\u00e7\u00e3o e sa\u00edda podem usar o transportador para facilitar o trabalho.<\/p>    <p>Al\u00e9m disso, famoso por uma ampla gama de aplica\u00e7\u00f5es, bom desempenho da m\u00e1quina e longa vida \u00fatil, nosso picador de madeira de tambor \u00e9 muito popular em todo o mundo. Foi exportado para Austr\u00e1lia, EUA, Alemanha, I\u00eamen, \u00c1frica do Sul, Peru, etc.<\/p>    <figure class=\"wp-block-embed is-type-video is-provider-youtube wp-block-embed-youtube wp-embed-aspect-16-9 wp-has-aspect-ratio\"><div class=\"wp-block-embed__wrapper\"> <iframe loading=\"lazy\" title=\"Picador de toras incr\u00edvel | M\u00e1quina de lascar madeira de qualidade para venda de Shuliy, 2022 #woodchips\" width=\"500\" height=\"281\" src=\"https:\/\/www.youtube.com\/embed\/LSE8AbPLPdY?feature=oembed\" frameborder=\"0\" allow=\"accelerometer; autoplay; clipboard-write; encrypted-media; gyroscope; picture-in-picture; web-share\" referrerpolicy=\"strict-origin-when-cross-origin\" allowfullscreen><\/iframe> <\/div><figcaption class=\"wp-element-caption\">v\u00eddeo de trabalho do picador de madeira de tambor<\/figcaption><\/figure>    <h2 class=\"wp-block-heading\"><strong>Mat\u00e9rias-primas a serem lascadas e aplica\u00e7\u00f5es<\/strong><\/h2>    <p class=\"has-text-align-left\">Esta m\u00e1quina picadora de madeira tem uma ampla gama de aplica\u00e7\u00f5es nas mat\u00e9rias-primas, mas voc\u00ea deve observar que as mat\u00e9rias-primas de madeira devem estar sem pregos, incluindo, mas n\u00e3o se limitando a:<\/p>   <div class=\"wp-block-image\"> <figure class=\"aligncenter size-full\"><img loading=\"lazy\" decoding=\"async\" width=\"720\" height=\"350\" src=\"https:\/\/shuliywoodmachine.com\/wp-content\/uploads\/2022\/07\/raw-materials-for-drum-style-wood-chipper.webp\" alt=\"mat\u00e9rias-primas para picador de madeira tipo tambor\" class=\"wp-image-2060\" title=\"\" srcset=\"https:\/\/shuliywoodmachine.com\/wp-content\/uploads\/2022\/07\/raw-materials-for-drum-style-wood-chipper.webp 720w, https:\/\/shuliywoodmachine.com\/wp-content\/uploads\/2022\/07\/raw-materials-for-drum-style-wood-chipper-300x146.webp 300w, https:\/\/shuliywoodmachine.com\/wp-content\/uploads\/2022\/07\/raw-materials-for-drum-style-wood-chipper-18x9.webp 18w\" sizes=\"auto, (max-width: 720px) 100vw, 720px\" \/><figcaption class=\"wp-element-caption\">mat\u00e9rias-primas para picador de madeira tipo tambor<\/figcaption><\/figure> <\/div>   <p class=\"translation-block\"><strong>Madeira, bambu, <a href=\"https:\/\/en.wikipedia.org\/wiki\/Slab\" target=\"_blank\" rel=\"noreferrer noopener\">l\u00e2mina<\/a>, galhos, palha, madeira, troncos, galhos, t\u00e1buas, l\u00e2minas de desperd\u00edcio, talos de algod\u00e3o e outros caules de fibra n\u00e3o madeireira<\/strong>. <\/p>   <div class=\"wp-block-image\"> <figure class=\"aligncenter size-full\"><img loading=\"lazy\" decoding=\"async\" width=\"720\" height=\"450\" src=\"https:\/\/shuliywoodmachine.com\/wp-content\/uploads\/2022\/09\/raw-materials-to-be-chipped.webp\" alt=\"mat\u00e9rias-primas a serem lascadas\" class=\"wp-image-852\" title=\"\" srcset=\"https:\/\/shuliywoodmachine.com\/wp-content\/uploads\/2022\/09\/raw-materials-to-be-chipped.webp 720w, https:\/\/shuliywoodmachine.com\/wp-content\/uploads\/2022\/09\/raw-materials-to-be-chipped-300x188.webp 300w\" sizes=\"auto, (max-width: 720px) 100vw, 720px\" \/><figcaption class=\"wp-element-caption\">mat\u00e9rias-primas a serem lascadas<\/figcaption><\/figure> <\/div>   <p>Ap\u00f3s o lascamento, os cavacos de madeira t\u00eam diversas utiliza\u00e7\u00f5es.<\/p>    <ul class=\"wp-block-list\"> <li><strong>Mat\u00e9rias-primas s\u00e3o aplicadas em diversas ind\u00fastrias<\/strong>. Usinas de combust\u00edvel de biomassa, fabrica\u00e7\u00e3o de papel, usinas de biomassa, celulose, javali artificial, queima de fogo, f\u00e1bricas de placas de madeira, f\u00e1bricas de placas comprimidas, fabrica\u00e7\u00e3o de pellets (como mat\u00e9ria-prima) e outras ind\u00fastrias.<\/li>    <li><strong>Navios de madeira de alta qualidade \u00e0 venda<\/strong>. Isso significa gerar lucros, o que beneficia o seu neg\u00f3cio madeireiro.<\/li> <\/ul>    <figure class=\"wp-block-gallery has-nested-images columns-default is-cropped wp-block-gallery-4 is-layout-flex wp-block-gallery-is-layout-flex\"> <figure class=\"wp-block-image size-large\"><img loading=\"lazy\" decoding=\"async\" width=\"720\" height=\"540\" data-id=\"2063\" src=\"https:\/\/shuliywoodmachine.com\/wp-content\/uploads\/2022\/07\/regular-wood-chips.webp\" alt=\"lascas de madeira normais\" class=\"wp-image-2063\" title=\"\" srcset=\"https:\/\/shuliywoodmachine.com\/wp-content\/uploads\/2022\/07\/regular-wood-chips.webp 720w, https:\/\/shuliywoodmachine.com\/wp-content\/uploads\/2022\/07\/regular-wood-chips-300x225.webp 300w, https:\/\/shuliywoodmachine.com\/wp-content\/uploads\/2022\/07\/regular-wood-chips-16x12.webp 16w\" sizes=\"auto, (max-width: 720px) 100vw, 720px\" \/><figcaption class=\"wp-element-caption\">Lascas de madeira normais<\/figcaption><\/figure>    <figure class=\"wp-block-image size-full\"><img loading=\"lazy\" decoding=\"async\" width=\"720\" height=\"540\" data-id=\"2065\" src=\"https:\/\/shuliywoodmachine.com\/wp-content\/uploads\/2024\/07\/wood-chips-processed-by-wood-drum-chipper.webp\" alt=\"lascas de madeira processadas por picador de tambor de madeira\" class=\"wp-image-2065\" title=\"\" srcset=\"https:\/\/shuliywoodmachine.com\/wp-content\/uploads\/2024\/07\/wood-chips-processed-by-wood-drum-chipper.webp 720w, https:\/\/shuliywoodmachine.com\/wp-content\/uploads\/2024\/07\/wood-chips-processed-by-wood-drum-chipper-300x225.webp 300w, https:\/\/shuliywoodmachine.com\/wp-content\/uploads\/2024\/07\/wood-chips-processed-by-wood-drum-chipper-16x12.webp 16w\" sizes=\"auto, (max-width: 720px) 100vw, 720px\" \/><figcaption class=\"wp-element-caption\">Lascas de madeira processadas por picador de tambor de madeira<\/figcaption><\/figure> <\/figure>    <p class=\"translation-block\">Para produzir melhor chips de madeira de qualidade, podemos usar uma <a href=\"https:\/\/shuliywoodmachine.com\/pt\/product\/wood-debarker-log-debarker\/\">m\u00e1quina descascadora de troncos de madeira<\/a> antes de usar um triturador de madeira.<\/p>    <p>Al\u00e9m disso, este picador de tambor tamb\u00e9m pode ser usado para produ\u00e7\u00e3o de serragem. \u00c9 usado antes da linha de produ\u00e7\u00e3o como uma etapa de britagem grosseira e, em seguida, o processamento profundo pode ser realizado.<\/p>    <h2 class=\"wp-block-heading\" id=\"h-features-of-commercial-drum-chipper-for-sale\"><strong>Caracter\u00edsticas do picador de tambor comercial para venda<\/strong><\/h2>   <div class=\"wp-block-image\"> <figure class=\"aligncenter size-full\"><img loading=\"lazy\" decoding=\"async\" width=\"720\" height=\"200\" src=\"https:\/\/shuliywoodmachine.com\/wp-content\/uploads\/2022\/09\/features-of-wood-chipper.webp\" alt=\"caracter\u00edsticas do picador de madeira\" class=\"wp-image-855\" title=\"\" srcset=\"https:\/\/shuliywoodmachine.com\/wp-content\/uploads\/2022\/09\/features-of-wood-chipper.webp 720w, https:\/\/shuliywoodmachine.com\/wp-content\/uploads\/2022\/09\/features-of-wood-chipper-300x83.webp 300w\" sizes=\"auto, (max-width: 720px) 100vw, 720px\" \/><figcaption class=\"wp-element-caption\">caracter\u00edsticas do picador de madeira<\/figcaption><\/figure> <\/div>   <ol class=\"wp-block-list\"> <li><strong>Rotor de l\u00e2mina com novo design<\/strong>, ent\u00e3o as l\u00e2minas s\u00e3o f\u00e1ceis de substituir.<\/li>    <li>Equipado com o <strong>4 rolos de press\u00e3o de alimenta\u00e7\u00e3o<\/strong>. Sua fun\u00e7\u00e3o \u00e9 agarrar e morder a madeira e for\u00e7ar a alimenta\u00e7\u00e3o do material.<\/li>    <li><strong>Rolamento de refor\u00e7o<\/strong> \u00e9 aplicado e dur\u00e1vel.<\/li>    <li>Tem um <strong>dispositivo de eleva\u00e7\u00e3o autom\u00e1tico (sistema hidr\u00e1ulico)<\/strong>. Ao alimentar, ele reconhece automaticamente a altura da madeira e levanta automaticamente de acordo com a madeira.<\/li>    <li>Equipado com um <strong>gabinete de controle separado<\/strong>. O gabinete de controle \u00e9 necess\u00e1rio para que na utiliza\u00e7\u00e3o da m\u00e1quina a eletricidade seja mais segura.<\/li>    <li>Esta m\u00e1quina pode processar <strong>res\u00edduos de madeira com di\u00e2metro. de 230-500 mm<\/strong>, e tem um <strong>capacidade de 5-15t\/h<\/strong>. Assim, \u00e9 ideal para f\u00e1bricas de processamento de madeira. <\/li> <\/ol>   <div class=\"wp-block-image\"> <figure class=\"aligncenter size-full\"><img loading=\"lazy\" decoding=\"async\" width=\"720\" height=\"540\" src=\"https:\/\/shuliywoodmachine.com\/wp-content\/uploads\/2022\/09\/drum-chipper-with-the-conveyor-and-control-cabinet.jpg\" alt=\"picador de tambor com transportador e gabinete de controle\" class=\"wp-image-846\" title=\"\" srcset=\"https:\/\/shuliywoodmachine.com\/wp-content\/uploads\/2022\/09\/drum-chipper-with-the-conveyor-and-control-cabinet.jpg 720w, https:\/\/shuliywoodmachine.com\/wp-content\/uploads\/2022\/09\/drum-chipper-with-the-conveyor-and-control-cabinet-300x225.jpg 300w\" sizes=\"auto, (max-width: 720px) 100vw, 720px\" \/><figcaption class=\"wp-element-caption\">picador de tambor com transportador e gabinete de controle<\/figcaption><\/figure> <\/div>   <h2 class=\"wp-block-heading\"><strong>Par\u00e2metros t\u00e9cnicos do picador de madeira de tambor para venda<\/strong><\/h2>    <figure class=\"wp-block-table\"><table><tbody><tr><td>Modelo<\/td><td>SL-218<\/td><td>SL-216<\/td><\/tr><tr><td>Quantidade de faca<\/td><td>2<\/td><td>2<\/td><\/tr><tr><td>Tamanho da alimenta\u00e7\u00e3o<\/td><td>300*680\u00a0mm<\/td><td>230*500mm<\/td><\/tr><tr><td>Capacidade<\/td><td>10-15 t\/h<\/td><td>5-8t\/h<\/td><\/tr><tr><td>Dimens\u00e3o da mat\u00e9ria-prima<\/td><td>\u2264300 mm<\/td><td>\u2264230 mm<\/td><\/tr><tr><td>Tamanho das aparas de madeira<\/td><td>25 mm (ajust\u00e1vel)<\/td><td>25mm(Ajust\u00e1vel)<\/td><\/tr><tr><td>Alimenta\u00e7\u00e3o principal<\/td><td>110 kW<\/td><td>55 kW<\/td><\/tr><tr><td>Peso<\/td><td>8.600\u00a0kg<\/td><td>5600kg<\/td><\/tr><tr><td>Transportador de entrada de alimenta\u00e7\u00e3o<\/td><td>6 metros<\/td><td>6 metros<\/td><\/tr><tr><td>Transportador de sa\u00edda<\/td><td>8\u00a0m<\/td><td>8 metros<\/td><\/tr><tr><td>Tamanho da embalagem<\/td><td>3105*2300*1650\u00a0mil\u00edmetros<\/td><td>2735*2200*1200mm<\/td><\/tr><\/tbody><\/table><figcaption class=\"wp-element-caption\">especifica\u00e7\u00f5es da m\u00e1quina de estilha\u00e7ar madeira<\/figcaption><\/figure>    <p>Listados acima est\u00e3o nossos modelos mais vendidos para sua refer\u00eancia quando voc\u00ea deseja fazer uma grande quantidade de processamento de res\u00edduos de madeira.<\/p>    <h2 class=\"wp-block-heading\"><strong>Constru\u00e7\u00e3o do <strong>madeira<\/strong><\/strong> <strong>picador de tambor<\/strong><\/h2>    <p>O picador de tambor Shuliy \u00e9 composto principalmente de correia, porta de alimenta\u00e7\u00e3o, placa de faca, motor, estrutura interna (rolo de press\u00e3o, l\u00e2mina e tela) e controle el\u00e9trico. <\/p>   <div class=\"wp-block-image\"> <figure class=\"aligncenter size-full\"><img loading=\"lazy\" decoding=\"async\" width=\"800\" height=\"333\" src=\"https:\/\/shuliywoodmachine.com\/wp-content\/uploads\/2022\/09\/drum-chipper-design.webp\" alt=\"projeto de picador de tambor\" class=\"wp-image-853\" title=\"\" srcset=\"https:\/\/shuliywoodmachine.com\/wp-content\/uploads\/2022\/09\/drum-chipper-design.webp 800w, https:\/\/shuliywoodmachine.com\/wp-content\/uploads\/2022\/09\/drum-chipper-design-300x125.webp 300w, https:\/\/shuliywoodmachine.com\/wp-content\/uploads\/2022\/09\/drum-chipper-design-768x320.webp 768w\" sizes=\"auto, (max-width: 800px) 100vw, 800px\" \/><figcaption class=\"wp-element-caption\">projeto de picador de tambor<\/figcaption><\/figure> <\/div>   <p>Se voc\u00ea deseja produzir diferentes especifica\u00e7\u00f5es e espessuras de cavacos de madeira, voc\u00ea pode conseguir isso ajustando as quantidades de l\u00e2minas de cavaco.<\/p>    <figure class=\"wp-block-gallery has-nested-images columns-default is-cropped wp-block-gallery-5 is-layout-flex wp-block-gallery-is-layout-flex\"> <figure class=\"wp-block-image size-large\"><img loading=\"lazy\" decoding=\"async\" width=\"720\" height=\"540\" data-id=\"2072\" src=\"https:\/\/shuliywoodmachine.com\/wp-content\/uploads\/2022\/07\/internal-structure-of-industrial-wood-chipping-machine.webp\" alt=\"estrutura interna da m\u00e1quina industrial de lascar madeira\" class=\"wp-image-2072\" title=\"\" srcset=\"https:\/\/shuliywoodmachine.com\/wp-content\/uploads\/2022\/07\/internal-structure-of-industrial-wood-chipping-machine.webp 720w, https:\/\/shuliywoodmachine.com\/wp-content\/uploads\/2022\/07\/internal-structure-of-industrial-wood-chipping-machine-300x225.webp 300w, https:\/\/shuliywoodmachine.com\/wp-content\/uploads\/2022\/07\/internal-structure-of-industrial-wood-chipping-machine-16x12.webp 16w\" sizes=\"auto, (max-width: 720px) 100vw, 720px\" \/><figcaption class=\"wp-element-caption\">Estrutura interna da m\u00e1quina industrial de lascar madeira<\/figcaption><\/figure>    <figure class=\"wp-block-image size-large\"><img loading=\"lazy\" decoding=\"async\" width=\"720\" height=\"540\" data-id=\"2071\" src=\"https:\/\/shuliywoodmachine.com\/wp-content\/uploads\/2022\/07\/blades-for-wood-chipper.webp\" alt=\"l\u00e2minas para picador de madeira\" class=\"wp-image-2071\" title=\"\" srcset=\"https:\/\/shuliywoodmachine.com\/wp-content\/uploads\/2022\/07\/blades-for-wood-chipper.webp 720w, https:\/\/shuliywoodmachine.com\/wp-content\/uploads\/2022\/07\/blades-for-wood-chipper-300x225.webp 300w, https:\/\/shuliywoodmachine.com\/wp-content\/uploads\/2022\/07\/blades-for-wood-chipper-16x12.webp 16w\" sizes=\"auto, (max-width: 720px) 100vw, 720px\" \/><figcaption class=\"wp-element-caption\">L\u00e2minas para picador de madeira<\/figcaption><\/figure> <\/figure>    <h2 class=\"wp-block-heading\" id=\"h-how-does-a-drum-chipper-work\"><strong>Como funciona um picador de tambor?<\/strong><\/h2>    <ul class=\"wp-block-list\"> <li>Alimente a madeira pela entrada de alimenta\u00e7\u00e3o e o rolo ir\u00e1 capturar, pressionar e empurrar a madeira para avan\u00e7ar.<\/li>    <li>Ent\u00e3o a madeira chega \u00e0 parte central. As l\u00e2minas come\u00e7am a cortar a madeira em peda\u00e7os. H\u00e1 uma tela na parte inferior da m\u00e1quina (dentro). O tamanho da tela decide o tamanho dos chips.<\/li>    <li>Finalmente, as lascas de madeira qualificadas saem da tela.<\/li> <\/ul>    <figure class=\"wp-block-gallery has-nested-images columns-default is-cropped wp-block-gallery-6 is-layout-flex wp-block-gallery-is-layout-flex\"> <figure class=\"wp-block-image size-large\"><img loading=\"lazy\" decoding=\"async\" width=\"720\" height=\"540\" data-id=\"2074\" src=\"https:\/\/shuliywoodmachine.com\/wp-content\/uploads\/2022\/07\/industrial-drum-style-wood-chipper.webp\" alt=\"picador de madeira tipo tambor industrial\" class=\"wp-image-2074\" title=\"\" srcset=\"https:\/\/shuliywoodmachine.com\/wp-content\/uploads\/2022\/07\/industrial-drum-style-wood-chipper.webp 720w, https:\/\/shuliywoodmachine.com\/wp-content\/uploads\/2022\/07\/industrial-drum-style-wood-chipper-300x225.webp 300w, https:\/\/shuliywoodmachine.com\/wp-content\/uploads\/2022\/07\/industrial-drum-style-wood-chipper-16x12.webp 16w\" sizes=\"auto, (max-width: 720px) 100vw, 720px\" \/><figcaption class=\"wp-element-caption\">Triturador de madeira estilo tambor industrial<\/figcaption><\/figure>    <figure class=\"wp-block-image size-large\"><img loading=\"lazy\" decoding=\"async\" width=\"540\" height=\"240\" data-id=\"856\" src=\"https:\/\/shuliywoodmachine.com\/wp-content\/uploads\/2022\/09\/drum-chipper-diagram.webp\" alt=\"diagrama do picador de tambor\" class=\"wp-image-856\" title=\"\" srcset=\"https:\/\/shuliywoodmachine.com\/wp-content\/uploads\/2022\/09\/drum-chipper-diagram.webp 540w, https:\/\/shuliywoodmachine.com\/wp-content\/uploads\/2022\/09\/drum-chipper-diagram-300x133.webp 300w\" sizes=\"auto, (max-width: 540px) 100vw, 540px\" \/><figcaption class=\"wp-element-caption\">Diagrama de batedor de bateria<\/figcaption><\/figure> <\/figure>    <h2 class=\"wp-block-heading\" id=\"h-faq\"><strong>FAQ do picador de madeira de tambor<\/strong><\/h2>   <div id=\"rank-math-faq\" class=\"rank-math-block\"> <div class=\"rank-math-list\"> <div id=\"faq-question-1663655896992\" class=\"rank-math-list-item\"> <h3 class=\"rank-math-question\">P1: <strong>Por que equipar um gabinete de controle separado ao usar este picador de madeira grande?<\/strong><\/h3> <div class=\"rank-math-answer\">  <p>A1: Por causa disso, voc\u00ea pode usar eletricidade com seguran\u00e7a ao operar a m\u00e1quina.<\/p>  <\/div> <\/div> <div id=\"faq-question-1663655922821\" class=\"rank-math-list-item\"> <h3 class=\"rank-math-question\">Q2: <strong>A\u00a0Shuliy Machinery\u00a0\u00e9 um fabricante ou distribuidor?<\/strong><\/h3> <div class=\"rank-math-answer\">  <p>A2: Estamos integrados com a produ\u00e7\u00e3o e fornecimento. Em compara\u00e7\u00e3o com outras empresas comerciais, voc\u00ea pode obter o melhor pre\u00e7o conosco.<\/p>  <\/div> <\/div> <div id=\"faq-question-1663655947757\" class=\"rank-math-list-item\"> <h3 class=\"rank-math-question\">P3: <strong>Como posso usar a m\u00e1quina depois de receb\u00ea-la? Existe algum manual?<\/strong><\/h3> <div class=\"rank-math-answer\">  <p>A3: Inclu\u00edmos o manual com a m\u00e1quina. Al\u00e9m do mais, podemos conversar online\/por v\u00eddeo para ajud\u00e1-lo a entender claramente a m\u00e1quina, se necess\u00e1rio.<\/p>  <\/div> <\/div> <\/div> <\/div>   <figure class=\"wp-block-embed is-type-video is-provider-youtube wp-block-embed-youtube wp-embed-aspect-16-9 wp-has-aspect-ratio\"><div class=\"wp-block-embed__wrapper\"> <iframe loading=\"lazy\" title=\"Drum Chipper para processar v\u00e1rias bosques e conchas de coco | Principal de madeira para fichas de 25 mm\" width=\"500\" height=\"281\" src=\"https:\/\/www.youtube.com\/embed\/I26DHi4NMW8?feature=oembed\" frameborder=\"0\" allow=\"accelerometer; autoplay; clipboard-write; encrypted-media; gyroscope; picture-in-picture; web-share\" referrerpolicy=\"strict-origin-when-cross-origin\" allowfullscreen><\/iframe> <\/div><figcaption class=\"wp-element-caption\">V\u00eddeo de batedor de bateria para processamento de madeira e concha de coco<\/figcaption><\/figure>","protected":false},"excerpt":{"rendered":"<p>Este triturador de tambor \u00e9 para cortar troncos, ramos, t\u00e1buas, etc. em pequenos peda\u00e7os de madeira regulares com um tamanho de 25mm (ajust\u00e1vel). Tem uma produ\u00e7\u00e3o de 5-15t\/h.<\/p>","protected":false},"author":1,"featured_media":845,"parent":0,"template":"","tags":[13,15,14,10,12,11,147,16],"product-type":[7],"class_list":["post-220","product","type-product","status-publish","has-post-thumbnail","hentry","tag-drum-chipper","tag-drum-chipper-machine","tag-drum-chipping-machine","tag-wood-chipper","tag-wood-chipper-machine","tag-wood-chipping-machine","tag-wood-chips","tag-wood-machine","product-type-wood-chipper"],"_links":{"self":[{"href":"https:\/\/shuliywoodmachine.com\/pt\/wp-json\/wp\/v2\/product\/220","targetHints":{"allow":["GET"]}}],"collection":[{"href":"https:\/\/shuliywoodmachine.com\/pt\/wp-json\/wp\/v2\/product"}],"about":[{"href":"https:\/\/shuliywoodmachine.com\/pt\/wp-json\/wp\/v2\/types\/product"}],"author":[{"embeddable":true,"href":"https:\/\/shuliywoodmachine.com\/pt\/wp-json\/wp\/v2\/users\/1"}],"wp:featuredmedia":[{"embeddable":true,"href":"https:\/\/shuliywoodmachine.com\/pt\/wp-json\/wp\/v2\/media\/845"}],"wp:attachment":[{"href":"https:\/\/shuliywoodmachine.com\/pt\/wp-json\/wp\/v2\/media?parent=220"}],"wp:term":[{"taxonomy":"post_tag","embeddable":true,"href":"https:\/\/shuliywoodmachine.com\/pt\/wp-json\/wp\/v2\/tags?post=220"},{"taxonomy":"product-type","embeddable":true,"href":"https:\/\/shuliywoodmachine.com\/pt\/wp-json\/wp\/v2\/product-type?post=220"}],"curies":[{"name":"wp","href":"https:\/\/api.w.org\/{rel}","templated":true}]}}