{"id":333,"date":"2022-07-15T01:45:37","date_gmt":"2022-07-15T01:45:37","guid":{"rendered":"https:\/\/shuliywoodmachine.com\/?post_type=product&#038;p=333"},"modified":"2024-07-03T10:58:35","modified_gmt":"2024-07-03T02:58:35","slug":"hammer-mill-crusher","status":"publish","type":"product","link":"https:\/\/shuliywoodmachine.com\/pt\/product\/triturador-de-martelo\/","title":{"rendered":"Triturador de martelo"},"content":{"rendered":"<p class=\"translation-block\"><strong>Triturador de martelo<\/strong> \u00e9 para moer semi-produtos (como briquetes de carv\u00e3o, palha, lascas de madeira, etc.) em serradura com 5-10mm. Tem uma produ\u00e7\u00e3o de 0,6-5t\/h. <\/p>    <p>Nosso pulverizador de martelo pode usar motor diesel ou motor el\u00e9trico, tamb\u00e9m pode equipar a m\u00e1quina com ciclone, estrutura, pneus e plataforma. Possui diversas coloca\u00e7\u00f5es para atender \u00e0s suas diferentes demandas.<\/p>    <figure class=\"wp-block-gallery aligncenter has-nested-images columns-default is-cropped wp-block-gallery-2 is-layout-flex wp-block-gallery-is-layout-flex\"> <figure class=\"wp-block-image size-full\"><img loading=\"lazy\" decoding=\"async\" width=\"540\" height=\"540\" data-id=\"786\" src=\"https:\/\/shuliywoodmachine.com\/wp-content\/uploads\/2022\/09\/large-hammer-mill.webp\" alt=\"moinho de martelo grande\" class=\"wp-image-786\" title=\"\" srcset=\"https:\/\/shuliywoodmachine.com\/wp-content\/uploads\/2022\/09\/large-hammer-mill.webp 540w, https:\/\/shuliywoodmachine.com\/wp-content\/uploads\/2022\/09\/large-hammer-mill-300x300.webp 300w, https:\/\/shuliywoodmachine.com\/wp-content\/uploads\/2022\/09\/large-hammer-mill-150x150.webp 150w\" sizes=\"auto, (max-width: 540px) 100vw, 540px\" \/><figcaption class=\"wp-element-caption\">Moinho de martelo grande<\/figcaption><\/figure>    <figure class=\"wp-block-image size-full\"><img loading=\"lazy\" decoding=\"async\" width=\"540\" height=\"540\" data-id=\"788\" src=\"https:\/\/shuliywoodmachine.com\/wp-content\/uploads\/2022\/09\/industrial-hammer-mill.webp\" alt=\"moinho de martelo industrial\" class=\"wp-image-788\" title=\"\" srcset=\"https:\/\/shuliywoodmachine.com\/wp-content\/uploads\/2022\/09\/industrial-hammer-mill.webp 540w, https:\/\/shuliywoodmachine.com\/wp-content\/uploads\/2022\/09\/industrial-hammer-mill-300x300.webp 300w, https:\/\/shuliywoodmachine.com\/wp-content\/uploads\/2022\/09\/industrial-hammer-mill-150x150.webp 150w\" sizes=\"auto, (max-width: 540px) 100vw, 540px\" \/><figcaption class=\"wp-element-caption\">Moinho de martelo industrial<\/figcaption><\/figure> <\/figure>    <p>Apresentando alta efici\u00eancia, uma ampla gama de aplica\u00e7\u00f5es e opera\u00e7\u00e3o simples, este britador de martelo \u00e9 frequentemente usado em plantas de processamento de madeira ou carv\u00e3o para alta automa\u00e7\u00e3o. <\/p>    <p>Al\u00e9m disso, nosso triturador de martelo \u00e9 popular no mundo e foi exportado para muitos pa\u00edses, como Egito, Venezuela, \u00c1frica do Sul, Som\u00e1lia, Nig\u00e9ria, Quirguist\u00e3o, Mal\u00e1sia, etc.<\/p>    <figure class=\"wp-block-embed is-type-video is-provider-youtube wp-block-embed-youtube wp-embed-aspect-16-9 wp-has-aspect-ratio\"><div class=\"wp-block-embed__wrapper\"> <iframe loading=\"lazy\" title=\"Serragem Muito Fina! Moinho de martelo para madeira - Triturador\/triturador\/pulverizador de madeira para venda de Shuliy\" width=\"500\" height=\"281\" src=\"https:\/\/www.youtube.com\/embed\/cUDPz801unc?feature=oembed\" frameborder=\"0\" allow=\"accelerometer; autoplay; clipboard-write; encrypted-media; gyroscope; picture-in-picture; web-share\" referrerpolicy=\"strict-origin-when-cross-origin\" allowfullscreen><\/iframe> <\/div><figcaption class=\"wp-element-caption\">v\u00eddeo do triturador de martelo para madeira<\/figcaption><\/figure>    <h2 class=\"wp-block-heading\"><strong>Mat\u00e9rias-primas que podem ser processadas e aplica\u00e7\u00f5es<\/strong><\/h2>    <p>Devido \u00e0 sua multifuncionalidade, este triturador de martelo pode triturar v\u00e1rios materiais, como:<\/p>    <ul class=\"wp-block-list\"> <li><strong>Madeira<\/strong>: toras, galhos, t\u00e1buas, blocos, lascas, cascas, diversos, etc.<\/li>    <li><strong>Res\u00edduos agr\u00edcolas<\/strong>: palha, espiga de milho, palha de arroz, casca de amendoim, talos de algod\u00e3o, talos de soja, capim, etc.<\/li>    <li><strong>Biomassa<\/strong>: bambu, fibra de palma, baga\u00e7o, casca de coco, casca de nozes, etc.<\/li>    <li><strong>Lixo industrial<\/strong>: modelos de constru\u00e7\u00e3o, pain\u00e9is de fibra, caixas de embalagem de madeira, res\u00edduos de m\u00f3veis de madeira, tijolos e telhas, res\u00edduos de cimento e assim por diante. <\/li>    <li><strong>Outros<\/strong>: papel\u00e3o, papel, livros, fibra, etc.<\/li> <\/ul>    <figure class=\"wp-block-gallery has-nested-images columns-default is-cropped wp-block-gallery-3 is-layout-flex wp-block-gallery-is-layout-flex\"> <figure class=\"wp-block-image size-large\"><img loading=\"lazy\" decoding=\"async\" width=\"720\" height=\"540\" data-id=\"796\" src=\"https:\/\/shuliywoodmachine.com\/wp-content\/uploads\/2022\/09\/applications-of-hammer-mill-crusher.webp\" alt=\"aplica\u00e7\u00f5es do triturador de martelo\" class=\"wp-image-796\" title=\"\" srcset=\"https:\/\/shuliywoodmachine.com\/wp-content\/uploads\/2022\/09\/applications-of-hammer-mill-crusher.webp 720w, https:\/\/shuliywoodmachine.com\/wp-content\/uploads\/2022\/09\/applications-of-hammer-mill-crusher-300x225.webp 300w\" sizes=\"auto, (max-width: 720px) 100vw, 720px\" \/><figcaption class=\"wp-element-caption\">Aplica\u00e7\u00f5es do triturador de martelo<\/figcaption><\/figure>    <figure class=\"wp-block-image size-large\"><img loading=\"lazy\" decoding=\"async\" width=\"720\" height=\"540\" data-id=\"792\" src=\"https:\/\/shuliywoodmachine.com\/wp-content\/uploads\/2022\/09\/screens.webp\" alt=\"tamanho dos produtos finais decidido pelas telas\" class=\"wp-image-792\" title=\"\" srcset=\"https:\/\/shuliywoodmachine.com\/wp-content\/uploads\/2022\/09\/screens.webp 720w, https:\/\/shuliywoodmachine.com\/wp-content\/uploads\/2022\/09\/screens-300x225.webp 300w\" sizes=\"auto, (max-width: 720px) 100vw, 720px\" \/><figcaption class=\"wp-element-caption\">Tamanho dos produtos finais decidido pelas telas<\/figcaption><\/figure> <\/figure>    <p>A seguir, \u00e9 processado o produto acabado obtido ap\u00f3s a pulveriza\u00e7\u00e3o, que \u00e9 aplicado da seguinte forma:<\/p>    <ul class=\"wp-block-list\"> <li><strong>F\u00e1brica de papel<\/strong>. Os produtos acabados podem servir como mat\u00e9ria-prima para a fabrica\u00e7\u00e3o de papel nas f\u00e1bricas de papel para obter lucro.<\/li>    <li><strong>Linha de produ\u00e7\u00e3o de carv\u00e3o<\/strong>. A madeira \u00e9 um recurso rico e amplamente utilizada como mat\u00e9ria-prima para a produ\u00e7\u00e3o de carv\u00e3o vegetal.<\/li>    <li><strong>Agricultura agr\u00edcola<\/strong>. Na produ\u00e7\u00e3o agr\u00edcola, as aparas de madeira podem ser utilizadas como fertilizante para fornecer nutrientes \u00e0 terra, melhorar a textura do solo, aumentar a aera\u00e7\u00e3o do solo, etc.<\/li>    <li><strong>F\u00e1brica de madeira<\/strong>. Como os materiais de madeira s\u00e3o indispens\u00e1veis \u200b\u200bpara a produ\u00e7\u00e3o de diversos produtos de madeira, eles s\u00e3o amplamente utilizados em diversas f\u00e1bricas de derivados de madeira.<\/li> <\/ul>   <div class=\"wp-block-image\"> <figure class=\"aligncenter size-full\"><img loading=\"lazy\" decoding=\"async\" width=\"540\" height=\"540\" src=\"https:\/\/shuliywoodmachine.com\/wp-content\/uploads\/2022\/09\/sawdust-application-area.webp\" alt=\"\u00e1rea de aplica\u00e7\u00e3o de serragem\" class=\"wp-image-791\" title=\"\" srcset=\"https:\/\/shuliywoodmachine.com\/wp-content\/uploads\/2022\/09\/sawdust-application-area.webp 540w, https:\/\/shuliywoodmachine.com\/wp-content\/uploads\/2022\/09\/sawdust-application-area-300x300.webp 300w, https:\/\/shuliywoodmachine.com\/wp-content\/uploads\/2022\/09\/sawdust-application-area-150x150.webp 150w\" sizes=\"auto, (max-width: 540px) 100vw, 540px\" \/><figcaption class=\"wp-element-caption\">\u00e1rea de aplica\u00e7\u00e3o de serragem<\/figcaption><\/figure> <\/div>   <h2 class=\"wp-block-heading\"><strong>Vantagens do triturador de martelo<\/strong><\/h2>    <ul class=\"wp-block-list\"> <li><strong>Produtos finais de 5-10mm<\/strong>. A m\u00e1quina tem bom desempenho de britagem e pode triturar as mat\u00e9rias-primas de maneira mais fina e uniforme. A finura \u00e9 determinada pelo tamanho da peneira da m\u00e1quina.<\/li>    <li><strong>Processamento de mat\u00e9rias-primas com 0,6-5t\/h<\/strong>. Nosso moinho de martelo \u00e9 altamente eficiente e pode triturar material com 0,6-5t por hora.<\/li>    <li><strong>Boa qualidade das pe\u00e7as-chave da m\u00e1quina<\/strong>. As pe\u00e7as principais s\u00e3o feitas de liga de a\u00e7o e tratadas termicamente, resistentes ao desgaste e dur\u00e1veis.<\/li>    <li><strong>Opera\u00e7\u00e3o simples<\/strong>. O projeto do moinho de martelos \u00e9 muito simples, basta ligar a m\u00e1quina e colocar a mat\u00e9ria-prima. Um trabalho \u00e9 suficiente para oper\u00e1-lo.<\/li>    <li><strong>Grande faixa de britagem<\/strong>. Este pulverizador de moinho de martelo pode esmagar res\u00edduos de madeira, res\u00edduos agr\u00edcolas, res\u00edduos industriais, biomassa, etc. <\/li> <\/ul>    <figure class=\"wp-block-gallery aligncenter has-nested-images columns-default is-cropped wp-block-gallery-4 is-layout-flex wp-block-gallery-is-layout-flex\"> <figure class=\"wp-block-image size-full\"><img loading=\"lazy\" decoding=\"async\" width=\"720\" height=\"540\" data-id=\"798\" src=\"https:\/\/shuliywoodmachine.com\/wp-content\/uploads\/2022\/09\/mini-hammer-mill.webp\" alt=\"mini moinho de martelo\" class=\"wp-image-798\" title=\"\" srcset=\"https:\/\/shuliywoodmachine.com\/wp-content\/uploads\/2022\/09\/mini-hammer-mill.webp 720w, https:\/\/shuliywoodmachine.com\/wp-content\/uploads\/2022\/09\/mini-hammer-mill-300x225.webp 300w\" sizes=\"auto, (max-width: 720px) 100vw, 720px\" \/><figcaption class=\"wp-element-caption\">Mini moinho de martelo<\/figcaption><\/figure>    <figure class=\"wp-block-image size-full\"><img loading=\"lazy\" decoding=\"async\" width=\"720\" height=\"540\" data-id=\"799\" src=\"https:\/\/shuliywoodmachine.com\/wp-content\/uploads\/2022\/09\/small-hammer-mill-machine.webp\" alt=\"m\u00e1quina pequena do moinho de martelo\" class=\"wp-image-799\" title=\"\" srcset=\"https:\/\/shuliywoodmachine.com\/wp-content\/uploads\/2022\/09\/small-hammer-mill-machine.webp 720w, https:\/\/shuliywoodmachine.com\/wp-content\/uploads\/2022\/09\/small-hammer-mill-machine-300x225.webp 300w\" sizes=\"auto, (max-width: 720px) 100vw, 720px\" \/><figcaption class=\"wp-element-caption\">M\u00e1quina pequena de moinho de martelo<\/figcaption><\/figure> <\/figure>    <h2 class=\"wp-block-heading\" id=\"h-technical-parameters-of-the-industrial-hammer-mill-crusher\"><strong>Par\u00e2metros t\u00e9cnicos do triturador de martelo industrial<\/strong><\/h2>    <figure class=\"wp-block-table\"><table><tbody><tr><td>Modelo<\/td><td>SL-HM60<\/td><td>SL-HM70<\/td><td>SL-HM80<\/td><td>SL-HM90<\/td><td>SL-HM1000<\/td><td>SL-HM1300<\/td><\/tr><tr><td>Poder<\/td><td>22kW<\/td><td>30kW<\/td><td>37kW<\/td><td>55kW<\/td><td>75kW<\/td><td>90kW<\/td><\/tr><tr><td>Martelos<\/td><td>30 unidades<\/td><td>40 unidades<\/td><td>50 unidades<\/td><td>50 unidades<\/td><td>105 unidades<\/td><td>105 unidades<\/td><\/tr><tr><td>F\u00e3<\/td><td>&nbsp;\/<\/td><td>&nbsp;\/<\/td><td>7,5 kW<\/td><td>7,5 kW<\/td><td>11kW<\/td><td>22kW<\/td><\/tr><tr><td>Removedor de poeira<\/td><td>5 unidades<\/td><td>5 unidades<\/td><td>5 unidades<\/td><td>5 unidades<\/td><td>14 unidades<\/td><td>14 unidades<\/td><\/tr><tr><td>Di\u00e2metro do ciclone<\/td><td>1m<\/td><td>1m<\/td><td>1m<\/td><td>1m<\/td><td>1m<\/td><td>1m<\/td><\/tr><tr><td>Capacidade<\/td><td>0,6-0,8 t\/h<\/td><td>1-1,2t\/h<\/td><td>1,2-1,5t\/h<\/td><td>1,5-3t\/h<\/td><td>3-4t\/h<\/td><td>4-5t\/h<\/td><\/tr><\/tbody><\/table><figcaption class=\"wp-element-caption\">especifica\u00e7\u00f5es do moedor de martelo de madeira<\/figcaption><\/figure>    <h2 class=\"wp-block-heading\" id=\"h-what-are-the-types-of-hammer-mill-from-shuliy-machinery\"><strong>Tipos de moinhos de martelo Shuliy para venda<\/strong><\/h2>    <p>Como fabricante profissional de britadores de martelo, atrav\u00e9s de nossa otimiza\u00e7\u00e3o e inova\u00e7\u00e3o cont\u00ednuas, nossos moinhos de martelo est\u00e3o agora dispon\u00edveis em uma ampla variedade para atender \u00e0s diferentes necessidades de nossos clientes. <\/p>    <h3 class=\"wp-block-heading\"><strong>Triturador de martelo el\u00e9trico<\/strong><\/h3>    <p>O britador de martelo motorizado \u00e9 caracterizado por alta efici\u00eancia, economia de energia e prote\u00e7\u00e3o ambiental, al\u00e9m de opera\u00e7\u00e3o est\u00e1vel. <\/p>    <p>Ele fornece pot\u00eancia est\u00e1vel e pode funcionar continuamente por um longo tempo, enquanto o baixo ru\u00eddo e a aus\u00eancia de emiss\u00f5es de escape ajudam a manter o ambiente de trabalho limpo e silencioso. <\/p>    <p>Al\u00e9m disso, o sistema motorizado possui estrutura simples e de f\u00e1cil manuten\u00e7\u00e3o, reduzindo a carga de trabalho e o custo da manuten\u00e7\u00e3o de rotina.<\/p>    <figure class=\"wp-block-gallery aligncenter has-nested-images columns-default is-cropped wp-block-gallery-5 is-layout-flex wp-block-gallery-is-layout-flex\"> <figure class=\"wp-block-image size-full\"><img loading=\"lazy\" decoding=\"async\" width=\"720\" height=\"540\" data-id=\"800\" src=\"https:\/\/shuliywoodmachine.com\/wp-content\/uploads\/2022\/09\/coal-crusher-hammer.webp\" alt=\"martelo triturador de carv\u00e3o\" class=\"wp-image-800\" title=\"\" srcset=\"https:\/\/shuliywoodmachine.com\/wp-content\/uploads\/2022\/09\/coal-crusher-hammer.webp 720w, https:\/\/shuliywoodmachine.com\/wp-content\/uploads\/2022\/09\/coal-crusher-hammer-300x225.webp 300w\" sizes=\"auto, (max-width: 720px) 100vw, 720px\" \/><figcaption class=\"wp-element-caption\">Martelo Triturador de Carv\u00e3o<\/figcaption><\/figure>    <figure class=\"wp-block-image size-full\"><img loading=\"lazy\" decoding=\"async\" width=\"720\" height=\"540\" data-id=\"801\" src=\"https:\/\/shuliywoodmachine.com\/wp-content\/uploads\/2022\/09\/electric-hammer-mill.webp\" alt=\"moinho de martelo el\u00e9trico\" class=\"wp-image-801\" title=\"\" srcset=\"https:\/\/shuliywoodmachine.com\/wp-content\/uploads\/2022\/09\/electric-hammer-mill.webp 720w, https:\/\/shuliywoodmachine.com\/wp-content\/uploads\/2022\/09\/electric-hammer-mill-300x225.webp 300w\" sizes=\"auto, (max-width: 720px) 100vw, 720px\" \/><figcaption class=\"wp-element-caption\">Moinho de martelo el\u00e9trico<\/figcaption><\/figure> <\/figure>    <h3 class=\"wp-block-heading\"><strong>Venda moinho de martelo com motor diesel<\/strong><\/h3>    <p>O britador de martelo movido a diesel oferece as vantagens de alta flexibilidade, grande pot\u00eancia, facilidade de mobilidade e uso emergencial. <\/p>    <p>N\u00e3o \u00e9 limitado pela fonte de alimenta\u00e7\u00e3o, tornando-o adequado para uso onde n\u00e3o h\u00e1 fonte de alimenta\u00e7\u00e3o ou onde a fonte de alimenta\u00e7\u00e3o \u00e9 inst\u00e1vel. Al\u00e9m disso, a m\u00e1quina \u00e9 capaz de lidar com madeira maior e mais dura e res\u00edduos de madeira para melhorar a efici\u00eancia da tritura\u00e7\u00e3o. <\/p>    <p>O design predominantemente m\u00f3vel facilita a transfer\u00eancia entre diferentes locais de trabalho e o trabalho normal quando a energia \u00e9 interrompida.<\/p>    <figure class=\"wp-block-gallery aligncenter has-nested-images columns-default is-cropped wp-block-gallery-6 is-layout-flex wp-block-gallery-is-layout-flex\"> <figure class=\"wp-block-image size-full\"><img loading=\"lazy\" decoding=\"async\" width=\"720\" height=\"450\" data-id=\"803\" src=\"https:\/\/shuliywoodmachine.com\/wp-content\/uploads\/2022\/09\/diesel-hammer-mill-crusher-.webp\" alt=\"triturador de martelo diesel \" class=\"wp-image-803\" title=\"\" srcset=\"https:\/\/shuliywoodmachine.com\/wp-content\/uploads\/2022\/09\/diesel-hammer-mill-crusher-.webp 720w, https:\/\/shuliywoodmachine.com\/wp-content\/uploads\/2022\/09\/diesel-hammer-mill-crusher--300x188.webp 300w\" sizes=\"auto, (max-width: 720px) 100vw, 720px\" \/><figcaption class=\"wp-element-caption\">Triturador de martelo diesel <\/figcaption><\/figure>    <figure class=\"wp-block-image size-full\"><img loading=\"lazy\" decoding=\"async\" width=\"720\" height=\"450\" data-id=\"804\" src=\"https:\/\/shuliywoodmachine.com\/wp-content\/uploads\/2022\/09\/diesel-powered-hammer-mill-crusher.webp\" alt=\" triturador de martelo com rodas\" class=\"wp-image-804\" title=\"\" srcset=\"https:\/\/shuliywoodmachine.com\/wp-content\/uploads\/2022\/09\/diesel-powered-hammer-mill-crusher.webp 720w, https:\/\/shuliywoodmachine.com\/wp-content\/uploads\/2022\/09\/diesel-powered-hammer-mill-crusher-300x188.webp 300w\" sizes=\"auto, (max-width: 720px) 100vw, 720px\" \/><figcaption class=\"wp-element-caption\"> Triturador de martelo com rodas<\/figcaption><\/figure> <\/figure>    <h2 class=\"wp-block-heading\"><strong>Estrutura da m\u00e1quina trituradora de martelo para venda<\/strong><\/h2>    <p>A composi\u00e7\u00e3o da m\u00e1quina \u00e9 composta principalmente pelo sistema de pot\u00eancia e pela c\u00e2mara de trabalho. O n\u00facleo \u00e9 a estrutura interna. A estrutura interna \u00e9 composta por l\u00e2mina de martelo e tela. <\/p>    <ul class=\"wp-block-list\"> <li>A l\u00e2mina do martelo \u00e9 respons\u00e1vel por triturar diversos materiais para atingir o objetivo de tritura\u00e7\u00e3o.  <\/li>    <li>A tela serve para determinar a aspereza da mat\u00e9ria-prima.<\/li> <\/ul>    <figure class=\"wp-block-gallery aligncenter has-nested-images columns-default is-cropped wp-block-gallery-7 is-layout-flex wp-block-gallery-is-layout-flex\"> <figure class=\"wp-block-image size-full\"><img loading=\"lazy\" decoding=\"async\" width=\"720\" height=\"540\" data-id=\"793\" src=\"https:\/\/shuliywoodmachine.com\/wp-content\/uploads\/2022\/09\/internal-structure.webp\" alt=\"estrutura interna\" class=\"wp-image-793\" title=\"\" srcset=\"https:\/\/shuliywoodmachine.com\/wp-content\/uploads\/2022\/09\/internal-structure.webp 720w, https:\/\/shuliywoodmachine.com\/wp-content\/uploads\/2022\/09\/internal-structure-300x225.webp 300w\" sizes=\"auto, (max-width: 720px) 100vw, 720px\" \/><figcaption class=\"wp-element-caption\">Estrutura interna<\/figcaption><\/figure>    <figure class=\"wp-block-image size-full\"><img loading=\"lazy\" decoding=\"async\" width=\"720\" height=\"540\" data-id=\"794\" src=\"https:\/\/shuliywoodmachine.com\/wp-content\/uploads\/2022\/09\/hammers.webp\" alt=\"martelos\" class=\"wp-image-794\" title=\"\" srcset=\"https:\/\/shuliywoodmachine.com\/wp-content\/uploads\/2022\/09\/hammers.webp 720w, https:\/\/shuliywoodmachine.com\/wp-content\/uploads\/2022\/09\/hammers-300x225.webp 300w\" sizes=\"auto, (max-width: 720px) 100vw, 720px\" \/><figcaption class=\"wp-element-caption\">Martelos<\/figcaption><\/figure>    <figure class=\"wp-block-image size-full\"><img loading=\"lazy\" decoding=\"async\" width=\"720\" height=\"540\" data-id=\"795\" src=\"https:\/\/shuliywoodmachine.com\/wp-content\/uploads\/2022\/09\/internal-screens.webp\" alt=\"telas internas\" class=\"wp-image-795\" title=\"\" srcset=\"https:\/\/shuliywoodmachine.com\/wp-content\/uploads\/2022\/09\/internal-screens.webp 720w, https:\/\/shuliywoodmachine.com\/wp-content\/uploads\/2022\/09\/internal-screens-300x225.webp 300w\" sizes=\"auto, (max-width: 720px) 100vw, 720px\" \/><figcaption class=\"wp-element-caption\">Telas Internas<\/figcaption><\/figure> <\/figure>    <h2 class=\"wp-block-heading\" id=\"h-how-does-a-hammer-mill-crusher-work\"><strong>Como funciona um triturador de martelo?<\/strong><\/h2>    <p>O princ\u00edpio de funcionamento do moinho de martelos depende principalmente de martelos rotativos de alta velocidade para golpear, impactar, cisalhar e moer os materiais.<\/p>    <p>O material entra na m\u00e1quina pela parte superior e \u00e9 triturado pelo cisalhamento e retifica\u00e7\u00e3o das l\u00e2minas do martelo que se movem em alta velocidade. <\/p>    <p>Por causa da peneira da m\u00e1quina em seu interior, se o material triturado for menor que o tamanho da peneira, as part\u00edculas s\u00e3o descarregadas pela peneira. Se for maior, as part\u00edculas permanecem na tela, continuam a ser marteladas e trituradas pelo martelo e s\u00e3o finalmente descarregadas pela tela.<\/p>    <figure class=\"wp-block-gallery has-nested-images columns-default is-cropped wp-block-gallery-8 is-layout-flex wp-block-gallery-is-layout-flex\"> <figure class=\"wp-block-image size-large\"><img loading=\"lazy\" decoding=\"async\" width=\"720\" height=\"540\" data-id=\"2047\" src=\"https:\/\/shuliywoodmachine.com\/wp-content\/uploads\/2022\/07\/Shuliy-hammer-mill-crusher-for-sale.webp\" alt=\"Triturador de martelo Shuliy para venda\" class=\"wp-image-2047\" title=\"\" srcset=\"https:\/\/shuliywoodmachine.com\/wp-content\/uploads\/2022\/07\/Shuliy-hammer-mill-crusher-for-sale.webp 720w, https:\/\/shuliywoodmachine.com\/wp-content\/uploads\/2022\/07\/Shuliy-hammer-mill-crusher-for-sale-300x225.webp 300w, https:\/\/shuliywoodmachine.com\/wp-content\/uploads\/2022\/07\/Shuliy-hammer-mill-crusher-for-sale-16x12.webp 16w\" sizes=\"auto, (max-width: 720px) 100vw, 720px\" \/><figcaption class=\"wp-element-caption\">triturador de martelo shuliy para venda<\/figcaption><\/figure>    <figure class=\"wp-block-image size-large\"><img loading=\"lazy\" decoding=\"async\" width=\"720\" height=\"540\" data-id=\"2046\" src=\"https:\/\/shuliywoodmachine.com\/wp-content\/uploads\/2022\/07\/final-products-of-wood-hammermill-crusher.webp\" alt=\"produtos finais do triturador de martelo de madeira\" class=\"wp-image-2046\" title=\"\" srcset=\"https:\/\/shuliywoodmachine.com\/wp-content\/uploads\/2022\/07\/final-products-of-wood-hammermill-crusher.webp 720w, https:\/\/shuliywoodmachine.com\/wp-content\/uploads\/2022\/07\/final-products-of-wood-hammermill-crusher-300x225.webp 300w, https:\/\/shuliywoodmachine.com\/wp-content\/uploads\/2022\/07\/final-products-of-wood-hammermill-crusher-16x12.webp 16w\" sizes=\"auto, (max-width: 720px) 100vw, 720px\" \/><figcaption class=\"wp-element-caption\">Produtos finais do triturador de martelo de madeira<\/figcaption><\/figure> <\/figure>    <h2 class=\"wp-block-heading\" id=\"h-successful-case-hammer-coal-crusher-shipped-to-bangladesh\"><strong>Caso de sucesso de britador de martelo <\/strong><\/h2>    <p class=\"translation-block\"><strong>Nosso triturador de carv\u00e3o de martelo ajuda Bangladesh a produzir carv\u00e3o de madeira<\/strong><\/p>    <p>O cliente em Bangladesh estava procurando o equipamento inicial para a linha de produ\u00e7\u00e3o de carv\u00e3o porque dirigia uma f\u00e1brica de carv\u00e3o. Ele viu nosso moinho de martelos pelo Google e nos contatou. <\/p>    <p>Ele foi atra\u00eddo por sua poderosa fun\u00e7\u00e3o de britagem, economia e bom servi\u00e7o p\u00f3s-venda, ent\u00e3o imediatamente fez um pedido do moinho de martelo vertical.<\/p>    <p>Al\u00e9m disso, organizamos a embalagem de madeira para a m\u00e1quina e entrega mar\u00edtima ao seu destino.<\/p>   <div class=\"wp-block-image\"> <figure class=\"aligncenter size-full\"><img loading=\"lazy\" decoding=\"async\" width=\"540\" height=\"540\" src=\"https:\/\/shuliywoodmachine.com\/wp-content\/uploads\/2022\/09\/package-and-delivery.webp\" alt=\"pacote e entrega\" class=\"wp-image-790\" title=\"\" srcset=\"https:\/\/shuliywoodmachine.com\/wp-content\/uploads\/2022\/09\/package-and-delivery.webp 540w, https:\/\/shuliywoodmachine.com\/wp-content\/uploads\/2022\/09\/package-and-delivery-300x300.webp 300w, https:\/\/shuliywoodmachine.com\/wp-content\/uploads\/2022\/09\/package-and-delivery-150x150.webp 150w\" sizes=\"auto, (max-width: 540px) 100vw, 540px\" \/><figcaption class=\"wp-element-caption\">pacote e entrega<\/figcaption><\/figure> <\/div>   <h2 class=\"wp-block-heading\"><strong>Contate-nos para mais detalhes da m\u00e1quina!<\/strong><\/h2>    <p class=\"translation-block\">Como fabricante e fornecedor profissional de m\u00e1quinas de trabalhar madeira, temos uma s\u00e9rie de equipamentos de processamento de madeira, como <a href=\"https:\/\/shuliywoodmachine.com\/pt\/product\/maquina-trituradora-de-madeira\/\">triturador de madeira<\/a>, <a href=\"https:\/\/shuliywoodmachine.com\/pt\/product\/maquina-de-barbear-madeira\/\" target=\"_blank\" rel=\"noreferrer noopener\">m\u00e1quina de lascas de madeira<\/a>, <a href=\"https:\/\/shuliywoodmachine.com\/pt\/product\/wood-debarker-log-debarker\/\">m\u00e1quina de descasque de troncos de madeira<\/a>, triturador abrangente, etc. <\/p>    <p class=\"translation-block\">Se voc\u00ea deseja uma m\u00e1quina de trabalhar madeira para ajudar a processar madeira rapidamente, entre em contato conosco. Nossos gerentes s\u00e3o experientes e profissionais e recomendar\u00e3o a maquinaria de processamento de <a href=\"https:\/\/en.wikipedia.org\/wiki\/Wood\" target=\"_blank\" rel=\"noopener\">madeira<\/a> certa de acordo com suas necessidades.<\/p>","protected":false},"excerpt":{"rendered":"<p>O triturador de martelo serve para moer semiprodutos (como briquetes de carv\u00e3o, palhas, lascas de madeira, etc.) em serragem com 5-10 mm. Tem uma produ\u00e7\u00e3o de 0,6-5t\/h.<\/p>","protected":false},"author":1,"featured_media":785,"parent":0,"template":"","tags":[37,38,32,36,35,34,146,30,31],"product-type":[6],"class_list":["post-333","product","type-product","status-publish","has-post-thumbnail","hentry","tag-diesel-hammer-mill","tag-hammer-coal-crusher","tag-hammer-mill","tag-hammer-mill-crusher","tag-industrial-hammer-mill","tag-large-hammer-mill","tag-sawdust","tag-wood-crusher","tag-wood-crusher-machine","product-type-wood-crusher"],"_links":{"self":[{"href":"https:\/\/shuliywoodmachine.com\/pt\/wp-json\/wp\/v2\/product\/333","targetHints":{"allow":["GET"]}}],"collection":[{"href":"https:\/\/shuliywoodmachine.com\/pt\/wp-json\/wp\/v2\/product"}],"about":[{"href":"https:\/\/shuliywoodmachine.com\/pt\/wp-json\/wp\/v2\/types\/product"}],"author":[{"embeddable":true,"href":"https:\/\/shuliywoodmachine.com\/pt\/wp-json\/wp\/v2\/users\/1"}],"wp:featuredmedia":[{"embeddable":true,"href":"https:\/\/shuliywoodmachine.com\/pt\/wp-json\/wp\/v2\/media\/785"}],"wp:attachment":[{"href":"https:\/\/shuliywoodmachine.com\/pt\/wp-json\/wp\/v2\/media?parent=333"}],"wp:term":[{"taxonomy":"post_tag","embeddable":true,"href":"https:\/\/shuliywoodmachine.com\/pt\/wp-json\/wp\/v2\/tags?post=333"},{"taxonomy":"product-type","embeddable":true,"href":"https:\/\/shuliywoodmachine.com\/pt\/wp-json\/wp\/v2\/product-type?post=333"}],"curies":[{"name":"wp","href":"https:\/\/api.w.org\/{rel}","templated":true}]}}