{"id":680,"date":"2022-09-16T06:26:18","date_gmt":"2022-09-16T06:26:18","guid":{"rendered":"https:\/\/shuliywoodmachine.com\/?post_type=product&#038;p=680"},"modified":"2024-07-10T14:20:48","modified_gmt":"2024-07-10T06:20:48","slug":"wood-pallet-machine","status":"publish","type":"product","link":"https:\/\/shuliywoodmachine.com\/pt\/product\/maquina-de-paletes-de-madeira\/","title":{"rendered":"M\u00e1quina de paletes de madeira comprimida"},"content":{"rendered":"<p class=\"translation-block\">A <strong>m\u00e1quina de madeira Shuliy<\/strong> serve para produzir paletes de madeira a partir de serradura, cascas de arroz, cascas de coco, etc., atrav\u00e9s de alta temperatura e press\u00e3o. As paletes de madeira podem ser usadas como suportes de carga em empresas de transporte, grandes supermercados e centros comerciais.<\/p>    <p>A mat\u00e9ria-prima exige que seu teor de umidade seja de cerca de 10%. Al\u00e9m disso, podemos fazer paletes de madeira com tamanhos comuns de 1000*1000mm, 1100*1100mm, 1200*800mm e 1200*1000mm. Claro, tamb\u00e9m podemos personalizar o tamanho para atender \u00e0s suas demandas. <\/p>    <p>Esta m\u00e1quina para fabricar paletes de madeira comprimida utiliza res\u00edduos de madeira, por isso \u00e9 uma \u00f3tima solu\u00e7\u00e3o para a reciclagem de res\u00edduos para obter lucros. <\/p>    <figure class=\"wp-block-embed is-type-video is-provider-youtube wp-block-embed-youtube wp-embed-aspect-16-9 wp-has-aspect-ratio\"><div class=\"wp-block-embed__wrapper\"> <iframe loading=\"lazy\" title=\"Como funciona a m\u00e1quina de paletes de madeira comprimida? | M\u00e1quina para fazer paletes de madeira moldada Shuliy #pallet\" width=\"500\" height=\"281\" src=\"https:\/\/www.youtube.com\/embed\/wyxcmqI4BgI?feature=oembed\" frameborder=\"0\" allow=\"accelerometer; autoplay; clipboard-write; encrypted-media; gyroscope; picture-in-picture; web-share\" referrerpolicy=\"strict-origin-when-cross-origin\" allowfullscreen><\/iframe> <\/div><figcaption class=\"wp-element-caption\">v\u00eddeo de trabalho da m\u00e1quina de paletes de madeira comprimida<\/figcaption><\/figure>    <h2 class=\"wp-block-heading\"><strong>Mat\u00e9rias-primas da m\u00e1quina de paletes de madeira moldada<\/strong><\/h2>    <div class=\"wp-block-media-text alignwide is-stacked-on-mobile\"><figure class=\"wp-block-media-text__media\"><img loading=\"lazy\" decoding=\"async\" width=\"720\" height=\"540\" src=\"https:\/\/shuliywoodmachine.com\/wp-content\/uploads\/2022\/09\/raw-materials-for-wood-pallet-making-machine.webp\" alt=\"mat\u00e9rias-primas para m\u00e1quina de fazer paletes de madeira\" class=\"wp-image-857 size-full\" title=\"\" srcset=\"https:\/\/shuliywoodmachine.com\/wp-content\/uploads\/2022\/09\/raw-materials-for-wood-pallet-making-machine.webp 720w, https:\/\/shuliywoodmachine.com\/wp-content\/uploads\/2022\/09\/raw-materials-for-wood-pallet-making-machine-300x225.webp 300w\" sizes=\"auto, (max-width: 720px) 100vw, 720px\" \/><\/figure><div class=\"wp-block-media-text__content\"> <p>Ao usar esta m\u00e1quina para fabricar paletes de madeira para reciclagem de res\u00edduos, voc\u00ea deve saber quais mat\u00e9rias-primas podem ajud\u00e1-lo a transformar res\u00edduos em tesouros.<\/p>    <p class=\"translation-block\">As mat\u00e9rias-primas para fabricar paletes de madeira s\u00e3o <strong>restos de madeira, aparas de madeira, serradura, cascas de arroz, fibra (abaixo de 1 cm), bambu, cascas de coco, cascas de palma, papel<\/strong>, etc.<\/p> <\/div><\/div>    <h2 class=\"wp-block-heading\"><strong>Tamanho, uso e peso da palete de madeira<\/strong><\/h2>    <p>Os tamanhos dos paletes de madeira que podem ser feitos com os materiais acima e suas aplica\u00e7\u00f5es s\u00e3o os seguintes: <\/p>    <ul class=\"wp-block-list\"> <li><strong>Tamanhos de paletes de madeira<\/strong>: nossa m\u00e1quina mais alta para madeira prensada pode fazer tamanhos comuns e tamanhos personalizados. <ul class=\"wp-block-list\"> <li><strong>Tamanhos comuns<\/strong>: 1000*1000mm, 1100*1100mm, 1200*8000mm e 1200*1000mm. <\/li>    <li><strong>Tamanhos personalizados<\/strong>: 600*800mm, etc. Personalizamos o tamanho do palete de acordo com as necessidades do cliente.<\/li> <\/ul> <\/li>    <li><strong>Aplica\u00e7\u00e3o de paletes de madeira<\/strong>: transportadoras, grandes supermercados, shoppings, etc. Sua fun\u00e7\u00e3o \u00e9 carregar o peso, facilitando a opera\u00e7\u00e3o de empilhadeiras.<\/li>    <li><strong>Peso<\/strong>: 17-18kg por palete de madeira.<\/li> <\/ul>   <div class=\"wp-block-image\"> <figure class=\"aligncenter size-full\"><img loading=\"lazy\" decoding=\"async\" width=\"720\" height=\"540\" src=\"https:\/\/shuliywoodmachine.com\/wp-content\/uploads\/2022\/09\/applications-of-the-wood-pallets.webp\" alt=\"aplica\u00e7\u00f5es dos paletes de madeira\" class=\"wp-image-860\" title=\"\" srcset=\"https:\/\/shuliywoodmachine.com\/wp-content\/uploads\/2022\/09\/applications-of-the-wood-pallets.webp 720w, https:\/\/shuliywoodmachine.com\/wp-content\/uploads\/2022\/09\/applications-of-the-wood-pallets-300x225.webp 300w\" sizes=\"auto, (max-width: 720px) 100vw, 720px\" \/><figcaption class=\"wp-element-caption\">uso dos paletes de madeira<\/figcaption><\/figure> <\/div>   <h2 class=\"wp-block-heading\"><strong>Pontos fortes da m\u00e1quina de paletes de madeira para venda<\/strong><\/h2>    <figure class=\"wp-block-gallery aligncenter has-nested-images columns-default is-cropped wp-block-gallery-2 is-layout-flex wp-block-gallery-is-layout-flex\"> <figure class=\"wp-block-image size-full\"><img loading=\"lazy\" decoding=\"async\" width=\"540\" height=\"720\" data-id=\"868\" src=\"https:\/\/shuliywoodmachine.com\/wp-content\/uploads\/2022\/09\/compressed-wood-pallet-machine.webp\" alt=\"m\u00e1quina de paletes de madeira comprimida\" class=\"wp-image-868\" title=\"\" srcset=\"https:\/\/shuliywoodmachine.com\/wp-content\/uploads\/2022\/09\/compressed-wood-pallet-machine.webp 540w, https:\/\/shuliywoodmachine.com\/wp-content\/uploads\/2022\/09\/compressed-wood-pallet-machine-225x300.webp 225w\" sizes=\"auto, (max-width: 540px) 100vw, 540px\" \/><figcaption class=\"wp-element-caption\">M\u00e1quina de paletes de madeira comprimida<\/figcaption><\/figure>    <figure class=\"wp-block-image size-full\"><img loading=\"lazy\" decoding=\"async\" width=\"540\" height=\"720\" data-id=\"867\" src=\"https:\/\/shuliywoodmachine.com\/wp-content\/uploads\/2022\/09\/back-of-the-pallet-making-machine.webp\" alt=\"m\u00e1quina de fazer paletes\" class=\"wp-image-867\" title=\"\" srcset=\"https:\/\/shuliywoodmachine.com\/wp-content\/uploads\/2022\/09\/back-of-the-pallet-making-machine.webp 540w, https:\/\/shuliywoodmachine.com\/wp-content\/uploads\/2022\/09\/back-of-the-pallet-making-machine-225x300.webp 225w\" sizes=\"auto, (max-width: 540px) 100vw, 540px\" \/><figcaption class=\"wp-element-caption\">Parte traseira da m\u00e1quina de fazer paletes<\/figcaption><\/figure> <\/figure>    <ul class=\"wp-block-list\"> <li><strong>Tipo s\u00f3lido de quatro colunas<\/strong>: devido a este design, a m\u00e1quina de paletes de madeira tem boa estabilidade ao trabalhar em altas temperaturas. <\/li>    <li><strong>Press\u00e3o<\/strong>: existem dois subcilindros em ambos os lados da m\u00e1quina, a fun\u00e7\u00e3o \u00e9 ajudar a melhorar a press\u00e3o. Desta forma, a densidade da palete \u00e9 maior e a qualidade \u00e9 melhor.<\/li>    <li><strong>Painel de controle<\/strong>: atrav\u00e9s da opera\u00e7\u00e3o do painel de controle, \u00e9 conveniente e r\u00e1pido definir o tempo e a temperatura do controle.<\/li>    <li><strong>Moldes personalizados<\/strong>: dependendo de suas necessidades, podemos personalizar o molde adequado para voc\u00ea fazer paletes de madeira satisfat\u00f3rias.<\/li>    <li><strong>Uma ampla gama de mat\u00e9rias-primas aplicadas<\/strong>: lascas de madeira, aparas de madeira, serragem, cascas de arroz, cascas de coco, etc. podem ser utilizadas como mat\u00e9ria-prima para a fabrica\u00e7\u00e3o de paletes de madeira. <\/li> <\/ul>    <figure class=\"wp-block-gallery has-nested-images columns-default is-cropped wp-block-gallery-3 is-layout-flex wp-block-gallery-is-layout-flex\"> <figure class=\"wp-block-image size-large\"><img loading=\"lazy\" decoding=\"async\" width=\"720\" height=\"540\" data-id=\"2161\" src=\"https:\/\/shuliywoodmachine.com\/wp-content\/uploads\/2022\/09\/compressed-wooden-pallet-machine-mold.webp\" alt=\"molde de m\u00e1quina de paletes de madeira comprimida\" class=\"wp-image-2161\" title=\"\" srcset=\"https:\/\/shuliywoodmachine.com\/wp-content\/uploads\/2022\/09\/compressed-wooden-pallet-machine-mold.webp 720w, https:\/\/shuliywoodmachine.com\/wp-content\/uploads\/2022\/09\/compressed-wooden-pallet-machine-mold-300x225.webp 300w, https:\/\/shuliywoodmachine.com\/wp-content\/uploads\/2022\/09\/compressed-wooden-pallet-machine-mold-16x12.webp 16w\" sizes=\"auto, (max-width: 720px) 100vw, 720px\" \/><figcaption class=\"wp-element-caption\">Molde para m\u00e1quina de paletes de madeira comprimida<\/figcaption><\/figure>    <figure class=\"wp-block-image size-large\"><img loading=\"lazy\" decoding=\"async\" width=\"720\" height=\"540\" data-id=\"2162\" src=\"https:\/\/shuliywoodmachine.com\/wp-content\/uploads\/2022\/09\/different-shapes-of-wood-pallets.webp\" alt=\"diferentes formatos de paletes de madeira\" class=\"wp-image-2162\" title=\"\" srcset=\"https:\/\/shuliywoodmachine.com\/wp-content\/uploads\/2022\/09\/different-shapes-of-wood-pallets.webp 720w, https:\/\/shuliywoodmachine.com\/wp-content\/uploads\/2022\/09\/different-shapes-of-wood-pallets-300x225.webp 300w, https:\/\/shuliywoodmachine.com\/wp-content\/uploads\/2022\/09\/different-shapes-of-wood-pallets-16x12.webp 16w\" sizes=\"auto, (max-width: 720px) 100vw, 720px\" \/><figcaption class=\"wp-element-caption\">Diferentes formatos de paletes de madeira<\/figcaption><\/figure> <\/figure>    <h2 class=\"wp-block-heading\"><strong>Par\u00e2metros t\u00e9cnicos da m\u00e1quina para fabricar paletes de madeira<\/strong><\/h2>    <figure class=\"wp-block-table\"><table><tbody><tr><td>Modelo<\/td><td>SL-800<\/td><td>SL-1000<\/td><\/tr><tr><td>Poder<\/td><td>7,5 kW<\/td><td>15 kW<\/td><\/tr><tr><td>Press\u00e3o<\/td><td>800 toneladas<\/td><td>1000 toneladas<\/td><\/tr><tr><td>Capacidade<\/td><td>8 unidades por vez<\/td><td>uma palete precisa de 4-5 minutos (voc\u00ea pode controlar sozinho)<\/td><\/tr><tr><td>Dimens\u00e3o<\/td><td>2,3*1,5*3,5m<\/td><td>1,9*1,3*4m<\/td><\/tr><tr><td>Peso<\/td><td>11t<\/td><td>21t<\/td><\/tr><tr><td>Tamanho final do palete<\/td><td>1200*1000mm, 1200*800mm<\/td><td>1200*1000mm, 1200*800mm<\/td><\/tr><\/tbody><\/table><figcaption class=\"wp-element-caption\">especifica\u00e7\u00f5es da m\u00e1quina de paletes de madeira comprimida<\/figcaption><\/figure>    <p>Os par\u00e2metros acima s\u00e3o para sua refer\u00eancia na escolha da m\u00e1quina. <\/p>    <p>Se quiser o equipamento certo, voc\u00ea precisa nos informar sua mat\u00e9ria-prima, o tamanho do palete de madeira (fornecemos alguns tamanhos para sua refer\u00eancia), capacidade de peso, etc., e nosso gerente de vendas lhe fornecer\u00e1 a solu\u00e7\u00e3o ideal de acordo com suas necessidades.<\/p>   <div class=\"wp-block-image\"> <figure class=\"aligncenter size-full\"><img loading=\"lazy\" decoding=\"async\" width=\"720\" height=\"540\" src=\"https:\/\/shuliywoodmachine.com\/wp-content\/uploads\/2023\/07\/wood-pallet-machine-for-sale.webp\" alt=\"M\u00e1quina de paletes de madeira para venda\" class=\"wp-image-1673\" title=\"\" srcset=\"https:\/\/shuliywoodmachine.com\/wp-content\/uploads\/2023\/07\/wood-pallet-machine-for-sale.webp 720w, https:\/\/shuliywoodmachine.com\/wp-content\/uploads\/2023\/07\/wood-pallet-machine-for-sale-300x225.webp 300w\" sizes=\"auto, (max-width: 720px) 100vw, 720px\" \/><figcaption class=\"wp-element-caption\">M\u00e1quina de paletes de madeira para venda<\/figcaption><\/figure> <\/div>   <h2 class=\"wp-block-heading\"><strong>Qual \u00e9 a composi\u00e7\u00e3o da m\u00e1quina autom\u00e1tica para fabricar paletes de madeira?<\/strong><\/h2>    <div class=\"wp-block-media-text alignwide is-stacked-on-mobile\"><figure class=\"wp-block-media-text__media\"><img loading=\"lazy\" decoding=\"async\" width=\"720\" height=\"540\" src=\"https:\/\/shuliywoodmachine.com\/wp-content\/uploads\/2022\/09\/hydraulic-system.webp\" alt=\"sistema hidr\u00e1ulico\" class=\"wp-image-861 size-full\" title=\"\" srcset=\"https:\/\/shuliywoodmachine.com\/wp-content\/uploads\/2022\/09\/hydraulic-system.webp 720w, https:\/\/shuliywoodmachine.com\/wp-content\/uploads\/2022\/09\/hydraulic-system-300x225.webp 300w\" sizes=\"auto, (max-width: 720px) 100vw, 720px\" \/><\/figure><div class=\"wp-block-media-text__content\"> <p class=\"translation-block\"><strong>Sistema hidr\u00e1ulico<\/strong>: possui principalmente a esta\u00e7\u00e3o de bomba hidr\u00e1ulica, fornecendo press\u00e3o quando a m\u00e1quina funciona. <\/p>    <p>De modo geral, a press\u00e3o \u00e9 de 800t, 1000t, 1200t, etc. <\/p>    <p>O cilindro hidr\u00e1ulico atua sobre o molde. Isso faz com que os paletes de madeira produzidos tenham alta densidade e boa capacidade de carga.<\/p> <\/div><\/div>    <div class=\"wp-block-media-text alignwide has-media-on-the-right is-stacked-on-mobile\"><div class=\"wp-block-media-text__content\"> <p class=\"translation-block\"><strong>Gabinete de controlo<\/strong>: controla o funcionamento dos moldes superior e inferior.<\/p>    <p class=\"translation-block\"><strong>Sec\u00e7\u00e3o de trabalho do molde<\/strong>: produz as paletes de madeira satisfat\u00f3rias.<\/p> <\/div><figure class=\"wp-block-media-text__media\"><img loading=\"lazy\" decoding=\"async\" width=\"720\" height=\"540\" src=\"https:\/\/shuliywoodmachine.com\/wp-content\/uploads\/2022\/09\/controal-cabnit-and-molds.webp\" alt=\"cabine de controle e moldes\" class=\"wp-image-863 size-full\" title=\"\" srcset=\"https:\/\/shuliywoodmachine.com\/wp-content\/uploads\/2022\/09\/controal-cabnit-and-molds.webp 720w, https:\/\/shuliywoodmachine.com\/wp-content\/uploads\/2022\/09\/controal-cabnit-and-molds-300x225.webp 300w\" sizes=\"auto, (max-width: 720px) 100vw, 720px\" \/><\/figure><\/div>    <div class=\"wp-block-media-text alignwide is-stacked-on-mobile\"><figure class=\"wp-block-media-text__media\"><img loading=\"lazy\" decoding=\"async\" width=\"720\" height=\"540\" src=\"https:\/\/shuliywoodmachine.com\/wp-content\/uploads\/2022\/09\/mold-temperature-machine.webp\" alt=\"m\u00e1quina de temperatura de molde\" class=\"wp-image-864 size-full\" title=\"\" srcset=\"https:\/\/shuliywoodmachine.com\/wp-content\/uploads\/2022\/09\/mold-temperature-machine.webp 720w, https:\/\/shuliywoodmachine.com\/wp-content\/uploads\/2022\/09\/mold-temperature-machine-300x225.webp 300w\" sizes=\"auto, (max-width: 720px) 100vw, 720px\" \/><\/figure><div class=\"wp-block-media-text__content\"> <p class=\"translation-block\"><strong>M\u00e1quina de temperatura do molde<\/strong>: ligada ao molde, fornece alta temperatura. A temperatura \u00e9 geralmente de 180\u2103. <\/p>    <p>Al\u00e9m disso, precisa de \u00f3leo condutor de calor ou de um forno condutor de calor, que geralmente usa \u00f3leo condutor de calor.<\/p> <\/div><\/div>    <h2 class=\"wp-block-heading\"><strong>Processo de trabalho da m\u00e1quina de paletes de madeira prensada<\/strong><\/h2>    <p>Com altas temperaturas e press\u00e3o, os res\u00edduos de madeira podem ser transformados em paletes de madeira de qualidade. Todo o processo de fabrica\u00e7\u00e3o de paletes de madeira \u00e9 mostrado a seguir:<\/p>    <ul class=\"wp-block-list\"> <li>Em primeiro lugar, o molde precisa ser aquecido a 180 \u2103 e depois colocar a mat\u00e9ria-prima no meio do molde. Deve-se observar que as mat\u00e9rias-primas precisam ser colocadas planas na borda superior. <\/li>    <li>Em seguida, inicie a m\u00e1quina de paletes de madeira moldada. Demora mais de 4-5 minutos para fazer um palete.<\/li>    <li>Ap\u00f3s o acabamento, o molde superior sobe e o molde inferior ejeta o palete. O processo completo de produ\u00e7\u00e3o de um palete de madeira est\u00e1 conclu\u00eddo.<\/li> <\/ul>    <figure class=\"wp-block-embed is-type-video is-provider-youtube wp-block-embed-youtube wp-embed-aspect-16-9 wp-has-aspect-ratio\"><div class=\"wp-block-embed__wrapper\"> <iframe loading=\"lazy\" title=\"Como usar casca de arroz para fazer paletes de madeira? M\u00e1quina para fabricar paletes de madeira moldada para venda #reciclagem\" width=\"500\" height=\"281\" src=\"https:\/\/www.youtube.com\/embed\/D0EDtwjyMus?feature=oembed\" frameborder=\"0\" allow=\"accelerometer; autoplay; clipboard-write; encrypted-media; gyroscope; picture-in-picture; web-share\" referrerpolicy=\"strict-origin-when-cross-origin\" allowfullscreen><\/iframe> <\/div><figcaption class=\"wp-element-caption\">v\u00eddeo sobre como fazer paletes de madeira com casca de arroz<\/figcaption><\/figure>    <h2 class=\"wp-block-heading\"><strong>Quais s\u00e3o as vantagens dos paletes de madeira?<\/strong><\/h2>    <div class=\"wp-block-media-text alignwide is-stacked-on-mobile\"><figure class=\"wp-block-media-text__media\"><img loading=\"lazy\" decoding=\"async\" width=\"720\" height=\"540\" src=\"https:\/\/shuliywoodmachine.com\/wp-content\/uploads\/2022\/09\/wood-pallets.webp\" alt=\"paletes de madeira\" class=\"wp-image-865 size-full\" title=\"\" srcset=\"https:\/\/shuliywoodmachine.com\/wp-content\/uploads\/2022\/09\/wood-pallets.webp 720w, https:\/\/shuliywoodmachine.com\/wp-content\/uploads\/2022\/09\/wood-pallets-300x225.webp 300w\" sizes=\"auto, (max-width: 720px) 100vw, 720px\" \/><\/figure><div class=\"wp-block-media-text__content\"> <ul class=\"wp-block-list\"> <li><strong>Importar e exportar<\/strong>: boa qualidade das paletes de madeira produzidas para venda.<\/li>    <li><strong>Livre de fumiga\u00e7\u00e3o<\/strong>: as paletes de madeira s\u00e3o isentas de fumiga\u00e7\u00e3o.<\/li>    <li><strong>Ambientalmente amig\u00e1vel<\/strong>: porque \u00e9 feito de aparas recicladas.<\/li>    <li><strong>Baixo teor de \u00e1gua<\/strong>: os paletes de madeira s\u00e3o mais est\u00e1veis, n\u00e3o se deformam facilmente e t\u00eam uma longa vida \u00fatil.<\/li>    <li><strong>Grande capacidade de carga<\/strong>: por exemplo, para 1000*1000 paletes, a carga est\u00e1tica \u00e9 de 5t-10t e a carga din\u00e2mica \u00e9 de 3-5t.<\/li>    <li><strong>Economize espa\u00e7o<\/strong>: paletes de madeira podem ser empilhadas e o pilar de borracha da palete pode ser retra\u00eddo.<\/li> <\/ul> <\/div><\/div>    <h2 class=\"wp-block-heading\"><strong>Casos globais de m\u00e1quina de prensagem a quente para paletes de madeira Shuliy<\/strong><\/h2>    <p class=\"translation-block\"><strong>M\u00e1quina de fabrico de paletes de madeira SL-800 exportada para o M\u00e9xico<\/strong><\/p>    <p>Este cliente mexicano tem a sua pr\u00f3pria empresa e comprou a m\u00e1quina de paletes de madeira principalmente para processar os res\u00edduos e transform\u00e1-los em tesouro para uso pr\u00f3prio. <\/p>    <p>Atra\u00eddo pela personaliza\u00e7\u00e3o de nossas m\u00e1quinas, economia e servi\u00e7o p\u00f3s-venda, este cliente fez um pedido para a fabrica\u00e7\u00e3o de paletes de madeira de 1200*1000mm e 600*800mm.<\/p>    <p>Rapidamente organizamos a produ\u00e7\u00e3o. Ap\u00f3s a conclus\u00e3o, combinamos o transporte mar\u00edtimo.<\/p>    <figure class=\"wp-block-gallery has-nested-images columns-default is-cropped wp-block-gallery-4 is-layout-flex wp-block-gallery-is-layout-flex\"> <figure class=\"wp-block-image size-large\"><img loading=\"lazy\" decoding=\"async\" width=\"720\" height=\"540\" data-id=\"2173\" src=\"https:\/\/shuliywoodmachine.com\/wp-content\/uploads\/2022\/09\/compressed-wood-pallet-making-machine-for-sale.webp\" alt=\"M\u00e1quina de fazer paletes de madeira comprimida para venda\" class=\"wp-image-2173\" title=\"\" srcset=\"https:\/\/shuliywoodmachine.com\/wp-content\/uploads\/2022\/09\/compressed-wood-pallet-making-machine-for-sale.webp 720w, https:\/\/shuliywoodmachine.com\/wp-content\/uploads\/2022\/09\/compressed-wood-pallet-making-machine-for-sale-300x225.webp 300w, https:\/\/shuliywoodmachine.com\/wp-content\/uploads\/2022\/09\/compressed-wood-pallet-making-machine-for-sale-16x12.webp 16w\" sizes=\"auto, (max-width: 720px) 100vw, 720px\" \/><figcaption class=\"wp-element-caption\">M\u00e1quina para fazer paletes de madeira comprimida para venda<\/figcaption><\/figure>    <figure class=\"wp-block-image size-large\"><img loading=\"lazy\" decoding=\"async\" width=\"720\" height=\"540\" data-id=\"2174\" src=\"https:\/\/shuliywoodmachine.com\/wp-content\/uploads\/2022\/09\/molded-sawdust-wood-pallet-machine.webp\" alt=\"m\u00e1quina de paletes de madeira com serragem moldada\" class=\"wp-image-2174\" title=\"\" srcset=\"https:\/\/shuliywoodmachine.com\/wp-content\/uploads\/2022\/09\/molded-sawdust-wood-pallet-machine.webp 720w, https:\/\/shuliywoodmachine.com\/wp-content\/uploads\/2022\/09\/molded-sawdust-wood-pallet-machine-300x225.webp 300w, https:\/\/shuliywoodmachine.com\/wp-content\/uploads\/2022\/09\/molded-sawdust-wood-pallet-machine-16x12.webp 16w\" sizes=\"auto, (max-width: 720px) 100vw, 720px\" \/><figcaption class=\"wp-element-caption\">M\u00e1quina de paletes de madeira de serragem moldada<\/figcaption><\/figure> <\/figure>    <h2 class=\"wp-block-heading\"><strong>Contate-nos para mais detalhes da m\u00e1quina!<\/strong><\/h2>    <p class=\"translation-block\">N\u00e3o fornecemos apenas equipamentos individuais, mas tamb\u00e9m temos a <a href=\"https:\/\/shuliywoodmachine.com\/pt\/product\/linha-de-producao-de-paletes-de-madeira\/\">linha de produ\u00e7\u00e3o de paletes de madeira comprimida<\/a> completa \u00e0 venda para o ajudar a realizar uma produ\u00e7\u00e3o eficiente. Aguardamos com expectativa a sua colabora\u00e7\u00e3o e a presta\u00e7\u00e3o de servi\u00e7os de alta qualidade para o seu neg\u00f3cio de <a href=\"https:\/\/en.wikipedia.org\/wiki\/Recycling\" target=\"_blank\" rel=\"noopener\">reciclagem de res\u00edduos<\/a>.<\/p>    <p>Se voc\u00ea quiser saber mais detalhes sobre nossos equipamentos, entre em contato conosco. Forneceremos solu\u00e7\u00f5es profissionais para atender \u00e0s suas diversas necessidades.<\/p>","protected":false},"excerpt":{"rendered":"<p>A m\u00e1quina de paletes de madeira Shuliy produz paletes de madeira de qualidade a partir de serragem, aparas de madeira, cascas de arroz, etc.<\/p>","protected":false},"author":1,"featured_media":681,"parent":0,"template":"","tags":[30,152,86],"product-type":[76],"class_list":["post-680","product","type-product","status-publish","has-post-thumbnail","hentry","tag-wood-crusher","tag-wood-pallet","tag-wood-pallet-machine","product-type-waste-wood-recycling-machine"],"_links":{"self":[{"href":"https:\/\/shuliywoodmachine.com\/pt\/wp-json\/wp\/v2\/product\/680","targetHints":{"allow":["GET"]}}],"collection":[{"href":"https:\/\/shuliywoodmachine.com\/pt\/wp-json\/wp\/v2\/product"}],"about":[{"href":"https:\/\/shuliywoodmachine.com\/pt\/wp-json\/wp\/v2\/types\/product"}],"author":[{"embeddable":true,"href":"https:\/\/shuliywoodmachine.com\/pt\/wp-json\/wp\/v2\/users\/1"}],"wp:featuredmedia":[{"embeddable":true,"href":"https:\/\/shuliywoodmachine.com\/pt\/wp-json\/wp\/v2\/media\/681"}],"wp:attachment":[{"href":"https:\/\/shuliywoodmachine.com\/pt\/wp-json\/wp\/v2\/media?parent=680"}],"wp:term":[{"taxonomy":"post_tag","embeddable":true,"href":"https:\/\/shuliywoodmachine.com\/pt\/wp-json\/wp\/v2\/tags?post=680"},{"taxonomy":"product-type","embeddable":true,"href":"https:\/\/shuliywoodmachine.com\/pt\/wp-json\/wp\/v2\/product-type?post=680"}],"curies":[{"name":"wp","href":"https:\/\/api.w.org\/{rel}","templated":true}]}}