{"id":969,"date":"2022-09-28T15:32:13","date_gmt":"2022-09-28T07:32:13","guid":{"rendered":"https:\/\/shuliywoodmachine.com\/?post_type=product&#038;p=969"},"modified":"2024-07-10T14:12:12","modified_gmt":"2024-07-10T06:12:12","slug":"wood-block-making-machine","status":"publish","type":"product","link":"https:\/\/shuliywoodmachine.com\/pt\/product\/maquina-para-fazer-blocos-de-madeira\/","title":{"rendered":"M\u00e1quina para fazer blocos de madeira prensada"},"content":{"rendered":"<p class=\"translation-block\">A <strong>m\u00e1quina de fazer blocos de madeira<\/strong> da Shuliy serve para produzir blocos de paletes de madeira a partir de serragem, lascas de madeira, aparas de madeira, cascas de coco, etc. atrav\u00e9s de alta temperatura e press\u00e3o. A umidade das mat\u00e9rias-primas deve ser &lt;10% e o tamanho deve ser em torno de 1cm. <\/p>    <p>Esta m\u00e1quina de bloco de paletes de madeira comprimida tem uma ampla gama de capacidades devido \u00e0s diferentes quantidades de sa\u00edda. Est\u00e1 dispon\u00edvel em sa\u00eddas duplas, sa\u00eddas triplas, sa\u00eddas de quatro cabe\u00e7as, etc. A capacidade varia de 3,5-9m<sup>3<\/sup>\/24h.<\/p>    <p>De acordo com o formato da tremonha, temos dois modelos de prensas a quente de blocos de madeira. Uma \u00e9 a m\u00e1quina com tremonhas quadradas e outra \u00e9 a m\u00e1quina com tremonhas redondas.<\/p>    <p>Mas os produtos finais s\u00e3o blocos de paletes de madeira. Os blocos de paletes de madeira t\u00eam dois formatos: com furos ou sem furos. Al\u00e9m disso, a partir da altura, os blocos de madeira podem ser divididos em padr\u00e3o comum (2-3mm) e padr\u00e3o Euro (&gt;3mm). <\/p>    <figure class=\"wp-block-embed is-type-video is-provider-youtube wp-block-embed-youtube wp-embed-aspect-16-9 wp-has-aspect-ratio\"><div class=\"wp-block-embed__wrapper\"> <iframe loading=\"lazy\" title=\"M\u00e1quina para fazer blocos de serragem de madeira comprimida | M\u00e1quina de reciclagem de serragem da Shuliy #woodblock\" width=\"500\" height=\"281\" src=\"https:\/\/www.youtube.com\/embed\/6YkOjKRv2ss?feature=oembed\" frameborder=\"0\" allow=\"accelerometer; autoplay; clipboard-write; encrypted-media; gyroscope; picture-in-picture; web-share\" referrerpolicy=\"strict-origin-when-cross-origin\" allowfullscreen><\/iframe> <\/div><figcaption class=\"wp-element-caption\">v\u00eddeo de trabalho da m\u00e1quina para fazer blocos de paletes de madeira<\/figcaption><\/figure>    <h2 class=\"wp-block-heading\"><strong>Mat\u00e9rias-primas para blocos de madeira comprimida<\/strong><\/h2>    <p>O que pode ser usado como mat\u00e9ria-prima se voc\u00ea quiser fazer a produ\u00e7\u00e3o de blocos para paletes de madeira?<\/p>    <p>O seguinte pode ser usado como mat\u00e9ria-prima: <\/p>    <p class=\"translation-block\"><strong>Res\u00edduos de madeira, <a href=\"https:\/\/en.wikipedia.org\/wiki\/Woodchips\" target=\"_blank\" rel=\"noreferrer noopener\">lascas de madeira<\/a>, aparas de madeira, fibra, bambu, cascas de coco, res\u00edduos da fabrica\u00e7\u00e3o de m\u00f3veis, res\u00edduos de madeira da constru\u00e7\u00e3o, papel reciclado, aparas de bambu, casca, ramos, folhas<\/strong>, etc. <\/p>   <div class=\"wp-block-image\"> <figure class=\"aligncenter size-full\"><img loading=\"lazy\" decoding=\"async\" width=\"720\" height=\"540\" src=\"https:\/\/shuliywoodmachine.com\/wp-content\/uploads\/2022\/09\/raw-materials-for-wood-pallet-making-machine.webp\" alt=\"mat\u00e9rias-primas para m\u00e1quina de fazer paletes de madeira\" class=\"wp-image-857\" title=\"\" srcset=\"https:\/\/shuliywoodmachine.com\/wp-content\/uploads\/2022\/09\/raw-materials-for-wood-pallet-making-machine.webp 720w, https:\/\/shuliywoodmachine.com\/wp-content\/uploads\/2022\/09\/raw-materials-for-wood-pallet-making-machine-300x225.webp 300w\" sizes=\"auto, (max-width: 720px) 100vw, 720px\" \/><figcaption class=\"wp-element-caption\">mat\u00e9rias-primas para m\u00e1quina de fazer paletes de madeira<\/figcaption><\/figure> <\/div>   <h2 class=\"wp-block-heading\"><strong>Formas e tamanhos dos produtos finais<\/strong><\/h2>    <p>Depois de conhecer as mat\u00e9rias-primas, vamos agora ver juntos os formatos e tamanhos dos produtos finais fabricados pela m\u00e1quina para fazer blocos de madeira Shuliy. <\/p>   <div class=\"wp-block-image\"> <figure class=\"aligncenter\"><img loading=\"lazy\" decoding=\"async\" width=\"540\" height=\"540\" src=\"https:\/\/shuliywoodmachine.com\/wp-content\/uploads\/2022\/09\/finished-products-wood-blocks.webp\" alt=\"produtos acabados - blocos de madeira\" class=\"wp-image-971\" title=\"\" srcset=\"https:\/\/shuliywoodmachine.com\/wp-content\/uploads\/2022\/09\/finished-products-wood-blocks.webp 540w, https:\/\/shuliywoodmachine.com\/wp-content\/uploads\/2022\/09\/finished-products-wood-blocks-300x300.webp 300w, https:\/\/shuliywoodmachine.com\/wp-content\/uploads\/2022\/09\/finished-products-wood-blocks-150x150.webp 150w\" sizes=\"auto, (max-width: 540px) 100vw, 540px\" \/><figcaption class=\"wp-element-caption\">produtos acabados - blocos de madeira<\/figcaption><\/figure> <\/div>   <ul class=\"wp-block-list\"> <li>Bloco de paletes de madeira diferente <strong>formas<\/strong>: os produtos finais possuem dois tipos s\u00f3lidos e furados. <ul class=\"wp-block-list\"> <li><strong>S\u00f3lido<\/strong>: evitar umidade.<\/li>    <li><strong>Furado<\/strong>: o calor desaparece rapidamente e a umidade tamb\u00e9m evapora rapidamente.<\/li> <\/ul> <\/li>    <li>Bloco de dois paletes de madeira<strong> padr\u00f5es<\/strong>: <strong>convencional (2-3mm)<\/strong> e <strong>Padr\u00e3o europeu (&gt;3mm)<\/strong>. <\/li>    <li>Comum <strong>tamanhos<\/strong>: 75*75mm, 90*90mm, 100*100mm, 145*145mm, 145*100mm, etc.<\/li> <\/ul>    <p>Para o tamanho comum, voc\u00ea deve saber:<\/p>    <ul class=\"wp-block-list\"> <li>O tamanho \u00e9 &lt;100mm, \u00e9 convencional.<\/li>    <li>O tamanho \u00e9 &gt;100mm, \u00e9 o padr\u00e3o europeu.<\/li> <\/ul>   <div class=\"wp-block-image\"> <figure class=\"aligncenter size-full\"><img loading=\"lazy\" decoding=\"async\" width=\"720\" height=\"350\" src=\"https:\/\/shuliywoodmachine.com\/wp-content\/uploads\/2022\/09\/size-for-the-wood-blocks.webp\" alt=\"tamanho para os blocos de madeira\" class=\"wp-image-1013\" title=\"\" srcset=\"https:\/\/shuliywoodmachine.com\/wp-content\/uploads\/2022\/09\/size-for-the-wood-blocks.webp 720w, https:\/\/shuliywoodmachine.com\/wp-content\/uploads\/2022\/09\/size-for-the-wood-blocks-300x146.webp 300w\" sizes=\"auto, (max-width: 720px) 100vw, 720px\" \/><figcaption class=\"wp-element-caption\">tamanho para os blocos de madeira<\/figcaption><\/figure> <\/div>   <h2 class=\"wp-block-heading\"><strong>Vantagens da m\u00e1quina para fazer blocos de madeira comprimida<\/strong><\/h2>    <ul class=\"wp-block-list\"> <li><strong>Produ\u00e7\u00e3o eficiente<\/strong>. Esta m\u00e1quina para fabricar blocos de paletes de serragem tem uma capacidade que varia de 3,5 a 9 m<sup>3<\/sup>\/24h, o que \u00e9 eficiente.<\/li>    <li><strong>Opera\u00e7\u00e3o f\u00e1cil<\/strong>. Interface de opera\u00e7\u00e3o simples e inteligente, basta pressionar o bot\u00e3o de opera\u00e7\u00e3o relevante para operar a m\u00e1quina. Mesmo os usu\u00e1rios iniciantes podem compreender rapidamente os fundamentos operacionais.<\/li>    <li><strong>Ampla aplica\u00e7\u00e3o<\/strong>. V\u00e1rios tamanhos e materiais de madeira podem ser usados \u200b\u200bcomo mat\u00e9ria-prima para fazer blocos de paletes de madeira. Res\u00edduos de madeira, aparas de madeira, serragem, aparas de madeira e assim por diante s\u00e3o adequados.<\/li>    <li><strong>Costumiza\u00e7\u00e3o<\/strong>. Podemos personalizar a m\u00e1quina de acordo com os blocos de madeira que voc\u00ea deseja produzir, incluindo, entre outros, quantidades de sa\u00edda, formato da tremonha, tens\u00e3o, etc.<\/li> <\/ul>   <div class=\"wp-block-image\"> <figure class=\"aligncenter size-full\"><img loading=\"lazy\" decoding=\"async\" width=\"720\" height=\"540\" src=\"https:\/\/shuliywoodmachine.com\/wp-content\/uploads\/2022\/09\/wooden-pallet-block-making-machine-for-sale.webp\" alt=\"M\u00e1quina para fazer blocos de paletes de madeira para venda\" class=\"wp-image-2130\" title=\"\" srcset=\"https:\/\/shuliywoodmachine.com\/wp-content\/uploads\/2022\/09\/wooden-pallet-block-making-machine-for-sale.webp 720w, https:\/\/shuliywoodmachine.com\/wp-content\/uploads\/2022\/09\/wooden-pallet-block-making-machine-for-sale-300x225.webp 300w, https:\/\/shuliywoodmachine.com\/wp-content\/uploads\/2022\/09\/wooden-pallet-block-making-machine-for-sale-16x12.webp 16w\" sizes=\"auto, (max-width: 720px) 100vw, 720px\" \/><figcaption class=\"wp-element-caption\">M\u00e1quina para fazer blocos de paletes de madeira para venda<\/figcaption><\/figure> <\/div>   <h2 class=\"wp-block-heading\"><strong>Par\u00e2metros t\u00e9cnicos da m\u00e1quina comercial para fazer blocos de madeira<\/strong><\/h2>    <figure class=\"wp-block-table\"><table><tbody><tr><td><strong>Modelo<\/strong><\/td><td><strong>Tamanho (mm)<\/strong><\/td><td><strong>Pot\u00eancia (kW)<\/strong><\/td><td><strong>Capacidade (m<sup>3<\/sup>\/24h)<\/strong><\/td><td><strong>Densidade (kg\/m<sup>3<\/sup>)<\/strong><\/td><td><strong>Dimens\u00e3o (mm)<\/strong><\/td><td><strong>Peso (kg<\/strong>)<\/td><\/tr><tr><td>SL-75<\/td><td>75*75<\/td><td>15<\/td><td>3.5<\/td><td>550-600<\/td><td>4500*750*1200<\/td><td>1300<\/td><\/tr><tr><td>SL-90<\/td><td>90*90<\/td><td>15<\/td><td>4<\/td><td>550-600<\/td><td>4800*900*1200<\/td><td>1500<\/td><\/tr><tr><td>SL-100<\/td><td>100*100<\/td><td>16<\/td><td>6<\/td><td>550-600<\/td><td>5000*1000*1200<\/td><td>1800<\/td><\/tr><tr><td>SL-120<\/td><td>120*120<\/td><td>18<\/td><td>9<\/td><td>550-600<\/td><td>5500*1200*1200<\/td><td>2000<\/td><\/tr><\/tbody><\/table><figcaption class=\"wp-element-caption\">especifica\u00e7\u00f5es da m\u00e1quina de bloco de paletes de madeira prensada<\/figcaption><\/figure>    <p>Ao escolher uma m\u00e1quina para fazer blocos de aparas de madeira, voc\u00ea pode usar o produto acabado como refer\u00eancia. Podemos recomendar o equipamento certo para voc\u00ea de acordo com o tamanho do seu bloco de madeira.<\/p>    <p>Por exemplo, uma m\u00e1quina de blocos de madeira de 3 cabe\u00e7as s\u00f3 pode fazer blocos de madeira abaixo de 100 mm com uma produ\u00e7\u00e3o de 6 a 7 m.<sup>3<\/sup>\/24h.<\/p>    <p>Assim, se voc\u00ea estiver interessado, entre em contato conosco agora!<\/p>   <div class=\"wp-block-image\"> <figure class=\"aligncenter size-full\"><img loading=\"lazy\" decoding=\"async\" width=\"720\" height=\"540\" src=\"https:\/\/shuliywoodmachine.com\/wp-content\/uploads\/2022\/09\/wood-sawdust-block-making-machine-manufacturer.webp\" alt=\"fabricante de m\u00e1quina para fazer blocos de serragem de madeira\" class=\"wp-image-2133\" title=\"\" srcset=\"https:\/\/shuliywoodmachine.com\/wp-content\/uploads\/2022\/09\/wood-sawdust-block-making-machine-manufacturer.webp 720w, https:\/\/shuliywoodmachine.com\/wp-content\/uploads\/2022\/09\/wood-sawdust-block-making-machine-manufacturer-300x225.webp 300w, https:\/\/shuliywoodmachine.com\/wp-content\/uploads\/2022\/09\/wood-sawdust-block-making-machine-manufacturer-16x12.webp 16w\" sizes=\"auto, (max-width: 720px) 100vw, 720px\" \/><figcaption class=\"wp-element-caption\">fabricante de m\u00e1quina para fazer blocos de serragem de madeira<\/figcaption><\/figure> <\/div>   <h2 class=\"wp-block-heading\"><strong>Tipos de m\u00e1quinas para fazer blocos de paletes de madeira para venda<\/strong><\/h2>    <p>Com base nos formatos da tremonha, temos 2 modelos dispon\u00edveis. Agora vamos dar uma olhada em cada um deles.<\/p>    <div class=\"wp-block-media-text alignwide is-stacked-on-mobile\"><figure class=\"wp-block-media-text__media\"><img loading=\"lazy\" decoding=\"async\" width=\"720\" height=\"400\" src=\"https:\/\/shuliywoodmachine.com\/wp-content\/uploads\/2022\/09\/sawdust-block-machine-with-the-square-hopper.webp\" alt=\"m\u00e1quina de bloco de serragem com tremonha quadrada\" class=\"wp-image-982 size-full\" title=\"\" srcset=\"https:\/\/shuliywoodmachine.com\/wp-content\/uploads\/2022\/09\/sawdust-block-machine-with-the-square-hopper.webp 720w, https:\/\/shuliywoodmachine.com\/wp-content\/uploads\/2022\/09\/sawdust-block-machine-with-the-square-hopper-300x167.webp 300w\" sizes=\"auto, (max-width: 720px) 100vw, 720px\" \/><\/figure><div class=\"wp-block-media-text__content\"> <p class=\"translation-block\"><strong>Modelo 1: m\u00e1quina de fazer blocos de madeira com funil quadrado<\/strong><\/p>    <p>Pela apar\u00eancia, esta m\u00e1quina possui tremonhas quadradas. O parafuso est\u00e1 na parte inferior da tremonha.<\/p>    <p>Coloque as mat\u00e9rias-primas na tremonha e pressione-as em blocos de madeira.<\/p> <\/div><\/div>    <div class=\"wp-block-media-text alignwide has-media-on-the-right is-stacked-on-mobile\"><div class=\"wp-block-media-text__content\"> <p class=\"translation-block\"><strong>Modelo 2: m\u00e1quina de blocos de serragem com funil redondo<\/strong><\/p>    <p>A maior diferen\u00e7a \u00e9 que esse modelo possui motor acima da ca\u00e7amba da m\u00e1quina. <\/p>    <p>Por ser conectado ao motor, existe uma fun\u00e7\u00e3o de mistura, auxiliando a mat\u00e9ria-prima antes mesmo da moldagem.<\/p> <\/div><figure class=\"wp-block-media-text__media\"><img loading=\"lazy\" decoding=\"async\" width=\"720\" height=\"400\" src=\"https:\/\/shuliywoodmachine.com\/wp-content\/uploads\/2022\/09\/wood-block-machine-with-the-round-hopper.webp\" alt=\"m\u00e1quina de bloco de madeira com funil redondo\" class=\"wp-image-983 size-full\" title=\"\" srcset=\"https:\/\/shuliywoodmachine.com\/wp-content\/uploads\/2022\/09\/wood-block-machine-with-the-round-hopper.webp 720w, https:\/\/shuliywoodmachine.com\/wp-content\/uploads\/2022\/09\/wood-block-machine-with-the-round-hopper-300x167.webp 300w\" sizes=\"auto, (max-width: 720px) 100vw, 720px\" \/><\/figure><\/div>    <h2 class=\"wp-block-heading\"><strong>Estrutura da m\u00e1quina para fabricar blocos de paletes de madeira<\/strong><\/h2>    <figure class=\"wp-block-table\"><table><tbody><tr><td>S\/N<\/td><td>Nome da pe\u00e7a da m\u00e1quina<\/td><td>Fun\u00e7\u00e3o<\/td><\/tr><tr><td>1<\/td><td><strong>Cabine de controle<\/strong><\/td><td>Defina todos os par\u00e2metros, o que \u00e9 conveniente e r\u00e1pido. <br>Al\u00e9m disso, \u00e9 seguro usar a m\u00e1quina.<\/td><\/tr><tr><td>2<\/td><td><strong>Motor<\/strong><\/td><td>Fornece energia quando a m\u00e1quina funciona.<\/td><\/tr><tr><td>3<\/td><td><strong>Funil<\/strong><\/td><td>Como recipiente para armazenar a mat\u00e9ria-prima para a fabrica\u00e7\u00e3o de blocos.<\/td><\/tr><tr><td>4<\/td><td><strong>C\u00e2mara de trabalho<\/strong><\/td><td>Parte central para produzir os blocos de madeira adequados. Possui uma folha de alta temperatura em seu interior.<\/td><\/tr><tr><td>5<\/td><td><strong>Tomada<\/strong><\/td><td>Os produtos acabados saem deste ponto de venda.<\/td><\/tr><tr><td>6<\/td><td><strong>M\u00e1quina de corte<\/strong><\/td><td>Como o bloco est\u00e1 inteiro, voc\u00ea deve usar a m\u00e1quina para cort\u00e1-lo em um tamanho satisfat\u00f3rio. <br>Para esta m\u00e1quina, Shuliy tem dispon\u00edvel a serraria manual e a m\u00e1quina de corte autom\u00e1tica. Voc\u00ea pode escolher com base em suas necessidades.<\/td><\/tr><\/tbody><\/table><figcaption class=\"wp-element-caption\">componentes da m\u00e1quina para fazer blocos de madeira comprimida<\/figcaption><\/figure>   <div class=\"wp-block-image\"> <figure class=\"aligncenter size-full\"><img loading=\"lazy\" decoding=\"async\" width=\"720\" height=\"400\" src=\"https:\/\/shuliywoodmachine.com\/wp-content\/uploads\/2022\/09\/wood-pallet-block-making-machine-structure.webp\" alt=\"estrutura da m\u00e1quina para fazer blocos de paletes de madeira\" class=\"wp-image-979\" title=\"\" srcset=\"https:\/\/shuliywoodmachine.com\/wp-content\/uploads\/2022\/09\/wood-pallet-block-making-machine-structure.webp 720w, https:\/\/shuliywoodmachine.com\/wp-content\/uploads\/2022\/09\/wood-pallet-block-making-machine-structure-300x167.webp 300w\" sizes=\"auto, (max-width: 720px) 100vw, 720px\" \/><figcaption class=\"wp-element-caption\">estrutura da m\u00e1quina para fazer blocos de paletes de madeira<\/figcaption><\/figure> <\/div>   <h2 class=\"wp-block-heading\"><strong>Como processar o bloco de serragem?<\/strong><\/h2>    <figure class=\"wp-block-gallery has-nested-images columns-default is-cropped wp-block-gallery-2 is-layout-flex wp-block-gallery-is-layout-flex\"> <figure class=\"wp-block-image size-large\"><img loading=\"lazy\" decoding=\"async\" width=\"720\" height=\"540\" data-id=\"2142\" src=\"https:\/\/shuliywoodmachine.com\/wp-content\/uploads\/2022\/09\/wood-blocks-processing-scene.webp\" alt=\"cena de processamento de blocos de madeira\" class=\"wp-image-2142\" title=\"\" srcset=\"https:\/\/shuliywoodmachine.com\/wp-content\/uploads\/2022\/09\/wood-blocks-processing-scene.webp 720w, https:\/\/shuliywoodmachine.com\/wp-content\/uploads\/2022\/09\/wood-blocks-processing-scene-300x225.webp 300w, https:\/\/shuliywoodmachine.com\/wp-content\/uploads\/2022\/09\/wood-blocks-processing-scene-16x12.webp 16w\" sizes=\"auto, (max-width: 720px) 100vw, 720px\" \/><figcaption class=\"wp-element-caption\">Cena de processamento de blocos de madeira<\/figcaption><\/figure>    <figure class=\"wp-block-image size-large\"><img loading=\"lazy\" decoding=\"async\" width=\"720\" height=\"540\" data-id=\"2143\" src=\"https:\/\/shuliywoodmachine.com\/wp-content\/uploads\/2022\/09\/wood-pallet-block-making-machine-in-working-conditions.webp\" alt=\"m\u00e1quina para fazer blocos de paletes de madeira em condi\u00e7\u00f5es de trabalho\" class=\"wp-image-2143\" title=\"\" srcset=\"https:\/\/shuliywoodmachine.com\/wp-content\/uploads\/2022\/09\/wood-pallet-block-making-machine-in-working-conditions.webp 720w, https:\/\/shuliywoodmachine.com\/wp-content\/uploads\/2022\/09\/wood-pallet-block-making-machine-in-working-conditions-300x225.webp 300w, https:\/\/shuliywoodmachine.com\/wp-content\/uploads\/2022\/09\/wood-pallet-block-making-machine-in-working-conditions-16x12.webp 16w\" sizes=\"auto, (max-width: 720px) 100vw, 720px\" \/><figcaption class=\"wp-element-caption\">M\u00e1quina para fazer blocos de paletes de madeira em condi\u00e7\u00f5es de trabalho<\/figcaption><\/figure> <\/figure>    <p>Na verdade, \u00e9 muito f\u00e1cil entender como funciona a m\u00e1quina para fazer blocos de madeira.<\/p>    <ul class=\"wp-block-list\"> <li>Em primeiro lugar, coloque as mat\u00e9rias-primas no lixo.<\/li>    <li>Em seguida, mexa as mat\u00e9rias-primas e os materiais entrar\u00e3o na pe\u00e7a de trabalho.<\/li>    <li>Em seguida, os materiais passam por condi\u00e7\u00f5es de alta temperatura e alta press\u00e3o, formando assim os materiais.<\/li>    <li>Finalmente, todo o bloco de madeira \u00e9 moldado e voc\u00ea pode usar a pequena m\u00e1quina de corte para cortar os blocos nos blocos adequados.<\/li> <\/ul>    <figure class=\"wp-block-embed is-type-video is-provider-youtube wp-block-embed-youtube wp-embed-aspect-16-9 wp-has-aspect-ratio\"><div class=\"wp-block-embed__wrapper\"> <iframe loading=\"lazy\" title=\"As 3 principais m\u00e1quinas para fazer blocos de paletes de madeira no mercado do Sudeste Asi\u00e1tico - Bloco de paletes de madeira comprimido\" width=\"500\" height=\"281\" src=\"https:\/\/www.youtube.com\/embed\/XjxwthVhjks?feature=oembed\" frameborder=\"0\" allow=\"accelerometer; autoplay; clipboard-write; encrypted-media; gyroscope; picture-in-picture; web-share\" referrerpolicy=\"strict-origin-when-cross-origin\" allowfullscreen><\/iframe> <\/div><figcaption class=\"wp-element-caption\">v\u00eddeo sobre como funciona a m\u00e1quina para fazer blocos de madeira comprimida<\/figcaption><\/figure>    <h2 class=\"wp-block-heading\"><strong>Casos de sucesso de m\u00e1quina de bloco de paletes de madeira comprimida<\/strong><\/h2>    <p class=\"translation-block\"><strong>M\u00e1quina de fazer blocos de lascas de madeira vendida para a Indon\u00e9sia<\/strong><\/p>    <p>Recentemente, exportamos a m\u00e1quina de prensagem a quente de blocos de madeira para serragem para a Indon\u00e9sia. Atrav\u00e9s da conversa, soubemos que este cliente indon\u00e9sio tem uma f\u00e1brica de processamento de madeira e precisa processar a sobra ap\u00f3s o processamento da madeira e vend\u00ea-la sozinho. <\/p>    <p>Portanto, nosso gerente de vendas recomendou nossa m\u00e1quina para fazer blocos de madeira para ele. Atra\u00eddo pela produ\u00e7\u00e3o eficiente, customiza\u00e7\u00e3o e opera\u00e7\u00e3o simples de nossa m\u00e1quina, o cliente imediatamente fez um pedido.<\/p>    <p>Depois que a m\u00e1quina foi produzida, n\u00f3s a entregamos ao seu destino por via mar\u00edtima.<\/p>   <div class=\"wp-block-image\"> <figure class=\"aligncenter size-full\"><img loading=\"lazy\" decoding=\"async\" width=\"720\" height=\"540\" src=\"https:\/\/shuliywoodmachine.com\/wp-content\/uploads\/2022\/09\/load-of-the-wood-block-making-machine.webp\" alt=\"carga da m\u00e1quina para fazer blocos de madeira\" class=\"wp-image-985\" title=\"\" srcset=\"https:\/\/shuliywoodmachine.com\/wp-content\/uploads\/2022\/09\/load-of-the-wood-block-making-machine.webp 720w, https:\/\/shuliywoodmachine.com\/wp-content\/uploads\/2022\/09\/load-of-the-wood-block-making-machine-300x225.webp 300w\" sizes=\"auto, (max-width: 720px) 100vw, 720px\" \/><figcaption class=\"wp-element-caption\">carga da m\u00e1quina para fazer blocos de madeira<\/figcaption><\/figure> <\/div>   <h2 class=\"wp-block-heading\"><strong>Entre em contato conosco para obter uma solu\u00e7\u00e3o de reciclagem de res\u00edduos de madeira!<\/strong><\/h2>    <p>Voc\u00ea est\u00e1 procurando uma solu\u00e7\u00e3o eficiente para lucrar com res\u00edduos de madeira? Se sim, entre em contato conosco agora!<\/p>    <p class=\"translation-block\">Como fabricante e fornecedor profissional de m\u00e1quinas de madeira, temos diferentes equipamentos de reciclagem de madeira para ajud\u00e1-lo a lucrar, como <a href=\"https:\/\/shuliywoodmachine.com\/pt\/product\/maquina-de-paletes-de-madeira\/\" target=\"_blank\" rel=\"noreferrer noopener\">m\u00e1quina de paletes de madeira comprimida<\/a> e m\u00e1quina de fazer blocos de paletes de madeira. <\/p>    <p>Forneceremos a solu\u00e7\u00e3o mais adequada de acordo com suas demandas. Ent\u00e3o, n\u00e3o hesite e entre em contato conosco imediatamente!<\/p>   <div class=\"wp-block-image\"> <figure class=\"aligncenter size-full\"><img loading=\"lazy\" decoding=\"async\" width=\"720\" height=\"540\" src=\"https:\/\/shuliywoodmachine.com\/wp-content\/uploads\/2022\/09\/wood-block-making-machine-for-wood-waste-recycling.webp\" alt=\"m\u00e1quina de fazer blocos de madeira para reciclagem de res\u00edduos de madeira\" class=\"wp-image-2137\" title=\"\" srcset=\"https:\/\/shuliywoodmachine.com\/wp-content\/uploads\/2022\/09\/wood-block-making-machine-for-wood-waste-recycling.webp 720w, https:\/\/shuliywoodmachine.com\/wp-content\/uploads\/2022\/09\/wood-block-making-machine-for-wood-waste-recycling-300x225.webp 300w, https:\/\/shuliywoodmachine.com\/wp-content\/uploads\/2022\/09\/wood-block-making-machine-for-wood-waste-recycling-16x12.webp 16w\" sizes=\"auto, (max-width: 720px) 100vw, 720px\" \/><figcaption class=\"wp-element-caption\">m\u00e1quina de fazer blocos de madeira para reciclagem de res\u00edduos de madeira<\/figcaption><\/figure> <\/div>","protected":false},"excerpt":{"rendered":"<p>Shuliy wood block making machine is to produce wooden pallet blocks from sawdust, wood chips, wood shavings, coconut shells, etc. by high temperature and pressure. The moisture of raw materials should be &lt;10% and the size should be around 1cm. This compressed wood pallet block machine has a wide range of capacities due to different [&hellip;]<\/p>\n","protected":false},"author":1,"featured_media":998,"parent":0,"template":"","tags":[87,151,150,86],"product-type":[76],"class_list":["post-969","product","type-product","status-publish","has-post-thumbnail","hentry","tag-wood-block-making-machine","tag-wood-blocks","tag-wood-pallet-blocks","tag-wood-pallet-machine","product-type-waste-wood-recycling-machine"],"_links":{"self":[{"href":"https:\/\/shuliywoodmachine.com\/pt\/wp-json\/wp\/v2\/product\/969","targetHints":{"allow":["GET"]}}],"collection":[{"href":"https:\/\/shuliywoodmachine.com\/pt\/wp-json\/wp\/v2\/product"}],"about":[{"href":"https:\/\/shuliywoodmachine.com\/pt\/wp-json\/wp\/v2\/types\/product"}],"author":[{"embeddable":true,"href":"https:\/\/shuliywoodmachine.com\/pt\/wp-json\/wp\/v2\/users\/1"}],"wp:featuredmedia":[{"embeddable":true,"href":"https:\/\/shuliywoodmachine.com\/pt\/wp-json\/wp\/v2\/media\/998"}],"wp:attachment":[{"href":"https:\/\/shuliywoodmachine.com\/pt\/wp-json\/wp\/v2\/media?parent=969"}],"wp:term":[{"taxonomy":"post_tag","embeddable":true,"href":"https:\/\/shuliywoodmachine.com\/pt\/wp-json\/wp\/v2\/tags?post=969"},{"taxonomy":"product-type","embeddable":true,"href":"https:\/\/shuliywoodmachine.com\/pt\/wp-json\/wp\/v2\/product-type?post=969"}],"curies":[{"name":"wp","href":"https:\/\/api.w.org\/{rel}","templated":true}]}}