{"id":97,"date":"2022-07-08T07:42:24","date_gmt":"2022-07-08T07:42:24","guid":{"rendered":"https:\/\/shuliywoodmachine.com\/?post_type=product&#038;p=97"},"modified":"2025-04-24T11:21:48","modified_gmt":"2025-04-24T03:21:48","slug":"roller-debarker-log-debarker-machine","status":"publish","type":"product","link":"https:\/\/shuliywoodmachine.com\/pt\/product\/roller-debarker-log-debarker-machine\/","title":{"rendered":"Descascador de rolo | M\u00e1quina descascadora de toras"},"content":{"rendered":"<p class=\"translation-block\">Este descascador de rolos \u00e9 usado para remover a casca da madeira do toro, com o rolo a girar e a trabalhar. Este tipo de <a href=\"https:\/\/shuliywoodmachine.com\/pt\/product\/wood-debarker-log-debarker\/\" target=\"_blank\" rel=\"noreferrer noopener\">m\u00e1quina descas\u00e7adora de toros<\/a> \u00e0 venda tem um rolo duplo (geralmente), melhorando a efici\u00eancia de trabalho e poupando tempo. Utiliza o <a href=\"https:\/\/en.wikipedia.org\/wiki\/Engine\" target=\"_blank\" rel=\"noreferrer noopener\">motor<\/a> para suportar o seu trabalho. Al\u00e9m disso, o descascador \u00e0 venda tem amplas aplica\u00e7\u00f5es para descascar ramos, madeiras irregulares, sec\u00e7\u00f5es de madeira, etc. Ap\u00f3s a remo\u00e7\u00e3o da casca da \u00e1rvore, pode usar o triturador de madeira para continuar o procedimento seguinte. Se estiver interessado, seja bem-vindo a entrar em contacto connosco!<\/p>    <figure class=\"wp-block-embed is-type-video is-provider-youtube wp-block-embed-youtube wp-embed-aspect-16-9 wp-has-aspect-ratio\"><div class=\"wp-block-embed__wrapper\"> <iframe loading=\"lazy\" title=\"M\u00e1quina descascadora para descasque de madeira em lote | Como funciona a m\u00e1quina de descascar toras? Processamento de madeira de 2-4m\" width=\"500\" height=\"281\" src=\"https:\/\/www.youtube.com\/embed\/rgVUWCXGTAA?feature=oembed\" frameborder=\"0\" allow=\"accelerometer; autoplay; clipboard-write; encrypted-media; gyroscope; picture-in-picture; web-share\" referrerpolicy=\"strict-origin-when-cross-origin\" allowfullscreen><\/iframe> <\/div><figcaption class=\"wp-element-caption\">v\u00eddeo da m\u00e1quina de descasque de troncos<\/figcaption><\/figure>    <h2 class=\"wp-block-heading\" id=\"h-why-choose-the-double-roller-debarker-machine\"><strong>Por que escolher a m\u00e1quina descascadora de rolo duplo?<\/strong><\/h2>    <p class=\"translation-block\">Para ser honesto, este tipo de descascador de rolos \u00e9 comummente utilizado em serrarias grandes, m\u00e9dias e pequenas, f\u00e1bricas de papel, f\u00e1bricas de pain\u00e9is, f\u00e1bricas de aparas de madeira, explora\u00e7\u00e3o florestal, dep\u00f3sitos de madeira, f\u00e1bricas de contraplacado, etc. Este tipo de <a href=\"https:\/\/shuliywoodmachine.com\/pt\/product\/wood-debarker\/\" target=\"_blank\" rel=\"noreferrer noopener\">descascador de madeira<\/a> tem a capacidade de manusear pequenos ramos, madeiras irregulares, uma grande quantidade de madeira, segmentos de madeira, etc. Portanto, se tiver mat\u00e9rias-primas semelhantes, escolher esta m\u00e1quina descas\u00e7adora de rolos \u00e9 a melhor op\u00e7\u00e3o.<\/p>   <div class=\"wp-block-image\"> <figure class=\"aligncenter size-full\"><img loading=\"lazy\" decoding=\"async\" width=\"1117\" height=\"388\" src=\"https:\/\/shuliywoodmachine.com\/wp-content\/uploads\/2022\/09\/log-debarker-machine-applications.webp\" alt=\"aplica\u00e7\u00f5es de m\u00e1quina descascadora de toras\" class=\"wp-image-754\" title=\"\" srcset=\"https:\/\/shuliywoodmachine.com\/wp-content\/uploads\/2022\/09\/log-debarker-machine-applications.webp 1117w, https:\/\/shuliywoodmachine.com\/wp-content\/uploads\/2022\/09\/log-debarker-machine-applications-300x104.webp 300w, https:\/\/shuliywoodmachine.com\/wp-content\/uploads\/2022\/09\/log-debarker-machine-applications-1024x356.webp 1024w, https:\/\/shuliywoodmachine.com\/wp-content\/uploads\/2022\/09\/log-debarker-machine-applications-768x267.webp 768w\" sizes=\"auto, (max-width: 1117px) 100vw, 1117px\" \/><figcaption class=\"wp-element-caption\">aplica\u00e7\u00f5es de m\u00e1quina descascadora de toras<\/figcaption><\/figure> <\/div>   <h2 class=\"wp-block-heading\"><strong>Vantagens de usar a m\u00e1quina descascadora de toras<\/strong><\/h2>    <p>Normalmente, o descascador de rolos pode lidar com madeiras com capacidade de 5 a 18 t\/h. Assim, a efici\u00eancia de trabalho \u00e9 muito r\u00e1pida e alta. Quando se deseja descascar madeira em lote, esta m\u00e1quina \u00e9 uma boa escolha.<\/p>    <p>Ao mesmo tempo, existem furos no descascador de rolo duplo. Durante o trabalho, as impurezas saem dos furos, o que acelera a efici\u00eancia do trabalho e reduz a limpeza manual.<\/p>    <p>Como a m\u00e1quina geralmente adota um rolo duplo, o transportador pode ser equipado e, at\u00e9 certo ponto, o trabalho \u00e9 acelerado.<\/p>    <figure class=\"wp-block-gallery aligncenter has-nested-images columns-default is-cropped wp-block-gallery-2 is-layout-flex wp-block-gallery-is-layout-flex\"> <figure class=\"wp-block-image size-full\"><img loading=\"lazy\" decoding=\"async\" width=\"720\" height=\"540\" data-id=\"746\" src=\"https:\/\/shuliywoodmachine.com\/wp-content\/uploads\/2022\/09\/wood-roller-debarker-machine.webp\" alt=\"m\u00e1quina descascadora de rolo de madeira\" class=\"wp-image-746\" title=\"\" srcset=\"https:\/\/shuliywoodmachine.com\/wp-content\/uploads\/2022\/09\/wood-roller-debarker-machine.webp 720w, https:\/\/shuliywoodmachine.com\/wp-content\/uploads\/2022\/09\/wood-roller-debarker-machine-300x225.webp 300w\" sizes=\"auto, (max-width: 720px) 100vw, 720px\" \/><figcaption class=\"wp-element-caption\">M\u00e1quina descascadora de rolo de madeira<\/figcaption><\/figure>    <figure class=\"wp-block-image size-full\"><img loading=\"lazy\" decoding=\"async\" width=\"720\" height=\"540\" data-id=\"748\" src=\"https:\/\/shuliywoodmachine.com\/wp-content\/uploads\/2022\/09\/double-roller-wood-debarker-with-the-conveyor.webp\" alt=\"descascador de madeira de rolo duplo com transportador\" class=\"wp-image-748\" title=\"\" srcset=\"https:\/\/shuliywoodmachine.com\/wp-content\/uploads\/2022\/09\/double-roller-wood-debarker-with-the-conveyor.webp 720w, https:\/\/shuliywoodmachine.com\/wp-content\/uploads\/2022\/09\/double-roller-wood-debarker-with-the-conveyor-300x225.webp 300w\" sizes=\"auto, (max-width: 720px) 100vw, 720px\" \/><figcaption class=\"wp-element-caption\">Descascador de madeira de rolo duplo com transportador<\/figcaption><\/figure> <\/figure>    <h2 class=\"wp-block-heading\"><strong>Como funciona a m\u00e1quina descascadora de toras de rolo?<\/strong><\/h2>    <p>Na verdade, o seu princ\u00edpio de funcionamento \u00e9 muito simples. Coloque a mat\u00e9ria-prima da madeira na \u00e1rea de trabalho do descascador de rolos. O atrito entre os rolos duplos e o atrito entre a mat\u00e9ria-prima podem fazer com que o trabalho de descascamento ocorra sem problemas e obter um bom efeito de descascamento. A taxa de descascamento da nossa m\u00e1quina \u00e9 superior a 95%.<\/p>   <div class=\"wp-block-image\"> <figure class=\"aligncenter size-full\"><img loading=\"lazy\" decoding=\"async\" width=\"720\" height=\"450\" src=\"https:\/\/shuliywoodmachine.com\/wp-content\/uploads\/2022\/09\/structure-details-of-roller-debarker.webp\" alt=\"detalhes da estrutura do descascador de rolos\" class=\"wp-image-756\" title=\"\" srcset=\"https:\/\/shuliywoodmachine.com\/wp-content\/uploads\/2022\/09\/structure-details-of-roller-debarker.webp 720w, https:\/\/shuliywoodmachine.com\/wp-content\/uploads\/2022\/09\/structure-details-of-roller-debarker-300x188.webp 300w\" sizes=\"auto, (max-width: 720px) 100vw, 720px\" \/><figcaption class=\"wp-element-caption\">detalhes da estrutura do descascador de rolos<\/figcaption><\/figure> <\/div>   <h2 class=\"wp-block-heading\"><strong>Especifica\u00e7\u00f5es t\u00e9cnicas do descascador de toras de madeira<\/strong><\/h2>    <figure class=\"wp-block-table\"><table><tbody><tr><td>Modelo<\/td><td>SL-S500<\/td><td>SL-S600<\/td><td>SL-S700<\/td><td>SL-S800<\/td><\/tr><tr><td>Di\u00e2metro da madeira (mm)<\/td><td>50-200<\/td><td>50-300<\/td><td>50-400<\/td><td>50-500<\/td><\/tr><tr><td>Comprimento da madeira (m)<\/td><td>2-4<\/td><td>2-5<\/td><td>2-5<\/td><td>2-6<\/td><\/tr><tr><td>Capacidade (T\/H)<\/td><td>5-6<\/td><td>6-8<\/td><td>10-12<\/td><td>15-18<\/td><\/tr><tr><td>Taxa de descascamento<\/td><td>&gt;95%<\/td><td>&gt;95%<\/td><td>&gt;95%<\/td><td>&gt;95%<\/td><\/tr><tr><td>Di\u00e2metro do rolo (mm)<\/td><td>250<\/td><td>274<\/td><td>370<\/td><td>540<\/td><\/tr><tr><td>Velocidade de rota\u00e7\u00e3o do rolo (rpm)<\/td><td>230<\/td><td>230<\/td><td>200<\/td><td>180<\/td><\/tr><tr><td>Comprimento do rolo (mm)<\/td><td>580<\/td><td>580<\/td><td>580<\/td><td>580<\/td><\/tr><tr><td>Pot\u00eancia (kW)<\/td><td>7.5*2<\/td><td>7.5*2<\/td><td>11*2<\/td><td>15*2<\/td><\/tr><tr><td>Peso (T)<\/td><td>2.5<\/td><td>2.8<\/td><td>3.5<\/td><td>6<\/td><\/tr><tr><td>Tamanho(C*L*A)(m)<\/td><td>6*2.1*1.5<\/td><td>6.02*2.26*1.52<\/td><td>6*2.5*1.6<\/td><td>6*2.8*1.7<\/td><\/tr><\/tbody><\/table><\/figure>    <p>Na tabela acima, v\u00e1rios tipos est\u00e3o dispon\u00edveis para sua escolha. Quando voc\u00ea precisar deste tipo de m\u00e1quina para madeira, poder\u00e1 informar suas necessidades, incluindo capacidade da m\u00e1quina, configura\u00e7\u00e3o da m\u00e1quina, comprimento da madeira a ser manuseada, etc. Nosso gerente de vendas fornecer\u00e1 a melhor solu\u00e7\u00e3o de acordo com suas necessidades.<\/p>","protected":false},"excerpt":{"rendered":"<p>This roller debarker is used for removing the log wood bark along with the roller rotating and working. This kind of log debarker machine for sale has a double roller(generally), improving the working efficiency and saving time. It uses the motor to support its work. Moreover, the debarker for sale has wide applications for stripping [&hellip;]<\/p>\n","protected":false},"author":1,"featured_media":757,"parent":0,"template":"","tags":[52,53,48,46,16,56,55],"product-type":[5],"class_list":["post-97","product","type-product","status-publish","has-post-thumbnail","hentry","tag-double-roller-debarker","tag-roller-debarker","tag-wood-debarker","tag-wood-debarker-machine","tag-wood-machine","tag-wood-peeler","tag-wood-peeling-machine","product-type-wood-debarker"],"_links":{"self":[{"href":"https:\/\/shuliywoodmachine.com\/pt\/wp-json\/wp\/v2\/product\/97","targetHints":{"allow":["GET"]}}],"collection":[{"href":"https:\/\/shuliywoodmachine.com\/pt\/wp-json\/wp\/v2\/product"}],"about":[{"href":"https:\/\/shuliywoodmachine.com\/pt\/wp-json\/wp\/v2\/types\/product"}],"author":[{"embeddable":true,"href":"https:\/\/shuliywoodmachine.com\/pt\/wp-json\/wp\/v2\/users\/1"}],"wp:featuredmedia":[{"embeddable":true,"href":"https:\/\/shuliywoodmachine.com\/pt\/wp-json\/wp\/v2\/media\/757"}],"wp:attachment":[{"href":"https:\/\/shuliywoodmachine.com\/pt\/wp-json\/wp\/v2\/media?parent=97"}],"wp:term":[{"taxonomy":"post_tag","embeddable":true,"href":"https:\/\/shuliywoodmachine.com\/pt\/wp-json\/wp\/v2\/tags?post=97"},{"taxonomy":"product-type","embeddable":true,"href":"https:\/\/shuliywoodmachine.com\/pt\/wp-json\/wp\/v2\/product-type?post=97"}],"curies":[{"name":"wp","href":"https:\/\/api.w.org\/{rel}","templated":true}]}}