{"id":11,"date":"2022-07-07T08:06:19","date_gmt":"2022-07-07T08:06:19","guid":{"rendered":"https:\/\/shuliywoodmachine.com\/?page_id=11"},"modified":"2022-07-18T09:11:44","modified_gmt":"2022-07-18T09:11:44","slug":"contact-us","status":"publish","type":"page","link":"https:\/\/shuliywoodmachine.com\/sw\/wasiliana-nasi\/","title":{"rendered":"Wasiliana Nasi"},"content":{"rendered":"<div class=\"wp-block-columns is-layout-flex wp-container-core-columns-is-layout-9d6595d7 wp-block-columns-is-layout-flex\"> <div class=\"wp-block-column is-layout-flow wp-block-column-is-layout-flow\"><\/div>    <div class=\"wp-block-column is-layout-flow wp-block-column-is-layout-flow\"> <h2 class=\"wp-block-heading\" id=\"h-shuliy-machinery-co-ltd\">Shuliy Machinery Co., Ltd<\/h2>    <p>Barua pepe: info@shuliywoodmachine.com<\/p>    <p>WhatsApp\/Tel\/WeChat: +86 13673689272<\/p>    <p>Adress: Zhengshang Jingkai-torget, \u00d6stra Hanghai-v\u00e4gen, ETDZ, Zhengzhou, Henan, Kina<\/p> <\/div> <\/div>    <div class=\"wp-block-columns is-layout-flex wp-container-core-columns-is-layout-9d6595d7 wp-block-columns-is-layout-flex\"> <div class=\"wp-block-column is-layout-flow wp-block-column-is-layout-flow\"> <div class=\"wp-block-columns is-layout-flex wp-container-core-columns-is-layout-9d6595d7 wp-block-columns-is-layout-flex\"> <div class=\"wp-block-column is-layout-flow wp-block-column-is-layout-flow\"> <div class=\"wp-block-columns is-layout-flex wp-container-core-columns-is-layout-9d6595d7 wp-block-columns-is-layout-flex\"> <div class=\"wp-block-column is-layout-flow wp-block-column-is-layout-flow\" style=\"flex-basis:100%\"><div class=\"wp-block-image\"> <figure class=\"aligncenter size-full\"><img loading=\"lazy\" decoding=\"async\" width=\"90\" height=\"86\" src=\"https:\/\/shuliywoodmachine.com\/wp-content\/uploads\/2022\/07\/CE.png\" alt=\"\" class=\"wp-image-473\" title=\"\"><\/figure> <\/div>   <h2 class=\"wp-block-heading\" id=\"h-ce-certificate\"><strong>Cheti cha CE<\/strong><\/h2>    <p>V\u00e5ra produkter har CE-certifikat. Detta uttrycker starkt att v\u00e5ra maskiner har stor styrka att konkurrera p\u00e5 v\u00e4rldsmarknaderna.<\/p> <\/div> <\/div> <\/div>    <div class=\"wp-block-column is-layout-flow wp-block-column-is-layout-flow\"> <div class=\"wp-block-columns is-layout-flex wp-container-core-columns-is-layout-9d6595d7 wp-block-columns-is-layout-flex\"> <div class=\"wp-block-column is-layout-flow wp-block-column-is-layout-flow\" style=\"flex-basis:100%\"><div class=\"wp-block-image\"> <figure class=\"aligncenter size-full\"><img loading=\"lazy\" decoding=\"async\" width=\"90\" height=\"86\" src=\"https:\/\/shuliywoodmachine.com\/wp-content\/uploads\/2022\/07\/24h-service.png\" alt=\"\" class=\"wp-image-474\" title=\"\"><\/figure> <\/div>   <h2 class=\"wp-block-heading\"><strong>Huduma ya saa 24\/7<\/strong><\/h2>    <p>Vi erbjuder 24 timmars online-service och \u00e4r online 7 dagar i veckan. N\u00e4rhelst du kommer till oss kan vi svara mycket snabbt.<\/p> <\/div> <\/div> <\/div> <\/div> <\/div>    <div class=\"wp-block-column is-layout-flow wp-block-column-is-layout-flow\"> <div class=\"wp-block-columns is-layout-flex wp-container-core-columns-is-layout-9d6595d7 wp-block-columns-is-layout-flex\"> <div class=\"wp-block-column is-layout-flow wp-block-column-is-layout-flow\"> <div class=\"wp-block-columns is-layout-flex wp-container-core-columns-is-layout-9d6595d7 wp-block-columns-is-layout-flex\"> <div class=\"wp-block-column is-layout-flow wp-block-column-is-layout-flow\" style=\"flex-basis:100%\"><div class=\"wp-block-image\"> <figure class=\"aligncenter size-full\"><img loading=\"lazy\" decoding=\"async\" width=\"90\" height=\"86\" src=\"https:\/\/shuliywoodmachine.com\/wp-content\/uploads\/2022\/07\/HQ.png\" alt=\"\" class=\"wp-image-479\" title=\"\"><\/figure> <\/div>   <h2 class=\"wp-block-heading\"><strong>Ubora wa juu<\/strong><\/h2>    <p>Vi genomf\u00f6r en upps\u00e4ttning strikta kvalitetskontrollsystem f\u00f6r att \u00f6vervaka och garantera maskinkvalitet. Till exempel, vi anv\u00e4nder h\u00f6gkvalitativa r\u00e5material f\u00f6r att tillverka maskinen. Dessutom \u00e4r v\u00e5ra kunder n\u00f6jda med v\u00e5ra maskiner.<\/p> <\/div> <\/div> <\/div>    <div class=\"wp-block-column is-layout-flow wp-block-column-is-layout-flow\"> <div class=\"wp-block-columns is-layout-flex wp-container-core-columns-is-layout-9d6595d7 wp-block-columns-is-layout-flex\"> <div class=\"wp-block-column is-layout-flow wp-block-column-is-layout-flow\" style=\"flex-basis:100%\"><div class=\"wp-block-image\"> <figure class=\"aligncenter size-full\"><img loading=\"lazy\" decoding=\"async\" width=\"90\" height=\"86\" src=\"https:\/\/shuliywoodmachine.com\/wp-content\/uploads\/2022\/07\/Tech.png\" alt=\"\" class=\"wp-image-480\" title=\"\"><\/figure> <\/div>   <h2 class=\"wp-block-heading\"><strong>Msaada wa kiufundi<\/strong><\/h2>    <p>Videost\u00f6d, online v\u00e4gledning, manual, etc. En serie av online och offline st\u00f6d \u00e4r kopplad till maskinen. Till och med kan v\u00e5r tekniker bes\u00f6ka din plats f\u00f6r att hj\u00e4lpa till beroende p\u00e5 situationen.<\/p> <\/div> <\/div> <\/div> <\/div> <\/div> <\/div>","protected":false},"excerpt":{"rendered":"<p>Shuliy Machinery Co., Ltd Email: info@shuliywoodmachine.com WhatsApp\/Tel\/WeChat: +86 13673689272 Address: Zhengshang Jingkai Square, East Hanghai Road, ETDZ, Zhengzhou, Henan, China CE certificate Our products have CE certificates. This strongly expresses our machines have the great strength to compete in the world markets. 24\/7 service time We offer 24h online service and are online for 7 [&hellip;]<\/p>\n","protected":false},"author":1,"featured_media":0,"parent":0,"menu_order":0,"comment_status":"closed","ping_status":"closed","template":"","meta":{"footnotes":""},"class_list":["post-11","page","type-page","status-publish","hentry"],"_links":{"self":[{"href":"https:\/\/shuliywoodmachine.com\/sw\/wp-json\/wp\/v2\/pages\/11","targetHints":{"allow":["GET"]}}],"collection":[{"href":"https:\/\/shuliywoodmachine.com\/sw\/wp-json\/wp\/v2\/pages"}],"about":[{"href":"https:\/\/shuliywoodmachine.com\/sw\/wp-json\/wp\/v2\/types\/page"}],"author":[{"embeddable":true,"href":"https:\/\/shuliywoodmachine.com\/sw\/wp-json\/wp\/v2\/users\/1"}],"replies":[{"embeddable":true,"href":"https:\/\/shuliywoodmachine.com\/sw\/wp-json\/wp\/v2\/comments?post=11"}],"version-history":[{"count":0,"href":"https:\/\/shuliywoodmachine.com\/sw\/wp-json\/wp\/v2\/pages\/11\/revisions"}],"wp:attachment":[{"href":"https:\/\/shuliywoodmachine.com\/sw\/wp-json\/wp\/v2\/media?parent=11"}],"curies":[{"name":"wp","href":"https:\/\/api.w.org\/{rel}","templated":true}]}}