{"id":8,"date":"2022-07-07T08:06:07","date_gmt":"2022-07-07T08:06:07","guid":{"rendered":"https:\/\/shuliywoodmachine.com\/?page_id=8"},"modified":"2022-09-21T07:57:37","modified_gmt":"2022-09-21T07:57:37","slug":"about-us","status":"publish","type":"page","link":"https:\/\/shuliywoodmachine.com\/sw\/about-us\/","title":{"rendered":"Om Oss"},"content":{"rendered":"<h2 class=\"wp-block-heading\"><strong><em>WHO ARE WE<\/em><\/strong><\/h2>    <div class=\"wp-block-media-text alignwide is-stacked-on-mobile\"><figure class=\"wp-block-media-text__media\"><img loading=\"lazy\" decoding=\"async\" width=\"1024\" height=\"536\" src=\"https:\/\/shuliywoodmachine.com\/wp-content\/uploads\/2022\/07\/shuliy-machinery-1024x536.jpg\" alt=\"\" class=\"wp-image-22 size-full\" title=\"\" srcset=\"https:\/\/shuliywoodmachine.com\/wp-content\/uploads\/2022\/07\/shuliy-machinery-1024x536.jpg 1024w, https:\/\/shuliywoodmachine.com\/wp-content\/uploads\/2022\/07\/shuliy-machinery-300x157.jpg 300w, https:\/\/shuliywoodmachine.com\/wp-content\/uploads\/2022\/07\/shuliy-machinery-768x402.jpg 768w, https:\/\/shuliywoodmachine.com\/wp-content\/uploads\/2022\/07\/shuliy-machinery.jpg 1352w\" sizes=\"auto, (max-width: 1024px) 100vw, 1024px\" \/><\/figure><div class=\"wp-block-media-text__content\"> <p class=\"has-text-align-left\">Shuliy Machinery \u00e4r mycket k\u00e4nd inom tr\u00e4maskinsindustrin och har funnits i \u00f6ver 20 \u00e5r.<\/p>    <p class=\"translation-block\">Kwa kuzingatia \"kupeleka mashine kila kona ya dunia\" kama kanuni, tuna utaalam wa kina katika tasnia hii ya kuni. Bidhaa zetu ni pamoja na: <strong><em><a href=\"https:\/\/shuliywoodmachine.com\/sw\/products\/wood-debarker\/\" target=\"_blank\" rel=\"noreferrer noopener\">mchuna magogo wa mbao<\/a><\/em><\/strong>, <strong><em><a href=\"https:\/\/shuliywoodmachine.com\/sw\/products\/saw-mill\/\" target=\"_blank\" rel=\"noreferrer noopener\">kisaga mbao<\/a><\/em><\/strong>, <strong><em><a href=\"https:\/\/shuliywoodmachine.com\/sw\/product\/vedspansmaskin\/\" target=\"_blank\" rel=\"noreferrer noopener\">mashine ya kukata vipande vya mbao<\/a><\/em><\/strong>, <strong><em><a href=\"https:\/\/shuliywoodmachine.com\/sw\/products\/wood-crusher\/\" target=\"_blank\" rel=\"noreferrer noopener\">kipepeo cha mbao<\/a><\/em><\/strong>, <a href=\"https:\/\/shuliywoodmachine.com\/sw\/products\/wood-chipper\/\" target=\"_blank\" rel=\"noreferrer noopener\">kipepeo cha mbao<\/a>, n.k. Zinajulikana duniani kote kwa ubora wao bora, kazi zenye nguvu, na uwezo mkubwa wa kuzoea.<\/p>    <p><\/p> <\/div><\/div>    <div class=\"wp-block-media-text alignwide has-media-on-the-right is-stacked-on-mobile\"><figure class=\"wp-block-media-text__media\"><img loading=\"lazy\" decoding=\"async\" width=\"1024\" height=\"486\" src=\"https:\/\/shuliywoodmachine.com\/wp-content\/uploads\/2022\/07\/global-market.webp\" alt=\"global marknad\" class=\"wp-image-608 size-full\" title=\"\" srcset=\"https:\/\/shuliywoodmachine.com\/wp-content\/uploads\/2022\/07\/global-market.webp 1024w, https:\/\/shuliywoodmachine.com\/wp-content\/uploads\/2022\/07\/global-market-300x142.webp 300w, https:\/\/shuliywoodmachine.com\/wp-content\/uploads\/2022\/07\/global-market-768x365.webp 768w\" sizes=\"auto, (max-width: 1024px) 100vw, 1024px\" \/><\/figure><div class=\"wp-block-media-text__content\"> <p class=\"translation-block\">Mashine zetu za mbao husafirishwa kwa nchi zaidi ya 100. Kwa kuwa mbao zinapatikana kote ulimwenguni, watu wanaojishughulisha na eneo la mbao ndio wateja wetu wanaoweza kuwa. Kwa sasa, mashine zetu za mbao zimeuzwa kwa <strong>USA, nchi za Ulaya, Afrika Kusini, Australia, Malaysia, Bhutan, Ukraine, UAE, Botswana, Slovakia, Roma, Ufilipino, Kanada, Turkmenistan, Saudi Arabia, <\/strong>na zingine.<\/p> <\/div><\/div>    <p><\/p>    <h2 class=\"wp-block-heading\"><strong><em>KWA NINI UCHAGUE SISI<\/em><\/strong><\/h2>    <div class=\"wp-block-media-text alignwide has-media-on-the-right is-stacked-on-mobile\"><figure class=\"wp-block-media-text__media\"><img loading=\"lazy\" decoding=\"async\" width=\"548\" height=\"513\" src=\"https:\/\/shuliywoodmachine.com\/wp-content\/uploads\/2022\/07\/our-advanatges.jpg\" alt=\"\" class=\"wp-image-38 size-full\" title=\"\" srcset=\"https:\/\/shuliywoodmachine.com\/wp-content\/uploads\/2022\/07\/our-advanatges.jpg 548w, https:\/\/shuliywoodmachine.com\/wp-content\/uploads\/2022\/07\/our-advanatges-300x281.jpg 300w\" sizes=\"auto, (max-width: 548px) 100vw, 548px\" \/><\/figure><div class=\"wp-block-media-text__content\"> <blockquote class=\"wp-block-quote is-layout-flow wp-block-quote-is-layout-flow\"><p class=\"translation-block\"><strong>Ujuzi bora na wa kitaalamu<\/strong>. Meneja wetu wa mauzo ana ujuzi mwingi na wa kutosha kutoa suluhisho kamili linalotii mahitaji yako.<\/p><p><\/p><p class=\"translation-block\"><strong>Ubora bora<\/strong>. Kwa mashine yenyewe, ina ubora wa kipekee kutokana na mfumo wetu mkali wa kudhibiti ubora. Kwa maneno mengine, tunasambaza mashine yenye ubora mzuri ili kuwezesha biashara yako.<\/p><p><\/p><p class=\"translation-block\"><strong>Huduma ya baada ya mauzo yenye kufikiria<\/strong>. Baada ya kuuza mashine, huduma ya baada ya mauzo pia ni muhimu. Kwa hakika, kutakuwa na shida nyingi au chache wakati wa matumizi ya mashine. Wafanyikazi wetu wataweza kujibu maswali yako kutoka kwa mtazamo wenye ujuzi na wa kitaalamu.<\/p><\/blockquote> <\/div><\/div>    <h2 class=\"has-text-align-left wp-block-heading\" id=\"h-honor\"><strong><em>HESHIMA<\/em><\/strong><\/h2>    <p>Shuliy Machinery ni maarufu nyumbani na nje ya nchi, ikitambuliwa na vyeti vingi. Kwa mfano, orodha ifuatayo:<\/p>    <p><\/p>    <figure class=\"wp-block-image size-large\"><img loading=\"lazy\" decoding=\"async\" width=\"1024\" height=\"323\" src=\"https:\/\/shuliywoodmachine.com\/wp-content\/uploads\/2022\/07\/certificate-1024x323.jpg\" alt=\"certifikat\" class=\"wp-image-42\" title=\"\" srcset=\"https:\/\/shuliywoodmachine.com\/wp-content\/uploads\/2022\/07\/certificate-1024x323.jpg 1024w, https:\/\/shuliywoodmachine.com\/wp-content\/uploads\/2022\/07\/certificate-300x95.jpg 300w, https:\/\/shuliywoodmachine.com\/wp-content\/uploads\/2022\/07\/certificate-768x243.jpg 768w, https:\/\/shuliywoodmachine.com\/wp-content\/uploads\/2022\/07\/certificate-1536x485.jpg 1536w, https:\/\/shuliywoodmachine.com\/wp-content\/uploads\/2022\/07\/certificate.jpg 1900w\" sizes=\"auto, (max-width: 1024px) 100vw, 1024px\" \/><figcaption>Certifikat<\/figcaption><\/figure>    <h2 class=\"wp-block-heading\" id=\"h-customer-feedback\"><strong>KUND\u00c5TERKOMMELSE<\/strong><\/h2>    <p>Wateja wetu kutoka kote ulimwenguni walipokea mashine zetu za mbao, na kututumia maoni mazuri. Pia walieleza kuwa walitaka kushirikiana nasi (Shuliy Machinery) tena ikiwa na nafasi yoyote katika siku zijazo. <\/p>   <div class=\"wp-block-image\"> <figure class=\"aligncenter size-full\"><img loading=\"lazy\" decoding=\"async\" width=\"540\" height=\"540\" src=\"https:\/\/shuliywoodmachine.com\/wp-content\/uploads\/2022\/07\/customer-feedback.webp\" alt=\"kundfeedback\" class=\"wp-image-492\" title=\"\" srcset=\"https:\/\/shuliywoodmachine.com\/wp-content\/uploads\/2022\/07\/customer-feedback.webp 540w, https:\/\/shuliywoodmachine.com\/wp-content\/uploads\/2022\/07\/customer-feedback-150x150.webp 150w, https:\/\/shuliywoodmachine.com\/wp-content\/uploads\/2022\/07\/customer-feedback-300x300.webp 300w\" sizes=\"auto, (max-width: 540px) 100vw, 540px\" \/><figcaption>kundfeedback<\/figcaption><\/figure> <\/div>   <p><\/p>","protected":false},"excerpt":{"rendered":"<p>WHO ARE WE Shuliy Machinery is very famous in the wood machine industry and built for more than 20 years. Considering the \u201cbring the machine to every corner of the world\u201d&nbsp;as the principle, we are deeply expertised in this wood industry. Our products include: wood derbarker, saw mill, wood shaving machine, wood crusher, wood chipper, [&hellip;]<\/p>\n","protected":false},"author":1,"featured_media":22,"parent":0,"menu_order":0,"comment_status":"closed","ping_status":"closed","template":"","meta":{"footnotes":""},"class_list":["post-8","page","type-page","status-publish","has-post-thumbnail","hentry"],"_links":{"self":[{"href":"https:\/\/shuliywoodmachine.com\/sw\/wp-json\/wp\/v2\/pages\/8","targetHints":{"allow":["GET"]}}],"collection":[{"href":"https:\/\/shuliywoodmachine.com\/sw\/wp-json\/wp\/v2\/pages"}],"about":[{"href":"https:\/\/shuliywoodmachine.com\/sw\/wp-json\/wp\/v2\/types\/page"}],"author":[{"embeddable":true,"href":"https:\/\/shuliywoodmachine.com\/sw\/wp-json\/wp\/v2\/users\/1"}],"replies":[{"embeddable":true,"href":"https:\/\/shuliywoodmachine.com\/sw\/wp-json\/wp\/v2\/comments?post=8"}],"version-history":[{"count":0,"href":"https:\/\/shuliywoodmachine.com\/sw\/wp-json\/wp\/v2\/pages\/8\/revisions"}],"wp:featuredmedia":[{"embeddable":true,"href":"https:\/\/shuliywoodmachine.com\/sw\/wp-json\/wp\/v2\/media\/22"}],"wp:attachment":[{"href":"https:\/\/shuliywoodmachine.com\/sw\/wp-json\/wp\/v2\/media?parent=8"}],"curies":[{"name":"wp","href":"https:\/\/api.w.org\/{rel}","templated":true}]}}