{"id":11,"date":"2022-07-07T08:06:19","date_gmt":"2022-07-07T08:06:19","guid":{"rendered":"https:\/\/shuliywoodmachine.com\/?page_id=11"},"modified":"2022-07-18T09:11:44","modified_gmt":"2022-07-18T09:11:44","slug":"contact-us","status":"publish","type":"page","link":"https:\/\/shuliywoodmachine.com\/vi\/lien-he-chung-toi\/","title":{"rendered":"Li\u00ean h\u1ec7 ch\u00fang t\u00f4i"},"content":{"rendered":"<div class=\"wp-block-columns is-layout-flex wp-container-core-columns-is-layout-9d6595d7 wp-block-columns-is-layout-flex\"> <div class=\"wp-block-column is-layout-flow wp-block-column-is-layout-flow\"><\/div>    <div class=\"wp-block-column is-layout-flow wp-block-column-is-layout-flow\"> <h2 class=\"wp-block-heading\" id=\"h-shuliy-machinery-co-ltd\">C\u00f4ng ty TNHH M\u00e1y m\u00f3c Shuliy<\/h2>    <p>Email: info@shuliywoodmachine.com<\/p>    <p>WhatsApp\/\u0110i\u1ec7n tho\u1ea1i\/WeChat: +86 13673689272<\/p>    <p>\u0110\u1ecba ch\u1ec9: Qu\u1ea3ng tr\u01b0\u1eddng Zhengshang Jingkai, \u0111\u01b0\u1eddng East Hanghai, ETDZ, Zhengzhou, Henan, Trung Qu\u1ed1c<\/p> <\/div> <\/div>    <div class=\"wp-block-columns is-layout-flex wp-container-core-columns-is-layout-9d6595d7 wp-block-columns-is-layout-flex\"> <div class=\"wp-block-column is-layout-flow wp-block-column-is-layout-flow\"> <div class=\"wp-block-columns is-layout-flex wp-container-core-columns-is-layout-9d6595d7 wp-block-columns-is-layout-flex\"> <div class=\"wp-block-column is-layout-flow wp-block-column-is-layout-flow\"> <div class=\"wp-block-columns is-layout-flex wp-container-core-columns-is-layout-9d6595d7 wp-block-columns-is-layout-flex\"> <div class=\"wp-block-column is-layout-flow wp-block-column-is-layout-flow\" style=\"flex-basis:100%\"><div class=\"wp-block-image\"> <figure class=\"aligncenter size-full\"><img loading=\"lazy\" decoding=\"async\" width=\"90\" height=\"86\" src=\"https:\/\/shuliywoodmachine.com\/wp-content\/uploads\/2022\/07\/CE.png\" alt=\"\" class=\"wp-image-473\" title=\"\"><\/figure> <\/div>   <h2 class=\"wp-block-heading\" id=\"h-ce-certificate\"><strong>gi\u1ea5y ch\u1ee9ng nh\u1eadn CE<\/strong><\/h2>    <p>S\u1ea3n ph\u1ea9m c\u1ee7a ch\u00fang t\u00f4i c\u00f3 ch\u1ee9ng ch\u1ec9 CE. \u0110i\u1ec1u n\u00e0y th\u1ec3 hi\u1ec7n r\u00f5 r\u00e0ng m\u00e1y m\u00f3c c\u1ee7a ch\u00fang t\u00f4i c\u00f3 \u0111\u1ee7 s\u1ee9c m\u1ea1nh \u0111\u1ec3 c\u1ea1nh tranh tr\u00ean th\u1ecb tr\u01b0\u1eddng th\u1ebf gi\u1edbi.<\/p> <\/div> <\/div> <\/div>    <div class=\"wp-block-column is-layout-flow wp-block-column-is-layout-flow\"> <div class=\"wp-block-columns is-layout-flex wp-container-core-columns-is-layout-9d6595d7 wp-block-columns-is-layout-flex\"> <div class=\"wp-block-column is-layout-flow wp-block-column-is-layout-flow\" style=\"flex-basis:100%\"><div class=\"wp-block-image\"> <figure class=\"aligncenter size-full\"><img loading=\"lazy\" decoding=\"async\" width=\"90\" height=\"86\" src=\"https:\/\/shuliywoodmachine.com\/wp-content\/uploads\/2022\/07\/24h-service.png\" alt=\"\" class=\"wp-image-474\" title=\"\"><\/figure> <\/div>   <h2 class=\"wp-block-heading\"><strong>Th\u1eddi gian ph\u1ee5c v\u1ee5 24\/7<\/strong><\/h2>    <p>Ch\u00fang t\u00f4i cung c\u1ea5p d\u1ecbch v\u1ee5 tr\u1ef1c tuy\u1ebfn 24h v\u00e0 tr\u1ef1c tuy\u1ebfn 7 ng\u00e0y trong m\u1ed9t tu\u1ea7n. B\u1ea5t c\u1ee9 khi n\u00e0o b\u1ea1n \u0111\u1ebfn v\u1edbi ch\u00fang t\u00f4i, ch\u00fang t\u00f4i \u0111\u1ec1u c\u00f3 th\u1ec3 ph\u1ea3n h\u1ed3i r\u1ea5t s\u1edbm.<\/p> <\/div> <\/div> <\/div> <\/div> <\/div>    <div class=\"wp-block-column is-layout-flow wp-block-column-is-layout-flow\"> <div class=\"wp-block-columns is-layout-flex wp-container-core-columns-is-layout-9d6595d7 wp-block-columns-is-layout-flex\"> <div class=\"wp-block-column is-layout-flow wp-block-column-is-layout-flow\"> <div class=\"wp-block-columns is-layout-flex wp-container-core-columns-is-layout-9d6595d7 wp-block-columns-is-layout-flex\"> <div class=\"wp-block-column is-layout-flow wp-block-column-is-layout-flow\" style=\"flex-basis:100%\"><div class=\"wp-block-image\"> <figure class=\"aligncenter size-full\"><img loading=\"lazy\" decoding=\"async\" width=\"90\" height=\"86\" src=\"https:\/\/shuliywoodmachine.com\/wp-content\/uploads\/2022\/07\/HQ.png\" alt=\"\" class=\"wp-image-479\" title=\"\"><\/figure> <\/div>   <h2 class=\"wp-block-heading\"><strong>Ch\u1ea5t l\u01b0\u1ee3ng cao<\/strong><\/h2>    <p>Ch\u00fang t\u00f4i th\u1ef1c hi\u1ec7n m\u1ed9t b\u1ed9 h\u1ec7 th\u1ed1ng ki\u1ec3m so\u00e1t ch\u1ea5t l\u01b0\u1ee3ng nghi\u00eam ng\u1eb7t \u0111\u1ec3 gi\u00e1m s\u00e1t v\u00e0 \u0111\u1ea3m b\u1ea3o ch\u1ea5t l\u01b0\u1ee3ng m\u00e1y. Ch\u1eb3ng h\u1ea1n nh\u01b0, ch\u00fang t\u00f4i s\u1eed d\u1ee5ng nguy\u00ean li\u1ec7u th\u00f4 ch\u1ea5t l\u01b0\u1ee3ng cao \u0111\u1ec3 s\u1ea3n xu\u1ea5t m\u00e1y. Ngo\u00e0i ra, kh\u00e1ch h\u00e0ng c\u1ee7a ch\u00fang t\u00f4i h\u00e0i l\u00f2ng v\u1edbi m\u00e1y m\u00f3c c\u1ee7a ch\u00fang t\u00f4i.<\/p> <\/div> <\/div> <\/div>    <div class=\"wp-block-column is-layout-flow wp-block-column-is-layout-flow\"> <div class=\"wp-block-columns is-layout-flex wp-container-core-columns-is-layout-9d6595d7 wp-block-columns-is-layout-flex\"> <div class=\"wp-block-column is-layout-flow wp-block-column-is-layout-flow\" style=\"flex-basis:100%\"><div class=\"wp-block-image\"> <figure class=\"aligncenter size-full\"><img loading=\"lazy\" decoding=\"async\" width=\"90\" height=\"86\" src=\"https:\/\/shuliywoodmachine.com\/wp-content\/uploads\/2022\/07\/Tech.png\" alt=\"\" class=\"wp-image-480\" title=\"\"><\/figure> <\/div>   <h2 class=\"wp-block-heading\"><strong>H\u00f4 tr\u01a1\u0323 ky thu\u00e2\u0323t<\/strong><\/h2>    <p>H\u1ed7 tr\u1ee3 b\u1eb1ng video, h\u01b0\u1edbng d\u1eabn tr\u1ef1c tuy\u1ebfn, h\u01b0\u1edbng d\u1eabn s\u1eed d\u1ee5ng, v.v. H\u00e0ng lo\u1ea1t h\u1ed7 tr\u1ee3 tr\u1ef1c tuy\u1ebfn v\u00e0 ngo\u1ea1i tuy\u1ebfn \u0111\u01b0\u1ee3c \u0111\u00ednh k\u00e8m tr\u00ean m\u00e1y. Th\u1eadm ch\u00ed, k\u1ef9 thu\u1eadt vi\u00ean c\u1ee7a ch\u00fang t\u00f4i c\u00f3 th\u1ec3 truy c\u1eadp trang web c\u1ee7a b\u1ea1n \u0111\u1ec3 tr\u1ee3 gi\u00fap t\u00f9y theo t\u00ecnh hu\u1ed1ng.<\/p> <\/div> <\/div> <\/div> <\/div> <\/div> <\/div>","protected":false},"excerpt":{"rendered":"<p>Shuliy Machinery Co., Ltd Email: info@shuliywoodmachine.com WhatsApp\/Tel\/WeChat: +86 13673689272 Address: Zhengshang Jingkai Square, East Hanghai Road, ETDZ, Zhengzhou, Henan, China CE certificate Our products have CE certificates. This strongly expresses our machines have the great strength to compete in the world markets. 24\/7 service time We offer 24h online service and are online for 7 [&hellip;]<\/p>\n","protected":false},"author":1,"featured_media":0,"parent":0,"menu_order":0,"comment_status":"closed","ping_status":"closed","template":"","meta":{"footnotes":""},"class_list":["post-11","page","type-page","status-publish","hentry"],"_links":{"self":[{"href":"https:\/\/shuliywoodmachine.com\/vi\/wp-json\/wp\/v2\/pages\/11","targetHints":{"allow":["GET"]}}],"collection":[{"href":"https:\/\/shuliywoodmachine.com\/vi\/wp-json\/wp\/v2\/pages"}],"about":[{"href":"https:\/\/shuliywoodmachine.com\/vi\/wp-json\/wp\/v2\/types\/page"}],"author":[{"embeddable":true,"href":"https:\/\/shuliywoodmachine.com\/vi\/wp-json\/wp\/v2\/users\/1"}],"replies":[{"embeddable":true,"href":"https:\/\/shuliywoodmachine.com\/vi\/wp-json\/wp\/v2\/comments?post=11"}],"version-history":[{"count":0,"href":"https:\/\/shuliywoodmachine.com\/vi\/wp-json\/wp\/v2\/pages\/11\/revisions"}],"wp:attachment":[{"href":"https:\/\/shuliywoodmachine.com\/vi\/wp-json\/wp\/v2\/media?parent=11"}],"curies":[{"name":"wp","href":"https:\/\/api.w.org\/{rel}","templated":true}]}}