{"id":8,"date":"2022-07-07T08:06:07","date_gmt":"2022-07-07T08:06:07","guid":{"rendered":"https:\/\/shuliywoodmachine.com\/?page_id=8"},"modified":"2022-09-21T07:57:37","modified_gmt":"2022-09-21T07:57:37","slug":"about-us","status":"publish","type":"page","link":"https:\/\/shuliywoodmachine.com\/vi\/about-us\/","title":{"rendered":"V\u1ec1 ch\u00fang t\u00f4i"},"content":{"rendered":"<h2 class=\"wp-block-heading\"><strong><em>CH\u00daNG TA L\u00c0 AI<\/em><\/strong><\/h2>    <div class=\"wp-block-media-text alignwide is-stacked-on-mobile\"><figure class=\"wp-block-media-text__media\"><img loading=\"lazy\" decoding=\"async\" width=\"1024\" height=\"536\" src=\"https:\/\/shuliywoodmachine.com\/wp-content\/uploads\/2022\/07\/shuliy-machinery-1024x536.jpg\" alt=\"\" class=\"wp-image-22 size-full\" title=\"\" srcset=\"https:\/\/shuliywoodmachine.com\/wp-content\/uploads\/2022\/07\/shuliy-machinery-1024x536.jpg 1024w, https:\/\/shuliywoodmachine.com\/wp-content\/uploads\/2022\/07\/shuliy-machinery-300x157.jpg 300w, https:\/\/shuliywoodmachine.com\/wp-content\/uploads\/2022\/07\/shuliy-machinery-768x402.jpg 768w, https:\/\/shuliywoodmachine.com\/wp-content\/uploads\/2022\/07\/shuliy-machinery.jpg 1352w\" sizes=\"auto, (max-width: 1024px) 100vw, 1024px\" \/><\/figure><div class=\"wp-block-media-text__content\"> <p class=\"has-text-align-left\">Shuliy Machinery r\u1ea5t n\u1ed5i ti\u1ebfng trong ng\u00e0nh m\u00e1y g\u1ed7 v\u00e0 \u0111\u01b0\u1ee3c x\u00e2y d\u1ef1ng h\u01a1n 20 n\u0103m.<\/p>    <p class=\"translation-block\">L\u1ea5y nguy\u00ean t\u1eafc \u201cmang m\u00e1y m\u00f3c \u0111\u1ebfn m\u1ecdi n\u01a1i tr\u00ean th\u1ebf gi\u1edbi\u201d l\u00e0m kim ch\u1ec9 nam, ch\u00fang t\u00f4i c\u00f3 chuy\u00ean m\u00f4n s\u00e2u trong ng\u00e0nh g\u1ed7 n\u00e0y. S\u1ea3n ph\u1ea9m c\u1ee7a ch\u00fang t\u00f4i bao g\u1ed3m: <strong><em><a href=\"https:\/\/shuliywoodmachine.com\/vi\/products\/wood-debarker\/\" target=\"_blank\" rel=\"noreferrer noopener\">m\u00e1y b\u00f3c v\u1ecf g\u1ed7<\/a><\/em><\/strong>, <strong><em><a href=\"https:\/\/shuliywoodmachine.com\/vi\/products\/saw-mill\/\" target=\"_blank\" rel=\"noreferrer noopener\">m\u00e1y c\u01b0a g\u1ed7<\/a><\/em><\/strong>, <strong><em><a href=\"https:\/\/shuliywoodmachine.com\/vi\/product\/may-cao-go\/\" target=\"_blank\" rel=\"noreferrer noopener\">m\u00e1y b\u00e0o g\u1ed7<\/a><\/em><\/strong>, <strong><em><a href=\"https:\/\/shuliywoodmachine.com\/vi\/products\/wood-crusher\/\" target=\"_blank\" rel=\"noreferrer noopener\">m\u00e1y nghi\u1ec1n g\u1ed7<\/a><\/em><\/strong>, <a href=\"https:\/\/shuliywoodmachine.com\/vi\/products\/wood-chipper\/\" target=\"_blank\" rel=\"noreferrer noopener\">m<strong><em>\u00e1y b\u0103m g\u1ed7<\/em><\/strong><\/a>, v.v. Ch\u00fang \u0111\u01b0\u1ee3c bi\u1ebft \u0111\u1ebfn tr\u00ean to\u00e0n th\u1ebf gi\u1edbi nh\u1edd ch\u1ea5t l\u01b0\u1ee3ng tuy\u1ec7t h\u1ea3o, ch\u1ee9c n\u0103ng m\u1ea1nh m\u1ebd v\u00e0 kh\u1ea3 n\u0103ng th\u00edch \u1ee9ng cao.<\/p>    <p><\/p> <\/div><\/div>    <div class=\"wp-block-media-text alignwide has-media-on-the-right is-stacked-on-mobile\"><figure class=\"wp-block-media-text__media\"><img loading=\"lazy\" decoding=\"async\" width=\"1024\" height=\"486\" src=\"https:\/\/shuliywoodmachine.com\/wp-content\/uploads\/2022\/07\/global-market.webp\" alt=\"th\u1ecb tr\u01b0\u1eddng to\u00e0n c\u1ea7u\" class=\"wp-image-608 size-full\" title=\"\" srcset=\"https:\/\/shuliywoodmachine.com\/wp-content\/uploads\/2022\/07\/global-market.webp 1024w, https:\/\/shuliywoodmachine.com\/wp-content\/uploads\/2022\/07\/global-market-300x142.webp 300w, https:\/\/shuliywoodmachine.com\/wp-content\/uploads\/2022\/07\/global-market-768x365.webp 768w\" sizes=\"auto, (max-width: 1024px) 100vw, 1024px\" \/><\/figure><div class=\"wp-block-media-text__content\"> <p class=\"translation-block\">M\u00e1y m\u00f3c g\u1ed7 c\u1ee7a ch\u00fang t\u00f4i \u0111\u01b0\u1ee3c xu\u1ea5t kh\u1ea9u \u0111\u1ebfn h\u01a1n 100 qu\u1ed1c gia. V\u00ec g\u1ed7 c\u00f3 s\u1eb5n tr\u00ean to\u00e0n th\u1ebf gi\u1edbi, nh\u1eefng ng\u01b0\u1eddi l\u00e0m trong l\u0129nh v\u1ef1c g\u1ed7 l\u00e0 kh\u00e1ch h\u00e0ng ti\u1ec1m n\u0103ng c\u1ee7a ch\u00fang t\u00f4i. Hi\u1ec7n t\u1ea1i, m\u00e1y m\u00f3c g\u1ed7 c\u1ee7a ch\u00fang t\u00f4i \u0111\u00e3 \u0111\u01b0\u1ee3c b\u00e1n cho <strong>M\u1ef9, c\u00e1c n\u01b0\u1edbc Ch\u00e2u \u00c2u, Nam Phi, \u00dac, Malaysia, Bhutan, Ukraine, UAE, Botswana, Slovakia, Rome, Philippines, Canada, Turkmenistan, \u1ea2 R\u1eadp X\u00ea \u00dat, <\/strong>v\u00e0 c\u00e1c n\u01b0\u1edbc kh\u00e1c.<\/p> <\/div><\/div>    <p><\/p>    <h2 class=\"wp-block-heading\"><strong><em>T\u1ea0I SAO CH\u1eccN CH\u00daNG T\u00d4I<\/em><\/strong><\/h2>    <div class=\"wp-block-media-text alignwide has-media-on-the-right is-stacked-on-mobile\"><figure class=\"wp-block-media-text__media\"><img loading=\"lazy\" decoding=\"async\" width=\"548\" height=\"513\" src=\"https:\/\/shuliywoodmachine.com\/wp-content\/uploads\/2022\/07\/our-advanatges.jpg\" alt=\"\" class=\"wp-image-38 size-full\" title=\"\" srcset=\"https:\/\/shuliywoodmachine.com\/wp-content\/uploads\/2022\/07\/our-advanatges.jpg 548w, https:\/\/shuliywoodmachine.com\/wp-content\/uploads\/2022\/07\/our-advanatges-300x281.jpg 300w\" sizes=\"auto, (max-width: 548px) 100vw, 548px\" \/><\/figure><div class=\"wp-block-media-text__content\"> <blockquote class=\"wp-block-quote is-layout-flow wp-block-quote-is-layout-flow\"><p class=\"translation-block\"><strong>Ki\u1ebfn th\u1ee9c xu\u1ea5t s\u1eafc &amp; chuy\u00ean nghi\u1ec7p<\/strong>. Qu\u1ea3n l\u00fd b\u00e1n h\u00e0ng c\u1ee7a ch\u00fang t\u00f4i c\u00f3 ki\u1ebfn th\u1ee9c phong ph\u00fa v\u00e0 \u0111\u1ea7y \u0111\u1ee7 \u0111\u1ec3 cung c\u1ea5p gi\u1ea3i ph\u00e1p ho\u00e0n h\u1ea3o tu\u00e2n th\u1ee7 c\u00e1c y\u00eau c\u1ea7u c\u1ee7a b\u1ea1n.<\/p><p><\/p><p class=\"translation-block\"><strong>Ch\u1ea5t l\u01b0\u1ee3ng v\u01b0\u1ee3t tr\u1ed9i<\/strong>. \u0110\u1ed1i v\u1edbi b\u1ea3n th\u00e2n m\u00e1y, n\u00f3 c\u00f3 ch\u1ea5t l\u01b0\u1ee3ng \u0111\u1ed9c \u0111\u00e1o nh\u1edd h\u1ec7 th\u1ed1ng ki\u1ec3m so\u00e1t ch\u1ea5t l\u01b0\u1ee3ng nghi\u00eam ng\u1eb7t c\u1ee7a ch\u00fang t\u00f4i. N\u00f3i c\u00e1ch kh\u00e1c, ch\u00fang t\u00f4i cung c\u1ea5p m\u1ed9t chi\u1ebfc m\u00e1y ch\u1ea5t l\u01b0\u1ee3ng t\u1ed1t \u0111\u1ec3 t\u1ea1o \u0111i\u1ec1u ki\u1ec7n thu\u1eadn l\u1ee3i cho ho\u1ea1t \u0111\u1ed9ng kinh doanh c\u1ee7a b\u1ea1n.<\/p><p><\/p><p class=\"translation-block\"><strong>D\u1ecbch v\u1ee5 h\u1eadu m\u00e3i chu \u0111\u00e1o<\/strong>. Sau khi b\u00e1n m\u00e1y, d\u1ecbch v\u1ee5 h\u1eadu m\u00e3i c\u0169ng r\u1ea5t quan tr\u1ecdng. Kh\u00f4ng th\u1ec3 tr\u00e1nh kh\u1ecfi, s\u1ebd c\u00f3 nhi\u1ec1u v\u1ea5n \u0111\u1ec1 ho\u1eb7c \u00edt v\u1ea5n \u0111\u1ec1 trong qu\u00e1 tr\u00ecnh s\u1eed d\u1ee5ng m\u00e1y. Nh\u00e2n vi\u00ean c\u1ee7a ch\u00fang t\u00f4i s\u1ebd c\u00f3 th\u1ec3 tr\u1ea3 l\u1eddi c\u00e2u h\u1ecfi c\u1ee7a b\u1ea1n t\u1eeb g\u00f3c \u0111\u1ed9 chuy\u00ean m\u00f4n v\u00e0 c\u00f3 k\u1ef9 n\u0103ng.<\/p><\/blockquote> <\/div><\/div>    <h2 class=\"has-text-align-left wp-block-heading\" id=\"h-honor\"><strong><em>T\u00d4N K\u00cdNH<\/em><\/strong><\/h2>    <p>Shuliy M\u00e1y m\u00f3c ph\u1ed5 bi\u1ebfn trong v\u00e0 ngo\u00e0i n\u01b0\u1edbc, \u0111\u01b0\u1ee3c c\u1ea5p nhi\u1ec1u ch\u1ee9ng ch\u1ec9. V\u00ed d\u1ee5: \u00a0\u00a0\u0111\u01b0\u1ee3c li\u1ec7t k\u00ea nh\u01b0 d\u01b0\u1edbi \u0111\u00e2y:<\/p>    <p><\/p>    <figure class=\"wp-block-image size-large\"><img loading=\"lazy\" decoding=\"async\" width=\"1024\" height=\"323\" src=\"https:\/\/shuliywoodmachine.com\/wp-content\/uploads\/2022\/07\/certificate-1024x323.jpg\" alt=\"gi\u1ea5y ch\u1ee9ng nh\u1eadn\" class=\"wp-image-42\" title=\"\" srcset=\"https:\/\/shuliywoodmachine.com\/wp-content\/uploads\/2022\/07\/certificate-1024x323.jpg 1024w, https:\/\/shuliywoodmachine.com\/wp-content\/uploads\/2022\/07\/certificate-300x95.jpg 300w, https:\/\/shuliywoodmachine.com\/wp-content\/uploads\/2022\/07\/certificate-768x243.jpg 768w, https:\/\/shuliywoodmachine.com\/wp-content\/uploads\/2022\/07\/certificate-1536x485.jpg 1536w, https:\/\/shuliywoodmachine.com\/wp-content\/uploads\/2022\/07\/certificate.jpg 1900w\" sizes=\"auto, (max-width: 1024px) 100vw, 1024px\" \/><figcaption>Gi\u1ea5y ch\u1ee9ng nh\u1eadn<\/figcaption><\/figure>    <h2 class=\"wp-block-heading\" id=\"h-customer-feedback\"><strong>PH\u1ea2N H\u1ed2I C\u1ee6A KH\u00c1CH H\u00c0NG<\/strong><\/h2>    <p>Kh\u00e1ch h\u00e0ng t\u1eeb kh\u1eafp n\u01a1i tr\u00ean th\u1ebf gi\u1edbi \u0111\u00e3 nh\u1eadn \u0111\u01b0\u1ee3c m\u00e1y g\u1ed7 c\u1ee7a ch\u00fang t\u00f4i v\u00e0 g\u1eedi l\u1ea1i nh\u1eefng \u0111\u00e1nh gi\u00e1 t\u1ed1t cho ch\u00fang t\u00f4i. V\u00e0 h\u1ecd c\u0169ng b\u00e0y t\u1ecf r\u1eb1ng h\u1ecd mu\u1ed1n h\u1ee3p t\u00e1c l\u1ea1i v\u1edbi ch\u00fang t\u00f4i (Shuliy Machinery) n\u1ebfu c\u00f3 c\u01a1 h\u1ed9i trong t\u01b0\u01a1ng lai. <\/p>   <div class=\"wp-block-image\"> <figure class=\"aligncenter size-full\"><img loading=\"lazy\" decoding=\"async\" width=\"540\" height=\"540\" src=\"https:\/\/shuliywoodmachine.com\/wp-content\/uploads\/2022\/07\/customer-feedback.webp\" alt=\"Ph\u1ea3n h\u1ed3i c\u1ee7a kh\u00e1ch h\u00e0ng\" class=\"wp-image-492\" title=\"\" srcset=\"https:\/\/shuliywoodmachine.com\/wp-content\/uploads\/2022\/07\/customer-feedback.webp 540w, https:\/\/shuliywoodmachine.com\/wp-content\/uploads\/2022\/07\/customer-feedback-150x150.webp 150w, https:\/\/shuliywoodmachine.com\/wp-content\/uploads\/2022\/07\/customer-feedback-300x300.webp 300w\" sizes=\"auto, (max-width: 540px) 100vw, 540px\" \/><figcaption>Ph\u1ea3n h\u1ed3i c\u1ee7a kh\u00e1ch h\u00e0ng<\/figcaption><\/figure> <\/div>   <p><\/p>","protected":false},"excerpt":{"rendered":"<p>WHO ARE WE Shuliy Machinery is very famous in the wood machine industry and built for more than 20 years. Considering the \u201cbring the machine to every corner of the world\u201d&nbsp;as the principle, we are deeply expertised in this wood industry. Our products include: wood derbarker, saw mill, wood shaving machine, wood crusher, wood chipper, [&hellip;]<\/p>\n","protected":false},"author":1,"featured_media":22,"parent":0,"menu_order":0,"comment_status":"closed","ping_status":"closed","template":"","meta":{"footnotes":""},"class_list":["post-8","page","type-page","status-publish","has-post-thumbnail","hentry"],"_links":{"self":[{"href":"https:\/\/shuliywoodmachine.com\/vi\/wp-json\/wp\/v2\/pages\/8","targetHints":{"allow":["GET"]}}],"collection":[{"href":"https:\/\/shuliywoodmachine.com\/vi\/wp-json\/wp\/v2\/pages"}],"about":[{"href":"https:\/\/shuliywoodmachine.com\/vi\/wp-json\/wp\/v2\/types\/page"}],"author":[{"embeddable":true,"href":"https:\/\/shuliywoodmachine.com\/vi\/wp-json\/wp\/v2\/users\/1"}],"replies":[{"embeddable":true,"href":"https:\/\/shuliywoodmachine.com\/vi\/wp-json\/wp\/v2\/comments?post=8"}],"version-history":[{"count":0,"href":"https:\/\/shuliywoodmachine.com\/vi\/wp-json\/wp\/v2\/pages\/8\/revisions"}],"wp:featuredmedia":[{"embeddable":true,"href":"https:\/\/shuliywoodmachine.com\/vi\/wp-json\/wp\/v2\/media\/22"}],"wp:attachment":[{"href":"https:\/\/shuliywoodmachine.com\/vi\/wp-json\/wp\/v2\/media?parent=8"}],"curies":[{"name":"wp","href":"https:\/\/api.w.org\/{rel}","templated":true}]}}