{"id":1078,"date":"2022-11-17T14:59:24","date_gmt":"2022-11-17T06:59:24","guid":{"rendered":"https:\/\/shuliywoodmachine.com\/?post_type=product&#038;p=1078"},"modified":"2022-11-28T17:30:34","modified_gmt":"2022-11-28T09:30:34","slug":"biomass-pellet-making-machine","status":"publish","type":"product","link":"https:\/\/shuliywoodmachine.com\/vi\/product\/may-lam-vien-sinh-khoi\/","title":{"rendered":"M\u00e1y l\u00e0m vi\u00ean sinh kh\u1ed1i"},"content":{"rendered":"<h2 class=\"wp-block-heading\"><strong>Nguy\u00ean l\u00fd l\u00e0m vi\u1ec7c c\u1ee7a m\u00e1y t\u1ea1o vi\u00ean sinh kh\u1ed1i<\/strong><\/h2>    <div class=\"wp-block-media-text alignwide is-stacked-on-mobile\"><figure class=\"wp-block-media-text__media\"><img loading=\"lazy\" decoding=\"async\" width=\"720\" height=\"540\" src=\"https:\/\/shuliywoodmachine.com\/wp-content\/uploads\/2022\/11\/core-part-of-biomass-pellet-machine.webp\" alt=\"l\u00f5i-b\u1ed9 ph\u1eadn-c\u1ee7a-sinh kh\u1ed1i-vi\u00ean-m\u00e1y\" class=\"wp-image-1100 size-full\" title=\"\" srcset=\"https:\/\/shuliywoodmachine.com\/wp-content\/uploads\/2022\/11\/core-part-of-biomass-pellet-machine.webp 720w, https:\/\/shuliywoodmachine.com\/wp-content\/uploads\/2022\/11\/core-part-of-biomass-pellet-machine-300x225.webp 300w\" sizes=\"auto, (max-width: 720px) 100vw, 720px\" \/><\/figure><div class=\"wp-block-media-text__content\"> <p>M\u00e1y \u00e9p vi\u00ean g\u1ed7 t\u1ea1o ra vi\u00ean sinh kh\u1ed1i ch\u1ea5t l\u01b0\u1ee3ng cao t\u00f9y thu\u1ed9c v\u00e0o con l\u0103n \u00e9p v\u00e0 khu\u00f4n. Ma s\u00e1t v\u00e0 \u00e1p su\u1ea5t gi\u1eefa c\u00e1c b\u1ed9 ph\u1eadn n\u00e0y c\u00f3 th\u1ec3 l\u00e0m cho nhi\u1ec7t \u0111\u1ed9 t\u0103ng cao, sau \u0111\u00f3 nguy\u00ean li\u1ec7u th\u00f4 (n\u00f3i chung l\u00e0 b\u1ed9t) \u0111\u01b0\u1ee3c t\u1ea1o th\u00e0nh d\u1ea1ng vi\u00ean.  <\/p>    <p>Sau \u0111\u00f3, c\u00e1c s\u1ea3n ph\u1ea9m (vi\u00ean) s\u1ebd tho\u00e1t ra kh\u1ecfi l\u1ed7 khu\u00f4n v\u00e0 c\u0169ng d\u01b0\u1edbi ch\u1ee9c n\u0103ng \u00e9p \u0111\u00f9n, t\u1ea1o th\u00e0nh h\u00ecnh tr\u1ee5. <\/p>    <p>Cu\u1ed1i c\u00f9ng, s\u1ea3n ph\u1ea9m s\u1ebd \u0111\u01b0\u1ee3c l\u01b0\u1ee1i dao c\u1eaft theo chi\u1ec1u d\u00e0i d\u1ef1 ki\u1ebfn, sau \u0111\u00f3 th\u1ea3i ra ngo\u00e0i qua \u1ed5 c\u1eafm. <\/p> <\/div><\/div>    <h2 class=\"wp-block-heading\"><strong>\u01afu \u0111i\u1ec3m c\u1ee7a m\u00e1y t\u1ea1o vi\u00ean sinh kh\u1ed1i<\/strong><\/h2>    <ol class=\"wp-block-list\"> <li>C\u00f3 th\u1ec3 s\u1eed d\u1ee5ng hai thi\u1ebft b\u1ecb \u0111i\u1ec7n. Lo\u1ea1i m\u00e1y t\u1ea1o vi\u00ean sinh kh\u1ed1i n\u00e0y c\u00f3 th\u1ec3 s\u1eed d\u1ee5ng \u0111\u1ed9ng c\u01a1 \u0111i\u1ec7n ho\u1eb7c \u0111\u1ed9ng c\u01a1 diesel l\u00e0m ngu\u1ed3n n\u0103ng l\u01b0\u1ee3ng \u0111\u1ec3 h\u1ed7 tr\u1ee3 ho\u1ea1t \u0111\u1ed9ng c\u1ee7a m\u00e1y.<\/li>    <li>C\u1ea5u tr\u00fac d\u1ec5 d\u00e0ng, t\u1ea1o h\u1ea1t thu\u1eadn ti\u1ec7n, r\u1ea5t ph\u00f9 h\u1ee3p cho kh\u00e1ch h\u00e0ng c\u00f3 nhu c\u1ea7u s\u1ea3n xu\u1ea5t vi\u00ean n\u00e9n g\u1ed7.<\/li>    <li>Kh\u1ea3 n\u0103ng th\u00edch \u1ee9ng r\u1ed9ng, di\u1ec7n t\u00edch s\u00e0n nh\u1ecf, \u0111\u1ed9 \u1ed3n th\u1ea5p v\u00e0 ho\u1ea1t \u0111\u1ed9ng \u1ed5n \u0111\u1ecbnh.<\/li>    <li>Vi\u00ean g\u1ed7 sinh kh\u1ed1i \u0111\u01b0\u1ee3c s\u1ea3n xu\u1ea5t b\u1eb1ng m\u00e1y t\u1ea1o vi\u00ean sinh kh\u1ed1i n\u00e0y c\u00f3 \u1ee9ng d\u1ee5ng m\u1ea1nh m\u1ebd, \u0111\u1ec3 s\u01b0\u1edfi \u1ea5m gia \u0111\u00ecnh, s\u1eed d\u1ee5ng trong c\u00f4ng nghi\u1ec7p v\u00e0 c\u0169ng l\u00e0m nhi\u00ean li\u1ec7u cho nh\u00e0 m\u00e1y \u0111i\u1ec7n.<\/li> <\/ol>   <div class=\"wp-block-image\"> <figure class=\"aligncenter size-full\"><img loading=\"lazy\" decoding=\"async\" width=\"720\" height=\"350\" src=\"https:\/\/shuliywoodmachine.com\/wp-content\/uploads\/2022\/11\/sawdust-pellet-machine-in-stock.webp\" alt=\"m\u00e1y \u00e9p vi\u00ean m\u00f9n c\u01b0a c\u00f2n h\u00e0ng\" class=\"wp-image-1113\" title=\"\" srcset=\"https:\/\/shuliywoodmachine.com\/wp-content\/uploads\/2022\/11\/sawdust-pellet-machine-in-stock.webp 720w, https:\/\/shuliywoodmachine.com\/wp-content\/uploads\/2022\/11\/sawdust-pellet-machine-in-stock-300x146.webp 300w\" sizes=\"auto, (max-width: 720px) 100vw, 720px\" \/><figcaption class=\"wp-element-caption\">m\u00e1y \u00e9p vi\u00ean m\u00f9n c\u01b0a c\u00f2n h\u00e0ng<\/figcaption><\/figure> <\/div>   <h2 class=\"wp-block-heading\"><strong>L\u00e0m th\u1ebf n\u00e0o \u0111\u1ec3 b\u1eaft \u0111\u1ea7u m\u1ed9t d\u00e2y chuy\u1ec1n s\u1ea3n xu\u1ea5t vi\u00ean sinh kh\u1ed1i?<\/strong><\/h2>    <p class=\"translation-block\"> L\u00e0 <a href=\"https:\/\/shuliywoodmachine.com\/vi\/\" target=\"_blank\" rel=\"noreferrer noopener\">nh\u00e0 s\u1ea3n xu\u1ea5t &amp; cung c\u1ea5p m\u00e1y ch\u1ebf bi\u1ebfn g\u1ed7 chuy\u00ean nghi\u1ec7p<\/a>, ch\u00fang t\u00f4i kh\u00f4ng ch\u1ec9 c\u00f3 m\u00e1y s\u1ea3n xu\u1ea5t vi\u00ean n\u00e9n g\u1ed7, m\u00e0 c\u00f2n c\u00f3 m\u00e1y b\u0103m g\u1ed7, m\u00e1y nghi\u1ec1n g\u1ed7, <a href=\"https:\/\/shuliywoodmachine.com\/vi\/product\/may-cao-go\/\" target=\"_blank\" rel=\"noreferrer noopener\">m\u00e1y b\u00e0o g\u1ed7<\/a>, m\u00e1y l\u00e0m kh\u1ed1i g\u1ed7, v.v. Ch\u1eafc ch\u1eafn, t\u1ea1i Shuliy machinery, b\u1ea1n c\u00f3 th\u1ec3 trang b\u1ecb t\u1ea5t c\u1ea3 c\u00e1c lo\u1ea1i m\u00e1y m\u00f3c v\u00e0 thi\u1ebft b\u1ecb ph\u1ee5 tr\u1ee3 m\u00e0 b\u1ea1n mu\u1ed1n. \u0110\u1ed1i v\u1edbi d\u00e2y chuy\u1ec1n s\u1ea3n xu\u1ea5t vi\u00ean n\u00e9n g\u1ed7 n\u00e0y, n\u1ebfu b\u1ea1n mu\u1ed1n c\u1ea3i thi\u1ec7n t\u1ed1i \u0111a hi\u1ec7u qu\u1ea3 l\u00e0m vi\u1ec7c, ch\u00fang t\u00f4i c\u00f3 th\u1ec3 t\u01b0 v\u1ea5n m\u1ed9t d\u00e2y chuy\u1ec1n s\u1ea3n xu\u1ea5t c\u00f3 t\u00ednh th\u1ef1c t\u1ebf cao. N\u00f3 bao g\u1ed3m b\u0103ng t\u1ea3i, m\u00e1y tr\u1ed9n, b\u1ec3 ch\u1ee9a, v.v.<\/p>   <div class=\"wp-block-image\"> <figure class=\"aligncenter size-full\"><img loading=\"lazy\" decoding=\"async\" width=\"720\" height=\"540\" src=\"https:\/\/shuliywoodmachine.com\/wp-content\/uploads\/2022\/11\/wood-pellet-production-line.webp\" alt=\"d\u00e2y chuy\u1ec1n s\u1ea3n xu\u1ea5t vi\u00ean g\u1ed7\" class=\"wp-image-1101\" title=\"\" srcset=\"https:\/\/shuliywoodmachine.com\/wp-content\/uploads\/2022\/11\/wood-pellet-production-line.webp 720w, https:\/\/shuliywoodmachine.com\/wp-content\/uploads\/2022\/11\/wood-pellet-production-line-300x225.webp 300w\" sizes=\"auto, (max-width: 720px) 100vw, 720px\" \/><figcaption class=\"wp-element-caption\">d\u00e2y chuy\u1ec1n s\u1ea3n xu\u1ea5t vi\u00ean g\u1ed7<\/figcaption><\/figure> <\/div>   <h2 class=\"wp-block-heading\"><strong>Tri\u1ec3n v\u1ecdng t\u01b0\u01a1i s\u00e1ng c\u1ee7a <a href=\"https:\/\/en.wikipedia.org\/wiki\/Pellet_fuel\" target=\"_blank\" rel=\"noreferrer noopener\">vi\u00ean g\u1ed7 sinh kh\u1ed1i<\/a><\/strong><\/h2>    <ol class=\"wp-block-list\"> <li>L\u00e0 ch\u1ee7 \u0111\u1ec1 n\u00f3ng v\u1ec1 n\u0103ng l\u01b0\u1ee3ng sinh h\u1ecdc tr\u00ean th\u1ebf gi\u1edbi, n\u00f3 \u0111\u00e3 ph\u00e1t tri\u1ec3n th\u00e0nh m\u1ed9t xu h\u01b0\u1edbng. V\u00e0 vi\u00ean sinh kh\u1ed1i r\u1ea5t d\u1ec5 s\u1ea3n xu\u1ea5t v\u00e0 s\u1eed d\u1ee5ng v\u1edbi s\u1ed1 l\u01b0\u1ee3ng l\u1edbn. Ngo\u00e0i ra, n\u00f3 r\u1ea5t thu\u1eadn ti\u1ec7n \u0111\u1ec3 s\u1eed d\u1ee5ng.<\/li>    <li>So v\u1edbi nhi\u00ean li\u1ec7u truy\u1ec1n th\u1ed1ng, vi\u00ean g\u1ed7 sinh kh\u1ed1i l\u00e0 lo\u1ea1i sinh kh\u1ed1i m\u1edbi, r\u1ea5t kinh t\u1ebf v\u00e0 mang l\u1ea1i l\u1ee3i \u00edch v\u1ec1 m\u00f4i tr\u01b0\u1eddng, ho\u00e0n to\u00e0n ph\u00f9 h\u1ee3p v\u1edbi y\u00eau c\u1ea7u ph\u00e1t tri\u1ec3n b\u1ec1n v\u1eefng.<\/li>    <li>Vi\u00ean sinh kh\u1ed1i c\u00f3 \u01b0u \u0111i\u1ec3m l\u00e0 hi\u1ec7u su\u1ea5t \u0111\u1ed1t cao, d\u1ec5 ch\u00e1y v\u00e0 \u00edt c\u1eb7n cacbon h\u01a1n so v\u1edbi than.<\/li>    <li>H\u00e0m l\u01b0\u1ee3ng c\u00e1c th\u00e0nh ph\u1ea7n kh\u00ed \u0111\u1ed9c h\u1ea1i th\u1ea5p, ph\u00e1t th\u1ea3i \u00edt kh\u00ed \u0111\u1ed9c h\u1ea1i h\u01a1n, c\u00f3 l\u1ee3i cho m\u00f4i tr\u01b0\u1eddng.<\/li>    <li>Vi\u00ean n\u00e9n g\u1ed7 c\u0169ng c\u00f3 th\u1ec3 d\u00f9ng l\u00e0m th\u1ee9c \u0103n ch\u0103n nu\u00f4i cho d\u00ea, g\u00e0, th\u1ecf, l\u1ee3n, v.v. <\/li> <\/ol>   <div class=\"wp-block-image\"> <figure class=\"aligncenter size-full\"><img loading=\"lazy\" decoding=\"async\" width=\"720\" height=\"540\" src=\"https:\/\/shuliywoodmachine.com\/wp-content\/uploads\/2022\/11\/biomass-wood-pellets.webp\" alt=\"vi\u00ean g\u1ed7 sinh kh\u1ed1i\" class=\"wp-image-1104\" title=\"\" srcset=\"https:\/\/shuliywoodmachine.com\/wp-content\/uploads\/2022\/11\/biomass-wood-pellets.webp 720w, https:\/\/shuliywoodmachine.com\/wp-content\/uploads\/2022\/11\/biomass-wood-pellets-300x225.webp 300w\" sizes=\"auto, (max-width: 720px) 100vw, 720px\" \/><figcaption class=\"wp-element-caption\">vi\u00ean g\u1ed7 sinh kh\u1ed1i<\/figcaption><\/figure> <\/div>   <p>V\u00ec v\u1eady, vi\u00ean g\u1ed7 sinh kh\u1ed1i c\u00f3 tri\u1ec3n v\u1ecdng r\u1ea5t r\u1ed9ng. N\u1ebfu b\u1ea1n mu\u1ed1n \u0111\u1ea7u t\u01b0 v\u00e0o l\u0129nh v\u1ef1c kinh doanh n\u00e0y th\u00ec \u0111\u00f3 l\u00e0 m\u1ed9t kh\u1edfi \u0111\u1ea7u t\u1ed1t cho b\u1ea1n. B\u1ea1n c\u00f3 th\u1ec3 cho ng\u01b0\u1eddi qu\u1ea3n l\u00fd b\u00e1n h\u00e0ng c\u1ee7a ch\u00fang t\u00f4i bi\u1ebft y\u00eau c\u1ea7u c\u1ee7a b\u1ea1n v\u00e0 ng\u01b0\u1eddi qu\u1ea3n l\u00fd b\u00e1n h\u00e0ng chuy\u00ean nghi\u1ec7p c\u1ee7a ch\u00fang t\u00f4i s\u1ebd cung c\u1ea5p l\u1eddi khuy\u00ean chuy\u00ean m\u00f4n \u0111\u1ec3 t\u1ea1o \u0111i\u1ec1u ki\u1ec7n thu\u1eadn l\u1ee3i cho doanh nghi\u1ec7p c\u1ee7a b\u1ea1n. <\/p>    <h2 class=\"wp-block-heading\"><strong>M\u00e1y l\u00e0m vi\u00ean sinh kh\u1ed1i \u0111\u1ec3 b\u00e1n tr\u01b0ng b\u00e0y<\/strong><\/h2>    <p>M\u00e1y \u00e9p vi\u00ean sinh kh\u1ed1i Shuliy c\u00f3 ch\u1ea5t l\u01b0\u1ee3ng t\u1ed1t v\u00e0 gi\u00e1 th\u00e0nh r\u1ebb. N\u00f3 l\u00e0 m\u1ed9t m\u00e1y hi\u1ec7u qu\u1ea3 v\u1ec1 chi ph\u00ed. Ngo\u00e0i ra, m\u00e1y l\u00e0m vi\u00ean g\u1ed7 sinh kh\u1ed1i c\u1ee7a ch\u00fang t\u00f4i kh\u00f4ng ng\u1eebng n\u00e2ng c\u1ea5p, b\u1eaft k\u1ecbp nhu c\u1ea7u ph\u00e1t tri\u1ec3n c\u1ee7a th\u1ecb tr\u01b0\u1eddng, b\u00e1n m\u00e1y ch\u1ea5t l\u01b0\u1ee3ng cao cho kh\u00e1ch h\u00e0ng v\u00e0 \u0111\u00f3ng g\u00f3p cho ho\u1ea1t \u0111\u1ed9ng kinh doanh c\u1ee7a kh\u00e1ch h\u00e0ng.<\/p>    <figure class=\"wp-block-gallery aligncenter has-nested-images columns-default is-cropped wp-block-gallery-2 is-layout-flex wp-block-gallery-is-layout-flex\"> <figure class=\"wp-block-image size-large\"><img loading=\"lazy\" decoding=\"async\" width=\"540\" height=\"720\" data-id=\"1118\" src=\"https:\/\/shuliywoodmachine.com\/wp-content\/uploads\/2022\/11\/biomass-pellets-making-machine.webp\" alt=\"m\u00e1y t\u1ea1o vi\u00ean sinh kh\u1ed1i\" class=\"wp-image-1118\" title=\"\" srcset=\"https:\/\/shuliywoodmachine.com\/wp-content\/uploads\/2022\/11\/biomass-pellets-making-machine.webp 540w, https:\/\/shuliywoodmachine.com\/wp-content\/uploads\/2022\/11\/biomass-pellets-making-machine-225x300.webp 225w\" sizes=\"auto, (max-width: 540px) 100vw, 540px\" \/><figcaption class=\"wp-element-caption\">M\u00e1y l\u00e0m vi\u00ean sinh kh\u1ed1i<\/figcaption><\/figure>    <figure class=\"wp-block-image size-large\"><img loading=\"lazy\" decoding=\"async\" width=\"540\" height=\"720\" data-id=\"1119\" src=\"https:\/\/shuliywoodmachine.com\/wp-content\/uploads\/2022\/11\/wood-pellets-making-machine.webp\" alt=\"m\u00e1y l\u00e0m vi\u00ean g\u1ed7\" class=\"wp-image-1119\" title=\"\" srcset=\"https:\/\/shuliywoodmachine.com\/wp-content\/uploads\/2022\/11\/wood-pellets-making-machine.webp 540w, https:\/\/shuliywoodmachine.com\/wp-content\/uploads\/2022\/11\/wood-pellets-making-machine-225x300.webp 225w\" sizes=\"auto, (max-width: 540px) 100vw, 540px\" \/><figcaption class=\"wp-element-caption\">M\u00e1y l\u00e0m vi\u00ean g\u1ed7<\/figcaption><\/figure> <\/figure>    <h2 class=\"wp-block-heading\"><strong>C\u00e1c tr\u01b0\u1eddng h\u1ee3p th\u00e0nh c\u00f4ng c\u1ee7a m\u00e1y \u00e9p vi\u00ean sinh kh\u1ed1i<\/strong><\/h2>    <p>M\u00e1y l\u00e0m vi\u00ean sinh kh\u1ed1i n\u00e0y r\u1ea5t \u0111\u01b0\u1ee3c kh\u00e1ch h\u00e0ng \u01b0a chu\u1ed9ng v\u00e0 th\u01b0\u1eddng \u0111\u01b0\u1ee3c xu\u1ea5t kh\u1ea9u ra n\u01b0\u1edbc ngo\u00e0i, ch\u1eb3ng h\u1ea1n nh\u01b0 Indonesia. \u0110\u1eb7c bi\u1ec7t hi\u1ec7n nay, khi m\u00f9a \u0111\u00f4ng \u0111\u1ebfn, nhu c\u1ea7u v\u1ec1 nhi\u00ean li\u1ec7u sinh kh\u1ed1i ng\u00e0y c\u00e0ng t\u0103ng n\u00ean nhu c\u1ea7u v\u1ec1 m\u00e1y t\u1ea1o h\u1ea1t sinh kh\u1ed1i Shuliy c\u0169ng t\u0103ng cao. Hi\u1ec7n t\u1ea1i ch\u00fang t\u00f4i \u0111\u00e3 c\u00f3 h\u00e0ng trong nh\u00e0 m\u00e1y v\u00e0 khi xu\u1ea5t kh\u1ea9u, tr\u01b0\u1edbc ti\u00ean ch\u00fang t\u00f4i s\u1ebd \u0111\u00f3ng g\u00f3i m\u00e1y t\u1ea1o vi\u00ean b\u1eb1ng h\u1ed9p g\u1ed7 \u0111\u1ec3 tr\u00e1nh l\u00e0m h\u1ecfng m\u00e1y trong qu\u00e1 tr\u00ecnh v\u1eadn chuy\u1ec3n. N\u1ebfu c\u00f3 nhu c\u1ea7u, vui l\u00f2ng li\u00ean h\u1ec7 v\u1edbi ch\u00fang t\u00f4i!<\/p>    <figure class=\"wp-block-gallery aligncenter has-nested-images columns-default is-cropped wp-block-gallery-3 is-layout-flex wp-block-gallery-is-layout-flex\"> <figure class=\"wp-block-image size-large\"><img loading=\"lazy\" decoding=\"async\" width=\"720\" height=\"540\" data-id=\"1120\" src=\"https:\/\/shuliywoodmachine.com\/wp-content\/uploads\/2022\/11\/biomass-pellet-making-machine-manufacturer.webp\" alt=\"nh\u00e0 s\u1ea3n xu\u1ea5t m\u00e1y l\u00e0m vi\u00ean sinh kh\u1ed1i\" class=\"wp-image-1120\" title=\"\" srcset=\"https:\/\/shuliywoodmachine.com\/wp-content\/uploads\/2022\/11\/biomass-pellet-making-machine-manufacturer.webp 720w, https:\/\/shuliywoodmachine.com\/wp-content\/uploads\/2022\/11\/biomass-pellet-making-machine-manufacturer-300x225.webp 300w\" sizes=\"auto, (max-width: 720px) 100vw, 720px\" \/><figcaption class=\"wp-element-caption\">Nh\u00e0 s\u1ea3n xu\u1ea5t m\u00e1y l\u00e0m vi\u00ean sinh kh\u1ed1i<\/figcaption><\/figure>    <figure class=\"wp-block-image size-large\"><img loading=\"lazy\" decoding=\"async\" width=\"720\" height=\"540\" data-id=\"1121\" src=\"https:\/\/shuliywoodmachine.com\/wp-content\/uploads\/2022\/11\/pack-wood-pellets-making-machine.webp\" alt=\"\u0111\u00f3ng g\u00f3i m\u00e1y l\u00e0m vi\u00ean g\u1ed7\" class=\"wp-image-1121\" title=\"\" srcset=\"https:\/\/shuliywoodmachine.com\/wp-content\/uploads\/2022\/11\/pack-wood-pellets-making-machine.webp 720w, https:\/\/shuliywoodmachine.com\/wp-content\/uploads\/2022\/11\/pack-wood-pellets-making-machine-300x225.webp 300w\" sizes=\"auto, (max-width: 720px) 100vw, 720px\" \/><figcaption class=\"wp-element-caption\">\u0110\u00f3ng g\u00f3i m\u00e1y l\u00e0m vi\u00ean g\u1ed7<\/figcaption><\/figure> <\/figure>    <h2 class=\"wp-block-heading\"><strong>Th\u00f4ng s\u1ed1 k\u1ef9 thu\u1eadt c\u1ee7a m\u00e1y l\u00e0m vi\u00ean sinh kh\u1ed1i<\/strong><\/h2>    <figure class=\"wp-block-table\"><table><tbody><tr><td>Ng\u01b0\u1eddi m\u1eabu<\/td><td>SL-300<\/td><td>SL-400<\/td><td>SL-450<\/td><\/tr><tr><td>C\u00f4ng su\u1ea5t(kW)<\/td><td>22+0.37<\/td><td>37+0.37<\/td><td>55+0.37<\/td><\/tr><tr><td>\u0110\u1ea7u ra (kg\/h)<\/td><td>150-300<\/td><td>200-500<\/td><td>300-700<\/td><\/tr><\/tbody><\/table><\/figure>    <p>Lo\u1ea1i m\u00e1y l\u00e0m vi\u00ean sinh kh\u1ed1i n\u00e0y c\u00f3 m\u00e1y ri\u00eang v\u00e0 d\u00e2y chuy\u1ec1n s\u1ea3n xu\u1ea5t vi\u00ean sinh kh\u1ed1i ho\u00e0n ch\u1ec9nh c\u00f3 s\u1eb5n cho b\u1ea1n l\u1ef1a ch\u1ecdn. B\u1ea1n ch\u1ec9 c\u1ea7n n\u00eau y\u00eau c\u1ea7u c\u1ee7a m\u00ecnh, ng\u01b0\u1eddi qu\u1ea3n l\u00fd b\u00e1n h\u00e0ng c\u1ee7a ch\u00fang t\u00f4i s\u1ebd cung c\u1ea5p gi\u1ea3i ph\u00e1p t\u1ed1t nh\u1ea5t. <\/p>    <h2 class=\"wp-block-heading\"><strong>Video v\u1ec1 m\u00e1y t\u1ea1o vi\u00ean sinh kh\u1ed1i t\u1eeb Shuliy<\/strong><\/h2>    <figure class=\"wp-block-embed is-type-video is-provider-youtube wp-block-embed-youtube wp-embed-aspect-16-9 wp-has-aspect-ratio\"><div class=\"wp-block-embed__wrapper\"> <iframe loading=\"lazy\" title=\"M\u00e1y \u00e9p vi\u00ean g\u1ed7 sinh kh\u1ed1i | M\u00e1y t\u1ea1o vi\u00ean g\u1ed7 cho s\u1ea3n xu\u1ea5t gia d\u1ee5ng v\u00e0 c\u00f4ng nghi\u1ec7p #biomasspellets\" width=\"500\" height=\"281\" src=\"https:\/\/www.youtube.com\/embed\/h-daUNjUgwM?feature=oembed\" frameborder=\"0\" allow=\"accelerometer; autoplay; clipboard-write; encrypted-media; gyroscope; picture-in-picture; web-share\" referrerpolicy=\"strict-origin-when-cross-origin\" allowfullscreen><\/iframe> <\/div><\/figure>","protected":false},"excerpt":{"rendered":"<p>Working principle of the biomass pellet making machine The wood pellet machine produces high-quality biomass pellets depending on the press roller and die. The friction and pressure between these parts can make the temperature high, and then the raw materials (generally powder) are made into pellets. Then the products(pellets) will come out from the die [&hellip;]<\/p>\n","protected":false},"author":1,"featured_media":1088,"parent":0,"template":"","tags":[88,90,89],"product-type":[91],"class_list":["post-1078","product","type-product","status-publish","has-post-thumbnail","hentry","tag-biomass-pellet-making-machine","tag-wood-pellet-machine","tag-wood-pellet-mill","product-type-wood-pellet-machine"],"_links":{"self":[{"href":"https:\/\/shuliywoodmachine.com\/vi\/wp-json\/wp\/v2\/product\/1078","targetHints":{"allow":["GET"]}}],"collection":[{"href":"https:\/\/shuliywoodmachine.com\/vi\/wp-json\/wp\/v2\/product"}],"about":[{"href":"https:\/\/shuliywoodmachine.com\/vi\/wp-json\/wp\/v2\/types\/product"}],"author":[{"embeddable":true,"href":"https:\/\/shuliywoodmachine.com\/vi\/wp-json\/wp\/v2\/users\/1"}],"wp:featuredmedia":[{"embeddable":true,"href":"https:\/\/shuliywoodmachine.com\/vi\/wp-json\/wp\/v2\/media\/1088"}],"wp:attachment":[{"href":"https:\/\/shuliywoodmachine.com\/vi\/wp-json\/wp\/v2\/media?parent=1078"}],"wp:term":[{"taxonomy":"post_tag","embeddable":true,"href":"https:\/\/shuliywoodmachine.com\/vi\/wp-json\/wp\/v2\/tags?post=1078"},{"taxonomy":"product-type","embeddable":true,"href":"https:\/\/shuliywoodmachine.com\/vi\/wp-json\/wp\/v2\/product-type?post=1078"}],"curies":[{"name":"wp","href":"https:\/\/api.w.org\/{rel}","templated":true}]}}