{"id":1250,"date":"2023-01-04T14:13:48","date_gmt":"2023-01-04T06:13:48","guid":{"rendered":"https:\/\/shuliywoodmachine.com\/?post_type=product&#038;p=1250"},"modified":"2024-07-09T14:22:12","modified_gmt":"2024-07-09T06:22:12","slug":"wood-pellet-production-line","status":"publish","type":"product","link":"https:\/\/shuliywoodmachine.com\/vi\/product\/day-chuyen-san-xuat-vien-go\/","title":{"rendered":"D\u00e2y chuy\u1ec1n s\u1ea3n xu\u1ea5t vi\u00ean g\u1ed7 ho\u00e0n ch\u1ec9nh \u0111\u1ec3 l\u00e0m vi\u00ean sinh kh\u1ed1i"},"content":{"rendered":"<p>D\u00e2y chuy\u1ec1n s\u1ea3n xu\u1ea5t vi\u00ean g\u1ed7 ph\u00f9 h\u1ee3p \u0111\u1ec3 s\u1ea3n xu\u1ea5t vi\u00ean g\u1ed7 c\u1ee1 l\u1edbn ho\u1eb7c trung b\u00ecnh v\u00e0 \u0111\u01b0\u1ee3c \u0111\u1eb7c tr\u01b0ng b\u1edfi hi\u1ec7u su\u1ea5t cao, hi\u1ec7u su\u1ea5t t\u1ed1t v\u00e0 kh\u1ea3 n\u0103ng t\u00f9y ch\u1ec9nh to\u00e0n b\u1ed9 d\u00e2y chuy\u1ec1n. Nguy\u00ean li\u1ec7u th\u00f4 \u0111\u01b0\u1ee3c s\u1eed d\u1ee5ng \u0111\u1ec3 s\u1ea3n xu\u1ea5t vi\u00ean sinh kh\u1ed1i l\u00e0 r\u01a1m r\u1ea1, d\u0103m g\u1ed7, phoi b\u00e0o, m\u00f9n c\u01b0a v\u00e0 c\u00e1c lo\u1ea1i v\u1ecf kh\u00e1c nhau nh\u01b0 v\u1ecf \u0111\u1eadu ph\u1ed9ng, v\u1ecf d\u1eeba, v\u1ecf tr\u1ea5u.<\/p>    <p>C\u00e1c vi\u00ean n\u00e9n g\u1ed7 \u0111\u01b0\u1ee3c s\u1ea3n xu\u1ea5t th\u01b0\u1eddng \u0111\u01b0\u1ee3c chia th\u00e0nh hai m\u1ee5c \u0111\u00edch s\u1eed d\u1ee5ng, m\u1ed9t l\u00e0 l\u00e0m th\u1ee9c \u0103n ch\u0103n nu\u00f4i v\u00e0 m\u1ed9t l\u00e0 l\u00e0m c\u00e1c lo\u1ea1i nhi\u00ean li\u1ec7u kh\u00e1c nhau. D\u00f9 th\u1ebf n\u00e0o \u0111i n\u1eefa, ch\u1ec9 c\u1ea7n cho ch\u00fang t\u00f4i bi\u1ebft b\u1ea1n c\u1ea7n g\u00ec v\u00e0 ng\u01b0\u1eddi qu\u1ea3n l\u00fd b\u00e1n h\u00e0ng c\u1ee7a ch\u00fang t\u00f4i s\u1ebd ph\u00e1c th\u1ea3o gi\u1ea3i ph\u00e1p t\u1ed1t nh\u1ea5t cho nhu c\u1ea7u c\u1ee7a b\u1ea1n.<\/p>    <h2 class=\"wp-block-heading\"><strong>Danh s\u00e1ch m\u00e1y m\u00f3c cho d\u00e2y chuy\u1ec1n s\u1ea3n xu\u1ea5t vi\u00ean g\u1ed7 sinh kh\u1ed1i ho\u00e0n ch\u1ec9nh<\/strong><\/h2>    <div class=\"wp-block-media-text alignwide is-stacked-on-mobile\"><figure class=\"wp-block-media-text__media\"><img loading=\"lazy\" decoding=\"async\" width=\"720\" height=\"540\" src=\"https:\/\/shuliywoodmachine.com\/wp-content\/uploads\/2023\/01\/hammer-mill.webp\" alt=\"\" class=\"wp-image-1257 size-full\" title=\"\" srcset=\"https:\/\/shuliywoodmachine.com\/wp-content\/uploads\/2023\/01\/hammer-mill.webp 720w, https:\/\/shuliywoodmachine.com\/wp-content\/uploads\/2023\/01\/hammer-mill-300x225.webp 300w\" sizes=\"auto, (max-width: 720px) 100vw, 720px\" \/><\/figure><div class=\"wp-block-media-text__content\"> <p><strong><a href=\"https:\/\/shuliywoodmachine.com\/vi\/product\/may-nghien-bua\/\" target=\"_blank\" rel=\"noreferrer noopener\">M\u00e1y xay, m\u00e1y nghi\u1ec1n<\/a><\/strong><\/p>    <p>\u2013 Nghi\u1ec1n c\u00e1c lo\u1ea1i nguy\u00ean li\u1ec7u th\u00f4 kh\u00e1c nhau \u0111\u1ebfn \u0111\u1ed9 m\u1ecbn nh\u1ea5t \u0111\u1ecbnh cho c\u00f4ng \u0111o\u1ea1n ti\u1ebfp theo.<\/p>    <p>\u2013 Hi\u1ec7u su\u1ea5t cao, ti\u1ebft ki\u1ec7m n\u0103ng l\u01b0\u1ee3ng v\u00e0 hi\u1ec7u su\u1ea5t t\u1ed1t.<\/p>    <p>\u2013 C\u00f3 th\u1ec3 nghi\u1ec1n th\u00e0nh b\u1ed9t m\u1ecbn h\u01a1n, v\u1edbi nhi\u1ec1u k\u00edch th\u01b0\u1edbc s\u00e0ng kh\u00e1c nhau t\u00f9y theo nhu c\u1ea7u kh\u00e1ch h\u00e0ng<\/p> <\/div><\/div>    <p><\/p>    <div class=\"wp-block-media-text alignwide is-stacked-on-mobile\"><figure class=\"wp-block-media-text__media\"><img loading=\"lazy\" decoding=\"async\" width=\"720\" height=\"540\" src=\"https:\/\/shuliywoodmachine.com\/wp-content\/uploads\/2023\/01\/mixer-machine.webp\" alt=\"\" class=\"wp-image-1259 size-full\" title=\"\" srcset=\"https:\/\/shuliywoodmachine.com\/wp-content\/uploads\/2023\/01\/mixer-machine.webp 720w, https:\/\/shuliywoodmachine.com\/wp-content\/uploads\/2023\/01\/mixer-machine-300x225.webp 300w\" sizes=\"auto, (max-width: 720px) 100vw, 720px\" \/><\/figure><div class=\"wp-block-media-text__content\"> <p class=\"translation-block\"><strong>M\u00e1y tr\u1ed9n<\/strong><\/p>    <p>\u2013 Khu\u1ea5y th\u1eadt \u0111\u1ec1u c\u00e1c nguy\u00ean li\u1ec7u \u0111\u1ec3 ch\u00fang \u0111\u01b0\u1ee3c tr\u1ed9n \u0111\u1ec1u.<\/p>    <p>\u2013 Ti\u1ebft ki\u1ec7m lao \u0111\u1ed9ng v\u00e0 c\u01a1 gi\u1edbi h\u00f3a cao.<\/p>    <p>\u2013 M\u00e1y tr\u1ed9n c\u00f3 th\u1ec3 \u0111\u01b0\u1ee3c l\u1ef1a ch\u1ecdn theo s\u1ea3n l\u01b0\u1ee3ng c\u1ee7a kh\u00e1ch h\u00e0ng.<\/p> <\/div><\/div>    <p><\/p>    <div class=\"wp-block-media-text alignwide is-stacked-on-mobile\"><figure class=\"wp-block-media-text__media\"><img loading=\"lazy\" decoding=\"async\" width=\"720\" height=\"540\" src=\"https:\/\/shuliywoodmachine.com\/wp-content\/uploads\/2023\/01\/sawdust-drying-machine.webp\" alt=\"\" class=\"wp-image-1262 size-full\" title=\"\" srcset=\"https:\/\/shuliywoodmachine.com\/wp-content\/uploads\/2023\/01\/sawdust-drying-machine.webp 720w, https:\/\/shuliywoodmachine.com\/wp-content\/uploads\/2023\/01\/sawdust-drying-machine-300x225.webp 300w\" sizes=\"auto, (max-width: 720px) 100vw, 720px\" \/><\/figure><div class=\"wp-block-media-text__content\"> <p class=\"translation-block\"><strong>M\u00e1y s\u1ea5y<\/strong><\/p>    <p>\u2013 Gi\u1ea3m \u0111\u1ed9 \u1ea9m c\u00f3 trong nguy\u00ean li\u1ec7u th\u00f4 \u0111\u1ec3 chu\u1ea9n b\u1ecb cho b\u01b0\u1edbc t\u1ea1o h\u1ea1t ti\u1ebfp theo.<\/p>    <p>\u2013 M\u00e1y s\u1ea5y tr\u1ed1ng cho ph\u00e9p lu\u1ed3ng kh\u00f4ng kh\u00ed \u0111\u1ed3ng \u0111\u1ec1u v\u00e0 l\u00e0m n\u00f3ng \u0111\u1ec1u h\u01a1n.<\/p>    <p>\u2013 T\u00f9y ch\u1ecdn s\u01b0\u1edfi \u1ea5m l\u00e0 h\u01a1i n\u01b0\u1edbc, gas v\u00e0 d\u1ea7u.<\/p> <\/div><\/div>    <p><\/p>    <div class=\"wp-block-media-text alignwide is-stacked-on-mobile\"><figure class=\"wp-block-media-text__media\"><img loading=\"lazy\" decoding=\"async\" width=\"720\" height=\"540\" src=\"https:\/\/shuliywoodmachine.com\/wp-content\/uploads\/2022\/11\/wood-pellets-machine.webp\" alt=\"m\u00e1y \u00e9p vi\u00ean g\u1ed7\" class=\"wp-image-1193 size-full\" title=\"\" srcset=\"https:\/\/shuliywoodmachine.com\/wp-content\/uploads\/2022\/11\/wood-pellets-machine.webp 720w, https:\/\/shuliywoodmachine.com\/wp-content\/uploads\/2022\/11\/wood-pellets-machine-300x225.webp 300w\" sizes=\"auto, (max-width: 720px) 100vw, 720px\" \/><\/figure><div class=\"wp-block-media-text__content\"> <p class=\"translation-block\"><strong>M\u00e1y \u00e9p vi\u00ean n\u00e9n sinh kh\u1ed1i<\/strong><\/p>    <p>\u2013 Ph\u1ea7n l\u00f5i, d\u00f9ng \u0111\u1ec3 s\u1ea3n xu\u1ea5t vi\u00ean d\u0103m g\u1ed7.<\/p>    <p>\u2013 \u0110\u1ea7u ra c\u00f3 th\u1ec3 \u0111\u01b0\u1ee3c c\u1ea5u h\u00ecnh theo nhu c\u1ea7u c\u1ee7a kh\u00e1ch h\u00e0ng.<\/p>    <p>\u2013 T\u1ed1c \u0111\u1ed9 s\u1ea3n xu\u1ea5t nhanh v\u00e0 ch\u1ea5t l\u01b0\u1ee3ng vi\u00ean d\u0103m g\u1ed7 s\u1ea3n xu\u1ea5t ra t\u1ed1t.<\/p> <\/div><\/div>    <p><\/p>    <div class=\"wp-block-media-text alignwide is-stacked-on-mobile\"><figure class=\"wp-block-media-text__media\"><img loading=\"lazy\" decoding=\"async\" width=\"720\" height=\"540\" src=\"https:\/\/shuliywoodmachine.com\/wp-content\/uploads\/2023\/01\/cooling-tank.webp\" alt=\"\" class=\"wp-image-1264 size-full\" title=\"\" srcset=\"https:\/\/shuliywoodmachine.com\/wp-content\/uploads\/2023\/01\/cooling-tank.webp 720w, https:\/\/shuliywoodmachine.com\/wp-content\/uploads\/2023\/01\/cooling-tank-300x225.webp 300w\" sizes=\"auto, (max-width: 720px) 100vw, 720px\" \/><\/figure><div class=\"wp-block-media-text__content\"> <p class=\"translation-block\"><strong>M\u00e1y l\u00e0m ngu\u1ed9i<\/strong><\/p>    <p>\u2013 Vi\u00ean n\u00e9n sau khi \u0111\u01b0\u1ee3c s\u1ea3n xu\u1ea5t s\u1ebd c\u00f3 nhi\u1ec7t \u0111\u1ed9 nh\u1ea5t \u0111\u1ecbnh v\u00e0 n\u1ebfu b\u1ea1n \u0111\u1ee3i ch\u00fang kh\u00f4 t\u1ef1 nhi\u00ean l\u00fac n\u00e0y s\u1ebd l\u00e2u h\u01a1n n\u00ean b\u1ea1n c\u1ea7n c\u00f3 m\u00e1y l\u00e0m m\u00e1t \u0111\u1ec3 r\u00fat ng\u1eafn qu\u00e1 tr\u00ecnh.<\/p>    <p>\u2013 Th\u01b0\u1eddng \u0111\u01b0\u1ee3c s\u1eed d\u1ee5ng sau m\u00e1y \u00e9p vi\u00ean, \u1edf n\u1eeda cu\u1ed1i c\u1ee7a to\u00e0n b\u1ed9 d\u00f2ng s\u1ea3n ph\u1ea9m vi\u00ean n\u00e9n g\u1ed7.<\/p> <\/div><\/div>    <p><\/p>    <div class=\"wp-block-media-text alignwide is-stacked-on-mobile\"><figure class=\"wp-block-media-text__media\"><img loading=\"lazy\" decoding=\"async\" width=\"720\" height=\"540\" src=\"https:\/\/shuliywoodmachine.com\/wp-content\/uploads\/2023\/01\/package-machine.webp\" alt=\"\" class=\"wp-image-1266 size-full\" title=\"\" srcset=\"https:\/\/shuliywoodmachine.com\/wp-content\/uploads\/2023\/01\/package-machine.webp 720w, https:\/\/shuliywoodmachine.com\/wp-content\/uploads\/2023\/01\/package-machine-300x225.webp 300w\" sizes=\"auto, (max-width: 720px) 100vw, 720px\" \/><\/figure><div class=\"wp-block-media-text__content\"> <p class=\"translation-block\"><strong>M\u00e1y \u0111\u00f3ng g\u00f3i<\/strong><\/p>    <p>\u2013 D\u00f9ng \u1edf c\u00f4ng \u0111o\u1ea1n cu\u1ed1i c\u00f9ng c\u1ee7a d\u00e2y chuy\u1ec1n s\u1ea3n xu\u1ea5t vi\u00ean n\u00e9n g\u1ed7 ho\u00e0n ch\u1ec9nh \u0111\u1ec3 \u0111\u00f3ng g\u00f3i vi\u00ean n\u00e9n.<\/p>    <p>\u2013 Ph\u1ea1m vi \u0111\u00f3ng g\u00f3i t\u1eeb 5 \u0111\u1ebfn 50 kg, \u0111\u00f3ng bao theo y\u00eau c\u1ea7u v\u00e0 c\u00f3 th\u1ec3 \u0111i\u1ec1u ch\u1ec9nh tr\u1ecdng l\u01b0\u1ee3ng t\u1eebng bao.<\/p> <\/div><\/div>    <h2 class=\"wp-block-heading\"><strong>Quy tr\u00ecnh s\u1ea3n xu\u1ea5t vi\u00ean g\u1ed7<\/strong><\/h2>    <p>T\u1ed5ng c\u1ed9ng, qu\u00e1 tr\u00ecnh s\u1ea3n xu\u1ea5t vi\u00ean c\u00f3 th\u1ec3 \u0111\u01b0\u1ee3c chia th\u00e0nh b\u1ed1n b\u01b0\u1edbc: b\u01b0\u1edbc nghi\u1ec1n hi\u1ec7u qu\u1ea3, b\u01b0\u1edbc s\u1ea5y kh\u00f4, b\u01b0\u1edbc \u00e9p \u0111\u00f9n vi\u00ean v\u00e0 b\u01b0\u1edbc l\u00e0m m\u00e1t v\u00e0 \u0111\u00f3ng g\u00f3i.<\/p>    <p>M\u00e1y m\u00e0i \u2013 M\u00e1y nghi\u1ec1n b\u00faa: m\u00e1y n\u00e0y l\u00e0 m\u00e1y ch\u00ednh \u0111\u1ec3 th\u1ef1c hi\u1ec7n vi\u1ec7c nghi\u1ec1n v\u1eadt li\u1ec7u.<\/p>    <p>M\u00e1y s\u1ea5y \u2013 M\u00e1y s\u1ea5y m\u00f9n c\u01b0a: m\u00e1y d\u00f9ng \u0111\u1ec3 s\u1ea5y kh\u00f4 nguy\u00ean li\u1ec7u.<\/p>    <p>M\u00e1y \u00e9p vi\u00ean \u2013 M\u00e1y nghi\u1ec1n vi\u00ean: l\u00e0 b\u1ed9 ph\u1eadn quan tr\u1ecdng \u0111\u1ec3 s\u1ea3n xu\u1ea5t vi\u00ean g\u1ed7 sinh kh\u1ed1i ch\u1ea5t l\u01b0\u1ee3ng cao.<\/p>    <p>L\u00e0m m\u00e1t &amp; \u0111\u00f3ng g\u00f3i \u2013 B\u1ec3 l\u00e0m m\u00e1t &amp; m\u00e1y \u0111\u00f3ng g\u00f3i: c\u00f4ng \u0111o\u1ea1n cu\u1ed1i c\u00f9ng l\u00e0 \u0111\u00f3ng g\u00f3i vi\u00ean g\u1ed7 v\u00e0o t\u00fai.<\/p>    <p>T\u1ea5t nhi\u00ean, trong c\u00e1c quy tr\u00ecnh n\u00e0y, b\u0103ng t\u1ea3i, l\u1ed1c xo\u00e1y, v.v. c\u0169ng \u0111\u01b0\u1ee3c s\u1eed d\u1ee5ng. N\u00f3 c\u0169ng th\u00edch h\u1ee3p cho s\u1ea3n xu\u1ea5t vi\u00ean g\u1ed7 quy m\u00f4 nh\u1ecf. <\/p>    <h2 class=\"wp-block-heading\"><strong>\u0110i\u1ec1u g\u00ec \u1ea3nh h\u01b0\u1edfng \u0111\u1ebfn gi\u00e1 d\u00e2y chuy\u1ec1n s\u1ea3n xu\u1ea5t vi\u00ean g\u1ed7?<\/strong><\/h2>    <p>Tr\u00ean th\u1ef1c t\u1ebf, vi\u1ec7c mua d\u00e2y chuy\u1ec1n s\u1ea3n xu\u1ea5t vi\u00ean b\u1ecb \u1ea3nh h\u01b0\u1edfng b\u1edfi nhi\u1ec1u kh\u00eda c\u1ea1nh kh\u00e1c nhau, \u0111\u01b0\u1ee3c m\u00f4 t\u1ea3 d\u01b0\u1edbi \u0111\u00e2y.<\/p>    <ul class=\"wp-block-list\"> <li><a href=\"https:\/\/shuliywoodmachine.com\/vi\/products\/wood-pellet-machine\/\" target=\"_blank\" rel=\"noreferrer noopener\">M\u00e1y nghi\u1ec1n vi\u00ean d\u0103m g\u1ed7<\/a>. C\u00f3 hai lo\u1ea1i m\u00e1y nghi\u1ec1n vi\u00ean d\u0103m g\u1ed7 t\u1ea1i Shuliy, lo\u1ea1i <a href=\"https:\/\/taizyagromachine.com\/product\/animal-feed-pellet-machine\/\" target=\"_blank\" rel=\"noreferrer noopener\">m\u00e1y nghi\u1ec1n vi\u00ean khu\u00f4n ph\u1eb3ng<\/a> v\u00e0 m\u00e1y nghi\u1ec1n vi\u00ean khu\u00f4n d\u1ea1ng v\u00f2ng. Gi\u00e1 ch\u1ecdn lo\u1ea1i m\u00e1y kh\u00e1c t\u1ea5t nhi\u00ean l\u00e0 kh\u00e1c nhau.<\/li>    <li>Dung t\u00edch. C\u1ea5u h\u00ecnh c\u1ee7a d\u00e2y chuy\u1ec1n s\u1ea3n xu\u1ea5t c\u1ea7n thi\u1ebft \u0111\u1ec3 s\u1ea3n xu\u1ea5t vi\u00ean g\u1ed7 thay \u0111\u1ed5i t\u00f9y theo n\u0103ng su\u1ea5t kh\u00e1c nhau. \u0110\u1ea7u ra c\u1ee7a m\u00e1y \u0111\u01b0\u1ee3c ch\u1ecdn c\u0169ng s\u1ebd r\u1ea5t kh\u00e1c nhau, \u0111i\u1ec1u n\u00e0y \u1ea3nh h\u01b0\u1edfng l\u1edbn \u0111\u1ebfn gi\u00e1 c\u1ea3.<\/li>    <li>Nguy\u00ean li\u1ec7u th\u00f4. N\u1ebfu nguy\u00ean li\u1ec7u th\u00f4 c\u1ee7a b\u1ea1n l\u00e0 d\u0103m g\u1ed7, b\u1ea1n c\u00f3 th\u1ec3 d\u00f9ng m\u00e1y nghi\u1ec1n b\u00faa nghi\u1ec1n n\u00e1t \u0111\u1ec3 thu \u0111\u01b0\u1ee3c m\u00f9n c\u01b0a m\u1ecbn h\u01a1n. Tuy nhi\u00ean, n\u1ebfu nguy\u00ean li\u1ec7u th\u00f4 c\u1ee7a b\u1ea1n l\u00e0 g\u1ed7 ph\u1ebf li\u1ec7u, b\u1ea1n s\u1ebd c\u1ea7n m\u00e1y b\u0103m g\u1ed7 ho\u1eb7c m\u00e1y t\u01b0\u01a1ng \u1ee9ng kh\u00e1c.<\/li> <\/ul>    <figure class=\"wp-block-gallery aligncenter has-nested-images columns-default is-cropped wp-block-gallery-2 is-layout-flex wp-block-gallery-is-layout-flex\"> <figure class=\"wp-block-image size-large\"><img loading=\"lazy\" decoding=\"async\" width=\"720\" height=\"540\" data-id=\"1101\" src=\"https:\/\/shuliywoodmachine.com\/wp-content\/uploads\/2022\/11\/wood-pellet-production-line.webp\" alt=\"d\u00e2y chuy\u1ec1n s\u1ea3n xu\u1ea5t vi\u00ean g\u1ed7\" class=\"wp-image-1101\" title=\"\" srcset=\"https:\/\/shuliywoodmachine.com\/wp-content\/uploads\/2022\/11\/wood-pellet-production-line.webp 720w, https:\/\/shuliywoodmachine.com\/wp-content\/uploads\/2022\/11\/wood-pellet-production-line-300x225.webp 300w\" sizes=\"auto, (max-width: 720px) 100vw, 720px\" \/><figcaption class=\"wp-element-caption\">D\u00e2y chuy\u1ec1n s\u1ea3n xu\u1ea5t vi\u00ean g\u1ed7<\/figcaption><\/figure>    <figure class=\"wp-block-image size-large\"><img loading=\"lazy\" decoding=\"async\" width=\"720\" height=\"540\" data-id=\"1148\" src=\"https:\/\/shuliywoodmachine.com\/wp-content\/uploads\/2022\/11\/5t-per-hour-wood-pellet-production-line.webp\" alt=\"D\u00e2y chuy\u1ec1n s\u1ea3n xu\u1ea5t vi\u00ean g\u1ed7 5t\/gi\u1edd\" class=\"wp-image-1148\" title=\"\" srcset=\"https:\/\/shuliywoodmachine.com\/wp-content\/uploads\/2022\/11\/5t-per-hour-wood-pellet-production-line.webp 720w, https:\/\/shuliywoodmachine.com\/wp-content\/uploads\/2022\/11\/5t-per-hour-wood-pellet-production-line-300x225.webp 300w\" sizes=\"auto, (max-width: 720px) 100vw, 720px\" \/><figcaption class=\"wp-element-caption\">D\u00e2y chuy\u1ec1n s\u1ea3n xu\u1ea5t vi\u00ean g\u1ed7 5T \/ gi\u1edd<\/figcaption><\/figure> <\/figure>    <p>V\u00ec v\u1eady, khi l\u1ef1a ch\u1ecdn d\u00e2y chuy\u1ec1n s\u1ea3n xu\u1ea5t vi\u00ean n\u00e9n g\u1ed7, vui l\u00f2ng cho ch\u00fang t\u00f4i bi\u1ebft y\u00eau c\u1ea7u c\u1ee7a b\u1ea1n v\u00e0 c\u00e1c chuy\u00ean gia c\u1ee7a ch\u00fang t\u00f4i s\u1ebd t\u01b0 v\u1ea5n c\u1ea5u h\u00ecnh m\u00e1y ph\u00f9 h\u1ee3p cho b\u1ea1n.<\/p>    <h2 class=\"wp-block-heading\"><strong>D\u1ef1 \u00e1n th\u00e0nh c\u00f4ng c\u1ee7a d\u00e2y chuy\u1ec1n s\u1ea3n xu\u1ea5t vi\u00ean g\u1ed7 \u0111\u1ec3 b\u00e1n<\/strong><\/h2>    <p>D\u00e2y chuy\u1ec1n s\u1ea3n xu\u1ea5t vi\u00ean c\u1ee7a Shuliy c\u00f3 kh\u1ea3 n\u0103ng s\u1ea3n xu\u1ea5t vi\u00ean c\u00f3 kh\u1ed1i l\u01b0\u1ee3ng kh\u00e1c nhau \u0111\u1ec3 \u0111\u00e1p \u1ee9ng c\u00e1c nhu c\u1ea7u kh\u00e1c nhau c\u1ee7a kh\u00e1ch h\u00e0ng. K\u1ec3 t\u1eeb khi b\u1eaft \u0111\u1ea7u b\u00e1n d\u00f2ng s\u1ea3n ph\u1ea9m vi\u00ean g\u1ed7 c\u1ee7a m\u00ecnh, ch\u00fang t\u00f4i \u0111\u00e3 xu\u1ea5t kh\u1ea9u sang nhi\u1ec1u qu\u1ed1c gia kh\u00e1c nhau nh\u01b0 Mexico, El Guado, Indonesia, v.v. D\u01b0\u1edbi \u0111\u00e2y l\u00e0 v\u00ed d\u1ee5 v\u1ec1 d\u00f2ng s\u1ea3n ph\u1ea9m vi\u00ean g\u1ed7 \u0111\u01b0\u1ee3c b\u00e1n sang Indonesia v\u00e0o n\u0103m 2022 \u0111\u1ec3 b\u1ea1n tham kh\u1ea3o.<\/p>    <figure class=\"wp-block-embed is-type-wp-embed is-provider-shuliy-wood wp-block-embed-shuliy-wood\"><div class=\"wp-block-embed__wrapper\"> <blockquote class=\"wp-embedded-content\" data-secret=\"AtvEjCEPja\"><a href=\"https:\/\/shuliywoodmachine.com\/vi\/Info\/biomass-pellets-production-line-indonesia\/\">D\u00e2y chuy\u1ec1n s\u1ea3n xu\u1ea5t vi\u00ean sinh kh\u1ed1i \u0111\u01b0\u1ee3c l\u1eafp \u0111\u1eb7t t\u1ea1i Indonesia<\/a><\/blockquote><iframe loading=\"lazy\" class=\"wp-embedded-content\" sandbox=\"allow-scripts\" security=\"restricted\" style=\"position: absolute; clip: rect(1px, 1px, 1px, 1px);\" title=\"\u201cD\u00e2y chuy\u1ec1n s\u1ea3n xu\u1ea5t vi\u00ean sinh kh\u1ed1i \u0111\u01b0\u1ee3c l\u1eafp \u0111\u1eb7t \u1edf Indonesia\u201d - Shuliy Wood\" src=\"https:\/\/shuliywoodmachine.com\/Info\/biomass-pellets-production-line-indonesia\/embed\/#?secret=DBHdwxwLVq#?secret=AtvEjCEPja\" data-secret=\"AtvEjCEPja\" width=\"500\" height=\"282\" frameborder=\"0\" marginwidth=\"0\" marginheight=\"0\" scrolling=\"no\"><\/iframe> <\/div><\/figure>    <h2 class=\"wp-block-heading\"><strong>Video ho\u1ea1t \u0111\u1ed9ng c\u1ee7a d\u00e2y chuy\u1ec1n s\u1ea3n xu\u1ea5t vi\u00ean g\u1ed7 t\u1ef1 \u0111\u1ed9ng<\/strong><\/h2>    <figure class=\"wp-block-embed is-type-video is-provider-youtube wp-block-embed-youtube wp-embed-aspect-16-9 wp-has-aspect-ratio\"><div class=\"wp-block-embed__wrapper\"> <iframe loading=\"lazy\" title=\"Nh\u00e0 m\u00e1y M\u00e1y nghi\u1ec1n vi\u00ean g\u1ed7 | Nh\u00e0 s\u1ea3n xu\u1ea5t v\u00e0 cung c\u1ea5p m\u00e1y vi\u00ean sinh kh\u1ed1i #biomasspellets\" width=\"500\" height=\"281\" src=\"https:\/\/www.youtube.com\/embed\/hlfrgLaW2jg?start=97&#038;feature=oembed\" frameborder=\"0\" allow=\"accelerometer; autoplay; clipboard-write; encrypted-media; gyroscope; picture-in-picture; web-share\" referrerpolicy=\"strict-origin-when-cross-origin\" allowfullscreen><\/iframe> <\/div><\/figure>","protected":false},"excerpt":{"rendered":"<p>The wood pellet production line is suitable for the production of large or medium-sized wood pellets and is characterized by its high efficiency, good performance, and the possibility of customizing the whole line. The raw materials used for the production of biomass pellets are straw, wood chips, shavings, sawdust, and various shells such as peanut [&hellip;]<\/p>\n","protected":false},"author":1,"featured_media":1251,"parent":0,"template":"","tags":[90,89,100],"product-type":[99],"class_list":["post-1250","product","type-product","status-publish","has-post-thumbnail","hentry","tag-wood-pellet-machine","tag-wood-pellet-mill","tag-wood-pellet-production-line","product-type-production-line"],"_links":{"self":[{"href":"https:\/\/shuliywoodmachine.com\/vi\/wp-json\/wp\/v2\/product\/1250","targetHints":{"allow":["GET"]}}],"collection":[{"href":"https:\/\/shuliywoodmachine.com\/vi\/wp-json\/wp\/v2\/product"}],"about":[{"href":"https:\/\/shuliywoodmachine.com\/vi\/wp-json\/wp\/v2\/types\/product"}],"author":[{"embeddable":true,"href":"https:\/\/shuliywoodmachine.com\/vi\/wp-json\/wp\/v2\/users\/1"}],"wp:featuredmedia":[{"embeddable":true,"href":"https:\/\/shuliywoodmachine.com\/vi\/wp-json\/wp\/v2\/media\/1251"}],"wp:attachment":[{"href":"https:\/\/shuliywoodmachine.com\/vi\/wp-json\/wp\/v2\/media?parent=1250"}],"wp:term":[{"taxonomy":"post_tag","embeddable":true,"href":"https:\/\/shuliywoodmachine.com\/vi\/wp-json\/wp\/v2\/tags?post=1250"},{"taxonomy":"product-type","embeddable":true,"href":"https:\/\/shuliywoodmachine.com\/vi\/wp-json\/wp\/v2\/product-type?post=1250"}],"curies":[{"name":"wp","href":"https:\/\/api.w.org\/{rel}","templated":true}]}}