{"id":680,"date":"2022-09-16T06:26:18","date_gmt":"2022-09-16T06:26:18","guid":{"rendered":"https:\/\/shuliywoodmachine.com\/?post_type=product&#038;p=680"},"modified":"2024-07-10T14:20:48","modified_gmt":"2024-07-10T06:20:48","slug":"wood-pallet-machine","status":"publish","type":"product","link":"https:\/\/shuliywoodmachine.com\/vi\/product\/may-pallet-go\/","title":{"rendered":"M\u00e1y \u00e9p pallet g\u1ed7 n\u00e9n"},"content":{"rendered":"<p class=\"translation-block\">M\u00e1y <strong>pallet g\u1ed7<\/strong> c\u1ee7a Shuliy \u0111\u01b0\u1ee3c s\u1eed d\u1ee5ng \u0111\u1ec3 s\u1ea3n xu\u1ea5t pallet g\u1ed7 t\u1eeb m\u00f9n c\u01b0a, v\u1ecf tr\u1ea5u, v\u1ecf d\u1eeba, v.v. b\u1eb1ng nhi\u1ec7t \u0111\u1ed9 v\u00e0 \u00e1p su\u1ea5t cao. C\u00e1c pallet g\u1ed7 c\u00f3 th\u1ec3 \u0111\u01b0\u1ee3c s\u1eed d\u1ee5ng l\u00e0m b\u1ebfn ch\u1ecbu t\u1ea3i trong c\u00e1c c\u00f4ng ty v\u1eadn t\u1ea3i, si\u00eau th\u1ecb l\u1edbn v\u00e0 trung t\u00e2m mua s\u1eafm.<\/p>    <p>Nguy\u00ean li\u1ec7u th\u00f4 y\u00eau c\u1ea7u \u0111\u1ed9 \u1ea9m c\u1ee7a n\u00f3 l\u00e0 kho\u1ea3ng 10%. Ngo\u00e0i ra ch\u00fang t\u00f4i c\u00f2n c\u00f3 th\u1ec3 l\u00e0m pallet g\u1ed7 v\u1edbi c\u00e1c k\u00edch th\u01b0\u1edbc th\u00f4ng d\u1ee5ng 1000*1000mm, 1100*1100mm, 1200*800mm v\u00e0 1200*1000mm. T\u1ea5t nhi\u00ean, ch\u00fang t\u00f4i c\u0169ng c\u00f3 th\u1ec3 t\u00f9y ch\u1ec9nh k\u00edch th\u01b0\u1edbc \u0111\u1ec3 \u0111\u00e1p \u1ee9ng nhu c\u1ea7u c\u1ee7a b\u1ea1n. <\/p>    <p>M\u00e1y l\u00e0m pallet g\u1ed7 n\u00e9n n\u00e0y t\u1eadn d\u1ee5ng g\u1ed7 th\u1ea3i n\u00ean \u0111\u00e2y l\u00e0 gi\u1ea3i ph\u00e1p tuy\u1ec7t v\u1eddi \u0111\u1ec3 t\u00e1i ch\u1ebf r\u00e1c th\u1ea3i nh\u1eb1m ki\u1ebfm l\u1ee3i nhu\u1eadn. <\/p>    <figure class=\"wp-block-embed is-type-video is-provider-youtube wp-block-embed-youtube wp-embed-aspect-16-9 wp-has-aspect-ratio\"><div class=\"wp-block-embed__wrapper\"> <iframe loading=\"lazy\" title=\"M\u00e1y Pallet G\u1ed7 N\u00e9n Ho\u1ea1t \u0110\u1ed9ng Nh\u01b0 Th\u1ebf N\u00e0o? | M\u00e1y l\u00e0m pallet g\u1ed7 \u0111\u00fac Shuliy #pallet\" width=\"500\" height=\"281\" src=\"https:\/\/www.youtube.com\/embed\/wyxcmqI4BgI?feature=oembed\" frameborder=\"0\" allow=\"accelerometer; autoplay; clipboard-write; encrypted-media; gyroscope; picture-in-picture; web-share\" referrerpolicy=\"strict-origin-when-cross-origin\" allowfullscreen><\/iframe> <\/div><figcaption class=\"wp-element-caption\">video ho\u1ea1t \u0111\u1ed9ng c\u1ee7a m\u00e1y n\u00e9n pallet g\u1ed7<\/figcaption><\/figure>    <h2 class=\"wp-block-heading\"><strong>Nguy\u00ean li\u1ec7u c\u1ee7a m\u00e1y \u0111\u00f3ng pallet g\u1ed7 \u0111\u00fac<\/strong><\/h2>    <div class=\"wp-block-media-text alignwide is-stacked-on-mobile\"><figure class=\"wp-block-media-text__media\"><img loading=\"lazy\" decoding=\"async\" width=\"720\" height=\"540\" src=\"https:\/\/shuliywoodmachine.com\/wp-content\/uploads\/2022\/09\/raw-materials-for-wood-pallet-making-machine.webp\" alt=\"nguy\u00ean li\u1ec7u cho m\u00e1y l\u00e0m pallet g\u1ed7\" class=\"wp-image-857 size-full\" title=\"\" srcset=\"https:\/\/shuliywoodmachine.com\/wp-content\/uploads\/2022\/09\/raw-materials-for-wood-pallet-making-machine.webp 720w, https:\/\/shuliywoodmachine.com\/wp-content\/uploads\/2022\/09\/raw-materials-for-wood-pallet-making-machine-300x225.webp 300w\" sizes=\"auto, (max-width: 720px) 100vw, 720px\" \/><\/figure><div class=\"wp-block-media-text__content\"> <p>Khi s\u1eed d\u1ee5ng m\u00e1y l\u00e0m pallet g\u1ed7 n\u00e0y \u0111\u1ec3 t\u00e1i ch\u1ebf r\u00e1c th\u1ea3i, b\u1ea1n n\u00ean bi\u1ebft nguy\u00ean li\u1ec7u th\u00f4 n\u00e0o c\u00f3 th\u1ec3 gi\u00fap b\u1ea1n bi\u1ebfn r\u00e1c th\u1ea3i th\u00e0nh kho b\u00e1u.<\/p>    <p class=\"translation-block\">Nguy\u00ean li\u1ec7u \u0111\u1ec3 l\u00e0m pallet g\u1ed7 l\u00e0 <strong>m\u1ea3nh g\u1ed7, v\u1ee5n g\u1ed7, m\u00f9n c\u01b0a, v\u1ecf tr\u1ea5u, s\u1ee3i (d\u01b0\u1edbi 1cm), tre, v\u1ecf d\u1eeba, v\u1ecf c\u1ecd, gi\u1ea5y<\/strong>, v.v.<\/p> <\/div><\/div>    <h2 class=\"wp-block-heading\"><strong>K\u00edch th\u01b0\u1edbc, c\u00e1ch s\u1eed d\u1ee5ng v\u00e0 tr\u1ecdng l\u01b0\u1ee3ng pallet g\u1ed7<\/strong><\/h2>    <p>K\u00edch th\u01b0\u1edbc c\u1ee7a pallet g\u1ed7 c\u00f3 th\u1ec3 \u0111\u01b0\u1ee3c l\u00e0m t\u1eeb c\u00e1c v\u1eadt li\u1ec7u tr\u00ean v\u00e0 \u1ee9ng d\u1ee5ng c\u1ee7a ch\u00fang nh\u01b0 sau: <\/p>    <ul class=\"wp-block-list\"> <li><strong>K\u00edch th\u01b0\u1edbc pallet g\u1ed7<\/strong>: M\u00e1y \u00e9p g\u1ed7 cao h\u01a1n c\u1ee7a ch\u00fang t\u00f4i c\u00f3 th\u1ec3 t\u1ea1o ra c\u00e1c k\u00edch th\u01b0\u1edbc ph\u1ed5 bi\u1ebfn v\u00e0 k\u00edch th\u01b0\u1edbc t\u00f9y ch\u1ec9nh. <ul class=\"wp-block-list\"> <li><strong>K\u00edch th\u01b0\u1edbc ph\u1ed5 bi\u1ebfn<\/strong>: 1000*1000mm, 1100*1100mm, 1200*8000mm v\u00e0 1200*1000mm. <\/li>    <li><strong>K\u00edch th\u01b0\u1edbc t\u00f9y ch\u1ec9nh<\/strong>: 600*800mm, v.v. Ch\u00fang t\u00f4i t\u00f9y ch\u1ec9nh k\u00edch th\u01b0\u1edbc pallet theo nhu c\u1ea7u c\u1ee7a kh\u00e1ch h\u00e0ng.<\/li> <\/ul> <\/li>    <li><strong>\u1ee8ng d\u1ee5ng c\u1ee7a pallet g\u1ed7<\/strong>: c\u00e1c c\u00f4ng ty v\u1eadn t\u1ea3i, si\u00eau th\u1ecb l\u1edbn, trung t\u00e2m th\u01b0\u01a1ng m\u1ea1i,..v.v. Vai tr\u00f2 c\u1ee7a n\u00f3 l\u00e0 ch\u1edf h\u00e0ng, t\u1ea1o \u0111i\u1ec1u ki\u1ec7n thu\u1eadn l\u1ee3i cho xe n\u00e2ng ho\u1ea1t \u0111\u1ed9ng.<\/li>    <li><strong>C\u00e2n n\u1eb7ng<\/strong>: 17-18kg m\u1ed7i pallet g\u1ed7.<\/li> <\/ul>   <div class=\"wp-block-image\"> <figure class=\"aligncenter size-full\"><img loading=\"lazy\" decoding=\"async\" width=\"720\" height=\"540\" src=\"https:\/\/shuliywoodmachine.com\/wp-content\/uploads\/2022\/09\/applications-of-the-wood-pallets.webp\" alt=\"\u1ee9ng d\u1ee5ng c\u1ee7a pallet g\u1ed7\" class=\"wp-image-860\" title=\"\" srcset=\"https:\/\/shuliywoodmachine.com\/wp-content\/uploads\/2022\/09\/applications-of-the-wood-pallets.webp 720w, https:\/\/shuliywoodmachine.com\/wp-content\/uploads\/2022\/09\/applications-of-the-wood-pallets-300x225.webp 300w\" sizes=\"auto, (max-width: 720px) 100vw, 720px\" \/><figcaption class=\"wp-element-caption\">c\u00e1ch s\u1eed d\u1ee5ng pallet g\u1ed7<\/figcaption><\/figure> <\/div>   <h2 class=\"wp-block-heading\"><strong>\u0110i\u1ec3m m\u1ea1nh c\u1ee7a m\u00e1y \u0111\u00f3ng pallet g\u1ed7 \u0111\u1ec3 b\u00e1n<\/strong><\/h2>    <figure class=\"wp-block-gallery aligncenter has-nested-images columns-default is-cropped wp-block-gallery-2 is-layout-flex wp-block-gallery-is-layout-flex\"> <figure class=\"wp-block-image size-full\"><img loading=\"lazy\" decoding=\"async\" width=\"540\" height=\"720\" data-id=\"868\" src=\"https:\/\/shuliywoodmachine.com\/wp-content\/uploads\/2022\/09\/compressed-wood-pallet-machine.webp\" alt=\"m\u00e1y n\u00e9n-g\u1ed7-pallet-\" class=\"wp-image-868\" title=\"\" srcset=\"https:\/\/shuliywoodmachine.com\/wp-content\/uploads\/2022\/09\/compressed-wood-pallet-machine.webp 540w, https:\/\/shuliywoodmachine.com\/wp-content\/uploads\/2022\/09\/compressed-wood-pallet-machine-225x300.webp 225w\" sizes=\"auto, (max-width: 540px) 100vw, 540px\" \/><figcaption class=\"wp-element-caption\">M\u00e1y \u00e9p pallet g\u1ed7 n\u00e9n<\/figcaption><\/figure>    <figure class=\"wp-block-image size-full\"><img loading=\"lazy\" decoding=\"async\" width=\"540\" height=\"720\" data-id=\"867\" src=\"https:\/\/shuliywoodmachine.com\/wp-content\/uploads\/2022\/09\/back-of-the-pallet-making-machine.webp\" alt=\"m\u00e1y l\u00e0m m\u1eb7t sau c\u1ee7a pallet\" class=\"wp-image-867\" title=\"\" srcset=\"https:\/\/shuliywoodmachine.com\/wp-content\/uploads\/2022\/09\/back-of-the-pallet-making-machine.webp 540w, https:\/\/shuliywoodmachine.com\/wp-content\/uploads\/2022\/09\/back-of-the-pallet-making-machine-225x300.webp 225w\" sizes=\"auto, (max-width: 540px) 100vw, 540px\" \/><figcaption class=\"wp-element-caption\">M\u1eb7t sau c\u1ee7a m\u00e1y l\u00e0m pallet<\/figcaption><\/figure> <\/figure>    <ul class=\"wp-block-list\"> <li><strong>Lo\u1ea1i li\u1ec1n 4 c\u1ed9t<\/strong>: Nh\u1edd thi\u1ebft k\u1ebf n\u00e0y n\u00ean m\u00e1y pallet g\u1ed7 c\u00f3 \u0111\u1ed9 \u1ed5n \u0111\u1ecbnh t\u1ed1t khi l\u00e0m vi\u1ec7c \u1edf nhi\u1ec7t \u0111\u1ed9 cao. <\/li>    <li><strong>\u00c1p l\u1ef1c<\/strong>: c\u00f3 2 xi lanh ph\u1ee5 \u1edf 2 b\u00ean m\u00e1y, c\u00f3 vai tr\u00f2 gi\u00fap c\u1ea3i thi\u1ec7n \u00e1p su\u1ea5t. B\u1eb1ng c\u00e1ch n\u00e0y, m\u1eadt \u0111\u1ed9 c\u1ee7a pallet cao h\u01a1n v\u00e0 ch\u1ea5t l\u01b0\u1ee3ng t\u1ed1t h\u01a1n.<\/li>    <li><strong>B\u1ea3ng \u0111i\u1ec1u khi\u1ec3n<\/strong>: th\u00f4ng qua ho\u1ea1t \u0111\u1ed9ng c\u1ee7a b\u1ea3ng \u0111i\u1ec1u khi\u1ec3n, vi\u1ec7c c\u00e0i \u0111\u1eb7t th\u1eddi gian v\u00e0 nhi\u1ec7t \u0111\u1ed9 \u0111i\u1ec1u khi\u1ec3n th\u1eadt thu\u1eadn ti\u1ec7n v\u00e0 nhanh ch\u00f3ng.<\/li>    <li><strong>Khu\u00f4n t\u00f9y ch\u1ec9nh<\/strong>: t\u00f9y theo nhu c\u1ea7u c\u1ee7a b\u1ea1n, ch\u00fang t\u00f4i c\u00f3 th\u1ec3 t\u00f9y ch\u1ec9nh khu\u00f4n ph\u00f9 h\u1ee3p \u0111\u1ec3 b\u1ea1n l\u00e0m ra nh\u1eefng chi\u1ebfc pallet g\u1ed7 \u01b0ng \u00fd.<\/li>    <li><strong>M\u1ed9t lo\u1ea1t c\u00e1c nguy\u00ean li\u1ec7u th\u00f4 \u0111\u01b0\u1ee3c \u00e1p d\u1ee5ng<\/strong>: d\u0103m g\u1ed7, d\u0103m g\u1ed7, m\u00f9n c\u01b0a, tr\u1ea5u, g\u00e1o d\u1eeba,.. c\u00f3 th\u1ec3 d\u00f9ng l\u00e0m nguy\u00ean li\u1ec7u \u0111\u1ec3 l\u00e0m pallet g\u1ed7. <\/li> <\/ul>    <figure class=\"wp-block-gallery has-nested-images columns-default is-cropped wp-block-gallery-3 is-layout-flex wp-block-gallery-is-layout-flex\"> <figure class=\"wp-block-image size-large\"><img loading=\"lazy\" decoding=\"async\" width=\"720\" height=\"540\" data-id=\"2161\" src=\"https:\/\/shuliywoodmachine.com\/wp-content\/uploads\/2022\/09\/compressed-wooden-pallet-machine-mold.webp\" alt=\"khu\u00f4n m\u00e1y \u00e9p pallet g\u1ed7 n\u00e9n\" class=\"wp-image-2161\" title=\"\" srcset=\"https:\/\/shuliywoodmachine.com\/wp-content\/uploads\/2022\/09\/compressed-wooden-pallet-machine-mold.webp 720w, https:\/\/shuliywoodmachine.com\/wp-content\/uploads\/2022\/09\/compressed-wooden-pallet-machine-mold-300x225.webp 300w, https:\/\/shuliywoodmachine.com\/wp-content\/uploads\/2022\/09\/compressed-wooden-pallet-machine-mold-16x12.webp 16w\" sizes=\"auto, (max-width: 720px) 100vw, 720px\" \/><figcaption class=\"wp-element-caption\">Khu\u00f4n M\u00e1y Pallet G\u1ed7 N\u00e9n<\/figcaption><\/figure>    <figure class=\"wp-block-image size-large\"><img loading=\"lazy\" decoding=\"async\" width=\"720\" height=\"540\" data-id=\"2162\" src=\"https:\/\/shuliywoodmachine.com\/wp-content\/uploads\/2022\/09\/different-shapes-of-wood-pallets.webp\" alt=\"h\u00ecnh d\u1ea1ng kh\u00e1c nhau c\u1ee7a pallet g\u1ed7\" class=\"wp-image-2162\" title=\"\" srcset=\"https:\/\/shuliywoodmachine.com\/wp-content\/uploads\/2022\/09\/different-shapes-of-wood-pallets.webp 720w, https:\/\/shuliywoodmachine.com\/wp-content\/uploads\/2022\/09\/different-shapes-of-wood-pallets-300x225.webp 300w, https:\/\/shuliywoodmachine.com\/wp-content\/uploads\/2022\/09\/different-shapes-of-wood-pallets-16x12.webp 16w\" sizes=\"auto, (max-width: 720px) 100vw, 720px\" \/><figcaption class=\"wp-element-caption\">C\u00e1c H\u00ecnh D\u1ea1ng Kh\u00e1c Nhau C\u1ee7a Pallet G\u1ed7<\/figcaption><\/figure> <\/figure>    <h2 class=\"wp-block-heading\"><strong>Th\u00f4ng s\u1ed1 k\u1ef9 thu\u1eadt c\u1ee7a m\u00e1y l\u00e0m pallet g\u1ed7<\/strong><\/h2>    <figure class=\"wp-block-table\"><table><tbody><tr><td>Ng\u01b0\u1eddi m\u1eabu<\/td><td>SL-800<\/td><td>SL-1000<\/td><\/tr><tr><td>Quy\u1ec1n l\u1ef1c<\/td><td>7,5kw<\/td><td>15kw<\/td><\/tr><tr><td>\u00c1p l\u1ef1c<\/td><td>800t<\/td><td>1000t<\/td><\/tr><tr><td>Dung t\u00edch<\/td><td>8 chi\u1ebfc m\u1ed7i l\u1ea7n<\/td><td>m\u1ed9t pallet c\u1ea7n 4-5 ph\u00fat (b\u1ea1n c\u00f3 th\u1ec3 t\u1ef1 ki\u1ec3m so\u00e1t)<\/td><\/tr><tr><td>K\u00edch th\u01b0\u1edbc<\/td><td>2,3 * 1,5 * 3,5m<\/td><td>1,9 * 1,3 * 4m<\/td><\/tr><tr><td>C\u00e2n n\u1eb7ng<\/td><td>11t<\/td><td>21t<\/td><\/tr><tr><td>K\u00edch th\u01b0\u1edbc pallet cu\u1ed1i c\u00f9ng<\/td><td>1200*1000mm, 1200*800mm<\/td><td>1200*1000mm, 1200*800mm<\/td><\/tr><\/tbody><\/table><figcaption class=\"wp-element-caption\">Th\u00f4ng s\u1ed1 k\u1ef9 thu\u1eadt c\u1ee7a m\u00e1y n\u00e9n pallet g\u1ed7<\/figcaption><\/figure>    <p>C\u00e1c th\u00f4ng s\u1ed1 tr\u00ean mang t\u00ednh ch\u1ea5t tham kh\u1ea3o cho b\u1ea1n khi l\u1ef1a ch\u1ecdn m\u00e1y. <\/p>    <p>N\u1ebfu mu\u1ed1n c\u00f3 thi\u1ebft b\u1ecb ph\u00f9 h\u1ee3p, b\u1ea1n c\u1ea7n cho ch\u00fang t\u00f4i bi\u1ebft nguy\u00ean li\u1ec7u th\u00f4, k\u00edch th\u01b0\u1edbc c\u1ee7a pallet g\u1ed7 (ch\u00fang t\u00f4i cung c\u1ea5p m\u1ed9t s\u1ed1 k\u00edch th\u01b0\u1edbc \u0111\u1ec3 b\u1ea1n tham kh\u1ea3o), tr\u1ecdng l\u01b0\u1ee3ng, v.v. v\u00e0 ng\u01b0\u1eddi qu\u1ea3n l\u00fd b\u00e1n h\u00e0ng c\u1ee7a ch\u00fang t\u00f4i s\u1ebd cung c\u1ea5p cho b\u1ea1n gi\u1ea3i ph\u00e1p t\u1ed1i \u01b0u theo b\u1ea1n c\u1ea7n.<\/p>   <div class=\"wp-block-image\"> <figure class=\"aligncenter size-full\"><img loading=\"lazy\" decoding=\"async\" width=\"720\" height=\"540\" src=\"https:\/\/shuliywoodmachine.com\/wp-content\/uploads\/2023\/07\/wood-pallet-machine-for-sale.webp\" alt=\"C\u1ea7n b\u00e1n m\u00e1y pallet g\u1ed7\" class=\"wp-image-1673\" title=\"\" srcset=\"https:\/\/shuliywoodmachine.com\/wp-content\/uploads\/2023\/07\/wood-pallet-machine-for-sale.webp 720w, https:\/\/shuliywoodmachine.com\/wp-content\/uploads\/2023\/07\/wood-pallet-machine-for-sale-300x225.webp 300w\" sizes=\"auto, (max-width: 720px) 100vw, 720px\" \/><figcaption class=\"wp-element-caption\">C\u1ea7n b\u00e1n m\u00e1y pallet g\u1ed7<\/figcaption><\/figure> <\/div>   <h2 class=\"wp-block-heading\"><strong>C\u1ea5u t\u1ea1o c\u1ee7a m\u00e1y l\u00e0m pallet g\u1ed7 t\u1ef1 \u0111\u1ed9ng g\u1ed3m nh\u1eefng g\u00ec?<\/strong><\/h2>    <div class=\"wp-block-media-text alignwide is-stacked-on-mobile\"><figure class=\"wp-block-media-text__media\"><img loading=\"lazy\" decoding=\"async\" width=\"720\" height=\"540\" src=\"https:\/\/shuliywoodmachine.com\/wp-content\/uploads\/2022\/09\/hydraulic-system.webp\" alt=\"h\u1ec7 th\u1ed1ng th\u1ee7y l\u1ef1c\" class=\"wp-image-861 size-full\" title=\"\" srcset=\"https:\/\/shuliywoodmachine.com\/wp-content\/uploads\/2022\/09\/hydraulic-system.webp 720w, https:\/\/shuliywoodmachine.com\/wp-content\/uploads\/2022\/09\/hydraulic-system-300x225.webp 300w\" sizes=\"auto, (max-width: 720px) 100vw, 720px\" \/><\/figure><div class=\"wp-block-media-text__content\"> <p class=\"translation-block\"><strong>H\u1ec7 th\u1ed1ng th\u1ee7y l\u1ef1c<\/strong>: n\u00f3 ch\u1ee7 y\u1ebfu c\u00f3 tr\u1ea1m b\u01a1m th\u1ee7y l\u1ef1c, cung c\u1ea5p \u00e1p l\u1ef1c khi m\u00e1y ho\u1ea1t \u0111\u1ed9ng. <\/p>    <p>N\u00f3i chung, \u00e1p su\u1ea5t c\u00f3 800t, 1000t, 1200t, v.v. <\/p>    <p>Xi lanh th\u1ee7y l\u1ef1c t\u00e1c \u0111\u1ed9ng l\u00ean khu\u00f4n. \u0110i\u1ec1u n\u00e0y l\u00e0m cho pallet g\u1ed7 \u0111\u01b0\u1ee3c s\u1ea3n xu\u1ea5t c\u00f3 m\u1eadt \u0111\u1ed9 d\u00e0y v\u00e0 kh\u1ea3 n\u0103ng ch\u1ecbu t\u1ea3i t\u1ed1t.<\/p> <\/div><\/div>    <div class=\"wp-block-media-text alignwide has-media-on-the-right is-stacked-on-mobile\"><div class=\"wp-block-media-text__content\"> <p class=\"translation-block\"><strong>T\u1ee7 \u0111i\u1ec1u khi\u1ec3n<\/strong>: \u0111i\u1ec1u khi\u1ec3n ho\u1ea1t \u0111\u1ed9ng c\u1ee7a c\u00e1c khu\u00f4n tr\u00ean v\u00e0 d\u01b0\u1edbi.<\/p>    <p class=\"translation-block\"><strong>Ph\u1ea7n l\u00e0m vi\u1ec7c c\u1ee7a khu\u00f4n<\/strong>: s\u1ea3n xu\u1ea5t c\u00e1c pallet g\u1ed7 \u0111\u1ea1t y\u00eau c\u1ea7u.<\/p> <\/div><figure class=\"wp-block-media-text__media\"><img loading=\"lazy\" decoding=\"async\" width=\"720\" height=\"540\" src=\"https:\/\/shuliywoodmachine.com\/wp-content\/uploads\/2022\/09\/controal-cabnit-and-molds.webp\" alt=\"\u0111i\u1ec1u khi\u1ec3n cabin v\u00e0 khu\u00f4n m\u1eabu\" class=\"wp-image-863 size-full\" title=\"\" srcset=\"https:\/\/shuliywoodmachine.com\/wp-content\/uploads\/2022\/09\/controal-cabnit-and-molds.webp 720w, https:\/\/shuliywoodmachine.com\/wp-content\/uploads\/2022\/09\/controal-cabnit-and-molds-300x225.webp 300w\" sizes=\"auto, (max-width: 720px) 100vw, 720px\" \/><\/figure><\/div>    <div class=\"wp-block-media-text alignwide is-stacked-on-mobile\"><figure class=\"wp-block-media-text__media\"><img loading=\"lazy\" decoding=\"async\" width=\"720\" height=\"540\" src=\"https:\/\/shuliywoodmachine.com\/wp-content\/uploads\/2022\/09\/mold-temperature-machine.webp\" alt=\"m\u00e1y nhi\u1ec7t \u0111\u1ed9 khu\u00f4n\" class=\"wp-image-864 size-full\" title=\"\" srcset=\"https:\/\/shuliywoodmachine.com\/wp-content\/uploads\/2022\/09\/mold-temperature-machine.webp 720w, https:\/\/shuliywoodmachine.com\/wp-content\/uploads\/2022\/09\/mold-temperature-machine-300x225.webp 300w\" sizes=\"auto, (max-width: 720px) 100vw, 720px\" \/><\/figure><div class=\"wp-block-media-text__content\"> <p class=\"translation-block\"><strong>M\u00e1y \u0111i\u1ec1u ch\u1ec9nh nhi\u1ec7t \u0111\u1ed9 khu\u00f4n<\/strong>: k\u1ebft n\u1ed1i v\u1edbi khu\u00f4n, n\u00f3 cung c\u1ea5p nhi\u1ec7t \u0111\u1ed9 cao. Nhi\u1ec7t \u0111\u1ed9 th\u01b0\u1eddng l\u00e0 180\u2103. <\/p>    <p>Ngo\u00e0i ra, n\u00f3 c\u1ea7n d\u1ea7u d\u1eabn nhi\u1ec7t ho\u1eb7c l\u00f2 d\u1eabn nhi\u1ec7t, th\u01b0\u1eddng s\u1eed d\u1ee5ng d\u1ea7u d\u1eabn nhi\u1ec7t.<\/p> <\/div><\/div>    <h2 class=\"wp-block-heading\"><strong>Quy tr\u00ecnh l\u00e0m vi\u1ec7c c\u1ee7a m\u00e1y \u00e9p pallet g\u1ed7<\/strong><\/h2>    <p>V\u1edbi nhi\u1ec7t \u0111\u1ed9 v\u00e0 \u00e1p su\u1ea5t cao, g\u1ed7 th\u1ea3i c\u00f3 th\u1ec3 \u0111\u01b0\u1ee3c t\u1ea1o th\u00e0nh c\u00e1c pallet g\u1ed7 ch\u1ea5t l\u01b0\u1ee3ng. To\u00e0n b\u1ed9 qu\u00e1 tr\u00ecnh l\u00e0m pallet g\u1ed7 \u0111\u01b0\u1ee3c th\u1ec3 hi\u1ec7n nh\u01b0 sau:<\/p>    <ul class=\"wp-block-list\"> <li>Tr\u01b0\u1edbc h\u1ebft, khu\u00f4n c\u1ea7n \u0111\u01b0\u1ee3c l\u00e0m n\u00f3ng \u0111\u1ebfn 180oC, sau \u0111\u00f3 cho nguy\u00ean li\u1ec7u th\u00f4 v\u00e0o gi\u1eefa khu\u00f4n. C\u1ea7n l\u01b0u \u00fd r\u1eb1ng nguy\u00ean li\u1ec7u th\u00f4 ph\u1ea3i \u0111\u01b0\u1ee3c \u0111\u1eb7t ph\u1eb3ng \u1edf c\u1ea1nh tr\u00ean. <\/li>    <li>Sau \u0111\u00f3, kh\u1edfi \u0111\u1ed9ng m\u00e1y \u0111\u00f3ng pallet g\u1ed7 \u0111\u00fac. Ph\u1ea3i m\u1ea5t h\u01a1n 4-5 ph\u00fat \u0111\u1ec3 l\u00e0m m\u1ed9t pallet.<\/li>    <li>Sau khi ho\u00e0n thi\u1ec7n, khu\u00f4n tr\u00ean n\u00e2ng l\u00ean, khu\u00f4n d\u01b0\u1edbi \u0111\u1ea9y pallet ra ngo\u00e0i. Quy tr\u00ecnh s\u1ea3n xu\u1ea5t ho\u00e0n ch\u1ec9nh m\u1ed9t pallet g\u1ed7 \u0111\u00e3 ho\u00e0n t\u1ea5t.<\/li> <\/ul>    <figure class=\"wp-block-embed is-type-video is-provider-youtube wp-block-embed-youtube wp-embed-aspect-16-9 wp-has-aspect-ratio\"><div class=\"wp-block-embed__wrapper\"> <iframe loading=\"lazy\" title=\"S\u1eed d\u1ee5ng Tr\u1ea5u \u0111\u1ec3 L\u00e0m Pallet G\u1ed7 nh\u01b0 th\u1ebf n\u00e0o? B\u00e1n M\u00e1y L\u00e0m Pallet G\u1ed7 \u0110\u00fac Khu\u00f4n #recycling\" width=\"500\" height=\"281\" src=\"https:\/\/www.youtube.com\/embed\/D0EDtwjyMus?feature=oembed\" frameborder=\"0\" allow=\"accelerometer; autoplay; clipboard-write; encrypted-media; gyroscope; picture-in-picture; web-share\" referrerpolicy=\"strict-origin-when-cross-origin\" allowfullscreen><\/iframe> <\/div><figcaption class=\"wp-element-caption\">Video h\u01b0\u1edbng d\u1eabn l\u00e0m pallet g\u1ed7 t\u1eeb tr\u1ea5u<\/figcaption><\/figure>    <h2 class=\"wp-block-heading\"><strong>\u01afu \u0111i\u1ec3m c\u1ee7a pallet g\u1ed7 l\u00e0 g\u00ec?<\/strong><\/h2>    <div class=\"wp-block-media-text alignwide is-stacked-on-mobile\"><figure class=\"wp-block-media-text__media\"><img loading=\"lazy\" decoding=\"async\" width=\"720\" height=\"540\" src=\"https:\/\/shuliywoodmachine.com\/wp-content\/uploads\/2022\/09\/wood-pallets.webp\" alt=\"pallet g\u1ed7\" class=\"wp-image-865 size-full\" title=\"\" srcset=\"https:\/\/shuliywoodmachine.com\/wp-content\/uploads\/2022\/09\/wood-pallets.webp 720w, https:\/\/shuliywoodmachine.com\/wp-content\/uploads\/2022\/09\/wood-pallets-300x225.webp 300w\" sizes=\"auto, (max-width: 720px) 100vw, 720px\" \/><\/figure><div class=\"wp-block-media-text__content\"> <ul class=\"wp-block-list\"> <li><strong>Nh\u1eadp kh\u1ea9u xu\u1ea5t kh\u1ea9u<\/strong>: ch\u1ea5t l\u01b0\u1ee3ng t\u1ed1t c\u1ee7a pallet g\u1ed7 \u0111\u01b0\u1ee3c s\u1ea3n xu\u1ea5t \u0111\u1ec3 b\u00e1n.<\/li>    <li><strong>Kh\u1eed tr\u00f9ng mi\u1ec5n ph\u00ed<\/strong>: c\u00e1c pallet g\u1ed7 kh\u00f4ng \u0111\u01b0\u1ee3c kh\u1eed tr\u00f9ng.<\/li>    <li><strong>Th\u00e2n thi\u1ec7n v\u1edbi m\u00f4i tr\u01b0\u1eddng<\/strong>: b\u1edfi v\u00ec n\u00f3 \u0111\u01b0\u1ee3c l\u00e0m t\u1eeb \u0111\u1ed3 trang tr\u00ed t\u00e1i ch\u1ebf.<\/li>    <li><strong>H\u00e0m l\u01b0\u1ee3ng n\u01b0\u1edbc th\u1ea5p<\/strong>: pallet g\u1ed7 \u1ed5n \u0111\u1ecbnh h\u01a1n, kh\u00f4ng d\u1ec5 b\u1ecb bi\u1ebfn d\u1ea1ng v\u00e0 c\u00f3 tu\u1ed5i th\u1ecd cao.<\/li>    <li><strong>Kh\u1ea3 n\u0103ng ch\u1ecbu t\u1ea3i l\u1edbn<\/strong>: v\u00ed d\u1ee5: \u0111\u1ed1i v\u1edbi pallet 1000 * 1000, t\u1ea3i t\u0129nh l\u00e0 5t-10t v\u00e0 t\u1ea3i \u0111\u1ed9ng l\u00e0 3-5t.<\/li>    <li><strong>Ti\u1ebft ki\u1ec7m kh\u00f4ng gian<\/strong>: c\u00e1c pallet g\u1ed7 c\u00f3 th\u1ec3 \u0111\u01b0\u1ee3c x\u1ebfp ch\u1ed3ng l\u00ean nhau v\u00e0 tr\u1ee5 cao su c\u1ee7a pallet c\u00f3 th\u1ec3 \u0111\u01b0\u1ee3c r\u00fat l\u1ea1i.<\/li> <\/ul> <\/div><\/div>    <h2 class=\"wp-block-heading\"><strong>M\u00e1y \u00e9p n\u00f3ng pallet g\u1ed7 Shuliy to\u00e0n c\u1ea7u<\/strong><\/h2>    <p class=\"translation-block\"><strong>M\u00e1y s\u1ea3n xu\u1ea5t pallet g\u1ed7 SL-800 xu\u1ea5t kh\u1ea9u sang Mexico<\/strong><\/p>    <p>Kh\u00e1ch h\u00e0ng Mexico n\u00e0y c\u00f3 c\u00f4ng ty ri\u00eang v\u00e0 mua m\u00e1y pallet g\u1ed7 ch\u1ee7 y\u1ebfu \u0111\u1ec3 x\u1eed l\u00fd r\u00e1c th\u1ea3i v\u00e0 bi\u1ebfn n\u00f3 th\u00e0nh kho b\u00e1u \u0111\u1ec3 s\u1eed d\u1ee5ng. <\/p>    <p>B\u1ecb thu h\u00fat b\u1edfi kh\u1ea3 n\u0103ng t\u00f9y ch\u1ec9nh m\u00e1y, hi\u1ec7u qu\u1ea3 v\u1ec1 chi ph\u00ed v\u00e0 d\u1ecbch v\u1ee5 h\u1eadu m\u00e3i c\u1ee7a ch\u00fang t\u00f4i, kh\u00e1ch h\u00e0ng n\u00e0y \u0111\u00e3 \u0111\u1eb7t h\u00e0ng l\u00e0m pallet g\u1ed7 1200 * 1000mm v\u00e0 600 * 800mm.<\/p>    <p>Ch\u00fang t\u00f4i nhanh ch\u00f3ng s\u1eafp x\u1ebfp \u0111\u1ec3 s\u1ea3n xu\u1ea5t. Sau khi ho\u00e0n th\u00e0nh, ch\u00fang t\u00f4i s\u1eafp x\u1ebfp v\u1eadn chuy\u1ec3n b\u1eb1ng \u0111\u01b0\u1eddng bi\u1ec3n.<\/p>    <figure class=\"wp-block-gallery has-nested-images columns-default is-cropped wp-block-gallery-4 is-layout-flex wp-block-gallery-is-layout-flex\"> <figure class=\"wp-block-image size-large\"><img loading=\"lazy\" decoding=\"async\" width=\"720\" height=\"540\" data-id=\"2173\" src=\"https:\/\/shuliywoodmachine.com\/wp-content\/uploads\/2022\/09\/compressed-wood-pallet-making-machine-for-sale.webp\" alt=\"C\u1ea7n b\u00e1n m\u00e1y l\u00e0m pallet g\u1ed7 n\u00e9n\" class=\"wp-image-2173\" title=\"\" srcset=\"https:\/\/shuliywoodmachine.com\/wp-content\/uploads\/2022\/09\/compressed-wood-pallet-making-machine-for-sale.webp 720w, https:\/\/shuliywoodmachine.com\/wp-content\/uploads\/2022\/09\/compressed-wood-pallet-making-machine-for-sale-300x225.webp 300w, https:\/\/shuliywoodmachine.com\/wp-content\/uploads\/2022\/09\/compressed-wood-pallet-making-machine-for-sale-16x12.webp 16w\" sizes=\"auto, (max-width: 720px) 100vw, 720px\" \/><figcaption class=\"wp-element-caption\">C\u1ea7n b\u00e1n m\u00e1y l\u00e0m pallet g\u1ed7 n\u00e9n<\/figcaption><\/figure>    <figure class=\"wp-block-image size-large\"><img loading=\"lazy\" decoding=\"async\" width=\"720\" height=\"540\" data-id=\"2174\" src=\"https:\/\/shuliywoodmachine.com\/wp-content\/uploads\/2022\/09\/molded-sawdust-wood-pallet-machine.webp\" alt=\"m\u00e1y \u00e9p pallet g\u1ed7 m\u00f9n c\u01b0a\" class=\"wp-image-2174\" title=\"\" srcset=\"https:\/\/shuliywoodmachine.com\/wp-content\/uploads\/2022\/09\/molded-sawdust-wood-pallet-machine.webp 720w, https:\/\/shuliywoodmachine.com\/wp-content\/uploads\/2022\/09\/molded-sawdust-wood-pallet-machine-300x225.webp 300w, https:\/\/shuliywoodmachine.com\/wp-content\/uploads\/2022\/09\/molded-sawdust-wood-pallet-machine-16x12.webp 16w\" sizes=\"auto, (max-width: 720px) 100vw, 720px\" \/><figcaption class=\"wp-element-caption\">M\u00e1y \u00e9p pallet g\u1ed7 m\u00f9n c\u01b0a<\/figcaption><\/figure> <\/figure>    <h2 class=\"wp-block-heading\"><strong>Li\u00ean h\u1ec7 v\u1edbi ch\u00fang t\u00f4i \u0111\u1ec3 bi\u1ebft th\u00eam chi ti\u1ebft m\u00e1y!<\/strong><\/h2>    <p class=\"translation-block\">Ch\u00fang t\u00f4i kh\u00f4ng ch\u1ec9 cung c\u1ea5p thi\u1ebft b\u1ecb \u0111\u01a1n l\u1ebb, m\u00e0 c\u00f2n c\u00f3 <a href=\"https:\/\/shuliywoodmachine.com\/vi\/product\/day-chuyen-san-xuat-pallet-go\/\">d\u00e2y chuy\u1ec1n s\u1ea3n xu\u1ea5t pallet g\u1ed7 \u00e9p<\/a> ho\u00e0n ch\u1ec9nh \u0111\u1ec3 b\u00e1n nh\u1eb1m gi\u00fap b\u1ea1n hi\u1ec7n th\u1ef1c h\u00f3a s\u1ea3n xu\u1ea5t hi\u1ec7u qu\u1ea3. Ch\u00fang t\u00f4i mong mu\u1ed1n h\u1ee3p t\u00e1c v\u1edbi b\u1ea1n v\u00e0 cung c\u1ea5p d\u1ecbch v\u1ee5 ch\u1ea5t l\u01b0\u1ee3ng cao cho doanh nghi\u1ec7p <a href=\"https:\/\/en.wikipedia.org\/wiki\/Recycling\" target=\"_blank\" rel=\"noopener\">t\u00e1i ch\u1ebf<\/a> c\u1ee7a b\u1ea1n.<\/p>    <p>N\u1ebfu b\u1ea1n mu\u1ed1n bi\u1ebft th\u00eam chi ti\u1ebft v\u1ec1 thi\u1ebft b\u1ecb c\u1ee7a ch\u00fang t\u00f4i, vui l\u00f2ng li\u00ean h\u1ec7 v\u1edbi ch\u00fang t\u00f4i. Ch\u00fang t\u00f4i s\u1ebd cung c\u1ea5p cho b\u1ea1n c\u00e1c gi\u1ea3i ph\u00e1p chuy\u00ean nghi\u1ec7p \u0111\u1ec3 \u0111\u00e1p \u1ee9ng c\u00e1c nhu c\u1ea7u kh\u00e1c nhau c\u1ee7a b\u1ea1n.<\/p>","protected":false},"excerpt":{"rendered":"<p>M\u00e1y pallet g\u1ed7 Shuliy d\u00f9ng \u0111\u1ec3 s\u1ea3n xu\u1ea5t pallet g\u1ed7 ch\u1ea5t l\u01b0\u1ee3ng t\u1eeb m\u00f9n c\u01b0a, d\u0103m g\u1ed7, tr\u1ea5u,\u2026 b\u1eb1ng nhi\u1ec7t \u0111\u1ed9 v\u00e0 \u00e1p su\u1ea5t cao.<\/p>","protected":false},"author":1,"featured_media":681,"parent":0,"template":"","tags":[30,152,86],"product-type":[76],"class_list":["post-680","product","type-product","status-publish","has-post-thumbnail","hentry","tag-wood-crusher","tag-wood-pallet","tag-wood-pallet-machine","product-type-waste-wood-recycling-machine"],"_links":{"self":[{"href":"https:\/\/shuliywoodmachine.com\/vi\/wp-json\/wp\/v2\/product\/680","targetHints":{"allow":["GET"]}}],"collection":[{"href":"https:\/\/shuliywoodmachine.com\/vi\/wp-json\/wp\/v2\/product"}],"about":[{"href":"https:\/\/shuliywoodmachine.com\/vi\/wp-json\/wp\/v2\/types\/product"}],"author":[{"embeddable":true,"href":"https:\/\/shuliywoodmachine.com\/vi\/wp-json\/wp\/v2\/users\/1"}],"wp:featuredmedia":[{"embeddable":true,"href":"https:\/\/shuliywoodmachine.com\/vi\/wp-json\/wp\/v2\/media\/681"}],"wp:attachment":[{"href":"https:\/\/shuliywoodmachine.com\/vi\/wp-json\/wp\/v2\/media?parent=680"}],"wp:term":[{"taxonomy":"post_tag","embeddable":true,"href":"https:\/\/shuliywoodmachine.com\/vi\/wp-json\/wp\/v2\/tags?post=680"},{"taxonomy":"product-type","embeddable":true,"href":"https:\/\/shuliywoodmachine.com\/vi\/wp-json\/wp\/v2\/product-type?post=680"}],"curies":[{"name":"wp","href":"https:\/\/api.w.org\/{rel}","templated":true}]}}