{"id":97,"date":"2022-07-08T07:42:24","date_gmt":"2022-07-08T07:42:24","guid":{"rendered":"https:\/\/shuliywoodmachine.com\/?post_type=product&#038;p=97"},"modified":"2025-04-24T11:21:48","modified_gmt":"2025-04-24T03:21:48","slug":"roller-debarker-log-debarker-machine","status":"publish","type":"product","link":"https:\/\/shuliywoodmachine.com\/vi\/product\/roller-debarker-log-debarker-machine\/","title":{"rendered":"M\u00e1y l\u0103n con l\u0103n | \u0110\u0103ng nh\u1eadp m\u00e1y Debarker"},"content":{"rendered":"<p class=\"translation-block\">M\u00e1y b\u00f3c v\u1ecf g\u1ed7 cu\u1ed9n n\u00e0y \u0111\u01b0\u1ee3c s\u1eed d\u1ee5ng \u0111\u1ec3 lo\u1ea1i b\u1ecf v\u1ecf g\u1ed7 log c\u00f9ng v\u1edbi vi\u1ec7c cu\u1ed9n v\u00e0 l\u00e0m vi\u1ec7c. Lo\u1ea1i <a href=\"https:\/\/shuliywoodmachine.com\/vi\/product\/wood-debarker-log-debarker\/\" target=\"_blank\" rel=\"noreferrer noopener\">m\u00e1y b\u00f3c v\u1ecf g\u1ed7 log<\/a> n\u00e0y \u0111ang \u0111\u01b0\u1ee3c b\u00e1n c\u00f3 hai cu\u1ed9n (th\u00f4ng th\u01b0\u1eddng), c\u1ea3i thi\u1ec7n hi\u1ec7u qu\u1ea3 l\u00e0m vi\u1ec7c v\u00e0 ti\u1ebft ki\u1ec7m th\u1eddi gian. N\u00f3 s\u1eed d\u1ee5ng <a href=\"https:\/\/en.wikipedia.org\/wiki\/Engine\" target=\"_blank\" rel=\"noreferrer noopener\">\u0111\u1ed9ng c\u01a1<\/a> \u0111\u1ec3 h\u1ed7 tr\u1ee3 c\u00f4ng vi\u1ec7c c\u1ee7a n\u00f3. H\u01a1n n\u1eefa, m\u00e1y b\u00f3c v\u1ecf \u0111ang \u0111\u01b0\u1ee3c b\u00e1n c\u00f3 nhi\u1ec1u \u1ee9ng d\u1ee5ng cho vi\u1ec7c l\u1ed9t b\u1ecf c\u00e1c nh\u00e1nh, g\u1ed7 kh\u00f4ng \u0111\u1ec1u, c\u00e1c \u0111o\u1ea1n g\u1ed7, v.v. Sau khi lo\u1ea1i b\u1ecf v\u1ecf c\u00e2y, b\u1ea1n c\u00f3 th\u1ec3 s\u1eed d\u1ee5ng m\u00e1y nghi\u1ec1n g\u1ed7 \u0111\u1ec3 ti\u1ebfp t\u1ee5c quy tr\u00ecnh ti\u1ebfp theo. N\u1ebfu b\u1ea1n quan t\u00e2m, h\u00e3y li\u00ean h\u1ec7 v\u1edbi ch\u00fang t\u00f4i!<\/p>    <figure class=\"wp-block-embed is-type-video is-provider-youtube wp-block-embed-youtube wp-embed-aspect-16-9 wp-has-aspect-ratio\"><div class=\"wp-block-embed__wrapper\"> <iframe loading=\"lazy\" title=\"M\u00e1y Debarker cho vi\u1ec7c bong tr\u00f3c g\u1ed7 | L\u00e0m th\u1ebf n\u00e0o \u0111\u1ec3 m\u00e1y t\u00ednh d\u00f2ng ch\u1eef ho\u1ea1t \u0111\u1ed9ng? X\u1eed l\u00fd g\u1ed7 2-4m\" width=\"500\" height=\"281\" src=\"https:\/\/www.youtube.com\/embed\/rgVUWCXGTAA?feature=oembed\" frameborder=\"0\" allow=\"accelerometer; autoplay; clipboard-write; encrypted-media; gyroscope; picture-in-picture; web-share\" referrerpolicy=\"strict-origin-when-cross-origin\" allowfullscreen><\/iframe> <\/div><figcaption class=\"wp-element-caption\">Video c\u1ee7a m\u00e1y g\u1ee1 l\u1ed7i nh\u1eadt k\u00fd<\/figcaption><\/figure>    <h2 class=\"wp-block-heading\" id=\"h-why-choose-the-double-roller-debarker-machine\"><strong>T\u1ea1i sao n\u00ean ch\u1ecdn m\u00e1y b\u00f3c v\u1ecf con l\u0103n \u0111\u00f4i?<\/strong><\/h2>    <p class=\"translation-block\">Th\u00e0nh th\u1eadt m\u00e0 n\u00f3i, lo\u1ea1i m\u00e1y b\u00f3c v\u1ecf cu\u1ed9n n\u00e0y th\u01b0\u1eddng \u0111\u01b0\u1ee3c s\u1eed d\u1ee5ng cho x\u01b0\u1edfng c\u01b0a l\u1edbn, v\u1eeba, nh\u1ecf, nh\u00e0 m\u00e1y gi\u1ea5y, nh\u00e0 m\u00e1y v\u00e1n, nh\u00e0 m\u00e1y b\u1ed9t g\u1ed7, l\u00e2m nghi\u1ec7p, b\u00e3i g\u1ed7, nh\u00e0 m\u00e1y v\u00e1n \u00e9p, v.v. Lo\u1ea1i <a href=\"https:\/\/shuliywoodmachine.com\/vi\/product\/wood-debarker\/\" target=\"_blank\" rel=\"noreferrer noopener\">m\u00e1y b\u00f3c g\u1ed7<\/a> n\u00e0y c\u00f3 kh\u1ea3 n\u0103ng x\u1eed l\u00fd c\u00e1c nh\u00e1nh nh\u1ecf, g\u1ed7 kh\u00f4ng \u0111\u1ec1u, m\u1ed9t l\u01b0\u1ee3ng l\u1edbn g\u1ed7, c\u00e1c \u0111o\u1ea1n g\u1ed7, v.v. V\u00ec v\u1eady, n\u1ebfu b\u1ea1n c\u00f3 nh\u1eefng nguy\u00ean li\u1ec7u th\u00f4 t\u01b0\u01a1ng t\u1ef1 nh\u01b0 v\u1eady, ch\u1ecdn m\u00e1y b\u00f3c v\u1ecf cu\u1ed9n n\u00e0y l\u00e0 s\u1ef1 l\u1ef1a ch\u1ecdn t\u1ed1t nh\u1ea5t.<\/p>   <div class=\"wp-block-image\"> <figure class=\"aligncenter size-full\"><img loading=\"lazy\" decoding=\"async\" width=\"1117\" height=\"388\" src=\"https:\/\/shuliywoodmachine.com\/wp-content\/uploads\/2022\/09\/log-debarker-machine-applications.webp\" alt=\"\u0111\u0103ng nh\u1eadp c\u00e1c \u1ee9ng d\u1ee5ng m\u00e1y g\u1ee1 l\u1ed7i\" class=\"wp-image-754\" title=\"\" srcset=\"https:\/\/shuliywoodmachine.com\/wp-content\/uploads\/2022\/09\/log-debarker-machine-applications.webp 1117w, https:\/\/shuliywoodmachine.com\/wp-content\/uploads\/2022\/09\/log-debarker-machine-applications-300x104.webp 300w, https:\/\/shuliywoodmachine.com\/wp-content\/uploads\/2022\/09\/log-debarker-machine-applications-1024x356.webp 1024w, https:\/\/shuliywoodmachine.com\/wp-content\/uploads\/2022\/09\/log-debarker-machine-applications-768x267.webp 768w\" sizes=\"auto, (max-width: 1117px) 100vw, 1117px\" \/><figcaption class=\"wp-element-caption\">\u0111\u0103ng nh\u1eadp c\u00e1c \u1ee9ng d\u1ee5ng m\u00e1y g\u1ee1 l\u1ed7i<\/figcaption><\/figure> <\/div>   <h2 class=\"wp-block-heading\"><strong>\u01afu \u0111i\u1ec3m c\u1ee7a vi\u1ec7c s\u1eed d\u1ee5ng m\u00e1y b\u00f3c v\u1ecf g\u1ed7<\/strong><\/h2>    <p>Th\u00f4ng th\u01b0\u1eddng, m\u00e1y b\u00f3c v\u1ecf con l\u0103n c\u00f3 th\u1ec3 x\u1eed l\u00fd g\u1ed7 v\u1edbi c\u00f4ng su\u1ea5t t\u1eeb \u200b\u200b5-18t\/h. Nh\u1edd \u0111\u00f3, hi\u1ec7u qu\u1ea3 l\u00e0m vi\u1ec7c r\u1ea5t nhanh v\u00e0 cao. Khi b\u1ea1n mu\u1ed1n b\u00f3c v\u1ecf g\u1ed7 theo m\u1ebb, chi\u1ebfc m\u00e1y n\u00e0y l\u00e0 m\u1ed9t l\u1ef1a ch\u1ecdn t\u1ed1t.<\/p>    <p>\u0110\u1ed3ng th\u1eddi, c\u00e1c l\u1ed7 t\u1ed3n t\u1ea1i tr\u00ean m\u00e1y b\u00f3c v\u1ecf con l\u0103n \u0111\u00f4i. Trong qu\u00e1 tr\u00ecnh l\u00e0m vi\u1ec7c, c\u00e1c t\u1ea1p ch\u1ea5t tho\u00e1t ra t\u1eeb c\u00e1c l\u1ed7, l\u00e0m t\u0103ng hi\u1ec7u qu\u1ea3 l\u00e0m vi\u1ec7c v\u00e0 gi\u1ea3m kh\u1ea3 n\u0103ng l\u00e0m s\u1ea1ch th\u1ee7 c\u00f4ng.<\/p>    <p>B\u1edfi v\u00ec m\u00e1y th\u01b0\u1eddng s\u1eed d\u1ee5ng m\u1ed9t con l\u0103n \u0111\u00f4i, b\u0103ng t\u1ea3i c\u00f3 th\u1ec3 \u0111\u01b0\u1ee3c trang b\u1ecb, v\u00e0 \u1edf m\u1ed9t m\u1ee9c \u0111\u1ed9 n\u00e0o \u0111\u00f3, c\u00f4ng vi\u1ec7c \u0111\u01b0\u1ee3c t\u0103ng t\u1ed1c.<\/p>    <figure class=\"wp-block-gallery aligncenter has-nested-images columns-default is-cropped wp-block-gallery-2 is-layout-flex wp-block-gallery-is-layout-flex\"> <figure class=\"wp-block-image size-full\"><img loading=\"lazy\" decoding=\"async\" width=\"720\" height=\"540\" data-id=\"746\" src=\"https:\/\/shuliywoodmachine.com\/wp-content\/uploads\/2022\/09\/wood-roller-debarker-machine.webp\" alt=\"m\u00e1y b\u00f3c v\u1ecf con l\u0103n g\u1ed7\" class=\"wp-image-746\" title=\"\" srcset=\"https:\/\/shuliywoodmachine.com\/wp-content\/uploads\/2022\/09\/wood-roller-debarker-machine.webp 720w, https:\/\/shuliywoodmachine.com\/wp-content\/uploads\/2022\/09\/wood-roller-debarker-machine-300x225.webp 300w\" sizes=\"auto, (max-width: 720px) 100vw, 720px\" \/><figcaption class=\"wp-element-caption\">M\u00e1y b\u00f3c v\u1ecf con l\u0103n g\u1ed7<\/figcaption><\/figure>    <figure class=\"wp-block-image size-full\"><img loading=\"lazy\" decoding=\"async\" width=\"720\" height=\"540\" data-id=\"748\" src=\"https:\/\/shuliywoodmachine.com\/wp-content\/uploads\/2022\/09\/double-roller-wood-debarker-with-the-conveyor.webp\" alt=\"m\u00e1y b\u00f3c v\u1ecf g\u1ed7 con l\u0103n \u0111\u00f4i c\u00f3 b\u0103ng t\u1ea3i\" class=\"wp-image-748\" title=\"\" srcset=\"https:\/\/shuliywoodmachine.com\/wp-content\/uploads\/2022\/09\/double-roller-wood-debarker-with-the-conveyor.webp 720w, https:\/\/shuliywoodmachine.com\/wp-content\/uploads\/2022\/09\/double-roller-wood-debarker-with-the-conveyor-300x225.webp 300w\" sizes=\"auto, (max-width: 720px) 100vw, 720px\" \/><figcaption class=\"wp-element-caption\">M\u00e1y b\u00f3c v\u1ecf g\u1ed7 con l\u0103n \u0111\u00f4i v\u1edbi b\u0103ng t\u1ea3i<\/figcaption><\/figure> <\/figure>    <h2 class=\"wp-block-heading\"><strong>M\u00e1y b\u00f3c v\u1ecf g\u1ed7 con l\u0103n ho\u1ea1t \u0111\u1ed9ng nh\u01b0 th\u1ebf n\u00e0o?<\/strong><\/h2>    <p>Th\u1ef1c ra nguy\u00ean l\u00fd ho\u1ea1t \u0111\u1ed9ng c\u1ee7a n\u00f3 r\u1ea5t \u0111\u01a1n gi\u1ea3n. \u0110\u01b0a nguy\u00ean li\u1ec7u g\u1ed7 v\u00e0o khu v\u1ef1c l\u00e0m vi\u1ec7c c\u1ee7a m\u00e1y l\u0103n tr\u1ee5c l\u0103n. Ma s\u00e1t gi\u1eefa c\u00e1c con l\u0103n \u0111\u00f4i v\u00e0 ma s\u00e1t gi\u1eefa nguy\u00ean li\u1ec7u th\u00f4 c\u00f3 th\u1ec3 l\u00e0m cho c\u00f4ng vi\u1ec7c b\u00f3c v\u1ecf di\u1ec5n ra su\u00f4n s\u1ebb v\u00e0 \u0111\u1ea1t \u0111\u01b0\u1ee3c hi\u1ec7u qu\u1ea3 b\u00f3c v\u1ecf t\u1ed1t. T\u1ed1c \u0111\u1ed9 b\u00f3c v\u1ecf c\u1ee7a m\u00e1y ch\u00fang t\u00f4i l\u00e0 tr\u00ean 95%.<\/p>   <div class=\"wp-block-image\"> <figure class=\"aligncenter size-full\"><img loading=\"lazy\" decoding=\"async\" width=\"720\" height=\"450\" src=\"https:\/\/shuliywoodmachine.com\/wp-content\/uploads\/2022\/09\/structure-details-of-roller-debarker.webp\" alt=\"chi ti\u1ebft c\u1ea5u tr\u00fac c\u1ee7a con l\u0103n debarker\" class=\"wp-image-756\" title=\"\" srcset=\"https:\/\/shuliywoodmachine.com\/wp-content\/uploads\/2022\/09\/structure-details-of-roller-debarker.webp 720w, https:\/\/shuliywoodmachine.com\/wp-content\/uploads\/2022\/09\/structure-details-of-roller-debarker-300x188.webp 300w\" sizes=\"auto, (max-width: 720px) 100vw, 720px\" \/><figcaption class=\"wp-element-caption\">chi ti\u1ebft c\u1ea5u tr\u00fac c\u1ee7a con l\u0103n debarker<\/figcaption><\/figure> <\/div>   <h2 class=\"wp-block-heading\"><strong>Th\u00f4ng s\u1ed1 k\u1ef9 thu\u1eadt c\u1ee7a m\u00e1y b\u00f3c v\u1ecf g\u1ed7<\/strong><\/h2>    <figure class=\"wp-block-table\"><table><tbody><tr><td>Ng\u01b0\u1eddi m\u1eabu<\/td><td>SL-S500<\/td><td>SL-S600<\/td><td>SL-S700<\/td><td>SL-S800<\/td><\/tr><tr><td>\u0110\u01b0\u1eddng k\u00ednh g\u1ed7 (mm)<\/td><td>50-200<\/td><td>50-300<\/td><td>50-400<\/td><td>50-500<\/td><\/tr><tr><td>Chi\u1ec1u d\u00e0i g\u1ed7 (m)<\/td><td>2-4<\/td><td>2-5<\/td><td>2-5<\/td><td>2-6<\/td><\/tr><tr><td>C\u00f4ng su\u1ea5t(T\/H)<\/td><td>5-6<\/td><td>6-8<\/td><td>10-12<\/td><td>15-18<\/td><\/tr><tr><td>T\u1ef7 l\u1ec7 bong tr\u00f3c<\/td><td>\uff1e95%<\/td><td>\uff1e95%<\/td><td>\uff1e95%<\/td><td>\uff1e95%<\/td><\/tr><tr><td>\u0110\u01b0\u1eddng k\u00ednh con l\u0103n (mm)<\/td><td>250<\/td><td>274<\/td><td>370<\/td><td>540<\/td><\/tr><tr><td>T\u1ed1c \u0111\u1ed9 quay con l\u0103n (rpm)<\/td><td>230<\/td><td>230<\/td><td>200<\/td><td>180<\/td><\/tr><tr><td>Chi\u1ec1u d\u00e0i con l\u0103n (mm)<\/td><td>580<\/td><td>580<\/td><td>580<\/td><td>580<\/td><\/tr><tr><td>C\u00f4ng su\u1ea5t (kW)<\/td><td>7.5*2<\/td><td>7.5*2<\/td><td>11*2<\/td><td>15*2<\/td><\/tr><tr><td>Tr\u1ecdng l\u01b0\u1ee3ng (T)<\/td><td>2.5<\/td><td>2.8<\/td><td>3.5<\/td><td>6<\/td><\/tr><tr><td>K\u00edch th\u01b0\u1edbc (L * W * H) (m)<\/td><td>6*2.1*1.5<\/td><td>6.02*2.26*1.52<\/td><td>6*2.5*1.6<\/td><td>6*2.8*1.7<\/td><\/tr><\/tbody><\/table><\/figure>    <p>T\u1eeb b\u1ea3ng tr\u00ean, m\u1ed9t s\u1ed1 lo\u1ea1i c\u00f3 s\u1eb5n cho b\u1ea1n l\u1ef1a ch\u1ecdn. Khi c\u00f3 nhu c\u1ea7u v\u1ec1 lo\u1ea1i m\u00e1y g\u1ed7 n\u00e0y, b\u1ea1n c\u00f3 th\u1ec3 cho bi\u1ebft y\u00eau c\u1ea7u c\u1ee7a m\u00ecnh bao g\u1ed3m c\u00f4ng su\u1ea5t m\u00e1y, c\u1ea5u h\u00ecnh m\u00e1y, chi\u1ec1u d\u00e0i g\u1ed7 c\u1ea7n x\u1eed l\u00fd, v.v. Gi\u00e1m \u0111\u1ed1c b\u00e1n h\u00e0ng c\u1ee7a ch\u00fang t\u00f4i s\u1ebd cung c\u1ea5p gi\u1ea3i ph\u00e1p t\u1ed1t nh\u1ea5t theo nhu c\u1ea7u c\u1ee7a b\u1ea1n.<\/p>","protected":false},"excerpt":{"rendered":"<p>This roller debarker is used for removing the log wood bark along with the roller rotating and working. This kind of log debarker machine for sale has a double roller(generally), improving the working efficiency and saving time. It uses the motor to support its work. Moreover, the debarker for sale has wide applications for stripping [&hellip;]<\/p>\n","protected":false},"author":1,"featured_media":757,"parent":0,"template":"","tags":[52,53,48,46,16,56,55],"product-type":[5],"class_list":["post-97","product","type-product","status-publish","has-post-thumbnail","hentry","tag-double-roller-debarker","tag-roller-debarker","tag-wood-debarker","tag-wood-debarker-machine","tag-wood-machine","tag-wood-peeler","tag-wood-peeling-machine","product-type-wood-debarker"],"_links":{"self":[{"href":"https:\/\/shuliywoodmachine.com\/vi\/wp-json\/wp\/v2\/product\/97","targetHints":{"allow":["GET"]}}],"collection":[{"href":"https:\/\/shuliywoodmachine.com\/vi\/wp-json\/wp\/v2\/product"}],"about":[{"href":"https:\/\/shuliywoodmachine.com\/vi\/wp-json\/wp\/v2\/types\/product"}],"author":[{"embeddable":true,"href":"https:\/\/shuliywoodmachine.com\/vi\/wp-json\/wp\/v2\/users\/1"}],"wp:featuredmedia":[{"embeddable":true,"href":"https:\/\/shuliywoodmachine.com\/vi\/wp-json\/wp\/v2\/media\/757"}],"wp:attachment":[{"href":"https:\/\/shuliywoodmachine.com\/vi\/wp-json\/wp\/v2\/media?parent=97"}],"wp:term":[{"taxonomy":"post_tag","embeddable":true,"href":"https:\/\/shuliywoodmachine.com\/vi\/wp-json\/wp\/v2\/tags?post=97"},{"taxonomy":"product-type","embeddable":true,"href":"https:\/\/shuliywoodmachine.com\/vi\/wp-json\/wp\/v2\/product-type?post=97"}],"curies":[{"name":"wp","href":"https:\/\/api.w.org\/{rel}","templated":true}]}}